{"id":12376,"date":"2024-08-19T14:43:53","date_gmt":"2024-08-19T14:43:53","guid":{"rendered":"https:\/\/barrsell.com\/?post_type=product&#038;p=12376"},"modified":"2025-01-07T08:39:49","modified_gmt":"2025-01-07T08:39:49","slug":"nordmann-at4-buharli-nemlendirici","status":"publish","type":"product","link":"https:\/\/barrsell.com\/en\/product\/nordmann-at4-steam-humidifier\/","title":{"rendered":"Nordmann AT4 Steam Humidifier"},"content":{"rendered":"<div class=\"flex max-w-full flex-col flex-grow\">\n<div class=\"min-h-[20px] text-message flex w-full flex-col items-end gap-2 whitespace-pre-wrap break-words [.text-message+&amp;]:mt-5 overflow-x-auto\" dir=\"auto\" data-message-author-role=\"assistant\" data-message-id=\"9988a7eb-1bf1-4073-8eb5-853da0d7bdbc\">\n<div class=\"flex w-full flex-col gap-1 empty:hidden first:pt-[3px]\">\n<div class=\"markdown prose w-full break-words dark:prose-invert light\">\n<h2><strong>Nordmann AT4 Steam Humidifier: Advanced Technology Solution for Precise Humidity Control<\/strong><\/h2>\n<p>Nordmann AT4 Steam Humidifier is a high performance device specially designed for environments that need precise humidity control. This device provides stable and reliable humidification in industrial and commercial areas working with advanced technology. Nordmann AT4 is also distinguished by its user-friendly interface and energy efficiency.<\/p>\n<h4><strong>Precise and Reliable Humidification<\/strong><\/h4>\n<p>Nordmann AT4 delivers optimum results in environments requiring precise humidity control. The device provides ideal humidity level in laboratories, clean rooms, museums and other sensitive areas with steam humidification capacity. Working with high accuracy, this humidifier makes a stable humidification without disturbing the moisture balance of the environment.<\/p>\n<h4><strong>User Friendly Digital Control Panel<\/strong><\/h4>\n<p>The advanced digital control panel of Nordmann AT4\u2019 allows users to precisely adjust the humidity level. This panel makes it easy to instantly monitor the operating status and maintenance needs of the device. The user-friendly interface makes the management of the device simple and effective, which improves operational efficiency.<\/p>\n<h4><strong>High Efficiency and Energy Saving<\/strong><\/h4>\n<p>Nordmann AT4 is also noted for its energy efficiency. Low energy consumption offers an environmentally friendly solution while minimizing the operating costs of the device. Consists of high-quality components and durable materials.\u00a0 Nordmann AT4 offers long-lasting and trouble-free operation.<\/p>\n<\/div>\n<\/div>\n<\/div>\n<\/div>","protected":false},"excerpt":{"rendered":"<p>Nordmann AT4 Buharl\u0131 Nemlendirici: Hassas Nem Kontrol\u00fc \u0130\u00e7in \u0130leri Teknoloji \u00c7\u00f6z\u00fcm\u00fc Nordmann AT4 Buharl\u0131 Nemlendirici, hassas nem kontrol\u00fcne ihtiya\u00e7 duyan<\/p>","protected":false},"featured_media":12377,"template":"","meta":[],"product_cat":[113,144],"product_tag":[],"class_list":{"0":"post-12376","1":"product","2":"type-product","3":"status-publish","4":"has-post-thumbnail","6":"product_cat-buhar-jeneratorleri-nemlendiriciler","7":"product_cat-nordmann-condair-nemlendirici-urunleri","9":"first","10":"instock","11":"shipping-taxable","12":"product-type-simple"},"yoast_head":"<!-- This site is optimized with the Yoast SEO Premium plugin v23.2 (Yoast SEO v23.2) - https:\/\/yoast.com\/wordpress\/plugins\/seo\/ -->\n<title>Nordmann AT4 Buharl\u0131 Nemlendirici | Barrsell End\u00fcstri<\/title>\n<meta name=\"description\" content=\"Nordmann AT4 Buharl\u0131 Nemlendirici, hassas nem kontrol\u00fcne ihtiya\u00e7 duyan ortamlar i\u00e7in \u00f6zel olarak tasarlanm\u0131\u015f, y\u00fcksek performansl\u0131 bir cihazd\u0131r.\" \/>\n<meta name=\"robots\" content=\"index, follow, max-snippet:-1, max-image-preview:large, max-video-preview:-1\" \/>\n<link rel=\"canonical\" href=\"https:\/\/barrsell.com\/en\/product\/nordmann-at4-steam-humidifier\/\" \/>\n<meta property=\"og:locale\" content=\"en_US\" \/>\n<meta property=\"og:type\" content=\"article\" \/>\n<meta property=\"og:title\" content=\"Nordmann AT4 Buharl\u0131 Nemlendirici\" \/>\n<meta property=\"og:description\" content=\"Nordmann AT4 Buharl\u0131 Nemlendirici, hassas nem kontrol\u00fcne ihtiya\u00e7 duyan ortamlar i\u00e7in \u00f6zel olarak tasarlanm\u0131\u015f, y\u00fcksek performansl\u0131 bir cihazd\u0131r.\" \/>\n<meta property=\"og:url\" content=\"https:\/\/barrsell.com\/en\/product\/nordmann-at4-steam-humidifier\/\" \/>\n<meta property=\"og:site_name\" content=\"Barrsell\" \/>\n<meta property=\"article:modified_time\" content=\"2025-01-07T08:39:49+00:00\" \/>\n<meta property=\"og:image\" content=\"https:\/\/barrsell.com\/wp-content\/uploads\/2024\/08\/NORDMANN-AT4.png\" \/>\n\t<meta property=\"og:image:width\" content=\"1200\" \/>\n\t<meta property=\"og:image:height\" content=\"1200\" \/>\n\t<meta property=\"og:image:type\" content=\"image\/png\" \/>\n<meta name=\"twitter:card\" content=\"summary_large_image\" \/>\n<meta name=\"twitter:label1\" content=\"Est. reading time\" \/>\n\t<meta name=\"twitter:data1\" content=\"2 minutes\" \/>\n<script type=\"application\/ld+json\" class=\"yoast-schema-graph\">{\"@context\":\"https:\/\/schema.org\",\"@graph\":[{\"@type\":\"WebPage\",\"@id\":\"https:\/\/barrsell.com\/urun\/nordmann-at4-buharli-nemlendirici\/\",\"url\":\"https:\/\/barrsell.com\/urun\/nordmann-at4-buharli-nemlendirici\/\",\"name\":\"Nordmann AT4 Buharl\u0131 Nemlendirici | Barrsell End\u00fcstri\",\"isPartOf\":{\"@id\":\"https:\/\/barrsell.com\/#website\"},\"primaryImageOfPage\":{\"@id\":\"https:\/\/barrsell.com\/urun\/nordmann-at4-buharli-nemlendirici\/#primaryimage\"},\"image\":{\"@id\":\"https:\/\/barrsell.com\/urun\/nordmann-at4-buharli-nemlendirici\/#primaryimage\"},\"thumbnailUrl\":\"https:\/\/barrsell.com\/wp-content\/uploads\/2024\/08\/NORDMANN-AT4.png\",\"datePublished\":\"2024-08-19T14:43:53+00:00\",\"dateModified\":\"2025-01-07T08:39:49+00:00\",\"description\":\"Nordmann AT4 Buharl\u0131 Nemlendirici, hassas nem kontrol\u00fcne ihtiya\u00e7 duyan ortamlar i\u00e7in \u00f6zel olarak tasarlanm\u0131\u015f, y\u00fcksek performansl\u0131 bir cihazd\u0131r.\",\"breadcrumb\":{\"@id\":\"https:\/\/barrsell.com\/urun\/nordmann-at4-buharli-nemlendirici\/#breadcrumb\"},\"inLanguage\":\"en-US\",\"potentialAction\":[{\"@type\":\"ReadAction\",\"target\":[\"https:\/\/barrsell.com\/urun\/nordmann-at4-buharli-nemlendirici\/\"]}]},{\"@type\":\"ImageObject\",\"inLanguage\":\"en-US\",\"@id\":\"https:\/\/barrsell.com\/urun\/nordmann-at4-buharli-nemlendirici\/#primaryimage\",\"url\":\"https:\/\/barrsell.com\/wp-content\/uploads\/2024\/08\/NORDMANN-AT4.png\",\"contentUrl\":\"https:\/\/barrsell.com\/wp-content\/uploads\/2024\/08\/NORDMANN-AT4.png\",\"width\":1200,\"height\":1200,\"caption\":\"Nordmann AT4 Buharl\u0131 Nemlendirici\"},{\"@type\":\"BreadcrumbList\",\"@id\":\"https:\/\/barrsell.com\/urun\/nordmann-at4-buharli-nemlendirici\/#breadcrumb\",\"itemListElement\":[{\"@type\":\"ListItem\",\"position\":1,\"name\":\"Home\",\"item\":\"https:\/\/barrsell.com\/\"},{\"@type\":\"ListItem\",\"position\":2,\"name\":\"\u00dcr\u00fcnler\",\"item\":\"https:\/\/barrsell.com\/en\/products\/\"},{\"@type\":\"ListItem\",\"position\":3,\"name\":\"Nordmann AT4 Buharl\u0131 Nemlendirici\"}]},{\"@type\":\"WebSite\",\"@id\":\"https:\/\/barrsell.com\/#website\",\"url\":\"https:\/\/barrsell.com\/\",\"name\":\"Barrsell End\u00fcstri Makine\",\"description\":\"Teknolojiyle G\u00fc\u00e7lenen End\u00fcstriyel \u00c7\u00f6z\u00fcmler!\",\"potentialAction\":[{\"@type\":\"SearchAction\",\"target\":{\"@type\":\"EntryPoint\",\"urlTemplate\":\"https:\/\/barrsell.com\/?s={search_term_string}\"},\"query-input\":\"required name=search_term_string\"}],\"inLanguage\":\"en-US\"}]}<\/script>\n<!-- \/ Yoast SEO Premium plugin. -->","yoast_head_json":{"title":"Nordmann AT4 Buharl\u0131 Nemlendirici | Barrsell End\u00fcstri","description":"Nordmann AT4 Buharl\u0131 Nemlendirici, hassas nem kontrol\u00fcne ihtiya\u00e7 duyan ortamlar i\u00e7in \u00f6zel olarak tasarlanm\u0131\u015f, y\u00fcksek performansl\u0131 bir cihazd\u0131r.","robots":{"index":"index","follow":"follow","max-snippet":"max-snippet:-1","max-image-preview":"max-image-preview:large","max-video-preview":"max-video-preview:-1"},"canonical":"https:\/\/barrsell.com\/en\/product\/nordmann-at4-steam-humidifier\/","og_locale":"en_US","og_type":"article","og_title":"Nordmann AT4 Buharl\u0131 Nemlendirici","og_description":"Nordmann AT4 Buharl\u0131 Nemlendirici, hassas nem kontrol\u00fcne ihtiya\u00e7 duyan ortamlar i\u00e7in \u00f6zel olarak tasarlanm\u0131\u015f, y\u00fcksek performansl\u0131 bir cihazd\u0131r.","og_url":"https:\/\/barrsell.com\/en\/product\/nordmann-at4-steam-humidifier\/","og_site_name":"Barrsell","article_modified_time":"2025-01-07T08:39:49+00:00","og_image":[{"width":1200,"height":1200,"url":"https:\/\/barrsell.com\/wp-content\/uploads\/2024\/08\/NORDMANN-AT4.png","type":"image\/png"}],"twitter_card":"summary_large_image","twitter_misc":{"Est. reading time":"2 minutes"},"schema":{"@context":"https:\/\/schema.org","@graph":[{"@type":"WebPage","@id":"https:\/\/barrsell.com\/urun\/nordmann-at4-buharli-nemlendirici\/","url":"https:\/\/barrsell.com\/urun\/nordmann-at4-buharli-nemlendirici\/","name":"Nordmann AT4 Buharl\u0131 Nemlendirici | Barrsell End\u00fcstri","isPartOf":{"@id":"https:\/\/barrsell.com\/#website"},"primaryImageOfPage":{"@id":"https:\/\/barrsell.com\/urun\/nordmann-at4-buharli-nemlendirici\/#primaryimage"},"image":{"@id":"https:\/\/barrsell.com\/urun\/nordmann-at4-buharli-nemlendirici\/#primaryimage"},"thumbnailUrl":"https:\/\/barrsell.com\/wp-content\/uploads\/2024\/08\/NORDMANN-AT4.png","datePublished":"2024-08-19T14:43:53+00:00","dateModified":"2025-01-07T08:39:49+00:00","description":"Nordmann AT4 Buharl\u0131 Nemlendirici, hassas nem kontrol\u00fcne ihtiya\u00e7 duyan ortamlar i\u00e7in \u00f6zel olarak tasarlanm\u0131\u015f, y\u00fcksek performansl\u0131 bir cihazd\u0131r.","breadcrumb":{"@id":"https:\/\/barrsell.com\/urun\/nordmann-at4-buharli-nemlendirici\/#breadcrumb"},"inLanguage":"en-US","potentialAction":[{"@type":"ReadAction","target":["https:\/\/barrsell.com\/urun\/nordmann-at4-buharli-nemlendirici\/"]}]},{"@type":"ImageObject","inLanguage":"en-US","@id":"https:\/\/barrsell.com\/urun\/nordmann-at4-buharli-nemlendirici\/#primaryimage","url":"https:\/\/barrsell.com\/wp-content\/uploads\/2024\/08\/NORDMANN-AT4.png","contentUrl":"https:\/\/barrsell.com\/wp-content\/uploads\/2024\/08\/NORDMANN-AT4.png","width":1200,"height":1200,"caption":"Nordmann AT4 Buharl\u0131 Nemlendirici"},{"@type":"BreadcrumbList","@id":"https:\/\/barrsell.com\/urun\/nordmann-at4-buharli-nemlendirici\/#breadcrumb","itemListElement":[{"@type":"ListItem","position":1,"name":"Home","item":"https:\/\/barrsell.com\/"},{"@type":"ListItem","position":2,"name":"\u00dcr\u00fcnler","item":"https:\/\/barrsell.com\/en\/products\/"},{"@type":"ListItem","position":3,"name":"Nordmann AT4 Buharl\u0131 Nemlendirici"}]},{"@type":"WebSite","@id":"https:\/\/barrsell.com\/#website","url":"https:\/\/barrsell.com\/","name":"Barrsell End\u00fcstri Makine","description":"Teknolojiyle G\u00fc\u00e7lenen End\u00fcstriyel \u00c7\u00f6z\u00fcmler!","potentialAction":[{"@type":"SearchAction","target":{"@type":"EntryPoint","urlTemplate":"https:\/\/barrsell.com\/?s={search_term_string}"},"query-input":"required name=search_term_string"}],"inLanguage":"en-US"}]}},"_links":{"self":[{"href":"https:\/\/barrsell.com\/en\/wp-json\/wp\/v2\/product\/12376","targetHints":{"allow":["GET"]}}],"collection":[{"href":"https:\/\/barrsell.com\/en\/wp-json\/wp\/v2\/product"}],"about":[{"href":"https:\/\/barrsell.com\/en\/wp-json\/wp\/v2\/types\/product"}],"version-history":[{"count":5,"href":"https:\/\/barrsell.com\/en\/wp-json\/wp\/v2\/product\/12376\/revisions"}],"predecessor-version":[{"id":19913,"href":"https:\/\/barrsell.com\/en\/wp-json\/wp\/v2\/product\/12376\/revisions\/19913"}],"wp:featuredmedia":[{"embeddable":true,"href":"https:\/\/barrsell.com\/en\/wp-json\/wp\/v2\/media\/12377"}],"wp:attachment":[{"href":"https:\/\/barrsell.com\/en\/wp-json\/wp\/v2\/media?parent=12376"}],"wp:term":[{"taxonomy":"product_cat","embeddable":true,"href":"https:\/\/barrsell.com\/en\/wp-json\/wp\/v2\/product_cat?post=12376"},{"taxonomy":"product_tag","embeddable":true,"href":"https:\/\/barrsell.com\/en\/wp-json\/wp\/v2\/product_tag?post=12376"}],"curies":[{"name":"wp","href":"https:\/\/api.w.org\/{rel}","templated":true}]}}