{"id":12373,"date":"2024-08-19T14:35:55","date_gmt":"2024-08-19T14:35:55","guid":{"rendered":"https:\/\/barrsell.com\/?post_type=product&#038;p=12373"},"modified":"2025-01-07T08:50:00","modified_gmt":"2025-01-07T08:50:00","slug":"nordmann-rc4-buharli-nemlendirici","status":"publish","type":"product","link":"https:\/\/barrsell.com\/en\/product\/nordmann-rc4-steam-humidifier\/","title":{"rendered":"Nordmann RC4 Steam Humidifier"},"content":{"rendered":"<h2><strong>Nordmann RC4 Steam Humidifier<\/strong><\/h2>\n<p>Nordmann RC4 Steam Humidifier is a device specially designed for high capacity humidification solutions needed in industrial and commercial areas. This device ensures optimum humidity level in large-scale spaces. With its advanced technology and durable structure, it offers a long-lasting and reliable use.<\/p>\n<h4><strong>Superior Humidification Capacity For Large Areas<\/strong><\/h4>\n<p>Nordmann RC4 offers an ideal solution for humidifying large areas. Thanks to its high steam production capacity, you can use it in large areas such as production facilities, warehouses, greenhouses and large offices. This feature makes it possible to effectively control the humidity level. Improves the quality of the environment, maintaining stable humidity level, especially in sensitive production processes and large volume environments.<\/p>\n<h4><strong>Advanced Technology and User-Friendly Design<\/strong><\/h4>\n<p>The device's advanced digital control system allows users to precisely adjust the humidity level. Nordmann RC4 offers easy management with a user-friendly interface. It provides instant information about the operating status of the device and its maintenance needs. This feature helps businesses to get ahead of unexpected postures by ensuring the device works efficiently.<\/p>","protected":false},"excerpt":{"rendered":"<p>Nordmann RC4 Buharl\u0131 Nemlendirici Nordmann RC4 Buharl\u0131 Nemlendirici, end\u00fcstriyel ve ticari alanlarda ihtiya\u00e7 duyulan y\u00fcksek kapasiteli nemlendirme \u00e7\u00f6z\u00fcmleri i\u00e7in \u00f6zel<\/p>","protected":false},"featured_media":12374,"template":"","meta":[],"product_cat":[113,144],"product_tag":[],"class_list":{"0":"post-12373","1":"product","2":"type-product","3":"status-publish","4":"has-post-thumbnail","6":"product_cat-buhar-jeneratorleri-nemlendiriciler","7":"product_cat-nordmann-condair-nemlendirici-urunleri","9":"first","10":"instock","11":"shipping-taxable","12":"product-type-simple"},"yoast_head":"<!-- This site is optimized with the Yoast SEO Premium plugin v23.2 (Yoast SEO v23.2) - https:\/\/yoast.com\/wordpress\/plugins\/seo\/ -->\n<title>Nordmann RC4 Buharl\u0131 Nemlendirici | Barrsell End\u00fcstri<\/title>\n<meta name=\"description\" content=\"Nordmann RC4 Buharl\u0131 Nemlendirici, end\u00fcstriyel ve ticari alanlarda ihtiya\u00e7 duyulan y\u00fcksek kapasiteli nemlendirme \u00e7\u00f6z\u00fcmleri i\u00e7in \u00f6zel olarak tasarlanm\u0131\u015f bir\" \/>\n<meta name=\"robots\" content=\"index, follow, max-snippet:-1, max-image-preview:large, max-video-preview:-1\" \/>\n<link rel=\"canonical\" href=\"https:\/\/barrsell.com\/en\/product\/nordmann-rc4-steam-humidifier\/\" \/>\n<meta property=\"og:locale\" content=\"en_US\" \/>\n<meta property=\"og:type\" content=\"article\" \/>\n<meta property=\"og:title\" content=\"Nordmann RC4 Buharl\u0131 Nemlendirici\" \/>\n<meta property=\"og:description\" content=\"Nordmann RC4 Buharl\u0131 Nemlendirici, end\u00fcstriyel ve ticari alanlarda ihtiya\u00e7 duyulan y\u00fcksek kapasiteli nemlendirme \u00e7\u00f6z\u00fcmleri i\u00e7in \u00f6zel olarak tasarlanm\u0131\u015f bir\" \/>\n<meta property=\"og:url\" content=\"https:\/\/barrsell.com\/en\/product\/nordmann-rc4-steam-humidifier\/\" \/>\n<meta property=\"og:site_name\" content=\"Barrsell\" \/>\n<meta property=\"article:modified_time\" content=\"2025-01-07T08:50:00+00:00\" \/>\n<meta property=\"og:image\" content=\"https:\/\/barrsell.com\/wp-content\/uploads\/2024\/08\/nordmann-rc4-buharli-nemlendirici.png\" \/>\n\t<meta property=\"og:image:width\" content=\"1200\" \/>\n\t<meta property=\"og:image:height\" content=\"1200\" \/>\n\t<meta property=\"og:image:type\" content=\"image\/png\" \/>\n<meta name=\"twitter:card\" content=\"summary_large_image\" \/>\n<meta name=\"twitter:label1\" content=\"Est. reading time\" \/>\n\t<meta name=\"twitter:data1\" content=\"2 minutes\" \/>\n<script type=\"application\/ld+json\" class=\"yoast-schema-graph\">{\"@context\":\"https:\/\/schema.org\",\"@graph\":[{\"@type\":\"WebPage\",\"@id\":\"https:\/\/barrsell.com\/urun\/nordmann-rc4-buharli-nemlendirici\/\",\"url\":\"https:\/\/barrsell.com\/urun\/nordmann-rc4-buharli-nemlendirici\/\",\"name\":\"Nordmann RC4 Buharl\u0131 Nemlendirici | Barrsell End\u00fcstri\",\"isPartOf\":{\"@id\":\"https:\/\/barrsell.com\/#website\"},\"primaryImageOfPage\":{\"@id\":\"https:\/\/barrsell.com\/urun\/nordmann-rc4-buharli-nemlendirici\/#primaryimage\"},\"image\":{\"@id\":\"https:\/\/barrsell.com\/urun\/nordmann-rc4-buharli-nemlendirici\/#primaryimage\"},\"thumbnailUrl\":\"https:\/\/barrsell.com\/wp-content\/uploads\/2024\/08\/nordmann-rc4-buharli-nemlendirici.png\",\"datePublished\":\"2024-08-19T14:35:55+00:00\",\"dateModified\":\"2025-01-07T08:50:00+00:00\",\"description\":\"Nordmann RC4 Buharl\u0131 Nemlendirici, end\u00fcstriyel ve ticari alanlarda ihtiya\u00e7 duyulan y\u00fcksek kapasiteli nemlendirme \u00e7\u00f6z\u00fcmleri i\u00e7in \u00f6zel olarak tasarlanm\u0131\u015f bir\",\"breadcrumb\":{\"@id\":\"https:\/\/barrsell.com\/urun\/nordmann-rc4-buharli-nemlendirici\/#breadcrumb\"},\"inLanguage\":\"en-US\",\"potentialAction\":[{\"@type\":\"ReadAction\",\"target\":[\"https:\/\/barrsell.com\/urun\/nordmann-rc4-buharli-nemlendirici\/\"]}]},{\"@type\":\"ImageObject\",\"inLanguage\":\"en-US\",\"@id\":\"https:\/\/barrsell.com\/urun\/nordmann-rc4-buharli-nemlendirici\/#primaryimage\",\"url\":\"https:\/\/barrsell.com\/wp-content\/uploads\/2024\/08\/nordmann-rc4-buharli-nemlendirici.png\",\"contentUrl\":\"https:\/\/barrsell.com\/wp-content\/uploads\/2024\/08\/nordmann-rc4-buharli-nemlendirici.png\",\"width\":1200,\"height\":1200,\"caption\":\"nordmann rc4 buharl\u0131 nemlendirici\"},{\"@type\":\"BreadcrumbList\",\"@id\":\"https:\/\/barrsell.com\/urun\/nordmann-rc4-buharli-nemlendirici\/#breadcrumb\",\"itemListElement\":[{\"@type\":\"ListItem\",\"position\":1,\"name\":\"Home\",\"item\":\"https:\/\/barrsell.com\/\"},{\"@type\":\"ListItem\",\"position\":2,\"name\":\"\u00dcr\u00fcnler\",\"item\":\"https:\/\/barrsell.com\/en\/products\/\"},{\"@type\":\"ListItem\",\"position\":3,\"name\":\"Nordmann RC4 Buharl\u0131 Nemlendirici\"}]},{\"@type\":\"WebSite\",\"@id\":\"https:\/\/barrsell.com\/#website\",\"url\":\"https:\/\/barrsell.com\/\",\"name\":\"Barrsell End\u00fcstri Makine\",\"description\":\"Teknolojiyle G\u00fc\u00e7lenen End\u00fcstriyel \u00c7\u00f6z\u00fcmler!\",\"potentialAction\":[{\"@type\":\"SearchAction\",\"target\":{\"@type\":\"EntryPoint\",\"urlTemplate\":\"https:\/\/barrsell.com\/?s={search_term_string}\"},\"query-input\":\"required name=search_term_string\"}],\"inLanguage\":\"en-US\"}]}<\/script>\n<!-- \/ Yoast SEO Premium plugin. -->","yoast_head_json":{"title":"Nordmann RC4 Buharl\u0131 Nemlendirici | Barrsell End\u00fcstri","description":"Nordmann RC4 Buharl\u0131 Nemlendirici, end\u00fcstriyel ve ticari alanlarda ihtiya\u00e7 duyulan y\u00fcksek kapasiteli nemlendirme \u00e7\u00f6z\u00fcmleri i\u00e7in \u00f6zel olarak tasarlanm\u0131\u015f bir","robots":{"index":"index","follow":"follow","max-snippet":"max-snippet:-1","max-image-preview":"max-image-preview:large","max-video-preview":"max-video-preview:-1"},"canonical":"https:\/\/barrsell.com\/en\/product\/nordmann-rc4-steam-humidifier\/","og_locale":"en_US","og_type":"article","og_title":"Nordmann RC4 Buharl\u0131 Nemlendirici","og_description":"Nordmann RC4 Buharl\u0131 Nemlendirici, end\u00fcstriyel ve ticari alanlarda ihtiya\u00e7 duyulan y\u00fcksek kapasiteli nemlendirme \u00e7\u00f6z\u00fcmleri i\u00e7in \u00f6zel olarak tasarlanm\u0131\u015f bir","og_url":"https:\/\/barrsell.com\/en\/product\/nordmann-rc4-steam-humidifier\/","og_site_name":"Barrsell","article_modified_time":"2025-01-07T08:50:00+00:00","og_image":[{"width":1200,"height":1200,"url":"https:\/\/barrsell.com\/wp-content\/uploads\/2024\/08\/nordmann-rc4-buharli-nemlendirici.png","type":"image\/png"}],"twitter_card":"summary_large_image","twitter_misc":{"Est. reading time":"2 minutes"},"schema":{"@context":"https:\/\/schema.org","@graph":[{"@type":"WebPage","@id":"https:\/\/barrsell.com\/urun\/nordmann-rc4-buharli-nemlendirici\/","url":"https:\/\/barrsell.com\/urun\/nordmann-rc4-buharli-nemlendirici\/","name":"Nordmann RC4 Buharl\u0131 Nemlendirici | Barrsell End\u00fcstri","isPartOf":{"@id":"https:\/\/barrsell.com\/#website"},"primaryImageOfPage":{"@id":"https:\/\/barrsell.com\/urun\/nordmann-rc4-buharli-nemlendirici\/#primaryimage"},"image":{"@id":"https:\/\/barrsell.com\/urun\/nordmann-rc4-buharli-nemlendirici\/#primaryimage"},"thumbnailUrl":"https:\/\/barrsell.com\/wp-content\/uploads\/2024\/08\/nordmann-rc4-buharli-nemlendirici.png","datePublished":"2024-08-19T14:35:55+00:00","dateModified":"2025-01-07T08:50:00+00:00","description":"Nordmann RC4 Buharl\u0131 Nemlendirici, end\u00fcstriyel ve ticari alanlarda ihtiya\u00e7 duyulan y\u00fcksek kapasiteli nemlendirme \u00e7\u00f6z\u00fcmleri i\u00e7in \u00f6zel olarak tasarlanm\u0131\u015f bir","breadcrumb":{"@id":"https:\/\/barrsell.com\/urun\/nordmann-rc4-buharli-nemlendirici\/#breadcrumb"},"inLanguage":"en-US","potentialAction":[{"@type":"ReadAction","target":["https:\/\/barrsell.com\/urun\/nordmann-rc4-buharli-nemlendirici\/"]}]},{"@type":"ImageObject","inLanguage":"en-US","@id":"https:\/\/barrsell.com\/urun\/nordmann-rc4-buharli-nemlendirici\/#primaryimage","url":"https:\/\/barrsell.com\/wp-content\/uploads\/2024\/08\/nordmann-rc4-buharli-nemlendirici.png","contentUrl":"https:\/\/barrsell.com\/wp-content\/uploads\/2024\/08\/nordmann-rc4-buharli-nemlendirici.png","width":1200,"height":1200,"caption":"nordmann rc4 buharl\u0131 nemlendirici"},{"@type":"BreadcrumbList","@id":"https:\/\/barrsell.com\/urun\/nordmann-rc4-buharli-nemlendirici\/#breadcrumb","itemListElement":[{"@type":"ListItem","position":1,"name":"Home","item":"https:\/\/barrsell.com\/"},{"@type":"ListItem","position":2,"name":"\u00dcr\u00fcnler","item":"https:\/\/barrsell.com\/en\/products\/"},{"@type":"ListItem","position":3,"name":"Nordmann RC4 Buharl\u0131 Nemlendirici"}]},{"@type":"WebSite","@id":"https:\/\/barrsell.com\/#website","url":"https:\/\/barrsell.com\/","name":"Barrsell End\u00fcstri Makine","description":"Teknolojiyle G\u00fc\u00e7lenen End\u00fcstriyel \u00c7\u00f6z\u00fcmler!","potentialAction":[{"@type":"SearchAction","target":{"@type":"EntryPoint","urlTemplate":"https:\/\/barrsell.com\/?s={search_term_string}"},"query-input":"required name=search_term_string"}],"inLanguage":"en-US"}]}},"_links":{"self":[{"href":"https:\/\/barrsell.com\/en\/wp-json\/wp\/v2\/product\/12373","targetHints":{"allow":["GET"]}}],"collection":[{"href":"https:\/\/barrsell.com\/en\/wp-json\/wp\/v2\/product"}],"about":[{"href":"https:\/\/barrsell.com\/en\/wp-json\/wp\/v2\/types\/product"}],"version-history":[{"count":3,"href":"https:\/\/barrsell.com\/en\/wp-json\/wp\/v2\/product\/12373\/revisions"}],"predecessor-version":[{"id":19916,"href":"https:\/\/barrsell.com\/en\/wp-json\/wp\/v2\/product\/12373\/revisions\/19916"}],"wp:featuredmedia":[{"embeddable":true,"href":"https:\/\/barrsell.com\/en\/wp-json\/wp\/v2\/media\/12374"}],"wp:attachment":[{"href":"https:\/\/barrsell.com\/en\/wp-json\/wp\/v2\/media?parent=12373"}],"wp:term":[{"taxonomy":"product_cat","embeddable":true,"href":"https:\/\/barrsell.com\/en\/wp-json\/wp\/v2\/product_cat?post=12373"},{"taxonomy":"product_tag","embeddable":true,"href":"https:\/\/barrsell.com\/en\/wp-json\/wp\/v2\/product_tag?post=12373"}],"curies":[{"name":"wp","href":"https:\/\/api.w.org\/{rel}","templated":true}]}}