{"id":12370,"date":"2024-08-19T14:26:04","date_gmt":"2024-08-19T14:26:04","guid":{"rendered":"https:\/\/barrsell.com\/?post_type=product&#038;p=12370"},"modified":"2025-01-07T09:02:16","modified_gmt":"2025-01-07T09:02:16","slug":"nordmann-es4-4-kompakt-nemlendirici","status":"publish","type":"product","link":"https:\/\/barrsell.com\/en\/product\/nordmann-es4-4-compact-humidifier\/","title":{"rendered":"Nordmann ES4 Compact Humidifier"},"content":{"rendered":"<h2><strong>Nordmann ES4 Compact Humidifier: Compact and Efficient Humidification Solution<\/strong><\/h2>\n<p>Nordmann ES4-4 Compact Steam Humidifier is a highly efficient humidifier designed especially for small and medium-sized areas. Thanks to its compact structure, this device provides effective humidification even in tight spaces. It also stands out for its energy-saving and user-friendly features.<\/p>\n<h4><strong>Maximum Efficiency with Compact Design<\/strong><\/h4>\n<p>Nordmann ES4 has a strong steam humidification capacity despite its compact dimensions. This device maintains the ideal humidity level in places such as small offices, laboratories, and private use areas. Optimizes ambient conditions. Designed for small spaces, this device saves space and does not compromise its performance.<\/p>\n<h4><strong>Ideal Preference for Small and Medium Sized Areas<\/strong><\/h4>\n<p>Steam Humidifier is an excellent humidification solution for small and medium-sized areas. With its compact design, user-friendly features and energy efficiency, this device provides effective humidification in tight spaces, improving the comfort of the environment. It is an ideal choice for both commercial and private use.<\/p>","protected":false},"excerpt":{"rendered":"<p>Nordmann ES4\u00a0 Kompakt Nemlendirici: Kompakt ve Verimli Nemlendirme \u00c7\u00f6z\u00fcm\u00fc Nordmann ES4-4 Kompakt Buharl\u0131 Nemlendirici, \u00f6zellikle k\u00fc\u00e7\u00fck ve orta \u00f6l\u00e7ekli alanlar<\/p>","protected":false},"featured_media":12371,"template":"","meta":[],"product_cat":[113,144],"product_tag":[],"class_list":{"0":"post-12370","1":"product","2":"type-product","3":"status-publish","4":"has-post-thumbnail","6":"product_cat-buhar-jeneratorleri-nemlendiriciler","7":"product_cat-nordmann-condair-nemlendirici-urunleri","9":"first","10":"instock","11":"shipping-taxable","12":"product-type-external"},"yoast_head":"<!-- This site is optimized with the Yoast SEO Premium plugin v23.2 (Yoast SEO v23.2) - https:\/\/yoast.com\/wordpress\/plugins\/seo\/ -->\n<title>Nordmann ES4 Kompakt Nemlendirici | Barrsell End\u00fcstri<\/title>\n<meta name=\"description\" content=\"Nordmann ES4 Kompakt Nemlendirici, \u00f6zellikle k\u00fc\u00e7\u00fck ve orta \u00f6l\u00e7ekli alanlar i\u00e7in tasarlanm\u0131\u015f, y\u00fcksek verimli bir nemlendirme cihaz\u0131d\u0131r.\" \/>\n<meta name=\"robots\" content=\"index, follow, max-snippet:-1, max-image-preview:large, max-video-preview:-1\" \/>\n<link rel=\"canonical\" href=\"https:\/\/barrsell.com\/en\/product\/nordmann-es4-4-compact-humidifier\/\" \/>\n<meta property=\"og:locale\" content=\"en_US\" \/>\n<meta property=\"og:type\" content=\"article\" \/>\n<meta property=\"og:title\" content=\"Nordmann ES4 Kompakt Nemlendirici\" \/>\n<meta property=\"og:description\" content=\"Nordmann ES4 Kompakt Nemlendirici, \u00f6zellikle k\u00fc\u00e7\u00fck ve orta \u00f6l\u00e7ekli alanlar i\u00e7in tasarlanm\u0131\u015f, y\u00fcksek verimli bir nemlendirme cihaz\u0131d\u0131r.\" \/>\n<meta property=\"og:url\" content=\"https:\/\/barrsell.com\/en\/product\/nordmann-es4-4-compact-humidifier\/\" \/>\n<meta property=\"og:site_name\" content=\"Barrsell\" \/>\n<meta property=\"article:modified_time\" content=\"2025-01-07T09:02:16+00:00\" \/>\n<meta property=\"og:image\" content=\"https:\/\/barrsell.com\/wp-content\/uploads\/2024\/08\/nordmann-ES4-4-kompakt.png\" \/>\n\t<meta property=\"og:image:width\" content=\"1200\" \/>\n\t<meta property=\"og:image:height\" content=\"1200\" \/>\n\t<meta property=\"og:image:type\" content=\"image\/png\" \/>\n<meta name=\"twitter:card\" content=\"summary_large_image\" \/>\n<meta name=\"twitter:label1\" content=\"Est. reading time\" \/>\n\t<meta name=\"twitter:data1\" content=\"2 minutes\" \/>\n<script type=\"application\/ld+json\" class=\"yoast-schema-graph\">{\"@context\":\"https:\/\/schema.org\",\"@graph\":[{\"@type\":\"WebPage\",\"@id\":\"https:\/\/barrsell.com\/urun\/nordmann-es4-4-kompakt-nemlendirici\/\",\"url\":\"https:\/\/barrsell.com\/urun\/nordmann-es4-4-kompakt-nemlendirici\/\",\"name\":\"Nordmann ES4 Kompakt Nemlendirici | Barrsell End\u00fcstri\",\"isPartOf\":{\"@id\":\"https:\/\/barrsell.com\/#website\"},\"primaryImageOfPage\":{\"@id\":\"https:\/\/barrsell.com\/urun\/nordmann-es4-4-kompakt-nemlendirici\/#primaryimage\"},\"image\":{\"@id\":\"https:\/\/barrsell.com\/urun\/nordmann-es4-4-kompakt-nemlendirici\/#primaryimage\"},\"thumbnailUrl\":\"https:\/\/barrsell.com\/wp-content\/uploads\/2024\/08\/nordmann-ES4-4-kompakt.png\",\"datePublished\":\"2024-08-19T14:26:04+00:00\",\"dateModified\":\"2025-01-07T09:02:16+00:00\",\"description\":\"Nordmann ES4 Kompakt Nemlendirici, \u00f6zellikle k\u00fc\u00e7\u00fck ve orta \u00f6l\u00e7ekli alanlar i\u00e7in tasarlanm\u0131\u015f, y\u00fcksek verimli bir nemlendirme cihaz\u0131d\u0131r.\",\"breadcrumb\":{\"@id\":\"https:\/\/barrsell.com\/urun\/nordmann-es4-4-kompakt-nemlendirici\/#breadcrumb\"},\"inLanguage\":\"en-US\",\"potentialAction\":[{\"@type\":\"ReadAction\",\"target\":[\"https:\/\/barrsell.com\/urun\/nordmann-es4-4-kompakt-nemlendirici\/\"]}]},{\"@type\":\"ImageObject\",\"inLanguage\":\"en-US\",\"@id\":\"https:\/\/barrsell.com\/urun\/nordmann-es4-4-kompakt-nemlendirici\/#primaryimage\",\"url\":\"https:\/\/barrsell.com\/wp-content\/uploads\/2024\/08\/nordmann-ES4-4-kompakt.png\",\"contentUrl\":\"https:\/\/barrsell.com\/wp-content\/uploads\/2024\/08\/nordmann-ES4-4-kompakt.png\",\"width\":1200,\"height\":1200,\"caption\":\"nordmann ES4-4 kompakt\"},{\"@type\":\"BreadcrumbList\",\"@id\":\"https:\/\/barrsell.com\/urun\/nordmann-es4-4-kompakt-nemlendirici\/#breadcrumb\",\"itemListElement\":[{\"@type\":\"ListItem\",\"position\":1,\"name\":\"Home\",\"item\":\"https:\/\/barrsell.com\/\"},{\"@type\":\"ListItem\",\"position\":2,\"name\":\"\u00dcr\u00fcnler\",\"item\":\"https:\/\/barrsell.com\/en\/products\/\"},{\"@type\":\"ListItem\",\"position\":3,\"name\":\"Nordmann ES4 Kompakt Nemlendirici\"}]},{\"@type\":\"WebSite\",\"@id\":\"https:\/\/barrsell.com\/#website\",\"url\":\"https:\/\/barrsell.com\/\",\"name\":\"Barrsell End\u00fcstri Makine\",\"description\":\"Teknolojiyle G\u00fc\u00e7lenen End\u00fcstriyel \u00c7\u00f6z\u00fcmler!\",\"potentialAction\":[{\"@type\":\"SearchAction\",\"target\":{\"@type\":\"EntryPoint\",\"urlTemplate\":\"https:\/\/barrsell.com\/?s={search_term_string}\"},\"query-input\":\"required name=search_term_string\"}],\"inLanguage\":\"en-US\"}]}<\/script>\n<!-- \/ Yoast SEO Premium plugin. -->","yoast_head_json":{"title":"Nordmann ES4 Kompakt Nemlendirici | Barrsell End\u00fcstri","description":"Nordmann ES4 Kompakt Nemlendirici, \u00f6zellikle k\u00fc\u00e7\u00fck ve orta \u00f6l\u00e7ekli alanlar i\u00e7in tasarlanm\u0131\u015f, y\u00fcksek verimli bir nemlendirme cihaz\u0131d\u0131r.","robots":{"index":"index","follow":"follow","max-snippet":"max-snippet:-1","max-image-preview":"max-image-preview:large","max-video-preview":"max-video-preview:-1"},"canonical":"https:\/\/barrsell.com\/en\/product\/nordmann-es4-4-compact-humidifier\/","og_locale":"en_US","og_type":"article","og_title":"Nordmann ES4 Kompakt Nemlendirici","og_description":"Nordmann ES4 Kompakt Nemlendirici, \u00f6zellikle k\u00fc\u00e7\u00fck ve orta \u00f6l\u00e7ekli alanlar i\u00e7in tasarlanm\u0131\u015f, y\u00fcksek verimli bir nemlendirme cihaz\u0131d\u0131r.","og_url":"https:\/\/barrsell.com\/en\/product\/nordmann-es4-4-compact-humidifier\/","og_site_name":"Barrsell","article_modified_time":"2025-01-07T09:02:16+00:00","og_image":[{"width":1200,"height":1200,"url":"https:\/\/barrsell.com\/wp-content\/uploads\/2024\/08\/nordmann-ES4-4-kompakt.png","type":"image\/png"}],"twitter_card":"summary_large_image","twitter_misc":{"Est. reading time":"2 minutes"},"schema":{"@context":"https:\/\/schema.org","@graph":[{"@type":"WebPage","@id":"https:\/\/barrsell.com\/urun\/nordmann-es4-4-kompakt-nemlendirici\/","url":"https:\/\/barrsell.com\/urun\/nordmann-es4-4-kompakt-nemlendirici\/","name":"Nordmann ES4 Kompakt Nemlendirici | Barrsell End\u00fcstri","isPartOf":{"@id":"https:\/\/barrsell.com\/#website"},"primaryImageOfPage":{"@id":"https:\/\/barrsell.com\/urun\/nordmann-es4-4-kompakt-nemlendirici\/#primaryimage"},"image":{"@id":"https:\/\/barrsell.com\/urun\/nordmann-es4-4-kompakt-nemlendirici\/#primaryimage"},"thumbnailUrl":"https:\/\/barrsell.com\/wp-content\/uploads\/2024\/08\/nordmann-ES4-4-kompakt.png","datePublished":"2024-08-19T14:26:04+00:00","dateModified":"2025-01-07T09:02:16+00:00","description":"Nordmann ES4 Kompakt Nemlendirici, \u00f6zellikle k\u00fc\u00e7\u00fck ve orta \u00f6l\u00e7ekli alanlar i\u00e7in tasarlanm\u0131\u015f, y\u00fcksek verimli bir nemlendirme cihaz\u0131d\u0131r.","breadcrumb":{"@id":"https:\/\/barrsell.com\/urun\/nordmann-es4-4-kompakt-nemlendirici\/#breadcrumb"},"inLanguage":"en-US","potentialAction":[{"@type":"ReadAction","target":["https:\/\/barrsell.com\/urun\/nordmann-es4-4-kompakt-nemlendirici\/"]}]},{"@type":"ImageObject","inLanguage":"en-US","@id":"https:\/\/barrsell.com\/urun\/nordmann-es4-4-kompakt-nemlendirici\/#primaryimage","url":"https:\/\/barrsell.com\/wp-content\/uploads\/2024\/08\/nordmann-ES4-4-kompakt.png","contentUrl":"https:\/\/barrsell.com\/wp-content\/uploads\/2024\/08\/nordmann-ES4-4-kompakt.png","width":1200,"height":1200,"caption":"nordmann ES4-4 kompakt"},{"@type":"BreadcrumbList","@id":"https:\/\/barrsell.com\/urun\/nordmann-es4-4-kompakt-nemlendirici\/#breadcrumb","itemListElement":[{"@type":"ListItem","position":1,"name":"Home","item":"https:\/\/barrsell.com\/"},{"@type":"ListItem","position":2,"name":"\u00dcr\u00fcnler","item":"https:\/\/barrsell.com\/en\/products\/"},{"@type":"ListItem","position":3,"name":"Nordmann ES4 Kompakt Nemlendirici"}]},{"@type":"WebSite","@id":"https:\/\/barrsell.com\/#website","url":"https:\/\/barrsell.com\/","name":"Barrsell End\u00fcstri Makine","description":"Teknolojiyle G\u00fc\u00e7lenen End\u00fcstriyel \u00c7\u00f6z\u00fcmler!","potentialAction":[{"@type":"SearchAction","target":{"@type":"EntryPoint","urlTemplate":"https:\/\/barrsell.com\/?s={search_term_string}"},"query-input":"required name=search_term_string"}],"inLanguage":"en-US"}]}},"_links":{"self":[{"href":"https:\/\/barrsell.com\/en\/wp-json\/wp\/v2\/product\/12370","targetHints":{"allow":["GET"]}}],"collection":[{"href":"https:\/\/barrsell.com\/en\/wp-json\/wp\/v2\/product"}],"about":[{"href":"https:\/\/barrsell.com\/en\/wp-json\/wp\/v2\/types\/product"}],"version-history":[{"count":6,"href":"https:\/\/barrsell.com\/en\/wp-json\/wp\/v2\/product\/12370\/revisions"}],"predecessor-version":[{"id":19920,"href":"https:\/\/barrsell.com\/en\/wp-json\/wp\/v2\/product\/12370\/revisions\/19920"}],"wp:featuredmedia":[{"embeddable":true,"href":"https:\/\/barrsell.com\/en\/wp-json\/wp\/v2\/media\/12371"}],"wp:attachment":[{"href":"https:\/\/barrsell.com\/en\/wp-json\/wp\/v2\/media?parent=12370"}],"wp:term":[{"taxonomy":"product_cat","embeddable":true,"href":"https:\/\/barrsell.com\/en\/wp-json\/wp\/v2\/product_cat?post=12370"},{"taxonomy":"product_tag","embeddable":true,"href":"https:\/\/barrsell.com\/en\/wp-json\/wp\/v2\/product_tag?post=12370"}],"curies":[{"name":"wp","href":"https:\/\/api.w.org\/{rel}","templated":true}]}}