{"id":12365,"date":"2024-08-19T07:55:12","date_gmt":"2024-08-19T07:55:12","guid":{"rendered":"https:\/\/barrsell.com\/?post_type=product&#038;p=12365"},"modified":"2025-01-07T09:24:14","modified_gmt":"2025-01-07T09:24:14","slug":"nordmann-dc4-buharli-nemlendirici","status":"publish","type":"product","link":"https:\/\/barrsell.com\/en\/product\/nordmann-dc4-steam-humidifier\/","title":{"rendered":"Nordmann DC4 Steam Humidifier"},"content":{"rendered":"<h2><strong>Nordmann DC4 Steam Humidifier<\/strong><\/h2>\n<p>Nordmann DC4 Steam Humidifier offers the highest level of performance in industrial and commercial environments where humidity level needs to be precisely controlled. It stands out as a reliable device. This high-tech product is ideal for humidifying large areas. It also offers an excellent option in terms of energy efficiency and longevity.<\/p>\n<h4><strong>Superior Performance and Precise Humidity Control<\/strong><\/h4>\n<p>Nordmann DC4 optimizes the humidity level with a powerful steam humidification system designed for large spaces.\u00a0 It offers a critical solution especially for environments such as production facilities, laboratories, museums and data centers. The innovative technology of the device ensures a constant and stable level of humidity.\u00a0 Creates ideal conditions in areas requiring precise humidity control.<\/p>\n<h4><strong>Easy Operation and Digital Control Panel<\/strong><\/h4>\n<p>The user-friendly digital control panel of Nordmann DC4\u2019 facilitates the management of the device. You can precisely adjust the humidity level through the panel, and you can instantly monitor the maintenance needs and the operating status of the device.\u00a0 This feature allows users to work efficiently, helping them avoid unexpected problems.<\/p>","protected":false},"excerpt":{"rendered":"<p>Nordmann DC4 Buharl\u0131 Nemlendirici Nordmann DC4 Buharl\u0131 Nemlendirici, end\u00fcstriyel ve ticari alanlarda nem seviyesinin hassas bir \u015fekilde kontrol edilmesi gereken<\/p>","protected":false},"featured_media":12366,"template":"","meta":[],"product_cat":[113,144],"product_tag":[],"class_list":{"0":"post-12365","1":"product","2":"type-product","3":"status-publish","4":"has-post-thumbnail","6":"product_cat-buhar-jeneratorleri-nemlendiriciler","7":"product_cat-nordmann-condair-nemlendirici-urunleri","9":"first","10":"instock","11":"shipping-taxable","12":"product-type-external"},"yoast_head":"<!-- This site is optimized with the Yoast SEO Premium plugin v23.2 (Yoast SEO v23.2) - https:\/\/yoast.com\/wordpress\/plugins\/seo\/ -->\n<title>Nordmann DC4 Buharl\u0131 Nemlendirici | Barrsell End\u00fcstri<\/title>\n<meta name=\"description\" content=\"Nordmann DC4 Buharl\u0131 Nemlendirici, end\u00fcstriyel ve ticari alanlarda nem seviyesinin hassas bir \u015fekilde kontrol edilmesi gereken ortamlarda en \u00fcst d\u00fczeyde\" \/>\n<meta name=\"robots\" content=\"index, follow, max-snippet:-1, max-image-preview:large, max-video-preview:-1\" \/>\n<link rel=\"canonical\" href=\"https:\/\/barrsell.com\/en\/product\/nordmann-dc4-steam-humidifier\/\" \/>\n<meta property=\"og:locale\" content=\"en_US\" \/>\n<meta property=\"og:type\" content=\"article\" \/>\n<meta property=\"og:title\" content=\"Nordmann DC4 Buharl\u0131 Nemlendirici\" \/>\n<meta property=\"og:description\" content=\"Nordmann DC4 Buharl\u0131 Nemlendirici, end\u00fcstriyel ve ticari alanlarda nem seviyesinin hassas bir \u015fekilde kontrol edilmesi gereken ortamlarda en \u00fcst d\u00fczeyde\" \/>\n<meta property=\"og:url\" content=\"https:\/\/barrsell.com\/en\/product\/nordmann-dc4-steam-humidifier\/\" \/>\n<meta property=\"og:site_name\" content=\"Barrsell\" \/>\n<meta property=\"article:modified_time\" content=\"2025-01-07T09:24:14+00:00\" \/>\n<meta property=\"og:image\" content=\"https:\/\/barrsell.com\/wp-content\/uploads\/2024\/08\/Nordmann-DC4-Buharli-Nemlendirici.png\" \/>\n\t<meta property=\"og:image:width\" content=\"1200\" \/>\n\t<meta property=\"og:image:height\" content=\"1200\" \/>\n\t<meta property=\"og:image:type\" content=\"image\/png\" \/>\n<meta name=\"twitter:card\" content=\"summary_large_image\" \/>\n<meta name=\"twitter:label1\" content=\"Est. reading time\" \/>\n\t<meta name=\"twitter:data1\" content=\"2 minutes\" \/>\n<script type=\"application\/ld+json\" class=\"yoast-schema-graph\">{\"@context\":\"https:\/\/schema.org\",\"@graph\":[{\"@type\":\"WebPage\",\"@id\":\"https:\/\/barrsell.com\/urun\/nordmann-dc4-buharli-nemlendirici\/\",\"url\":\"https:\/\/barrsell.com\/urun\/nordmann-dc4-buharli-nemlendirici\/\",\"name\":\"Nordmann DC4 Buharl\u0131 Nemlendirici | Barrsell End\u00fcstri\",\"isPartOf\":{\"@id\":\"https:\/\/barrsell.com\/#website\"},\"primaryImageOfPage\":{\"@id\":\"https:\/\/barrsell.com\/urun\/nordmann-dc4-buharli-nemlendirici\/#primaryimage\"},\"image\":{\"@id\":\"https:\/\/barrsell.com\/urun\/nordmann-dc4-buharli-nemlendirici\/#primaryimage\"},\"thumbnailUrl\":\"https:\/\/barrsell.com\/wp-content\/uploads\/2024\/08\/Nordmann-DC4-Buharli-Nemlendirici.png\",\"datePublished\":\"2024-08-19T07:55:12+00:00\",\"dateModified\":\"2025-01-07T09:24:14+00:00\",\"description\":\"Nordmann DC4 Buharl\u0131 Nemlendirici, end\u00fcstriyel ve ticari alanlarda nem seviyesinin hassas bir \u015fekilde kontrol edilmesi gereken ortamlarda en \u00fcst d\u00fczeyde\",\"breadcrumb\":{\"@id\":\"https:\/\/barrsell.com\/urun\/nordmann-dc4-buharli-nemlendirici\/#breadcrumb\"},\"inLanguage\":\"en-US\",\"potentialAction\":[{\"@type\":\"ReadAction\",\"target\":[\"https:\/\/barrsell.com\/urun\/nordmann-dc4-buharli-nemlendirici\/\"]}]},{\"@type\":\"ImageObject\",\"inLanguage\":\"en-US\",\"@id\":\"https:\/\/barrsell.com\/urun\/nordmann-dc4-buharli-nemlendirici\/#primaryimage\",\"url\":\"https:\/\/barrsell.com\/wp-content\/uploads\/2024\/08\/Nordmann-DC4-Buharli-Nemlendirici.png\",\"contentUrl\":\"https:\/\/barrsell.com\/wp-content\/uploads\/2024\/08\/Nordmann-DC4-Buharli-Nemlendirici.png\",\"width\":1200,\"height\":1200,\"caption\":\"Nordmann DC4 Buharl\u0131 Nemlendirici\"},{\"@type\":\"BreadcrumbList\",\"@id\":\"https:\/\/barrsell.com\/urun\/nordmann-dc4-buharli-nemlendirici\/#breadcrumb\",\"itemListElement\":[{\"@type\":\"ListItem\",\"position\":1,\"name\":\"Home\",\"item\":\"https:\/\/barrsell.com\/\"},{\"@type\":\"ListItem\",\"position\":2,\"name\":\"\u00dcr\u00fcnler\",\"item\":\"https:\/\/barrsell.com\/en\/products\/\"},{\"@type\":\"ListItem\",\"position\":3,\"name\":\"Nordmann DC4 Buharl\u0131 Nemlendirici\"}]},{\"@type\":\"WebSite\",\"@id\":\"https:\/\/barrsell.com\/#website\",\"url\":\"https:\/\/barrsell.com\/\",\"name\":\"Barrsell End\u00fcstri Makine\",\"description\":\"Teknolojiyle G\u00fc\u00e7lenen End\u00fcstriyel \u00c7\u00f6z\u00fcmler!\",\"potentialAction\":[{\"@type\":\"SearchAction\",\"target\":{\"@type\":\"EntryPoint\",\"urlTemplate\":\"https:\/\/barrsell.com\/?s={search_term_string}\"},\"query-input\":\"required name=search_term_string\"}],\"inLanguage\":\"en-US\"}]}<\/script>\n<!-- \/ Yoast SEO Premium plugin. -->","yoast_head_json":{"title":"Nordmann DC4 Buharl\u0131 Nemlendirici | Barrsell End\u00fcstri","description":"Nordmann DC4 Buharl\u0131 Nemlendirici, end\u00fcstriyel ve ticari alanlarda nem seviyesinin hassas bir \u015fekilde kontrol edilmesi gereken ortamlarda en \u00fcst d\u00fczeyde","robots":{"index":"index","follow":"follow","max-snippet":"max-snippet:-1","max-image-preview":"max-image-preview:large","max-video-preview":"max-video-preview:-1"},"canonical":"https:\/\/barrsell.com\/en\/product\/nordmann-dc4-steam-humidifier\/","og_locale":"en_US","og_type":"article","og_title":"Nordmann DC4 Buharl\u0131 Nemlendirici","og_description":"Nordmann DC4 Buharl\u0131 Nemlendirici, end\u00fcstriyel ve ticari alanlarda nem seviyesinin hassas bir \u015fekilde kontrol edilmesi gereken ortamlarda en \u00fcst d\u00fczeyde","og_url":"https:\/\/barrsell.com\/en\/product\/nordmann-dc4-steam-humidifier\/","og_site_name":"Barrsell","article_modified_time":"2025-01-07T09:24:14+00:00","og_image":[{"width":1200,"height":1200,"url":"https:\/\/barrsell.com\/wp-content\/uploads\/2024\/08\/Nordmann-DC4-Buharli-Nemlendirici.png","type":"image\/png"}],"twitter_card":"summary_large_image","twitter_misc":{"Est. reading time":"2 minutes"},"schema":{"@context":"https:\/\/schema.org","@graph":[{"@type":"WebPage","@id":"https:\/\/barrsell.com\/urun\/nordmann-dc4-buharli-nemlendirici\/","url":"https:\/\/barrsell.com\/urun\/nordmann-dc4-buharli-nemlendirici\/","name":"Nordmann DC4 Buharl\u0131 Nemlendirici | Barrsell End\u00fcstri","isPartOf":{"@id":"https:\/\/barrsell.com\/#website"},"primaryImageOfPage":{"@id":"https:\/\/barrsell.com\/urun\/nordmann-dc4-buharli-nemlendirici\/#primaryimage"},"image":{"@id":"https:\/\/barrsell.com\/urun\/nordmann-dc4-buharli-nemlendirici\/#primaryimage"},"thumbnailUrl":"https:\/\/barrsell.com\/wp-content\/uploads\/2024\/08\/Nordmann-DC4-Buharli-Nemlendirici.png","datePublished":"2024-08-19T07:55:12+00:00","dateModified":"2025-01-07T09:24:14+00:00","description":"Nordmann DC4 Buharl\u0131 Nemlendirici, end\u00fcstriyel ve ticari alanlarda nem seviyesinin hassas bir \u015fekilde kontrol edilmesi gereken ortamlarda en \u00fcst d\u00fczeyde","breadcrumb":{"@id":"https:\/\/barrsell.com\/urun\/nordmann-dc4-buharli-nemlendirici\/#breadcrumb"},"inLanguage":"en-US","potentialAction":[{"@type":"ReadAction","target":["https:\/\/barrsell.com\/urun\/nordmann-dc4-buharli-nemlendirici\/"]}]},{"@type":"ImageObject","inLanguage":"en-US","@id":"https:\/\/barrsell.com\/urun\/nordmann-dc4-buharli-nemlendirici\/#primaryimage","url":"https:\/\/barrsell.com\/wp-content\/uploads\/2024\/08\/Nordmann-DC4-Buharli-Nemlendirici.png","contentUrl":"https:\/\/barrsell.com\/wp-content\/uploads\/2024\/08\/Nordmann-DC4-Buharli-Nemlendirici.png","width":1200,"height":1200,"caption":"Nordmann DC4 Buharl\u0131 Nemlendirici"},{"@type":"BreadcrumbList","@id":"https:\/\/barrsell.com\/urun\/nordmann-dc4-buharli-nemlendirici\/#breadcrumb","itemListElement":[{"@type":"ListItem","position":1,"name":"Home","item":"https:\/\/barrsell.com\/"},{"@type":"ListItem","position":2,"name":"\u00dcr\u00fcnler","item":"https:\/\/barrsell.com\/en\/products\/"},{"@type":"ListItem","position":3,"name":"Nordmann DC4 Buharl\u0131 Nemlendirici"}]},{"@type":"WebSite","@id":"https:\/\/barrsell.com\/#website","url":"https:\/\/barrsell.com\/","name":"Barrsell End\u00fcstri Makine","description":"Teknolojiyle G\u00fc\u00e7lenen End\u00fcstriyel \u00c7\u00f6z\u00fcmler!","potentialAction":[{"@type":"SearchAction","target":{"@type":"EntryPoint","urlTemplate":"https:\/\/barrsell.com\/?s={search_term_string}"},"query-input":"required name=search_term_string"}],"inLanguage":"en-US"}]}},"_links":{"self":[{"href":"https:\/\/barrsell.com\/en\/wp-json\/wp\/v2\/product\/12365","targetHints":{"allow":["GET"]}}],"collection":[{"href":"https:\/\/barrsell.com\/en\/wp-json\/wp\/v2\/product"}],"about":[{"href":"https:\/\/barrsell.com\/en\/wp-json\/wp\/v2\/types\/product"}],"version-history":[{"count":5,"href":"https:\/\/barrsell.com\/en\/wp-json\/wp\/v2\/product\/12365\/revisions"}],"predecessor-version":[{"id":19924,"href":"https:\/\/barrsell.com\/en\/wp-json\/wp\/v2\/product\/12365\/revisions\/19924"}],"wp:featuredmedia":[{"embeddable":true,"href":"https:\/\/barrsell.com\/en\/wp-json\/wp\/v2\/media\/12366"}],"wp:attachment":[{"href":"https:\/\/barrsell.com\/en\/wp-json\/wp\/v2\/media?parent=12365"}],"wp:term":[{"taxonomy":"product_cat","embeddable":true,"href":"https:\/\/barrsell.com\/en\/wp-json\/wp\/v2\/product_cat?post=12365"},{"taxonomy":"product_tag","embeddable":true,"href":"https:\/\/barrsell.com\/en\/wp-json\/wp\/v2\/product_tag?post=12365"}],"curies":[{"name":"wp","href":"https:\/\/api.w.org\/{rel}","templated":true}]}}