{"id":12280,"date":"2024-08-17T19:55:23","date_gmt":"2024-08-17T19:55:23","guid":{"rendered":"https:\/\/barrsell.com\/?post_type=product&#038;p=12280"},"modified":"2025-01-07T09:57:37","modified_gmt":"2025-01-07T09:57:37","slug":"hygromatik-sensor-elektrotu-baglanti-kablosu-b-3526019","status":"publish","type":"product","link":"https:\/\/barrsell.com\/en\/product\/hygromatik-sensor-electrode-connection-cable-b-3526019\/","title":{"rendered":"HygroMatik Sensor Electrode Connector Cable B-3526019"},"content":{"rendered":"<div class=\"flex max-w-full flex-col flex-grow\">\n<div class=\"min-h-[20px] text-message flex w-full flex-col items-end gap-2 whitespace-pre-wrap break-words [.text-message+&amp;]:mt-5 overflow-x-auto\" dir=\"auto\" data-message-author-role=\"assistant\" data-message-id=\"1481704b-4d82-4e33-8726-a1e5c9f971cc\">\n<div class=\"flex w-full flex-col gap-1 empty:hidden first:pt-[3px]\">\n<div class=\"markdown prose w-full break-words dark:prose-invert light\">\n<h2><strong>HygroMatik Sensor Electrode Connector Cable B-3526019<\/strong><\/h2>\n<p>HygroMatik Sensor Electrode Connecting Cable B-3526019 is specially designed for steam generators and precision steam control systems. It is also a high performance connecting cable. It is important that the steam systems work correctly and efficiently. Provides reliable and uninterrupted data transmission between electrodes and steam generators.<\/p>\n<div class=\"mt-1 flex gap-3 empty:hidden -ml-2\">\n<div class=\"items-center justify-start rounded-xl p-1 flex\">\n<div class=\"flex items-center\">\n<div class=\"flex items-center pb-0\">\n<table style=\"height: 85px;\" width=\"677\">\n<tbody>\n<tr>\n<td width=\"143\"><strong>CompactLine Elektrode<\/strong><\/td>\n<td width=\"126\"><strong>HyLine ElektrodeTyp\u00a0<\/strong><\/td>\n<td width=\"170\"><strong>MiniSteam 2005 Elektrode<\/strong><\/td>\n<\/tr>\n<tr>\n<td colspan=\"2\">C06 C10\u00a0 \u00a0 \u00a0 \u00a0 \u00a0 \u00a0 \u00a0 \u00a0 \u00a0 \u00a0 \u00a0 \u00a0 \u00a0 \u00a0 \u00a0 \u00a0 \u00a0 \u00a0 \u00a0 \u00a0 \u00a0HY05 HY08<\/td>\n<td>MS05 MS10<\/td>\n<\/tr>\n<\/tbody>\n<\/table>\n<\/div>\n<\/div>\n<\/div>\n<\/div>\n<h4><strong>HygroMatik Sensor Electrode Connector Cable B-3526019\u2019's Featured Features:<\/strong><\/h4>\n<ul>\n<li><strong>Sensitive and Uninterrupted Data Transmission:<\/strong> HygroMatic B-3526019 delivers precise and seamless data transmission between your steam generator and sensor electrodes. This also makes it possible to accurately monitor and control steam levels.<\/li>\n<li><strong>Robust and Durable Design:<\/strong> This cable offers long-lasting use even in harsh industrial conditions. Resistant to environmental factors such as high temperature and humidity.\u00a0 This improves the performance and reliability of the cable.<\/li>\n<li><strong>Easy Installation:<\/strong> The HygroMatic B-3526019 has a user-friendly design and can also be easily installed. At the same time, thanks to its flexible structure, it provides flexibility and convenience during assembly. So you will save time.<\/li>\n<li><strong>Reliable Connection:<\/strong> This cable offers a reliable connection between the steam generators and the sensor electrodes. Reliable connection ensures your system runs smoothly and without interruption, minimizing the risk of failure.<\/li>\n<li><strong>Wide Compatibility:<\/strong> HygroMatikazine is compatible with different steam generators and sensor systems. You can use this connection cable in a variety of applications.\u00a0 This versatility allows the cable to have a wide range of uses in industrial steam systems.<\/li>\n<\/ul>\n<\/div>\n<\/div>\n<\/div>\n<\/div>","protected":false},"excerpt":{"rendered":"<p>In order for the spare parts to be fully compatible with the device, in order to avoid confusion during the ordering phase, we recommend that you share the product label photo with us.<\/p>","protected":false},"featured_media":12281,"template":"","meta":[],"product_cat":[130],"product_tag":[],"class_list":{"0":"post-12280","1":"product","2":"type-product","3":"status-publish","4":"has-post-thumbnail","6":"product_cat-hygromatik-yedek-parcalari","8":"first","9":"instock","10":"shipping-taxable","11":"product-type-simple"},"yoast_head":"<!-- This site is optimized with the Yoast SEO Premium plugin v23.2 (Yoast SEO v23.2) - https:\/\/yoast.com\/wordpress\/plugins\/seo\/ -->\n<title>HygroMatik Sens\u00f6r Elektrotu Ba\u011flant\u0131 Kablosu B-3526019 Barrsell<\/title>\n<meta name=\"description\" content=\"HygroMatik Sens\u00f6r Elektrotu Ba\u011flant\u0131 Kablosu B-3526019, buhar jenerat\u00f6rleri ve hassas buhar kontrol sistemleri i\u00e7in \u00f6zel olarak tasarlanm\u0131\u015f, y\u00fcksek\" \/>\n<meta name=\"robots\" content=\"index, follow, max-snippet:-1, max-image-preview:large, max-video-preview:-1\" \/>\n<link rel=\"canonical\" href=\"https:\/\/barrsell.com\/en\/product\/hygromatik-sensor-electrode-connection-cable-b-3526019\/\" \/>\n<meta property=\"og:locale\" content=\"en_US\" \/>\n<meta property=\"og:type\" content=\"article\" \/>\n<meta property=\"og:title\" content=\"HygroMatik Sens\u00f6r Elektrotu Ba\u011flant\u0131 Kablosu B-3526019\" \/>\n<meta property=\"og:description\" content=\"HygroMatik Sens\u00f6r Elektrotu Ba\u011flant\u0131 Kablosu B-3526019, buhar jenerat\u00f6rleri ve hassas buhar kontrol sistemleri i\u00e7in \u00f6zel olarak tasarlanm\u0131\u015f, y\u00fcksek\" \/>\n<meta property=\"og:url\" content=\"https:\/\/barrsell.com\/en\/product\/hygromatik-sensor-electrode-connection-cable-b-3526019\/\" \/>\n<meta property=\"og:site_name\" content=\"Barrsell\" \/>\n<meta property=\"article:modified_time\" content=\"2025-01-07T09:57:37+00:00\" \/>\n<meta property=\"og:image\" content=\"https:\/\/barrsell.com\/wp-content\/uploads\/2024\/08\/HygroMatik-Sensor-Elektrotu-Baglanti-Kablosu-B-3526019-BA.png\" \/>\n\t<meta property=\"og:image:width\" content=\"1200\" \/>\n\t<meta property=\"og:image:height\" content=\"1200\" \/>\n\t<meta property=\"og:image:type\" content=\"image\/png\" \/>\n<meta name=\"twitter:card\" content=\"summary_large_image\" \/>\n<meta name=\"twitter:label1\" content=\"Est. reading time\" \/>\n\t<meta name=\"twitter:data1\" content=\"2 minutes\" \/>\n<script type=\"application\/ld+json\" class=\"yoast-schema-graph\">{\"@context\":\"https:\/\/schema.org\",\"@graph\":[{\"@type\":\"WebPage\",\"@id\":\"https:\/\/barrsell.com\/urun\/hygromatik-sensor-elektrotu-baglanti-kablosu-b-3526019\/\",\"url\":\"https:\/\/barrsell.com\/urun\/hygromatik-sensor-elektrotu-baglanti-kablosu-b-3526019\/\",\"name\":\"HygroMatik Sens\u00f6r Elektrotu Ba\u011flant\u0131 Kablosu B-3526019 Barrsell\",\"isPartOf\":{\"@id\":\"https:\/\/barrsell.com\/#website\"},\"primaryImageOfPage\":{\"@id\":\"https:\/\/barrsell.com\/urun\/hygromatik-sensor-elektrotu-baglanti-kablosu-b-3526019\/#primaryimage\"},\"image\":{\"@id\":\"https:\/\/barrsell.com\/urun\/hygromatik-sensor-elektrotu-baglanti-kablosu-b-3526019\/#primaryimage\"},\"thumbnailUrl\":\"https:\/\/barrsell.com\/wp-content\/uploads\/2024\/08\/HygroMatik-Sensor-Elektrotu-Baglanti-Kablosu-B-3526019-BA.png\",\"datePublished\":\"2024-08-17T19:55:23+00:00\",\"dateModified\":\"2025-01-07T09:57:37+00:00\",\"description\":\"HygroMatik Sens\u00f6r Elektrotu Ba\u011flant\u0131 Kablosu B-3526019, buhar jenerat\u00f6rleri ve hassas buhar kontrol sistemleri i\u00e7in \u00f6zel olarak tasarlanm\u0131\u015f, y\u00fcksek\",\"breadcrumb\":{\"@id\":\"https:\/\/barrsell.com\/urun\/hygromatik-sensor-elektrotu-baglanti-kablosu-b-3526019\/#breadcrumb\"},\"inLanguage\":\"en-US\",\"potentialAction\":[{\"@type\":\"ReadAction\",\"target\":[\"https:\/\/barrsell.com\/urun\/hygromatik-sensor-elektrotu-baglanti-kablosu-b-3526019\/\"]}]},{\"@type\":\"ImageObject\",\"inLanguage\":\"en-US\",\"@id\":\"https:\/\/barrsell.com\/urun\/hygromatik-sensor-elektrotu-baglanti-kablosu-b-3526019\/#primaryimage\",\"url\":\"https:\/\/barrsell.com\/wp-content\/uploads\/2024\/08\/HygroMatik-Sensor-Elektrotu-Baglanti-Kablosu-B-3526019-BA.png\",\"contentUrl\":\"https:\/\/barrsell.com\/wp-content\/uploads\/2024\/08\/HygroMatik-Sensor-Elektrotu-Baglanti-Kablosu-B-3526019-BA.png\",\"width\":1200,\"height\":1200,\"caption\":\"HygroMatik Sens\u00f6r Elektrotu Ba\u011flant\u0131 Kablosu B-3526019-BA\"},{\"@type\":\"BreadcrumbList\",\"@id\":\"https:\/\/barrsell.com\/urun\/hygromatik-sensor-elektrotu-baglanti-kablosu-b-3526019\/#breadcrumb\",\"itemListElement\":[{\"@type\":\"ListItem\",\"position\":1,\"name\":\"Home\",\"item\":\"https:\/\/barrsell.com\/\"},{\"@type\":\"ListItem\",\"position\":2,\"name\":\"\u00dcr\u00fcnler\",\"item\":\"https:\/\/barrsell.com\/en\/products\/\"},{\"@type\":\"ListItem\",\"position\":3,\"name\":\"HygroMatik Sens\u00f6r Elektrotu Ba\u011flant\u0131 Kablosu B-3526019\"}]},{\"@type\":\"WebSite\",\"@id\":\"https:\/\/barrsell.com\/#website\",\"url\":\"https:\/\/barrsell.com\/\",\"name\":\"Barrsell End\u00fcstri Makine\",\"description\":\"Teknolojiyle G\u00fc\u00e7lenen End\u00fcstriyel \u00c7\u00f6z\u00fcmler!\",\"potentialAction\":[{\"@type\":\"SearchAction\",\"target\":{\"@type\":\"EntryPoint\",\"urlTemplate\":\"https:\/\/barrsell.com\/?s={search_term_string}\"},\"query-input\":\"required name=search_term_string\"}],\"inLanguage\":\"en-US\"}]}<\/script>\n<!-- \/ Yoast SEO Premium plugin. -->","yoast_head_json":{"title":"HygroMatik Sens\u00f6r Elektrotu Ba\u011flant\u0131 Kablosu B-3526019 Barrsell","description":"HygroMatik Sens\u00f6r Elektrotu Ba\u011flant\u0131 Kablosu B-3526019, buhar jenerat\u00f6rleri ve hassas buhar kontrol sistemleri i\u00e7in \u00f6zel olarak tasarlanm\u0131\u015f, y\u00fcksek","robots":{"index":"index","follow":"follow","max-snippet":"max-snippet:-1","max-image-preview":"max-image-preview:large","max-video-preview":"max-video-preview:-1"},"canonical":"https:\/\/barrsell.com\/en\/product\/hygromatik-sensor-electrode-connection-cable-b-3526019\/","og_locale":"en_US","og_type":"article","og_title":"HygroMatik Sens\u00f6r Elektrotu Ba\u011flant\u0131 Kablosu B-3526019","og_description":"HygroMatik Sens\u00f6r Elektrotu Ba\u011flant\u0131 Kablosu B-3526019, buhar jenerat\u00f6rleri ve hassas buhar kontrol sistemleri i\u00e7in \u00f6zel olarak tasarlanm\u0131\u015f, y\u00fcksek","og_url":"https:\/\/barrsell.com\/en\/product\/hygromatik-sensor-electrode-connection-cable-b-3526019\/","og_site_name":"Barrsell","article_modified_time":"2025-01-07T09:57:37+00:00","og_image":[{"width":1200,"height":1200,"url":"https:\/\/barrsell.com\/wp-content\/uploads\/2024\/08\/HygroMatik-Sensor-Elektrotu-Baglanti-Kablosu-B-3526019-BA.png","type":"image\/png"}],"twitter_card":"summary_large_image","twitter_misc":{"Est. reading time":"2 minutes"},"schema":{"@context":"https:\/\/schema.org","@graph":[{"@type":"WebPage","@id":"https:\/\/barrsell.com\/urun\/hygromatik-sensor-elektrotu-baglanti-kablosu-b-3526019\/","url":"https:\/\/barrsell.com\/urun\/hygromatik-sensor-elektrotu-baglanti-kablosu-b-3526019\/","name":"HygroMatik Sens\u00f6r Elektrotu Ba\u011flant\u0131 Kablosu B-3526019 Barrsell","isPartOf":{"@id":"https:\/\/barrsell.com\/#website"},"primaryImageOfPage":{"@id":"https:\/\/barrsell.com\/urun\/hygromatik-sensor-elektrotu-baglanti-kablosu-b-3526019\/#primaryimage"},"image":{"@id":"https:\/\/barrsell.com\/urun\/hygromatik-sensor-elektrotu-baglanti-kablosu-b-3526019\/#primaryimage"},"thumbnailUrl":"https:\/\/barrsell.com\/wp-content\/uploads\/2024\/08\/HygroMatik-Sensor-Elektrotu-Baglanti-Kablosu-B-3526019-BA.png","datePublished":"2024-08-17T19:55:23+00:00","dateModified":"2025-01-07T09:57:37+00:00","description":"HygroMatik Sens\u00f6r Elektrotu Ba\u011flant\u0131 Kablosu B-3526019, buhar jenerat\u00f6rleri ve hassas buhar kontrol sistemleri i\u00e7in \u00f6zel olarak tasarlanm\u0131\u015f, y\u00fcksek","breadcrumb":{"@id":"https:\/\/barrsell.com\/urun\/hygromatik-sensor-elektrotu-baglanti-kablosu-b-3526019\/#breadcrumb"},"inLanguage":"en-US","potentialAction":[{"@type":"ReadAction","target":["https:\/\/barrsell.com\/urun\/hygromatik-sensor-elektrotu-baglanti-kablosu-b-3526019\/"]}]},{"@type":"ImageObject","inLanguage":"en-US","@id":"https:\/\/barrsell.com\/urun\/hygromatik-sensor-elektrotu-baglanti-kablosu-b-3526019\/#primaryimage","url":"https:\/\/barrsell.com\/wp-content\/uploads\/2024\/08\/HygroMatik-Sensor-Elektrotu-Baglanti-Kablosu-B-3526019-BA.png","contentUrl":"https:\/\/barrsell.com\/wp-content\/uploads\/2024\/08\/HygroMatik-Sensor-Elektrotu-Baglanti-Kablosu-B-3526019-BA.png","width":1200,"height":1200,"caption":"HygroMatik Sens\u00f6r Elektrotu Ba\u011flant\u0131 Kablosu B-3526019-BA"},{"@type":"BreadcrumbList","@id":"https:\/\/barrsell.com\/urun\/hygromatik-sensor-elektrotu-baglanti-kablosu-b-3526019\/#breadcrumb","itemListElement":[{"@type":"ListItem","position":1,"name":"Home","item":"https:\/\/barrsell.com\/"},{"@type":"ListItem","position":2,"name":"\u00dcr\u00fcnler","item":"https:\/\/barrsell.com\/en\/products\/"},{"@type":"ListItem","position":3,"name":"HygroMatik Sens\u00f6r Elektrotu Ba\u011flant\u0131 Kablosu B-3526019"}]},{"@type":"WebSite","@id":"https:\/\/barrsell.com\/#website","url":"https:\/\/barrsell.com\/","name":"Barrsell End\u00fcstri Makine","description":"Teknolojiyle G\u00fc\u00e7lenen End\u00fcstriyel \u00c7\u00f6z\u00fcmler!","potentialAction":[{"@type":"SearchAction","target":{"@type":"EntryPoint","urlTemplate":"https:\/\/barrsell.com\/?s={search_term_string}"},"query-input":"required name=search_term_string"}],"inLanguage":"en-US"}]}},"_links":{"self":[{"href":"https:\/\/barrsell.com\/en\/wp-json\/wp\/v2\/product\/12280","targetHints":{"allow":["GET"]}}],"collection":[{"href":"https:\/\/barrsell.com\/en\/wp-json\/wp\/v2\/product"}],"about":[{"href":"https:\/\/barrsell.com\/en\/wp-json\/wp\/v2\/types\/product"}],"version-history":[{"count":5,"href":"https:\/\/barrsell.com\/en\/wp-json\/wp\/v2\/product\/12280\/revisions"}],"predecessor-version":[{"id":19925,"href":"https:\/\/barrsell.com\/en\/wp-json\/wp\/v2\/product\/12280\/revisions\/19925"}],"wp:featuredmedia":[{"embeddable":true,"href":"https:\/\/barrsell.com\/en\/wp-json\/wp\/v2\/media\/12281"}],"wp:attachment":[{"href":"https:\/\/barrsell.com\/en\/wp-json\/wp\/v2\/media?parent=12280"}],"wp:term":[{"taxonomy":"product_cat","embeddable":true,"href":"https:\/\/barrsell.com\/en\/wp-json\/wp\/v2\/product_cat?post=12280"},{"taxonomy":"product_tag","embeddable":true,"href":"https:\/\/barrsell.com\/en\/wp-json\/wp\/v2\/product_tag?post=12280"}],"curies":[{"name":"wp","href":"https:\/\/api.w.org\/{rel}","templated":true}]}}