{"id":12277,"date":"2024-08-17T19:48:32","date_gmt":"2024-08-17T19:48:32","guid":{"rendered":"https:\/\/barrsell.com\/?post_type=product&#038;p=12277"},"modified":"2025-01-07T10:10:08","modified_gmt":"2025-01-07T10:10:08","slug":"hygromatik-elektrot-sensor-kablosu-b-2525051","status":"publish","type":"product","link":"https:\/\/barrsell.com\/en\/product\/hygromatik-electrode-sensor-cable-b-2525051\/","title":{"rendered":"HygroMatik Electrode Sensor Cable B-2525051"},"content":{"rendered":"<div class=\"flex max-w-full flex-col flex-grow\">\n<div class=\"min-h-[20px] text-message flex w-full flex-col items-end gap-2 whitespace-pre-wrap break-words [.text-message+&amp;]:mt-5 overflow-x-auto\" dir=\"auto\" data-message-author-role=\"assistant\" data-message-id=\"b088868d-4e0c-4114-993d-6221025e123e\">\n<div class=\"flex w-full flex-col gap-1 empty:hidden first:pt-[3px]\">\n<div class=\"markdown prose w-full break-words dark:prose-invert light\">\n<h2><strong>HygroMatik Sensor Electrode Connector Cable B-2525051<\/strong><\/h2>\n<p>HygroMatik Electrode Sensor Cable B-2525051 is the perfect connection cable for steam generators and other precision steam applications. This cable provides reliable and precise data transmission between sensor electrodes and steam generators. At the same time, this connection cable, which stands out with its high quality standards and durable structure, contributes to the efficient and accurate operation of your steam system.<\/p>\n<table style=\"height: 108px;\" width=\"753\">\n<tbody>\n<tr>\n<td width=\"143\"><strong>CompactLine Elektrode<\/strong><\/td>\n<td width=\"126\"><strong>HyLine ElektrodeTyp\u00a0<\/strong><\/td>\n<td width=\"170\"><strong>\u00a0 \u00a0 MiniSteam Elektrode<\/strong><\/td>\n<\/tr>\n<tr>\n<td colspan=\"3\">C01 C02 C06 C10 C17 C22 C30\u00a0 \u00a0 \u00a0 \u00a0 \u00a0HY05 HY08 HY13 HY17 HY23\u00a0 \u00a0 \u00a0 \u00a0MSE05 MSE10<\/td>\n<\/tr>\n<\/tbody>\n<\/table>\n<h4><strong>HygroMatik Sensor Electrode Connector Cable B-2525051\u2019in Featured Specifications:<\/strong><\/h4>\n<ul>\n<li><strong>Sensitive Data Transmission:<\/strong> HygroMatik B-2525051 provides precise data transmission between steam generators and sensor electrodes. This feature also supports the correct operation of the system and the precise protection of the desired vapor levels.<\/li>\n<li><strong>Durable Construction:<\/strong> Made from high quality materials, this cable is resistant to harsh industrial environment conditions. Resistant to factors such as high temperature and humidity. It therefore offers a long-lasting use.<\/li>\n<li><strong>Reliable Connection:<\/strong> HygroMatic Electrode Sensor Cable B-2525051 offers a reliable and seamless connection. In this way, it supports the smooth running of your steam generator and at the same time minimizes system failures.<\/li>\n<li><strong>Easy assembly:<\/strong> Thanks to its user-friendly design, you can install this cable quickly and easily. Thanks to its flexible structure, it accelerates the assembly process and provides flexibility during use.<\/li>\n<li><strong>Compatibility:<\/strong> HygroMatikazine is compatible with various steam generators and sensor systems. You can also use the B-2525051 in a wide range of applications. This makes it a versatile connection solution.<\/li>\n<\/ul>\n<\/div>\n<\/div>\n<\/div>\n<\/div>","protected":false},"excerpt":{"rendered":"<p>In order for the spare parts to be fully compatible with the device, in order to avoid confusion during the ordering phase, we recommend that you share the product label photo with us.<\/p>","protected":false},"featured_media":12278,"template":"","meta":[],"product_cat":[130],"product_tag":[],"class_list":{"0":"post-12277","1":"product","2":"type-product","3":"status-publish","4":"has-post-thumbnail","6":"product_cat-hygromatik-yedek-parcalari","8":"first","9":"instock","10":"shipping-taxable","11":"purchasable","12":"product-type-simple"},"yoast_head":"<!-- This site is optimized with the Yoast SEO Premium plugin v23.2 (Yoast SEO v23.2) - https:\/\/yoast.com\/wordpress\/plugins\/seo\/ -->\n<title>HygroMatik Elektrot Sens\u00f6r Kablosu B-2525051 Barrsell End\u00fcstri<\/title>\n<meta name=\"description\" content=\"HygroMatik Elektrot Sens\u00f6r Kablosu B-2525051\u00a0 buhar jenerat\u00f6rleri ve di\u011fer hassas buhar uygulamalar\u0131 i\u00e7in m\u00fckemmel bir ba\u011flant\u0131 kablosudur.\" \/>\n<meta name=\"robots\" content=\"index, follow, max-snippet:-1, max-image-preview:large, max-video-preview:-1\" \/>\n<link rel=\"canonical\" href=\"https:\/\/barrsell.com\/en\/product\/hygromatik-electrode-sensor-cable-b-2525051\/\" \/>\n<meta property=\"og:locale\" content=\"en_US\" \/>\n<meta property=\"og:type\" content=\"article\" \/>\n<meta property=\"og:title\" content=\"HygroMatik Elektrot Sens\u00f6r Kablosu B-2525051\" \/>\n<meta property=\"og:description\" content=\"HygroMatik Elektrot Sens\u00f6r Kablosu B-2525051\u00a0 buhar jenerat\u00f6rleri ve di\u011fer hassas buhar uygulamalar\u0131 i\u00e7in m\u00fckemmel bir ba\u011flant\u0131 kablosudur.\" \/>\n<meta property=\"og:url\" content=\"https:\/\/barrsell.com\/en\/product\/hygromatik-electrode-sensor-cable-b-2525051\/\" \/>\n<meta property=\"og:site_name\" content=\"Barrsell\" \/>\n<meta property=\"article:modified_time\" content=\"2025-01-07T10:10:08+00:00\" \/>\n<meta property=\"og:image\" content=\"https:\/\/barrsell.com\/wp-content\/uploads\/2024\/08\/HygroMatik-Elektrot-Sensor-Kablosu.png\" \/>\n\t<meta property=\"og:image:width\" content=\"1200\" \/>\n\t<meta property=\"og:image:height\" content=\"1200\" \/>\n\t<meta property=\"og:image:type\" content=\"image\/png\" \/>\n<meta name=\"twitter:card\" content=\"summary_large_image\" \/>\n<meta name=\"twitter:label1\" content=\"Est. reading time\" \/>\n\t<meta name=\"twitter:data1\" content=\"2 minutes\" \/>\n<script type=\"application\/ld+json\" class=\"yoast-schema-graph\">{\"@context\":\"https:\/\/schema.org\",\"@graph\":[{\"@type\":\"WebPage\",\"@id\":\"https:\/\/barrsell.com\/urun\/hygromatik-elektrot-sensor-kablosu-b-2525051\/\",\"url\":\"https:\/\/barrsell.com\/urun\/hygromatik-elektrot-sensor-kablosu-b-2525051\/\",\"name\":\"HygroMatik Elektrot Sens\u00f6r Kablosu B-2525051 Barrsell End\u00fcstri\",\"isPartOf\":{\"@id\":\"https:\/\/barrsell.com\/#website\"},\"primaryImageOfPage\":{\"@id\":\"https:\/\/barrsell.com\/urun\/hygromatik-elektrot-sensor-kablosu-b-2525051\/#primaryimage\"},\"image\":{\"@id\":\"https:\/\/barrsell.com\/urun\/hygromatik-elektrot-sensor-kablosu-b-2525051\/#primaryimage\"},\"thumbnailUrl\":\"https:\/\/barrsell.com\/wp-content\/uploads\/2024\/08\/HygroMatik-Elektrot-Sensor-Kablosu.png\",\"datePublished\":\"2024-08-17T19:48:32+00:00\",\"dateModified\":\"2025-01-07T10:10:08+00:00\",\"description\":\"HygroMatik Elektrot Sens\u00f6r Kablosu B-2525051\u00a0 buhar jenerat\u00f6rleri ve di\u011fer hassas buhar uygulamalar\u0131 i\u00e7in m\u00fckemmel bir ba\u011flant\u0131 kablosudur.\",\"breadcrumb\":{\"@id\":\"https:\/\/barrsell.com\/urun\/hygromatik-elektrot-sensor-kablosu-b-2525051\/#breadcrumb\"},\"inLanguage\":\"en-US\",\"potentialAction\":[{\"@type\":\"ReadAction\",\"target\":[\"https:\/\/barrsell.com\/urun\/hygromatik-elektrot-sensor-kablosu-b-2525051\/\"]}]},{\"@type\":\"ImageObject\",\"inLanguage\":\"en-US\",\"@id\":\"https:\/\/barrsell.com\/urun\/hygromatik-elektrot-sensor-kablosu-b-2525051\/#primaryimage\",\"url\":\"https:\/\/barrsell.com\/wp-content\/uploads\/2024\/08\/HygroMatik-Elektrot-Sensor-Kablosu.png\",\"contentUrl\":\"https:\/\/barrsell.com\/wp-content\/uploads\/2024\/08\/HygroMatik-Elektrot-Sensor-Kablosu.png\",\"width\":1200,\"height\":1200,\"caption\":\"HygroMatik Elektrot Sens\u00f6r Kablosu\"},{\"@type\":\"BreadcrumbList\",\"@id\":\"https:\/\/barrsell.com\/urun\/hygromatik-elektrot-sensor-kablosu-b-2525051\/#breadcrumb\",\"itemListElement\":[{\"@type\":\"ListItem\",\"position\":1,\"name\":\"Home\",\"item\":\"https:\/\/barrsell.com\/\"},{\"@type\":\"ListItem\",\"position\":2,\"name\":\"\u00dcr\u00fcnler\",\"item\":\"https:\/\/barrsell.com\/en\/products\/\"},{\"@type\":\"ListItem\",\"position\":3,\"name\":\"HygroMatik Elektrot Sens\u00f6r Kablosu B-2525051\"}]},{\"@type\":\"WebSite\",\"@id\":\"https:\/\/barrsell.com\/#website\",\"url\":\"https:\/\/barrsell.com\/\",\"name\":\"Barrsell End\u00fcstri Makine\",\"description\":\"Teknolojiyle G\u00fc\u00e7lenen End\u00fcstriyel \u00c7\u00f6z\u00fcmler!\",\"potentialAction\":[{\"@type\":\"SearchAction\",\"target\":{\"@type\":\"EntryPoint\",\"urlTemplate\":\"https:\/\/barrsell.com\/?s={search_term_string}\"},\"query-input\":\"required name=search_term_string\"}],\"inLanguage\":\"en-US\"}]}<\/script>\n<!-- \/ Yoast SEO Premium plugin. -->","yoast_head_json":{"title":"HygroMatik Elektrot Sens\u00f6r Kablosu B-2525051 Barrsell End\u00fcstri","description":"HygroMatik Elektrot Sens\u00f6r Kablosu B-2525051\u00a0 buhar jenerat\u00f6rleri ve di\u011fer hassas buhar uygulamalar\u0131 i\u00e7in m\u00fckemmel bir ba\u011flant\u0131 kablosudur.","robots":{"index":"index","follow":"follow","max-snippet":"max-snippet:-1","max-image-preview":"max-image-preview:large","max-video-preview":"max-video-preview:-1"},"canonical":"https:\/\/barrsell.com\/en\/product\/hygromatik-electrode-sensor-cable-b-2525051\/","og_locale":"en_US","og_type":"article","og_title":"HygroMatik Elektrot Sens\u00f6r Kablosu B-2525051","og_description":"HygroMatik Elektrot Sens\u00f6r Kablosu B-2525051\u00a0 buhar jenerat\u00f6rleri ve di\u011fer hassas buhar uygulamalar\u0131 i\u00e7in m\u00fckemmel bir ba\u011flant\u0131 kablosudur.","og_url":"https:\/\/barrsell.com\/en\/product\/hygromatik-electrode-sensor-cable-b-2525051\/","og_site_name":"Barrsell","article_modified_time":"2025-01-07T10:10:08+00:00","og_image":[{"width":1200,"height":1200,"url":"https:\/\/barrsell.com\/wp-content\/uploads\/2024\/08\/HygroMatik-Elektrot-Sensor-Kablosu.png","type":"image\/png"}],"twitter_card":"summary_large_image","twitter_misc":{"Est. reading time":"2 minutes"},"schema":{"@context":"https:\/\/schema.org","@graph":[{"@type":"WebPage","@id":"https:\/\/barrsell.com\/urun\/hygromatik-elektrot-sensor-kablosu-b-2525051\/","url":"https:\/\/barrsell.com\/urun\/hygromatik-elektrot-sensor-kablosu-b-2525051\/","name":"HygroMatik Elektrot Sens\u00f6r Kablosu B-2525051 Barrsell End\u00fcstri","isPartOf":{"@id":"https:\/\/barrsell.com\/#website"},"primaryImageOfPage":{"@id":"https:\/\/barrsell.com\/urun\/hygromatik-elektrot-sensor-kablosu-b-2525051\/#primaryimage"},"image":{"@id":"https:\/\/barrsell.com\/urun\/hygromatik-elektrot-sensor-kablosu-b-2525051\/#primaryimage"},"thumbnailUrl":"https:\/\/barrsell.com\/wp-content\/uploads\/2024\/08\/HygroMatik-Elektrot-Sensor-Kablosu.png","datePublished":"2024-08-17T19:48:32+00:00","dateModified":"2025-01-07T10:10:08+00:00","description":"HygroMatik Elektrot Sens\u00f6r Kablosu B-2525051\u00a0 buhar jenerat\u00f6rleri ve di\u011fer hassas buhar uygulamalar\u0131 i\u00e7in m\u00fckemmel bir ba\u011flant\u0131 kablosudur.","breadcrumb":{"@id":"https:\/\/barrsell.com\/urun\/hygromatik-elektrot-sensor-kablosu-b-2525051\/#breadcrumb"},"inLanguage":"en-US","potentialAction":[{"@type":"ReadAction","target":["https:\/\/barrsell.com\/urun\/hygromatik-elektrot-sensor-kablosu-b-2525051\/"]}]},{"@type":"ImageObject","inLanguage":"en-US","@id":"https:\/\/barrsell.com\/urun\/hygromatik-elektrot-sensor-kablosu-b-2525051\/#primaryimage","url":"https:\/\/barrsell.com\/wp-content\/uploads\/2024\/08\/HygroMatik-Elektrot-Sensor-Kablosu.png","contentUrl":"https:\/\/barrsell.com\/wp-content\/uploads\/2024\/08\/HygroMatik-Elektrot-Sensor-Kablosu.png","width":1200,"height":1200,"caption":"HygroMatik Elektrot Sens\u00f6r Kablosu"},{"@type":"BreadcrumbList","@id":"https:\/\/barrsell.com\/urun\/hygromatik-elektrot-sensor-kablosu-b-2525051\/#breadcrumb","itemListElement":[{"@type":"ListItem","position":1,"name":"Home","item":"https:\/\/barrsell.com\/"},{"@type":"ListItem","position":2,"name":"\u00dcr\u00fcnler","item":"https:\/\/barrsell.com\/en\/products\/"},{"@type":"ListItem","position":3,"name":"HygroMatik Elektrot Sens\u00f6r Kablosu B-2525051"}]},{"@type":"WebSite","@id":"https:\/\/barrsell.com\/#website","url":"https:\/\/barrsell.com\/","name":"Barrsell End\u00fcstri Makine","description":"Teknolojiyle G\u00fc\u00e7lenen End\u00fcstriyel \u00c7\u00f6z\u00fcmler!","potentialAction":[{"@type":"SearchAction","target":{"@type":"EntryPoint","urlTemplate":"https:\/\/barrsell.com\/?s={search_term_string}"},"query-input":"required name=search_term_string"}],"inLanguage":"en-US"}]}},"_links":{"self":[{"href":"https:\/\/barrsell.com\/en\/wp-json\/wp\/v2\/product\/12277","targetHints":{"allow":["GET"]}}],"collection":[{"href":"https:\/\/barrsell.com\/en\/wp-json\/wp\/v2\/product"}],"about":[{"href":"https:\/\/barrsell.com\/en\/wp-json\/wp\/v2\/types\/product"}],"version-history":[{"count":5,"href":"https:\/\/barrsell.com\/en\/wp-json\/wp\/v2\/product\/12277\/revisions"}],"predecessor-version":[{"id":19926,"href":"https:\/\/barrsell.com\/en\/wp-json\/wp\/v2\/product\/12277\/revisions\/19926"}],"wp:featuredmedia":[{"embeddable":true,"href":"https:\/\/barrsell.com\/en\/wp-json\/wp\/v2\/media\/12278"}],"wp:attachment":[{"href":"https:\/\/barrsell.com\/en\/wp-json\/wp\/v2\/media?parent=12277"}],"wp:term":[{"taxonomy":"product_cat","embeddable":true,"href":"https:\/\/barrsell.com\/en\/wp-json\/wp\/v2\/product_cat?post=12277"},{"taxonomy":"product_tag","embeddable":true,"href":"https:\/\/barrsell.com\/en\/wp-json\/wp\/v2\/product_tag?post=12277"}],"curies":[{"name":"wp","href":"https:\/\/api.w.org\/{rel}","templated":true}]}}