{"id":12250,"date":"2024-08-17T16:53:02","date_gmt":"2024-08-17T16:53:02","guid":{"rendered":"https:\/\/barrsell.com\/?post_type=product&#038;p=12250"},"modified":"2025-01-07T10:20:07","modified_gmt":"2025-01-07T10:20:07","slug":"hygromatik-elektrot-kablosu-b-2524205","status":"publish","type":"product","link":"https:\/\/barrsell.com\/en\/product\/hygromatik-electrode-cable-b-2524205\/","title":{"rendered":"HygroMatik Electrode Cable B-2524205"},"content":{"rendered":"<div class=\"flex max-w-full flex-col flex-grow\">\n<div class=\"min-h-[20px] text-message flex w-full flex-col items-end gap-2 whitespace-pre-wrap break-words [.text-message+&amp;]:mt-5 overflow-x-auto\" dir=\"auto\" data-message-author-role=\"assistant\" data-message-id=\"feefeb83-efdb-4b80-930f-55b2316e1528\">\n<div class=\"flex w-full flex-col gap-1 empty:hidden first:pt-[3px]\">\n<div class=\"markdown prose w-full break-words dark:prose-invert light\">\n<h2><strong>HygroMatik Electrode Cable B-2524205<\/strong><\/h2>\n<p>HygroMatik Electrode Cable B-2524205 is reliable for steam generators and other industrial steam applications.  It is also a high performance cable. It stands out especially with its durable structure and superior conductivity. Thus, it ensures that your system runs smoothly and efficiently. Reflecting HygroMatik's commitment to quality and market reflection, B-2524205 ensures long-lasting and safe operation of your steam system.<\/p>\n<table style=\"height: 85px;\" width=\"446\">\n<tbody>\n<tr>\n<td width=\"143\"><strong>CompactLine Elektrode<\/strong><\/td>\n<td width=\"126\"><strong>HyLine Elektrode<\/strong><\/td>\n<\/tr>\n<tr>\n<td>C30<\/td>\n<td>HY23<\/td>\n<\/tr>\n<\/tbody>\n<\/table>\n<h4><strong>HygroMatik Electrode Cable B-2524205\u2019in Featured:<\/strong><\/h4>\n<ul>\n<li><strong>High Conductivity:<\/strong> The HygroMatic B-2524205 electrode cable is made with materials that offer superior conductivity. This also minimizes energy losses in steam generators and other systems and ensures optimum performance.<\/li>\n<li><strong>Durable Construction:<\/strong> This cable is designed to withstand harsh industrial conditions. Resistant to harsh ambient conditions such as high temperatures and humidity, thus offering long-lasting use.<\/li>\n<li><strong>Reliable Connection:<\/strong> Provides a reliable electrical connection in your steam systems. Thanks to its reliable connection, it supports the stable operation of your system and reduces the risk of failure.<\/li>\n<li><strong>Easy Installation:<\/strong> The cable is optimized for easy installation. Thanks to its flexible structure, it provides ease to the user during installation, saves time and speeds up the installation process.<\/li>\n<li><strong>Compatibility:<\/strong> Compatible with a variety of steam generators and equipment, HygroMatik ipedia cable offers a wide range of applications. This makes it a very versatile solution.<\/li>\n<\/ul>\n<p>It is the perfect connection solution for your steam generators and industrial applications. With its high conductivity, durable construction and reliable connection features, this cable provides long-lasting and trouble-free operation while increasing the efficiency of your system. Establish a reliable and strong connection to your steam system with the HygroMatik B-2524205.<\/p>\n<\/div>\n<\/div>\n<\/div>\n<\/div>","protected":false},"excerpt":{"rendered":"<p>HygroMatik Steam Humidifier\/Vapor Generator C30 CompactLine Electrode Connection Cable Plug Contact Kit (6 Pcs)<\/p>\n<ul>\n<li>In order for the spare parts to be fully compatible with the device, in order to avoid confusion during the ordering phase, we recommend that you share the product label photo with us.<\/li>\n<\/ul>","protected":false},"featured_media":12253,"template":"","meta":[],"product_cat":[130],"product_tag":[],"class_list":{"0":"post-12250","1":"product","2":"type-product","3":"status-publish","4":"has-post-thumbnail","6":"product_cat-hygromatik-yedek-parcalari","8":"first","9":"instock","10":"shipping-taxable","11":"product-type-simple"},"yoast_head":"<!-- This site is optimized with the Yoast SEO Premium plugin v23.2 (Yoast SEO v23.2) - https:\/\/yoast.com\/wordpress\/plugins\/seo\/ -->\n<title>HygroMatik Elektrot Kablosu B-2524205 Barrsell End\u00fcstri<\/title>\n<meta name=\"description\" content=\"HygroMatik Elektrot Kablosu B-2524205, buhar jenerat\u00f6rleri ve di\u011fer end\u00fcstriyel buhar uygulamalar\u0131nda g\u00fcvenilir elektrik ba\u011flant\u0131lar\u0131 sa\u011flar.\" \/>\n<meta name=\"robots\" content=\"index, follow, max-snippet:-1, max-image-preview:large, max-video-preview:-1\" \/>\n<link rel=\"canonical\" href=\"https:\/\/barrsell.com\/en\/product\/hygromatik-electrode-cable-b-2524205\/\" \/>\n<meta property=\"og:locale\" content=\"en_US\" \/>\n<meta property=\"og:type\" content=\"article\" \/>\n<meta property=\"og:title\" content=\"HygroMatik Elektrot Kablosu B-2524205\" \/>\n<meta property=\"og:description\" content=\"HygroMatik Elektrot Kablosu B-2524205, buhar jenerat\u00f6rleri ve di\u011fer end\u00fcstriyel buhar uygulamalar\u0131nda g\u00fcvenilir elektrik ba\u011flant\u0131lar\u0131 sa\u011flar.\" \/>\n<meta property=\"og:url\" content=\"https:\/\/barrsell.com\/en\/product\/hygromatik-electrode-cable-b-2524205\/\" \/>\n<meta property=\"og:site_name\" content=\"Barrsell\" \/>\n<meta property=\"article:modified_time\" content=\"2025-01-07T10:20:07+00:00\" \/>\n<meta property=\"og:image\" content=\"https:\/\/barrsell.com\/wp-content\/uploads\/2024\/08\/HygroMatik-Elektrot-Kablosu-B-2524205.png\" \/>\n\t<meta property=\"og:image:width\" content=\"1200\" \/>\n\t<meta property=\"og:image:height\" content=\"1200\" \/>\n\t<meta property=\"og:image:type\" content=\"image\/png\" \/>\n<meta name=\"twitter:card\" content=\"summary_large_image\" \/>\n<meta name=\"twitter:label1\" content=\"Est. reading time\" \/>\n\t<meta name=\"twitter:data1\" content=\"2 minutes\" \/>\n<script type=\"application\/ld+json\" class=\"yoast-schema-graph\">{\"@context\":\"https:\/\/schema.org\",\"@graph\":[{\"@type\":\"WebPage\",\"@id\":\"https:\/\/barrsell.com\/urun\/hygromatik-elektrot-kablosu-b-2524205\/\",\"url\":\"https:\/\/barrsell.com\/urun\/hygromatik-elektrot-kablosu-b-2524205\/\",\"name\":\"HygroMatik Elektrot Kablosu B-2524205 Barrsell End\u00fcstri\",\"isPartOf\":{\"@id\":\"https:\/\/barrsell.com\/#website\"},\"primaryImageOfPage\":{\"@id\":\"https:\/\/barrsell.com\/urun\/hygromatik-elektrot-kablosu-b-2524205\/#primaryimage\"},\"image\":{\"@id\":\"https:\/\/barrsell.com\/urun\/hygromatik-elektrot-kablosu-b-2524205\/#primaryimage\"},\"thumbnailUrl\":\"https:\/\/barrsell.com\/wp-content\/uploads\/2024\/08\/HygroMatik-Elektrot-Kablosu-B-2524205.png\",\"datePublished\":\"2024-08-17T16:53:02+00:00\",\"dateModified\":\"2025-01-07T10:20:07+00:00\",\"description\":\"HygroMatik Elektrot Kablosu B-2524205, buhar jenerat\u00f6rleri ve di\u011fer end\u00fcstriyel buhar uygulamalar\u0131nda g\u00fcvenilir elektrik ba\u011flant\u0131lar\u0131 sa\u011flar.\",\"breadcrumb\":{\"@id\":\"https:\/\/barrsell.com\/urun\/hygromatik-elektrot-kablosu-b-2524205\/#breadcrumb\"},\"inLanguage\":\"en-US\",\"potentialAction\":[{\"@type\":\"ReadAction\",\"target\":[\"https:\/\/barrsell.com\/urun\/hygromatik-elektrot-kablosu-b-2524205\/\"]}]},{\"@type\":\"ImageObject\",\"inLanguage\":\"en-US\",\"@id\":\"https:\/\/barrsell.com\/urun\/hygromatik-elektrot-kablosu-b-2524205\/#primaryimage\",\"url\":\"https:\/\/barrsell.com\/wp-content\/uploads\/2024\/08\/HygroMatik-Elektrot-Kablosu-B-2524205.png\",\"contentUrl\":\"https:\/\/barrsell.com\/wp-content\/uploads\/2024\/08\/HygroMatik-Elektrot-Kablosu-B-2524205.png\",\"width\":1200,\"height\":1200,\"caption\":\"HygroMatik Elektrot Kablosu B-2524205\"},{\"@type\":\"BreadcrumbList\",\"@id\":\"https:\/\/barrsell.com\/urun\/hygromatik-elektrot-kablosu-b-2524205\/#breadcrumb\",\"itemListElement\":[{\"@type\":\"ListItem\",\"position\":1,\"name\":\"Home\",\"item\":\"https:\/\/barrsell.com\/\"},{\"@type\":\"ListItem\",\"position\":2,\"name\":\"\u00dcr\u00fcnler\",\"item\":\"https:\/\/barrsell.com\/en\/products\/\"},{\"@type\":\"ListItem\",\"position\":3,\"name\":\"HygroMatik Elektrot Kablosu B-2524205\"}]},{\"@type\":\"WebSite\",\"@id\":\"https:\/\/barrsell.com\/#website\",\"url\":\"https:\/\/barrsell.com\/\",\"name\":\"Barrsell End\u00fcstri Makine\",\"description\":\"Teknolojiyle G\u00fc\u00e7lenen End\u00fcstriyel \u00c7\u00f6z\u00fcmler!\",\"potentialAction\":[{\"@type\":\"SearchAction\",\"target\":{\"@type\":\"EntryPoint\",\"urlTemplate\":\"https:\/\/barrsell.com\/?s={search_term_string}\"},\"query-input\":\"required name=search_term_string\"}],\"inLanguage\":\"en-US\"}]}<\/script>\n<!-- \/ Yoast SEO Premium plugin. -->","yoast_head_json":{"title":"HygroMatik Elektrot Kablosu B-2524205 Barrsell End\u00fcstri","description":"HygroMatik Elektrot Kablosu B-2524205, buhar jenerat\u00f6rleri ve di\u011fer end\u00fcstriyel buhar uygulamalar\u0131nda g\u00fcvenilir elektrik ba\u011flant\u0131lar\u0131 sa\u011flar.","robots":{"index":"index","follow":"follow","max-snippet":"max-snippet:-1","max-image-preview":"max-image-preview:large","max-video-preview":"max-video-preview:-1"},"canonical":"https:\/\/barrsell.com\/en\/product\/hygromatik-electrode-cable-b-2524205\/","og_locale":"en_US","og_type":"article","og_title":"HygroMatik Elektrot Kablosu B-2524205","og_description":"HygroMatik Elektrot Kablosu B-2524205, buhar jenerat\u00f6rleri ve di\u011fer end\u00fcstriyel buhar uygulamalar\u0131nda g\u00fcvenilir elektrik ba\u011flant\u0131lar\u0131 sa\u011flar.","og_url":"https:\/\/barrsell.com\/en\/product\/hygromatik-electrode-cable-b-2524205\/","og_site_name":"Barrsell","article_modified_time":"2025-01-07T10:20:07+00:00","og_image":[{"width":1200,"height":1200,"url":"https:\/\/barrsell.com\/wp-content\/uploads\/2024\/08\/HygroMatik-Elektrot-Kablosu-B-2524205.png","type":"image\/png"}],"twitter_card":"summary_large_image","twitter_misc":{"Est. reading time":"2 minutes"},"schema":{"@context":"https:\/\/schema.org","@graph":[{"@type":"WebPage","@id":"https:\/\/barrsell.com\/urun\/hygromatik-elektrot-kablosu-b-2524205\/","url":"https:\/\/barrsell.com\/urun\/hygromatik-elektrot-kablosu-b-2524205\/","name":"HygroMatik Elektrot Kablosu B-2524205 Barrsell End\u00fcstri","isPartOf":{"@id":"https:\/\/barrsell.com\/#website"},"primaryImageOfPage":{"@id":"https:\/\/barrsell.com\/urun\/hygromatik-elektrot-kablosu-b-2524205\/#primaryimage"},"image":{"@id":"https:\/\/barrsell.com\/urun\/hygromatik-elektrot-kablosu-b-2524205\/#primaryimage"},"thumbnailUrl":"https:\/\/barrsell.com\/wp-content\/uploads\/2024\/08\/HygroMatik-Elektrot-Kablosu-B-2524205.png","datePublished":"2024-08-17T16:53:02+00:00","dateModified":"2025-01-07T10:20:07+00:00","description":"HygroMatik Elektrot Kablosu B-2524205, buhar jenerat\u00f6rleri ve di\u011fer end\u00fcstriyel buhar uygulamalar\u0131nda g\u00fcvenilir elektrik ba\u011flant\u0131lar\u0131 sa\u011flar.","breadcrumb":{"@id":"https:\/\/barrsell.com\/urun\/hygromatik-elektrot-kablosu-b-2524205\/#breadcrumb"},"inLanguage":"en-US","potentialAction":[{"@type":"ReadAction","target":["https:\/\/barrsell.com\/urun\/hygromatik-elektrot-kablosu-b-2524205\/"]}]},{"@type":"ImageObject","inLanguage":"en-US","@id":"https:\/\/barrsell.com\/urun\/hygromatik-elektrot-kablosu-b-2524205\/#primaryimage","url":"https:\/\/barrsell.com\/wp-content\/uploads\/2024\/08\/HygroMatik-Elektrot-Kablosu-B-2524205.png","contentUrl":"https:\/\/barrsell.com\/wp-content\/uploads\/2024\/08\/HygroMatik-Elektrot-Kablosu-B-2524205.png","width":1200,"height":1200,"caption":"HygroMatik Elektrot Kablosu B-2524205"},{"@type":"BreadcrumbList","@id":"https:\/\/barrsell.com\/urun\/hygromatik-elektrot-kablosu-b-2524205\/#breadcrumb","itemListElement":[{"@type":"ListItem","position":1,"name":"Home","item":"https:\/\/barrsell.com\/"},{"@type":"ListItem","position":2,"name":"\u00dcr\u00fcnler","item":"https:\/\/barrsell.com\/en\/products\/"},{"@type":"ListItem","position":3,"name":"HygroMatik Elektrot Kablosu B-2524205"}]},{"@type":"WebSite","@id":"https:\/\/barrsell.com\/#website","url":"https:\/\/barrsell.com\/","name":"Barrsell End\u00fcstri Makine","description":"Teknolojiyle G\u00fc\u00e7lenen End\u00fcstriyel \u00c7\u00f6z\u00fcmler!","potentialAction":[{"@type":"SearchAction","target":{"@type":"EntryPoint","urlTemplate":"https:\/\/barrsell.com\/?s={search_term_string}"},"query-input":"required name=search_term_string"}],"inLanguage":"en-US"}]}},"_links":{"self":[{"href":"https:\/\/barrsell.com\/en\/wp-json\/wp\/v2\/product\/12250","targetHints":{"allow":["GET"]}}],"collection":[{"href":"https:\/\/barrsell.com\/en\/wp-json\/wp\/v2\/product"}],"about":[{"href":"https:\/\/barrsell.com\/en\/wp-json\/wp\/v2\/types\/product"}],"version-history":[{"count":5,"href":"https:\/\/barrsell.com\/en\/wp-json\/wp\/v2\/product\/12250\/revisions"}],"predecessor-version":[{"id":19927,"href":"https:\/\/barrsell.com\/en\/wp-json\/wp\/v2\/product\/12250\/revisions\/19927"}],"wp:featuredmedia":[{"embeddable":true,"href":"https:\/\/barrsell.com\/en\/wp-json\/wp\/v2\/media\/12253"}],"wp:attachment":[{"href":"https:\/\/barrsell.com\/en\/wp-json\/wp\/v2\/media?parent=12250"}],"wp:term":[{"taxonomy":"product_cat","embeddable":true,"href":"https:\/\/barrsell.com\/en\/wp-json\/wp\/v2\/product_cat?post=12250"},{"taxonomy":"product_tag","embeddable":true,"href":"https:\/\/barrsell.com\/en\/wp-json\/wp\/v2\/product_tag?post=12250"}],"curies":[{"name":"wp","href":"https:\/\/api.w.org\/{rel}","templated":true}]}}