{"id":12114,"date":"2024-08-16T13:20:54","date_gmt":"2024-08-16T13:20:54","guid":{"rendered":"https:\/\/barrsell.com\/?post_type=product&#038;p=12114"},"modified":"2025-01-07T10:42:17","modified_gmt":"2025-01-07T10:42:17","slug":"eos-46-u-kompakt","status":"publish","type":"product","link":"https:\/\/barrsell.com\/en\/product\/eos-46-u-compact\/","title":{"rendered":"Eos 46.U Compact"},"content":{"rendered":"<div class=\"flex max-w-full flex-col flex-grow\">\n<div class=\"min-h-[20px] text-message flex w-full flex-col items-end gap-2 whitespace-pre-wrap break-words [.text-message+&amp;]:mt-5 overflow-x-auto\" dir=\"auto\" data-message-author-role=\"assistant\" data-message-id=\"0f1e5564-e915-4cf1-a445-8d681582879b\">\n<div class=\"flex w-full flex-col gap-1 empty:hidden first:pt-[3px]\">\n<div class=\"markdown prose w-full break-words dark:prose-invert light\">\n<h2><strong>The Eos 46.U Compact Sauna Heater<\/strong><\/h2>\n<p>The Eos 46.The U Compact sauna heater is designed to offer an excellent heating solution in small to medium-sized saunas. It is also a compact size and high performance device. Its minimalist design draws attention with its strong heating capacity and energy efficiency. Ideal for both home saunas and commercial use. It is also Eos 46.The U Compact provides effective heating even in confined spaces.<\/p>\n<h4><strong>The Eos 46.Featured Features of U Compact Sauna Heater:<\/strong><\/h4>\n<ul>\n<li><strong>Compact and Powerful Design:<\/strong> The Eos 46.The U Compact will deliver high performance even in limited spaces. Despite their compact size, they provide a fast and stable heat dissipation in your sauna. So you get the ideal temperature in every corner.<\/li>\n<li><strong>Energy Efficiency:<\/strong> Provides low energy consumption with energy efficient working principle. Therefore, it offers high heating performance. This feature helps you reduce your energy costs and provides an environmentally responsible use.<\/li>\n<li><strong>User Friendly Controls:<\/strong> The Eos 46.U Compact, equipped with an easy-to-use control panel. It offers a user-friendly interface so that you can precisely adjust the temperature and operating times. In this way, you can personalize your sauna experience according to your needs.<\/li>\n<li><strong>Stylish and Durable Structure:<\/strong> With a modern and elegant design, this heater contributes to the aesthetics of your sauna. It is high quality material, durable and also offers a long lasting use.<\/li>\n<li><strong>Advanced Security Features:<\/strong> The Eos 46.U Compact is equipped with safety features such as overheat protection and automatic shutdown. These safety measures ensure the safe operation of the device and offer complete peace of mind during your sauna sessions.<\/li>\n<\/ul>\n<h4><strong>Features<\/strong><\/h4>\n<ul>\n<li>Compact<\/li>\n<li>High-performance<\/li>\n<li>Energy efficient<\/li>\n<li>Compact with stylish design<\/li>\n<\/ul>\n<\/div>\n<\/div>\n<\/div>\n<\/div>","protected":false},"excerpt":{"rendered":"<p>For sauna cab size (6.0 \/7.5 kW) :6 \u2013 8 m\u00b3 \/7 \u2013 10 m\u00b3<\/p>","protected":false},"featured_media":12112,"template":"","meta":[],"product_cat":[53,155,156],"product_tag":[],"class_list":{"0":"post-12114","1":"product","2":"type-product","3":"status-publish","4":"has-post-thumbnail","6":"product_cat-sauna-isiticilari","7":"product_cat-eos-sauna-isiticilari","8":"product_cat-eos-sauna-isiticilar","10":"first","11":"instock","12":"shipping-taxable","13":"purchasable","14":"product-type-variable"},"yoast_head":"<!-- This site is optimized with the Yoast SEO Premium plugin v23.2 (Yoast SEO v23.2) - https:\/\/yoast.com\/wordpress\/plugins\/seo\/ -->\n<title>Eos 46.U Kompakt | Barrsell End\u00fcstri<\/title>\n<meta name=\"description\" content=\"Eos 46.U Kompakt sauna \u0131s\u0131t\u0131c\u0131s\u0131, k\u00fc\u00e7\u00fck ve orta \u00f6l\u00e7ekli saunalarda m\u00fckemmel bir \u0131s\u0131tma \u00e7\u00f6z\u00fcm\u00fc sunmak \u00fczere tasarlanm\u0131\u015f, kompakt boyutlu\" \/>\n<meta name=\"robots\" content=\"index, follow, max-snippet:-1, max-image-preview:large, max-video-preview:-1\" \/>\n<link rel=\"canonical\" href=\"https:\/\/barrsell.com\/en\/product\/eos-46-u-compact\/\" \/>\n<meta property=\"og:locale\" content=\"en_US\" \/>\n<meta property=\"og:type\" content=\"article\" \/>\n<meta property=\"og:title\" content=\"Eos 46.U Kompakt\" \/>\n<meta property=\"og:description\" content=\"Eos 46.U Kompakt sauna \u0131s\u0131t\u0131c\u0131s\u0131, k\u00fc\u00e7\u00fck ve orta \u00f6l\u00e7ekli saunalarda m\u00fckemmel bir \u0131s\u0131tma \u00e7\u00f6z\u00fcm\u00fc sunmak \u00fczere tasarlanm\u0131\u015f, kompakt boyutlu\" \/>\n<meta property=\"og:url\" content=\"https:\/\/barrsell.com\/en\/product\/eos-46-u-compact\/\" \/>\n<meta property=\"og:site_name\" content=\"Barrsell\" \/>\n<meta property=\"article:modified_time\" content=\"2025-01-07T10:42:17+00:00\" \/>\n<meta property=\"og:image\" content=\"https:\/\/barrsell.com\/wp-content\/uploads\/2024\/08\/Eos-46.U.png\" \/>\n\t<meta property=\"og:image:width\" content=\"1200\" \/>\n\t<meta property=\"og:image:height\" content=\"1200\" \/>\n\t<meta property=\"og:image:type\" content=\"image\/png\" \/>\n<meta name=\"twitter:card\" content=\"summary_large_image\" \/>\n<meta name=\"twitter:label1\" content=\"Est. reading time\" \/>\n\t<meta name=\"twitter:data1\" content=\"2 minutes\" \/>\n<script type=\"application\/ld+json\" class=\"yoast-schema-graph\">{\"@context\":\"https:\/\/schema.org\",\"@graph\":[{\"@type\":\"WebPage\",\"@id\":\"https:\/\/barrsell.com\/urun\/eos-46-u-kompakt\/\",\"url\":\"https:\/\/barrsell.com\/urun\/eos-46-u-kompakt\/\",\"name\":\"Eos 46.U Kompakt | Barrsell End\u00fcstri\",\"isPartOf\":{\"@id\":\"https:\/\/barrsell.com\/#website\"},\"primaryImageOfPage\":{\"@id\":\"https:\/\/barrsell.com\/urun\/eos-46-u-kompakt\/#primaryimage\"},\"image\":{\"@id\":\"https:\/\/barrsell.com\/urun\/eos-46-u-kompakt\/#primaryimage\"},\"thumbnailUrl\":\"https:\/\/barrsell.com\/wp-content\/uploads\/2024\/08\/Eos-46.U.png\",\"datePublished\":\"2024-08-16T13:20:54+00:00\",\"dateModified\":\"2025-01-07T10:42:17+00:00\",\"description\":\"Eos 46.U Kompakt sauna \u0131s\u0131t\u0131c\u0131s\u0131, k\u00fc\u00e7\u00fck ve orta \u00f6l\u00e7ekli saunalarda m\u00fckemmel bir \u0131s\u0131tma \u00e7\u00f6z\u00fcm\u00fc sunmak \u00fczere tasarlanm\u0131\u015f, kompakt boyutlu\",\"breadcrumb\":{\"@id\":\"https:\/\/barrsell.com\/urun\/eos-46-u-kompakt\/#breadcrumb\"},\"inLanguage\":\"en-US\",\"potentialAction\":[{\"@type\":\"ReadAction\",\"target\":[\"https:\/\/barrsell.com\/urun\/eos-46-u-kompakt\/\"]}]},{\"@type\":\"ImageObject\",\"inLanguage\":\"en-US\",\"@id\":\"https:\/\/barrsell.com\/urun\/eos-46-u-kompakt\/#primaryimage\",\"url\":\"https:\/\/barrsell.com\/wp-content\/uploads\/2024\/08\/Eos-46.U.png\",\"contentUrl\":\"https:\/\/barrsell.com\/wp-content\/uploads\/2024\/08\/Eos-46.U.png\",\"width\":1200,\"height\":1200,\"caption\":\"Eos 46.U\"},{\"@type\":\"BreadcrumbList\",\"@id\":\"https:\/\/barrsell.com\/urun\/eos-46-u-kompakt\/#breadcrumb\",\"itemListElement\":[{\"@type\":\"ListItem\",\"position\":1,\"name\":\"Home\",\"item\":\"https:\/\/barrsell.com\/\"},{\"@type\":\"ListItem\",\"position\":2,\"name\":\"\u00dcr\u00fcnler\",\"item\":\"https:\/\/barrsell.com\/en\/products\/\"},{\"@type\":\"ListItem\",\"position\":3,\"name\":\"Eos 46.U Kompakt\"}]},{\"@type\":\"WebSite\",\"@id\":\"https:\/\/barrsell.com\/#website\",\"url\":\"https:\/\/barrsell.com\/\",\"name\":\"Barrsell End\u00fcstri Makine\",\"description\":\"Teknolojiyle G\u00fc\u00e7lenen End\u00fcstriyel \u00c7\u00f6z\u00fcmler!\",\"potentialAction\":[{\"@type\":\"SearchAction\",\"target\":{\"@type\":\"EntryPoint\",\"urlTemplate\":\"https:\/\/barrsell.com\/?s={search_term_string}\"},\"query-input\":\"required name=search_term_string\"}],\"inLanguage\":\"en-US\"}]}<\/script>\n<!-- \/ Yoast SEO Premium plugin. -->","yoast_head_json":{"title":"Eos 46.U Kompakt | Barrsell End\u00fcstri","description":"Eos 46.U Kompakt sauna \u0131s\u0131t\u0131c\u0131s\u0131, k\u00fc\u00e7\u00fck ve orta \u00f6l\u00e7ekli saunalarda m\u00fckemmel bir \u0131s\u0131tma \u00e7\u00f6z\u00fcm\u00fc sunmak \u00fczere tasarlanm\u0131\u015f, kompakt boyutlu","robots":{"index":"index","follow":"follow","max-snippet":"max-snippet:-1","max-image-preview":"max-image-preview:large","max-video-preview":"max-video-preview:-1"},"canonical":"https:\/\/barrsell.com\/en\/product\/eos-46-u-compact\/","og_locale":"en_US","og_type":"article","og_title":"Eos 46.U Kompakt","og_description":"Eos 46.U Kompakt sauna \u0131s\u0131t\u0131c\u0131s\u0131, k\u00fc\u00e7\u00fck ve orta \u00f6l\u00e7ekli saunalarda m\u00fckemmel bir \u0131s\u0131tma \u00e7\u00f6z\u00fcm\u00fc sunmak \u00fczere tasarlanm\u0131\u015f, kompakt boyutlu","og_url":"https:\/\/barrsell.com\/en\/product\/eos-46-u-compact\/","og_site_name":"Barrsell","article_modified_time":"2025-01-07T10:42:17+00:00","og_image":[{"width":1200,"height":1200,"url":"https:\/\/barrsell.com\/wp-content\/uploads\/2024\/08\/Eos-46.U.png","type":"image\/png"}],"twitter_card":"summary_large_image","twitter_misc":{"Est. reading time":"2 minutes"},"schema":{"@context":"https:\/\/schema.org","@graph":[{"@type":"WebPage","@id":"https:\/\/barrsell.com\/urun\/eos-46-u-kompakt\/","url":"https:\/\/barrsell.com\/urun\/eos-46-u-kompakt\/","name":"Eos 46.U Kompakt | Barrsell End\u00fcstri","isPartOf":{"@id":"https:\/\/barrsell.com\/#website"},"primaryImageOfPage":{"@id":"https:\/\/barrsell.com\/urun\/eos-46-u-kompakt\/#primaryimage"},"image":{"@id":"https:\/\/barrsell.com\/urun\/eos-46-u-kompakt\/#primaryimage"},"thumbnailUrl":"https:\/\/barrsell.com\/wp-content\/uploads\/2024\/08\/Eos-46.U.png","datePublished":"2024-08-16T13:20:54+00:00","dateModified":"2025-01-07T10:42:17+00:00","description":"Eos 46.U Kompakt sauna \u0131s\u0131t\u0131c\u0131s\u0131, k\u00fc\u00e7\u00fck ve orta \u00f6l\u00e7ekli saunalarda m\u00fckemmel bir \u0131s\u0131tma \u00e7\u00f6z\u00fcm\u00fc sunmak \u00fczere tasarlanm\u0131\u015f, kompakt boyutlu","breadcrumb":{"@id":"https:\/\/barrsell.com\/urun\/eos-46-u-kompakt\/#breadcrumb"},"inLanguage":"en-US","potentialAction":[{"@type":"ReadAction","target":["https:\/\/barrsell.com\/urun\/eos-46-u-kompakt\/"]}]},{"@type":"ImageObject","inLanguage":"en-US","@id":"https:\/\/barrsell.com\/urun\/eos-46-u-kompakt\/#primaryimage","url":"https:\/\/barrsell.com\/wp-content\/uploads\/2024\/08\/Eos-46.U.png","contentUrl":"https:\/\/barrsell.com\/wp-content\/uploads\/2024\/08\/Eos-46.U.png","width":1200,"height":1200,"caption":"Eos 46.U"},{"@type":"BreadcrumbList","@id":"https:\/\/barrsell.com\/urun\/eos-46-u-kompakt\/#breadcrumb","itemListElement":[{"@type":"ListItem","position":1,"name":"Home","item":"https:\/\/barrsell.com\/"},{"@type":"ListItem","position":2,"name":"\u00dcr\u00fcnler","item":"https:\/\/barrsell.com\/en\/products\/"},{"@type":"ListItem","position":3,"name":"Eos 46.U Kompakt"}]},{"@type":"WebSite","@id":"https:\/\/barrsell.com\/#website","url":"https:\/\/barrsell.com\/","name":"Barrsell End\u00fcstri Makine","description":"Teknolojiyle G\u00fc\u00e7lenen End\u00fcstriyel \u00c7\u00f6z\u00fcmler!","potentialAction":[{"@type":"SearchAction","target":{"@type":"EntryPoint","urlTemplate":"https:\/\/barrsell.com\/?s={search_term_string}"},"query-input":"required name=search_term_string"}],"inLanguage":"en-US"}]}},"_links":{"self":[{"href":"https:\/\/barrsell.com\/en\/wp-json\/wp\/v2\/product\/12114","targetHints":{"allow":["GET"]}}],"collection":[{"href":"https:\/\/barrsell.com\/en\/wp-json\/wp\/v2\/product"}],"about":[{"href":"https:\/\/barrsell.com\/en\/wp-json\/wp\/v2\/types\/product"}],"version-history":[{"count":3,"href":"https:\/\/barrsell.com\/en\/wp-json\/wp\/v2\/product\/12114\/revisions"}],"predecessor-version":[{"id":19933,"href":"https:\/\/barrsell.com\/en\/wp-json\/wp\/v2\/product\/12114\/revisions\/19933"}],"wp:featuredmedia":[{"embeddable":true,"href":"https:\/\/barrsell.com\/en\/wp-json\/wp\/v2\/media\/12112"}],"wp:attachment":[{"href":"https:\/\/barrsell.com\/en\/wp-json\/wp\/v2\/media?parent=12114"}],"wp:term":[{"taxonomy":"product_cat","embeddable":true,"href":"https:\/\/barrsell.com\/en\/wp-json\/wp\/v2\/product_cat?post=12114"},{"taxonomy":"product_tag","embeddable":true,"href":"https:\/\/barrsell.com\/en\/wp-json\/wp\/v2\/product_tag?post=12114"}],"curies":[{"name":"wp","href":"https:\/\/api.w.org\/{rel}","templated":true}]}}