{"id":12111,"date":"2024-08-16T13:15:53","date_gmt":"2024-08-16T13:15:53","guid":{"rendered":"https:\/\/barrsell.com\/?post_type=product&#038;p=12111"},"modified":"2025-01-08T08:07:26","modified_gmt":"2025-01-08T08:07:26","slug":"eos-46-u-isitici","status":"publish","type":"product","link":"https:\/\/barrsell.com\/en\/product\/eos-46-u-heater\/","title":{"rendered":"The Eos 46.U Heater"},"content":{"rendered":"<h2>The Eos 46.U Heater<\/h2>\n<p>The Eos 46.U The heater is designed to provide outstanding temperature comfort and efficient heating in your sauna. It is also a modern and innovative solution. Made with superior engineering, this heater delivers effective performance in large and medium-sized saunas. The Eos 46.With its stylish design and user-friendly features, U takes your sauna experience to the next level.<\/p>\n<h4><strong>The Eos 46.Featured Features of U Sauna Heater:<\/strong><\/h4>\n<ul>\n<li><strong>High Performance Heating:<\/strong> The Eos 46.U provides a fast and balanced heat dissipation in every corner of your sauna. In this way, it quickly creates the ideal temperature environment in your sauna, offering maximum comfort in every session.<\/li>\n<li><strong>Energy Efficiency:<\/strong> The Eos 46.U is designed to provide high heating performance with low energy consumption. Its energy-efficient structure helps you reduce your energy costs and provides an environmentally friendly use.<\/li>\n<li><strong>User Friendly Control System:<\/strong> Thanks to the intelligent control panel, you can precisely adjust the temperature and time settings. The Eos 46.U offers all the control options you need to personalize your sauna experience. So you can adjust each session to your own taste.<\/li>\n<li><strong>Aesthetic and Durable Design:<\/strong> It has a modern and elegant design. It perfectly fits into the decoration of your sauna. Made from durable materials, this heater offers a long life and reliable use.<\/li>\n<li><strong>Safety Features:<\/strong> Equipped with advanced safety features such as overheating protection and automatic shutdown. These security measures ensure that you have a safe and seamless experience in your sauna. It also offers complete peace of mind during use.<\/li>\n<\/ul>\n<p>&nbsp;<\/p>","protected":false},"excerpt":{"rendered":"<ul>\n<li>The Eos 46.U sauna heater<\/li>\n<li>High-performance<\/li>\n<li>Energy efficient<\/li>\n<\/ul>","protected":false},"featured_media":12112,"template":"","meta":[],"product_cat":[53,155,156],"product_tag":[],"class_list":{"0":"post-12111","1":"product","2":"type-product","3":"status-publish","4":"has-post-thumbnail","6":"product_cat-sauna-isiticilari","7":"product_cat-eos-sauna-isiticilari","8":"product_cat-eos-sauna-isiticilar","10":"first","11":"instock","12":"shipping-taxable","13":"purchasable","14":"product-type-variable"},"yoast_head":"<!-- This site is optimized with the Yoast SEO Premium plugin v23.2 (Yoast SEO v23.2) - https:\/\/yoast.com\/wordpress\/plugins\/seo\/ -->\n<title>Eos 46.U Is\u0131t\u0131c\u0131 | Barrsell End\u00fcstri<\/title>\n<meta name=\"description\" content=\"Eos 46.U \u0131s\u0131t\u0131c\u0131 saunan\u0131zda ola\u011fan\u00fcst\u00fc bir s\u0131cakl\u0131k konforu ve verimli \u0131s\u0131tma sa\u011flamak i\u00e7in tasarlanm\u0131\u015f, modern ve yenilik\u00e7i bir \u00e7\u00f6z\u00fcmd\u00fcr.\" \/>\n<meta name=\"robots\" content=\"index, follow, max-snippet:-1, max-image-preview:large, max-video-preview:-1\" \/>\n<link rel=\"canonical\" href=\"https:\/\/barrsell.com\/en\/product\/eos-46-u-heater\/\" \/>\n<meta property=\"og:locale\" content=\"en_US\" \/>\n<meta property=\"og:type\" content=\"article\" \/>\n<meta property=\"og:title\" content=\"Eos 46.U Is\u0131t\u0131c\u0131\" \/>\n<meta property=\"og:description\" content=\"Eos 46.U \u0131s\u0131t\u0131c\u0131 saunan\u0131zda ola\u011fan\u00fcst\u00fc bir s\u0131cakl\u0131k konforu ve verimli \u0131s\u0131tma sa\u011flamak i\u00e7in tasarlanm\u0131\u015f, modern ve yenilik\u00e7i bir \u00e7\u00f6z\u00fcmd\u00fcr.\" \/>\n<meta property=\"og:url\" content=\"https:\/\/barrsell.com\/en\/product\/eos-46-u-heater\/\" \/>\n<meta property=\"og:site_name\" content=\"Barrsell\" \/>\n<meta property=\"article:modified_time\" content=\"2025-01-08T08:07:26+00:00\" \/>\n<meta property=\"og:image\" content=\"https:\/\/barrsell.com\/wp-content\/uploads\/2024\/08\/Eos-46.U.png\" \/>\n\t<meta property=\"og:image:width\" content=\"1200\" \/>\n\t<meta property=\"og:image:height\" content=\"1200\" \/>\n\t<meta property=\"og:image:type\" content=\"image\/png\" \/>\n<meta name=\"twitter:card\" content=\"summary_large_image\" \/>\n<meta name=\"twitter:label1\" content=\"Est. reading time\" \/>\n\t<meta name=\"twitter:data1\" content=\"2 minutes\" \/>\n<script type=\"application\/ld+json\" class=\"yoast-schema-graph\">{\"@context\":\"https:\/\/schema.org\",\"@graph\":[{\"@type\":\"WebPage\",\"@id\":\"https:\/\/barrsell.com\/urun\/eos-46-u-isitici\/\",\"url\":\"https:\/\/barrsell.com\/urun\/eos-46-u-isitici\/\",\"name\":\"Eos 46.U Is\u0131t\u0131c\u0131 | Barrsell End\u00fcstri\",\"isPartOf\":{\"@id\":\"https:\/\/barrsell.com\/#website\"},\"primaryImageOfPage\":{\"@id\":\"https:\/\/barrsell.com\/urun\/eos-46-u-isitici\/#primaryimage\"},\"image\":{\"@id\":\"https:\/\/barrsell.com\/urun\/eos-46-u-isitici\/#primaryimage\"},\"thumbnailUrl\":\"https:\/\/barrsell.com\/wp-content\/uploads\/2024\/08\/Eos-46.U.png\",\"datePublished\":\"2024-08-16T13:15:53+00:00\",\"dateModified\":\"2025-01-08T08:07:26+00:00\",\"description\":\"Eos 46.U \u0131s\u0131t\u0131c\u0131 saunan\u0131zda ola\u011fan\u00fcst\u00fc bir s\u0131cakl\u0131k konforu ve verimli \u0131s\u0131tma sa\u011flamak i\u00e7in tasarlanm\u0131\u015f, modern ve yenilik\u00e7i bir \u00e7\u00f6z\u00fcmd\u00fcr.\",\"breadcrumb\":{\"@id\":\"https:\/\/barrsell.com\/urun\/eos-46-u-isitici\/#breadcrumb\"},\"inLanguage\":\"en-US\",\"potentialAction\":[{\"@type\":\"ReadAction\",\"target\":[\"https:\/\/barrsell.com\/urun\/eos-46-u-isitici\/\"]}]},{\"@type\":\"ImageObject\",\"inLanguage\":\"en-US\",\"@id\":\"https:\/\/barrsell.com\/urun\/eos-46-u-isitici\/#primaryimage\",\"url\":\"https:\/\/barrsell.com\/wp-content\/uploads\/2024\/08\/Eos-46.U.png\",\"contentUrl\":\"https:\/\/barrsell.com\/wp-content\/uploads\/2024\/08\/Eos-46.U.png\",\"width\":1200,\"height\":1200,\"caption\":\"Eos 46.U\"},{\"@type\":\"BreadcrumbList\",\"@id\":\"https:\/\/barrsell.com\/urun\/eos-46-u-isitici\/#breadcrumb\",\"itemListElement\":[{\"@type\":\"ListItem\",\"position\":1,\"name\":\"Home\",\"item\":\"https:\/\/barrsell.com\/\"},{\"@type\":\"ListItem\",\"position\":2,\"name\":\"\u00dcr\u00fcnler\",\"item\":\"https:\/\/barrsell.com\/en\/products\/\"},{\"@type\":\"ListItem\",\"position\":3,\"name\":\"Eos 46.U Is\u0131t\u0131c\u0131\"}]},{\"@type\":\"WebSite\",\"@id\":\"https:\/\/barrsell.com\/#website\",\"url\":\"https:\/\/barrsell.com\/\",\"name\":\"Barrsell End\u00fcstri Makine\",\"description\":\"Teknolojiyle G\u00fc\u00e7lenen End\u00fcstriyel \u00c7\u00f6z\u00fcmler!\",\"potentialAction\":[{\"@type\":\"SearchAction\",\"target\":{\"@type\":\"EntryPoint\",\"urlTemplate\":\"https:\/\/barrsell.com\/?s={search_term_string}\"},\"query-input\":\"required name=search_term_string\"}],\"inLanguage\":\"en-US\"}]}<\/script>\n<!-- \/ Yoast SEO Premium plugin. -->","yoast_head_json":{"title":"Eos 46.U Is\u0131t\u0131c\u0131 | Barrsell End\u00fcstri","description":"Eos 46.U \u0131s\u0131t\u0131c\u0131 saunan\u0131zda ola\u011fan\u00fcst\u00fc bir s\u0131cakl\u0131k konforu ve verimli \u0131s\u0131tma sa\u011flamak i\u00e7in tasarlanm\u0131\u015f, modern ve yenilik\u00e7i bir \u00e7\u00f6z\u00fcmd\u00fcr.","robots":{"index":"index","follow":"follow","max-snippet":"max-snippet:-1","max-image-preview":"max-image-preview:large","max-video-preview":"max-video-preview:-1"},"canonical":"https:\/\/barrsell.com\/en\/product\/eos-46-u-heater\/","og_locale":"en_US","og_type":"article","og_title":"Eos 46.U Is\u0131t\u0131c\u0131","og_description":"Eos 46.U \u0131s\u0131t\u0131c\u0131 saunan\u0131zda ola\u011fan\u00fcst\u00fc bir s\u0131cakl\u0131k konforu ve verimli \u0131s\u0131tma sa\u011flamak i\u00e7in tasarlanm\u0131\u015f, modern ve yenilik\u00e7i bir \u00e7\u00f6z\u00fcmd\u00fcr.","og_url":"https:\/\/barrsell.com\/en\/product\/eos-46-u-heater\/","og_site_name":"Barrsell","article_modified_time":"2025-01-08T08:07:26+00:00","og_image":[{"width":1200,"height":1200,"url":"https:\/\/barrsell.com\/wp-content\/uploads\/2024\/08\/Eos-46.U.png","type":"image\/png"}],"twitter_card":"summary_large_image","twitter_misc":{"Est. reading time":"2 minutes"},"schema":{"@context":"https:\/\/schema.org","@graph":[{"@type":"WebPage","@id":"https:\/\/barrsell.com\/urun\/eos-46-u-isitici\/","url":"https:\/\/barrsell.com\/urun\/eos-46-u-isitici\/","name":"Eos 46.U Is\u0131t\u0131c\u0131 | Barrsell End\u00fcstri","isPartOf":{"@id":"https:\/\/barrsell.com\/#website"},"primaryImageOfPage":{"@id":"https:\/\/barrsell.com\/urun\/eos-46-u-isitici\/#primaryimage"},"image":{"@id":"https:\/\/barrsell.com\/urun\/eos-46-u-isitici\/#primaryimage"},"thumbnailUrl":"https:\/\/barrsell.com\/wp-content\/uploads\/2024\/08\/Eos-46.U.png","datePublished":"2024-08-16T13:15:53+00:00","dateModified":"2025-01-08T08:07:26+00:00","description":"Eos 46.U \u0131s\u0131t\u0131c\u0131 saunan\u0131zda ola\u011fan\u00fcst\u00fc bir s\u0131cakl\u0131k konforu ve verimli \u0131s\u0131tma sa\u011flamak i\u00e7in tasarlanm\u0131\u015f, modern ve yenilik\u00e7i bir \u00e7\u00f6z\u00fcmd\u00fcr.","breadcrumb":{"@id":"https:\/\/barrsell.com\/urun\/eos-46-u-isitici\/#breadcrumb"},"inLanguage":"en-US","potentialAction":[{"@type":"ReadAction","target":["https:\/\/barrsell.com\/urun\/eos-46-u-isitici\/"]}]},{"@type":"ImageObject","inLanguage":"en-US","@id":"https:\/\/barrsell.com\/urun\/eos-46-u-isitici\/#primaryimage","url":"https:\/\/barrsell.com\/wp-content\/uploads\/2024\/08\/Eos-46.U.png","contentUrl":"https:\/\/barrsell.com\/wp-content\/uploads\/2024\/08\/Eos-46.U.png","width":1200,"height":1200,"caption":"Eos 46.U"},{"@type":"BreadcrumbList","@id":"https:\/\/barrsell.com\/urun\/eos-46-u-isitici\/#breadcrumb","itemListElement":[{"@type":"ListItem","position":1,"name":"Home","item":"https:\/\/barrsell.com\/"},{"@type":"ListItem","position":2,"name":"\u00dcr\u00fcnler","item":"https:\/\/barrsell.com\/en\/products\/"},{"@type":"ListItem","position":3,"name":"Eos 46.U Is\u0131t\u0131c\u0131"}]},{"@type":"WebSite","@id":"https:\/\/barrsell.com\/#website","url":"https:\/\/barrsell.com\/","name":"Barrsell End\u00fcstri Makine","description":"Teknolojiyle G\u00fc\u00e7lenen End\u00fcstriyel \u00c7\u00f6z\u00fcmler!","potentialAction":[{"@type":"SearchAction","target":{"@type":"EntryPoint","urlTemplate":"https:\/\/barrsell.com\/?s={search_term_string}"},"query-input":"required name=search_term_string"}],"inLanguage":"en-US"}]}},"_links":{"self":[{"href":"https:\/\/barrsell.com\/en\/wp-json\/wp\/v2\/product\/12111","targetHints":{"allow":["GET"]}}],"collection":[{"href":"https:\/\/barrsell.com\/en\/wp-json\/wp\/v2\/product"}],"about":[{"href":"https:\/\/barrsell.com\/en\/wp-json\/wp\/v2\/types\/product"}],"version-history":[{"count":5,"href":"https:\/\/barrsell.com\/en\/wp-json\/wp\/v2\/product\/12111\/revisions"}],"predecessor-version":[{"id":19940,"href":"https:\/\/barrsell.com\/en\/wp-json\/wp\/v2\/product\/12111\/revisions\/19940"}],"wp:featuredmedia":[{"embeddable":true,"href":"https:\/\/barrsell.com\/en\/wp-json\/wp\/v2\/media\/12112"}],"wp:attachment":[{"href":"https:\/\/barrsell.com\/en\/wp-json\/wp\/v2\/media?parent=12111"}],"wp:term":[{"taxonomy":"product_cat","embeddable":true,"href":"https:\/\/barrsell.com\/en\/wp-json\/wp\/v2\/product_cat?post=12111"},{"taxonomy":"product_tag","embeddable":true,"href":"https:\/\/barrsell.com\/en\/wp-json\/wp\/v2\/product_tag?post=12111"}],"curies":[{"name":"wp","href":"https:\/\/api.w.org\/{rel}","templated":true}]}}