{"id":12098,"date":"2024-08-16T13:08:51","date_gmt":"2024-08-16T13:08:51","guid":{"rendered":"https:\/\/barrsell.com\/?post_type=product&#038;p=12098"},"modified":"2025-01-08T08:07:58","modified_gmt":"2025-01-08T08:07:58","slug":"eos-43fn-isitici","status":"publish","type":"product","link":"https:\/\/barrsell.com\/en\/product\/eos-43fn-heater\/","title":{"rendered":"Eos 43FN Heater"},"content":{"rendered":"<div class=\"flex max-w-full flex-col flex-grow\">\n<div class=\"min-h-[20px] text-message flex w-full flex-col items-end gap-2 whitespace-pre-wrap break-words [.text-message+&amp;]:mt-5 overflow-x-auto\" dir=\"auto\" data-message-author-role=\"assistant\" data-message-id=\"3578bcc2-9acb-44b7-8793-e82e75e49d20\">\n<div class=\"flex w-full flex-col gap-1 empty:hidden first:pt-[3px]\">\n<div class=\"markdown prose w-full break-words dark:prose-invert light\">\n<h2>Eos 43FN Heater<\/h2>\n<p>Eos 43FN is a premium heater designed to deliver even temperature distribution and long-lasting performance in your heater sauna. It contains high quality materials.\u00a0 You can use it effectively in both home and commercial saunas.\u00a0 It stands out with its modern design and energy efficiency. Therefore, it takes your sauna experience to the next level.<\/p>\n<h4><strong>\u00a0Featured Features of Sauna Heater:<\/strong><\/h4>\n<ul>\n<li><strong>Heating Performance:<\/strong> Eos 43FN provides fast and efficient heat dissipation in every corner of your heater sauna. At the same time, thanks to its high capacity heating elements, it creates an ideal temperature in your sauna. This way, you get maximum comfort in every session.<\/li>\n<li><strong>Energy Efficiency:<\/strong> With its energy-saving technology, the Eos 43FN delivers high performance with low energy consumption. This feature both reduces your energy costs and provides an environmentally friendly use.<\/li>\n<li><strong>User Friendly Control System:<\/strong> The Eos 43FN is equipped with an easy-to-use control panel. This panel allows you to precisely adjust the temperature and time settings. It offers quick access to all the settings you need to personalize your sauna experience.<\/li>\n<li><strong>Durable and Aesthetic Design:<\/strong> The Eos 43FN provides a durable and long-lasting use of high-quality materials. Its modern and stylish design adds an elegant touch to the decoration of your sauna and offers an aesthetic look.<\/li>\n<li><strong>Safety Features:<\/strong> It has safety features such as overheating protection and automatic shutdown. It also ensures the safe operation of the device. These security measures guarantee a safe and trouble-free experience in your sauna.<\/li>\n<\/ul>\n<\/div>\n<\/div>\n<\/div>\n<\/div>","protected":false},"excerpt":{"rendered":"<p>Eos 43FN Is\u0131t\u0131c\u0131 Eos 43FN Is\u0131t\u0131c\u0131\u00a0 saunan\u0131zda e\u015fit s\u0131cakl\u0131k da\u011f\u0131l\u0131m\u0131 ve uzun \u00f6m\u00fcrl\u00fc performans sunmak i\u00e7in tasarlanm\u0131\u015f birinci s\u0131n\u0131f bir<\/p>","protected":false},"featured_media":12096,"template":"","meta":[],"product_cat":[53,155,156],"product_tag":[],"class_list":{"0":"post-12098","1":"product","2":"type-product","3":"status-publish","4":"has-post-thumbnail","6":"product_cat-sauna-isiticilari","7":"product_cat-eos-sauna-isiticilari","8":"product_cat-eos-sauna-isiticilar","10":"first","11":"instock","12":"shipping-taxable","13":"purchasable","14":"product-type-variable"},"yoast_head":"<!-- This site is optimized with the Yoast SEO Premium plugin v23.2 (Yoast SEO v23.2) - https:\/\/yoast.com\/wordpress\/plugins\/seo\/ -->\n<title>Eos 43FN Is\u0131t\u0131c\u0131 | Barrsell End\u00fcstri<\/title>\n<meta name=\"description\" content=\"Eos 43FN \u0131s\u0131t\u0131c\u0131, saunan\u0131zda e\u015fit s\u0131cakl\u0131k da\u011f\u0131l\u0131m\u0131 ve uzun \u00f6m\u00fcrl\u00fc performans sunmak i\u00e7in tasarlanm\u0131\u015f birinci s\u0131n\u0131f bir \u0131s\u0131t\u0131c\u0131d\u0131r.\" \/>\n<meta name=\"robots\" content=\"index, follow, max-snippet:-1, max-image-preview:large, max-video-preview:-1\" \/>\n<link rel=\"canonical\" href=\"https:\/\/barrsell.com\/en\/product\/eos-43fn-heater\/\" \/>\n<meta property=\"og:locale\" content=\"en_US\" \/>\n<meta property=\"og:type\" content=\"article\" \/>\n<meta property=\"og:title\" content=\"Eos 43FN Is\u0131t\u0131c\u0131\" \/>\n<meta property=\"og:description\" content=\"Eos 43FN \u0131s\u0131t\u0131c\u0131, saunan\u0131zda e\u015fit s\u0131cakl\u0131k da\u011f\u0131l\u0131m\u0131 ve uzun \u00f6m\u00fcrl\u00fc performans sunmak i\u00e7in tasarlanm\u0131\u015f birinci s\u0131n\u0131f bir \u0131s\u0131t\u0131c\u0131d\u0131r.\" \/>\n<meta property=\"og:url\" content=\"https:\/\/barrsell.com\/en\/product\/eos-43fn-heater\/\" \/>\n<meta property=\"og:site_name\" content=\"Barrsell\" \/>\n<meta property=\"article:modified_time\" content=\"2025-01-08T08:07:58+00:00\" \/>\n<meta property=\"og:image\" content=\"https:\/\/barrsell.com\/wp-content\/uploads\/2024\/08\/Eos-43FN.png\" \/>\n\t<meta property=\"og:image:width\" content=\"1200\" \/>\n\t<meta property=\"og:image:height\" content=\"1200\" \/>\n\t<meta property=\"og:image:type\" content=\"image\/png\" \/>\n<meta name=\"twitter:card\" content=\"summary_large_image\" \/>\n<meta name=\"twitter:label1\" content=\"Est. reading time\" \/>\n\t<meta name=\"twitter:data1\" content=\"2 minutes\" \/>\n<script type=\"application\/ld+json\" class=\"yoast-schema-graph\">{\"@context\":\"https:\/\/schema.org\",\"@graph\":[{\"@type\":\"WebPage\",\"@id\":\"https:\/\/barrsell.com\/urun\/eos-43fn-isitici\/\",\"url\":\"https:\/\/barrsell.com\/urun\/eos-43fn-isitici\/\",\"name\":\"Eos 43FN Is\u0131t\u0131c\u0131 | Barrsell End\u00fcstri\",\"isPartOf\":{\"@id\":\"https:\/\/barrsell.com\/#website\"},\"primaryImageOfPage\":{\"@id\":\"https:\/\/barrsell.com\/urun\/eos-43fn-isitici\/#primaryimage\"},\"image\":{\"@id\":\"https:\/\/barrsell.com\/urun\/eos-43fn-isitici\/#primaryimage\"},\"thumbnailUrl\":\"https:\/\/barrsell.com\/wp-content\/uploads\/2024\/08\/Eos-43FN.png\",\"datePublished\":\"2024-08-16T13:08:51+00:00\",\"dateModified\":\"2025-01-08T08:07:58+00:00\",\"description\":\"Eos 43FN \u0131s\u0131t\u0131c\u0131, saunan\u0131zda e\u015fit s\u0131cakl\u0131k da\u011f\u0131l\u0131m\u0131 ve uzun \u00f6m\u00fcrl\u00fc performans sunmak i\u00e7in tasarlanm\u0131\u015f birinci s\u0131n\u0131f bir \u0131s\u0131t\u0131c\u0131d\u0131r.\",\"breadcrumb\":{\"@id\":\"https:\/\/barrsell.com\/urun\/eos-43fn-isitici\/#breadcrumb\"},\"inLanguage\":\"en-US\",\"potentialAction\":[{\"@type\":\"ReadAction\",\"target\":[\"https:\/\/barrsell.com\/urun\/eos-43fn-isitici\/\"]}]},{\"@type\":\"ImageObject\",\"inLanguage\":\"en-US\",\"@id\":\"https:\/\/barrsell.com\/urun\/eos-43fn-isitici\/#primaryimage\",\"url\":\"https:\/\/barrsell.com\/wp-content\/uploads\/2024\/08\/Eos-43FN.png\",\"contentUrl\":\"https:\/\/barrsell.com\/wp-content\/uploads\/2024\/08\/Eos-43FN.png\",\"width\":1200,\"height\":1200,\"caption\":\"Eos 43FN\"},{\"@type\":\"BreadcrumbList\",\"@id\":\"https:\/\/barrsell.com\/urun\/eos-43fn-isitici\/#breadcrumb\",\"itemListElement\":[{\"@type\":\"ListItem\",\"position\":1,\"name\":\"Home\",\"item\":\"https:\/\/barrsell.com\/\"},{\"@type\":\"ListItem\",\"position\":2,\"name\":\"\u00dcr\u00fcnler\",\"item\":\"https:\/\/barrsell.com\/en\/products\/\"},{\"@type\":\"ListItem\",\"position\":3,\"name\":\"Eos 43FN Is\u0131t\u0131c\u0131\"}]},{\"@type\":\"WebSite\",\"@id\":\"https:\/\/barrsell.com\/#website\",\"url\":\"https:\/\/barrsell.com\/\",\"name\":\"Barrsell End\u00fcstri Makine\",\"description\":\"Teknolojiyle G\u00fc\u00e7lenen End\u00fcstriyel \u00c7\u00f6z\u00fcmler!\",\"potentialAction\":[{\"@type\":\"SearchAction\",\"target\":{\"@type\":\"EntryPoint\",\"urlTemplate\":\"https:\/\/barrsell.com\/?s={search_term_string}\"},\"query-input\":\"required name=search_term_string\"}],\"inLanguage\":\"en-US\"}]}<\/script>\n<!-- \/ Yoast SEO Premium plugin. -->","yoast_head_json":{"title":"Eos 43FN Is\u0131t\u0131c\u0131 | Barrsell End\u00fcstri","description":"Eos 43FN \u0131s\u0131t\u0131c\u0131, saunan\u0131zda e\u015fit s\u0131cakl\u0131k da\u011f\u0131l\u0131m\u0131 ve uzun \u00f6m\u00fcrl\u00fc performans sunmak i\u00e7in tasarlanm\u0131\u015f birinci s\u0131n\u0131f bir \u0131s\u0131t\u0131c\u0131d\u0131r.","robots":{"index":"index","follow":"follow","max-snippet":"max-snippet:-1","max-image-preview":"max-image-preview:large","max-video-preview":"max-video-preview:-1"},"canonical":"https:\/\/barrsell.com\/en\/product\/eos-43fn-heater\/","og_locale":"en_US","og_type":"article","og_title":"Eos 43FN Is\u0131t\u0131c\u0131","og_description":"Eos 43FN \u0131s\u0131t\u0131c\u0131, saunan\u0131zda e\u015fit s\u0131cakl\u0131k da\u011f\u0131l\u0131m\u0131 ve uzun \u00f6m\u00fcrl\u00fc performans sunmak i\u00e7in tasarlanm\u0131\u015f birinci s\u0131n\u0131f bir \u0131s\u0131t\u0131c\u0131d\u0131r.","og_url":"https:\/\/barrsell.com\/en\/product\/eos-43fn-heater\/","og_site_name":"Barrsell","article_modified_time":"2025-01-08T08:07:58+00:00","og_image":[{"width":1200,"height":1200,"url":"https:\/\/barrsell.com\/wp-content\/uploads\/2024\/08\/Eos-43FN.png","type":"image\/png"}],"twitter_card":"summary_large_image","twitter_misc":{"Est. reading time":"2 minutes"},"schema":{"@context":"https:\/\/schema.org","@graph":[{"@type":"WebPage","@id":"https:\/\/barrsell.com\/urun\/eos-43fn-isitici\/","url":"https:\/\/barrsell.com\/urun\/eos-43fn-isitici\/","name":"Eos 43FN Is\u0131t\u0131c\u0131 | Barrsell End\u00fcstri","isPartOf":{"@id":"https:\/\/barrsell.com\/#website"},"primaryImageOfPage":{"@id":"https:\/\/barrsell.com\/urun\/eos-43fn-isitici\/#primaryimage"},"image":{"@id":"https:\/\/barrsell.com\/urun\/eos-43fn-isitici\/#primaryimage"},"thumbnailUrl":"https:\/\/barrsell.com\/wp-content\/uploads\/2024\/08\/Eos-43FN.png","datePublished":"2024-08-16T13:08:51+00:00","dateModified":"2025-01-08T08:07:58+00:00","description":"Eos 43FN \u0131s\u0131t\u0131c\u0131, saunan\u0131zda e\u015fit s\u0131cakl\u0131k da\u011f\u0131l\u0131m\u0131 ve uzun \u00f6m\u00fcrl\u00fc performans sunmak i\u00e7in tasarlanm\u0131\u015f birinci s\u0131n\u0131f bir \u0131s\u0131t\u0131c\u0131d\u0131r.","breadcrumb":{"@id":"https:\/\/barrsell.com\/urun\/eos-43fn-isitici\/#breadcrumb"},"inLanguage":"en-US","potentialAction":[{"@type":"ReadAction","target":["https:\/\/barrsell.com\/urun\/eos-43fn-isitici\/"]}]},{"@type":"ImageObject","inLanguage":"en-US","@id":"https:\/\/barrsell.com\/urun\/eos-43fn-isitici\/#primaryimage","url":"https:\/\/barrsell.com\/wp-content\/uploads\/2024\/08\/Eos-43FN.png","contentUrl":"https:\/\/barrsell.com\/wp-content\/uploads\/2024\/08\/Eos-43FN.png","width":1200,"height":1200,"caption":"Eos 43FN"},{"@type":"BreadcrumbList","@id":"https:\/\/barrsell.com\/urun\/eos-43fn-isitici\/#breadcrumb","itemListElement":[{"@type":"ListItem","position":1,"name":"Home","item":"https:\/\/barrsell.com\/"},{"@type":"ListItem","position":2,"name":"\u00dcr\u00fcnler","item":"https:\/\/barrsell.com\/en\/products\/"},{"@type":"ListItem","position":3,"name":"Eos 43FN Is\u0131t\u0131c\u0131"}]},{"@type":"WebSite","@id":"https:\/\/barrsell.com\/#website","url":"https:\/\/barrsell.com\/","name":"Barrsell End\u00fcstri Makine","description":"Teknolojiyle G\u00fc\u00e7lenen End\u00fcstriyel \u00c7\u00f6z\u00fcmler!","potentialAction":[{"@type":"SearchAction","target":{"@type":"EntryPoint","urlTemplate":"https:\/\/barrsell.com\/?s={search_term_string}"},"query-input":"required name=search_term_string"}],"inLanguage":"en-US"}]}},"_links":{"self":[{"href":"https:\/\/barrsell.com\/en\/wp-json\/wp\/v2\/product\/12098","targetHints":{"allow":["GET"]}}],"collection":[{"href":"https:\/\/barrsell.com\/en\/wp-json\/wp\/v2\/product"}],"about":[{"href":"https:\/\/barrsell.com\/en\/wp-json\/wp\/v2\/types\/product"}],"version-history":[{"count":4,"href":"https:\/\/barrsell.com\/en\/wp-json\/wp\/v2\/product\/12098\/revisions"}],"predecessor-version":[{"id":19946,"href":"https:\/\/barrsell.com\/en\/wp-json\/wp\/v2\/product\/12098\/revisions\/19946"}],"wp:featuredmedia":[{"embeddable":true,"href":"https:\/\/barrsell.com\/en\/wp-json\/wp\/v2\/media\/12096"}],"wp:attachment":[{"href":"https:\/\/barrsell.com\/en\/wp-json\/wp\/v2\/media?parent=12098"}],"wp:term":[{"taxonomy":"product_cat","embeddable":true,"href":"https:\/\/barrsell.com\/en\/wp-json\/wp\/v2\/product_cat?post=12098"},{"taxonomy":"product_tag","embeddable":true,"href":"https:\/\/barrsell.com\/en\/wp-json\/wp\/v2\/product_tag?post=12098"}],"curies":[{"name":"wp","href":"https:\/\/api.w.org\/{rel}","templated":true}]}}