{"id":12089,"date":"2024-08-16T12:52:41","date_gmt":"2024-08-16T12:52:41","guid":{"rendered":"https:\/\/barrsell.com\/?post_type=product&#038;p=12089"},"modified":"2025-01-08T08:08:27","modified_gmt":"2025-01-08T08:08:27","slug":"eos-34-g-hd-isitici","status":"publish","type":"product","link":"https:\/\/barrsell.com\/en\/product\/eos-34-g-hd-heater\/","title":{"rendered":"Eos 34.G HD Heater"},"content":{"rendered":"<div class=\"flex max-w-full flex-col flex-grow\">\n<div class=\"min-h-[20px] text-message flex w-full flex-col items-end gap-2 whitespace-pre-wrap break-words [.text-message+&amp;]:mt-5 overflow-x-auto\" dir=\"auto\" data-message-author-role=\"assistant\" data-message-id=\"f972829b-f093-479f-b3ec-ab183cb6f98a\">\n<div class=\"flex w-full flex-col gap-1 empty:hidden first:pt-[3px]\">\n<div class=\"markdown prose w-full break-words dark:prose-invert light\">\n<h2><strong>Eos 34.G HD Heater<\/strong><\/h2>\n<p>The Eos 34.G HD sauna heater is an innovative, high capacity heating solution designed to provide exceptional temperature comfort and efficient heating in your sauna. Particularly notable for its modern technology and aesthetic design, this heater offers excellent performance in both home and commercial saunas. Eos 34.G HD is also the ideal choice to make every sauna session more enjoyable and productive.\n\nTranslated with DeepL.com (free version)<\/p>\n<h4><strong>Featured Features of Sauna Heater:<\/strong><\/h4>\n<ul>\n<li><strong>High Performance Heating:<\/strong> The Eos 34.G HD is equipped with high capacity heating elements. This feature also ensures fast and efficient heat dissipation in your sauna. This creates an even and comfortable temperature in every corner.<\/li>\n<li><strong>Energy Efficiency:<\/strong> High performance with low energy consumption thanks to its energy efficient operating principle. This energy-saving feature reduces your energy costs and provides an environmentally friendly use.<\/li>\n<li><strong>User Friendly Controls:<\/strong> The Eos 34.G HD is equipped with an advanced control panel. This panel allows you to precisely adjust the temperature and operating times. The user-friendly interface helps you personalize every session of your sauna.<\/li>\n<li><strong>Fashionable and Modern Design:<\/strong> The Eos 34.G HD has a modern and aesthetic design. Its particularly sleek appearance makes it an elegant addition to the interior of your sauna. And it harmonizes with any kind of decoration.<\/li>\n<li><strong>Safety Features:<\/strong> It is equipped with safety measures such as overheating protection and automatic shut-off. These features ensure safe and trouble-free operation of the device. It maximizes user safety.<\/li>\n<\/ul>\n<\/div>\n<\/div>\n<\/div>\n<\/div>","protected":false},"excerpt":{"rendered":"<ul>\n<li>High-performance<\/li>\n<li>Energy efficient<\/li>\n<\/ul>","protected":false},"featured_media":12090,"template":"","meta":[],"product_cat":[53,155,156],"product_tag":[],"class_list":{"0":"post-12089","1":"product","2":"type-product","3":"status-publish","4":"has-post-thumbnail","6":"product_cat-sauna-isiticilari","7":"product_cat-eos-sauna-isiticilari","8":"product_cat-eos-sauna-isiticilar","10":"first","11":"instock","12":"shipping-taxable","13":"purchasable","14":"product-type-variable"},"yoast_head":"<!-- This site is optimized with the Yoast SEO Premium plugin v23.2 (Yoast SEO v23.2) - https:\/\/yoast.com\/wordpress\/plugins\/seo\/ -->\n<title>Eos 34.G HD Is\u0131t\u0131c\u0131 | Barrsell End\u00fcstri<\/title>\n<meta name=\"description\" content=\"Eos 34.G HD \u0131s\u0131t\u0131c\u0131 saunan\u0131zda ola\u011fan\u00fcst\u00fc bir s\u0131cakl\u0131k konforu ve etkili \u0131s\u0131tma sa\u011flamak \u00fczere tasarlanm\u0131\u015f, yenilik\u00e7i ve y\u00fcksek kapasiteli bir\" \/>\n<meta name=\"robots\" content=\"index, follow, max-snippet:-1, max-image-preview:large, max-video-preview:-1\" \/>\n<link rel=\"canonical\" href=\"https:\/\/barrsell.com\/en\/product\/eos-34-g-hd-heater\/\" \/>\n<meta property=\"og:locale\" content=\"en_US\" \/>\n<meta property=\"og:type\" content=\"article\" \/>\n<meta property=\"og:title\" content=\"Eos 34.G HD Is\u0131t\u0131c\u0131\" \/>\n<meta property=\"og:description\" content=\"Eos 34.G HD \u0131s\u0131t\u0131c\u0131 saunan\u0131zda ola\u011fan\u00fcst\u00fc bir s\u0131cakl\u0131k konforu ve etkili \u0131s\u0131tma sa\u011flamak \u00fczere tasarlanm\u0131\u015f, yenilik\u00e7i ve y\u00fcksek kapasiteli bir\" \/>\n<meta property=\"og:url\" content=\"https:\/\/barrsell.com\/en\/product\/eos-34-g-hd-heater\/\" \/>\n<meta property=\"og:site_name\" content=\"Barrsell\" \/>\n<meta property=\"article:modified_time\" content=\"2025-01-08T08:08:27+00:00\" \/>\n<meta property=\"og:image\" content=\"https:\/\/barrsell.com\/wp-content\/uploads\/2024\/08\/Eos-34.G-HD.png\" \/>\n\t<meta property=\"og:image:width\" content=\"1200\" \/>\n\t<meta property=\"og:image:height\" content=\"1200\" \/>\n\t<meta property=\"og:image:type\" content=\"image\/png\" \/>\n<meta name=\"twitter:card\" content=\"summary_large_image\" \/>\n<meta name=\"twitter:label1\" content=\"Est. reading time\" \/>\n\t<meta name=\"twitter:data1\" content=\"2 minutes\" \/>\n<script type=\"application\/ld+json\" class=\"yoast-schema-graph\">{\"@context\":\"https:\/\/schema.org\",\"@graph\":[{\"@type\":\"WebPage\",\"@id\":\"https:\/\/barrsell.com\/urun\/eos-34-g-hd-isitici\/\",\"url\":\"https:\/\/barrsell.com\/urun\/eos-34-g-hd-isitici\/\",\"name\":\"Eos 34.G HD Is\u0131t\u0131c\u0131 | Barrsell End\u00fcstri\",\"isPartOf\":{\"@id\":\"https:\/\/barrsell.com\/#website\"},\"primaryImageOfPage\":{\"@id\":\"https:\/\/barrsell.com\/urun\/eos-34-g-hd-isitici\/#primaryimage\"},\"image\":{\"@id\":\"https:\/\/barrsell.com\/urun\/eos-34-g-hd-isitici\/#primaryimage\"},\"thumbnailUrl\":\"https:\/\/barrsell.com\/wp-content\/uploads\/2024\/08\/Eos-34.G-HD.png\",\"datePublished\":\"2024-08-16T12:52:41+00:00\",\"dateModified\":\"2025-01-08T08:08:27+00:00\",\"description\":\"Eos 34.G HD \u0131s\u0131t\u0131c\u0131 saunan\u0131zda ola\u011fan\u00fcst\u00fc bir s\u0131cakl\u0131k konforu ve etkili \u0131s\u0131tma sa\u011flamak \u00fczere tasarlanm\u0131\u015f, yenilik\u00e7i ve y\u00fcksek kapasiteli bir\",\"breadcrumb\":{\"@id\":\"https:\/\/barrsell.com\/urun\/eos-34-g-hd-isitici\/#breadcrumb\"},\"inLanguage\":\"en-US\",\"potentialAction\":[{\"@type\":\"ReadAction\",\"target\":[\"https:\/\/barrsell.com\/urun\/eos-34-g-hd-isitici\/\"]}]},{\"@type\":\"ImageObject\",\"inLanguage\":\"en-US\",\"@id\":\"https:\/\/barrsell.com\/urun\/eos-34-g-hd-isitici\/#primaryimage\",\"url\":\"https:\/\/barrsell.com\/wp-content\/uploads\/2024\/08\/Eos-34.G-HD.png\",\"contentUrl\":\"https:\/\/barrsell.com\/wp-content\/uploads\/2024\/08\/Eos-34.G-HD.png\",\"width\":1200,\"height\":1200,\"caption\":\"Eos 34.G HD\"},{\"@type\":\"BreadcrumbList\",\"@id\":\"https:\/\/barrsell.com\/urun\/eos-34-g-hd-isitici\/#breadcrumb\",\"itemListElement\":[{\"@type\":\"ListItem\",\"position\":1,\"name\":\"Home\",\"item\":\"https:\/\/barrsell.com\/\"},{\"@type\":\"ListItem\",\"position\":2,\"name\":\"\u00dcr\u00fcnler\",\"item\":\"https:\/\/barrsell.com\/en\/products\/\"},{\"@type\":\"ListItem\",\"position\":3,\"name\":\"Eos 34.G HD Is\u0131t\u0131c\u0131\"}]},{\"@type\":\"WebSite\",\"@id\":\"https:\/\/barrsell.com\/#website\",\"url\":\"https:\/\/barrsell.com\/\",\"name\":\"Barrsell End\u00fcstri Makine\",\"description\":\"Teknolojiyle G\u00fc\u00e7lenen End\u00fcstriyel \u00c7\u00f6z\u00fcmler!\",\"potentialAction\":[{\"@type\":\"SearchAction\",\"target\":{\"@type\":\"EntryPoint\",\"urlTemplate\":\"https:\/\/barrsell.com\/?s={search_term_string}\"},\"query-input\":\"required name=search_term_string\"}],\"inLanguage\":\"en-US\"}]}<\/script>\n<!-- \/ Yoast SEO Premium plugin. -->","yoast_head_json":{"title":"Eos 34.G HD Is\u0131t\u0131c\u0131 | Barrsell End\u00fcstri","description":"Eos 34.G HD \u0131s\u0131t\u0131c\u0131 saunan\u0131zda ola\u011fan\u00fcst\u00fc bir s\u0131cakl\u0131k konforu ve etkili \u0131s\u0131tma sa\u011flamak \u00fczere tasarlanm\u0131\u015f, yenilik\u00e7i ve y\u00fcksek kapasiteli bir","robots":{"index":"index","follow":"follow","max-snippet":"max-snippet:-1","max-image-preview":"max-image-preview:large","max-video-preview":"max-video-preview:-1"},"canonical":"https:\/\/barrsell.com\/en\/product\/eos-34-g-hd-heater\/","og_locale":"en_US","og_type":"article","og_title":"Eos 34.G HD Is\u0131t\u0131c\u0131","og_description":"Eos 34.G HD \u0131s\u0131t\u0131c\u0131 saunan\u0131zda ola\u011fan\u00fcst\u00fc bir s\u0131cakl\u0131k konforu ve etkili \u0131s\u0131tma sa\u011flamak \u00fczere tasarlanm\u0131\u015f, yenilik\u00e7i ve y\u00fcksek kapasiteli bir","og_url":"https:\/\/barrsell.com\/en\/product\/eos-34-g-hd-heater\/","og_site_name":"Barrsell","article_modified_time":"2025-01-08T08:08:27+00:00","og_image":[{"width":1200,"height":1200,"url":"https:\/\/barrsell.com\/wp-content\/uploads\/2024\/08\/Eos-34.G-HD.png","type":"image\/png"}],"twitter_card":"summary_large_image","twitter_misc":{"Est. reading time":"2 minutes"},"schema":{"@context":"https:\/\/schema.org","@graph":[{"@type":"WebPage","@id":"https:\/\/barrsell.com\/urun\/eos-34-g-hd-isitici\/","url":"https:\/\/barrsell.com\/urun\/eos-34-g-hd-isitici\/","name":"Eos 34.G HD Is\u0131t\u0131c\u0131 | Barrsell End\u00fcstri","isPartOf":{"@id":"https:\/\/barrsell.com\/#website"},"primaryImageOfPage":{"@id":"https:\/\/barrsell.com\/urun\/eos-34-g-hd-isitici\/#primaryimage"},"image":{"@id":"https:\/\/barrsell.com\/urun\/eos-34-g-hd-isitici\/#primaryimage"},"thumbnailUrl":"https:\/\/barrsell.com\/wp-content\/uploads\/2024\/08\/Eos-34.G-HD.png","datePublished":"2024-08-16T12:52:41+00:00","dateModified":"2025-01-08T08:08:27+00:00","description":"Eos 34.G HD \u0131s\u0131t\u0131c\u0131 saunan\u0131zda ola\u011fan\u00fcst\u00fc bir s\u0131cakl\u0131k konforu ve etkili \u0131s\u0131tma sa\u011flamak \u00fczere tasarlanm\u0131\u015f, yenilik\u00e7i ve y\u00fcksek kapasiteli bir","breadcrumb":{"@id":"https:\/\/barrsell.com\/urun\/eos-34-g-hd-isitici\/#breadcrumb"},"inLanguage":"en-US","potentialAction":[{"@type":"ReadAction","target":["https:\/\/barrsell.com\/urun\/eos-34-g-hd-isitici\/"]}]},{"@type":"ImageObject","inLanguage":"en-US","@id":"https:\/\/barrsell.com\/urun\/eos-34-g-hd-isitici\/#primaryimage","url":"https:\/\/barrsell.com\/wp-content\/uploads\/2024\/08\/Eos-34.G-HD.png","contentUrl":"https:\/\/barrsell.com\/wp-content\/uploads\/2024\/08\/Eos-34.G-HD.png","width":1200,"height":1200,"caption":"Eos 34.G HD"},{"@type":"BreadcrumbList","@id":"https:\/\/barrsell.com\/urun\/eos-34-g-hd-isitici\/#breadcrumb","itemListElement":[{"@type":"ListItem","position":1,"name":"Home","item":"https:\/\/barrsell.com\/"},{"@type":"ListItem","position":2,"name":"\u00dcr\u00fcnler","item":"https:\/\/barrsell.com\/en\/products\/"},{"@type":"ListItem","position":3,"name":"Eos 34.G HD Is\u0131t\u0131c\u0131"}]},{"@type":"WebSite","@id":"https:\/\/barrsell.com\/#website","url":"https:\/\/barrsell.com\/","name":"Barrsell End\u00fcstri Makine","description":"Teknolojiyle G\u00fc\u00e7lenen End\u00fcstriyel \u00c7\u00f6z\u00fcmler!","potentialAction":[{"@type":"SearchAction","target":{"@type":"EntryPoint","urlTemplate":"https:\/\/barrsell.com\/?s={search_term_string}"},"query-input":"required name=search_term_string"}],"inLanguage":"en-US"}]}},"_links":{"self":[{"href":"https:\/\/barrsell.com\/en\/wp-json\/wp\/v2\/product\/12089","targetHints":{"allow":["GET"]}}],"collection":[{"href":"https:\/\/barrsell.com\/en\/wp-json\/wp\/v2\/product"}],"about":[{"href":"https:\/\/barrsell.com\/en\/wp-json\/wp\/v2\/types\/product"}],"version-history":[{"count":5,"href":"https:\/\/barrsell.com\/en\/wp-json\/wp\/v2\/product\/12089\/revisions"}],"predecessor-version":[{"id":12965,"href":"https:\/\/barrsell.com\/en\/wp-json\/wp\/v2\/product\/12089\/revisions\/12965"}],"wp:featuredmedia":[{"embeddable":true,"href":"https:\/\/barrsell.com\/en\/wp-json\/wp\/v2\/media\/12090"}],"wp:attachment":[{"href":"https:\/\/barrsell.com\/en\/wp-json\/wp\/v2\/media?parent=12089"}],"wp:term":[{"taxonomy":"product_cat","embeddable":true,"href":"https:\/\/barrsell.com\/en\/wp-json\/wp\/v2\/product_cat?post=12089"},{"taxonomy":"product_tag","embeddable":true,"href":"https:\/\/barrsell.com\/en\/wp-json\/wp\/v2\/product_tag?post=12089"}],"curies":[{"name":"wp","href":"https:\/\/api.w.org\/{rel}","templated":true}]}}