{"id":12049,"date":"2024-08-16T11:23:52","date_gmt":"2024-08-16T11:23:52","guid":{"rendered":"https:\/\/barrsell.com\/?post_type=product&#038;p=12049"},"modified":"2025-01-08T08:08:47","modified_gmt":"2025-01-08T08:08:47","slug":"eos-stone-s60-isitici","status":"publish","type":"product","link":"https:\/\/barrsell.com\/en\/product\/eos-stone-s60-heater\/","title":{"rendered":"Eos Stone S60 Heater"},"content":{"rendered":"<h2><strong>Eos Stone S60 Heater<\/strong><\/h2>\n<p>Eos Stone S60 Heater offers a unique steam and heat experience in your sauna with its high performance and modern design. It also provides effective and efficient heating in large-scale saunas. Combines comfort and elegance. Eos Stone S60 is an ideal choice for both home and commercial use.  It also stands out with its high capacity performance and user-friendly features.<\/p>\n<h4><strong>\u00a0Highlights of the Steam Sauna Heater:<\/strong><\/h4>\n<ul>\n<li><strong>High Capacity Steam Generation:<\/strong> The Eos Stone S60 provides a fast and intense steam production even in large saunas. Combined with advanced steam generator technology, it offers the perfect steam comfort and relaxation experience in every session.<\/li>\n<li><strong>Strong Heating Performance:<\/strong> Eos Stone S60 is equipped with high capacity heating elements. This ensures a fast and even heat distribution in every corner of your sauna. Thus, it creates a comfortable temperature environment from every angle.<\/li>\n<li><strong>Energy Efficiency:<\/strong> Thanks to its energy efficient operating principle, it offers high performance with low energy consumption. This feature also provides an environmentally friendly use while reducing your energy costs.<\/li>\n<li><strong>User Friendly Smart Controls:<\/strong> The intelligent control panel allows you to precisely adjust the temperature and steam levels. With the user-friendly interface, you can personalize every session of your sauna.  And this helps you easily achieve the ideal temperature and steam levels.<\/li>\n<li><strong>Stylish and Durable Design:<\/strong> With a modern and aesthetic design, Eos Stone S60 is an elegant addition to the interior of your sauna. It is made of durable materials and therefore offers a long-lasting and reliable use.<\/li>\n<li><strong>Advanced Security Features:<\/strong> It is equipped with features such as overheating protection, automatic shutdown and safety sensors. These safety measures ensure safe and trouble-free operation of the device. As a result, it maximizes user safety.<\/li>\n<\/ul>\n<p>&nbsp;<\/p>","protected":false},"excerpt":{"rendered":"<ul>\n<li>High capacity<\/li>\n<li>Energy efficiency<\/li>\n<\/ul>","protected":false},"featured_media":12050,"template":"","meta":[],"product_cat":[53,155,156],"product_tag":[],"class_list":{"0":"post-12049","1":"product","2":"type-product","3":"status-publish","4":"has-post-thumbnail","6":"product_cat-sauna-isiticilari","7":"product_cat-eos-sauna-isiticilari","8":"product_cat-eos-sauna-isiticilar","10":"first","11":"instock","12":"shipping-taxable","13":"purchasable","14":"product-type-variable"},"yoast_head":"<!-- This site is optimized with the Yoast SEO Premium plugin v23.2 (Yoast SEO v23.2) - https:\/\/yoast.com\/wordpress\/plugins\/seo\/ -->\n<title>Eos Stone S60 Is\u0131t\u0131c\u0131 | Barrsell End\u00fcstri<\/title>\n<meta name=\"description\" content=\"Eos Stone S60 Is\u0131t\u0131c\u0131, y\u00fcksek performans\u0131 ve modern tasar\u0131m\u0131 ile saunan\u0131zda benzersiz bir buhar ve s\u0131cakl\u0131k deneyimi sunar. B\u00fcy\u00fck \u00f6l\u00e7ekli saunalarda\" \/>\n<meta name=\"robots\" content=\"index, follow, max-snippet:-1, max-image-preview:large, max-video-preview:-1\" \/>\n<link rel=\"canonical\" href=\"https:\/\/barrsell.com\/en\/product\/eos-stone-s60-heater\/\" \/>\n<meta property=\"og:locale\" content=\"en_US\" \/>\n<meta property=\"og:type\" content=\"article\" \/>\n<meta property=\"og:title\" content=\"Eos Stone S60 Is\u0131t\u0131c\u0131\" \/>\n<meta property=\"og:description\" content=\"Eos Stone S60 Is\u0131t\u0131c\u0131, y\u00fcksek performans\u0131 ve modern tasar\u0131m\u0131 ile saunan\u0131zda benzersiz bir buhar ve s\u0131cakl\u0131k deneyimi sunar. B\u00fcy\u00fck \u00f6l\u00e7ekli saunalarda\" \/>\n<meta property=\"og:url\" content=\"https:\/\/barrsell.com\/en\/product\/eos-stone-s60-heater\/\" \/>\n<meta property=\"og:site_name\" content=\"Barrsell\" \/>\n<meta property=\"article:modified_time\" content=\"2025-01-08T08:08:47+00:00\" \/>\n<meta property=\"og:image\" content=\"https:\/\/barrsell.com\/wp-content\/uploads\/2024\/08\/EOS-Stone-S60-Buhar.png\" \/>\n\t<meta property=\"og:image:width\" content=\"1200\" \/>\n\t<meta property=\"og:image:height\" content=\"1200\" \/>\n\t<meta property=\"og:image:type\" content=\"image\/png\" \/>\n<meta name=\"twitter:card\" content=\"summary_large_image\" \/>\n<meta name=\"twitter:label1\" content=\"Est. reading time\" \/>\n\t<meta name=\"twitter:data1\" content=\"2 minutes\" \/>\n<script type=\"application\/ld+json\" class=\"yoast-schema-graph\">{\"@context\":\"https:\/\/schema.org\",\"@graph\":[{\"@type\":\"WebPage\",\"@id\":\"https:\/\/barrsell.com\/urun\/eos-stone-s60-isitici\/\",\"url\":\"https:\/\/barrsell.com\/urun\/eos-stone-s60-isitici\/\",\"name\":\"Eos Stone S60 Is\u0131t\u0131c\u0131 | Barrsell End\u00fcstri\",\"isPartOf\":{\"@id\":\"https:\/\/barrsell.com\/#website\"},\"primaryImageOfPage\":{\"@id\":\"https:\/\/barrsell.com\/urun\/eos-stone-s60-isitici\/#primaryimage\"},\"image\":{\"@id\":\"https:\/\/barrsell.com\/urun\/eos-stone-s60-isitici\/#primaryimage\"},\"thumbnailUrl\":\"https:\/\/barrsell.com\/wp-content\/uploads\/2024\/08\/EOS-Stone-S60-Buhar.png\",\"datePublished\":\"2024-08-16T11:23:52+00:00\",\"dateModified\":\"2025-01-08T08:08:47+00:00\",\"description\":\"Eos Stone S60 Is\u0131t\u0131c\u0131, y\u00fcksek performans\u0131 ve modern tasar\u0131m\u0131 ile saunan\u0131zda benzersiz bir buhar ve s\u0131cakl\u0131k deneyimi sunar. B\u00fcy\u00fck \u00f6l\u00e7ekli saunalarda\",\"breadcrumb\":{\"@id\":\"https:\/\/barrsell.com\/urun\/eos-stone-s60-isitici\/#breadcrumb\"},\"inLanguage\":\"en-US\",\"potentialAction\":[{\"@type\":\"ReadAction\",\"target\":[\"https:\/\/barrsell.com\/urun\/eos-stone-s60-isitici\/\"]}]},{\"@type\":\"ImageObject\",\"inLanguage\":\"en-US\",\"@id\":\"https:\/\/barrsell.com\/urun\/eos-stone-s60-isitici\/#primaryimage\",\"url\":\"https:\/\/barrsell.com\/wp-content\/uploads\/2024\/08\/EOS-Stone-S60-Buhar.png\",\"contentUrl\":\"https:\/\/barrsell.com\/wp-content\/uploads\/2024\/08\/EOS-Stone-S60-Buhar.png\",\"width\":1200,\"height\":1200,\"caption\":\"EOS Stone S60 Buhar\"},{\"@type\":\"BreadcrumbList\",\"@id\":\"https:\/\/barrsell.com\/urun\/eos-stone-s60-isitici\/#breadcrumb\",\"itemListElement\":[{\"@type\":\"ListItem\",\"position\":1,\"name\":\"Home\",\"item\":\"https:\/\/barrsell.com\/\"},{\"@type\":\"ListItem\",\"position\":2,\"name\":\"\u00dcr\u00fcnler\",\"item\":\"https:\/\/barrsell.com\/en\/products\/\"},{\"@type\":\"ListItem\",\"position\":3,\"name\":\"Eos Stone S60 Is\u0131t\u0131c\u0131\"}]},{\"@type\":\"WebSite\",\"@id\":\"https:\/\/barrsell.com\/#website\",\"url\":\"https:\/\/barrsell.com\/\",\"name\":\"Barrsell End\u00fcstri Makine\",\"description\":\"Teknolojiyle G\u00fc\u00e7lenen End\u00fcstriyel \u00c7\u00f6z\u00fcmler!\",\"potentialAction\":[{\"@type\":\"SearchAction\",\"target\":{\"@type\":\"EntryPoint\",\"urlTemplate\":\"https:\/\/barrsell.com\/?s={search_term_string}\"},\"query-input\":\"required name=search_term_string\"}],\"inLanguage\":\"en-US\"}]}<\/script>\n<!-- \/ Yoast SEO Premium plugin. -->","yoast_head_json":{"title":"Eos Stone S60 Is\u0131t\u0131c\u0131 | Barrsell End\u00fcstri","description":"Eos Stone S60 Is\u0131t\u0131c\u0131, y\u00fcksek performans\u0131 ve modern tasar\u0131m\u0131 ile saunan\u0131zda benzersiz bir buhar ve s\u0131cakl\u0131k deneyimi sunar. B\u00fcy\u00fck \u00f6l\u00e7ekli saunalarda","robots":{"index":"index","follow":"follow","max-snippet":"max-snippet:-1","max-image-preview":"max-image-preview:large","max-video-preview":"max-video-preview:-1"},"canonical":"https:\/\/barrsell.com\/en\/product\/eos-stone-s60-heater\/","og_locale":"en_US","og_type":"article","og_title":"Eos Stone S60 Is\u0131t\u0131c\u0131","og_description":"Eos Stone S60 Is\u0131t\u0131c\u0131, y\u00fcksek performans\u0131 ve modern tasar\u0131m\u0131 ile saunan\u0131zda benzersiz bir buhar ve s\u0131cakl\u0131k deneyimi sunar. B\u00fcy\u00fck \u00f6l\u00e7ekli saunalarda","og_url":"https:\/\/barrsell.com\/en\/product\/eos-stone-s60-heater\/","og_site_name":"Barrsell","article_modified_time":"2025-01-08T08:08:47+00:00","og_image":[{"width":1200,"height":1200,"url":"https:\/\/barrsell.com\/wp-content\/uploads\/2024\/08\/EOS-Stone-S60-Buhar.png","type":"image\/png"}],"twitter_card":"summary_large_image","twitter_misc":{"Est. reading time":"2 minutes"},"schema":{"@context":"https:\/\/schema.org","@graph":[{"@type":"WebPage","@id":"https:\/\/barrsell.com\/urun\/eos-stone-s60-isitici\/","url":"https:\/\/barrsell.com\/urun\/eos-stone-s60-isitici\/","name":"Eos Stone S60 Is\u0131t\u0131c\u0131 | Barrsell End\u00fcstri","isPartOf":{"@id":"https:\/\/barrsell.com\/#website"},"primaryImageOfPage":{"@id":"https:\/\/barrsell.com\/urun\/eos-stone-s60-isitici\/#primaryimage"},"image":{"@id":"https:\/\/barrsell.com\/urun\/eos-stone-s60-isitici\/#primaryimage"},"thumbnailUrl":"https:\/\/barrsell.com\/wp-content\/uploads\/2024\/08\/EOS-Stone-S60-Buhar.png","datePublished":"2024-08-16T11:23:52+00:00","dateModified":"2025-01-08T08:08:47+00:00","description":"Eos Stone S60 Is\u0131t\u0131c\u0131, y\u00fcksek performans\u0131 ve modern tasar\u0131m\u0131 ile saunan\u0131zda benzersiz bir buhar ve s\u0131cakl\u0131k deneyimi sunar. B\u00fcy\u00fck \u00f6l\u00e7ekli saunalarda","breadcrumb":{"@id":"https:\/\/barrsell.com\/urun\/eos-stone-s60-isitici\/#breadcrumb"},"inLanguage":"en-US","potentialAction":[{"@type":"ReadAction","target":["https:\/\/barrsell.com\/urun\/eos-stone-s60-isitici\/"]}]},{"@type":"ImageObject","inLanguage":"en-US","@id":"https:\/\/barrsell.com\/urun\/eos-stone-s60-isitici\/#primaryimage","url":"https:\/\/barrsell.com\/wp-content\/uploads\/2024\/08\/EOS-Stone-S60-Buhar.png","contentUrl":"https:\/\/barrsell.com\/wp-content\/uploads\/2024\/08\/EOS-Stone-S60-Buhar.png","width":1200,"height":1200,"caption":"EOS Stone S60 Buhar"},{"@type":"BreadcrumbList","@id":"https:\/\/barrsell.com\/urun\/eos-stone-s60-isitici\/#breadcrumb","itemListElement":[{"@type":"ListItem","position":1,"name":"Home","item":"https:\/\/barrsell.com\/"},{"@type":"ListItem","position":2,"name":"\u00dcr\u00fcnler","item":"https:\/\/barrsell.com\/en\/products\/"},{"@type":"ListItem","position":3,"name":"Eos Stone S60 Is\u0131t\u0131c\u0131"}]},{"@type":"WebSite","@id":"https:\/\/barrsell.com\/#website","url":"https:\/\/barrsell.com\/","name":"Barrsell End\u00fcstri Makine","description":"Teknolojiyle G\u00fc\u00e7lenen End\u00fcstriyel \u00c7\u00f6z\u00fcmler!","potentialAction":[{"@type":"SearchAction","target":{"@type":"EntryPoint","urlTemplate":"https:\/\/barrsell.com\/?s={search_term_string}"},"query-input":"required name=search_term_string"}],"inLanguage":"en-US"}]}},"_links":{"self":[{"href":"https:\/\/barrsell.com\/en\/wp-json\/wp\/v2\/product\/12049","targetHints":{"allow":["GET"]}}],"collection":[{"href":"https:\/\/barrsell.com\/en\/wp-json\/wp\/v2\/product"}],"about":[{"href":"https:\/\/barrsell.com\/en\/wp-json\/wp\/v2\/types\/product"}],"version-history":[{"count":6,"href":"https:\/\/barrsell.com\/en\/wp-json\/wp\/v2\/product\/12049\/revisions"}],"predecessor-version":[{"id":19955,"href":"https:\/\/barrsell.com\/en\/wp-json\/wp\/v2\/product\/12049\/revisions\/19955"}],"wp:featuredmedia":[{"embeddable":true,"href":"https:\/\/barrsell.com\/en\/wp-json\/wp\/v2\/media\/12050"}],"wp:attachment":[{"href":"https:\/\/barrsell.com\/en\/wp-json\/wp\/v2\/media?parent=12049"}],"wp:term":[{"taxonomy":"product_cat","embeddable":true,"href":"https:\/\/barrsell.com\/en\/wp-json\/wp\/v2\/product_cat?post=12049"},{"taxonomy":"product_tag","embeddable":true,"href":"https:\/\/barrsell.com\/en\/wp-json\/wp\/v2\/product_tag?post=12049"}],"curies":[{"name":"wp","href":"https:\/\/api.w.org\/{rel}","templated":true}]}}