{"id":12044,"date":"2024-08-16T11:19:36","date_gmt":"2024-08-16T11:19:36","guid":{"rendered":"https:\/\/barrsell.com\/?post_type=product&#038;p=12044"},"modified":"2025-01-08T08:10:15","modified_gmt":"2025-01-08T08:10:15","slug":"eos-mythos-s45-isitici","status":"publish","type":"product","link":"https:\/\/barrsell.com\/en\/product\/eos-mythos-s45-heater\/","title":{"rendered":"EOS Mythos S45 Heater"},"content":{"rendered":"<div class=\"flex max-w-full flex-col flex-grow\">\n<div class=\"min-h-[20px] text-message flex w-full flex-col items-end gap-2 whitespace-pre-wrap break-words [.text-message+&amp;]:mt-5 overflow-x-auto\" dir=\"auto\" data-message-author-role=\"assistant\" data-message-id=\"624f6716-ac70-446b-a539-f46f5d45a1e0\">\n<div class=\"flex w-full flex-col gap-1 empty:hidden first:pt-[3px]\">\n<div class=\"markdown prose w-full break-words dark:prose-invert light\">\n<h2><strong>EOS Mythos S45 Heater\u00a0<\/strong><\/h2>\n<p>The EOS Mythos S45 heater is designed to provide a unique steam experience and maximum comfort in your sauna. It is a particularly high-tech heating solution. It stands out with its modern design, powerful performance and user-friendly features. It creates an ideal steam environment in every corner of your sauna. Eos Mythos provides superior performance in both home and commercial saunas.<\/p>\n<p><a href=\"https:\/\/barrsell.com\/wp-content\/uploads\/2024\/08\/EOS-Mythos-S45-Isitici-1.jpg\"><img fetchpriority=\"high\" decoding=\"async\" class=\"wp-image-19964 size-full\" src=\"https:\/\/barrsell.com\/wp-content\/uploads\/2024\/08\/EOS-Mythos-S45-Isitici-1.jpg\" alt=\"\" width=\"1000\" height=\"664\" srcset=\"https:\/\/barrsell.com\/wp-content\/uploads\/2024\/08\/EOS-Mythos-S45-Isitici-1.jpg 1000w, https:\/\/barrsell.com\/wp-content\/uploads\/2024\/08\/EOS-Mythos-S45-Isitici-1-300x199.jpg 300w, https:\/\/barrsell.com\/wp-content\/uploads\/2024\/08\/EOS-Mythos-S45-Isitici-1-768x510.jpg 768w, https:\/\/barrsell.com\/wp-content\/uploads\/2024\/08\/EOS-Mythos-S45-Isitici-1-18x12.jpg 18w, https:\/\/barrsell.com\/wp-content\/uploads\/2024\/08\/EOS-Mythos-S45-Isitici-1-150x100.jpg 150w\" sizes=\"(max-width: 1000px) 100vw, 1000px\" \/><\/a><\/p>\n<h4><strong>EOS Mythos S45 Heater Highlights:<\/strong><\/h4>\n<ul>\n<li><strong>Advanced Steam Generation Technology:<\/strong> Eos Mythos is equipped with a high capacity steam generator. This technology ensures a fast and intense steam production in your sauna. Thus, it allows you to experience perfect steam comfort in every session.<\/li>\n<li><strong>High Performance Heating:<\/strong> With its efficient heating elements, Eos Mythos provides a fast and even heat distribution in every corner of your sauna. This performance ensures a comfortable and effective sauna experience.<\/li>\n<li><strong>Energy Efficiency:<\/strong> This heater offers high performance with low energy consumption. Its particularly energy-efficient operating principle reduces your energy costs and ensures an environmentally friendly use.<\/li>\n<li><strong>User Friendly Controls:<\/strong> Eos Mythos is equipped with an intelligent control panel. This panel also allows you to precisely adjust the temperature and steam levels. The user-friendly interface allows you to personalize every session of your sauna. And therefore helps you to easily set the steam and temperature levels that suit your needs.<\/li>\n<li><strong>Stylish and Durable Design:<\/strong> With a modern and aesthetic design, Eos Mythos is an elegant addition to the interior of your sauna. Made of durable materials, it offers a long-lasting and reliable use.<\/li>\n<li><strong>Advanced Security Features:<\/strong> Features such as overheat protection, automatic shutdown and safety sensors ensure safe and trouble-free operation. In addition, these safety measures guarantee users a comfortable and safe sauna experience.<\/li>\n<\/ul>\n<\/div>\n<\/div>\n<\/div>\n<\/div>","protected":false},"excerpt":{"rendered":"<ul>\n<li>Eos Mythos steam sauna heater<\/li>\n<li>High capacity<\/li>\n<li>Energy efficiency<\/li>\n<\/ul>","protected":false},"featured_media":12045,"template":"","meta":[],"product_cat":[53,155,156],"product_tag":[],"class_list":{"0":"post-12044","1":"product","2":"type-product","3":"status-publish","4":"has-post-thumbnail","6":"product_cat-sauna-isiticilari","7":"product_cat-eos-sauna-isiticilari","8":"product_cat-eos-sauna-isiticilar","10":"first","11":"instock","12":"shipping-taxable","13":"purchasable","14":"product-type-variable"},"yoast_head":"<!-- This site is optimized with the Yoast SEO Premium plugin v23.2 (Yoast SEO v23.2) - https:\/\/yoast.com\/wordpress\/plugins\/seo\/ -->\n<title>EOS Mythos S45 Is\u0131t\u0131c\u0131 | Barrsell End\u00fcstri<\/title>\n<meta name=\"description\" content=\"EOS Mythos S45 Is\u0131t\u0131c\u0131 , saunan\u0131zda e\u015fsiz bir buhar deneyimi sunmak ve maksimum konforu sa\u011flamak i\u00e7in \u00f6zel olarak tasarlanm\u0131\u015ft\u0131r.\" \/>\n<meta name=\"robots\" content=\"index, follow, max-snippet:-1, max-image-preview:large, max-video-preview:-1\" \/>\n<link rel=\"canonical\" href=\"https:\/\/barrsell.com\/en\/product\/eos-mythos-s45-heater\/\" \/>\n<meta property=\"og:locale\" content=\"en_US\" \/>\n<meta property=\"og:type\" content=\"article\" \/>\n<meta property=\"og:title\" content=\"EOS Mythos S45 Is\u0131t\u0131c\u0131\" \/>\n<meta property=\"og:description\" content=\"EOS Mythos S45 Is\u0131t\u0131c\u0131 , saunan\u0131zda e\u015fsiz bir buhar deneyimi sunmak ve maksimum konforu sa\u011flamak i\u00e7in \u00f6zel olarak tasarlanm\u0131\u015ft\u0131r.\" \/>\n<meta property=\"og:url\" content=\"https:\/\/barrsell.com\/en\/product\/eos-mythos-s45-heater\/\" \/>\n<meta property=\"og:site_name\" content=\"Barrsell\" \/>\n<meta property=\"article:modified_time\" content=\"2025-01-08T08:10:15+00:00\" \/>\n<meta property=\"og:image\" content=\"https:\/\/barrsell.com\/wp-content\/uploads\/2024\/08\/EOS-Mythos-Buhari.png\" \/>\n\t<meta property=\"og:image:width\" content=\"1200\" \/>\n\t<meta property=\"og:image:height\" content=\"1200\" \/>\n\t<meta property=\"og:image:type\" content=\"image\/png\" \/>\n<meta name=\"twitter:card\" content=\"summary_large_image\" \/>\n<meta name=\"twitter:label1\" content=\"Est. reading time\" \/>\n\t<meta name=\"twitter:data1\" content=\"2 minutes\" \/>\n<script type=\"application\/ld+json\" class=\"yoast-schema-graph\">{\"@context\":\"https:\/\/schema.org\",\"@graph\":[{\"@type\":\"WebPage\",\"@id\":\"https:\/\/barrsell.com\/urun\/eos-mythos-s45-isitici\/\",\"url\":\"https:\/\/barrsell.com\/urun\/eos-mythos-s45-isitici\/\",\"name\":\"EOS Mythos S45 Is\u0131t\u0131c\u0131 | Barrsell End\u00fcstri\",\"isPartOf\":{\"@id\":\"https:\/\/barrsell.com\/#website\"},\"primaryImageOfPage\":{\"@id\":\"https:\/\/barrsell.com\/urun\/eos-mythos-s45-isitici\/#primaryimage\"},\"image\":{\"@id\":\"https:\/\/barrsell.com\/urun\/eos-mythos-s45-isitici\/#primaryimage\"},\"thumbnailUrl\":\"https:\/\/barrsell.com\/wp-content\/uploads\/2024\/08\/EOS-Mythos-Buhari.png\",\"datePublished\":\"2024-08-16T11:19:36+00:00\",\"dateModified\":\"2025-01-08T08:10:15+00:00\",\"description\":\"EOS Mythos S45 Is\u0131t\u0131c\u0131 , saunan\u0131zda e\u015fsiz bir buhar deneyimi sunmak ve maksimum konforu sa\u011flamak i\u00e7in \u00f6zel olarak tasarlanm\u0131\u015ft\u0131r.\",\"breadcrumb\":{\"@id\":\"https:\/\/barrsell.com\/urun\/eos-mythos-s45-isitici\/#breadcrumb\"},\"inLanguage\":\"en-US\",\"potentialAction\":[{\"@type\":\"ReadAction\",\"target\":[\"https:\/\/barrsell.com\/urun\/eos-mythos-s45-isitici\/\"]}]},{\"@type\":\"ImageObject\",\"inLanguage\":\"en-US\",\"@id\":\"https:\/\/barrsell.com\/urun\/eos-mythos-s45-isitici\/#primaryimage\",\"url\":\"https:\/\/barrsell.com\/wp-content\/uploads\/2024\/08\/EOS-Mythos-Buhari.png\",\"contentUrl\":\"https:\/\/barrsell.com\/wp-content\/uploads\/2024\/08\/EOS-Mythos-Buhari.png\",\"width\":1200,\"height\":1200,\"caption\":\"EOS Mythos Buhar\u0131\"},{\"@type\":\"BreadcrumbList\",\"@id\":\"https:\/\/barrsell.com\/urun\/eos-mythos-s45-isitici\/#breadcrumb\",\"itemListElement\":[{\"@type\":\"ListItem\",\"position\":1,\"name\":\"Home\",\"item\":\"https:\/\/barrsell.com\/\"},{\"@type\":\"ListItem\",\"position\":2,\"name\":\"\u00dcr\u00fcnler\",\"item\":\"https:\/\/barrsell.com\/en\/products\/\"},{\"@type\":\"ListItem\",\"position\":3,\"name\":\"EOS Mythos S45 Is\u0131t\u0131c\u0131\"}]},{\"@type\":\"WebSite\",\"@id\":\"https:\/\/barrsell.com\/#website\",\"url\":\"https:\/\/barrsell.com\/\",\"name\":\"Barrsell End\u00fcstri Makine\",\"description\":\"Teknolojiyle G\u00fc\u00e7lenen End\u00fcstriyel \u00c7\u00f6z\u00fcmler!\",\"potentialAction\":[{\"@type\":\"SearchAction\",\"target\":{\"@type\":\"EntryPoint\",\"urlTemplate\":\"https:\/\/barrsell.com\/?s={search_term_string}\"},\"query-input\":\"required name=search_term_string\"}],\"inLanguage\":\"en-US\"}]}<\/script>\n<!-- \/ Yoast SEO Premium plugin. -->","yoast_head_json":{"title":"EOS Mythos S45 Is\u0131t\u0131c\u0131 | Barrsell End\u00fcstri","description":"EOS Mythos S45 Is\u0131t\u0131c\u0131 , saunan\u0131zda e\u015fsiz bir buhar deneyimi sunmak ve maksimum konforu sa\u011flamak i\u00e7in \u00f6zel olarak tasarlanm\u0131\u015ft\u0131r.","robots":{"index":"index","follow":"follow","max-snippet":"max-snippet:-1","max-image-preview":"max-image-preview:large","max-video-preview":"max-video-preview:-1"},"canonical":"https:\/\/barrsell.com\/en\/product\/eos-mythos-s45-heater\/","og_locale":"en_US","og_type":"article","og_title":"EOS Mythos S45 Is\u0131t\u0131c\u0131","og_description":"EOS Mythos S45 Is\u0131t\u0131c\u0131 , saunan\u0131zda e\u015fsiz bir buhar deneyimi sunmak ve maksimum konforu sa\u011flamak i\u00e7in \u00f6zel olarak tasarlanm\u0131\u015ft\u0131r.","og_url":"https:\/\/barrsell.com\/en\/product\/eos-mythos-s45-heater\/","og_site_name":"Barrsell","article_modified_time":"2025-01-08T08:10:15+00:00","og_image":[{"width":1200,"height":1200,"url":"https:\/\/barrsell.com\/wp-content\/uploads\/2024\/08\/EOS-Mythos-Buhari.png","type":"image\/png"}],"twitter_card":"summary_large_image","twitter_misc":{"Est. reading time":"2 minutes"},"schema":{"@context":"https:\/\/schema.org","@graph":[{"@type":"WebPage","@id":"https:\/\/barrsell.com\/urun\/eos-mythos-s45-isitici\/","url":"https:\/\/barrsell.com\/urun\/eos-mythos-s45-isitici\/","name":"EOS Mythos S45 Is\u0131t\u0131c\u0131 | Barrsell End\u00fcstri","isPartOf":{"@id":"https:\/\/barrsell.com\/#website"},"primaryImageOfPage":{"@id":"https:\/\/barrsell.com\/urun\/eos-mythos-s45-isitici\/#primaryimage"},"image":{"@id":"https:\/\/barrsell.com\/urun\/eos-mythos-s45-isitici\/#primaryimage"},"thumbnailUrl":"https:\/\/barrsell.com\/wp-content\/uploads\/2024\/08\/EOS-Mythos-Buhari.png","datePublished":"2024-08-16T11:19:36+00:00","dateModified":"2025-01-08T08:10:15+00:00","description":"EOS Mythos S45 Is\u0131t\u0131c\u0131 , saunan\u0131zda e\u015fsiz bir buhar deneyimi sunmak ve maksimum konforu sa\u011flamak i\u00e7in \u00f6zel olarak tasarlanm\u0131\u015ft\u0131r.","breadcrumb":{"@id":"https:\/\/barrsell.com\/urun\/eos-mythos-s45-isitici\/#breadcrumb"},"inLanguage":"en-US","potentialAction":[{"@type":"ReadAction","target":["https:\/\/barrsell.com\/urun\/eos-mythos-s45-isitici\/"]}]},{"@type":"ImageObject","inLanguage":"en-US","@id":"https:\/\/barrsell.com\/urun\/eos-mythos-s45-isitici\/#primaryimage","url":"https:\/\/barrsell.com\/wp-content\/uploads\/2024\/08\/EOS-Mythos-Buhari.png","contentUrl":"https:\/\/barrsell.com\/wp-content\/uploads\/2024\/08\/EOS-Mythos-Buhari.png","width":1200,"height":1200,"caption":"EOS Mythos Buhar\u0131"},{"@type":"BreadcrumbList","@id":"https:\/\/barrsell.com\/urun\/eos-mythos-s45-isitici\/#breadcrumb","itemListElement":[{"@type":"ListItem","position":1,"name":"Home","item":"https:\/\/barrsell.com\/"},{"@type":"ListItem","position":2,"name":"\u00dcr\u00fcnler","item":"https:\/\/barrsell.com\/en\/products\/"},{"@type":"ListItem","position":3,"name":"EOS Mythos S45 Is\u0131t\u0131c\u0131"}]},{"@type":"WebSite","@id":"https:\/\/barrsell.com\/#website","url":"https:\/\/barrsell.com\/","name":"Barrsell End\u00fcstri Makine","description":"Teknolojiyle G\u00fc\u00e7lenen End\u00fcstriyel \u00c7\u00f6z\u00fcmler!","potentialAction":[{"@type":"SearchAction","target":{"@type":"EntryPoint","urlTemplate":"https:\/\/barrsell.com\/?s={search_term_string}"},"query-input":"required name=search_term_string"}],"inLanguage":"en-US"}]}},"_links":{"self":[{"href":"https:\/\/barrsell.com\/en\/wp-json\/wp\/v2\/product\/12044","targetHints":{"allow":["GET"]}}],"collection":[{"href":"https:\/\/barrsell.com\/en\/wp-json\/wp\/v2\/product"}],"about":[{"href":"https:\/\/barrsell.com\/en\/wp-json\/wp\/v2\/types\/product"}],"version-history":[{"count":8,"href":"https:\/\/barrsell.com\/en\/wp-json\/wp\/v2\/product\/12044\/revisions"}],"predecessor-version":[{"id":19965,"href":"https:\/\/barrsell.com\/en\/wp-json\/wp\/v2\/product\/12044\/revisions\/19965"}],"wp:featuredmedia":[{"embeddable":true,"href":"https:\/\/barrsell.com\/en\/wp-json\/wp\/v2\/media\/12045"}],"wp:attachment":[{"href":"https:\/\/barrsell.com\/en\/wp-json\/wp\/v2\/media?parent=12044"}],"wp:term":[{"taxonomy":"product_cat","embeddable":true,"href":"https:\/\/barrsell.com\/en\/wp-json\/wp\/v2\/product_cat?post=12044"},{"taxonomy":"product_tag","embeddable":true,"href":"https:\/\/barrsell.com\/en\/wp-json\/wp\/v2\/product_tag?post=12044"}],"curies":[{"name":"wp","href":"https:\/\/api.w.org\/{rel}","templated":true}]}}