{"id":12018,"date":"2024-08-16T10:34:56","date_gmt":"2024-08-16T10:34:56","guid":{"rendered":"https:\/\/barrsell.com\/?post_type=product&#038;p=12018"},"modified":"2025-01-08T08:10:54","modified_gmt":"2025-01-08T08:10:54","slug":"eos-herkules-s60","status":"publish","type":"product","link":"https:\/\/barrsell.com\/en\/product\/eos-herkules-s60\/","title":{"rendered":"EOS Hercules S60 Heater"},"content":{"rendered":"<h2><strong>EOS Hercules S60 Heater:  The Pinnacle of Power and Performance<\/strong><\/h2>\n<p>The EOS Hercules S60 steam sauna heater is a high-performance heating solution designed to deliver a perfect steam and warmth experience in your sauna. It stands out with its advanced technology and powerful features.  It provides an ideal performance in both home and commercial saunas. Eos Herkules S60 also combines comfort and efficiency in your sauna.<\/p>\n<p><a href=\"https:\/\/barrsell.com\/wp-content\/uploads\/2024\/08\/EOS-Herkules-S60-Isitici-1-1.jpg\"><img fetchpriority=\"high\" decoding=\"async\" class=\"alignnone wp-image-19970 size-full\" src=\"https:\/\/barrsell.com\/wp-content\/uploads\/2024\/08\/EOS-Herkules-S60-Isitici-1-1.jpg\" alt=\"\" width=\"1000\" height=\"664\" srcset=\"https:\/\/barrsell.com\/wp-content\/uploads\/2024\/08\/EOS-Herkules-S60-Isitici-1-1.jpg 1000w, https:\/\/barrsell.com\/wp-content\/uploads\/2024\/08\/EOS-Herkules-S60-Isitici-1-1-300x199.jpg 300w, https:\/\/barrsell.com\/wp-content\/uploads\/2024\/08\/EOS-Herkules-S60-Isitici-1-1-768x510.jpg 768w, https:\/\/barrsell.com\/wp-content\/uploads\/2024\/08\/EOS-Herkules-S60-Isitici-1-1-18x12.jpg 18w, https:\/\/barrsell.com\/wp-content\/uploads\/2024\/08\/EOS-Herkules-S60-Isitici-1-1-150x100.jpg 150w\" sizes=\"(max-width: 1000px) 100vw, 1000px\" \/><\/a><\/p>\n<p><strong>Highlights of the Eos Herkules S60 Steam Sauna Heater:<\/strong><\/p>\n<ul>\n<li><strong>High Level Steam Generation:<\/strong> It is equipped with a high capacity steam generator. This technology also provides a fast and intense steam production in your sauna. Thus, it offers a relaxing and effective sauna experience.<\/li>\n<li><strong>Strong Heating Performance:<\/strong> With its advanced heating elements, this heater provides a fast and even heat distribution in your sauna. It also creates the ideal temperature and steam environment in every corner of your sauna, ensuring a comfortable experience.<\/li>\n<li><strong>Energy Efficiency:<\/strong> Eos Herkules S60 offers high performance with low energy consumption. Its energy-efficient operating principle reduces your energy costs and provides an environmentally friendly use.<\/li>\n<li><strong>Smart Control Panel:<\/strong> The user-friendly smart control panel allows you to precisely adjust the temperature and steam levels. Thanks to this interface you can personalize every session of your sauna. And at the same time, you can easily set the steam and temperature levels that suit your needs.<\/li>\n<li><strong>Stylish and Durable Design:<\/strong> The sauna stove attracts attention with its modern and stylish design. It makes an elegant contribution to the aesthetics of your sauna. It is made of durable materials and offers a long-lasting and reliable use.<\/li>\n<li><strong>Advanced Security Features:<\/strong> Features such as overheat protection, automatic shutdown and safety sensors ensure safe and trouble-free operation of the device. These safety measures maximize user security.<\/li>\n<\/ul>","protected":false},"excerpt":{"rendered":"<ul>\n<li>Powerful Heating Performance<\/li>\n<li>Energy Efficiency<\/li>\n<li>Smart Control Panel<\/li>\n<\/ul>","protected":false},"featured_media":12019,"template":"","meta":[],"product_cat":[53,155,156],"product_tag":[],"class_list":{"0":"post-12018","1":"product","2":"type-product","3":"status-publish","4":"has-post-thumbnail","6":"product_cat-sauna-isiticilari","7":"product_cat-eos-sauna-isiticilari","8":"product_cat-eos-sauna-isiticilar","10":"first","11":"instock","12":"shipping-taxable","13":"purchasable","14":"product-type-variable"},"yoast_head":"<!-- This site is optimized with the Yoast SEO Premium plugin v23.2 (Yoast SEO v23.2) - https:\/\/yoast.com\/wordpress\/plugins\/seo\/ -->\n<title>EOS Herk\u00fcles S60 Is\u0131t\u0131c\u0131 | Barrsell End\u00fcstri<\/title>\n<meta name=\"description\" content=\"EOS Herk\u00fcles S60\u00a0 buhar sauna \u0131s\u0131t\u0131c\u0131s\u0131, saunan\u0131zda m\u00fckemmel bir buhar ve s\u0131cakl\u0131k deneyimi sunmak i\u00e7in tasarlanm\u0131\u015f, y\u00fcksek performansl\u0131 bir \u0131s\u0131tma\" \/>\n<meta name=\"robots\" content=\"index, follow, max-snippet:-1, max-image-preview:large, max-video-preview:-1\" \/>\n<link rel=\"canonical\" href=\"https:\/\/barrsell.com\/en\/product\/eos-herkules-s60\/\" \/>\n<meta property=\"og:locale\" content=\"en_US\" \/>\n<meta property=\"og:type\" content=\"article\" \/>\n<meta property=\"og:title\" content=\"EOS Herk\u00fcles S60 Is\u0131t\u0131c\u0131\" \/>\n<meta property=\"og:description\" content=\"EOS Herk\u00fcles S60\u00a0 buhar sauna \u0131s\u0131t\u0131c\u0131s\u0131, saunan\u0131zda m\u00fckemmel bir buhar ve s\u0131cakl\u0131k deneyimi sunmak i\u00e7in tasarlanm\u0131\u015f, y\u00fcksek performansl\u0131 bir \u0131s\u0131tma\" \/>\n<meta property=\"og:url\" content=\"https:\/\/barrsell.com\/en\/product\/eos-herkules-s60\/\" \/>\n<meta property=\"og:site_name\" content=\"Barrsell\" \/>\n<meta property=\"article:modified_time\" content=\"2025-01-08T08:10:54+00:00\" \/>\n<meta property=\"og:image\" content=\"https:\/\/barrsell.com\/wp-content\/uploads\/2024\/08\/EOS-Herkules-S60-Buhar.png\" \/>\n\t<meta property=\"og:image:width\" content=\"1200\" \/>\n\t<meta property=\"og:image:height\" content=\"1200\" \/>\n\t<meta property=\"og:image:type\" content=\"image\/png\" \/>\n<meta name=\"twitter:card\" content=\"summary_large_image\" \/>\n<meta name=\"twitter:label1\" content=\"Est. reading time\" \/>\n\t<meta name=\"twitter:data1\" content=\"2 minutes\" \/>\n<script type=\"application\/ld+json\" class=\"yoast-schema-graph\">{\"@context\":\"https:\/\/schema.org\",\"@graph\":[{\"@type\":\"WebPage\",\"@id\":\"https:\/\/barrsell.com\/urun\/eos-herkules-s60\/\",\"url\":\"https:\/\/barrsell.com\/urun\/eos-herkules-s60\/\",\"name\":\"EOS Herk\u00fcles S60 Is\u0131t\u0131c\u0131 | Barrsell End\u00fcstri\",\"isPartOf\":{\"@id\":\"https:\/\/barrsell.com\/#website\"},\"primaryImageOfPage\":{\"@id\":\"https:\/\/barrsell.com\/urun\/eos-herkules-s60\/#primaryimage\"},\"image\":{\"@id\":\"https:\/\/barrsell.com\/urun\/eos-herkules-s60\/#primaryimage\"},\"thumbnailUrl\":\"https:\/\/barrsell.com\/wp-content\/uploads\/2024\/08\/EOS-Herkules-S60-Buhar.png\",\"datePublished\":\"2024-08-16T10:34:56+00:00\",\"dateModified\":\"2025-01-08T08:10:54+00:00\",\"description\":\"EOS Herk\u00fcles S60\u00a0 buhar sauna \u0131s\u0131t\u0131c\u0131s\u0131, saunan\u0131zda m\u00fckemmel bir buhar ve s\u0131cakl\u0131k deneyimi sunmak i\u00e7in tasarlanm\u0131\u015f, y\u00fcksek performansl\u0131 bir \u0131s\u0131tma\",\"breadcrumb\":{\"@id\":\"https:\/\/barrsell.com\/urun\/eos-herkules-s60\/#breadcrumb\"},\"inLanguage\":\"en-US\",\"potentialAction\":[{\"@type\":\"ReadAction\",\"target\":[\"https:\/\/barrsell.com\/urun\/eos-herkules-s60\/\"]}]},{\"@type\":\"ImageObject\",\"inLanguage\":\"en-US\",\"@id\":\"https:\/\/barrsell.com\/urun\/eos-herkules-s60\/#primaryimage\",\"url\":\"https:\/\/barrsell.com\/wp-content\/uploads\/2024\/08\/EOS-Herkules-S60-Buhar.png\",\"contentUrl\":\"https:\/\/barrsell.com\/wp-content\/uploads\/2024\/08\/EOS-Herkules-S60-Buhar.png\",\"width\":1200,\"height\":1200,\"caption\":\"EOS Herkules S60 Buhar\"},{\"@type\":\"BreadcrumbList\",\"@id\":\"https:\/\/barrsell.com\/urun\/eos-herkules-s60\/#breadcrumb\",\"itemListElement\":[{\"@type\":\"ListItem\",\"position\":1,\"name\":\"Home\",\"item\":\"https:\/\/barrsell.com\/\"},{\"@type\":\"ListItem\",\"position\":2,\"name\":\"\u00dcr\u00fcnler\",\"item\":\"https:\/\/barrsell.com\/en\/products\/\"},{\"@type\":\"ListItem\",\"position\":3,\"name\":\"EOS Herk\u00fcles S60 Is\u0131t\u0131c\u0131\"}]},{\"@type\":\"WebSite\",\"@id\":\"https:\/\/barrsell.com\/#website\",\"url\":\"https:\/\/barrsell.com\/\",\"name\":\"Barrsell End\u00fcstri Makine\",\"description\":\"Teknolojiyle G\u00fc\u00e7lenen End\u00fcstriyel \u00c7\u00f6z\u00fcmler!\",\"potentialAction\":[{\"@type\":\"SearchAction\",\"target\":{\"@type\":\"EntryPoint\",\"urlTemplate\":\"https:\/\/barrsell.com\/?s={search_term_string}\"},\"query-input\":\"required name=search_term_string\"}],\"inLanguage\":\"en-US\"}]}<\/script>\n<!-- \/ Yoast SEO Premium plugin. -->","yoast_head_json":{"title":"EOS Herk\u00fcles S60 Is\u0131t\u0131c\u0131 | Barrsell End\u00fcstri","description":"EOS Herk\u00fcles S60\u00a0 buhar sauna \u0131s\u0131t\u0131c\u0131s\u0131, saunan\u0131zda m\u00fckemmel bir buhar ve s\u0131cakl\u0131k deneyimi sunmak i\u00e7in tasarlanm\u0131\u015f, y\u00fcksek performansl\u0131 bir \u0131s\u0131tma","robots":{"index":"index","follow":"follow","max-snippet":"max-snippet:-1","max-image-preview":"max-image-preview:large","max-video-preview":"max-video-preview:-1"},"canonical":"https:\/\/barrsell.com\/en\/product\/eos-herkules-s60\/","og_locale":"en_US","og_type":"article","og_title":"EOS Herk\u00fcles S60 Is\u0131t\u0131c\u0131","og_description":"EOS Herk\u00fcles S60\u00a0 buhar sauna \u0131s\u0131t\u0131c\u0131s\u0131, saunan\u0131zda m\u00fckemmel bir buhar ve s\u0131cakl\u0131k deneyimi sunmak i\u00e7in tasarlanm\u0131\u015f, y\u00fcksek performansl\u0131 bir \u0131s\u0131tma","og_url":"https:\/\/barrsell.com\/en\/product\/eos-herkules-s60\/","og_site_name":"Barrsell","article_modified_time":"2025-01-08T08:10:54+00:00","og_image":[{"width":1200,"height":1200,"url":"https:\/\/barrsell.com\/wp-content\/uploads\/2024\/08\/EOS-Herkules-S60-Buhar.png","type":"image\/png"}],"twitter_card":"summary_large_image","twitter_misc":{"Est. reading time":"2 minutes"},"schema":{"@context":"https:\/\/schema.org","@graph":[{"@type":"WebPage","@id":"https:\/\/barrsell.com\/urun\/eos-herkules-s60\/","url":"https:\/\/barrsell.com\/urun\/eos-herkules-s60\/","name":"EOS Herk\u00fcles S60 Is\u0131t\u0131c\u0131 | Barrsell End\u00fcstri","isPartOf":{"@id":"https:\/\/barrsell.com\/#website"},"primaryImageOfPage":{"@id":"https:\/\/barrsell.com\/urun\/eos-herkules-s60\/#primaryimage"},"image":{"@id":"https:\/\/barrsell.com\/urun\/eos-herkules-s60\/#primaryimage"},"thumbnailUrl":"https:\/\/barrsell.com\/wp-content\/uploads\/2024\/08\/EOS-Herkules-S60-Buhar.png","datePublished":"2024-08-16T10:34:56+00:00","dateModified":"2025-01-08T08:10:54+00:00","description":"EOS Herk\u00fcles S60\u00a0 buhar sauna \u0131s\u0131t\u0131c\u0131s\u0131, saunan\u0131zda m\u00fckemmel bir buhar ve s\u0131cakl\u0131k deneyimi sunmak i\u00e7in tasarlanm\u0131\u015f, y\u00fcksek performansl\u0131 bir \u0131s\u0131tma","breadcrumb":{"@id":"https:\/\/barrsell.com\/urun\/eos-herkules-s60\/#breadcrumb"},"inLanguage":"en-US","potentialAction":[{"@type":"ReadAction","target":["https:\/\/barrsell.com\/urun\/eos-herkules-s60\/"]}]},{"@type":"ImageObject","inLanguage":"en-US","@id":"https:\/\/barrsell.com\/urun\/eos-herkules-s60\/#primaryimage","url":"https:\/\/barrsell.com\/wp-content\/uploads\/2024\/08\/EOS-Herkules-S60-Buhar.png","contentUrl":"https:\/\/barrsell.com\/wp-content\/uploads\/2024\/08\/EOS-Herkules-S60-Buhar.png","width":1200,"height":1200,"caption":"EOS Herkules S60 Buhar"},{"@type":"BreadcrumbList","@id":"https:\/\/barrsell.com\/urun\/eos-herkules-s60\/#breadcrumb","itemListElement":[{"@type":"ListItem","position":1,"name":"Home","item":"https:\/\/barrsell.com\/"},{"@type":"ListItem","position":2,"name":"\u00dcr\u00fcnler","item":"https:\/\/barrsell.com\/en\/products\/"},{"@type":"ListItem","position":3,"name":"EOS Herk\u00fcles S60 Is\u0131t\u0131c\u0131"}]},{"@type":"WebSite","@id":"https:\/\/barrsell.com\/#website","url":"https:\/\/barrsell.com\/","name":"Barrsell End\u00fcstri Makine","description":"Teknolojiyle G\u00fc\u00e7lenen End\u00fcstriyel \u00c7\u00f6z\u00fcmler!","potentialAction":[{"@type":"SearchAction","target":{"@type":"EntryPoint","urlTemplate":"https:\/\/barrsell.com\/?s={search_term_string}"},"query-input":"required name=search_term_string"}],"inLanguage":"en-US"}]}},"_links":{"self":[{"href":"https:\/\/barrsell.com\/en\/wp-json\/wp\/v2\/product\/12018","targetHints":{"allow":["GET"]}}],"collection":[{"href":"https:\/\/barrsell.com\/en\/wp-json\/wp\/v2\/product"}],"about":[{"href":"https:\/\/barrsell.com\/en\/wp-json\/wp\/v2\/types\/product"}],"version-history":[{"count":9,"href":"https:\/\/barrsell.com\/en\/wp-json\/wp\/v2\/product\/12018\/revisions"}],"predecessor-version":[{"id":12984,"href":"https:\/\/barrsell.com\/en\/wp-json\/wp\/v2\/product\/12018\/revisions\/12984"}],"wp:featuredmedia":[{"embeddable":true,"href":"https:\/\/barrsell.com\/en\/wp-json\/wp\/v2\/media\/12019"}],"wp:attachment":[{"href":"https:\/\/barrsell.com\/en\/wp-json\/wp\/v2\/media?parent=12018"}],"wp:term":[{"taxonomy":"product_cat","embeddable":true,"href":"https:\/\/barrsell.com\/en\/wp-json\/wp\/v2\/product_cat?post=12018"},{"taxonomy":"product_tag","embeddable":true,"href":"https:\/\/barrsell.com\/en\/wp-json\/wp\/v2\/product_tag?post=12018"}],"curies":[{"name":"wp","href":"https:\/\/api.w.org\/{rel}","templated":true}]}}