{"id":12013,"date":"2024-08-16T10:25:55","date_gmt":"2024-08-16T10:25:55","guid":{"rendered":"https:\/\/barrsell.com\/?post_type=product&#038;p=12013"},"modified":"2025-01-08T07:16:09","modified_gmt":"2025-01-08T07:16:09","slug":"eos-herkules-s25-isitici","status":"publish","type":"product","link":"https:\/\/barrsell.com\/en\/product\/eos-herkules-s25-heater\/","title":{"rendered":"Eos Herkules S25 Heater"},"content":{"rendered":"<div class=\"flex max-w-full flex-col flex-grow\">\n<div class=\"min-h-[20px] text-message flex w-full flex-col items-end gap-2 whitespace-pre-wrap break-words [.text-message+&amp;]:mt-5 overflow-x-auto\" dir=\"auto\" data-message-author-role=\"assistant\" data-message-id=\"1dddbcab-c7e9-4770-94da-67512df46005\">\n<div class=\"flex w-full flex-col gap-1 empty:hidden first:pt-[3px]\">\n<div class=\"markdown prose w-full break-words dark:prose-invert light\">\n<h2><strong>Eos Herkules S25 Heater\u00a0<\/strong><\/h2>\n<p>The Eos Herkules S25 heater is a high-performance heating solution designed to provide superior temperature comfort and efficient steam production in your sauna. It stands out with its modern technology and user-friendly features. It is also an ideal choice to perfect your sauna experience. Eos Herkules S25 offers powerful and effective performance in both home and commercial saunas.<\/p>\n<h4><strong>Highlights of the Eos Herkules S25 Steam Sauna Heater:<\/strong><\/h4>\n<ul>\n<li><strong>Superior Steam Generation Technology:<\/strong> The Eos Herkules S25 is equipped with advanced steam generation technology. The high-capacity steam generator provides intense steam in your sauna quickly and effectively. Thus offering a relaxing sauna experience.<\/li>\n<li><strong>Strong Heating Performance:<\/strong> This heater provides a fast and even heat distribution with its highly efficient heating elements. It creates the ideal temperature and steam environment in every corner of your sauna, ensuring a comfortable experience.<\/li>\n<li><strong>Energy Efficiency:<\/strong> Eos Herkules S25 offers high performance with low energy consumption. Its energy efficient operating principle reduces your energy costs and provides an environmentally friendly use.<\/li>\n<li><strong>User Friendly Controls:<\/strong> The intelligent control panel allows you to easily adjust the temperature and steam levels. The particularly user-friendly interface allows you to personalize every session of your sauna. And thus helps you to precisely achieve the steam and temperature levels that suit your needs.<\/li>\n<li><strong>Stylish and Durable Design:<\/strong> Eos Herkules S25, which attracts attention with its modern and aesthetic design, makes an elegant contribution to the interior of your sauna. It is also made of quality materials and is long-lasting and durable.<\/li>\n<li><strong>Safety Features:<\/strong> It is equipped with features such as overheating protection, automatic shutdown and safety sensors. These safety measures ensure safe and trouble-free operation of the device.<\/li>\n<\/ul>\n<\/div>\n<\/div>\n<\/div>\n<\/div>","protected":false},"excerpt":{"rendered":"<ul>\n<li>Eos Herkules S25 steam sauna heater<\/li>\n<li>High performance steam sauna heater<\/li>\n<li>Energy efficient sauna heater<\/li>\n<\/ul>","protected":false},"featured_media":12014,"template":"","meta":[],"product_cat":[53,155,156],"product_tag":[],"class_list":{"0":"post-12013","1":"product","2":"type-product","3":"status-publish","4":"has-post-thumbnail","6":"product_cat-sauna-isiticilari","7":"product_cat-eos-sauna-isiticilari","8":"product_cat-eos-sauna-isiticilar","10":"first","11":"instock","12":"shipping-taxable","13":"purchasable","14":"product-type-variable"},"yoast_head":"<!-- This site is optimized with the Yoast SEO Premium plugin v23.2 (Yoast SEO v23.2) - https:\/\/yoast.com\/wordpress\/plugins\/seo\/ -->\n<title>Eos Herkules S25 Is\u0131t\u0131c\u0131 | Barrsell End\u00fcstri<\/title>\n<meta name=\"description\" content=\"Eos Herkules S25 Is\u0131t\u0131c\u0131 saunan\u0131zda \u00fcst\u00fcn s\u0131cakl\u0131k konforunu ve etkili buhar \u00fcretimini sa\u011flamak \u00fczere tasarlanm\u0131\u015f bir sauna sobas\u0131d\u0131r.\" \/>\n<meta name=\"robots\" content=\"index, follow, max-snippet:-1, max-image-preview:large, max-video-preview:-1\" \/>\n<link rel=\"canonical\" href=\"https:\/\/barrsell.com\/en\/product\/eos-herkules-s25-heater\/\" \/>\n<meta property=\"og:locale\" content=\"en_US\" \/>\n<meta property=\"og:type\" content=\"article\" \/>\n<meta property=\"og:title\" content=\"Eos Herkules S25 Is\u0131t\u0131c\u0131\" \/>\n<meta property=\"og:description\" content=\"Eos Herkules S25 Is\u0131t\u0131c\u0131 saunan\u0131zda \u00fcst\u00fcn s\u0131cakl\u0131k konforunu ve etkili buhar \u00fcretimini sa\u011flamak \u00fczere tasarlanm\u0131\u015f bir sauna sobas\u0131d\u0131r.\" \/>\n<meta property=\"og:url\" content=\"https:\/\/barrsell.com\/en\/product\/eos-herkules-s25-heater\/\" \/>\n<meta property=\"og:site_name\" content=\"Barrsell\" \/>\n<meta property=\"article:modified_time\" content=\"2025-01-08T07:16:09+00:00\" \/>\n<meta property=\"og:image\" content=\"https:\/\/barrsell.com\/wp-content\/uploads\/2024\/08\/Eos-Herkules-S25-Buhar.png\" \/>\n\t<meta property=\"og:image:width\" content=\"1200\" \/>\n\t<meta property=\"og:image:height\" content=\"1200\" \/>\n\t<meta property=\"og:image:type\" content=\"image\/png\" \/>\n<meta name=\"twitter:card\" content=\"summary_large_image\" \/>\n<meta name=\"twitter:label1\" content=\"Est. reading time\" \/>\n\t<meta name=\"twitter:data1\" content=\"2 minutes\" \/>\n<script type=\"application\/ld+json\" class=\"yoast-schema-graph\">{\"@context\":\"https:\/\/schema.org\",\"@graph\":[{\"@type\":\"WebPage\",\"@id\":\"https:\/\/barrsell.com\/urun\/eos-herkules-s25-isitici\/\",\"url\":\"https:\/\/barrsell.com\/urun\/eos-herkules-s25-isitici\/\",\"name\":\"Eos Herkules S25 Is\u0131t\u0131c\u0131 | Barrsell End\u00fcstri\",\"isPartOf\":{\"@id\":\"https:\/\/barrsell.com\/#website\"},\"primaryImageOfPage\":{\"@id\":\"https:\/\/barrsell.com\/urun\/eos-herkules-s25-isitici\/#primaryimage\"},\"image\":{\"@id\":\"https:\/\/barrsell.com\/urun\/eos-herkules-s25-isitici\/#primaryimage\"},\"thumbnailUrl\":\"https:\/\/barrsell.com\/wp-content\/uploads\/2024\/08\/Eos-Herkules-S25-Buhar.png\",\"datePublished\":\"2024-08-16T10:25:55+00:00\",\"dateModified\":\"2025-01-08T07:16:09+00:00\",\"description\":\"Eos Herkules S25 Is\u0131t\u0131c\u0131 saunan\u0131zda \u00fcst\u00fcn s\u0131cakl\u0131k konforunu ve etkili buhar \u00fcretimini sa\u011flamak \u00fczere tasarlanm\u0131\u015f bir sauna sobas\u0131d\u0131r.\",\"breadcrumb\":{\"@id\":\"https:\/\/barrsell.com\/urun\/eos-herkules-s25-isitici\/#breadcrumb\"},\"inLanguage\":\"en-US\",\"potentialAction\":[{\"@type\":\"ReadAction\",\"target\":[\"https:\/\/barrsell.com\/urun\/eos-herkules-s25-isitici\/\"]}]},{\"@type\":\"ImageObject\",\"inLanguage\":\"en-US\",\"@id\":\"https:\/\/barrsell.com\/urun\/eos-herkules-s25-isitici\/#primaryimage\",\"url\":\"https:\/\/barrsell.com\/wp-content\/uploads\/2024\/08\/Eos-Herkules-S25-Buhar.png\",\"contentUrl\":\"https:\/\/barrsell.com\/wp-content\/uploads\/2024\/08\/Eos-Herkules-S25-Buhar.png\",\"width\":1200,\"height\":1200,\"caption\":\"Eos-Herkules-S25-Buhar\"},{\"@type\":\"BreadcrumbList\",\"@id\":\"https:\/\/barrsell.com\/urun\/eos-herkules-s25-isitici\/#breadcrumb\",\"itemListElement\":[{\"@type\":\"ListItem\",\"position\":1,\"name\":\"Home\",\"item\":\"https:\/\/barrsell.com\/\"},{\"@type\":\"ListItem\",\"position\":2,\"name\":\"\u00dcr\u00fcnler\",\"item\":\"https:\/\/barrsell.com\/en\/products\/\"},{\"@type\":\"ListItem\",\"position\":3,\"name\":\"Eos Herkules S25 Is\u0131t\u0131c\u0131\"}]},{\"@type\":\"WebSite\",\"@id\":\"https:\/\/barrsell.com\/#website\",\"url\":\"https:\/\/barrsell.com\/\",\"name\":\"Barrsell End\u00fcstri Makine\",\"description\":\"Teknolojiyle G\u00fc\u00e7lenen End\u00fcstriyel \u00c7\u00f6z\u00fcmler!\",\"potentialAction\":[{\"@type\":\"SearchAction\",\"target\":{\"@type\":\"EntryPoint\",\"urlTemplate\":\"https:\/\/barrsell.com\/?s={search_term_string}\"},\"query-input\":\"required name=search_term_string\"}],\"inLanguage\":\"en-US\"}]}<\/script>\n<!-- \/ Yoast SEO Premium plugin. -->","yoast_head_json":{"title":"Eos Herkules S25 Is\u0131t\u0131c\u0131 | Barrsell End\u00fcstri","description":"Eos Herkules S25 Is\u0131t\u0131c\u0131 saunan\u0131zda \u00fcst\u00fcn s\u0131cakl\u0131k konforunu ve etkili buhar \u00fcretimini sa\u011flamak \u00fczere tasarlanm\u0131\u015f bir sauna sobas\u0131d\u0131r.","robots":{"index":"index","follow":"follow","max-snippet":"max-snippet:-1","max-image-preview":"max-image-preview:large","max-video-preview":"max-video-preview:-1"},"canonical":"https:\/\/barrsell.com\/en\/product\/eos-herkules-s25-heater\/","og_locale":"en_US","og_type":"article","og_title":"Eos Herkules S25 Is\u0131t\u0131c\u0131","og_description":"Eos Herkules S25 Is\u0131t\u0131c\u0131 saunan\u0131zda \u00fcst\u00fcn s\u0131cakl\u0131k konforunu ve etkili buhar \u00fcretimini sa\u011flamak \u00fczere tasarlanm\u0131\u015f bir sauna sobas\u0131d\u0131r.","og_url":"https:\/\/barrsell.com\/en\/product\/eos-herkules-s25-heater\/","og_site_name":"Barrsell","article_modified_time":"2025-01-08T07:16:09+00:00","og_image":[{"width":1200,"height":1200,"url":"https:\/\/barrsell.com\/wp-content\/uploads\/2024\/08\/Eos-Herkules-S25-Buhar.png","type":"image\/png"}],"twitter_card":"summary_large_image","twitter_misc":{"Est. reading time":"2 minutes"},"schema":{"@context":"https:\/\/schema.org","@graph":[{"@type":"WebPage","@id":"https:\/\/barrsell.com\/urun\/eos-herkules-s25-isitici\/","url":"https:\/\/barrsell.com\/urun\/eos-herkules-s25-isitici\/","name":"Eos Herkules S25 Is\u0131t\u0131c\u0131 | Barrsell End\u00fcstri","isPartOf":{"@id":"https:\/\/barrsell.com\/#website"},"primaryImageOfPage":{"@id":"https:\/\/barrsell.com\/urun\/eos-herkules-s25-isitici\/#primaryimage"},"image":{"@id":"https:\/\/barrsell.com\/urun\/eos-herkules-s25-isitici\/#primaryimage"},"thumbnailUrl":"https:\/\/barrsell.com\/wp-content\/uploads\/2024\/08\/Eos-Herkules-S25-Buhar.png","datePublished":"2024-08-16T10:25:55+00:00","dateModified":"2025-01-08T07:16:09+00:00","description":"Eos Herkules S25 Is\u0131t\u0131c\u0131 saunan\u0131zda \u00fcst\u00fcn s\u0131cakl\u0131k konforunu ve etkili buhar \u00fcretimini sa\u011flamak \u00fczere tasarlanm\u0131\u015f bir sauna sobas\u0131d\u0131r.","breadcrumb":{"@id":"https:\/\/barrsell.com\/urun\/eos-herkules-s25-isitici\/#breadcrumb"},"inLanguage":"en-US","potentialAction":[{"@type":"ReadAction","target":["https:\/\/barrsell.com\/urun\/eos-herkules-s25-isitici\/"]}]},{"@type":"ImageObject","inLanguage":"en-US","@id":"https:\/\/barrsell.com\/urun\/eos-herkules-s25-isitici\/#primaryimage","url":"https:\/\/barrsell.com\/wp-content\/uploads\/2024\/08\/Eos-Herkules-S25-Buhar.png","contentUrl":"https:\/\/barrsell.com\/wp-content\/uploads\/2024\/08\/Eos-Herkules-S25-Buhar.png","width":1200,"height":1200,"caption":"Eos-Herkules-S25-Buhar"},{"@type":"BreadcrumbList","@id":"https:\/\/barrsell.com\/urun\/eos-herkules-s25-isitici\/#breadcrumb","itemListElement":[{"@type":"ListItem","position":1,"name":"Home","item":"https:\/\/barrsell.com\/"},{"@type":"ListItem","position":2,"name":"\u00dcr\u00fcnler","item":"https:\/\/barrsell.com\/en\/products\/"},{"@type":"ListItem","position":3,"name":"Eos Herkules S25 Is\u0131t\u0131c\u0131"}]},{"@type":"WebSite","@id":"https:\/\/barrsell.com\/#website","url":"https:\/\/barrsell.com\/","name":"Barrsell End\u00fcstri Makine","description":"Teknolojiyle G\u00fc\u00e7lenen End\u00fcstriyel \u00c7\u00f6z\u00fcmler!","potentialAction":[{"@type":"SearchAction","target":{"@type":"EntryPoint","urlTemplate":"https:\/\/barrsell.com\/?s={search_term_string}"},"query-input":"required name=search_term_string"}],"inLanguage":"en-US"}]}},"_links":{"self":[{"href":"https:\/\/barrsell.com\/en\/wp-json\/wp\/v2\/product\/12013","targetHints":{"allow":["GET"]}}],"collection":[{"href":"https:\/\/barrsell.com\/en\/wp-json\/wp\/v2\/product"}],"about":[{"href":"https:\/\/barrsell.com\/en\/wp-json\/wp\/v2\/types\/product"}],"version-history":[{"count":6,"href":"https:\/\/barrsell.com\/en\/wp-json\/wp\/v2\/product\/12013\/revisions"}],"predecessor-version":[{"id":19975,"href":"https:\/\/barrsell.com\/en\/wp-json\/wp\/v2\/product\/12013\/revisions\/19975"}],"wp:featuredmedia":[{"embeddable":true,"href":"https:\/\/barrsell.com\/en\/wp-json\/wp\/v2\/media\/12014"}],"wp:attachment":[{"href":"https:\/\/barrsell.com\/en\/wp-json\/wp\/v2\/media?parent=12013"}],"wp:term":[{"taxonomy":"product_cat","embeddable":true,"href":"https:\/\/barrsell.com\/en\/wp-json\/wp\/v2\/product_cat?post=12013"},{"taxonomy":"product_tag","embeddable":true,"href":"https:\/\/barrsell.com\/en\/wp-json\/wp\/v2\/product_tag?post=12013"}],"curies":[{"name":"wp","href":"https:\/\/api.w.org\/{rel}","templated":true}]}}