{"id":12005,"date":"2024-08-16T09:41:40","date_gmt":"2024-08-16T09:41:40","guid":{"rendered":"https:\/\/barrsell.com\/?post_type=product&#038;p=12005"},"modified":"2025-01-08T08:11:28","modified_gmt":"2025-01-08T08:11:28","slug":"eos-bio-tec-w","status":"publish","type":"product","link":"https:\/\/barrsell.com\/en\/product\/eos-bio-tec-w\/","title":{"rendered":"Eos Bio Tec W"},"content":{"rendered":"<div class=\"flex max-w-full flex-col flex-grow\">\n<div class=\"min-h-[20px] text-message flex w-full flex-col items-end gap-2 whitespace-pre-wrap break-words [.text-message+&amp;]:mt-5 overflow-x-auto\" dir=\"auto\" data-message-author-role=\"assistant\" data-message-id=\"d801daa0-7c74-43b4-95e6-18f235d2f0ea\">\n<div class=\"flex w-full flex-col gap-1 empty:hidden first:pt-[3px]\">\n<div class=\"markdown prose w-full break-words dark:prose-invert light\">\n<h2><strong>Sauna heater with intelligent control system<\/strong><\/h2>\n<p>Eos Bio Tec W sauna heater is a heating solution that combines high technology and superior performance, designed to perfect your modern sauna experience. It stands out especially with its aesthetic design and energy efficiency. It also plays an effective role in providing the ideal temperature and comfort in your sauna. Eos Bio Tec W is a reliable and performance-oriented choice suitable for both home and commercial saunas.<\/p>\n<h4><strong>Featured Features of Sauna Heater:<\/strong><\/h4>\n<ul>\n<li><strong>Innovative Heating Technology:<\/strong> It is equipped with state-of-the-art heating elements. In addition, this advanced technology ensures a fast and even heat distribution in every corner of your sauna. Thus creating a comfortable temperature environment.<\/li>\n<li><strong>Energy Efficiency:<\/strong> Thanks to its energy-efficient operating principle, it offers high performance with low energy consumption. This feature both reduces your energy costs and provides an environmentally friendly use.<\/li>\n<li><strong>Fashionable and Modern Design:<\/strong> It has a modern and aesthetic design. Its elegant appearance adds elegance to the interior of your sauna and harmonizes with any decoration.<\/li>\n<li><strong>User Friendly Controls:<\/strong> The heater is equipped with an intelligent control panel. Thanks to this panel, you can easily adjust the temperature and operating times. You can personalize every session of your sauna. The user-friendly interface ensures a comfortable and precise operation.<\/li>\n<li><strong>Safety Features:<\/strong> Safety measures such as overheating protection and automatic shutdown ensure safe use. These features ensure reliable operation and risk-free use of the device.<\/li>\n<\/ul>\n<\/div>\n<\/div>\n<\/div>\n<\/div>","protected":false},"excerpt":{"rendered":"<ul>\n<li>Modern and stylish sauna heater<\/li>\n<li>Sauna heater with intelligent control system<\/li>\n<\/ul>","protected":false},"featured_media":12006,"template":"","meta":[],"product_cat":[53,155,156],"product_tag":[],"class_list":{"0":"post-12005","1":"product","2":"type-product","3":"status-publish","4":"has-post-thumbnail","6":"product_cat-sauna-isiticilari","7":"product_cat-eos-sauna-isiticilari","8":"product_cat-eos-sauna-isiticilar","10":"first","11":"instock","12":"shipping-taxable","13":"purchasable","14":"product-type-variable"},"yoast_head":"<!-- This site is optimized with the Yoast SEO Premium plugin v23.2 (Yoast SEO v23.2) - https:\/\/yoast.com\/wordpress\/plugins\/seo\/ -->\n<title>Eos Bio Tec W | Barrsell End\u00fcstri<\/title>\n<meta name=\"description\" content=\"Eos Bio Tec W sauna \u0131s\u0131t\u0131c\u0131s\u0131Yenilik\u00e7i sauna \u0131s\u0131t\u0131c\u0131s\u0131Enerji verimli sauna \u0131s\u0131t\u0131c\u0131s\u0131Modern tasar\u0131ml\u0131 sauna \u0131s\u0131t\u0131c\u0131s\u0131Ak\u0131ll\u0131 kontrol sistemli sauna \u0131s\u0131t\u0131c\u0131s\u0131\" \/>\n<meta name=\"robots\" content=\"index, follow, max-snippet:-1, max-image-preview:large, max-video-preview:-1\" \/>\n<link rel=\"canonical\" href=\"https:\/\/barrsell.com\/en\/product\/eos-bio-tec-w\/\" \/>\n<meta property=\"og:locale\" content=\"en_US\" \/>\n<meta property=\"og:type\" content=\"article\" \/>\n<meta property=\"og:title\" content=\"Eos Bio Tec W\" \/>\n<meta property=\"og:description\" content=\"Eos Bio Tec W sauna \u0131s\u0131t\u0131c\u0131s\u0131Yenilik\u00e7i sauna \u0131s\u0131t\u0131c\u0131s\u0131Enerji verimli sauna \u0131s\u0131t\u0131c\u0131s\u0131Modern tasar\u0131ml\u0131 sauna \u0131s\u0131t\u0131c\u0131s\u0131Ak\u0131ll\u0131 kontrol sistemli sauna \u0131s\u0131t\u0131c\u0131s\u0131\" \/>\n<meta property=\"og:url\" content=\"https:\/\/barrsell.com\/en\/product\/eos-bio-tec-w\/\" \/>\n<meta property=\"og:site_name\" content=\"Barrsell\" \/>\n<meta property=\"article:modified_time\" content=\"2025-01-08T08:11:28+00:00\" \/>\n<meta property=\"og:image\" content=\"https:\/\/barrsell.com\/wp-content\/uploads\/2024\/08\/Eos-Bio-Tec-W.png\" \/>\n\t<meta property=\"og:image:width\" content=\"1200\" \/>\n\t<meta property=\"og:image:height\" content=\"1200\" \/>\n\t<meta property=\"og:image:type\" content=\"image\/png\" \/>\n<meta name=\"twitter:card\" content=\"summary_large_image\" \/>\n<meta name=\"twitter:label1\" content=\"Est. reading time\" \/>\n\t<meta name=\"twitter:data1\" content=\"2 minutes\" \/>\n<script type=\"application\/ld+json\" class=\"yoast-schema-graph\">{\"@context\":\"https:\/\/schema.org\",\"@graph\":[{\"@type\":\"WebPage\",\"@id\":\"https:\/\/barrsell.com\/urun\/eos-bio-tec-w\/\",\"url\":\"https:\/\/barrsell.com\/urun\/eos-bio-tec-w\/\",\"name\":\"Eos Bio Tec W | Barrsell End\u00fcstri\",\"isPartOf\":{\"@id\":\"https:\/\/barrsell.com\/#website\"},\"primaryImageOfPage\":{\"@id\":\"https:\/\/barrsell.com\/urun\/eos-bio-tec-w\/#primaryimage\"},\"image\":{\"@id\":\"https:\/\/barrsell.com\/urun\/eos-bio-tec-w\/#primaryimage\"},\"thumbnailUrl\":\"https:\/\/barrsell.com\/wp-content\/uploads\/2024\/08\/Eos-Bio-Tec-W.png\",\"datePublished\":\"2024-08-16T09:41:40+00:00\",\"dateModified\":\"2025-01-08T08:11:28+00:00\",\"description\":\"Eos Bio Tec W sauna \u0131s\u0131t\u0131c\u0131s\u0131Yenilik\u00e7i sauna \u0131s\u0131t\u0131c\u0131s\u0131Enerji verimli sauna \u0131s\u0131t\u0131c\u0131s\u0131Modern tasar\u0131ml\u0131 sauna \u0131s\u0131t\u0131c\u0131s\u0131Ak\u0131ll\u0131 kontrol sistemli sauna \u0131s\u0131t\u0131c\u0131s\u0131\",\"breadcrumb\":{\"@id\":\"https:\/\/barrsell.com\/urun\/eos-bio-tec-w\/#breadcrumb\"},\"inLanguage\":\"en-US\",\"potentialAction\":[{\"@type\":\"ReadAction\",\"target\":[\"https:\/\/barrsell.com\/urun\/eos-bio-tec-w\/\"]}]},{\"@type\":\"ImageObject\",\"inLanguage\":\"en-US\",\"@id\":\"https:\/\/barrsell.com\/urun\/eos-bio-tec-w\/#primaryimage\",\"url\":\"https:\/\/barrsell.com\/wp-content\/uploads\/2024\/08\/Eos-Bio-Tec-W.png\",\"contentUrl\":\"https:\/\/barrsell.com\/wp-content\/uploads\/2024\/08\/Eos-Bio-Tec-W.png\",\"width\":1200,\"height\":1200,\"caption\":\"Eos Bio Tec W\"},{\"@type\":\"BreadcrumbList\",\"@id\":\"https:\/\/barrsell.com\/urun\/eos-bio-tec-w\/#breadcrumb\",\"itemListElement\":[{\"@type\":\"ListItem\",\"position\":1,\"name\":\"Home\",\"item\":\"https:\/\/barrsell.com\/\"},{\"@type\":\"ListItem\",\"position\":2,\"name\":\"\u00dcr\u00fcnler\",\"item\":\"https:\/\/barrsell.com\/en\/products\/\"},{\"@type\":\"ListItem\",\"position\":3,\"name\":\"Eos Bio Tec W\"}]},{\"@type\":\"WebSite\",\"@id\":\"https:\/\/barrsell.com\/#website\",\"url\":\"https:\/\/barrsell.com\/\",\"name\":\"Barrsell End\u00fcstri Makine\",\"description\":\"Teknolojiyle G\u00fc\u00e7lenen End\u00fcstriyel \u00c7\u00f6z\u00fcmler!\",\"potentialAction\":[{\"@type\":\"SearchAction\",\"target\":{\"@type\":\"EntryPoint\",\"urlTemplate\":\"https:\/\/barrsell.com\/?s={search_term_string}\"},\"query-input\":\"required name=search_term_string\"}],\"inLanguage\":\"en-US\"}]}<\/script>\n<!-- \/ Yoast SEO Premium plugin. -->","yoast_head_json":{"title":"Eos Bio Tec W | Barrsell End\u00fcstri","description":"Eos Bio Tec W sauna \u0131s\u0131t\u0131c\u0131s\u0131Yenilik\u00e7i sauna \u0131s\u0131t\u0131c\u0131s\u0131Enerji verimli sauna \u0131s\u0131t\u0131c\u0131s\u0131Modern tasar\u0131ml\u0131 sauna \u0131s\u0131t\u0131c\u0131s\u0131Ak\u0131ll\u0131 kontrol sistemli sauna \u0131s\u0131t\u0131c\u0131s\u0131","robots":{"index":"index","follow":"follow","max-snippet":"max-snippet:-1","max-image-preview":"max-image-preview:large","max-video-preview":"max-video-preview:-1"},"canonical":"https:\/\/barrsell.com\/en\/product\/eos-bio-tec-w\/","og_locale":"en_US","og_type":"article","og_title":"Eos Bio Tec W","og_description":"Eos Bio Tec W sauna \u0131s\u0131t\u0131c\u0131s\u0131Yenilik\u00e7i sauna \u0131s\u0131t\u0131c\u0131s\u0131Enerji verimli sauna \u0131s\u0131t\u0131c\u0131s\u0131Modern tasar\u0131ml\u0131 sauna \u0131s\u0131t\u0131c\u0131s\u0131Ak\u0131ll\u0131 kontrol sistemli sauna \u0131s\u0131t\u0131c\u0131s\u0131","og_url":"https:\/\/barrsell.com\/en\/product\/eos-bio-tec-w\/","og_site_name":"Barrsell","article_modified_time":"2025-01-08T08:11:28+00:00","og_image":[{"width":1200,"height":1200,"url":"https:\/\/barrsell.com\/wp-content\/uploads\/2024\/08\/Eos-Bio-Tec-W.png","type":"image\/png"}],"twitter_card":"summary_large_image","twitter_misc":{"Est. reading time":"2 minutes"},"schema":{"@context":"https:\/\/schema.org","@graph":[{"@type":"WebPage","@id":"https:\/\/barrsell.com\/urun\/eos-bio-tec-w\/","url":"https:\/\/barrsell.com\/urun\/eos-bio-tec-w\/","name":"Eos Bio Tec W | Barrsell End\u00fcstri","isPartOf":{"@id":"https:\/\/barrsell.com\/#website"},"primaryImageOfPage":{"@id":"https:\/\/barrsell.com\/urun\/eos-bio-tec-w\/#primaryimage"},"image":{"@id":"https:\/\/barrsell.com\/urun\/eos-bio-tec-w\/#primaryimage"},"thumbnailUrl":"https:\/\/barrsell.com\/wp-content\/uploads\/2024\/08\/Eos-Bio-Tec-W.png","datePublished":"2024-08-16T09:41:40+00:00","dateModified":"2025-01-08T08:11:28+00:00","description":"Eos Bio Tec W sauna \u0131s\u0131t\u0131c\u0131s\u0131Yenilik\u00e7i sauna \u0131s\u0131t\u0131c\u0131s\u0131Enerji verimli sauna \u0131s\u0131t\u0131c\u0131s\u0131Modern tasar\u0131ml\u0131 sauna \u0131s\u0131t\u0131c\u0131s\u0131Ak\u0131ll\u0131 kontrol sistemli sauna \u0131s\u0131t\u0131c\u0131s\u0131","breadcrumb":{"@id":"https:\/\/barrsell.com\/urun\/eos-bio-tec-w\/#breadcrumb"},"inLanguage":"en-US","potentialAction":[{"@type":"ReadAction","target":["https:\/\/barrsell.com\/urun\/eos-bio-tec-w\/"]}]},{"@type":"ImageObject","inLanguage":"en-US","@id":"https:\/\/barrsell.com\/urun\/eos-bio-tec-w\/#primaryimage","url":"https:\/\/barrsell.com\/wp-content\/uploads\/2024\/08\/Eos-Bio-Tec-W.png","contentUrl":"https:\/\/barrsell.com\/wp-content\/uploads\/2024\/08\/Eos-Bio-Tec-W.png","width":1200,"height":1200,"caption":"Eos Bio Tec W"},{"@type":"BreadcrumbList","@id":"https:\/\/barrsell.com\/urun\/eos-bio-tec-w\/#breadcrumb","itemListElement":[{"@type":"ListItem","position":1,"name":"Home","item":"https:\/\/barrsell.com\/"},{"@type":"ListItem","position":2,"name":"\u00dcr\u00fcnler","item":"https:\/\/barrsell.com\/en\/products\/"},{"@type":"ListItem","position":3,"name":"Eos Bio Tec W"}]},{"@type":"WebSite","@id":"https:\/\/barrsell.com\/#website","url":"https:\/\/barrsell.com\/","name":"Barrsell End\u00fcstri Makine","description":"Teknolojiyle G\u00fc\u00e7lenen End\u00fcstriyel \u00c7\u00f6z\u00fcmler!","potentialAction":[{"@type":"SearchAction","target":{"@type":"EntryPoint","urlTemplate":"https:\/\/barrsell.com\/?s={search_term_string}"},"query-input":"required name=search_term_string"}],"inLanguage":"en-US"}]}},"_links":{"self":[{"href":"https:\/\/barrsell.com\/en\/wp-json\/wp\/v2\/product\/12005","targetHints":{"allow":["GET"]}}],"collection":[{"href":"https:\/\/barrsell.com\/en\/wp-json\/wp\/v2\/product"}],"about":[{"href":"https:\/\/barrsell.com\/en\/wp-json\/wp\/v2\/types\/product"}],"version-history":[{"count":5,"href":"https:\/\/barrsell.com\/en\/wp-json\/wp\/v2\/product\/12005\/revisions"}],"predecessor-version":[{"id":12008,"href":"https:\/\/barrsell.com\/en\/wp-json\/wp\/v2\/product\/12005\/revisions\/12008"}],"wp:featuredmedia":[{"embeddable":true,"href":"https:\/\/barrsell.com\/en\/wp-json\/wp\/v2\/media\/12006"}],"wp:attachment":[{"href":"https:\/\/barrsell.com\/en\/wp-json\/wp\/v2\/media?parent=12005"}],"wp:term":[{"taxonomy":"product_cat","embeddable":true,"href":"https:\/\/barrsell.com\/en\/wp-json\/wp\/v2\/product_cat?post=12005"},{"taxonomy":"product_tag","embeddable":true,"href":"https:\/\/barrsell.com\/en\/wp-json\/wp\/v2\/product_tag?post=12005"}],"curies":[{"name":"wp","href":"https:\/\/api.w.org\/{rel}","templated":true}]}}