{"id":11992,"date":"2024-08-16T08:58:32","date_gmt":"2024-08-16T08:58:32","guid":{"rendered":"https:\/\/barrsell.com\/?post_type=product&#038;p=11992"},"modified":"2025-01-08T08:12:19","modified_gmt":"2025-01-08T08:12:19","slug":"eos-bio-max","status":"publish","type":"product","link":"https:\/\/barrsell.com\/en\/product\/eos-bio-max\/","title":{"rendered":"Eos Bio Max Heater"},"content":{"rendered":"<div class=\"flex max-w-full flex-col flex-grow\">\n<div class=\"min-h-[20px] text-message flex w-full flex-col items-end gap-2 whitespace-pre-wrap break-words [.text-message+&amp;]:mt-5 overflow-x-auto\" dir=\"auto\" data-message-author-role=\"assistant\" data-message-id=\"36d793cc-31b9-4ab8-bbf1-f9a0ad196410\">\n<div class=\"flex w-full flex-col gap-1 empty:hidden first:pt-[3px]\">\n<div class=\"markdown prose w-full break-words dark:prose-invert light\">\n<h2><strong>Eos Bio Max Heater<\/strong><\/h2>\n<p>The Eos Bio Max sauna heater is designed to provide the perfect temperature comfort in your sauna. It is also a high performance and innovative heating solution. It stands out with both aesthetic and functional features.  It helps you create the ideal temperature conditions in your sauna and thus makes every session more enjoyable. Eos Bio Max offers excellent performance in both traditional and modern saunas.<\/p>\n<h4><strong>Highlights of the Heater:<\/strong><\/h4>\n<ul>\n<li><strong>Superior Heating Performance:<\/strong> The Eos Bio Max is equipped with powerful heating elements. And it also ensures a fast and effective heat distribution in your sauna. Thanks to this technology, your sauna environment reaches the desired temperature in a short time and ensures an even temperature in every corner.<\/li>\n<li><strong>Energy Efficiency:<\/strong> Offering high energy efficiency, this heater provides maximum performance with low energy consumption. This feature reduces your energy costs and offers an environmentally friendly use.<\/li>\n<li><strong>Stylish and Durable Design:<\/strong> Offering high energy efficiency, this heater provides maximum performance with low energy consumption. This feature reduces your energy costs and offers an environmentally friendly use.<\/li>\n<li><strong>Easy Operation and Control:<\/strong> The intelligent control system allows you to easily adjust the temperature and operating times. The user-friendly interface allows you to personalize each session of your sauna and precisely achieve the desired temperature.<\/li>\n<li><strong>Safety Features:<\/strong> The Eos Bio Max is equipped with safety measures such as overheating protection and automatic shut-off. These features ensure safe and trouble-free use.<\/li>\n<\/ul>\n<\/div>\n<\/div>\n<\/div>\n<\/div>","protected":false},"excerpt":{"rendered":"<ul>\n<li>Energy efficient sauna heater<\/li>\n<li>Modern and stylish sauna heater<\/li>\n<li>Sauna heater with intelligent control system<\/li>\n<\/ul>","protected":false},"featured_media":11993,"template":"","meta":[],"product_cat":[53,155,156],"product_tag":[],"class_list":{"0":"post-11992","1":"product","2":"type-product","3":"status-publish","4":"has-post-thumbnail","6":"product_cat-sauna-isiticilari","7":"product_cat-eos-sauna-isiticilari","8":"product_cat-eos-sauna-isiticilar","10":"first","11":"instock","12":"shipping-taxable","13":"purchasable","14":"product-type-variable"},"yoast_head":"<!-- This site is optimized with the Yoast SEO Premium plugin v23.2 (Yoast SEO v23.2) - https:\/\/yoast.com\/wordpress\/plugins\/seo\/ -->\n<title>Eos Bio Max Is\u0131t\u0131c\u0131 | Barrsell End\u00fcstri<\/title>\n<meta name=\"description\" content=\"Eos Bio Max Is\u0131t\u0131c\u0131 sauna \u0131s\u0131t\u0131c\u0131s\u0131, saunan\u0131zda m\u00fckemmel s\u0131cakl\u0131k konforunu sa\u011flamak \u00fczere tasarlanm\u0131\u015f kaliteli bir sauna sobas\u0131d\u0131r.\" \/>\n<meta name=\"robots\" content=\"index, follow, max-snippet:-1, max-image-preview:large, max-video-preview:-1\" \/>\n<link rel=\"canonical\" href=\"https:\/\/barrsell.com\/en\/product\/eos-bio-max\/\" \/>\n<meta property=\"og:locale\" content=\"en_US\" \/>\n<meta property=\"og:type\" content=\"article\" \/>\n<meta property=\"og:title\" content=\"Eos Bio Max Is\u0131t\u0131c\u0131\" \/>\n<meta property=\"og:description\" content=\"Eos Bio Max Is\u0131t\u0131c\u0131 sauna \u0131s\u0131t\u0131c\u0131s\u0131, saunan\u0131zda m\u00fckemmel s\u0131cakl\u0131k konforunu sa\u011flamak \u00fczere tasarlanm\u0131\u015f kaliteli bir sauna sobas\u0131d\u0131r.\" \/>\n<meta property=\"og:url\" content=\"https:\/\/barrsell.com\/en\/product\/eos-bio-max\/\" \/>\n<meta property=\"og:site_name\" content=\"Barrsell\" \/>\n<meta property=\"article:modified_time\" content=\"2025-01-08T08:12:19+00:00\" \/>\n<meta property=\"og:image\" content=\"https:\/\/barrsell.com\/wp-content\/uploads\/2024\/08\/Eos-Bio-Max.png\" \/>\n\t<meta property=\"og:image:width\" content=\"1200\" \/>\n\t<meta property=\"og:image:height\" content=\"1200\" \/>\n\t<meta property=\"og:image:type\" content=\"image\/png\" \/>\n<meta name=\"twitter:card\" content=\"summary_large_image\" \/>\n<meta name=\"twitter:label1\" content=\"Est. reading time\" \/>\n\t<meta name=\"twitter:data1\" content=\"2 minutes\" \/>\n<script type=\"application\/ld+json\" class=\"yoast-schema-graph\">{\"@context\":\"https:\/\/schema.org\",\"@graph\":[{\"@type\":\"WebPage\",\"@id\":\"https:\/\/barrsell.com\/urun\/eos-bio-max\/\",\"url\":\"https:\/\/barrsell.com\/urun\/eos-bio-max\/\",\"name\":\"Eos Bio Max Is\u0131t\u0131c\u0131 | Barrsell End\u00fcstri\",\"isPartOf\":{\"@id\":\"https:\/\/barrsell.com\/#website\"},\"primaryImageOfPage\":{\"@id\":\"https:\/\/barrsell.com\/urun\/eos-bio-max\/#primaryimage\"},\"image\":{\"@id\":\"https:\/\/barrsell.com\/urun\/eos-bio-max\/#primaryimage\"},\"thumbnailUrl\":\"https:\/\/barrsell.com\/wp-content\/uploads\/2024\/08\/Eos-Bio-Max.png\",\"datePublished\":\"2024-08-16T08:58:32+00:00\",\"dateModified\":\"2025-01-08T08:12:19+00:00\",\"description\":\"Eos Bio Max Is\u0131t\u0131c\u0131 sauna \u0131s\u0131t\u0131c\u0131s\u0131, saunan\u0131zda m\u00fckemmel s\u0131cakl\u0131k konforunu sa\u011flamak \u00fczere tasarlanm\u0131\u015f kaliteli bir sauna sobas\u0131d\u0131r.\",\"breadcrumb\":{\"@id\":\"https:\/\/barrsell.com\/urun\/eos-bio-max\/#breadcrumb\"},\"inLanguage\":\"en-US\",\"potentialAction\":[{\"@type\":\"ReadAction\",\"target\":[\"https:\/\/barrsell.com\/urun\/eos-bio-max\/\"]}]},{\"@type\":\"ImageObject\",\"inLanguage\":\"en-US\",\"@id\":\"https:\/\/barrsell.com\/urun\/eos-bio-max\/#primaryimage\",\"url\":\"https:\/\/barrsell.com\/wp-content\/uploads\/2024\/08\/Eos-Bio-Max.png\",\"contentUrl\":\"https:\/\/barrsell.com\/wp-content\/uploads\/2024\/08\/Eos-Bio-Max.png\",\"width\":1200,\"height\":1200,\"caption\":\"Eos Bio Max\"},{\"@type\":\"BreadcrumbList\",\"@id\":\"https:\/\/barrsell.com\/urun\/eos-bio-max\/#breadcrumb\",\"itemListElement\":[{\"@type\":\"ListItem\",\"position\":1,\"name\":\"Home\",\"item\":\"https:\/\/barrsell.com\/\"},{\"@type\":\"ListItem\",\"position\":2,\"name\":\"\u00dcr\u00fcnler\",\"item\":\"https:\/\/barrsell.com\/en\/products\/\"},{\"@type\":\"ListItem\",\"position\":3,\"name\":\"Eos Bio Max Is\u0131t\u0131c\u0131\"}]},{\"@type\":\"WebSite\",\"@id\":\"https:\/\/barrsell.com\/#website\",\"url\":\"https:\/\/barrsell.com\/\",\"name\":\"Barrsell End\u00fcstri Makine\",\"description\":\"Teknolojiyle G\u00fc\u00e7lenen End\u00fcstriyel \u00c7\u00f6z\u00fcmler!\",\"potentialAction\":[{\"@type\":\"SearchAction\",\"target\":{\"@type\":\"EntryPoint\",\"urlTemplate\":\"https:\/\/barrsell.com\/?s={search_term_string}\"},\"query-input\":\"required name=search_term_string\"}],\"inLanguage\":\"en-US\"}]}<\/script>\n<!-- \/ Yoast SEO Premium plugin. -->","yoast_head_json":{"title":"Eos Bio Max Is\u0131t\u0131c\u0131 | Barrsell End\u00fcstri","description":"Eos Bio Max Is\u0131t\u0131c\u0131 sauna \u0131s\u0131t\u0131c\u0131s\u0131, saunan\u0131zda m\u00fckemmel s\u0131cakl\u0131k konforunu sa\u011flamak \u00fczere tasarlanm\u0131\u015f kaliteli bir sauna sobas\u0131d\u0131r.","robots":{"index":"index","follow":"follow","max-snippet":"max-snippet:-1","max-image-preview":"max-image-preview:large","max-video-preview":"max-video-preview:-1"},"canonical":"https:\/\/barrsell.com\/en\/product\/eos-bio-max\/","og_locale":"en_US","og_type":"article","og_title":"Eos Bio Max Is\u0131t\u0131c\u0131","og_description":"Eos Bio Max Is\u0131t\u0131c\u0131 sauna \u0131s\u0131t\u0131c\u0131s\u0131, saunan\u0131zda m\u00fckemmel s\u0131cakl\u0131k konforunu sa\u011flamak \u00fczere tasarlanm\u0131\u015f kaliteli bir sauna sobas\u0131d\u0131r.","og_url":"https:\/\/barrsell.com\/en\/product\/eos-bio-max\/","og_site_name":"Barrsell","article_modified_time":"2025-01-08T08:12:19+00:00","og_image":[{"width":1200,"height":1200,"url":"https:\/\/barrsell.com\/wp-content\/uploads\/2024\/08\/Eos-Bio-Max.png","type":"image\/png"}],"twitter_card":"summary_large_image","twitter_misc":{"Est. reading time":"2 minutes"},"schema":{"@context":"https:\/\/schema.org","@graph":[{"@type":"WebPage","@id":"https:\/\/barrsell.com\/urun\/eos-bio-max\/","url":"https:\/\/barrsell.com\/urun\/eos-bio-max\/","name":"Eos Bio Max Is\u0131t\u0131c\u0131 | Barrsell End\u00fcstri","isPartOf":{"@id":"https:\/\/barrsell.com\/#website"},"primaryImageOfPage":{"@id":"https:\/\/barrsell.com\/urun\/eos-bio-max\/#primaryimage"},"image":{"@id":"https:\/\/barrsell.com\/urun\/eos-bio-max\/#primaryimage"},"thumbnailUrl":"https:\/\/barrsell.com\/wp-content\/uploads\/2024\/08\/Eos-Bio-Max.png","datePublished":"2024-08-16T08:58:32+00:00","dateModified":"2025-01-08T08:12:19+00:00","description":"Eos Bio Max Is\u0131t\u0131c\u0131 sauna \u0131s\u0131t\u0131c\u0131s\u0131, saunan\u0131zda m\u00fckemmel s\u0131cakl\u0131k konforunu sa\u011flamak \u00fczere tasarlanm\u0131\u015f kaliteli bir sauna sobas\u0131d\u0131r.","breadcrumb":{"@id":"https:\/\/barrsell.com\/urun\/eos-bio-max\/#breadcrumb"},"inLanguage":"en-US","potentialAction":[{"@type":"ReadAction","target":["https:\/\/barrsell.com\/urun\/eos-bio-max\/"]}]},{"@type":"ImageObject","inLanguage":"en-US","@id":"https:\/\/barrsell.com\/urun\/eos-bio-max\/#primaryimage","url":"https:\/\/barrsell.com\/wp-content\/uploads\/2024\/08\/Eos-Bio-Max.png","contentUrl":"https:\/\/barrsell.com\/wp-content\/uploads\/2024\/08\/Eos-Bio-Max.png","width":1200,"height":1200,"caption":"Eos Bio Max"},{"@type":"BreadcrumbList","@id":"https:\/\/barrsell.com\/urun\/eos-bio-max\/#breadcrumb","itemListElement":[{"@type":"ListItem","position":1,"name":"Home","item":"https:\/\/barrsell.com\/"},{"@type":"ListItem","position":2,"name":"\u00dcr\u00fcnler","item":"https:\/\/barrsell.com\/en\/products\/"},{"@type":"ListItem","position":3,"name":"Eos Bio Max Is\u0131t\u0131c\u0131"}]},{"@type":"WebSite","@id":"https:\/\/barrsell.com\/#website","url":"https:\/\/barrsell.com\/","name":"Barrsell End\u00fcstri Makine","description":"Teknolojiyle G\u00fc\u00e7lenen End\u00fcstriyel \u00c7\u00f6z\u00fcmler!","potentialAction":[{"@type":"SearchAction","target":{"@type":"EntryPoint","urlTemplate":"https:\/\/barrsell.com\/?s={search_term_string}"},"query-input":"required name=search_term_string"}],"inLanguage":"en-US"}]}},"_links":{"self":[{"href":"https:\/\/barrsell.com\/en\/wp-json\/wp\/v2\/product\/11992","targetHints":{"allow":["GET"]}}],"collection":[{"href":"https:\/\/barrsell.com\/en\/wp-json\/wp\/v2\/product"}],"about":[{"href":"https:\/\/barrsell.com\/en\/wp-json\/wp\/v2\/types\/product"}],"version-history":[{"count":6,"href":"https:\/\/barrsell.com\/en\/wp-json\/wp\/v2\/product\/11992\/revisions"}],"predecessor-version":[{"id":19983,"href":"https:\/\/barrsell.com\/en\/wp-json\/wp\/v2\/product\/11992\/revisions\/19983"}],"wp:featuredmedia":[{"embeddable":true,"href":"https:\/\/barrsell.com\/en\/wp-json\/wp\/v2\/media\/11993"}],"wp:attachment":[{"href":"https:\/\/barrsell.com\/en\/wp-json\/wp\/v2\/media?parent=11992"}],"wp:term":[{"taxonomy":"product_cat","embeddable":true,"href":"https:\/\/barrsell.com\/en\/wp-json\/wp\/v2\/product_cat?post=11992"},{"taxonomy":"product_tag","embeddable":true,"href":"https:\/\/barrsell.com\/en\/wp-json\/wp\/v2\/product_tag?post=11992"}],"curies":[{"name":"wp","href":"https:\/\/api.w.org\/{rel}","templated":true}]}}