{"id":11984,"date":"2024-08-16T08:50:44","date_gmt":"2024-08-16T08:50:44","guid":{"rendered":"https:\/\/barrsell.com\/?post_type=product&#038;p=11984"},"modified":"2025-01-08T07:59:19","modified_gmt":"2025-01-08T07:59:19","slug":"eos-bio-mat-u-isitici","status":"publish","type":"product","link":"https:\/\/barrsell.com\/en\/product\/eos-bio-mat-u-heater\/","title":{"rendered":"Eos Bio Mat U Heater"},"content":{"rendered":"<div class=\"flex max-w-full flex-col flex-grow\">\n<div class=\"min-h-[20px] text-message flex w-full flex-col items-end gap-2 whitespace-pre-wrap break-words [.text-message+&amp;]:mt-5 overflow-x-auto\" dir=\"auto\" data-message-author-role=\"assistant\" data-message-id=\"3491597a-46d6-4bed-aae2-7366cd61d649\">\n<div class=\"flex w-full flex-col gap-1 empty:hidden first:pt-[3px]\">\n<div class=\"markdown prose w-full break-words dark:prose-invert light\">\n<h2>Eos Bio Mat U Heater<\/h2>\n<p>Eos Bio Mat U Heater is a modern and innovative heating solution that takes temperature comfort in your sauna to the next level. It stands out with its stylish design, high performance and energy efficiency. Thus, it makes your sauna experience more enjoyable and effective. With both aesthetic and functional features, Eos Bio Mat U offers the best way to feel the warmth on cold days.<\/p>\n<h4><strong>Featured Features of Sauna Heater:<\/strong><\/h4>\n<ul>\n<li><strong>Advanced Technology Heating:<\/strong> The Eos Bio Mat U sauna heater is equipped with advanced heating elements. And it also ensures a fast, homogeneous and effective heat dissipation in your sauna. This technology makes it especially easy to ensure the ideal temperature in every corner of your sauna.<\/li>\n<li><strong>Compact and Stylish Design:<\/strong> With its minimalist and elegant design, it adapts to any sauna decoration. Its slim structure saves space and makes an aesthetic contribution to the interior of your sauna.<\/li>\n<li><strong>Energy Efficiency:<\/strong> With its minimalist and elegant design, it adapts to any sauna decoration. Its slim structure saves space and makes an aesthetic contribution to the interior of your sauna.<\/li>\n<li><strong>Easy Installation and Operation:<\/strong> Its user-friendly design ensures quick and simple installation. Furthermore, you can easily adjust the temperature and operating time thanks to the smart control panel. So you can personalize every session of your sauna.<\/li>\n<li><strong>Durable and Safe:<\/strong> Made of high quality materials, this heater offers a long-lasting and safe use. It is equipped with safety features such as overheating protection and automatic shut-off.<\/li>\n<\/ul>\n<\/div>\n<\/div>\n<\/div>\n<\/div>","protected":false},"excerpt":{"rendered":"<ul>\n<li>Compact sauna heater<\/li>\n<li>Fast heating technology<\/li>\n<\/ul>","protected":false},"featured_media":11985,"template":"","meta":[],"product_cat":[53,155,156],"product_tag":[],"class_list":{"0":"post-11984","1":"product","2":"type-product","3":"status-publish","4":"has-post-thumbnail","6":"product_cat-sauna-isiticilari","7":"product_cat-eos-sauna-isiticilari","8":"product_cat-eos-sauna-isiticilar","10":"first","11":"instock","12":"shipping-taxable","13":"purchasable","14":"product-type-variable"},"yoast_head":"<!-- This site is optimized with the Yoast SEO Premium plugin v23.2 (Yoast SEO v23.2) - https:\/\/yoast.com\/wordpress\/plugins\/seo\/ -->\n<title>Eos Bio Mat U Is\u0131t\u0131c\u0131 | Barrsell End\u00fcstri<\/title>\n<meta name=\"description\" content=\"Eos Bio Mat U Is\u0131t\u0131c\u0131 saunan\u0131zda s\u0131cakl\u0131k konforunu bir \u00fcst seviyeye ta\u015f\u0131yan kaliteli modern ve yenilik\u00e7i bir \u0131s\u0131tma \u00e7\u00f6z\u00fcm\u00fcd\u00fcr.\" \/>\n<meta name=\"robots\" content=\"index, follow, max-snippet:-1, max-image-preview:large, max-video-preview:-1\" \/>\n<link rel=\"canonical\" href=\"https:\/\/barrsell.com\/en\/product\/eos-bio-mat-u-heater\/\" \/>\n<meta property=\"og:locale\" content=\"en_US\" \/>\n<meta property=\"og:type\" content=\"article\" \/>\n<meta property=\"og:title\" content=\"Eos Bio Mat U Is\u0131t\u0131c\u0131\" \/>\n<meta property=\"og:description\" content=\"Eos Bio Mat U Is\u0131t\u0131c\u0131 saunan\u0131zda s\u0131cakl\u0131k konforunu bir \u00fcst seviyeye ta\u015f\u0131yan kaliteli modern ve yenilik\u00e7i bir \u0131s\u0131tma \u00e7\u00f6z\u00fcm\u00fcd\u00fcr.\" \/>\n<meta property=\"og:url\" content=\"https:\/\/barrsell.com\/en\/product\/eos-bio-mat-u-heater\/\" \/>\n<meta property=\"og:site_name\" content=\"Barrsell\" \/>\n<meta property=\"article:modified_time\" content=\"2025-01-08T07:59:19+00:00\" \/>\n<meta property=\"og:image\" content=\"https:\/\/barrsell.com\/wp-content\/uploads\/2024\/08\/Eos-Bio-Mat-U.png\" \/>\n\t<meta property=\"og:image:width\" content=\"1200\" \/>\n\t<meta property=\"og:image:height\" content=\"1200\" \/>\n\t<meta property=\"og:image:type\" content=\"image\/png\" \/>\n<meta name=\"twitter:card\" content=\"summary_large_image\" \/>\n<meta name=\"twitter:label1\" content=\"Est. reading time\" \/>\n\t<meta name=\"twitter:data1\" content=\"2 minutes\" \/>\n<script type=\"application\/ld+json\" class=\"yoast-schema-graph\">{\"@context\":\"https:\/\/schema.org\",\"@graph\":[{\"@type\":\"WebPage\",\"@id\":\"https:\/\/barrsell.com\/urun\/eos-bio-mat-u-isitici\/\",\"url\":\"https:\/\/barrsell.com\/urun\/eos-bio-mat-u-isitici\/\",\"name\":\"Eos Bio Mat U Is\u0131t\u0131c\u0131 | Barrsell End\u00fcstri\",\"isPartOf\":{\"@id\":\"https:\/\/barrsell.com\/#website\"},\"primaryImageOfPage\":{\"@id\":\"https:\/\/barrsell.com\/urun\/eos-bio-mat-u-isitici\/#primaryimage\"},\"image\":{\"@id\":\"https:\/\/barrsell.com\/urun\/eos-bio-mat-u-isitici\/#primaryimage\"},\"thumbnailUrl\":\"https:\/\/barrsell.com\/wp-content\/uploads\/2024\/08\/Eos-Bio-Mat-U.png\",\"datePublished\":\"2024-08-16T08:50:44+00:00\",\"dateModified\":\"2025-01-08T07:59:19+00:00\",\"description\":\"Eos Bio Mat U Is\u0131t\u0131c\u0131 saunan\u0131zda s\u0131cakl\u0131k konforunu bir \u00fcst seviyeye ta\u015f\u0131yan kaliteli modern ve yenilik\u00e7i bir \u0131s\u0131tma \u00e7\u00f6z\u00fcm\u00fcd\u00fcr.\",\"breadcrumb\":{\"@id\":\"https:\/\/barrsell.com\/urun\/eos-bio-mat-u-isitici\/#breadcrumb\"},\"inLanguage\":\"en-US\",\"potentialAction\":[{\"@type\":\"ReadAction\",\"target\":[\"https:\/\/barrsell.com\/urun\/eos-bio-mat-u-isitici\/\"]}]},{\"@type\":\"ImageObject\",\"inLanguage\":\"en-US\",\"@id\":\"https:\/\/barrsell.com\/urun\/eos-bio-mat-u-isitici\/#primaryimage\",\"url\":\"https:\/\/barrsell.com\/wp-content\/uploads\/2024\/08\/Eos-Bio-Mat-U.png\",\"contentUrl\":\"https:\/\/barrsell.com\/wp-content\/uploads\/2024\/08\/Eos-Bio-Mat-U.png\",\"width\":1200,\"height\":1200,\"caption\":\"Eos Bio Mat U\"},{\"@type\":\"BreadcrumbList\",\"@id\":\"https:\/\/barrsell.com\/urun\/eos-bio-mat-u-isitici\/#breadcrumb\",\"itemListElement\":[{\"@type\":\"ListItem\",\"position\":1,\"name\":\"Home\",\"item\":\"https:\/\/barrsell.com\/\"},{\"@type\":\"ListItem\",\"position\":2,\"name\":\"\u00dcr\u00fcnler\",\"item\":\"https:\/\/barrsell.com\/en\/products\/\"},{\"@type\":\"ListItem\",\"position\":3,\"name\":\"Eos Bio Mat U Is\u0131t\u0131c\u0131\"}]},{\"@type\":\"WebSite\",\"@id\":\"https:\/\/barrsell.com\/#website\",\"url\":\"https:\/\/barrsell.com\/\",\"name\":\"Barrsell End\u00fcstri Makine\",\"description\":\"Teknolojiyle G\u00fc\u00e7lenen End\u00fcstriyel \u00c7\u00f6z\u00fcmler!\",\"potentialAction\":[{\"@type\":\"SearchAction\",\"target\":{\"@type\":\"EntryPoint\",\"urlTemplate\":\"https:\/\/barrsell.com\/?s={search_term_string}\"},\"query-input\":\"required name=search_term_string\"}],\"inLanguage\":\"en-US\"}]}<\/script>\n<!-- \/ Yoast SEO Premium plugin. -->","yoast_head_json":{"title":"Eos Bio Mat U Is\u0131t\u0131c\u0131 | Barrsell End\u00fcstri","description":"Eos Bio Mat U Is\u0131t\u0131c\u0131 saunan\u0131zda s\u0131cakl\u0131k konforunu bir \u00fcst seviyeye ta\u015f\u0131yan kaliteli modern ve yenilik\u00e7i bir \u0131s\u0131tma \u00e7\u00f6z\u00fcm\u00fcd\u00fcr.","robots":{"index":"index","follow":"follow","max-snippet":"max-snippet:-1","max-image-preview":"max-image-preview:large","max-video-preview":"max-video-preview:-1"},"canonical":"https:\/\/barrsell.com\/en\/product\/eos-bio-mat-u-heater\/","og_locale":"en_US","og_type":"article","og_title":"Eos Bio Mat U Is\u0131t\u0131c\u0131","og_description":"Eos Bio Mat U Is\u0131t\u0131c\u0131 saunan\u0131zda s\u0131cakl\u0131k konforunu bir \u00fcst seviyeye ta\u015f\u0131yan kaliteli modern ve yenilik\u00e7i bir \u0131s\u0131tma \u00e7\u00f6z\u00fcm\u00fcd\u00fcr.","og_url":"https:\/\/barrsell.com\/en\/product\/eos-bio-mat-u-heater\/","og_site_name":"Barrsell","article_modified_time":"2025-01-08T07:59:19+00:00","og_image":[{"width":1200,"height":1200,"url":"https:\/\/barrsell.com\/wp-content\/uploads\/2024\/08\/Eos-Bio-Mat-U.png","type":"image\/png"}],"twitter_card":"summary_large_image","twitter_misc":{"Est. reading time":"2 minutes"},"schema":{"@context":"https:\/\/schema.org","@graph":[{"@type":"WebPage","@id":"https:\/\/barrsell.com\/urun\/eos-bio-mat-u-isitici\/","url":"https:\/\/barrsell.com\/urun\/eos-bio-mat-u-isitici\/","name":"Eos Bio Mat U Is\u0131t\u0131c\u0131 | Barrsell End\u00fcstri","isPartOf":{"@id":"https:\/\/barrsell.com\/#website"},"primaryImageOfPage":{"@id":"https:\/\/barrsell.com\/urun\/eos-bio-mat-u-isitici\/#primaryimage"},"image":{"@id":"https:\/\/barrsell.com\/urun\/eos-bio-mat-u-isitici\/#primaryimage"},"thumbnailUrl":"https:\/\/barrsell.com\/wp-content\/uploads\/2024\/08\/Eos-Bio-Mat-U.png","datePublished":"2024-08-16T08:50:44+00:00","dateModified":"2025-01-08T07:59:19+00:00","description":"Eos Bio Mat U Is\u0131t\u0131c\u0131 saunan\u0131zda s\u0131cakl\u0131k konforunu bir \u00fcst seviyeye ta\u015f\u0131yan kaliteli modern ve yenilik\u00e7i bir \u0131s\u0131tma \u00e7\u00f6z\u00fcm\u00fcd\u00fcr.","breadcrumb":{"@id":"https:\/\/barrsell.com\/urun\/eos-bio-mat-u-isitici\/#breadcrumb"},"inLanguage":"en-US","potentialAction":[{"@type":"ReadAction","target":["https:\/\/barrsell.com\/urun\/eos-bio-mat-u-isitici\/"]}]},{"@type":"ImageObject","inLanguage":"en-US","@id":"https:\/\/barrsell.com\/urun\/eos-bio-mat-u-isitici\/#primaryimage","url":"https:\/\/barrsell.com\/wp-content\/uploads\/2024\/08\/Eos-Bio-Mat-U.png","contentUrl":"https:\/\/barrsell.com\/wp-content\/uploads\/2024\/08\/Eos-Bio-Mat-U.png","width":1200,"height":1200,"caption":"Eos Bio Mat U"},{"@type":"BreadcrumbList","@id":"https:\/\/barrsell.com\/urun\/eos-bio-mat-u-isitici\/#breadcrumb","itemListElement":[{"@type":"ListItem","position":1,"name":"Home","item":"https:\/\/barrsell.com\/"},{"@type":"ListItem","position":2,"name":"\u00dcr\u00fcnler","item":"https:\/\/barrsell.com\/en\/products\/"},{"@type":"ListItem","position":3,"name":"Eos Bio Mat U Is\u0131t\u0131c\u0131"}]},{"@type":"WebSite","@id":"https:\/\/barrsell.com\/#website","url":"https:\/\/barrsell.com\/","name":"Barrsell End\u00fcstri Makine","description":"Teknolojiyle G\u00fc\u00e7lenen End\u00fcstriyel \u00c7\u00f6z\u00fcmler!","potentialAction":[{"@type":"SearchAction","target":{"@type":"EntryPoint","urlTemplate":"https:\/\/barrsell.com\/?s={search_term_string}"},"query-input":"required name=search_term_string"}],"inLanguage":"en-US"}]}},"_links":{"self":[{"href":"https:\/\/barrsell.com\/en\/wp-json\/wp\/v2\/product\/11984","targetHints":{"allow":["GET"]}}],"collection":[{"href":"https:\/\/barrsell.com\/en\/wp-json\/wp\/v2\/product"}],"about":[{"href":"https:\/\/barrsell.com\/en\/wp-json\/wp\/v2\/types\/product"}],"version-history":[{"count":6,"href":"https:\/\/barrsell.com\/en\/wp-json\/wp\/v2\/product\/11984\/revisions"}],"predecessor-version":[{"id":19987,"href":"https:\/\/barrsell.com\/en\/wp-json\/wp\/v2\/product\/11984\/revisions\/19987"}],"wp:featuredmedia":[{"embeddable":true,"href":"https:\/\/barrsell.com\/en\/wp-json\/wp\/v2\/media\/11985"}],"wp:attachment":[{"href":"https:\/\/barrsell.com\/en\/wp-json\/wp\/v2\/media?parent=11984"}],"wp:term":[{"taxonomy":"product_cat","embeddable":true,"href":"https:\/\/barrsell.com\/en\/wp-json\/wp\/v2\/product_cat?post=11984"},{"taxonomy":"product_tag","embeddable":true,"href":"https:\/\/barrsell.com\/en\/wp-json\/wp\/v2\/product_tag?post=11984"}],"curies":[{"name":"wp","href":"https:\/\/api.w.org\/{rel}","templated":true}]}}