{"id":11978,"date":"2024-08-16T08:39:17","date_gmt":"2024-08-16T08:39:17","guid":{"rendered":"https:\/\/barrsell.com\/?post_type=product&#038;p=11978"},"modified":"2025-01-08T08:30:21","modified_gmt":"2025-01-08T08:30:21","slug":"eos-gracil-w-isitici","status":"publish","type":"product","link":"https:\/\/barrsell.com\/en\/product\/eos-gracil-w-heater\/","title":{"rendered":"Eos Gracil W Heater"},"content":{"rendered":"<h2><strong>EOS Gracil W Heater<\/strong><\/h2>\n<p>The Eos Gracil W Heater is characterized by its compact design and high efficiency. It is a modern electric sauna stove that can be mounted especially on the wall. With its minimalist design and powerful heating capacity, it is an ideal solution for both domestic and commercial saunas. With its stylish and functional structure, it offers aesthetics and performance together in sauna areas. Here you go <strong>EOS Gracil W<\/strong> hakk\u0131nda SEO uyumlu, teknik veri i\u00e7eren bir yaz\u0131:<\/p>\n<h4>Technical Specifications:<\/h4>\n<p><strong>Power Options: <\/strong><strong>6 kW 7,5 kW ve 9 kW<\/strong> adapts to the heating needs of different sauna rooms with its power options. With its fast warm-up time, it reaches the ideal temperature level in the sauna room in a short time.<\/p>\n<p class=\" translation-block\"><strong>Compact and Slim Design: <\/strong>With a depth of only 24 cm, it is one of the thinnest sauna stoves in its class. Thanks to this compact structure, it can be easily installed in narrow spaces and maximizes the usage area.<\/p>\n<p><strong>Wall Mountable Structure: <\/strong>Its wall-mounted design saves space inside the sauna. It also allows more efficient utilization of the usage area. It especially contributes to the aesthetic appearance.<\/p>\n<p class=\" translation-block\"><strong>Stone Capacity:<\/strong><strong> With a capacity of up to 8 kg of<\/strong> sauna stones, it provides stable heat and steam. In this way, the sauna atmosphere remains constantly warm and pleasant.<\/p>\n<p class=\" translation-block\"><strong>Stainless Steel Body: <\/strong>EOS Gracil W is a high quality <strong>\/strongThereby offer durability and long service life. This material also increases its resistance to harsh conditions such as high temperature and humidity in the sauna environment.<\/p>\n<p><strong>Energy Efficiency: <\/strong>Thanks to its advanced resistance technology, it provides maximum performance with low energy consumption. By saving energy, it offers both an environmentally friendly and cost-effective sauna experience.<\/p>\n<p><strong>Fast Warming: <\/strong>Highly efficient heating elements ensure that the sauna room reaches the desired temperature quickly. This allows users to have a faster sauna experience with short waiting times.<\/p>\n<p><strong>Double Hardcover Exterior: <\/strong>The double-layered outer surface ensures that the outer surface of the stove remains at a low temperature. This increases user safety. This feature helps prevent accidents inside the sauna.<\/p>\n<p><strong>Security and Protection: <\/strong><strong>Overheat protection<\/strong> and integrated temperature sensors ensure safe and trouble-free operation of the device. These systems guarantee safety by automatically deactivating the stove in the event of high temperatures.<\/p>\n<p><strong>Easy Assembly and Maintenance: <\/strong>Thanks to the user-friendly mounting kit, the stove can be mounted quickly and practically on the wall. At the same time, its easy accessibility makes maintenance and cleaning simple.<\/p>","protected":false},"excerpt":{"rendered":"<ul>\n<li>Energy efficient heater<\/li>\n<li>Silent working heater<\/li>\n<li>Fast heating heater<\/li>\n<\/ul>","protected":false},"featured_media":15680,"template":"","meta":[],"product_cat":[53,155,156],"product_tag":[],"class_list":{"0":"post-11978","1":"product","2":"type-product","3":"status-publish","4":"has-post-thumbnail","6":"product_cat-sauna-isiticilari","7":"product_cat-eos-sauna-isiticilari","8":"product_cat-eos-sauna-isiticilar","10":"first","11":"instock","12":"shipping-taxable","13":"purchasable","14":"product-type-variable"},"yoast_head":"<!-- This site is optimized with the Yoast SEO Premium plugin v23.2 (Yoast SEO v23.2) - https:\/\/yoast.com\/wordpress\/plugins\/seo\/ -->\n<title>Eos Gracil W Is\u0131t\u0131c\u0131 | Barrsell End\u00fcstri<\/title>\n<meta name=\"description\" content=\"Eos Gracil W Is\u0131t\u0131c\u0131 kompakt yap\u0131s\u0131 ve y\u00fcksek verimlili\u011fi ile \u00f6ne \u00e7\u0131kan, duvara monte edilebilen modern bir elektrikli sauna sobas\u0131d\u0131r.\" \/>\n<meta name=\"robots\" content=\"index, follow, max-snippet:-1, max-image-preview:large, max-video-preview:-1\" \/>\n<link rel=\"canonical\" href=\"https:\/\/barrsell.com\/en\/product\/eos-gracil-w-heater\/\" \/>\n<meta property=\"og:locale\" content=\"en_US\" \/>\n<meta property=\"og:type\" content=\"article\" \/>\n<meta property=\"og:title\" content=\"Eos Gracil W Is\u0131t\u0131c\u0131\" \/>\n<meta property=\"og:description\" content=\"Eos Gracil W Is\u0131t\u0131c\u0131 kompakt yap\u0131s\u0131 ve y\u00fcksek verimlili\u011fi ile \u00f6ne \u00e7\u0131kan, duvara monte edilebilen modern bir elektrikli sauna sobas\u0131d\u0131r.\" \/>\n<meta property=\"og:url\" content=\"https:\/\/barrsell.com\/en\/product\/eos-gracil-w-heater\/\" \/>\n<meta property=\"og:site_name\" content=\"Barrsell\" \/>\n<meta property=\"article:modified_time\" content=\"2025-01-08T08:30:21+00:00\" \/>\n<meta property=\"og:image\" content=\"https:\/\/barrsell.com\/wp-content\/uploads\/2024\/08\/Eos-Gracil-W.png\" \/>\n\t<meta property=\"og:image:width\" content=\"1200\" \/>\n\t<meta property=\"og:image:height\" content=\"1200\" \/>\n\t<meta property=\"og:image:type\" content=\"image\/png\" \/>\n<meta name=\"twitter:card\" content=\"summary_large_image\" \/>\n<meta name=\"twitter:label1\" content=\"Est. reading time\" \/>\n\t<meta name=\"twitter:data1\" content=\"3 minutes\" \/>\n<script type=\"application\/ld+json\" class=\"yoast-schema-graph\">{\"@context\":\"https:\/\/schema.org\",\"@graph\":[{\"@type\":\"WebPage\",\"@id\":\"https:\/\/barrsell.com\/urun\/eos-gracil-w-isitici\/\",\"url\":\"https:\/\/barrsell.com\/urun\/eos-gracil-w-isitici\/\",\"name\":\"Eos Gracil W Is\u0131t\u0131c\u0131 | Barrsell End\u00fcstri\",\"isPartOf\":{\"@id\":\"https:\/\/barrsell.com\/#website\"},\"primaryImageOfPage\":{\"@id\":\"https:\/\/barrsell.com\/urun\/eos-gracil-w-isitici\/#primaryimage\"},\"image\":{\"@id\":\"https:\/\/barrsell.com\/urun\/eos-gracil-w-isitici\/#primaryimage\"},\"thumbnailUrl\":\"https:\/\/barrsell.com\/wp-content\/uploads\/2024\/08\/Eos-Gracil-W.png\",\"datePublished\":\"2024-08-16T08:39:17+00:00\",\"dateModified\":\"2025-01-08T08:30:21+00:00\",\"description\":\"Eos Gracil W Is\u0131t\u0131c\u0131 kompakt yap\u0131s\u0131 ve y\u00fcksek verimlili\u011fi ile \u00f6ne \u00e7\u0131kan, duvara monte edilebilen modern bir elektrikli sauna sobas\u0131d\u0131r.\",\"breadcrumb\":{\"@id\":\"https:\/\/barrsell.com\/urun\/eos-gracil-w-isitici\/#breadcrumb\"},\"inLanguage\":\"en-US\",\"potentialAction\":[{\"@type\":\"ReadAction\",\"target\":[\"https:\/\/barrsell.com\/urun\/eos-gracil-w-isitici\/\"]}]},{\"@type\":\"ImageObject\",\"inLanguage\":\"en-US\",\"@id\":\"https:\/\/barrsell.com\/urun\/eos-gracil-w-isitici\/#primaryimage\",\"url\":\"https:\/\/barrsell.com\/wp-content\/uploads\/2024\/08\/Eos-Gracil-W.png\",\"contentUrl\":\"https:\/\/barrsell.com\/wp-content\/uploads\/2024\/08\/Eos-Gracil-W.png\",\"width\":1200,\"height\":1200,\"caption\":\"Eos Gracil W\"},{\"@type\":\"BreadcrumbList\",\"@id\":\"https:\/\/barrsell.com\/urun\/eos-gracil-w-isitici\/#breadcrumb\",\"itemListElement\":[{\"@type\":\"ListItem\",\"position\":1,\"name\":\"Home\",\"item\":\"https:\/\/barrsell.com\/\"},{\"@type\":\"ListItem\",\"position\":2,\"name\":\"\u00dcr\u00fcnler\",\"item\":\"https:\/\/barrsell.com\/en\/products\/\"},{\"@type\":\"ListItem\",\"position\":3,\"name\":\"Eos Gracil W Is\u0131t\u0131c\u0131\"}]},{\"@type\":\"WebSite\",\"@id\":\"https:\/\/barrsell.com\/#website\",\"url\":\"https:\/\/barrsell.com\/\",\"name\":\"Barrsell End\u00fcstri Makine\",\"description\":\"Teknolojiyle G\u00fc\u00e7lenen End\u00fcstriyel \u00c7\u00f6z\u00fcmler!\",\"potentialAction\":[{\"@type\":\"SearchAction\",\"target\":{\"@type\":\"EntryPoint\",\"urlTemplate\":\"https:\/\/barrsell.com\/?s={search_term_string}\"},\"query-input\":\"required name=search_term_string\"}],\"inLanguage\":\"en-US\"}]}<\/script>\n<!-- \/ Yoast SEO Premium plugin. -->","yoast_head_json":{"title":"Eos Gracil W Is\u0131t\u0131c\u0131 | Barrsell End\u00fcstri","description":"Eos Gracil W Is\u0131t\u0131c\u0131 kompakt yap\u0131s\u0131 ve y\u00fcksek verimlili\u011fi ile \u00f6ne \u00e7\u0131kan, duvara monte edilebilen modern bir elektrikli sauna sobas\u0131d\u0131r.","robots":{"index":"index","follow":"follow","max-snippet":"max-snippet:-1","max-image-preview":"max-image-preview:large","max-video-preview":"max-video-preview:-1"},"canonical":"https:\/\/barrsell.com\/en\/product\/eos-gracil-w-heater\/","og_locale":"en_US","og_type":"article","og_title":"Eos Gracil W Is\u0131t\u0131c\u0131","og_description":"Eos Gracil W Is\u0131t\u0131c\u0131 kompakt yap\u0131s\u0131 ve y\u00fcksek verimlili\u011fi ile \u00f6ne \u00e7\u0131kan, duvara monte edilebilen modern bir elektrikli sauna sobas\u0131d\u0131r.","og_url":"https:\/\/barrsell.com\/en\/product\/eos-gracil-w-heater\/","og_site_name":"Barrsell","article_modified_time":"2025-01-08T08:30:21+00:00","og_image":[{"width":1200,"height":1200,"url":"https:\/\/barrsell.com\/wp-content\/uploads\/2024\/08\/Eos-Gracil-W.png","type":"image\/png"}],"twitter_card":"summary_large_image","twitter_misc":{"Est. reading time":"3 minutes"},"schema":{"@context":"https:\/\/schema.org","@graph":[{"@type":"WebPage","@id":"https:\/\/barrsell.com\/urun\/eos-gracil-w-isitici\/","url":"https:\/\/barrsell.com\/urun\/eos-gracil-w-isitici\/","name":"Eos Gracil W Is\u0131t\u0131c\u0131 | Barrsell End\u00fcstri","isPartOf":{"@id":"https:\/\/barrsell.com\/#website"},"primaryImageOfPage":{"@id":"https:\/\/barrsell.com\/urun\/eos-gracil-w-isitici\/#primaryimage"},"image":{"@id":"https:\/\/barrsell.com\/urun\/eos-gracil-w-isitici\/#primaryimage"},"thumbnailUrl":"https:\/\/barrsell.com\/wp-content\/uploads\/2024\/08\/Eos-Gracil-W.png","datePublished":"2024-08-16T08:39:17+00:00","dateModified":"2025-01-08T08:30:21+00:00","description":"Eos Gracil W Is\u0131t\u0131c\u0131 kompakt yap\u0131s\u0131 ve y\u00fcksek verimlili\u011fi ile \u00f6ne \u00e7\u0131kan, duvara monte edilebilen modern bir elektrikli sauna sobas\u0131d\u0131r.","breadcrumb":{"@id":"https:\/\/barrsell.com\/urun\/eos-gracil-w-isitici\/#breadcrumb"},"inLanguage":"en-US","potentialAction":[{"@type":"ReadAction","target":["https:\/\/barrsell.com\/urun\/eos-gracil-w-isitici\/"]}]},{"@type":"ImageObject","inLanguage":"en-US","@id":"https:\/\/barrsell.com\/urun\/eos-gracil-w-isitici\/#primaryimage","url":"https:\/\/barrsell.com\/wp-content\/uploads\/2024\/08\/Eos-Gracil-W.png","contentUrl":"https:\/\/barrsell.com\/wp-content\/uploads\/2024\/08\/Eos-Gracil-W.png","width":1200,"height":1200,"caption":"Eos Gracil W"},{"@type":"BreadcrumbList","@id":"https:\/\/barrsell.com\/urun\/eos-gracil-w-isitici\/#breadcrumb","itemListElement":[{"@type":"ListItem","position":1,"name":"Home","item":"https:\/\/barrsell.com\/"},{"@type":"ListItem","position":2,"name":"\u00dcr\u00fcnler","item":"https:\/\/barrsell.com\/en\/products\/"},{"@type":"ListItem","position":3,"name":"Eos Gracil W Is\u0131t\u0131c\u0131"}]},{"@type":"WebSite","@id":"https:\/\/barrsell.com\/#website","url":"https:\/\/barrsell.com\/","name":"Barrsell End\u00fcstri Makine","description":"Teknolojiyle G\u00fc\u00e7lenen End\u00fcstriyel \u00c7\u00f6z\u00fcmler!","potentialAction":[{"@type":"SearchAction","target":{"@type":"EntryPoint","urlTemplate":"https:\/\/barrsell.com\/?s={search_term_string}"},"query-input":"required name=search_term_string"}],"inLanguage":"en-US"}]}},"_links":{"self":[{"href":"https:\/\/barrsell.com\/en\/wp-json\/wp\/v2\/product\/11978","targetHints":{"allow":["GET"]}}],"collection":[{"href":"https:\/\/barrsell.com\/en\/wp-json\/wp\/v2\/product"}],"about":[{"href":"https:\/\/barrsell.com\/en\/wp-json\/wp\/v2\/types\/product"}],"version-history":[{"count":9,"href":"https:\/\/barrsell.com\/en\/wp-json\/wp\/v2\/product\/11978\/revisions"}],"predecessor-version":[{"id":19994,"href":"https:\/\/barrsell.com\/en\/wp-json\/wp\/v2\/product\/11978\/revisions\/19994"}],"wp:featuredmedia":[{"embeddable":true,"href":"https:\/\/barrsell.com\/en\/wp-json\/wp\/v2\/media\/15680"}],"wp:attachment":[{"href":"https:\/\/barrsell.com\/en\/wp-json\/wp\/v2\/media?parent=11978"}],"wp:term":[{"taxonomy":"product_cat","embeddable":true,"href":"https:\/\/barrsell.com\/en\/wp-json\/wp\/v2\/product_cat?post=11978"},{"taxonomy":"product_tag","embeddable":true,"href":"https:\/\/barrsell.com\/en\/wp-json\/wp\/v2\/product_tag?post=11978"}],"curies":[{"name":"wp","href":"https:\/\/api.w.org\/{rel}","templated":true}]}}