{"id":11968,"date":"2024-08-16T08:04:13","date_gmt":"2024-08-16T08:04:13","guid":{"rendered":"https:\/\/barrsell.com\/?post_type=product&#038;p=11968"},"modified":"2025-01-08T08:47:13","modified_gmt":"2025-01-08T08:47:13","slug":"eos-bio-gracil","status":"publish","type":"product","link":"https:\/\/barrsell.com\/en\/product\/eos-bio-gracil\/","title":{"rendered":"Eos Bio Gracil Heater"},"content":{"rendered":"<div class=\"flex max-w-full flex-col flex-grow\">\n<div class=\"min-h-[20px] text-message flex w-full flex-col items-end gap-2 whitespace-pre-wrap break-words [.text-message+&amp;]:mt-5 overflow-x-auto\" dir=\"auto\" data-message-author-role=\"assistant\" data-message-id=\"6ee7fff4-893e-4c3e-80ba-27d290abf0d8\">\n<div class=\"flex w-full flex-col gap-1 empty:hidden first:pt-[3px]\">\n<div class=\"markdown prose w-full break-words dark:prose-invert light\">\n<h2><strong>Eos Bio Gracil Heater<\/strong><\/h2>\n<p>The Eos Bio Gracil sauna heater is a stylish and efficient solution designed with advanced technology that perfects your sauna experience. This innovative heater has the capacity to be used in both home and commercial saunas. Thus, it offers a relaxing and healthy sauna environment by adjusting the temperature and humidity balance in an ideal way. Especially with its aesthetic design and superior performance, Eos Bio Gracil takes your sauna pleasure to the next level.<\/p>\n<p><strong>Featured Features of Sauna Heater:<\/strong><\/p>\n<ul>\n<li><strong>Modern and Stylish Design:<\/strong> With its minimal and elegant design, it fits perfectly with the decor of your sauna. With its aesthetic appearance, it gives your sauna a modern atmosphere.<\/li>\n<li><strong>Rapid Heating Technology:<\/strong> Eos Bio Gracil Heater heats your sauna quickly thanks to its advanced heating elements. And it allows you to reach the desired temperature level in a short time. In this way, you can start enjoying your sauna immediately and save time.<\/li>\n<li><strong>Energy Efficiency:<\/strong> It stands out with its low energy consumption. It also offers both an environmentally friendly and economical solution. It keeps your energy costs to a minimum thanks to its long lifetime and durability. It does not compromise on high performance.<\/li>\n<li><strong>User Friendly Controls:<\/strong> Eos Bio Gracil is equipped with an intuitive control panel aimed at easy operation. You can easily adjust the temperature and time settings and enjoy your sauna as you wish.<\/li>\n<li><strong>Healthy and Safe:<\/strong> The high quality materials used in its design ensure a safe and long-lasting use. The heater provides the ideal balance of humidity and temperature in the sauna environment. And therefore helps to protect your skin and overall health.<\/li>\n<\/ul>\n<\/div>\n<\/div>\n<\/div>\n<\/div>\n<div class=\"mt-1 flex gap-3 empty:hidden -ml-2\">\n<div class=\"items-center justify-start rounded-xl p-1 flex\">\n<div class=\"flex items-center\">\n<div class=\"flex items-center pb-0\">\n<p>&nbsp;<\/p>\n<\/div>\n<\/div>\n<\/div>\n<\/div>","protected":false},"excerpt":{"rendered":"<ul>\n<li>Modern design<\/li>\n<li>Energy efficiency<\/li>\n<li>Stylish and durable sauna heater<\/li>\n<\/ul>","protected":false},"featured_media":11969,"template":"","meta":[],"product_cat":[53,155,156],"product_tag":[],"class_list":{"0":"post-11968","1":"product","2":"type-product","3":"status-publish","4":"has-post-thumbnail","6":"product_cat-sauna-isiticilari","7":"product_cat-eos-sauna-isiticilari","8":"product_cat-eos-sauna-isiticilar","10":"first","11":"instock","12":"shipping-taxable","13":"purchasable","14":"product-type-variable"},"yoast_head":"<!-- This site is optimized with the Yoast SEO Premium plugin v23.2 (Yoast SEO v23.2) - https:\/\/yoast.com\/wordpress\/plugins\/seo\/ -->\n<title>Eos Bio Gracil Is\u0131t\u0131c\u0131 | Barrsell End\u00fcstri<\/title>\n<meta name=\"description\" content=\"Eos Bio Gracil Is\u0131t\u0131c\u0131, sauna deneyiminizi m\u00fckemmelle\u015ftiren ileri teknolojiyle tasarlanm\u0131\u015f, \u015f\u0131k verimli ve perdormans bir \u00e7\u00f6z\u00fcmd\u00fcr.\" \/>\n<meta name=\"robots\" content=\"index, follow, max-snippet:-1, max-image-preview:large, max-video-preview:-1\" \/>\n<link rel=\"canonical\" href=\"https:\/\/barrsell.com\/en\/product\/eos-bio-gracil\/\" \/>\n<meta property=\"og:locale\" content=\"en_US\" \/>\n<meta property=\"og:type\" content=\"article\" \/>\n<meta property=\"og:title\" content=\"Eos Bio Gracil Is\u0131t\u0131c\u0131\" \/>\n<meta property=\"og:description\" content=\"Eos Bio Gracil Is\u0131t\u0131c\u0131, sauna deneyiminizi m\u00fckemmelle\u015ftiren ileri teknolojiyle tasarlanm\u0131\u015f, \u015f\u0131k verimli ve perdormans bir \u00e7\u00f6z\u00fcmd\u00fcr.\" \/>\n<meta property=\"og:url\" content=\"https:\/\/barrsell.com\/en\/product\/eos-bio-gracil\/\" \/>\n<meta property=\"og:site_name\" content=\"Barrsell\" \/>\n<meta property=\"article:modified_time\" content=\"2025-01-08T08:47:13+00:00\" \/>\n<meta property=\"og:image\" content=\"https:\/\/barrsell.com\/wp-content\/uploads\/2024\/08\/Eos-Bio-Gracil.png\" \/>\n\t<meta property=\"og:image:width\" content=\"1200\" \/>\n\t<meta property=\"og:image:height\" content=\"1200\" \/>\n\t<meta property=\"og:image:type\" content=\"image\/png\" \/>\n<meta name=\"twitter:card\" content=\"summary_large_image\" \/>\n<meta name=\"twitter:label1\" content=\"Est. reading time\" \/>\n\t<meta name=\"twitter:data1\" content=\"2 minutes\" \/>\n<script type=\"application\/ld+json\" class=\"yoast-schema-graph\">{\"@context\":\"https:\/\/schema.org\",\"@graph\":[{\"@type\":\"WebPage\",\"@id\":\"https:\/\/barrsell.com\/urun\/eos-bio-gracil\/\",\"url\":\"https:\/\/barrsell.com\/urun\/eos-bio-gracil\/\",\"name\":\"Eos Bio Gracil Is\u0131t\u0131c\u0131 | Barrsell End\u00fcstri\",\"isPartOf\":{\"@id\":\"https:\/\/barrsell.com\/#website\"},\"primaryImageOfPage\":{\"@id\":\"https:\/\/barrsell.com\/urun\/eos-bio-gracil\/#primaryimage\"},\"image\":{\"@id\":\"https:\/\/barrsell.com\/urun\/eos-bio-gracil\/#primaryimage\"},\"thumbnailUrl\":\"https:\/\/barrsell.com\/wp-content\/uploads\/2024\/08\/Eos-Bio-Gracil.png\",\"datePublished\":\"2024-08-16T08:04:13+00:00\",\"dateModified\":\"2025-01-08T08:47:13+00:00\",\"description\":\"Eos Bio Gracil Is\u0131t\u0131c\u0131, sauna deneyiminizi m\u00fckemmelle\u015ftiren ileri teknolojiyle tasarlanm\u0131\u015f, \u015f\u0131k verimli ve perdormans bir \u00e7\u00f6z\u00fcmd\u00fcr.\",\"breadcrumb\":{\"@id\":\"https:\/\/barrsell.com\/urun\/eos-bio-gracil\/#breadcrumb\"},\"inLanguage\":\"en-US\",\"potentialAction\":[{\"@type\":\"ReadAction\",\"target\":[\"https:\/\/barrsell.com\/urun\/eos-bio-gracil\/\"]}]},{\"@type\":\"ImageObject\",\"inLanguage\":\"en-US\",\"@id\":\"https:\/\/barrsell.com\/urun\/eos-bio-gracil\/#primaryimage\",\"url\":\"https:\/\/barrsell.com\/wp-content\/uploads\/2024\/08\/Eos-Bio-Gracil.png\",\"contentUrl\":\"https:\/\/barrsell.com\/wp-content\/uploads\/2024\/08\/Eos-Bio-Gracil.png\",\"width\":1200,\"height\":1200,\"caption\":\"Eos Bio Gracil\"},{\"@type\":\"BreadcrumbList\",\"@id\":\"https:\/\/barrsell.com\/urun\/eos-bio-gracil\/#breadcrumb\",\"itemListElement\":[{\"@type\":\"ListItem\",\"position\":1,\"name\":\"Home\",\"item\":\"https:\/\/barrsell.com\/\"},{\"@type\":\"ListItem\",\"position\":2,\"name\":\"\u00dcr\u00fcnler\",\"item\":\"https:\/\/barrsell.com\/en\/products\/\"},{\"@type\":\"ListItem\",\"position\":3,\"name\":\"Eos Bio Gracil Is\u0131t\u0131c\u0131\"}]},{\"@type\":\"WebSite\",\"@id\":\"https:\/\/barrsell.com\/#website\",\"url\":\"https:\/\/barrsell.com\/\",\"name\":\"Barrsell End\u00fcstri Makine\",\"description\":\"Teknolojiyle G\u00fc\u00e7lenen End\u00fcstriyel \u00c7\u00f6z\u00fcmler!\",\"potentialAction\":[{\"@type\":\"SearchAction\",\"target\":{\"@type\":\"EntryPoint\",\"urlTemplate\":\"https:\/\/barrsell.com\/?s={search_term_string}\"},\"query-input\":\"required name=search_term_string\"}],\"inLanguage\":\"en-US\"}]}<\/script>\n<!-- \/ Yoast SEO Premium plugin. -->","yoast_head_json":{"title":"Eos Bio Gracil Is\u0131t\u0131c\u0131 | Barrsell End\u00fcstri","description":"Eos Bio Gracil Is\u0131t\u0131c\u0131, sauna deneyiminizi m\u00fckemmelle\u015ftiren ileri teknolojiyle tasarlanm\u0131\u015f, \u015f\u0131k verimli ve perdormans bir \u00e7\u00f6z\u00fcmd\u00fcr.","robots":{"index":"index","follow":"follow","max-snippet":"max-snippet:-1","max-image-preview":"max-image-preview:large","max-video-preview":"max-video-preview:-1"},"canonical":"https:\/\/barrsell.com\/en\/product\/eos-bio-gracil\/","og_locale":"en_US","og_type":"article","og_title":"Eos Bio Gracil Is\u0131t\u0131c\u0131","og_description":"Eos Bio Gracil Is\u0131t\u0131c\u0131, sauna deneyiminizi m\u00fckemmelle\u015ftiren ileri teknolojiyle tasarlanm\u0131\u015f, \u015f\u0131k verimli ve perdormans bir \u00e7\u00f6z\u00fcmd\u00fcr.","og_url":"https:\/\/barrsell.com\/en\/product\/eos-bio-gracil\/","og_site_name":"Barrsell","article_modified_time":"2025-01-08T08:47:13+00:00","og_image":[{"width":1200,"height":1200,"url":"https:\/\/barrsell.com\/wp-content\/uploads\/2024\/08\/Eos-Bio-Gracil.png","type":"image\/png"}],"twitter_card":"summary_large_image","twitter_misc":{"Est. reading time":"2 minutes"},"schema":{"@context":"https:\/\/schema.org","@graph":[{"@type":"WebPage","@id":"https:\/\/barrsell.com\/urun\/eos-bio-gracil\/","url":"https:\/\/barrsell.com\/urun\/eos-bio-gracil\/","name":"Eos Bio Gracil Is\u0131t\u0131c\u0131 | Barrsell End\u00fcstri","isPartOf":{"@id":"https:\/\/barrsell.com\/#website"},"primaryImageOfPage":{"@id":"https:\/\/barrsell.com\/urun\/eos-bio-gracil\/#primaryimage"},"image":{"@id":"https:\/\/barrsell.com\/urun\/eos-bio-gracil\/#primaryimage"},"thumbnailUrl":"https:\/\/barrsell.com\/wp-content\/uploads\/2024\/08\/Eos-Bio-Gracil.png","datePublished":"2024-08-16T08:04:13+00:00","dateModified":"2025-01-08T08:47:13+00:00","description":"Eos Bio Gracil Is\u0131t\u0131c\u0131, sauna deneyiminizi m\u00fckemmelle\u015ftiren ileri teknolojiyle tasarlanm\u0131\u015f, \u015f\u0131k verimli ve perdormans bir \u00e7\u00f6z\u00fcmd\u00fcr.","breadcrumb":{"@id":"https:\/\/barrsell.com\/urun\/eos-bio-gracil\/#breadcrumb"},"inLanguage":"en-US","potentialAction":[{"@type":"ReadAction","target":["https:\/\/barrsell.com\/urun\/eos-bio-gracil\/"]}]},{"@type":"ImageObject","inLanguage":"en-US","@id":"https:\/\/barrsell.com\/urun\/eos-bio-gracil\/#primaryimage","url":"https:\/\/barrsell.com\/wp-content\/uploads\/2024\/08\/Eos-Bio-Gracil.png","contentUrl":"https:\/\/barrsell.com\/wp-content\/uploads\/2024\/08\/Eos-Bio-Gracil.png","width":1200,"height":1200,"caption":"Eos Bio Gracil"},{"@type":"BreadcrumbList","@id":"https:\/\/barrsell.com\/urun\/eos-bio-gracil\/#breadcrumb","itemListElement":[{"@type":"ListItem","position":1,"name":"Home","item":"https:\/\/barrsell.com\/"},{"@type":"ListItem","position":2,"name":"\u00dcr\u00fcnler","item":"https:\/\/barrsell.com\/en\/products\/"},{"@type":"ListItem","position":3,"name":"Eos Bio Gracil Is\u0131t\u0131c\u0131"}]},{"@type":"WebSite","@id":"https:\/\/barrsell.com\/#website","url":"https:\/\/barrsell.com\/","name":"Barrsell End\u00fcstri Makine","description":"Teknolojiyle G\u00fc\u00e7lenen End\u00fcstriyel \u00c7\u00f6z\u00fcmler!","potentialAction":[{"@type":"SearchAction","target":{"@type":"EntryPoint","urlTemplate":"https:\/\/barrsell.com\/?s={search_term_string}"},"query-input":"required name=search_term_string"}],"inLanguage":"en-US"}]}},"_links":{"self":[{"href":"https:\/\/barrsell.com\/en\/wp-json\/wp\/v2\/product\/11968","targetHints":{"allow":["GET"]}}],"collection":[{"href":"https:\/\/barrsell.com\/en\/wp-json\/wp\/v2\/product"}],"about":[{"href":"https:\/\/barrsell.com\/en\/wp-json\/wp\/v2\/types\/product"}],"version-history":[{"count":8,"href":"https:\/\/barrsell.com\/en\/wp-json\/wp\/v2\/product\/11968\/revisions"}],"predecessor-version":[{"id":19997,"href":"https:\/\/barrsell.com\/en\/wp-json\/wp\/v2\/product\/11968\/revisions\/19997"}],"wp:featuredmedia":[{"embeddable":true,"href":"https:\/\/barrsell.com\/en\/wp-json\/wp\/v2\/media\/11969"}],"wp:attachment":[{"href":"https:\/\/barrsell.com\/en\/wp-json\/wp\/v2\/media?parent=11968"}],"wp:term":[{"taxonomy":"product_cat","embeddable":true,"href":"https:\/\/barrsell.com\/en\/wp-json\/wp\/v2\/product_cat?post=11968"},{"taxonomy":"product_tag","embeddable":true,"href":"https:\/\/barrsell.com\/en\/wp-json\/wp\/v2\/product_tag?post=11968"}],"curies":[{"name":"wp","href":"https:\/\/api.w.org\/{rel}","templated":true}]}}