{"id":11963,"date":"2024-08-16T08:00:12","date_gmt":"2024-08-16T08:00:12","guid":{"rendered":"https:\/\/barrsell.com\/?post_type=product&#038;p=11963"},"modified":"2025-01-08T09:08:08","modified_gmt":"2025-01-08T09:08:08","slug":"eos-bio-filius-w","status":"publish","type":"product","link":"https:\/\/barrsell.com\/en\/product\/eos-bio-filius-w\/","title":{"rendered":"Eos Bio Filius W Heater"},"content":{"rendered":"<div class=\"flex max-w-full flex-col flex-grow\">\n<div class=\"min-h-[20px] text-message flex w-full flex-col items-end gap-2 whitespace-pre-wrap break-words [.text-message+&amp;]:mt-5 overflow-x-auto\" dir=\"auto\" data-message-author-role=\"assistant\" data-message-id=\"6873e749-5700-4aca-93d6-4bca4e100474\">\n<div class=\"flex w-full flex-col gap-1 empty:hidden first:pt-[3px]\">\n<div class=\"markdown prose w-full break-words dark:prose-invert light\">\n<h2><strong>Eos Bio Filius W Heater<\/strong><\/h2>\n<p>The Eos Bio Filius W heater is a compact and portable heater solution that offers great performance despite its small size. This stylish device, which can be used both at home and in the office, heats up quickly and brings warmth to your environment. Eos Bio Filius W stands out with its energy efficiency, safe operation and modern design. It is the perfect choice for creating a cozy environment on cold days.<\/p>\n<h4><strong>Highlights of the Heater:<\/strong><\/h4>\n<ul>\n<li><strong>Compact and Design:<\/strong> Lightweight and compact, you can carry it easily and use it wherever you want. You can carry it with you to provide a warm environment in the office, at home or on your travels.<\/li>\n<li><strong>Rapid Heating Technology:<\/strong> This heater features fast heating technology to warm up your environment in a short time.<\/li>\n<li><strong>Energy Efficiency:<\/strong> Eos Bio Filius W provides high efficiency with low energy consumption. While keeping your energy bills under control, it does not compromise on temperature comfort.<\/li>\n<li><strong>Silent Operation:<\/strong> Thanks to its quiet operation, you can use the Eos Bio Filius W heater for work that requires focus or for relaxation time. Enjoy warmth while working or sleeping in a relaxing environment.<\/li>\n<li><strong>Safe and Durable:<\/strong> The device has a protection system against overheating. Thus, it offers a safe use. Being made of high quality materials, it stands out as a long-lasting and durable product.<\/li>\n<\/ul>\n<\/div>\n<\/div>\n<\/div>\n<\/div>","protected":false},"excerpt":{"rendered":"<ul>\n<li>Compact and portable heater<\/li>\n<li>Fast heating technology<\/li>\n<li>Quiet and safe heater<\/li>\n<\/ul>","protected":false},"featured_media":11964,"template":"","meta":[],"product_cat":[53,155,156],"product_tag":[],"class_list":{"0":"post-11963","1":"product","2":"type-product","3":"status-publish","4":"has-post-thumbnail","6":"product_cat-sauna-isiticilari","7":"product_cat-eos-sauna-isiticilari","8":"product_cat-eos-sauna-isiticilar","10":"first","11":"instock","12":"shipping-taxable","13":"purchasable","14":"product-type-variable"},"yoast_head":"<!-- This site is optimized with the Yoast SEO Premium plugin v23.2 (Yoast SEO v23.2) - https:\/\/yoast.com\/wordpress\/plugins\/seo\/ -->\n<title>Eos Bio Filius W Is\u0131t\u0131c\u0131 | Barrsell End\u00fcstri<\/title>\n<meta name=\"description\" content=\"Eos Bio Filius W Is\u0131t\u0131c\u0131, k\u00fc\u00e7\u00fck boyutlar\u0131na ra\u011fmen b\u00fcy\u00fck bir performans sunan kompakt ve ta\u015f\u0131nabilir bir \u0131s\u0131t\u0131c\u0131 \u00e7\u00f6z\u00fcm\u00fcd\u00fcr.\" \/>\n<meta name=\"robots\" content=\"index, follow, max-snippet:-1, max-image-preview:large, max-video-preview:-1\" \/>\n<link rel=\"canonical\" href=\"https:\/\/barrsell.com\/en\/product\/eos-bio-filius-w\/\" \/>\n<meta property=\"og:locale\" content=\"en_US\" \/>\n<meta property=\"og:type\" content=\"article\" \/>\n<meta property=\"og:title\" content=\"Eos Bio Filius W Is\u0131t\u0131c\u0131\" \/>\n<meta property=\"og:description\" content=\"Eos Bio Filius W Is\u0131t\u0131c\u0131, k\u00fc\u00e7\u00fck boyutlar\u0131na ra\u011fmen b\u00fcy\u00fck bir performans sunan kompakt ve ta\u015f\u0131nabilir bir \u0131s\u0131t\u0131c\u0131 \u00e7\u00f6z\u00fcm\u00fcd\u00fcr.\" \/>\n<meta property=\"og:url\" content=\"https:\/\/barrsell.com\/en\/product\/eos-bio-filius-w\/\" \/>\n<meta property=\"og:site_name\" content=\"Barrsell\" \/>\n<meta property=\"article:modified_time\" content=\"2025-01-08T09:08:08+00:00\" \/>\n<meta property=\"og:image\" content=\"https:\/\/barrsell.com\/wp-content\/uploads\/2024\/08\/Eos-Bio-Filius-W.png\" \/>\n\t<meta property=\"og:image:width\" content=\"1200\" \/>\n\t<meta property=\"og:image:height\" content=\"1200\" \/>\n\t<meta property=\"og:image:type\" content=\"image\/png\" \/>\n<meta name=\"twitter:card\" content=\"summary_large_image\" \/>\n<meta name=\"twitter:label1\" content=\"Est. reading time\" \/>\n\t<meta name=\"twitter:data1\" content=\"2 minutes\" \/>\n<script type=\"application\/ld+json\" class=\"yoast-schema-graph\">{\"@context\":\"https:\/\/schema.org\",\"@graph\":[{\"@type\":\"WebPage\",\"@id\":\"https:\/\/barrsell.com\/urun\/eos-bio-filius-w\/\",\"url\":\"https:\/\/barrsell.com\/urun\/eos-bio-filius-w\/\",\"name\":\"Eos Bio Filius W Is\u0131t\u0131c\u0131 | Barrsell End\u00fcstri\",\"isPartOf\":{\"@id\":\"https:\/\/barrsell.com\/#website\"},\"primaryImageOfPage\":{\"@id\":\"https:\/\/barrsell.com\/urun\/eos-bio-filius-w\/#primaryimage\"},\"image\":{\"@id\":\"https:\/\/barrsell.com\/urun\/eos-bio-filius-w\/#primaryimage\"},\"thumbnailUrl\":\"https:\/\/barrsell.com\/wp-content\/uploads\/2024\/08\/Eos-Bio-Filius-W.png\",\"datePublished\":\"2024-08-16T08:00:12+00:00\",\"dateModified\":\"2025-01-08T09:08:08+00:00\",\"description\":\"Eos Bio Filius W Is\u0131t\u0131c\u0131, k\u00fc\u00e7\u00fck boyutlar\u0131na ra\u011fmen b\u00fcy\u00fck bir performans sunan kompakt ve ta\u015f\u0131nabilir bir \u0131s\u0131t\u0131c\u0131 \u00e7\u00f6z\u00fcm\u00fcd\u00fcr.\",\"breadcrumb\":{\"@id\":\"https:\/\/barrsell.com\/urun\/eos-bio-filius-w\/#breadcrumb\"},\"inLanguage\":\"en-US\",\"potentialAction\":[{\"@type\":\"ReadAction\",\"target\":[\"https:\/\/barrsell.com\/urun\/eos-bio-filius-w\/\"]}]},{\"@type\":\"ImageObject\",\"inLanguage\":\"en-US\",\"@id\":\"https:\/\/barrsell.com\/urun\/eos-bio-filius-w\/#primaryimage\",\"url\":\"https:\/\/barrsell.com\/wp-content\/uploads\/2024\/08\/Eos-Bio-Filius-W.png\",\"contentUrl\":\"https:\/\/barrsell.com\/wp-content\/uploads\/2024\/08\/Eos-Bio-Filius-W.png\",\"width\":1200,\"height\":1200,\"caption\":\"Eos Bio Filius W\"},{\"@type\":\"BreadcrumbList\",\"@id\":\"https:\/\/barrsell.com\/urun\/eos-bio-filius-w\/#breadcrumb\",\"itemListElement\":[{\"@type\":\"ListItem\",\"position\":1,\"name\":\"Home\",\"item\":\"https:\/\/barrsell.com\/\"},{\"@type\":\"ListItem\",\"position\":2,\"name\":\"\u00dcr\u00fcnler\",\"item\":\"https:\/\/barrsell.com\/en\/products\/\"},{\"@type\":\"ListItem\",\"position\":3,\"name\":\"Eos Bio Filius W Is\u0131t\u0131c\u0131\"}]},{\"@type\":\"WebSite\",\"@id\":\"https:\/\/barrsell.com\/#website\",\"url\":\"https:\/\/barrsell.com\/\",\"name\":\"Barrsell End\u00fcstri Makine\",\"description\":\"Teknolojiyle G\u00fc\u00e7lenen End\u00fcstriyel \u00c7\u00f6z\u00fcmler!\",\"potentialAction\":[{\"@type\":\"SearchAction\",\"target\":{\"@type\":\"EntryPoint\",\"urlTemplate\":\"https:\/\/barrsell.com\/?s={search_term_string}\"},\"query-input\":\"required name=search_term_string\"}],\"inLanguage\":\"en-US\"}]}<\/script>\n<!-- \/ Yoast SEO Premium plugin. -->","yoast_head_json":{"title":"Eos Bio Filius W Is\u0131t\u0131c\u0131 | Barrsell End\u00fcstri","description":"Eos Bio Filius W Is\u0131t\u0131c\u0131, k\u00fc\u00e7\u00fck boyutlar\u0131na ra\u011fmen b\u00fcy\u00fck bir performans sunan kompakt ve ta\u015f\u0131nabilir bir \u0131s\u0131t\u0131c\u0131 \u00e7\u00f6z\u00fcm\u00fcd\u00fcr.","robots":{"index":"index","follow":"follow","max-snippet":"max-snippet:-1","max-image-preview":"max-image-preview:large","max-video-preview":"max-video-preview:-1"},"canonical":"https:\/\/barrsell.com\/en\/product\/eos-bio-filius-w\/","og_locale":"en_US","og_type":"article","og_title":"Eos Bio Filius W Is\u0131t\u0131c\u0131","og_description":"Eos Bio Filius W Is\u0131t\u0131c\u0131, k\u00fc\u00e7\u00fck boyutlar\u0131na ra\u011fmen b\u00fcy\u00fck bir performans sunan kompakt ve ta\u015f\u0131nabilir bir \u0131s\u0131t\u0131c\u0131 \u00e7\u00f6z\u00fcm\u00fcd\u00fcr.","og_url":"https:\/\/barrsell.com\/en\/product\/eos-bio-filius-w\/","og_site_name":"Barrsell","article_modified_time":"2025-01-08T09:08:08+00:00","og_image":[{"width":1200,"height":1200,"url":"https:\/\/barrsell.com\/wp-content\/uploads\/2024\/08\/Eos-Bio-Filius-W.png","type":"image\/png"}],"twitter_card":"summary_large_image","twitter_misc":{"Est. reading time":"2 minutes"},"schema":{"@context":"https:\/\/schema.org","@graph":[{"@type":"WebPage","@id":"https:\/\/barrsell.com\/urun\/eos-bio-filius-w\/","url":"https:\/\/barrsell.com\/urun\/eos-bio-filius-w\/","name":"Eos Bio Filius W Is\u0131t\u0131c\u0131 | Barrsell End\u00fcstri","isPartOf":{"@id":"https:\/\/barrsell.com\/#website"},"primaryImageOfPage":{"@id":"https:\/\/barrsell.com\/urun\/eos-bio-filius-w\/#primaryimage"},"image":{"@id":"https:\/\/barrsell.com\/urun\/eos-bio-filius-w\/#primaryimage"},"thumbnailUrl":"https:\/\/barrsell.com\/wp-content\/uploads\/2024\/08\/Eos-Bio-Filius-W.png","datePublished":"2024-08-16T08:00:12+00:00","dateModified":"2025-01-08T09:08:08+00:00","description":"Eos Bio Filius W Is\u0131t\u0131c\u0131, k\u00fc\u00e7\u00fck boyutlar\u0131na ra\u011fmen b\u00fcy\u00fck bir performans sunan kompakt ve ta\u015f\u0131nabilir bir \u0131s\u0131t\u0131c\u0131 \u00e7\u00f6z\u00fcm\u00fcd\u00fcr.","breadcrumb":{"@id":"https:\/\/barrsell.com\/urun\/eos-bio-filius-w\/#breadcrumb"},"inLanguage":"en-US","potentialAction":[{"@type":"ReadAction","target":["https:\/\/barrsell.com\/urun\/eos-bio-filius-w\/"]}]},{"@type":"ImageObject","inLanguage":"en-US","@id":"https:\/\/barrsell.com\/urun\/eos-bio-filius-w\/#primaryimage","url":"https:\/\/barrsell.com\/wp-content\/uploads\/2024\/08\/Eos-Bio-Filius-W.png","contentUrl":"https:\/\/barrsell.com\/wp-content\/uploads\/2024\/08\/Eos-Bio-Filius-W.png","width":1200,"height":1200,"caption":"Eos Bio Filius W"},{"@type":"BreadcrumbList","@id":"https:\/\/barrsell.com\/urun\/eos-bio-filius-w\/#breadcrumb","itemListElement":[{"@type":"ListItem","position":1,"name":"Home","item":"https:\/\/barrsell.com\/"},{"@type":"ListItem","position":2,"name":"\u00dcr\u00fcnler","item":"https:\/\/barrsell.com\/en\/products\/"},{"@type":"ListItem","position":3,"name":"Eos Bio Filius W Is\u0131t\u0131c\u0131"}]},{"@type":"WebSite","@id":"https:\/\/barrsell.com\/#website","url":"https:\/\/barrsell.com\/","name":"Barrsell End\u00fcstri Makine","description":"Teknolojiyle G\u00fc\u00e7lenen End\u00fcstriyel \u00c7\u00f6z\u00fcmler!","potentialAction":[{"@type":"SearchAction","target":{"@type":"EntryPoint","urlTemplate":"https:\/\/barrsell.com\/?s={search_term_string}"},"query-input":"required name=search_term_string"}],"inLanguage":"en-US"}]}},"_links":{"self":[{"href":"https:\/\/barrsell.com\/en\/wp-json\/wp\/v2\/product\/11963","targetHints":{"allow":["GET"]}}],"collection":[{"href":"https:\/\/barrsell.com\/en\/wp-json\/wp\/v2\/product"}],"about":[{"href":"https:\/\/barrsell.com\/en\/wp-json\/wp\/v2\/types\/product"}],"version-history":[{"count":8,"href":"https:\/\/barrsell.com\/en\/wp-json\/wp\/v2\/product\/11963\/revisions"}],"predecessor-version":[{"id":19999,"href":"https:\/\/barrsell.com\/en\/wp-json\/wp\/v2\/product\/11963\/revisions\/19999"}],"wp:featuredmedia":[{"embeddable":true,"href":"https:\/\/barrsell.com\/en\/wp-json\/wp\/v2\/media\/11964"}],"wp:attachment":[{"href":"https:\/\/barrsell.com\/en\/wp-json\/wp\/v2\/media?parent=11963"}],"wp:term":[{"taxonomy":"product_cat","embeddable":true,"href":"https:\/\/barrsell.com\/en\/wp-json\/wp\/v2\/product_cat?post=11963"},{"taxonomy":"product_tag","embeddable":true,"href":"https:\/\/barrsell.com\/en\/wp-json\/wp\/v2\/product_tag?post=11963"}],"curies":[{"name":"wp","href":"https:\/\/api.w.org\/{rel}","templated":true}]}}