{"id":11927,"date":"2024-08-15T15:24:43","date_gmt":"2024-08-15T15:24:43","guid":{"rendered":"https:\/\/barrsell.com\/?post_type=product&#038;p=11927"},"modified":"2025-01-08T09:17:56","modified_gmt":"2025-01-08T09:17:56","slug":"eos-thermat-w-isitici","status":"publish","type":"product","link":"https:\/\/barrsell.com\/en\/product\/eos-thermat-w-heater\/","title":{"rendered":"EOS Thermat W Heater"},"content":{"rendered":"<h2><strong>EOS Thermat W Heater<\/strong><\/h2>\n<p>EOS Thermat W Heater is a device that offers superior heating experience in saunas with its high performance and innovative technology. Designed with German engineering, this product is ideal for both commercial and individual use. It stands out with its robust structure, energy-saving features and user-friendly design.<\/p>\n<h4><strong>Technical Specifications<\/strong><\/h4>\n<ul>\n<li><strong>Power Options<\/strong>:\n<ul>\n<li><strong>4,5 kW<\/strong>: Especially ideal for small home saunas.<\/li>\n<li><strong>6 kW ve 7,5 kW<\/strong>: Optimized for medium-sized saunas.<\/li>\n<li><strong>9 kW<\/strong>: Provides maximum efficiency in large commercial saunas.<\/li>\n<\/ul>\n<\/li>\n<li><strong>Heating Elements<\/strong>: Double layer heating elements, and also provide fast and even heating.<\/li>\n<li><strong>Stone Capacity<\/strong>:  20-30 kg stone capacity offers a natural and at the same time homogeneous heat dissipation.<\/li>\n<li><strong>Material Quality<\/strong>: High-quality stainless steel housing, thus combining both durability and aesthetics.<\/li>\n<li><strong>Mounting Type<\/strong>: You can mount it on the wall. So you can save space.<\/li>\n<li><strong>Control Unit Compatibility<\/strong>: Compatible with external control panels and allows easy setting of parameters such as temperature, time, etc.<\/li>\n<li><strong>Security Systems<\/strong>: Provides safe use with overheating protection and automatic shut-off feature.<\/li>\n<\/ul>\n<h4><strong>Unique Advantages of EOS Thermat W<\/strong><\/h4>\n<ol>\n<li><strong>Versatile usage<\/strong>: It adapts to any sauna environment thanks to its different power options.<\/li>\n<li><strong>Energy Efficiency<\/strong>: It offers an environmentally friendly solution with low energy consumption.<\/li>\n<li><strong>Aesthetic and Ergonomic Design<\/strong>: With its stylish appearance and space-saving compact structure, it fits perfectly into modern saunas.<\/li>\n<li><strong>Fast Warming Up<\/strong>: Thanks to high performance resistances, your sauna will heat up in a short time.<\/li>\n<li><strong>Long Lasting Use<\/strong>: Stainless steel housing and durable heating elements guarantee years of trouble-free operation.<\/li>\n<li><strong>Quiet Operation<\/strong>: It offers a peaceful sauna experience with minimum noise level.<\/li>\n<\/ol>\n<p>&nbsp;<\/p>","protected":false},"excerpt":{"rendered":"<p>EOS Thermat W Is\u0131t\u0131c\u0131 EOS Thermat W Is\u0131t\u0131c\u0131, y\u00fcksek performans\u0131 ve yenilik\u00e7i teknolojisi ile saunalarda \u00fcst\u00fcn \u0131s\u0131tma deneyimi sunan bir<\/p>","protected":false},"featured_media":15637,"template":"","meta":[],"product_cat":[53,155,156],"product_tag":[],"class_list":{"0":"post-11927","1":"product","2":"type-product","3":"status-publish","4":"has-post-thumbnail","6":"product_cat-sauna-isiticilari","7":"product_cat-eos-sauna-isiticilari","8":"product_cat-eos-sauna-isiticilar","10":"first","11":"instock","12":"shipping-taxable","13":"purchasable","14":"product-type-variable"},"yoast_head":"<!-- This site is optimized with the Yoast SEO Premium plugin v23.2 (Yoast SEO v23.2) - https:\/\/yoast.com\/wordpress\/plugins\/seo\/ -->\n<title>EOS Thermat W Is\u0131t\u0131c\u0131 | Barrsell End\u00fcstri<\/title>\n<meta name=\"description\" content=\"EOS Thermat W Is\u0131t\u0131c\u0131\u00a0saunalarda maksimum verimlilik ve g\u00fcvenlik sa\u011flamak \u00fczere tasarlanm\u0131\u015f, duvara monte edilebilen bir elektrikli sauna sobas\u0131d\u0131r.\" \/>\n<meta name=\"robots\" content=\"index, follow, max-snippet:-1, max-image-preview:large, max-video-preview:-1\" \/>\n<link rel=\"canonical\" href=\"https:\/\/barrsell.com\/en\/product\/eos-thermat-w-heater\/\" \/>\n<meta property=\"og:locale\" content=\"en_US\" \/>\n<meta property=\"og:type\" content=\"article\" \/>\n<meta property=\"og:title\" content=\"EOS Thermat W Is\u0131t\u0131c\u0131\" \/>\n<meta property=\"og:description\" content=\"EOS Thermat W Is\u0131t\u0131c\u0131\u00a0saunalarda maksimum verimlilik ve g\u00fcvenlik sa\u011flamak \u00fczere tasarlanm\u0131\u015f, duvara monte edilebilen bir elektrikli sauna sobas\u0131d\u0131r.\" \/>\n<meta property=\"og:url\" content=\"https:\/\/barrsell.com\/en\/product\/eos-thermat-w-heater\/\" \/>\n<meta property=\"og:site_name\" content=\"Barrsell\" \/>\n<meta property=\"article:modified_time\" content=\"2025-01-08T09:17:56+00:00\" \/>\n<meta property=\"og:image\" content=\"https:\/\/barrsell.com\/wp-content\/uploads\/2024\/08\/EOS-Thermat-W-Isitici.png\" \/>\n\t<meta property=\"og:image:width\" content=\"1200\" \/>\n\t<meta property=\"og:image:height\" content=\"1200\" \/>\n\t<meta property=\"og:image:type\" content=\"image\/png\" \/>\n<meta name=\"twitter:card\" content=\"summary_large_image\" \/>\n<meta name=\"twitter:label1\" content=\"Est. reading time\" \/>\n\t<meta name=\"twitter:data1\" content=\"2 minutes\" \/>\n<script type=\"application\/ld+json\" class=\"yoast-schema-graph\">{\"@context\":\"https:\/\/schema.org\",\"@graph\":[{\"@type\":\"WebPage\",\"@id\":\"https:\/\/barrsell.com\/urun\/eos-thermat-w-isitici\/\",\"url\":\"https:\/\/barrsell.com\/urun\/eos-thermat-w-isitici\/\",\"name\":\"EOS Thermat W Is\u0131t\u0131c\u0131 | Barrsell End\u00fcstri\",\"isPartOf\":{\"@id\":\"https:\/\/barrsell.com\/#website\"},\"primaryImageOfPage\":{\"@id\":\"https:\/\/barrsell.com\/urun\/eos-thermat-w-isitici\/#primaryimage\"},\"image\":{\"@id\":\"https:\/\/barrsell.com\/urun\/eos-thermat-w-isitici\/#primaryimage\"},\"thumbnailUrl\":\"https:\/\/barrsell.com\/wp-content\/uploads\/2024\/08\/EOS-Thermat-W-Isitici.png\",\"datePublished\":\"2024-08-15T15:24:43+00:00\",\"dateModified\":\"2025-01-08T09:17:56+00:00\",\"description\":\"EOS Thermat W Is\u0131t\u0131c\u0131\u00a0saunalarda maksimum verimlilik ve g\u00fcvenlik sa\u011flamak \u00fczere tasarlanm\u0131\u015f, duvara monte edilebilen bir elektrikli sauna sobas\u0131d\u0131r.\",\"breadcrumb\":{\"@id\":\"https:\/\/barrsell.com\/urun\/eos-thermat-w-isitici\/#breadcrumb\"},\"inLanguage\":\"en-US\",\"potentialAction\":[{\"@type\":\"ReadAction\",\"target\":[\"https:\/\/barrsell.com\/urun\/eos-thermat-w-isitici\/\"]}]},{\"@type\":\"ImageObject\",\"inLanguage\":\"en-US\",\"@id\":\"https:\/\/barrsell.com\/urun\/eos-thermat-w-isitici\/#primaryimage\",\"url\":\"https:\/\/barrsell.com\/wp-content\/uploads\/2024\/08\/EOS-Thermat-W-Isitici.png\",\"contentUrl\":\"https:\/\/barrsell.com\/wp-content\/uploads\/2024\/08\/EOS-Thermat-W-Isitici.png\",\"width\":1200,\"height\":1200,\"caption\":\"EOS Thermat W Is\u0131t\u0131c\u0131\"},{\"@type\":\"BreadcrumbList\",\"@id\":\"https:\/\/barrsell.com\/urun\/eos-thermat-w-isitici\/#breadcrumb\",\"itemListElement\":[{\"@type\":\"ListItem\",\"position\":1,\"name\":\"Home\",\"item\":\"https:\/\/barrsell.com\/\"},{\"@type\":\"ListItem\",\"position\":2,\"name\":\"\u00dcr\u00fcnler\",\"item\":\"https:\/\/barrsell.com\/en\/products\/\"},{\"@type\":\"ListItem\",\"position\":3,\"name\":\"EOS Thermat W Is\u0131t\u0131c\u0131\"}]},{\"@type\":\"WebSite\",\"@id\":\"https:\/\/barrsell.com\/#website\",\"url\":\"https:\/\/barrsell.com\/\",\"name\":\"Barrsell End\u00fcstri Makine\",\"description\":\"Teknolojiyle G\u00fc\u00e7lenen End\u00fcstriyel \u00c7\u00f6z\u00fcmler!\",\"potentialAction\":[{\"@type\":\"SearchAction\",\"target\":{\"@type\":\"EntryPoint\",\"urlTemplate\":\"https:\/\/barrsell.com\/?s={search_term_string}\"},\"query-input\":\"required name=search_term_string\"}],\"inLanguage\":\"en-US\"}]}<\/script>\n<!-- \/ Yoast SEO Premium plugin. -->","yoast_head_json":{"title":"EOS Thermat W Is\u0131t\u0131c\u0131 | Barrsell End\u00fcstri","description":"EOS Thermat W Is\u0131t\u0131c\u0131\u00a0saunalarda maksimum verimlilik ve g\u00fcvenlik sa\u011flamak \u00fczere tasarlanm\u0131\u015f, duvara monte edilebilen bir elektrikli sauna sobas\u0131d\u0131r.","robots":{"index":"index","follow":"follow","max-snippet":"max-snippet:-1","max-image-preview":"max-image-preview:large","max-video-preview":"max-video-preview:-1"},"canonical":"https:\/\/barrsell.com\/en\/product\/eos-thermat-w-heater\/","og_locale":"en_US","og_type":"article","og_title":"EOS Thermat W Is\u0131t\u0131c\u0131","og_description":"EOS Thermat W Is\u0131t\u0131c\u0131\u00a0saunalarda maksimum verimlilik ve g\u00fcvenlik sa\u011flamak \u00fczere tasarlanm\u0131\u015f, duvara monte edilebilen bir elektrikli sauna sobas\u0131d\u0131r.","og_url":"https:\/\/barrsell.com\/en\/product\/eos-thermat-w-heater\/","og_site_name":"Barrsell","article_modified_time":"2025-01-08T09:17:56+00:00","og_image":[{"width":1200,"height":1200,"url":"https:\/\/barrsell.com\/wp-content\/uploads\/2024\/08\/EOS-Thermat-W-Isitici.png","type":"image\/png"}],"twitter_card":"summary_large_image","twitter_misc":{"Est. reading time":"2 minutes"},"schema":{"@context":"https:\/\/schema.org","@graph":[{"@type":"WebPage","@id":"https:\/\/barrsell.com\/urun\/eos-thermat-w-isitici\/","url":"https:\/\/barrsell.com\/urun\/eos-thermat-w-isitici\/","name":"EOS Thermat W Is\u0131t\u0131c\u0131 | Barrsell End\u00fcstri","isPartOf":{"@id":"https:\/\/barrsell.com\/#website"},"primaryImageOfPage":{"@id":"https:\/\/barrsell.com\/urun\/eos-thermat-w-isitici\/#primaryimage"},"image":{"@id":"https:\/\/barrsell.com\/urun\/eos-thermat-w-isitici\/#primaryimage"},"thumbnailUrl":"https:\/\/barrsell.com\/wp-content\/uploads\/2024\/08\/EOS-Thermat-W-Isitici.png","datePublished":"2024-08-15T15:24:43+00:00","dateModified":"2025-01-08T09:17:56+00:00","description":"EOS Thermat W Is\u0131t\u0131c\u0131\u00a0saunalarda maksimum verimlilik ve g\u00fcvenlik sa\u011flamak \u00fczere tasarlanm\u0131\u015f, duvara monte edilebilen bir elektrikli sauna sobas\u0131d\u0131r.","breadcrumb":{"@id":"https:\/\/barrsell.com\/urun\/eos-thermat-w-isitici\/#breadcrumb"},"inLanguage":"en-US","potentialAction":[{"@type":"ReadAction","target":["https:\/\/barrsell.com\/urun\/eos-thermat-w-isitici\/"]}]},{"@type":"ImageObject","inLanguage":"en-US","@id":"https:\/\/barrsell.com\/urun\/eos-thermat-w-isitici\/#primaryimage","url":"https:\/\/barrsell.com\/wp-content\/uploads\/2024\/08\/EOS-Thermat-W-Isitici.png","contentUrl":"https:\/\/barrsell.com\/wp-content\/uploads\/2024\/08\/EOS-Thermat-W-Isitici.png","width":1200,"height":1200,"caption":"EOS Thermat W Is\u0131t\u0131c\u0131"},{"@type":"BreadcrumbList","@id":"https:\/\/barrsell.com\/urun\/eos-thermat-w-isitici\/#breadcrumb","itemListElement":[{"@type":"ListItem","position":1,"name":"Home","item":"https:\/\/barrsell.com\/"},{"@type":"ListItem","position":2,"name":"\u00dcr\u00fcnler","item":"https:\/\/barrsell.com\/en\/products\/"},{"@type":"ListItem","position":3,"name":"EOS Thermat W Is\u0131t\u0131c\u0131"}]},{"@type":"WebSite","@id":"https:\/\/barrsell.com\/#website","url":"https:\/\/barrsell.com\/","name":"Barrsell End\u00fcstri Makine","description":"Teknolojiyle G\u00fc\u00e7lenen End\u00fcstriyel \u00c7\u00f6z\u00fcmler!","potentialAction":[{"@type":"SearchAction","target":{"@type":"EntryPoint","urlTemplate":"https:\/\/barrsell.com\/?s={search_term_string}"},"query-input":"required name=search_term_string"}],"inLanguage":"en-US"}]}},"_links":{"self":[{"href":"https:\/\/barrsell.com\/en\/wp-json\/wp\/v2\/product\/11927","targetHints":{"allow":["GET"]}}],"collection":[{"href":"https:\/\/barrsell.com\/en\/wp-json\/wp\/v2\/product"}],"about":[{"href":"https:\/\/barrsell.com\/en\/wp-json\/wp\/v2\/types\/product"}],"version-history":[{"count":8,"href":"https:\/\/barrsell.com\/en\/wp-json\/wp\/v2\/product\/11927\/revisions"}],"predecessor-version":[{"id":20002,"href":"https:\/\/barrsell.com\/en\/wp-json\/wp\/v2\/product\/11927\/revisions\/20002"}],"wp:featuredmedia":[{"embeddable":true,"href":"https:\/\/barrsell.com\/en\/wp-json\/wp\/v2\/media\/15637"}],"wp:attachment":[{"href":"https:\/\/barrsell.com\/en\/wp-json\/wp\/v2\/media?parent=11927"}],"wp:term":[{"taxonomy":"product_cat","embeddable":true,"href":"https:\/\/barrsell.com\/en\/wp-json\/wp\/v2\/product_cat?post=11927"},{"taxonomy":"product_tag","embeddable":true,"href":"https:\/\/barrsell.com\/en\/wp-json\/wp\/v2\/product_tag?post=11927"}],"curies":[{"name":"wp","href":"https:\/\/api.w.org\/{rel}","templated":true}]}}