{"id":11923,"date":"2024-08-15T15:24:28","date_gmt":"2024-08-15T15:24:28","guid":{"rendered":"https:\/\/barrsell.com\/?post_type=product&#038;p=11923"},"modified":"2025-01-08T09:33:07","modified_gmt":"2025-01-08T09:33:07","slug":"eos-bio-cubo-isitici","status":"publish","type":"product","link":"https:\/\/barrsell.com\/en\/product\/eos-bio-cubo-heater\/","title":{"rendered":"Eos Bio Cubo Heater"},"content":{"rendered":"<div class=\"flex max-w-full flex-col flex-grow\">\n<div class=\"min-h-[20px] text-message flex w-full flex-col items-end gap-2 whitespace-pre-wrap break-words [.text-message+&amp;]:mt-5 overflow-x-auto\" dir=\"auto\" data-message-author-role=\"assistant\" data-message-id=\"399d41bf-1642-4bd6-8749-345a407080b8\">\n<div class=\"flex w-full flex-col gap-1 empty:hidden first:pt-[3px]\">\n<div class=\"markdown prose w-full break-words dark:prose-invert light\">\n<h2><strong>Eos Bio Cubo Heater<\/strong><\/h2>\n<p>EOS Bio Cubo Sauna Heater is the perfect solution for saunas with its innovative design and superior technological features. Thanks to its dual-function structure, it offers both dry sauna and steam sauna experience. With its modern design, high performance and user-friendly features, it is an ideal choice for both individual and commercial saunas.<\/p>\n<h4><strong>Technical Specifications<\/strong><\/h4>\n<ul>\n<li><strong>Power Options<\/strong>:\n<ul>\n<li>7.5 kW, 9 kW 10kW and also 12 kW models for different sauna sizes.<\/li>\n<\/ul>\n<\/li>\n<li><strong>Steam Generation<\/strong>: Provides uninterrupted steam production, especially thanks to the integrated 2-liter water tank.<\/li>\n<li><strong>Material Quality<\/strong>: Stainless steel outer body and inner structure provide a long-lasting and durable use.<\/li>\n<li><strong>Stone Capacity<\/strong>: 25 kg stone capacity provides natural heat dissipation and effective steam production.<\/li>\n<li><strong>Compact Design<\/strong>: Thanks to its cubic form, you can easily integrate it without disturbing the aesthetics of the sauna.<\/li>\n<li><strong>Control System Compliance<\/strong>: Compatible with EOS' external control panels, you can also easily adjust temperature, humidity and time settings.<\/li>\n<li><strong>Safety Features<\/strong>: Overheat protection and an automatic shut-off system ensure safe use.<\/li>\n<\/ul>\n<h4><strong>Highlights of EOS Bio Cubo<\/strong><\/h4>\n<ol>\n<li style=\"list-style-type: none;\">\n<ol>\n<li><strong>Dual Use Advantage<\/strong><br \/>\nEOS Bio Cubo offers both dry sauna and steam sauna experience. Thus, it provides a versatile use. Sauna lovers can easily switch between dry and humid environment.<\/li>\n<li><strong>Energy Efficiency<\/strong><br \/>\nWith its high energy-saving technology, Bio Cubo offers an environmentally friendly solution while reducing operating costs.<\/li>\n<li><strong>Aesthetic and Ergonomic Design<\/strong><br \/>\nThanks to its cubic design, it offers both a modern and compact solution for saunas.<\/li>\n<li><strong>Easy Maintenance and Cleaning<\/strong><br \/>\nThe water tank and stone compartment are designed to be easily removable. This allows users to carry out maintenance effortlessly.<\/li>\n<\/ol>\n<\/li>\n<\/ol>\n<\/div>\n<\/div>\n<\/div>\n<\/div>","protected":false},"excerpt":{"rendered":"<p>Eos Bio Cubo Is\u0131t\u0131c\u0131 EOS Bio Cubo Sauna Is\u0131t\u0131c\u0131 , yenilik\u00e7i tasar\u0131m\u0131 ve \u00fcst\u00fcn teknolojik \u00f6zellikleriyle saunalar i\u00e7in m\u00fckemmel bir<\/p>","protected":false},"featured_media":15645,"template":"","meta":[],"product_cat":[53,155,156],"product_tag":[],"class_list":{"0":"post-11923","1":"product","2":"type-product","3":"status-publish","4":"has-post-thumbnail","6":"product_cat-sauna-isiticilari","7":"product_cat-eos-sauna-isiticilari","8":"product_cat-eos-sauna-isiticilar","10":"first","11":"instock","12":"shipping-taxable","13":"purchasable","14":"product-type-variable"},"yoast_head":"<!-- This site is optimized with the Yoast SEO Premium plugin v23.2 (Yoast SEO v23.2) - https:\/\/yoast.com\/wordpress\/plugins\/seo\/ -->\n<title>Eos Bio Cubo Is\u0131t\u0131c\u0131 | Barrsell End\u00fcstri<\/title>\n<meta name=\"description\" content=\"Eos Bio Cubo Is\u0131t\u0131c\u0131, sa\u011fl\u0131kl\u0131 ve temiz i\u00e7me suyunu her an elinizin alt\u0131nda tutmak isteyenler i\u00e7in geli\u015ftirilmi\u015f benzersiz bir su ar\u0131tma sistemidir.\" \/>\n<meta name=\"robots\" content=\"index, follow, max-snippet:-1, max-image-preview:large, max-video-preview:-1\" \/>\n<link rel=\"canonical\" href=\"https:\/\/barrsell.com\/en\/product\/eos-bio-cubo-heater\/\" \/>\n<meta property=\"og:locale\" content=\"en_US\" \/>\n<meta property=\"og:type\" content=\"article\" \/>\n<meta property=\"og:title\" content=\"Eos Bio Cubo Is\u0131t\u0131c\u0131\" \/>\n<meta property=\"og:description\" content=\"Eos Bio Cubo Is\u0131t\u0131c\u0131, sa\u011fl\u0131kl\u0131 ve temiz i\u00e7me suyunu her an elinizin alt\u0131nda tutmak isteyenler i\u00e7in geli\u015ftirilmi\u015f benzersiz bir su ar\u0131tma sistemidir.\" \/>\n<meta property=\"og:url\" content=\"https:\/\/barrsell.com\/en\/product\/eos-bio-cubo-heater\/\" \/>\n<meta property=\"og:site_name\" content=\"Barrsell\" \/>\n<meta property=\"article:modified_time\" content=\"2025-01-08T09:33:07+00:00\" \/>\n<meta property=\"og:image\" content=\"https:\/\/barrsell.com\/wp-content\/uploads\/2024\/08\/Eos-Bio-Cubo.png\" \/>\n\t<meta property=\"og:image:width\" content=\"1200\" \/>\n\t<meta property=\"og:image:height\" content=\"1200\" \/>\n\t<meta property=\"og:image:type\" content=\"image\/png\" \/>\n<meta name=\"twitter:card\" content=\"summary_large_image\" \/>\n<meta name=\"twitter:label1\" content=\"Est. reading time\" \/>\n\t<meta name=\"twitter:data1\" content=\"2 minutes\" \/>\n<script type=\"application\/ld+json\" class=\"yoast-schema-graph\">{\"@context\":\"https:\/\/schema.org\",\"@graph\":[{\"@type\":\"WebPage\",\"@id\":\"https:\/\/barrsell.com\/urun\/eos-bio-cubo-isitici\/\",\"url\":\"https:\/\/barrsell.com\/urun\/eos-bio-cubo-isitici\/\",\"name\":\"Eos Bio Cubo Is\u0131t\u0131c\u0131 | Barrsell End\u00fcstri\",\"isPartOf\":{\"@id\":\"https:\/\/barrsell.com\/#website\"},\"primaryImageOfPage\":{\"@id\":\"https:\/\/barrsell.com\/urun\/eos-bio-cubo-isitici\/#primaryimage\"},\"image\":{\"@id\":\"https:\/\/barrsell.com\/urun\/eos-bio-cubo-isitici\/#primaryimage\"},\"thumbnailUrl\":\"https:\/\/barrsell.com\/wp-content\/uploads\/2024\/08\/Eos-Bio-Cubo.png\",\"datePublished\":\"2024-08-15T15:24:28+00:00\",\"dateModified\":\"2025-01-08T09:33:07+00:00\",\"description\":\"Eos Bio Cubo Is\u0131t\u0131c\u0131, sa\u011fl\u0131kl\u0131 ve temiz i\u00e7me suyunu her an elinizin alt\u0131nda tutmak isteyenler i\u00e7in geli\u015ftirilmi\u015f benzersiz bir su ar\u0131tma sistemidir.\",\"breadcrumb\":{\"@id\":\"https:\/\/barrsell.com\/urun\/eos-bio-cubo-isitici\/#breadcrumb\"},\"inLanguage\":\"en-US\",\"potentialAction\":[{\"@type\":\"ReadAction\",\"target\":[\"https:\/\/barrsell.com\/urun\/eos-bio-cubo-isitici\/\"]}]},{\"@type\":\"ImageObject\",\"inLanguage\":\"en-US\",\"@id\":\"https:\/\/barrsell.com\/urun\/eos-bio-cubo-isitici\/#primaryimage\",\"url\":\"https:\/\/barrsell.com\/wp-content\/uploads\/2024\/08\/Eos-Bio-Cubo.png\",\"contentUrl\":\"https:\/\/barrsell.com\/wp-content\/uploads\/2024\/08\/Eos-Bio-Cubo.png\",\"width\":1200,\"height\":1200,\"caption\":\"Eos Bio Cubo\"},{\"@type\":\"BreadcrumbList\",\"@id\":\"https:\/\/barrsell.com\/urun\/eos-bio-cubo-isitici\/#breadcrumb\",\"itemListElement\":[{\"@type\":\"ListItem\",\"position\":1,\"name\":\"Home\",\"item\":\"https:\/\/barrsell.com\/\"},{\"@type\":\"ListItem\",\"position\":2,\"name\":\"\u00dcr\u00fcnler\",\"item\":\"https:\/\/barrsell.com\/en\/products\/\"},{\"@type\":\"ListItem\",\"position\":3,\"name\":\"Eos Bio Cubo Is\u0131t\u0131c\u0131\"}]},{\"@type\":\"WebSite\",\"@id\":\"https:\/\/barrsell.com\/#website\",\"url\":\"https:\/\/barrsell.com\/\",\"name\":\"Barrsell End\u00fcstri Makine\",\"description\":\"Teknolojiyle G\u00fc\u00e7lenen End\u00fcstriyel \u00c7\u00f6z\u00fcmler!\",\"potentialAction\":[{\"@type\":\"SearchAction\",\"target\":{\"@type\":\"EntryPoint\",\"urlTemplate\":\"https:\/\/barrsell.com\/?s={search_term_string}\"},\"query-input\":\"required name=search_term_string\"}],\"inLanguage\":\"en-US\"}]}<\/script>\n<!-- \/ Yoast SEO Premium plugin. -->","yoast_head_json":{"title":"Eos Bio Cubo Is\u0131t\u0131c\u0131 | Barrsell End\u00fcstri","description":"Eos Bio Cubo Is\u0131t\u0131c\u0131, sa\u011fl\u0131kl\u0131 ve temiz i\u00e7me suyunu her an elinizin alt\u0131nda tutmak isteyenler i\u00e7in geli\u015ftirilmi\u015f benzersiz bir su ar\u0131tma sistemidir.","robots":{"index":"index","follow":"follow","max-snippet":"max-snippet:-1","max-image-preview":"max-image-preview:large","max-video-preview":"max-video-preview:-1"},"canonical":"https:\/\/barrsell.com\/en\/product\/eos-bio-cubo-heater\/","og_locale":"en_US","og_type":"article","og_title":"Eos Bio Cubo Is\u0131t\u0131c\u0131","og_description":"Eos Bio Cubo Is\u0131t\u0131c\u0131, sa\u011fl\u0131kl\u0131 ve temiz i\u00e7me suyunu her an elinizin alt\u0131nda tutmak isteyenler i\u00e7in geli\u015ftirilmi\u015f benzersiz bir su ar\u0131tma sistemidir.","og_url":"https:\/\/barrsell.com\/en\/product\/eos-bio-cubo-heater\/","og_site_name":"Barrsell","article_modified_time":"2025-01-08T09:33:07+00:00","og_image":[{"width":1200,"height":1200,"url":"https:\/\/barrsell.com\/wp-content\/uploads\/2024\/08\/Eos-Bio-Cubo.png","type":"image\/png"}],"twitter_card":"summary_large_image","twitter_misc":{"Est. reading time":"2 minutes"},"schema":{"@context":"https:\/\/schema.org","@graph":[{"@type":"WebPage","@id":"https:\/\/barrsell.com\/urun\/eos-bio-cubo-isitici\/","url":"https:\/\/barrsell.com\/urun\/eos-bio-cubo-isitici\/","name":"Eos Bio Cubo Is\u0131t\u0131c\u0131 | Barrsell End\u00fcstri","isPartOf":{"@id":"https:\/\/barrsell.com\/#website"},"primaryImageOfPage":{"@id":"https:\/\/barrsell.com\/urun\/eos-bio-cubo-isitici\/#primaryimage"},"image":{"@id":"https:\/\/barrsell.com\/urun\/eos-bio-cubo-isitici\/#primaryimage"},"thumbnailUrl":"https:\/\/barrsell.com\/wp-content\/uploads\/2024\/08\/Eos-Bio-Cubo.png","datePublished":"2024-08-15T15:24:28+00:00","dateModified":"2025-01-08T09:33:07+00:00","description":"Eos Bio Cubo Is\u0131t\u0131c\u0131, sa\u011fl\u0131kl\u0131 ve temiz i\u00e7me suyunu her an elinizin alt\u0131nda tutmak isteyenler i\u00e7in geli\u015ftirilmi\u015f benzersiz bir su ar\u0131tma sistemidir.","breadcrumb":{"@id":"https:\/\/barrsell.com\/urun\/eos-bio-cubo-isitici\/#breadcrumb"},"inLanguage":"en-US","potentialAction":[{"@type":"ReadAction","target":["https:\/\/barrsell.com\/urun\/eos-bio-cubo-isitici\/"]}]},{"@type":"ImageObject","inLanguage":"en-US","@id":"https:\/\/barrsell.com\/urun\/eos-bio-cubo-isitici\/#primaryimage","url":"https:\/\/barrsell.com\/wp-content\/uploads\/2024\/08\/Eos-Bio-Cubo.png","contentUrl":"https:\/\/barrsell.com\/wp-content\/uploads\/2024\/08\/Eos-Bio-Cubo.png","width":1200,"height":1200,"caption":"Eos Bio Cubo"},{"@type":"BreadcrumbList","@id":"https:\/\/barrsell.com\/urun\/eos-bio-cubo-isitici\/#breadcrumb","itemListElement":[{"@type":"ListItem","position":1,"name":"Home","item":"https:\/\/barrsell.com\/"},{"@type":"ListItem","position":2,"name":"\u00dcr\u00fcnler","item":"https:\/\/barrsell.com\/en\/products\/"},{"@type":"ListItem","position":3,"name":"Eos Bio Cubo Is\u0131t\u0131c\u0131"}]},{"@type":"WebSite","@id":"https:\/\/barrsell.com\/#website","url":"https:\/\/barrsell.com\/","name":"Barrsell End\u00fcstri Makine","description":"Teknolojiyle G\u00fc\u00e7lenen End\u00fcstriyel \u00c7\u00f6z\u00fcmler!","potentialAction":[{"@type":"SearchAction","target":{"@type":"EntryPoint","urlTemplate":"https:\/\/barrsell.com\/?s={search_term_string}"},"query-input":"required name=search_term_string"}],"inLanguage":"en-US"}]}},"_links":{"self":[{"href":"https:\/\/barrsell.com\/en\/wp-json\/wp\/v2\/product\/11923","targetHints":{"allow":["GET"]}}],"collection":[{"href":"https:\/\/barrsell.com\/en\/wp-json\/wp\/v2\/product"}],"about":[{"href":"https:\/\/barrsell.com\/en\/wp-json\/wp\/v2\/types\/product"}],"version-history":[{"count":5,"href":"https:\/\/barrsell.com\/en\/wp-json\/wp\/v2\/product\/11923\/revisions"}],"predecessor-version":[{"id":20004,"href":"https:\/\/barrsell.com\/en\/wp-json\/wp\/v2\/product\/11923\/revisions\/20004"}],"wp:featuredmedia":[{"embeddable":true,"href":"https:\/\/barrsell.com\/en\/wp-json\/wp\/v2\/media\/15645"}],"wp:attachment":[{"href":"https:\/\/barrsell.com\/en\/wp-json\/wp\/v2\/media?parent=11923"}],"wp:term":[{"taxonomy":"product_cat","embeddable":true,"href":"https:\/\/barrsell.com\/en\/wp-json\/wp\/v2\/product_cat?post=11923"},{"taxonomy":"product_tag","embeddable":true,"href":"https:\/\/barrsell.com\/en\/wp-json\/wp\/v2\/product_tag?post=11923"}],"curies":[{"name":"wp","href":"https:\/\/api.w.org\/{rel}","templated":true}]}}