{"id":11837,"date":"2024-08-14T15:34:43","date_gmt":"2024-08-14T15:34:43","guid":{"rendered":"https:\/\/barrsell.com\/?post_type=product&#038;p=11837"},"modified":"2025-01-08T09:56:17","modified_gmt":"2025-01-08T09:56:17","slug":"hygromatik-hortum-adaptoru-e-3221008","status":"publish","type":"product","link":"https:\/\/barrsell.com\/en\/product\/hygromatik-hose-adapter-e-3221008\/","title":{"rendered":"HygroMatik Hose Adapter E-3221008"},"content":{"rendered":"<div class=\"flex max-w-full flex-col flex-grow\">\n<div class=\"min-h-[20px] text-message flex w-full flex-col items-end gap-2 whitespace-pre-wrap break-words [.text-message+&amp;]:mt-5 overflow-x-auto\" dir=\"auto\" data-message-author-role=\"assistant\" data-message-id=\"e7e2f903-e9c3-47ed-b763-2cf6e591e6d5\">\n<div class=\"flex w-full flex-col gap-1 empty:hidden first:pt-[3px]\">\n<div class=\"markdown prose w-full break-words dark:prose-invert light\">\n<h2><strong>HygroMatik Hose Adapter E-3221008<\/strong><\/h2>\n<p>The HygroMatik Hose Adapter E-3221008 is a high quality fitting designed to provide a reliable and robust connection for your steam systems. It is the ideal adapter for steam generators or other steam applications. It offers a seamless connection experience, thus increasing the efficiency of your system. Also made of durable materials, it offers long-lasting performance and reliability.<\/p>\n<h4><strong>Highlights of HygroMatik Hose Adapter E-3221008:<\/strong><\/h4>\n<ul>\n<li><strong>High Quality Material:<\/strong> Manufactured from high quality materials. Thus, it is resistant to harsh vapor conditions and offers long-lasting use.<\/li>\n<li><strong>Reliable Connection:<\/strong> This adapter ensures a reliable hose connection in your steam systems. Especially thanks to its leak-proof construction, it prevents steam losses and also increases the efficiency of your system.<\/li>\n<li><strong>Easy assembly:<\/strong> HygroMatik E-3221008 can be easily installed with its user-friendly design. This saves time and simplifies the assembly process.<\/li>\n<li><strong>Compatibility:<\/strong> Compatible with different steam generators and systems. You can also use this adapter in a wide range of applications. In this way, it offers a flexible connection solution for various steam systems.<\/li>\n<\/ul>\n<h4><strong>Features<\/strong><\/h4>\n<ul>\n<li>Steam generator hose adapter<\/li>\n<li>High quality steam hose adapter<\/li>\n<li>Reliable steam system adapter<\/li>\n<li>Durable hose adapter for steam systems<\/li>\n<\/ul>\n<\/div>\n<\/div>\n<\/div>\n<\/div>\n<div class=\"mt-1 flex gap-3 empty:hidden -ml-2\">\n<div class=\"items-center justify-start rounded-xl p-1 flex\">\n<div class=\"flex items-center\">\n<div class=\"flex items-center pb-0\">\n<p>&nbsp;<\/p>\n<\/div>\n<\/div>\n<\/div>\n<\/div>","protected":false},"excerpt":{"rendered":"<div class=\"flex max-w-full flex-col flex-grow\">\n<div class=\"min-h-8 text-message flex w-full flex-col items-end gap-2 whitespace-normal break-words text-start [.text-message+&amp;]:mt-5\" dir=\"auto\" data-message-author-role=\"assistant\" data-message-id=\"53f287b8-8aaa-455e-8851-3853b91be23b\" data-message-model-slug=\"gpt-4o\">\n<div class=\"flex w-full flex-col gap-1 empty:hidden first:pt-[3px]\">\n<div class=\"markdown prose w-full break-words dark:prose-invert light\">\n<p>The DN25 hose adapter for the Hygromatik C10 Compactline steam humidifier\/steam generator is an original spare part solution that fits perfectly with your device.<\/p>\n<\/div>\n<\/div>\n<\/div>\n<\/div>\n<ul>\n<li>In order for the spare parts to be fully compatible with the device, in order to avoid confusion during the ordering phase, we recommend that you share the product label photo with us.<\/li>\n<\/ul>","protected":false},"featured_media":12246,"template":"","meta":[],"product_cat":[130],"product_tag":[],"class_list":{"0":"post-11837","1":"product","2":"type-product","3":"status-publish","4":"has-post-thumbnail","6":"product_cat-hygromatik-yedek-parcalari","8":"first","9":"instock","10":"shipping-taxable","11":"product-type-simple"},"yoast_head":"<!-- This site is optimized with the Yoast SEO Premium plugin v23.2 (Yoast SEO v23.2) - https:\/\/yoast.com\/wordpress\/plugins\/seo\/ -->\n<title>HygroMatik Hortum Adapt\u00f6r\u00fc E-3221008 Barrsell End\u00fcstri<\/title>\n<meta name=\"description\" content=\"HygroMatik Hortum Adapt\u00f6r\u00fc E-3221008 , buhar sistemlerinizde g\u00fcvenilir ve sa\u011flam bir ba\u011flant\u0131 sa\u011flamak i\u00e7in tasarlanm\u0131\u015f, y\u00fcksek kaliteli bir ba\u011flant\u0131\" \/>\n<meta name=\"robots\" content=\"index, follow, max-snippet:-1, max-image-preview:large, max-video-preview:-1\" \/>\n<link rel=\"canonical\" href=\"https:\/\/barrsell.com\/en\/product\/hygromatik-hose-adapter-e-3221008\/\" \/>\n<meta property=\"og:locale\" content=\"en_US\" \/>\n<meta property=\"og:type\" content=\"article\" \/>\n<meta property=\"og:title\" content=\"HygroMatik Hortum Adapt\u00f6r\u00fc E-3221008\" \/>\n<meta property=\"og:description\" content=\"HygroMatik Hortum Adapt\u00f6r\u00fc E-3221008 , buhar sistemlerinizde g\u00fcvenilir ve sa\u011flam bir ba\u011flant\u0131 sa\u011flamak i\u00e7in tasarlanm\u0131\u015f, y\u00fcksek kaliteli bir ba\u011flant\u0131\" \/>\n<meta property=\"og:url\" content=\"https:\/\/barrsell.com\/en\/product\/hygromatik-hose-adapter-e-3221008\/\" \/>\n<meta property=\"og:site_name\" content=\"Barrsell\" \/>\n<meta property=\"article:modified_time\" content=\"2025-01-08T09:56:17+00:00\" \/>\n<meta property=\"og:image\" content=\"https:\/\/barrsell.com\/wp-content\/uploads\/2024\/08\/HygroMatik-Hortum-Adaptoru-E-3221008.png\" \/>\n\t<meta property=\"og:image:width\" content=\"1200\" \/>\n\t<meta property=\"og:image:height\" content=\"1200\" \/>\n\t<meta property=\"og:image:type\" content=\"image\/png\" \/>\n<meta name=\"twitter:card\" content=\"summary_large_image\" \/>\n<meta name=\"twitter:label1\" content=\"Est. reading time\" \/>\n\t<meta name=\"twitter:data1\" content=\"2 minutes\" \/>\n<script type=\"application\/ld+json\" class=\"yoast-schema-graph\">{\"@context\":\"https:\/\/schema.org\",\"@graph\":[{\"@type\":\"WebPage\",\"@id\":\"https:\/\/barrsell.com\/urun\/hygromatik-hortum-adaptoru-e-3221008\/\",\"url\":\"https:\/\/barrsell.com\/urun\/hygromatik-hortum-adaptoru-e-3221008\/\",\"name\":\"HygroMatik Hortum Adapt\u00f6r\u00fc E-3221008 Barrsell End\u00fcstri\",\"isPartOf\":{\"@id\":\"https:\/\/barrsell.com\/#website\"},\"primaryImageOfPage\":{\"@id\":\"https:\/\/barrsell.com\/urun\/hygromatik-hortum-adaptoru-e-3221008\/#primaryimage\"},\"image\":{\"@id\":\"https:\/\/barrsell.com\/urun\/hygromatik-hortum-adaptoru-e-3221008\/#primaryimage\"},\"thumbnailUrl\":\"https:\/\/barrsell.com\/wp-content\/uploads\/2024\/08\/HygroMatik-Hortum-Adaptoru-E-3221008.png\",\"datePublished\":\"2024-08-14T15:34:43+00:00\",\"dateModified\":\"2025-01-08T09:56:17+00:00\",\"description\":\"HygroMatik Hortum Adapt\u00f6r\u00fc E-3221008 , buhar sistemlerinizde g\u00fcvenilir ve sa\u011flam bir ba\u011flant\u0131 sa\u011flamak i\u00e7in tasarlanm\u0131\u015f, y\u00fcksek kaliteli bir ba\u011flant\u0131\",\"breadcrumb\":{\"@id\":\"https:\/\/barrsell.com\/urun\/hygromatik-hortum-adaptoru-e-3221008\/#breadcrumb\"},\"inLanguage\":\"en-US\",\"potentialAction\":[{\"@type\":\"ReadAction\",\"target\":[\"https:\/\/barrsell.com\/urun\/hygromatik-hortum-adaptoru-e-3221008\/\"]}]},{\"@type\":\"ImageObject\",\"inLanguage\":\"en-US\",\"@id\":\"https:\/\/barrsell.com\/urun\/hygromatik-hortum-adaptoru-e-3221008\/#primaryimage\",\"url\":\"https:\/\/barrsell.com\/wp-content\/uploads\/2024\/08\/HygroMatik-Hortum-Adaptoru-E-3221008.png\",\"contentUrl\":\"https:\/\/barrsell.com\/wp-content\/uploads\/2024\/08\/HygroMatik-Hortum-Adaptoru-E-3221008.png\",\"width\":1200,\"height\":1200,\"caption\":\"HygroMatik Hortum Adapt\u00f6r\u00fc E-3221008\"},{\"@type\":\"BreadcrumbList\",\"@id\":\"https:\/\/barrsell.com\/urun\/hygromatik-hortum-adaptoru-e-3221008\/#breadcrumb\",\"itemListElement\":[{\"@type\":\"ListItem\",\"position\":1,\"name\":\"Home\",\"item\":\"https:\/\/barrsell.com\/\"},{\"@type\":\"ListItem\",\"position\":2,\"name\":\"\u00dcr\u00fcnler\",\"item\":\"https:\/\/barrsell.com\/en\/products\/\"},{\"@type\":\"ListItem\",\"position\":3,\"name\":\"HygroMatik Hortum Adapt\u00f6r\u00fc E-3221008\"}]},{\"@type\":\"WebSite\",\"@id\":\"https:\/\/barrsell.com\/#website\",\"url\":\"https:\/\/barrsell.com\/\",\"name\":\"Barrsell End\u00fcstri Makine\",\"description\":\"Teknolojiyle G\u00fc\u00e7lenen End\u00fcstriyel \u00c7\u00f6z\u00fcmler!\",\"potentialAction\":[{\"@type\":\"SearchAction\",\"target\":{\"@type\":\"EntryPoint\",\"urlTemplate\":\"https:\/\/barrsell.com\/?s={search_term_string}\"},\"query-input\":\"required name=search_term_string\"}],\"inLanguage\":\"en-US\"}]}<\/script>\n<!-- \/ Yoast SEO Premium plugin. -->","yoast_head_json":{"title":"HygroMatik Hortum Adapt\u00f6r\u00fc E-3221008 Barrsell End\u00fcstri","description":"HygroMatik Hortum Adapt\u00f6r\u00fc E-3221008 , buhar sistemlerinizde g\u00fcvenilir ve sa\u011flam bir ba\u011flant\u0131 sa\u011flamak i\u00e7in tasarlanm\u0131\u015f, y\u00fcksek kaliteli bir ba\u011flant\u0131","robots":{"index":"index","follow":"follow","max-snippet":"max-snippet:-1","max-image-preview":"max-image-preview:large","max-video-preview":"max-video-preview:-1"},"canonical":"https:\/\/barrsell.com\/en\/product\/hygromatik-hose-adapter-e-3221008\/","og_locale":"en_US","og_type":"article","og_title":"HygroMatik Hortum Adapt\u00f6r\u00fc E-3221008","og_description":"HygroMatik Hortum Adapt\u00f6r\u00fc E-3221008 , buhar sistemlerinizde g\u00fcvenilir ve sa\u011flam bir ba\u011flant\u0131 sa\u011flamak i\u00e7in tasarlanm\u0131\u015f, y\u00fcksek kaliteli bir ba\u011flant\u0131","og_url":"https:\/\/barrsell.com\/en\/product\/hygromatik-hose-adapter-e-3221008\/","og_site_name":"Barrsell","article_modified_time":"2025-01-08T09:56:17+00:00","og_image":[{"width":1200,"height":1200,"url":"https:\/\/barrsell.com\/wp-content\/uploads\/2024\/08\/HygroMatik-Hortum-Adaptoru-E-3221008.png","type":"image\/png"}],"twitter_card":"summary_large_image","twitter_misc":{"Est. reading time":"2 minutes"},"schema":{"@context":"https:\/\/schema.org","@graph":[{"@type":"WebPage","@id":"https:\/\/barrsell.com\/urun\/hygromatik-hortum-adaptoru-e-3221008\/","url":"https:\/\/barrsell.com\/urun\/hygromatik-hortum-adaptoru-e-3221008\/","name":"HygroMatik Hortum Adapt\u00f6r\u00fc E-3221008 Barrsell End\u00fcstri","isPartOf":{"@id":"https:\/\/barrsell.com\/#website"},"primaryImageOfPage":{"@id":"https:\/\/barrsell.com\/urun\/hygromatik-hortum-adaptoru-e-3221008\/#primaryimage"},"image":{"@id":"https:\/\/barrsell.com\/urun\/hygromatik-hortum-adaptoru-e-3221008\/#primaryimage"},"thumbnailUrl":"https:\/\/barrsell.com\/wp-content\/uploads\/2024\/08\/HygroMatik-Hortum-Adaptoru-E-3221008.png","datePublished":"2024-08-14T15:34:43+00:00","dateModified":"2025-01-08T09:56:17+00:00","description":"HygroMatik Hortum Adapt\u00f6r\u00fc E-3221008 , buhar sistemlerinizde g\u00fcvenilir ve sa\u011flam bir ba\u011flant\u0131 sa\u011flamak i\u00e7in tasarlanm\u0131\u015f, y\u00fcksek kaliteli bir ba\u011flant\u0131","breadcrumb":{"@id":"https:\/\/barrsell.com\/urun\/hygromatik-hortum-adaptoru-e-3221008\/#breadcrumb"},"inLanguage":"en-US","potentialAction":[{"@type":"ReadAction","target":["https:\/\/barrsell.com\/urun\/hygromatik-hortum-adaptoru-e-3221008\/"]}]},{"@type":"ImageObject","inLanguage":"en-US","@id":"https:\/\/barrsell.com\/urun\/hygromatik-hortum-adaptoru-e-3221008\/#primaryimage","url":"https:\/\/barrsell.com\/wp-content\/uploads\/2024\/08\/HygroMatik-Hortum-Adaptoru-E-3221008.png","contentUrl":"https:\/\/barrsell.com\/wp-content\/uploads\/2024\/08\/HygroMatik-Hortum-Adaptoru-E-3221008.png","width":1200,"height":1200,"caption":"HygroMatik Hortum Adapt\u00f6r\u00fc E-3221008"},{"@type":"BreadcrumbList","@id":"https:\/\/barrsell.com\/urun\/hygromatik-hortum-adaptoru-e-3221008\/#breadcrumb","itemListElement":[{"@type":"ListItem","position":1,"name":"Home","item":"https:\/\/barrsell.com\/"},{"@type":"ListItem","position":2,"name":"\u00dcr\u00fcnler","item":"https:\/\/barrsell.com\/en\/products\/"},{"@type":"ListItem","position":3,"name":"HygroMatik Hortum Adapt\u00f6r\u00fc E-3221008"}]},{"@type":"WebSite","@id":"https:\/\/barrsell.com\/#website","url":"https:\/\/barrsell.com\/","name":"Barrsell End\u00fcstri Makine","description":"Teknolojiyle G\u00fc\u00e7lenen End\u00fcstriyel \u00c7\u00f6z\u00fcmler!","potentialAction":[{"@type":"SearchAction","target":{"@type":"EntryPoint","urlTemplate":"https:\/\/barrsell.com\/?s={search_term_string}"},"query-input":"required name=search_term_string"}],"inLanguage":"en-US"}]}},"_links":{"self":[{"href":"https:\/\/barrsell.com\/en\/wp-json\/wp\/v2\/product\/11837","targetHints":{"allow":["GET"]}}],"collection":[{"href":"https:\/\/barrsell.com\/en\/wp-json\/wp\/v2\/product"}],"about":[{"href":"https:\/\/barrsell.com\/en\/wp-json\/wp\/v2\/types\/product"}],"version-history":[{"count":7,"href":"https:\/\/barrsell.com\/en\/wp-json\/wp\/v2\/product\/11837\/revisions"}],"predecessor-version":[{"id":20009,"href":"https:\/\/barrsell.com\/en\/wp-json\/wp\/v2\/product\/11837\/revisions\/20009"}],"wp:featuredmedia":[{"embeddable":true,"href":"https:\/\/barrsell.com\/en\/wp-json\/wp\/v2\/media\/12246"}],"wp:attachment":[{"href":"https:\/\/barrsell.com\/en\/wp-json\/wp\/v2\/media?parent=11837"}],"wp:term":[{"taxonomy":"product_cat","embeddable":true,"href":"https:\/\/barrsell.com\/en\/wp-json\/wp\/v2\/product_cat?post=11837"},{"taxonomy":"product_tag","embeddable":true,"href":"https:\/\/barrsell.com\/en\/wp-json\/wp\/v2\/product_tag?post=11837"}],"curies":[{"name":"wp","href":"https:\/\/api.w.org\/{rel}","templated":true}]}}