{"id":11835,"date":"2024-08-14T15:33:47","date_gmt":"2024-08-14T15:33:47","guid":{"rendered":"https:\/\/barrsell.com\/?post_type=product&#038;p=11835"},"modified":"2025-01-08T10:14:54","modified_gmt":"2025-01-08T10:14:54","slug":"hygromatik-hortum-adaptoru-e-3221002","status":"publish","type":"product","link":"https:\/\/barrsell.com\/en\/product\/hygromatik-hose-adapter-e-3221002\/","title":{"rendered":"HygroMatik Hose Adapter E-3221002"},"content":{"rendered":"<div class=\"flex max-w-full flex-col flex-grow\">\n<div class=\"min-h-[20px] text-message flex w-full flex-col items-end gap-2 whitespace-pre-wrap break-words [.text-message+&amp;]:mt-5 overflow-x-auto\" dir=\"auto\" data-message-author-role=\"assistant\" data-message-id=\"e7e2f903-e9c3-47ed-b763-2cf6e591e6d5\">\n<div class=\"flex w-full flex-col gap-1 empty:hidden first:pt-[3px]\">\n<div class=\"markdown prose w-full break-words dark:prose-invert light\">\n<h3><strong>HygroMatik Hose Adapter E-3221002<\/strong><\/h3>\n<p>The efficient and safe operation of industrial humidification systems depends on the compatibility and durability of each component, for example the HygroMatik Hose Adapter E-3221002. It is one of the most critical components of these systems. This adapter also provides reliability, durability and flexibility in hose connections, ensuring that your humidification system performs at the highest level.<\/p>\n<table style=\"height: 86px;\" width=\"193\">\n<tbody>\n<tr>\n<td width=\"143\">CompactLine Electrode<\/td>\n<\/tr>\n<tr>\n<td>C10<\/td>\n<\/tr>\n<\/tbody>\n<\/table>\n<h4><strong>Durable and Reliable Design<\/strong><\/h4>\n<p>The HygroMatik E-3221002 hose adapter is made of high-quality materials. And thus withstand the harsh conditions encountered in industrial environments. It is also resistant to high temperature and pressure, ensuring tightness and safety even during prolonged use of your system. This minimizes the risk of leakage at the connection points. This protects the safety and efficiency of your business.<\/p>\n<h4><strong>Easy Assembly and Flexible Fit<\/strong><\/h4>\n<p>This adapter has a flexible design that can adapt to various hose diameters. HygroMatik E-3221002 makes installation easier, especially by speeding up the assembly process. Thanks to its easy installation, it prevents wasted time and allows your system to be up and running in less time. This flexibility makes it suitable for use in different system configurations.<\/p>\n<h4><strong>Superior Connection Solution for Industrial Humidification Systems<\/strong><\/h4>\n<ul>\n<li><strong>High Durability:<\/strong> Made with high temperature and pressure resistant materials suitable for industrial conditions.<\/li>\n<li><strong>Reliable Connection:<\/strong> Providing a leak-proof and secure connection, it supports the smooth operation of the humidification system.<\/li>\n<li><strong>Flexible Fit:<\/strong> Adapts to different hose diameters, speeding up the installation process and making installation easier.<\/li>\n<li><strong>Long Lasting Performance:<\/strong> Thanks to its robust structure, it offers long-lasting use, does not require frequent maintenance.<\/li>\n<\/ul>\n<\/div>\n<\/div>\n<\/div>\n<\/div>","protected":false},"excerpt":{"rendered":"<div class=\"flex max-w-full flex-col flex-grow\">\n<div class=\"min-h-8 text-message flex w-full flex-col items-end gap-2 whitespace-normal break-words text-start [.text-message+&amp;]:mt-5\" dir=\"auto\" data-message-author-role=\"assistant\" data-message-id=\"c3fa6427-d8d6-47fc-a9f5-133bc8d935bb\" data-message-model-slug=\"gpt-4o\">\n<div class=\"flex w-full flex-col gap-1 empty:hidden first:pt-[3px]\">\n<div class=\"markdown prose w-full break-words dark:prose-invert light\">\n<p>DN25 hose adapter for Hygromatik C10 Compactline is an original spare part compatible with the device.<\/p>\n<\/div>\n<\/div>\n<\/div>\n<\/div>\n<ul>\n<li>In order for the spare parts to be fully compatible with the device, in order to avoid confusion during the ordering phase, we recommend that you share the product label photo with us.<\/li>\n<\/ul>","protected":false},"featured_media":20011,"template":"","meta":[],"product_cat":[130],"product_tag":[],"class_list":{"0":"post-11835","1":"product","2":"type-product","3":"status-publish","4":"has-post-thumbnail","6":"product_cat-hygromatik-yedek-parcalari","8":"first","9":"instock","10":"shipping-taxable","11":"purchasable","12":"product-type-simple"},"yoast_head":"<!-- This site is optimized with the Yoast SEO Premium plugin v23.2 (Yoast SEO v23.2) - https:\/\/yoast.com\/wordpress\/plugins\/seo\/ -->\n<title>HygroMatik Hortum Adapt\u00f6r\u00fc E-3221002 Barrsell End\u00fcstri<\/title>\n<meta name=\"description\" content=\"End\u00fcstriyel nemlendirme sistemlerinin verimli ve g\u00fcvenli \u00e7al\u0131\u015fmas\u0131, her bir bile\u015fenin \u00f6rne\u011fin HygroMatik Hortum Adapt\u00f6r\u00fc E-3221002 uyumlu ve dayan\u0131kl\u0131\" \/>\n<meta name=\"robots\" content=\"index, follow, max-snippet:-1, max-image-preview:large, max-video-preview:-1\" \/>\n<link rel=\"canonical\" href=\"https:\/\/barrsell.com\/en\/product\/hygromatik-hose-adapter-e-3221002\/\" \/>\n<meta property=\"og:locale\" content=\"en_US\" \/>\n<meta property=\"og:type\" content=\"article\" \/>\n<meta property=\"og:title\" content=\"HygroMatik Hortum Adapt\u00f6r\u00fc E-3221002\" \/>\n<meta property=\"og:description\" content=\"End\u00fcstriyel nemlendirme sistemlerinin verimli ve g\u00fcvenli \u00e7al\u0131\u015fmas\u0131, her bir bile\u015fenin \u00f6rne\u011fin HygroMatik Hortum Adapt\u00f6r\u00fc E-3221002 uyumlu ve dayan\u0131kl\u0131\" \/>\n<meta property=\"og:url\" content=\"https:\/\/barrsell.com\/en\/product\/hygromatik-hose-adapter-e-3221002\/\" \/>\n<meta property=\"og:site_name\" content=\"Barrsell\" \/>\n<meta property=\"article:modified_time\" content=\"2025-01-08T10:14:54+00:00\" \/>\n<meta property=\"og:image\" content=\"https:\/\/barrsell.com\/wp-content\/uploads\/2024\/08\/HygroMatik-Hortum-Adaptoru-E-3221002.png\" \/>\n\t<meta property=\"og:image:width\" content=\"1200\" \/>\n\t<meta property=\"og:image:height\" content=\"1200\" \/>\n\t<meta property=\"og:image:type\" content=\"image\/png\" \/>\n<meta name=\"twitter:card\" content=\"summary_large_image\" \/>\n<meta name=\"twitter:label1\" content=\"Est. reading time\" \/>\n\t<meta name=\"twitter:data1\" content=\"2 minutes\" \/>\n<script type=\"application\/ld+json\" class=\"yoast-schema-graph\">{\"@context\":\"https:\/\/schema.org\",\"@graph\":[{\"@type\":\"WebPage\",\"@id\":\"https:\/\/barrsell.com\/urun\/hygromatik-hortum-adaptoru-e-3221002\/\",\"url\":\"https:\/\/barrsell.com\/urun\/hygromatik-hortum-adaptoru-e-3221002\/\",\"name\":\"HygroMatik Hortum Adapt\u00f6r\u00fc E-3221002 Barrsell End\u00fcstri\",\"isPartOf\":{\"@id\":\"https:\/\/barrsell.com\/#website\"},\"primaryImageOfPage\":{\"@id\":\"https:\/\/barrsell.com\/urun\/hygromatik-hortum-adaptoru-e-3221002\/#primaryimage\"},\"image\":{\"@id\":\"https:\/\/barrsell.com\/urun\/hygromatik-hortum-adaptoru-e-3221002\/#primaryimage\"},\"thumbnailUrl\":\"https:\/\/barrsell.com\/wp-content\/uploads\/2024\/08\/HygroMatik-Hortum-Adaptoru-E-3221002.png\",\"datePublished\":\"2024-08-14T15:33:47+00:00\",\"dateModified\":\"2025-01-08T10:14:54+00:00\",\"description\":\"End\u00fcstriyel nemlendirme sistemlerinin verimli ve g\u00fcvenli \u00e7al\u0131\u015fmas\u0131, her bir bile\u015fenin \u00f6rne\u011fin HygroMatik Hortum Adapt\u00f6r\u00fc E-3221002 uyumlu ve dayan\u0131kl\u0131\",\"breadcrumb\":{\"@id\":\"https:\/\/barrsell.com\/urun\/hygromatik-hortum-adaptoru-e-3221002\/#breadcrumb\"},\"inLanguage\":\"en-US\",\"potentialAction\":[{\"@type\":\"ReadAction\",\"target\":[\"https:\/\/barrsell.com\/urun\/hygromatik-hortum-adaptoru-e-3221002\/\"]}]},{\"@type\":\"ImageObject\",\"inLanguage\":\"en-US\",\"@id\":\"https:\/\/barrsell.com\/urun\/hygromatik-hortum-adaptoru-e-3221002\/#primaryimage\",\"url\":\"https:\/\/barrsell.com\/wp-content\/uploads\/2024\/08\/HygroMatik-Hortum-Adaptoru-E-3221002.png\",\"contentUrl\":\"https:\/\/barrsell.com\/wp-content\/uploads\/2024\/08\/HygroMatik-Hortum-Adaptoru-E-3221002.png\",\"width\":1200,\"height\":1200,\"caption\":\"HygroMatik Hortum Adapt\u00f6r\u00fc E-3221002\"},{\"@type\":\"BreadcrumbList\",\"@id\":\"https:\/\/barrsell.com\/urun\/hygromatik-hortum-adaptoru-e-3221002\/#breadcrumb\",\"itemListElement\":[{\"@type\":\"ListItem\",\"position\":1,\"name\":\"Home\",\"item\":\"https:\/\/barrsell.com\/\"},{\"@type\":\"ListItem\",\"position\":2,\"name\":\"\u00dcr\u00fcnler\",\"item\":\"https:\/\/barrsell.com\/en\/products\/\"},{\"@type\":\"ListItem\",\"position\":3,\"name\":\"HygroMatik Hortum Adapt\u00f6r\u00fc E-3221002\"}]},{\"@type\":\"WebSite\",\"@id\":\"https:\/\/barrsell.com\/#website\",\"url\":\"https:\/\/barrsell.com\/\",\"name\":\"Barrsell End\u00fcstri Makine\",\"description\":\"Teknolojiyle G\u00fc\u00e7lenen End\u00fcstriyel \u00c7\u00f6z\u00fcmler!\",\"potentialAction\":[{\"@type\":\"SearchAction\",\"target\":{\"@type\":\"EntryPoint\",\"urlTemplate\":\"https:\/\/barrsell.com\/?s={search_term_string}\"},\"query-input\":\"required name=search_term_string\"}],\"inLanguage\":\"en-US\"}]}<\/script>\n<!-- \/ Yoast SEO Premium plugin. -->","yoast_head_json":{"title":"HygroMatik Hortum Adapt\u00f6r\u00fc E-3221002 Barrsell End\u00fcstri","description":"End\u00fcstriyel nemlendirme sistemlerinin verimli ve g\u00fcvenli \u00e7al\u0131\u015fmas\u0131, her bir bile\u015fenin \u00f6rne\u011fin HygroMatik Hortum Adapt\u00f6r\u00fc E-3221002 uyumlu ve dayan\u0131kl\u0131","robots":{"index":"index","follow":"follow","max-snippet":"max-snippet:-1","max-image-preview":"max-image-preview:large","max-video-preview":"max-video-preview:-1"},"canonical":"https:\/\/barrsell.com\/en\/product\/hygromatik-hose-adapter-e-3221002\/","og_locale":"en_US","og_type":"article","og_title":"HygroMatik Hortum Adapt\u00f6r\u00fc E-3221002","og_description":"End\u00fcstriyel nemlendirme sistemlerinin verimli ve g\u00fcvenli \u00e7al\u0131\u015fmas\u0131, her bir bile\u015fenin \u00f6rne\u011fin HygroMatik Hortum Adapt\u00f6r\u00fc E-3221002 uyumlu ve dayan\u0131kl\u0131","og_url":"https:\/\/barrsell.com\/en\/product\/hygromatik-hose-adapter-e-3221002\/","og_site_name":"Barrsell","article_modified_time":"2025-01-08T10:14:54+00:00","og_image":[{"width":1200,"height":1200,"url":"https:\/\/barrsell.com\/wp-content\/uploads\/2024\/08\/HygroMatik-Hortum-Adaptoru-E-3221002.png","type":"image\/png"}],"twitter_card":"summary_large_image","twitter_misc":{"Est. reading time":"2 minutes"},"schema":{"@context":"https:\/\/schema.org","@graph":[{"@type":"WebPage","@id":"https:\/\/barrsell.com\/urun\/hygromatik-hortum-adaptoru-e-3221002\/","url":"https:\/\/barrsell.com\/urun\/hygromatik-hortum-adaptoru-e-3221002\/","name":"HygroMatik Hortum Adapt\u00f6r\u00fc E-3221002 Barrsell End\u00fcstri","isPartOf":{"@id":"https:\/\/barrsell.com\/#website"},"primaryImageOfPage":{"@id":"https:\/\/barrsell.com\/urun\/hygromatik-hortum-adaptoru-e-3221002\/#primaryimage"},"image":{"@id":"https:\/\/barrsell.com\/urun\/hygromatik-hortum-adaptoru-e-3221002\/#primaryimage"},"thumbnailUrl":"https:\/\/barrsell.com\/wp-content\/uploads\/2024\/08\/HygroMatik-Hortum-Adaptoru-E-3221002.png","datePublished":"2024-08-14T15:33:47+00:00","dateModified":"2025-01-08T10:14:54+00:00","description":"End\u00fcstriyel nemlendirme sistemlerinin verimli ve g\u00fcvenli \u00e7al\u0131\u015fmas\u0131, her bir bile\u015fenin \u00f6rne\u011fin HygroMatik Hortum Adapt\u00f6r\u00fc E-3221002 uyumlu ve dayan\u0131kl\u0131","breadcrumb":{"@id":"https:\/\/barrsell.com\/urun\/hygromatik-hortum-adaptoru-e-3221002\/#breadcrumb"},"inLanguage":"en-US","potentialAction":[{"@type":"ReadAction","target":["https:\/\/barrsell.com\/urun\/hygromatik-hortum-adaptoru-e-3221002\/"]}]},{"@type":"ImageObject","inLanguage":"en-US","@id":"https:\/\/barrsell.com\/urun\/hygromatik-hortum-adaptoru-e-3221002\/#primaryimage","url":"https:\/\/barrsell.com\/wp-content\/uploads\/2024\/08\/HygroMatik-Hortum-Adaptoru-E-3221002.png","contentUrl":"https:\/\/barrsell.com\/wp-content\/uploads\/2024\/08\/HygroMatik-Hortum-Adaptoru-E-3221002.png","width":1200,"height":1200,"caption":"HygroMatik Hortum Adapt\u00f6r\u00fc E-3221002"},{"@type":"BreadcrumbList","@id":"https:\/\/barrsell.com\/urun\/hygromatik-hortum-adaptoru-e-3221002\/#breadcrumb","itemListElement":[{"@type":"ListItem","position":1,"name":"Home","item":"https:\/\/barrsell.com\/"},{"@type":"ListItem","position":2,"name":"\u00dcr\u00fcnler","item":"https:\/\/barrsell.com\/en\/products\/"},{"@type":"ListItem","position":3,"name":"HygroMatik Hortum Adapt\u00f6r\u00fc E-3221002"}]},{"@type":"WebSite","@id":"https:\/\/barrsell.com\/#website","url":"https:\/\/barrsell.com\/","name":"Barrsell End\u00fcstri Makine","description":"Teknolojiyle G\u00fc\u00e7lenen End\u00fcstriyel \u00c7\u00f6z\u00fcmler!","potentialAction":[{"@type":"SearchAction","target":{"@type":"EntryPoint","urlTemplate":"https:\/\/barrsell.com\/?s={search_term_string}"},"query-input":"required name=search_term_string"}],"inLanguage":"en-US"}]}},"_links":{"self":[{"href":"https:\/\/barrsell.com\/en\/wp-json\/wp\/v2\/product\/11835","targetHints":{"allow":["GET"]}}],"collection":[{"href":"https:\/\/barrsell.com\/en\/wp-json\/wp\/v2\/product"}],"about":[{"href":"https:\/\/barrsell.com\/en\/wp-json\/wp\/v2\/types\/product"}],"version-history":[{"count":7,"href":"https:\/\/barrsell.com\/en\/wp-json\/wp\/v2\/product\/11835\/revisions"}],"predecessor-version":[{"id":20015,"href":"https:\/\/barrsell.com\/en\/wp-json\/wp\/v2\/product\/11835\/revisions\/20015"}],"wp:featuredmedia":[{"embeddable":true,"href":"https:\/\/barrsell.com\/en\/wp-json\/wp\/v2\/media\/20011"}],"wp:attachment":[{"href":"https:\/\/barrsell.com\/en\/wp-json\/wp\/v2\/media?parent=11835"}],"wp:term":[{"taxonomy":"product_cat","embeddable":true,"href":"https:\/\/barrsell.com\/en\/wp-json\/wp\/v2\/product_cat?post=11835"},{"taxonomy":"product_tag","embeddable":true,"href":"https:\/\/barrsell.com\/en\/wp-json\/wp\/v2\/product_tag?post=11835"}],"curies":[{"name":"wp","href":"https:\/\/api.w.org\/{rel}","templated":true}]}}