{"id":11830,"date":"2024-08-14T15:20:23","date_gmt":"2024-08-14T15:20:23","guid":{"rendered":"https:\/\/barrsell.com\/?post_type=product&#038;p=11830"},"modified":"2025-01-08T10:23:26","modified_gmt":"2025-01-08T10:23:26","slug":"hygromatik-hortum-adaptoru-e-2209000","status":"publish","type":"product","link":"https:\/\/barrsell.com\/en\/product\/hygromatik-hose-adapter-e-2209000\/","title":{"rendered":"HygroMatik Hose Adapter E-2209000"},"content":{"rendered":"<h2><strong>HygroMatik Hose Adapter E-2209000:\u00a0<\/strong><\/h2>\n<p>HygroMatic Hose Adapter E-2209000 is a spare parts solution specially designed for steam humidifier and generator systems. This adapter, which complies with the DN25 connection standard, has been developed to improve device performance and ensure reliable use. Having the original HygroMatic spare part offers a long-lasting and trouble-free experience.<\/p>\n<table style=\"height: 87px;\" width=\"474\">\n<tbody>\n<tr>\n<td width=\"146\"><strong>CompactLine Elektrode<\/strong><\/td>\n<td width=\"172\"><strong>Heater Compact Heizk\u00f6rper<\/strong><\/td>\n<\/tr>\n<tr>\n<td>C17<\/td>\n<td>HC02<\/td>\n<\/tr>\n<\/tbody>\n<\/table>\n<h4><strong>Technical Specifications<\/strong><\/h4>\n<ul>\n<li><strong>Product Code<\/strong>: E-2209000<\/li>\n<li><strong>Connection standard<\/strong>: DN25<\/li>\n<li><strong>Material Quality<\/strong>: Made with industrial standard materials offering high durability.<\/li>\n<li><strong>Compatibility<\/strong>: Fully compatible with HygroMatic steam humidifier and steam generators.<\/li>\n<li><strong>Easy Assembly<\/strong>: Optimized design for quick and practical installation.<\/li>\n<\/ul>\n<h4><strong>HygroMatic Hose Adapter E-2209000\u2019in Advantages<\/strong><\/h4>\n<ol>\n<li><strong>Maximum compliance<\/strong><br \/>\nDesigned to be compatible with HygroMatik devices. This allows you to maintain device performance and use it efficiently for a long time.<\/li>\n<li><strong>Durable construction<\/strong><br \/>\nMade with industrial grade materials, the adapter is resistant to high pressure and temperature. This feature provides a long-lasting use.<\/li>\n<li><strong>Easy Integration<\/strong><br \/>\nThe adapter is designed in accordance with the DN25 connection standard and does not require an extra tool during installation. So you save time.<\/li>\n<\/ol>","protected":false},"excerpt":{"rendered":"<p>Original hose adapter with DN10 connection standards for hygromatik C25 Compactline steam humidifier and steam generator, with,<\/p>\n<ul>\n<li>In order for the spare parts to be fully compatible with the device, in order to avoid confusion during the ordering phase, we recommend that you share the product label photo with us.<\/li>\n<\/ul>","protected":false},"featured_media":20017,"template":"","meta":[],"product_cat":[130],"product_tag":[],"class_list":{"0":"post-11830","1":"product","2":"type-product","3":"status-publish","4":"has-post-thumbnail","6":"product_cat-hygromatik-yedek-parcalari","8":"first","9":"instock","10":"shipping-taxable","11":"product-type-simple"},"yoast_head":"<!-- This site is optimized with the Yoast SEO Premium plugin v23.2 (Yoast SEO v23.2) - https:\/\/yoast.com\/wordpress\/plugins\/seo\/ -->\n<title>HygroMatik Hortum Adapt\u00f6r\u00fc E-2209000 Barrsell End\u00fcstri<\/title>\n<meta name=\"description\" content=\"End\u00fcstriyel nemlendirme sistemlerinin g\u00fcvenli ve verimli \u00e7al\u0131\u015fmas\u0131, her bir bile\u015fenin \u00f6rne\u011fin HygroMatik Hortum Adapt\u00f6r\u00fc E-2209000 do\u011fru ve g\u00fcvenilir\" \/>\n<meta name=\"robots\" content=\"index, follow, max-snippet:-1, max-image-preview:large, max-video-preview:-1\" \/>\n<link rel=\"canonical\" href=\"https:\/\/barrsell.com\/en\/product\/hygromatik-hose-adapter-e-2209000\/\" \/>\n<meta property=\"og:locale\" content=\"en_US\" \/>\n<meta property=\"og:type\" content=\"article\" \/>\n<meta property=\"og:title\" content=\"HygroMatik Hortum Adapt\u00f6r\u00fc E-2209000\" \/>\n<meta property=\"og:description\" content=\"End\u00fcstriyel nemlendirme sistemlerinin g\u00fcvenli ve verimli \u00e7al\u0131\u015fmas\u0131, her bir bile\u015fenin \u00f6rne\u011fin HygroMatik Hortum Adapt\u00f6r\u00fc E-2209000 do\u011fru ve g\u00fcvenilir\" \/>\n<meta property=\"og:url\" content=\"https:\/\/barrsell.com\/en\/product\/hygromatik-hose-adapter-e-2209000\/\" \/>\n<meta property=\"og:site_name\" content=\"Barrsell\" \/>\n<meta property=\"article:modified_time\" content=\"2025-01-08T10:23:26+00:00\" \/>\n<meta property=\"og:image\" content=\"https:\/\/barrsell.com\/wp-content\/uploads\/2024\/08\/HygroMatik-Hortum-Adaptoru-E-2209000-1.png\" \/>\n\t<meta property=\"og:image:width\" content=\"1200\" \/>\n\t<meta property=\"og:image:height\" content=\"1200\" \/>\n\t<meta property=\"og:image:type\" content=\"image\/png\" \/>\n<meta name=\"twitter:card\" content=\"summary_large_image\" \/>\n<meta name=\"twitter:label1\" content=\"Est. reading time\" \/>\n\t<meta name=\"twitter:data1\" content=\"2 minutes\" \/>\n<script type=\"application\/ld+json\" class=\"yoast-schema-graph\">{\"@context\":\"https:\/\/schema.org\",\"@graph\":[{\"@type\":\"WebPage\",\"@id\":\"https:\/\/barrsell.com\/urun\/hygromatik-hortum-adaptoru-e-2209000\/\",\"url\":\"https:\/\/barrsell.com\/urun\/hygromatik-hortum-adaptoru-e-2209000\/\",\"name\":\"HygroMatik Hortum Adapt\u00f6r\u00fc E-2209000 Barrsell End\u00fcstri\",\"isPartOf\":{\"@id\":\"https:\/\/barrsell.com\/#website\"},\"primaryImageOfPage\":{\"@id\":\"https:\/\/barrsell.com\/urun\/hygromatik-hortum-adaptoru-e-2209000\/#primaryimage\"},\"image\":{\"@id\":\"https:\/\/barrsell.com\/urun\/hygromatik-hortum-adaptoru-e-2209000\/#primaryimage\"},\"thumbnailUrl\":\"https:\/\/barrsell.com\/wp-content\/uploads\/2024\/08\/HygroMatik-Hortum-Adaptoru-E-2209000-1.png\",\"datePublished\":\"2024-08-14T15:20:23+00:00\",\"dateModified\":\"2025-01-08T10:23:26+00:00\",\"description\":\"End\u00fcstriyel nemlendirme sistemlerinin g\u00fcvenli ve verimli \u00e7al\u0131\u015fmas\u0131, her bir bile\u015fenin \u00f6rne\u011fin HygroMatik Hortum Adapt\u00f6r\u00fc E-2209000 do\u011fru ve g\u00fcvenilir\",\"breadcrumb\":{\"@id\":\"https:\/\/barrsell.com\/urun\/hygromatik-hortum-adaptoru-e-2209000\/#breadcrumb\"},\"inLanguage\":\"en-US\",\"potentialAction\":[{\"@type\":\"ReadAction\",\"target\":[\"https:\/\/barrsell.com\/urun\/hygromatik-hortum-adaptoru-e-2209000\/\"]}]},{\"@type\":\"ImageObject\",\"inLanguage\":\"en-US\",\"@id\":\"https:\/\/barrsell.com\/urun\/hygromatik-hortum-adaptoru-e-2209000\/#primaryimage\",\"url\":\"https:\/\/barrsell.com\/wp-content\/uploads\/2024\/08\/HygroMatik-Hortum-Adaptoru-E-2209000-1.png\",\"contentUrl\":\"https:\/\/barrsell.com\/wp-content\/uploads\/2024\/08\/HygroMatik-Hortum-Adaptoru-E-2209000-1.png\",\"width\":1200,\"height\":1200,\"caption\":\"HygroMatik Hortum Adapt\u00f6r\u00fc E-2209000-1\"},{\"@type\":\"BreadcrumbList\",\"@id\":\"https:\/\/barrsell.com\/urun\/hygromatik-hortum-adaptoru-e-2209000\/#breadcrumb\",\"itemListElement\":[{\"@type\":\"ListItem\",\"position\":1,\"name\":\"Home\",\"item\":\"https:\/\/barrsell.com\/\"},{\"@type\":\"ListItem\",\"position\":2,\"name\":\"\u00dcr\u00fcnler\",\"item\":\"https:\/\/barrsell.com\/en\/products\/\"},{\"@type\":\"ListItem\",\"position\":3,\"name\":\"HygroMatik Hortum Adapt\u00f6r\u00fc E-2209000\"}]},{\"@type\":\"WebSite\",\"@id\":\"https:\/\/barrsell.com\/#website\",\"url\":\"https:\/\/barrsell.com\/\",\"name\":\"Barrsell End\u00fcstri Makine\",\"description\":\"Teknolojiyle G\u00fc\u00e7lenen End\u00fcstriyel \u00c7\u00f6z\u00fcmler!\",\"potentialAction\":[{\"@type\":\"SearchAction\",\"target\":{\"@type\":\"EntryPoint\",\"urlTemplate\":\"https:\/\/barrsell.com\/?s={search_term_string}\"},\"query-input\":\"required name=search_term_string\"}],\"inLanguage\":\"en-US\"}]}<\/script>\n<!-- \/ Yoast SEO Premium plugin. -->","yoast_head_json":{"title":"HygroMatik Hortum Adapt\u00f6r\u00fc E-2209000 Barrsell End\u00fcstri","description":"End\u00fcstriyel nemlendirme sistemlerinin g\u00fcvenli ve verimli \u00e7al\u0131\u015fmas\u0131, her bir bile\u015fenin \u00f6rne\u011fin HygroMatik Hortum Adapt\u00f6r\u00fc E-2209000 do\u011fru ve g\u00fcvenilir","robots":{"index":"index","follow":"follow","max-snippet":"max-snippet:-1","max-image-preview":"max-image-preview:large","max-video-preview":"max-video-preview:-1"},"canonical":"https:\/\/barrsell.com\/en\/product\/hygromatik-hose-adapter-e-2209000\/","og_locale":"en_US","og_type":"article","og_title":"HygroMatik Hortum Adapt\u00f6r\u00fc E-2209000","og_description":"End\u00fcstriyel nemlendirme sistemlerinin g\u00fcvenli ve verimli \u00e7al\u0131\u015fmas\u0131, her bir bile\u015fenin \u00f6rne\u011fin HygroMatik Hortum Adapt\u00f6r\u00fc E-2209000 do\u011fru ve g\u00fcvenilir","og_url":"https:\/\/barrsell.com\/en\/product\/hygromatik-hose-adapter-e-2209000\/","og_site_name":"Barrsell","article_modified_time":"2025-01-08T10:23:26+00:00","og_image":[{"width":1200,"height":1200,"url":"https:\/\/barrsell.com\/wp-content\/uploads\/2024\/08\/HygroMatik-Hortum-Adaptoru-E-2209000-1.png","type":"image\/png"}],"twitter_card":"summary_large_image","twitter_misc":{"Est. reading time":"2 minutes"},"schema":{"@context":"https:\/\/schema.org","@graph":[{"@type":"WebPage","@id":"https:\/\/barrsell.com\/urun\/hygromatik-hortum-adaptoru-e-2209000\/","url":"https:\/\/barrsell.com\/urun\/hygromatik-hortum-adaptoru-e-2209000\/","name":"HygroMatik Hortum Adapt\u00f6r\u00fc E-2209000 Barrsell End\u00fcstri","isPartOf":{"@id":"https:\/\/barrsell.com\/#website"},"primaryImageOfPage":{"@id":"https:\/\/barrsell.com\/urun\/hygromatik-hortum-adaptoru-e-2209000\/#primaryimage"},"image":{"@id":"https:\/\/barrsell.com\/urun\/hygromatik-hortum-adaptoru-e-2209000\/#primaryimage"},"thumbnailUrl":"https:\/\/barrsell.com\/wp-content\/uploads\/2024\/08\/HygroMatik-Hortum-Adaptoru-E-2209000-1.png","datePublished":"2024-08-14T15:20:23+00:00","dateModified":"2025-01-08T10:23:26+00:00","description":"End\u00fcstriyel nemlendirme sistemlerinin g\u00fcvenli ve verimli \u00e7al\u0131\u015fmas\u0131, her bir bile\u015fenin \u00f6rne\u011fin HygroMatik Hortum Adapt\u00f6r\u00fc E-2209000 do\u011fru ve g\u00fcvenilir","breadcrumb":{"@id":"https:\/\/barrsell.com\/urun\/hygromatik-hortum-adaptoru-e-2209000\/#breadcrumb"},"inLanguage":"en-US","potentialAction":[{"@type":"ReadAction","target":["https:\/\/barrsell.com\/urun\/hygromatik-hortum-adaptoru-e-2209000\/"]}]},{"@type":"ImageObject","inLanguage":"en-US","@id":"https:\/\/barrsell.com\/urun\/hygromatik-hortum-adaptoru-e-2209000\/#primaryimage","url":"https:\/\/barrsell.com\/wp-content\/uploads\/2024\/08\/HygroMatik-Hortum-Adaptoru-E-2209000-1.png","contentUrl":"https:\/\/barrsell.com\/wp-content\/uploads\/2024\/08\/HygroMatik-Hortum-Adaptoru-E-2209000-1.png","width":1200,"height":1200,"caption":"HygroMatik Hortum Adapt\u00f6r\u00fc E-2209000-1"},{"@type":"BreadcrumbList","@id":"https:\/\/barrsell.com\/urun\/hygromatik-hortum-adaptoru-e-2209000\/#breadcrumb","itemListElement":[{"@type":"ListItem","position":1,"name":"Home","item":"https:\/\/barrsell.com\/"},{"@type":"ListItem","position":2,"name":"\u00dcr\u00fcnler","item":"https:\/\/barrsell.com\/en\/products\/"},{"@type":"ListItem","position":3,"name":"HygroMatik Hortum Adapt\u00f6r\u00fc E-2209000"}]},{"@type":"WebSite","@id":"https:\/\/barrsell.com\/#website","url":"https:\/\/barrsell.com\/","name":"Barrsell End\u00fcstri Makine","description":"Teknolojiyle G\u00fc\u00e7lenen End\u00fcstriyel \u00c7\u00f6z\u00fcmler!","potentialAction":[{"@type":"SearchAction","target":{"@type":"EntryPoint","urlTemplate":"https:\/\/barrsell.com\/?s={search_term_string}"},"query-input":"required name=search_term_string"}],"inLanguage":"en-US"}]}},"_links":{"self":[{"href":"https:\/\/barrsell.com\/en\/wp-json\/wp\/v2\/product\/11830","targetHints":{"allow":["GET"]}}],"collection":[{"href":"https:\/\/barrsell.com\/en\/wp-json\/wp\/v2\/product"}],"about":[{"href":"https:\/\/barrsell.com\/en\/wp-json\/wp\/v2\/types\/product"}],"version-history":[{"count":5,"href":"https:\/\/barrsell.com\/en\/wp-json\/wp\/v2\/product\/11830\/revisions"}],"predecessor-version":[{"id":20016,"href":"https:\/\/barrsell.com\/en\/wp-json\/wp\/v2\/product\/11830\/revisions\/20016"}],"wp:featuredmedia":[{"embeddable":true,"href":"https:\/\/barrsell.com\/en\/wp-json\/wp\/v2\/media\/20017"}],"wp:attachment":[{"href":"https:\/\/barrsell.com\/en\/wp-json\/wp\/v2\/media?parent=11830"}],"wp:term":[{"taxonomy":"product_cat","embeddable":true,"href":"https:\/\/barrsell.com\/en\/wp-json\/wp\/v2\/product_cat?post=11830"},{"taxonomy":"product_tag","embeddable":true,"href":"https:\/\/barrsell.com\/en\/wp-json\/wp\/v2\/product_tag?post=11830"}],"curies":[{"name":"wp","href":"https:\/\/api.w.org\/{rel}","templated":true}]}}