{"id":11823,"date":"2024-08-14T15:14:27","date_gmt":"2024-08-14T15:14:27","guid":{"rendered":"https:\/\/barrsell.com\/?post_type=product&#038;p=11823"},"modified":"2025-01-08T10:37:11","modified_gmt":"2025-01-08T10:37:11","slug":"hygromatik-hortumu-adaptoru-e-3221000","status":"publish","type":"product","link":"https:\/\/barrsell.com\/en\/product\/hygromatik-hose-adapter-e-3221000\/","title":{"rendered":"HygroMatik hose adapter E-3221000"},"content":{"rendered":"<div class=\"flex max-w-full flex-col flex-grow\">\n<div class=\"min-h-[20px] text-message flex w-full flex-col items-end gap-2 whitespace-pre-wrap break-words [.text-message+&amp;]:mt-5 overflow-x-auto\" dir=\"auto\" data-message-author-role=\"assistant\" data-message-id=\"f5bef5a6-ed6c-42f1-b0e6-c47f44eaaed4\">\n<div class=\"flex w-full flex-col gap-1 empty:hidden first:pt-[3px]\">\n<div class=\"markdown prose w-full break-words dark:prose-invert light\">\n<h2>HygroMatik hose adapter E-3221000<\/h2>\n<p>HygroMatic hose adapter E-3221000 is a durable and high quality spare part specially designed for steam humidifier and steam generator systems. Ideal for industrial applications, this adapter provides reliable connections and supports the efficient operation of the system. As part of the original HygroMatic, it extends the life of your device and optimizes its performance.<\/p>\n<div class=\"mt-1 flex gap-3 empty:hidden -ml-2\">\n<div class=\"items-center justify-start rounded-xl p-1 flex\">\n<div class=\"flex items-center\">\n<div class=\"flex items-center pb-0\">\n<table style=\"height: 90px;\" width=\"493\">\n<tbody>\n<tr>\n<td width=\"143\"><strong>CompactLine Elektrode<\/strong><\/td>\n<td width=\"152\"><strong>StandardLine Elektrode<\/strong><\/td>\n<\/tr>\n<tr>\n<td>C01 C02 C06<\/td>\n<td>SLE02<\/td>\n<\/tr>\n<\/tbody>\n<\/table>\n<h4><strong>Technical Specifications<\/strong><\/h4>\n<ul>\n<li><strong>Product Code<\/strong>: E-3221000<\/li>\n<li><strong>Connection standard<\/strong>: DN25<\/li>\n<li><strong>Material<\/strong>: Industrial quality, long life and high temperature resistant materials are used.<\/li>\n<li><strong>Compatibility<\/strong>: It fits perfectly with HygroMatic steam humidifier and steam generators.<\/li>\n<li><strong>Easy Assembly<\/strong>: Optimized design for quick and simple installation, user-friendly.<\/li>\n<li><strong>Resilience<\/strong>: With its high temperature and pressure resistant structure, it provides long-term use.<\/li>\n<\/ul>\n<h4><strong>HygroMatik Hose Adapter E-3221000\u2019in Advantages<\/strong><\/h4>\n<ol>\n<li><strong>Excellent Adaptability and Performance<\/strong><br \/>\nDesigned to be fully compatible with HygroMatic devices, this adapter ensures that the system works with high efficiency. Because it is the original part of your device, the system performance is high.<\/li>\n<li><strong>High Durability<\/strong><br \/>\nWith materials suitable for industrial conditions, the adapter operates safely even under high temperature and pressure. Offers long-lasting use.<\/li>\n<li><strong>Easy Integration<\/strong><br \/>\nThanks to the DN25 connection standard, its installation is fast and effortless. You can easily integrate this adapter into your device. In particular, this prevents the loss of time.<\/li>\n<\/ol>\n<\/div>\n<\/div>\n<\/div>\n<\/div>\n<\/div>\n<\/div>\n<\/div>\n<\/div>","protected":false},"excerpt":{"rendered":"<div class=\"flex max-w-full flex-col flex-grow\">\n<div class=\"min-h-8 text-message flex w-full flex-col items-end gap-2 whitespace-normal break-words text-start [.text-message+&amp;]:mt-5\" dir=\"auto\" data-message-author-role=\"assistant\" data-message-id=\"6387ee23-e14e-44a6-8c99-cb84141b9162\" data-message-model-slug=\"gpt-4o-mini\">\n<div class=\"flex w-full flex-col gap-1 empty:hidden first:pt-[3px]\">\n<div class=\"markdown prose w-full break-words dark:prose-invert light\">\n<p>Original hose adapter compatible with DN01, DN20, DN25, C02 and C06 for Hygromatic C01 Compactline steam humidifier.<\/p>\n<\/div>\n<\/div>\n<\/div>\n<\/div>\n<ul>\n<li>In order for the spare parts to be fully compatible with the device, in order to avoid confusion during the ordering phase, we recommend that you share the product label photo with us.<\/li>\n<\/ul>","protected":false},"featured_media":20021,"template":"","meta":[],"product_cat":[130],"product_tag":[],"class_list":{"0":"post-11823","1":"product","2":"type-product","3":"status-publish","4":"has-post-thumbnail","6":"product_cat-hygromatik-yedek-parcalari","8":"first","9":"instock","10":"shipping-taxable","11":"product-type-simple"},"yoast_head":"<!-- This site is optimized with the Yoast SEO Premium plugin v23.2 (Yoast SEO v23.2) - https:\/\/yoast.com\/wordpress\/plugins\/seo\/ -->\n<title>HygroMatik hortumu adapt\u00f6r\u00fc E-3221000 | Barrsell<\/title>\n<meta name=\"description\" content=\"HygroMatik hortumu adapt\u00f6r\u00fc E-3221000 buharl\u0131 nemlendirici ve buhar jenerat\u00f6r sistemleri i\u00e7in \u00f6zel olarak tasarlanm\u0131\u015ft\u0131r.\" \/>\n<meta name=\"robots\" content=\"index, follow, max-snippet:-1, max-image-preview:large, max-video-preview:-1\" \/>\n<link rel=\"canonical\" href=\"https:\/\/barrsell.com\/en\/product\/hygromatik-hose-adapter-e-3221000\/\" \/>\n<meta property=\"og:locale\" content=\"en_US\" \/>\n<meta property=\"og:type\" content=\"article\" \/>\n<meta property=\"og:title\" content=\"HygroMatik hortumu adapt\u00f6r\u00fc E-3221000\" \/>\n<meta property=\"og:description\" content=\"HygroMatik hortumu adapt\u00f6r\u00fc E-3221000 buharl\u0131 nemlendirici ve buhar jenerat\u00f6r sistemleri i\u00e7in \u00f6zel olarak tasarlanm\u0131\u015ft\u0131r.\" \/>\n<meta property=\"og:url\" content=\"https:\/\/barrsell.com\/en\/product\/hygromatik-hose-adapter-e-3221000\/\" \/>\n<meta property=\"og:site_name\" content=\"Barrsell\" \/>\n<meta property=\"article:modified_time\" content=\"2025-01-08T10:37:11+00:00\" \/>\n<meta property=\"og:image\" content=\"https:\/\/barrsell.com\/wp-content\/uploads\/2024\/08\/HygroMatik-hortumu-adaptoru-E-3221000.png\" \/>\n\t<meta property=\"og:image:width\" content=\"1200\" \/>\n\t<meta property=\"og:image:height\" content=\"1200\" \/>\n\t<meta property=\"og:image:type\" content=\"image\/png\" \/>\n<meta name=\"twitter:card\" content=\"summary_large_image\" \/>\n<meta name=\"twitter:label1\" content=\"Est. reading time\" \/>\n\t<meta name=\"twitter:data1\" content=\"2 minutes\" \/>\n<script type=\"application\/ld+json\" class=\"yoast-schema-graph\">{\"@context\":\"https:\/\/schema.org\",\"@graph\":[{\"@type\":\"WebPage\",\"@id\":\"https:\/\/barrsell.com\/urun\/hygromatik-hortumu-adaptoru-e-3221000\/\",\"url\":\"https:\/\/barrsell.com\/urun\/hygromatik-hortumu-adaptoru-e-3221000\/\",\"name\":\"HygroMatik hortumu adapt\u00f6r\u00fc E-3221000 | Barrsell\",\"isPartOf\":{\"@id\":\"https:\/\/barrsell.com\/#website\"},\"primaryImageOfPage\":{\"@id\":\"https:\/\/barrsell.com\/urun\/hygromatik-hortumu-adaptoru-e-3221000\/#primaryimage\"},\"image\":{\"@id\":\"https:\/\/barrsell.com\/urun\/hygromatik-hortumu-adaptoru-e-3221000\/#primaryimage\"},\"thumbnailUrl\":\"https:\/\/barrsell.com\/wp-content\/uploads\/2024\/08\/HygroMatik-hortumu-adaptoru-E-3221000.png\",\"datePublished\":\"2024-08-14T15:14:27+00:00\",\"dateModified\":\"2025-01-08T10:37:11+00:00\",\"description\":\"HygroMatik hortumu adapt\u00f6r\u00fc E-3221000 buharl\u0131 nemlendirici ve buhar jenerat\u00f6r sistemleri i\u00e7in \u00f6zel olarak tasarlanm\u0131\u015ft\u0131r.\",\"breadcrumb\":{\"@id\":\"https:\/\/barrsell.com\/urun\/hygromatik-hortumu-adaptoru-e-3221000\/#breadcrumb\"},\"inLanguage\":\"en-US\",\"potentialAction\":[{\"@type\":\"ReadAction\",\"target\":[\"https:\/\/barrsell.com\/urun\/hygromatik-hortumu-adaptoru-e-3221000\/\"]}]},{\"@type\":\"ImageObject\",\"inLanguage\":\"en-US\",\"@id\":\"https:\/\/barrsell.com\/urun\/hygromatik-hortumu-adaptoru-e-3221000\/#primaryimage\",\"url\":\"https:\/\/barrsell.com\/wp-content\/uploads\/2024\/08\/HygroMatik-hortumu-adaptoru-E-3221000.png\",\"contentUrl\":\"https:\/\/barrsell.com\/wp-content\/uploads\/2024\/08\/HygroMatik-hortumu-adaptoru-E-3221000.png\",\"width\":1200,\"height\":1200,\"caption\":\"HygroMatik hortumu adapt\u00f6r\u00fc E-3221000\"},{\"@type\":\"BreadcrumbList\",\"@id\":\"https:\/\/barrsell.com\/urun\/hygromatik-hortumu-adaptoru-e-3221000\/#breadcrumb\",\"itemListElement\":[{\"@type\":\"ListItem\",\"position\":1,\"name\":\"Home\",\"item\":\"https:\/\/barrsell.com\/\"},{\"@type\":\"ListItem\",\"position\":2,\"name\":\"\u00dcr\u00fcnler\",\"item\":\"https:\/\/barrsell.com\/en\/products\/\"},{\"@type\":\"ListItem\",\"position\":3,\"name\":\"HygroMatik hortumu adapt\u00f6r\u00fc E-3221000\"}]},{\"@type\":\"WebSite\",\"@id\":\"https:\/\/barrsell.com\/#website\",\"url\":\"https:\/\/barrsell.com\/\",\"name\":\"Barrsell End\u00fcstri Makine\",\"description\":\"Teknolojiyle G\u00fc\u00e7lenen End\u00fcstriyel \u00c7\u00f6z\u00fcmler!\",\"potentialAction\":[{\"@type\":\"SearchAction\",\"target\":{\"@type\":\"EntryPoint\",\"urlTemplate\":\"https:\/\/barrsell.com\/?s={search_term_string}\"},\"query-input\":\"required name=search_term_string\"}],\"inLanguage\":\"en-US\"}]}<\/script>\n<!-- \/ Yoast SEO Premium plugin. -->","yoast_head_json":{"title":"HygroMatik hortumu adapt\u00f6r\u00fc E-3221000 | Barrsell","description":"HygroMatik hortumu adapt\u00f6r\u00fc E-3221000 buharl\u0131 nemlendirici ve buhar jenerat\u00f6r sistemleri i\u00e7in \u00f6zel olarak tasarlanm\u0131\u015ft\u0131r.","robots":{"index":"index","follow":"follow","max-snippet":"max-snippet:-1","max-image-preview":"max-image-preview:large","max-video-preview":"max-video-preview:-1"},"canonical":"https:\/\/barrsell.com\/en\/product\/hygromatik-hose-adapter-e-3221000\/","og_locale":"en_US","og_type":"article","og_title":"HygroMatik hortumu adapt\u00f6r\u00fc E-3221000","og_description":"HygroMatik hortumu adapt\u00f6r\u00fc E-3221000 buharl\u0131 nemlendirici ve buhar jenerat\u00f6r sistemleri i\u00e7in \u00f6zel olarak tasarlanm\u0131\u015ft\u0131r.","og_url":"https:\/\/barrsell.com\/en\/product\/hygromatik-hose-adapter-e-3221000\/","og_site_name":"Barrsell","article_modified_time":"2025-01-08T10:37:11+00:00","og_image":[{"width":1200,"height":1200,"url":"https:\/\/barrsell.com\/wp-content\/uploads\/2024\/08\/HygroMatik-hortumu-adaptoru-E-3221000.png","type":"image\/png"}],"twitter_card":"summary_large_image","twitter_misc":{"Est. reading time":"2 minutes"},"schema":{"@context":"https:\/\/schema.org","@graph":[{"@type":"WebPage","@id":"https:\/\/barrsell.com\/urun\/hygromatik-hortumu-adaptoru-e-3221000\/","url":"https:\/\/barrsell.com\/urun\/hygromatik-hortumu-adaptoru-e-3221000\/","name":"HygroMatik hortumu adapt\u00f6r\u00fc E-3221000 | Barrsell","isPartOf":{"@id":"https:\/\/barrsell.com\/#website"},"primaryImageOfPage":{"@id":"https:\/\/barrsell.com\/urun\/hygromatik-hortumu-adaptoru-e-3221000\/#primaryimage"},"image":{"@id":"https:\/\/barrsell.com\/urun\/hygromatik-hortumu-adaptoru-e-3221000\/#primaryimage"},"thumbnailUrl":"https:\/\/barrsell.com\/wp-content\/uploads\/2024\/08\/HygroMatik-hortumu-adaptoru-E-3221000.png","datePublished":"2024-08-14T15:14:27+00:00","dateModified":"2025-01-08T10:37:11+00:00","description":"HygroMatik hortumu adapt\u00f6r\u00fc E-3221000 buharl\u0131 nemlendirici ve buhar jenerat\u00f6r sistemleri i\u00e7in \u00f6zel olarak tasarlanm\u0131\u015ft\u0131r.","breadcrumb":{"@id":"https:\/\/barrsell.com\/urun\/hygromatik-hortumu-adaptoru-e-3221000\/#breadcrumb"},"inLanguage":"en-US","potentialAction":[{"@type":"ReadAction","target":["https:\/\/barrsell.com\/urun\/hygromatik-hortumu-adaptoru-e-3221000\/"]}]},{"@type":"ImageObject","inLanguage":"en-US","@id":"https:\/\/barrsell.com\/urun\/hygromatik-hortumu-adaptoru-e-3221000\/#primaryimage","url":"https:\/\/barrsell.com\/wp-content\/uploads\/2024\/08\/HygroMatik-hortumu-adaptoru-E-3221000.png","contentUrl":"https:\/\/barrsell.com\/wp-content\/uploads\/2024\/08\/HygroMatik-hortumu-adaptoru-E-3221000.png","width":1200,"height":1200,"caption":"HygroMatik hortumu adapt\u00f6r\u00fc E-3221000"},{"@type":"BreadcrumbList","@id":"https:\/\/barrsell.com\/urun\/hygromatik-hortumu-adaptoru-e-3221000\/#breadcrumb","itemListElement":[{"@type":"ListItem","position":1,"name":"Home","item":"https:\/\/barrsell.com\/"},{"@type":"ListItem","position":2,"name":"\u00dcr\u00fcnler","item":"https:\/\/barrsell.com\/en\/products\/"},{"@type":"ListItem","position":3,"name":"HygroMatik hortumu adapt\u00f6r\u00fc E-3221000"}]},{"@type":"WebSite","@id":"https:\/\/barrsell.com\/#website","url":"https:\/\/barrsell.com\/","name":"Barrsell End\u00fcstri Makine","description":"Teknolojiyle G\u00fc\u00e7lenen End\u00fcstriyel \u00c7\u00f6z\u00fcmler!","potentialAction":[{"@type":"SearchAction","target":{"@type":"EntryPoint","urlTemplate":"https:\/\/barrsell.com\/?s={search_term_string}"},"query-input":"required name=search_term_string"}],"inLanguage":"en-US"}]}},"_links":{"self":[{"href":"https:\/\/barrsell.com\/en\/wp-json\/wp\/v2\/product\/11823","targetHints":{"allow":["GET"]}}],"collection":[{"href":"https:\/\/barrsell.com\/en\/wp-json\/wp\/v2\/product"}],"about":[{"href":"https:\/\/barrsell.com\/en\/wp-json\/wp\/v2\/types\/product"}],"version-history":[{"count":8,"href":"https:\/\/barrsell.com\/en\/wp-json\/wp\/v2\/product\/11823\/revisions"}],"predecessor-version":[{"id":20020,"href":"https:\/\/barrsell.com\/en\/wp-json\/wp\/v2\/product\/11823\/revisions\/20020"}],"wp:featuredmedia":[{"embeddable":true,"href":"https:\/\/barrsell.com\/en\/wp-json\/wp\/v2\/media\/20021"}],"wp:attachment":[{"href":"https:\/\/barrsell.com\/en\/wp-json\/wp\/v2\/media?parent=11823"}],"wp:term":[{"taxonomy":"product_cat","embeddable":true,"href":"https:\/\/barrsell.com\/en\/wp-json\/wp\/v2\/product_cat?post=11823"},{"taxonomy":"product_tag","embeddable":true,"href":"https:\/\/barrsell.com\/en\/wp-json\/wp\/v2\/product_tag?post=11823"}],"curies":[{"name":"wp","href":"https:\/\/api.w.org\/{rel}","templated":true}]}}