{"id":11818,"date":"2024-08-14T14:51:00","date_gmt":"2024-08-14T14:51:00","guid":{"rendered":"https:\/\/barrsell.com\/?post_type=product&#038;p=11818"},"modified":"2025-01-08T10:47:01","modified_gmt":"2025-01-08T10:47:01","slug":"hygromatik-buhar-cikis-adaptoru-e-2209014","status":"publish","type":"product","link":"https:\/\/barrsell.com\/en\/product\/hygromatik-hose-adapter-e-2209014\/","title":{"rendered":"HygroMatik Steam Outlet Adapter E-2209014"},"content":{"rendered":"<div class=\"flex max-w-full flex-col flex-grow\">\n<div class=\"min-h-[20px] text-message flex w-full flex-col items-end gap-2 whitespace-pre-wrap break-words [.text-message+&amp;]:mt-5 overflow-x-auto\" dir=\"auto\" data-message-author-role=\"assistant\" data-message-id=\"b0751ee4-73a6-468c-86a6-58b8d4f30022\">\n<div class=\"flex w-full flex-col gap-1 empty:hidden first:pt-[3px]\">\n<div class=\"markdown prose w-full break-words dark:prose-invert light\">\n<h2>HygroMatik Steam Outlet Adapter E-2209014<\/h2>\n<p>HygroMatik Steam Outlet Adapter E-2209014 is a high quality and durable spare parts solution that is perfectly suited to steam humidifier and steam generator systems. Specially designed for industrial use, this adapter provides a safe steam output while ensuring efficient operation of the device. As part of the original HygroMatic, it optimizes the performance of your device and offers long-lasting use.<\/p>\n<table style=\"height: 94px;\" width=\"576\">\n<tbody>\n<tr>\n<td width=\"143\"><strong>CompactLine Elektrode<\/strong><\/td>\n<td width=\"170\"><strong>Heater Compact Heizk\u00f6rper<\/strong><\/td>\n<td width=\"170\"><strong>HyLine Elektrode<\/strong><\/td>\n<\/tr>\n<tr>\n<td>C17<\/td>\n<td>HC02<\/td>\n<td>\u00a0HY13 HY17<\/td>\n<\/tr>\n<\/tbody>\n<\/table>\n<h4><strong>Technical Specifications<\/strong><\/h4>\n<ul>\n<li><strong>Product Code<\/strong>: E-2209014<\/li>\n<li><strong>Connection Type<\/strong>: Steam output connection<\/li>\n<li><strong>Material<\/strong>: Durable and high temperature resistant material, complying with industrial standards<\/li>\n<li><strong>Compatibility<\/strong>: Fully compatible with HygroMatic steam humidifier and steam generators<\/li>\n<li><strong>Easy Assembly<\/strong>: Quick and practical installation. User friendly.<\/li>\n<li><strong>Steam Efficiency<\/strong>: Optimizing steam output, energy efficiency<\/li>\n<li><strong>Resilience<\/strong>: High temperature and pressure resistant, offers long-term use.<\/li>\n<\/ul>\n<\/div>\n<\/div>\n<\/div>\n<\/div>","protected":false},"excerpt":{"rendered":"<p>Original steam output adapter compatible with DN17 and DN25 connections for Hygromatik C40 Compactline steam humidifier and steam generator.<\/p>\n<ul>\n<li>In order for the spare parts to be fully compatible with the device, in order to avoid confusion during the ordering phase, we recommend that you share the product label photo with us.<\/li>\n<\/ul>","protected":false},"featured_media":11819,"template":"","meta":[],"product_cat":[130],"product_tag":[],"class_list":{"0":"post-11818","1":"product","2":"type-product","3":"status-publish","4":"has-post-thumbnail","6":"product_cat-hygromatik-yedek-parcalari","8":"first","9":"instock","10":"shipping-taxable","11":"product-type-simple"},"yoast_head":"<!-- This site is optimized with the Yoast SEO Premium plugin v23.2 (Yoast SEO v23.2) - https:\/\/yoast.com\/wordpress\/plugins\/seo\/ -->\n<title>HygroMatik Buhar \u00c7\u0131k\u0131\u015f Adapt\u00f6r\u00fc E-2209014 | Barrsell<\/title>\n<meta name=\"description\" content=\"End\u00fcstriyel buhar jenerat\u00f6rleri, verimli buhar da\u011f\u0131t\u0131m\u0131 i\u00e7in hassas bile\u015fenler gerektirir \u00f6rne\u011fin HygroMatik Buhar \u00c7\u0131k\u0131\u015f Adapt\u00f6r\u00fc E-2209014.\" \/>\n<meta name=\"robots\" content=\"index, follow, max-snippet:-1, max-image-preview:large, max-video-preview:-1\" \/>\n<link rel=\"canonical\" href=\"https:\/\/barrsell.com\/en\/product\/hygromatik-hose-adapter-e-2209014\/\" \/>\n<meta property=\"og:locale\" content=\"en_US\" \/>\n<meta property=\"og:type\" content=\"article\" \/>\n<meta property=\"og:title\" content=\"HygroMatik Buhar \u00c7\u0131k\u0131\u015f Adapt\u00f6r\u00fc E-2209014\" \/>\n<meta property=\"og:description\" content=\"End\u00fcstriyel buhar jenerat\u00f6rleri, verimli buhar da\u011f\u0131t\u0131m\u0131 i\u00e7in hassas bile\u015fenler gerektirir \u00f6rne\u011fin HygroMatik Buhar \u00c7\u0131k\u0131\u015f Adapt\u00f6r\u00fc E-2209014.\" \/>\n<meta property=\"og:url\" content=\"https:\/\/barrsell.com\/en\/product\/hygromatik-hose-adapter-e-2209014\/\" \/>\n<meta property=\"og:site_name\" content=\"Barrsell\" \/>\n<meta property=\"article:modified_time\" content=\"2025-01-08T10:47:01+00:00\" \/>\n<meta property=\"og:image\" content=\"https:\/\/barrsell.com\/wp-content\/uploads\/2024\/08\/HygroMatik-Tahliye-Pompasi-B-2404027-1.png\" \/>\n\t<meta property=\"og:image:width\" content=\"1200\" \/>\n\t<meta property=\"og:image:height\" content=\"1200\" \/>\n\t<meta property=\"og:image:type\" content=\"image\/png\" \/>\n<meta name=\"twitter:card\" content=\"summary_large_image\" \/>\n<meta name=\"twitter:label1\" content=\"Est. reading time\" \/>\n\t<meta name=\"twitter:data1\" content=\"1 minute\" \/>\n<script type=\"application\/ld+json\" class=\"yoast-schema-graph\">{\"@context\":\"https:\/\/schema.org\",\"@graph\":[{\"@type\":\"WebPage\",\"@id\":\"https:\/\/barrsell.com\/urun\/hygromatik-buhar-cikis-adaptoru-e-2209014\/\",\"url\":\"https:\/\/barrsell.com\/urun\/hygromatik-buhar-cikis-adaptoru-e-2209014\/\",\"name\":\"HygroMatik Buhar \u00c7\u0131k\u0131\u015f Adapt\u00f6r\u00fc E-2209014 | Barrsell\",\"isPartOf\":{\"@id\":\"https:\/\/barrsell.com\/#website\"},\"primaryImageOfPage\":{\"@id\":\"https:\/\/barrsell.com\/urun\/hygromatik-buhar-cikis-adaptoru-e-2209014\/#primaryimage\"},\"image\":{\"@id\":\"https:\/\/barrsell.com\/urun\/hygromatik-buhar-cikis-adaptoru-e-2209014\/#primaryimage\"},\"thumbnailUrl\":\"https:\/\/barrsell.com\/wp-content\/uploads\/2024\/08\/HygroMatik-Tahliye-Pompasi-B-2404027-1.png\",\"datePublished\":\"2024-08-14T14:51:00+00:00\",\"dateModified\":\"2025-01-08T10:47:01+00:00\",\"description\":\"End\u00fcstriyel buhar jenerat\u00f6rleri, verimli buhar da\u011f\u0131t\u0131m\u0131 i\u00e7in hassas bile\u015fenler gerektirir \u00f6rne\u011fin HygroMatik Buhar \u00c7\u0131k\u0131\u015f Adapt\u00f6r\u00fc E-2209014.\",\"breadcrumb\":{\"@id\":\"https:\/\/barrsell.com\/urun\/hygromatik-buhar-cikis-adaptoru-e-2209014\/#breadcrumb\"},\"inLanguage\":\"en-US\",\"potentialAction\":[{\"@type\":\"ReadAction\",\"target\":[\"https:\/\/barrsell.com\/urun\/hygromatik-buhar-cikis-adaptoru-e-2209014\/\"]}]},{\"@type\":\"ImageObject\",\"inLanguage\":\"en-US\",\"@id\":\"https:\/\/barrsell.com\/urun\/hygromatik-buhar-cikis-adaptoru-e-2209014\/#primaryimage\",\"url\":\"https:\/\/barrsell.com\/wp-content\/uploads\/2024\/08\/HygroMatik-Tahliye-Pompasi-B-2404027-1.png\",\"contentUrl\":\"https:\/\/barrsell.com\/wp-content\/uploads\/2024\/08\/HygroMatik-Tahliye-Pompasi-B-2404027-1.png\",\"width\":1200,\"height\":1200,\"caption\":\"HygroMatik Tahliye Pompas\u0131 B-2404027\"},{\"@type\":\"BreadcrumbList\",\"@id\":\"https:\/\/barrsell.com\/urun\/hygromatik-buhar-cikis-adaptoru-e-2209014\/#breadcrumb\",\"itemListElement\":[{\"@type\":\"ListItem\",\"position\":1,\"name\":\"Home\",\"item\":\"https:\/\/barrsell.com\/\"},{\"@type\":\"ListItem\",\"position\":2,\"name\":\"\u00dcr\u00fcnler\",\"item\":\"https:\/\/barrsell.com\/en\/products\/\"},{\"@type\":\"ListItem\",\"position\":3,\"name\":\"HygroMatik Buhar \u00c7\u0131k\u0131\u015f Adapt\u00f6r\u00fc E-2209014\"}]},{\"@type\":\"WebSite\",\"@id\":\"https:\/\/barrsell.com\/#website\",\"url\":\"https:\/\/barrsell.com\/\",\"name\":\"Barrsell End\u00fcstri Makine\",\"description\":\"Teknolojiyle G\u00fc\u00e7lenen End\u00fcstriyel \u00c7\u00f6z\u00fcmler!\",\"potentialAction\":[{\"@type\":\"SearchAction\",\"target\":{\"@type\":\"EntryPoint\",\"urlTemplate\":\"https:\/\/barrsell.com\/?s={search_term_string}\"},\"query-input\":\"required name=search_term_string\"}],\"inLanguage\":\"en-US\"}]}<\/script>\n<!-- \/ Yoast SEO Premium plugin. -->","yoast_head_json":{"title":"HygroMatik Buhar \u00c7\u0131k\u0131\u015f Adapt\u00f6r\u00fc E-2209014 | Barrsell","description":"End\u00fcstriyel buhar jenerat\u00f6rleri, verimli buhar da\u011f\u0131t\u0131m\u0131 i\u00e7in hassas bile\u015fenler gerektirir \u00f6rne\u011fin HygroMatik Buhar \u00c7\u0131k\u0131\u015f Adapt\u00f6r\u00fc E-2209014.","robots":{"index":"index","follow":"follow","max-snippet":"max-snippet:-1","max-image-preview":"max-image-preview:large","max-video-preview":"max-video-preview:-1"},"canonical":"https:\/\/barrsell.com\/en\/product\/hygromatik-hose-adapter-e-2209014\/","og_locale":"en_US","og_type":"article","og_title":"HygroMatik Buhar \u00c7\u0131k\u0131\u015f Adapt\u00f6r\u00fc E-2209014","og_description":"End\u00fcstriyel buhar jenerat\u00f6rleri, verimli buhar da\u011f\u0131t\u0131m\u0131 i\u00e7in hassas bile\u015fenler gerektirir \u00f6rne\u011fin HygroMatik Buhar \u00c7\u0131k\u0131\u015f Adapt\u00f6r\u00fc E-2209014.","og_url":"https:\/\/barrsell.com\/en\/product\/hygromatik-hose-adapter-e-2209014\/","og_site_name":"Barrsell","article_modified_time":"2025-01-08T10:47:01+00:00","og_image":[{"width":1200,"height":1200,"url":"https:\/\/barrsell.com\/wp-content\/uploads\/2024\/08\/HygroMatik-Tahliye-Pompasi-B-2404027-1.png","type":"image\/png"}],"twitter_card":"summary_large_image","twitter_misc":{"Est. reading time":"1 minute"},"schema":{"@context":"https:\/\/schema.org","@graph":[{"@type":"WebPage","@id":"https:\/\/barrsell.com\/urun\/hygromatik-buhar-cikis-adaptoru-e-2209014\/","url":"https:\/\/barrsell.com\/urun\/hygromatik-buhar-cikis-adaptoru-e-2209014\/","name":"HygroMatik Buhar \u00c7\u0131k\u0131\u015f Adapt\u00f6r\u00fc E-2209014 | Barrsell","isPartOf":{"@id":"https:\/\/barrsell.com\/#website"},"primaryImageOfPage":{"@id":"https:\/\/barrsell.com\/urun\/hygromatik-buhar-cikis-adaptoru-e-2209014\/#primaryimage"},"image":{"@id":"https:\/\/barrsell.com\/urun\/hygromatik-buhar-cikis-adaptoru-e-2209014\/#primaryimage"},"thumbnailUrl":"https:\/\/barrsell.com\/wp-content\/uploads\/2024\/08\/HygroMatik-Tahliye-Pompasi-B-2404027-1.png","datePublished":"2024-08-14T14:51:00+00:00","dateModified":"2025-01-08T10:47:01+00:00","description":"End\u00fcstriyel buhar jenerat\u00f6rleri, verimli buhar da\u011f\u0131t\u0131m\u0131 i\u00e7in hassas bile\u015fenler gerektirir \u00f6rne\u011fin HygroMatik Buhar \u00c7\u0131k\u0131\u015f Adapt\u00f6r\u00fc E-2209014.","breadcrumb":{"@id":"https:\/\/barrsell.com\/urun\/hygromatik-buhar-cikis-adaptoru-e-2209014\/#breadcrumb"},"inLanguage":"en-US","potentialAction":[{"@type":"ReadAction","target":["https:\/\/barrsell.com\/urun\/hygromatik-buhar-cikis-adaptoru-e-2209014\/"]}]},{"@type":"ImageObject","inLanguage":"en-US","@id":"https:\/\/barrsell.com\/urun\/hygromatik-buhar-cikis-adaptoru-e-2209014\/#primaryimage","url":"https:\/\/barrsell.com\/wp-content\/uploads\/2024\/08\/HygroMatik-Tahliye-Pompasi-B-2404027-1.png","contentUrl":"https:\/\/barrsell.com\/wp-content\/uploads\/2024\/08\/HygroMatik-Tahliye-Pompasi-B-2404027-1.png","width":1200,"height":1200,"caption":"HygroMatik Tahliye Pompas\u0131 B-2404027"},{"@type":"BreadcrumbList","@id":"https:\/\/barrsell.com\/urun\/hygromatik-buhar-cikis-adaptoru-e-2209014\/#breadcrumb","itemListElement":[{"@type":"ListItem","position":1,"name":"Home","item":"https:\/\/barrsell.com\/"},{"@type":"ListItem","position":2,"name":"\u00dcr\u00fcnler","item":"https:\/\/barrsell.com\/en\/products\/"},{"@type":"ListItem","position":3,"name":"HygroMatik Buhar \u00c7\u0131k\u0131\u015f Adapt\u00f6r\u00fc E-2209014"}]},{"@type":"WebSite","@id":"https:\/\/barrsell.com\/#website","url":"https:\/\/barrsell.com\/","name":"Barrsell End\u00fcstri Makine","description":"Teknolojiyle G\u00fc\u00e7lenen End\u00fcstriyel \u00c7\u00f6z\u00fcmler!","potentialAction":[{"@type":"SearchAction","target":{"@type":"EntryPoint","urlTemplate":"https:\/\/barrsell.com\/?s={search_term_string}"},"query-input":"required name=search_term_string"}],"inLanguage":"en-US"}]}},"_links":{"self":[{"href":"https:\/\/barrsell.com\/en\/wp-json\/wp\/v2\/product\/11818","targetHints":{"allow":["GET"]}}],"collection":[{"href":"https:\/\/barrsell.com\/en\/wp-json\/wp\/v2\/product"}],"about":[{"href":"https:\/\/barrsell.com\/en\/wp-json\/wp\/v2\/types\/product"}],"version-history":[{"count":5,"href":"https:\/\/barrsell.com\/en\/wp-json\/wp\/v2\/product\/11818\/revisions"}],"predecessor-version":[{"id":20024,"href":"https:\/\/barrsell.com\/en\/wp-json\/wp\/v2\/product\/11818\/revisions\/20024"}],"wp:featuredmedia":[{"embeddable":true,"href":"https:\/\/barrsell.com\/en\/wp-json\/wp\/v2\/media\/11819"}],"wp:attachment":[{"href":"https:\/\/barrsell.com\/en\/wp-json\/wp\/v2\/media?parent=11818"}],"wp:term":[{"taxonomy":"product_cat","embeddable":true,"href":"https:\/\/barrsell.com\/en\/wp-json\/wp\/v2\/product_cat?post=11818"},{"taxonomy":"product_tag","embeddable":true,"href":"https:\/\/barrsell.com\/en\/wp-json\/wp\/v2\/product_tag?post=11818"}],"curies":[{"name":"wp","href":"https:\/\/api.w.org\/{rel}","templated":true}]}}