{"id":11811,"date":"2024-08-14T14:33:12","date_gmt":"2024-08-14T14:33:12","guid":{"rendered":"https:\/\/barrsell.com\/?post_type=product&#038;p=11811"},"modified":"2025-01-08T11:05:33","modified_gmt":"2025-01-08T11:05:33","slug":"hygromatik-tahliye-pompasi-b-2404027","status":"publish","type":"product","link":"https:\/\/barrsell.com\/en\/product\/hygromatik-hose-adapter-b-2404027\/","title":{"rendered":"HygroMatik Drain Pump B-2404027"},"content":{"rendered":"<div class=\"flex max-w-full flex-col flex-grow\">\n<div class=\"min-h-[20px] text-message flex w-full flex-col items-end gap-2 whitespace-pre-wrap break-words [.text-message+&amp;]:mt-5 overflow-x-auto\" dir=\"auto\" data-message-author-role=\"assistant\" data-message-id=\"1ccece31-e7c9-4cd0-abfc-cf3924ecb85e\">\n<div class=\"flex w-full flex-col gap-1 empty:hidden first:pt-[3px]\">\n<div class=\"markdown prose w-full break-words dark:prose-invert light\">\n<h2><strong>HygroMatik Drain Pump B-2404027<\/strong><\/h2>\n<p>The smooth operation of industrial humidification systems depends on the effective discharge of water and condensate with HygroMatik Discharge Pump B-2404027. It is designed to meet this critical need. It is also a high performance and durable solution. This drain pump increases the efficiency of your industrial humidification systems in particular. It also offers a long-lasting and reliable drain.<\/p>\n<table style=\"height: 355px;\" width=\"818\">\n<tbody>\n<tr>\n<td width=\"178\"><strong>CompactLine Elektrode<\/strong><\/td>\n<td width=\"154\"><strong>FlexLine Elektrode<\/strong><\/td>\n<td width=\"124\"><strong>FlexLine Heizk\u00f6rper<\/strong><\/td>\n<td width=\"146\"><strong>FlexLine Plus Heizk\u00f6rper<\/strong><\/td>\n<td width=\"140\"><strong>StandardLine Elektrode<\/strong><\/td>\n<td width=\"149\"><strong>StandardLine Heizk\u00f6rper<\/strong><\/td>\n<td width=\"137\"><strong>HeaterLine<\/strong> Heizk\u00f6rper<\/td>\n<\/tr>\n<tr>\n<td><strong>Heater Compact Heizk\u00f6rper<\/strong><\/td>\n<td><strong>HeaterSlim Heizk\u00f6rper<\/strong><\/td>\n<td colspan=\"2\"><strong>HyLine ElektrodeTyp\u00a0<\/strong><\/td>\n<td><strong>Typ MiniSteam Elektrode<\/strong><\/td>\n<td><\/td>\n<td><\/td>\n<\/tr>\n<tr>\n<td colspan=\"7\">C01 C02 C06 C10 C17 C22 C30 C45 C58 FLE05 FLE10 FLE15 FLE20 FLE25 FLE30 FLE40 FLE50 FLE65 FLE80 FLE100 FLE130 FLH03 FLH06 FLH09 FLH15 FLH25 FLH30 FLH40 FLH50<\/td>\n<\/tr>\n<tr>\n<td colspan=\"7\">FLH80 FLH100 FLP05 FLP08 FLP1 5FLP25 FLP30 FLP40 FLP50 SLE02 SLE05 SLE10 SLE15 SLE20 SLE30 SLE45 SLE65 SLH03 SLH06 SLH09 SLH15 SLH25 SLH40 SLH50 HL06 HL09 HL18<\/td>\n<\/tr>\n<tr>\n<td colspan=\"7\">HL12 HL24 HL27 HL30 HL36 HL45 HC02 HC03 HC06 HC09 HC06 PHC09 PHC12 HC18 HC27 HS06 HS10 HY05 HY08 HY13 HY17 HY23 HY30 HY45 HY60 HY90 HY116 MSE0 5MSE10<\/td>\n<\/tr>\n<tr>\n<td>MS05 MS10<\/td>\n<td><\/td>\n<td><\/td>\n<td><\/td>\n<td><\/td>\n<td><\/td>\n<td><\/td>\n<\/tr>\n<\/tbody>\n<\/table>\n<h4><strong>Featured Features<\/strong><\/h4>\n<ul>\n<li><strong>High Durability:<\/strong> Made of high temperature and pressure resistant materials suitable for industrial environments.<\/li>\n<li><strong>Reliable Performance:<\/strong> Enables fast and reliable evacuation of water and condensate. Thus, it supports the smooth operation of the system.<\/li>\n<li><strong>Easy Installation:<\/strong> Thanks to its user-friendly design, it offers quick and easy installation.<\/li>\n<li><strong>Long Lasting Use:<\/strong> Due to its durable structure, it does not require frequent maintenance, offers long-lasting use.<\/li>\n<\/ul>\n<\/div>\n<\/div>\n<\/div>\n<\/div>","protected":false},"excerpt":{"rendered":"<div class=\"flex max-w-full flex-col flex-grow\">\n<div class=\"min-h-8 text-message flex w-full flex-col items-end gap-2 whitespace-normal break-words text-start [.text-message+&amp;]:mt-5\" dir=\"auto\" data-message-author-role=\"assistant\" data-message-id=\"0fecec9e-2e61-4adb-80a9-0f2a2df6edff\" data-message-model-slug=\"gpt-4o-mini\">\n<div class=\"flex w-full flex-col gap-1 empty:hidden first:pt-[3px]\">\n<div class=\"markdown prose w-full break-words dark:prose-invert light\">\n<p>Original water drain pump compatible with C02, C06, C10, C17, C22, C30, C45, C58 for Hygromatic C01 Compactline.<\/p>\n<\/div>\n<\/div>\n<\/div>\n<\/div>\n<ul>\n<li>In order for the spare parts to be fully compatible with the device, in order to avoid confusion during the ordering phase, we recommend that you share the product label photo with us.<\/li>\n<\/ul>","protected":false},"featured_media":11815,"template":"","meta":[],"product_cat":[130],"product_tag":[],"class_list":{"0":"post-11811","1":"product","2":"type-product","3":"status-publish","4":"has-post-thumbnail","6":"product_cat-hygromatik-yedek-parcalari","8":"first","9":"instock","10":"shipping-taxable","11":"product-type-simple"},"yoast_head":"<!-- This site is optimized with the Yoast SEO Premium plugin v23.2 (Yoast SEO v23.2) - https:\/\/yoast.com\/wordpress\/plugins\/seo\/ -->\n<title>HygroMatik Tahliye Pompas\u0131 B-2404027 Barrsell End\u00fcstri<\/title>\n<meta name=\"description\" content=\"End\u00fcstriyel nemlendirme sistemlerinin sorunsuz \u00e7al\u0131\u015fmas\u0131, HygroMatik Tahliye Pompas\u0131 B-2404027 ile suyun ve kondensat\u0131n etkin bir \u015fekilde tahliye edilmesine\" \/>\n<meta name=\"robots\" content=\"index, follow, max-snippet:-1, max-image-preview:large, max-video-preview:-1\" \/>\n<link rel=\"canonical\" href=\"https:\/\/barrsell.com\/en\/product\/hygromatik-hose-adapter-b-2404027\/\" \/>\n<meta property=\"og:locale\" content=\"en_US\" \/>\n<meta property=\"og:type\" content=\"article\" \/>\n<meta property=\"og:title\" content=\"HygroMatik Tahliye Pompas\u0131 B-2404027\" \/>\n<meta property=\"og:description\" content=\"End\u00fcstriyel nemlendirme sistemlerinin sorunsuz \u00e7al\u0131\u015fmas\u0131, HygroMatik Tahliye Pompas\u0131 B-2404027 ile suyun ve kondensat\u0131n etkin bir \u015fekilde tahliye edilmesine\" \/>\n<meta property=\"og:url\" content=\"https:\/\/barrsell.com\/en\/product\/hygromatik-hose-adapter-b-2404027\/\" \/>\n<meta property=\"og:site_name\" content=\"Barrsell\" \/>\n<meta property=\"article:modified_time\" content=\"2025-01-08T11:05:33+00:00\" \/>\n<meta property=\"og:image\" content=\"https:\/\/barrsell.com\/wp-content\/uploads\/2024\/08\/HygroMatik-Tahliye-Pompasi-B-2404027.png\" \/>\n\t<meta property=\"og:image:width\" content=\"1200\" \/>\n\t<meta property=\"og:image:height\" content=\"1200\" \/>\n\t<meta property=\"og:image:type\" content=\"image\/png\" \/>\n<meta name=\"twitter:card\" content=\"summary_large_image\" \/>\n<meta name=\"twitter:label1\" content=\"Est. reading time\" \/>\n\t<meta name=\"twitter:data1\" content=\"2 minutes\" \/>\n<script type=\"application\/ld+json\" class=\"yoast-schema-graph\">{\"@context\":\"https:\/\/schema.org\",\"@graph\":[{\"@type\":\"WebPage\",\"@id\":\"https:\/\/barrsell.com\/urun\/hygromatik-tahliye-pompasi-b-2404027\/\",\"url\":\"https:\/\/barrsell.com\/urun\/hygromatik-tahliye-pompasi-b-2404027\/\",\"name\":\"HygroMatik Tahliye Pompas\u0131 B-2404027 Barrsell End\u00fcstri\",\"isPartOf\":{\"@id\":\"https:\/\/barrsell.com\/#website\"},\"primaryImageOfPage\":{\"@id\":\"https:\/\/barrsell.com\/urun\/hygromatik-tahliye-pompasi-b-2404027\/#primaryimage\"},\"image\":{\"@id\":\"https:\/\/barrsell.com\/urun\/hygromatik-tahliye-pompasi-b-2404027\/#primaryimage\"},\"thumbnailUrl\":\"https:\/\/barrsell.com\/wp-content\/uploads\/2024\/08\/HygroMatik-Tahliye-Pompasi-B-2404027.png\",\"datePublished\":\"2024-08-14T14:33:12+00:00\",\"dateModified\":\"2025-01-08T11:05:33+00:00\",\"description\":\"End\u00fcstriyel nemlendirme sistemlerinin sorunsuz \u00e7al\u0131\u015fmas\u0131, HygroMatik Tahliye Pompas\u0131 B-2404027 ile suyun ve kondensat\u0131n etkin bir \u015fekilde tahliye edilmesine\",\"breadcrumb\":{\"@id\":\"https:\/\/barrsell.com\/urun\/hygromatik-tahliye-pompasi-b-2404027\/#breadcrumb\"},\"inLanguage\":\"en-US\",\"potentialAction\":[{\"@type\":\"ReadAction\",\"target\":[\"https:\/\/barrsell.com\/urun\/hygromatik-tahliye-pompasi-b-2404027\/\"]}]},{\"@type\":\"ImageObject\",\"inLanguage\":\"en-US\",\"@id\":\"https:\/\/barrsell.com\/urun\/hygromatik-tahliye-pompasi-b-2404027\/#primaryimage\",\"url\":\"https:\/\/barrsell.com\/wp-content\/uploads\/2024\/08\/HygroMatik-Tahliye-Pompasi-B-2404027.png\",\"contentUrl\":\"https:\/\/barrsell.com\/wp-content\/uploads\/2024\/08\/HygroMatik-Tahliye-Pompasi-B-2404027.png\",\"width\":1200,\"height\":1200,\"caption\":\"HygroMatik -Tahliye- Pompas\u0131-B-2404027\"},{\"@type\":\"BreadcrumbList\",\"@id\":\"https:\/\/barrsell.com\/urun\/hygromatik-tahliye-pompasi-b-2404027\/#breadcrumb\",\"itemListElement\":[{\"@type\":\"ListItem\",\"position\":1,\"name\":\"Home\",\"item\":\"https:\/\/barrsell.com\/\"},{\"@type\":\"ListItem\",\"position\":2,\"name\":\"\u00dcr\u00fcnler\",\"item\":\"https:\/\/barrsell.com\/en\/products\/\"},{\"@type\":\"ListItem\",\"position\":3,\"name\":\"HygroMatik Tahliye Pompas\u0131 B-2404027\"}]},{\"@type\":\"WebSite\",\"@id\":\"https:\/\/barrsell.com\/#website\",\"url\":\"https:\/\/barrsell.com\/\",\"name\":\"Barrsell End\u00fcstri Makine\",\"description\":\"Teknolojiyle G\u00fc\u00e7lenen End\u00fcstriyel \u00c7\u00f6z\u00fcmler!\",\"potentialAction\":[{\"@type\":\"SearchAction\",\"target\":{\"@type\":\"EntryPoint\",\"urlTemplate\":\"https:\/\/barrsell.com\/?s={search_term_string}\"},\"query-input\":\"required name=search_term_string\"}],\"inLanguage\":\"en-US\"}]}<\/script>\n<!-- \/ Yoast SEO Premium plugin. -->","yoast_head_json":{"title":"HygroMatik Tahliye Pompas\u0131 B-2404027 Barrsell End\u00fcstri","description":"End\u00fcstriyel nemlendirme sistemlerinin sorunsuz \u00e7al\u0131\u015fmas\u0131, HygroMatik Tahliye Pompas\u0131 B-2404027 ile suyun ve kondensat\u0131n etkin bir \u015fekilde tahliye edilmesine","robots":{"index":"index","follow":"follow","max-snippet":"max-snippet:-1","max-image-preview":"max-image-preview:large","max-video-preview":"max-video-preview:-1"},"canonical":"https:\/\/barrsell.com\/en\/product\/hygromatik-hose-adapter-b-2404027\/","og_locale":"en_US","og_type":"article","og_title":"HygroMatik Tahliye Pompas\u0131 B-2404027","og_description":"End\u00fcstriyel nemlendirme sistemlerinin sorunsuz \u00e7al\u0131\u015fmas\u0131, HygroMatik Tahliye Pompas\u0131 B-2404027 ile suyun ve kondensat\u0131n etkin bir \u015fekilde tahliye edilmesine","og_url":"https:\/\/barrsell.com\/en\/product\/hygromatik-hose-adapter-b-2404027\/","og_site_name":"Barrsell","article_modified_time":"2025-01-08T11:05:33+00:00","og_image":[{"width":1200,"height":1200,"url":"https:\/\/barrsell.com\/wp-content\/uploads\/2024\/08\/HygroMatik-Tahliye-Pompasi-B-2404027.png","type":"image\/png"}],"twitter_card":"summary_large_image","twitter_misc":{"Est. reading time":"2 minutes"},"schema":{"@context":"https:\/\/schema.org","@graph":[{"@type":"WebPage","@id":"https:\/\/barrsell.com\/urun\/hygromatik-tahliye-pompasi-b-2404027\/","url":"https:\/\/barrsell.com\/urun\/hygromatik-tahliye-pompasi-b-2404027\/","name":"HygroMatik Tahliye Pompas\u0131 B-2404027 Barrsell End\u00fcstri","isPartOf":{"@id":"https:\/\/barrsell.com\/#website"},"primaryImageOfPage":{"@id":"https:\/\/barrsell.com\/urun\/hygromatik-tahliye-pompasi-b-2404027\/#primaryimage"},"image":{"@id":"https:\/\/barrsell.com\/urun\/hygromatik-tahliye-pompasi-b-2404027\/#primaryimage"},"thumbnailUrl":"https:\/\/barrsell.com\/wp-content\/uploads\/2024\/08\/HygroMatik-Tahliye-Pompasi-B-2404027.png","datePublished":"2024-08-14T14:33:12+00:00","dateModified":"2025-01-08T11:05:33+00:00","description":"End\u00fcstriyel nemlendirme sistemlerinin sorunsuz \u00e7al\u0131\u015fmas\u0131, HygroMatik Tahliye Pompas\u0131 B-2404027 ile suyun ve kondensat\u0131n etkin bir \u015fekilde tahliye edilmesine","breadcrumb":{"@id":"https:\/\/barrsell.com\/urun\/hygromatik-tahliye-pompasi-b-2404027\/#breadcrumb"},"inLanguage":"en-US","potentialAction":[{"@type":"ReadAction","target":["https:\/\/barrsell.com\/urun\/hygromatik-tahliye-pompasi-b-2404027\/"]}]},{"@type":"ImageObject","inLanguage":"en-US","@id":"https:\/\/barrsell.com\/urun\/hygromatik-tahliye-pompasi-b-2404027\/#primaryimage","url":"https:\/\/barrsell.com\/wp-content\/uploads\/2024\/08\/HygroMatik-Tahliye-Pompasi-B-2404027.png","contentUrl":"https:\/\/barrsell.com\/wp-content\/uploads\/2024\/08\/HygroMatik-Tahliye-Pompasi-B-2404027.png","width":1200,"height":1200,"caption":"HygroMatik -Tahliye- Pompas\u0131-B-2404027"},{"@type":"BreadcrumbList","@id":"https:\/\/barrsell.com\/urun\/hygromatik-tahliye-pompasi-b-2404027\/#breadcrumb","itemListElement":[{"@type":"ListItem","position":1,"name":"Home","item":"https:\/\/barrsell.com\/"},{"@type":"ListItem","position":2,"name":"\u00dcr\u00fcnler","item":"https:\/\/barrsell.com\/en\/products\/"},{"@type":"ListItem","position":3,"name":"HygroMatik Tahliye Pompas\u0131 B-2404027"}]},{"@type":"WebSite","@id":"https:\/\/barrsell.com\/#website","url":"https:\/\/barrsell.com\/","name":"Barrsell End\u00fcstri Makine","description":"Teknolojiyle G\u00fc\u00e7lenen End\u00fcstriyel \u00c7\u00f6z\u00fcmler!","potentialAction":[{"@type":"SearchAction","target":{"@type":"EntryPoint","urlTemplate":"https:\/\/barrsell.com\/?s={search_term_string}"},"query-input":"required name=search_term_string"}],"inLanguage":"en-US"}]}},"_links":{"self":[{"href":"https:\/\/barrsell.com\/en\/wp-json\/wp\/v2\/product\/11811","targetHints":{"allow":["GET"]}}],"collection":[{"href":"https:\/\/barrsell.com\/en\/wp-json\/wp\/v2\/product"}],"about":[{"href":"https:\/\/barrsell.com\/en\/wp-json\/wp\/v2\/types\/product"}],"version-history":[{"count":9,"href":"https:\/\/barrsell.com\/en\/wp-json\/wp\/v2\/product\/11811\/revisions"}],"predecessor-version":[{"id":20029,"href":"https:\/\/barrsell.com\/en\/wp-json\/wp\/v2\/product\/11811\/revisions\/20029"}],"wp:featuredmedia":[{"embeddable":true,"href":"https:\/\/barrsell.com\/en\/wp-json\/wp\/v2\/media\/11815"}],"wp:attachment":[{"href":"https:\/\/barrsell.com\/en\/wp-json\/wp\/v2\/media?parent=11811"}],"wp:term":[{"taxonomy":"product_cat","embeddable":true,"href":"https:\/\/barrsell.com\/en\/wp-json\/wp\/v2\/product_cat?post=11811"},{"taxonomy":"product_tag","embeddable":true,"href":"https:\/\/barrsell.com\/en\/wp-json\/wp\/v2\/product_tag?post=11811"}],"curies":[{"name":"wp","href":"https:\/\/api.w.org\/{rel}","templated":true}]}}