{"id":11808,"date":"2024-08-14T13:52:21","date_gmt":"2024-08-14T13:52:21","guid":{"rendered":"https:\/\/barrsell.com\/?post_type=product&#038;p=11808"},"modified":"2025-01-08T16:09:58","modified_gmt":"2025-01-08T16:09:58","slug":"hygromatik-hortumu-adaptoru-e-2209008","status":"publish","type":"product","link":"https:\/\/barrsell.com\/en\/product\/hygromatik-hose-adapter-e-2209008\/","title":{"rendered":"Hygromatik Hose Adapter E-2209008"},"content":{"rendered":"<h2><strong>Hygromatik Hose Adapter E-2209008<\/strong><\/h2>\n<p>Hygromatik Hose Adapter E-2209008 is a high quality spare part, specially designed for steam humidifier and steam generator systems. Manufactured in accordance with industrial standards, this adapter offers long-lasting use while improving the performance of the device. Adaptor, which complies with the DN40 connection standard, ensures a secure connection and high efficiency.<\/p>\n<table width=\"343\">\n<tbody>\n<tr>\n<td width=\"94\">CompactLine Elektrode<\/td>\n<td width=\"96\">FlexLine Elektrode<\/td>\n<td width=\"64\">FlexLine Plus<\/td>\n<td width=\"89\">StandardLine Elektrode<\/td>\n<\/tr>\n<tr>\n<td width=\"94\">C58 FLE30 FLE40 FLE50 FLE65 FLE80 FLE100 FLE130 FLH15 FLH25 FLH30<\/td>\n<td width=\"96\">\u00a0FLE05 FLE10 FLE15 FLE20 FLE25 FLH40 FLH50 FLH80 FLH100<\/td>\n<td width=\"64\">FLP30 FLP40 FLP50<\/td>\n<td width=\"89\">SLE20 SLE30 SLE45 SLE65 SLH15 SLH25 SLH40 SLH50<\/td>\n<\/tr>\n<\/tbody>\n<\/table>\n<h4><strong>Features<\/strong><\/h4>\n<ul>\n<li><strong>High Durability:<\/strong> Withstands harsh industrial conditions. Resistant to high pressure and temperature.<\/li>\n<li><strong>Flexible Fit:<\/strong> Perfectly adapt to different hose diameters and connection points, speed up the installation process.<\/li>\n<li><strong>Easy assembly:<\/strong> It is simple and quick to install, provides secure connection and reduces the risk of leakage.<\/li>\n<li><strong>Long Lasting Performance:<\/strong> Durable material construction offers a long-lasting use that does not require frequent maintenance.<\/li>\n<\/ul>","protected":false},"excerpt":{"rendered":"<div class=\"flex max-w-full flex-col flex-grow\">\n<div class=\"min-h-8 text-message flex w-full flex-col items-end gap-2 whitespace-normal break-words text-start [.text-message+&amp;]:mt-5\" dir=\"auto\" data-message-author-role=\"assistant\" data-message-id=\"182a07a9-33a2-4c63-8045-62d7d25fc2f1\" data-message-model-slug=\"gpt-4o-mini\">\n<div class=\"flex w-full flex-col gap-1 empty:hidden first:pt-[3px]\">\n<div class=\"markdown prose w-full break-words dark:prose-invert light\">\n<p>DN58 compatible original hose adapter for hygromatik C40 Compactline steam humidifier and steam generator.<\/p>\n<\/div>\n<\/div>\n<\/div>\n<\/div>\n<ul>\n<li>In order for the spare parts to be fully compatible with the device, in order to avoid confusion during the ordering phase, we recommend that you share the product label photo with us.<\/li>\n<\/ul>","protected":false},"featured_media":11809,"template":"","meta":[],"product_cat":[130],"product_tag":[],"class_list":{"0":"post-11808","1":"product","2":"type-product","3":"status-publish","4":"has-post-thumbnail","6":"product_cat-hygromatik-yedek-parcalari","8":"first","9":"instock","10":"shipping-taxable","11":"product-type-simple"},"yoast_head":"<!-- This site is optimized with the Yoast SEO Premium plugin v23.2 (Yoast SEO v23.2) - https:\/\/yoast.com\/wordpress\/plugins\/seo\/ -->\n<title>Hygromatik Hortumu Adapt\u00f6r\u00fc E-2209008 | Barrsell End\u00fcstri<\/title>\n<meta name=\"description\" content=\"End\u00fcstriyel nemlendirme sistemlerinde her bir par\u00e7an\u0131n \u00f6rne\u011fin Hygromatik Hortum Adapt\u00f6r\u00fc E-2209008 g\u00fcvenilirli\u011fi, sistemin genel performans\u0131n\u0131 do\u011frudan\" \/>\n<meta name=\"robots\" content=\"index, follow, max-snippet:-1, max-image-preview:large, max-video-preview:-1\" \/>\n<link rel=\"canonical\" href=\"https:\/\/barrsell.com\/en\/product\/hygromatik-hose-adapter-e-2209008\/\" \/>\n<meta property=\"og:locale\" content=\"en_US\" \/>\n<meta property=\"og:type\" content=\"article\" \/>\n<meta property=\"og:title\" content=\"Hygromatik Hortumu Adapt\u00f6r\u00fc E-2209008\" \/>\n<meta property=\"og:description\" content=\"End\u00fcstriyel nemlendirme sistemlerinde her bir par\u00e7an\u0131n \u00f6rne\u011fin Hygromatik Hortum Adapt\u00f6r\u00fc E-2209008 g\u00fcvenilirli\u011fi, sistemin genel performans\u0131n\u0131 do\u011frudan\" \/>\n<meta property=\"og:url\" content=\"https:\/\/barrsell.com\/en\/product\/hygromatik-hose-adapter-e-2209008\/\" \/>\n<meta property=\"og:site_name\" content=\"Barrsell\" \/>\n<meta property=\"article:modified_time\" content=\"2025-01-08T16:09:58+00:00\" \/>\n<meta property=\"og:image\" content=\"https:\/\/barrsell.com\/wp-content\/uploads\/2024\/08\/Hygromatik-Hortumu-Adaptoru-E-2209008.png\" \/>\n\t<meta property=\"og:image:width\" content=\"1200\" \/>\n\t<meta property=\"og:image:height\" content=\"1200\" \/>\n\t<meta property=\"og:image:type\" content=\"image\/png\" \/>\n<meta name=\"twitter:card\" content=\"summary_large_image\" \/>\n<meta name=\"twitter:label1\" content=\"Est. reading time\" \/>\n\t<meta name=\"twitter:data1\" content=\"2 minutes\" \/>\n<script type=\"application\/ld+json\" class=\"yoast-schema-graph\">{\"@context\":\"https:\/\/schema.org\",\"@graph\":[{\"@type\":\"WebPage\",\"@id\":\"https:\/\/barrsell.com\/urun\/hygromatik-hortumu-adaptoru-e-2209008\/\",\"url\":\"https:\/\/barrsell.com\/urun\/hygromatik-hortumu-adaptoru-e-2209008\/\",\"name\":\"Hygromatik Hortumu Adapt\u00f6r\u00fc E-2209008 | Barrsell End\u00fcstri\",\"isPartOf\":{\"@id\":\"https:\/\/barrsell.com\/#website\"},\"primaryImageOfPage\":{\"@id\":\"https:\/\/barrsell.com\/urun\/hygromatik-hortumu-adaptoru-e-2209008\/#primaryimage\"},\"image\":{\"@id\":\"https:\/\/barrsell.com\/urun\/hygromatik-hortumu-adaptoru-e-2209008\/#primaryimage\"},\"thumbnailUrl\":\"https:\/\/barrsell.com\/wp-content\/uploads\/2024\/08\/Hygromatik-Hortumu-Adaptoru-E-2209008.png\",\"datePublished\":\"2024-08-14T13:52:21+00:00\",\"dateModified\":\"2025-01-08T16:09:58+00:00\",\"description\":\"End\u00fcstriyel nemlendirme sistemlerinde her bir par\u00e7an\u0131n \u00f6rne\u011fin Hygromatik Hortum Adapt\u00f6r\u00fc E-2209008 g\u00fcvenilirli\u011fi, sistemin genel performans\u0131n\u0131 do\u011frudan\",\"breadcrumb\":{\"@id\":\"https:\/\/barrsell.com\/urun\/hygromatik-hortumu-adaptoru-e-2209008\/#breadcrumb\"},\"inLanguage\":\"en-US\",\"potentialAction\":[{\"@type\":\"ReadAction\",\"target\":[\"https:\/\/barrsell.com\/urun\/hygromatik-hortumu-adaptoru-e-2209008\/\"]}]},{\"@type\":\"ImageObject\",\"inLanguage\":\"en-US\",\"@id\":\"https:\/\/barrsell.com\/urun\/hygromatik-hortumu-adaptoru-e-2209008\/#primaryimage\",\"url\":\"https:\/\/barrsell.com\/wp-content\/uploads\/2024\/08\/Hygromatik-Hortumu-Adaptoru-E-2209008.png\",\"contentUrl\":\"https:\/\/barrsell.com\/wp-content\/uploads\/2024\/08\/Hygromatik-Hortumu-Adaptoru-E-2209008.png\",\"width\":1200,\"height\":1200,\"caption\":\"Hygromatik Hortumu Adapt\u00f6r\u00fc E-2209008\"},{\"@type\":\"BreadcrumbList\",\"@id\":\"https:\/\/barrsell.com\/urun\/hygromatik-hortumu-adaptoru-e-2209008\/#breadcrumb\",\"itemListElement\":[{\"@type\":\"ListItem\",\"position\":1,\"name\":\"Home\",\"item\":\"https:\/\/barrsell.com\/\"},{\"@type\":\"ListItem\",\"position\":2,\"name\":\"\u00dcr\u00fcnler\",\"item\":\"https:\/\/barrsell.com\/en\/products\/\"},{\"@type\":\"ListItem\",\"position\":3,\"name\":\"Hygromatik Hortumu Adapt\u00f6r\u00fc E-2209008\"}]},{\"@type\":\"WebSite\",\"@id\":\"https:\/\/barrsell.com\/#website\",\"url\":\"https:\/\/barrsell.com\/\",\"name\":\"Barrsell End\u00fcstri Makine\",\"description\":\"Teknolojiyle G\u00fc\u00e7lenen End\u00fcstriyel \u00c7\u00f6z\u00fcmler!\",\"potentialAction\":[{\"@type\":\"SearchAction\",\"target\":{\"@type\":\"EntryPoint\",\"urlTemplate\":\"https:\/\/barrsell.com\/?s={search_term_string}\"},\"query-input\":\"required name=search_term_string\"}],\"inLanguage\":\"en-US\"}]}<\/script>\n<!-- \/ Yoast SEO Premium plugin. -->","yoast_head_json":{"title":"Hygromatik Hortumu Adapt\u00f6r\u00fc E-2209008 | Barrsell End\u00fcstri","description":"End\u00fcstriyel nemlendirme sistemlerinde her bir par\u00e7an\u0131n \u00f6rne\u011fin Hygromatik Hortum Adapt\u00f6r\u00fc E-2209008 g\u00fcvenilirli\u011fi, sistemin genel performans\u0131n\u0131 do\u011frudan","robots":{"index":"index","follow":"follow","max-snippet":"max-snippet:-1","max-image-preview":"max-image-preview:large","max-video-preview":"max-video-preview:-1"},"canonical":"https:\/\/barrsell.com\/en\/product\/hygromatik-hose-adapter-e-2209008\/","og_locale":"en_US","og_type":"article","og_title":"Hygromatik Hortumu Adapt\u00f6r\u00fc E-2209008","og_description":"End\u00fcstriyel nemlendirme sistemlerinde her bir par\u00e7an\u0131n \u00f6rne\u011fin Hygromatik Hortum Adapt\u00f6r\u00fc E-2209008 g\u00fcvenilirli\u011fi, sistemin genel performans\u0131n\u0131 do\u011frudan","og_url":"https:\/\/barrsell.com\/en\/product\/hygromatik-hose-adapter-e-2209008\/","og_site_name":"Barrsell","article_modified_time":"2025-01-08T16:09:58+00:00","og_image":[{"width":1200,"height":1200,"url":"https:\/\/barrsell.com\/wp-content\/uploads\/2024\/08\/Hygromatik-Hortumu-Adaptoru-E-2209008.png","type":"image\/png"}],"twitter_card":"summary_large_image","twitter_misc":{"Est. reading time":"2 minutes"},"schema":{"@context":"https:\/\/schema.org","@graph":[{"@type":"WebPage","@id":"https:\/\/barrsell.com\/urun\/hygromatik-hortumu-adaptoru-e-2209008\/","url":"https:\/\/barrsell.com\/urun\/hygromatik-hortumu-adaptoru-e-2209008\/","name":"Hygromatik Hortumu Adapt\u00f6r\u00fc E-2209008 | Barrsell End\u00fcstri","isPartOf":{"@id":"https:\/\/barrsell.com\/#website"},"primaryImageOfPage":{"@id":"https:\/\/barrsell.com\/urun\/hygromatik-hortumu-adaptoru-e-2209008\/#primaryimage"},"image":{"@id":"https:\/\/barrsell.com\/urun\/hygromatik-hortumu-adaptoru-e-2209008\/#primaryimage"},"thumbnailUrl":"https:\/\/barrsell.com\/wp-content\/uploads\/2024\/08\/Hygromatik-Hortumu-Adaptoru-E-2209008.png","datePublished":"2024-08-14T13:52:21+00:00","dateModified":"2025-01-08T16:09:58+00:00","description":"End\u00fcstriyel nemlendirme sistemlerinde her bir par\u00e7an\u0131n \u00f6rne\u011fin Hygromatik Hortum Adapt\u00f6r\u00fc E-2209008 g\u00fcvenilirli\u011fi, sistemin genel performans\u0131n\u0131 do\u011frudan","breadcrumb":{"@id":"https:\/\/barrsell.com\/urun\/hygromatik-hortumu-adaptoru-e-2209008\/#breadcrumb"},"inLanguage":"en-US","potentialAction":[{"@type":"ReadAction","target":["https:\/\/barrsell.com\/urun\/hygromatik-hortumu-adaptoru-e-2209008\/"]}]},{"@type":"ImageObject","inLanguage":"en-US","@id":"https:\/\/barrsell.com\/urun\/hygromatik-hortumu-adaptoru-e-2209008\/#primaryimage","url":"https:\/\/barrsell.com\/wp-content\/uploads\/2024\/08\/Hygromatik-Hortumu-Adaptoru-E-2209008.png","contentUrl":"https:\/\/barrsell.com\/wp-content\/uploads\/2024\/08\/Hygromatik-Hortumu-Adaptoru-E-2209008.png","width":1200,"height":1200,"caption":"Hygromatik Hortumu Adapt\u00f6r\u00fc E-2209008"},{"@type":"BreadcrumbList","@id":"https:\/\/barrsell.com\/urun\/hygromatik-hortumu-adaptoru-e-2209008\/#breadcrumb","itemListElement":[{"@type":"ListItem","position":1,"name":"Home","item":"https:\/\/barrsell.com\/"},{"@type":"ListItem","position":2,"name":"\u00dcr\u00fcnler","item":"https:\/\/barrsell.com\/en\/products\/"},{"@type":"ListItem","position":3,"name":"Hygromatik Hortumu Adapt\u00f6r\u00fc E-2209008"}]},{"@type":"WebSite","@id":"https:\/\/barrsell.com\/#website","url":"https:\/\/barrsell.com\/","name":"Barrsell End\u00fcstri Makine","description":"Teknolojiyle G\u00fc\u00e7lenen End\u00fcstriyel \u00c7\u00f6z\u00fcmler!","potentialAction":[{"@type":"SearchAction","target":{"@type":"EntryPoint","urlTemplate":"https:\/\/barrsell.com\/?s={search_term_string}"},"query-input":"required name=search_term_string"}],"inLanguage":"en-US"}]}},"_links":{"self":[{"href":"https:\/\/barrsell.com\/en\/wp-json\/wp\/v2\/product\/11808","targetHints":{"allow":["GET"]}}],"collection":[{"href":"https:\/\/barrsell.com\/en\/wp-json\/wp\/v2\/product"}],"about":[{"href":"https:\/\/barrsell.com\/en\/wp-json\/wp\/v2\/types\/product"}],"version-history":[{"count":7,"href":"https:\/\/barrsell.com\/en\/wp-json\/wp\/v2\/product\/11808\/revisions"}],"predecessor-version":[{"id":20033,"href":"https:\/\/barrsell.com\/en\/wp-json\/wp\/v2\/product\/11808\/revisions\/20033"}],"wp:featuredmedia":[{"embeddable":true,"href":"https:\/\/barrsell.com\/en\/wp-json\/wp\/v2\/media\/11809"}],"wp:attachment":[{"href":"https:\/\/barrsell.com\/en\/wp-json\/wp\/v2\/media?parent=11808"}],"wp:term":[{"taxonomy":"product_cat","embeddable":true,"href":"https:\/\/barrsell.com\/en\/wp-json\/wp\/v2\/product_cat?post=11808"},{"taxonomy":"product_tag","embeddable":true,"href":"https:\/\/barrsell.com\/en\/wp-json\/wp\/v2\/product_tag?post=11808"}],"curies":[{"name":"wp","href":"https:\/\/api.w.org\/{rel}","templated":true}]}}