{"id":11802,"date":"2024-08-14T13:36:54","date_gmt":"2024-08-14T13:36:54","guid":{"rendered":"https:\/\/barrsell.com\/?post_type=product&#038;p=11802"},"modified":"2025-01-08T23:13:25","modified_gmt":"2025-01-08T23:13:25","slug":"hygromatik-hortumu-adaptoru-e-2209006","status":"publish","type":"product","link":"https:\/\/barrsell.com\/en\/product\/hygromatik-hose-adapter-e-2209006\/","title":{"rendered":"Hygromatik Hose Adapter E-2209006"},"content":{"rendered":"<div class=\"flex max-w-full flex-col flex-grow\">\n<div class=\"min-h-[20px] text-message flex w-full flex-col items-end gap-2 whitespace-pre-wrap break-words [.text-message+&amp;]:mt-5 overflow-x-auto\" dir=\"auto\" data-message-author-role=\"assistant\" data-message-id=\"a095f0af-d5d9-4702-8af2-39ba3bb9747f\">\n<div class=\"flex w-full flex-col gap-1 empty:hidden first:pt-[3px]\">\n<div class=\"markdown prose w-full break-words dark:prose-invert light\">\n<h2><strong>Hygromatik Hose Adapter E-2209006<\/strong><\/h2>\n<p>The efficiency of industrial humidification systems depends on the smooth operation of each component, for example, Hygromatic Hose Adapter E-2209006. It is a critical part that enables connections to be made safely and effectively in humidifying systems. A quality adapter increases the overall performance of the system while keeping maintenance needs to a minimum.<\/p>\n<div class=\"mt-1 flex gap-3 empty:hidden -ml-2\">\n<div class=\"items-center justify-start rounded-xl p-1 flex\">\n<div class=\"flex items-center\">\n<div class=\"flex items-center pb-0\">\n<table style=\"height: 75px;\" width=\"297\">\n<tbody>\n<tr>\n<td width=\"143\"><strong>CompactLine Elektrode\u00a0<\/strong><\/td>\n<\/tr>\n<tr>\n<td>C45<\/td>\n<\/tr>\n<\/tbody>\n<\/table>\n<\/div>\n<\/div>\n<\/div>\n<\/div>\n<h4><strong>Robust Design and Durability<\/strong><\/h4>\n<p>The Hygromatik E-2209006 hose adapter is a product that is manufactured in accordance with industrial standards and stands out with its robust structure. This adapter performs well even under high pressure and temperature. The durable material structure increases the safety and efficiency of the system by offering long-lasting use.<\/p>\n<h4><strong>Easy Assembly and Compliance<\/strong><\/h4>\n<p>This hose adapter adapts to various hose diameters and ports thanks to its flexible design. Accelerates assembly operations and minimizes leakage risk at ports. Hygromatik E-2209006 is designed to be compatible with all types of humidification systems, which reduces the installation time of your business and reduces costs.<\/p>\n<h4><strong>\u00a0Featured Features<\/strong><\/h4>\n<ul>\n<li><strong>High Durability:<\/strong> It offers durable, long-lasting performance under high pressure and temperature.<\/li>\n<li><strong>Flexible Fit:<\/strong> Adapts to different hose diameters and ports, speeding up the installation process.<\/li>\n<li><strong>Easy assembly:<\/strong> It offers fast and trouble-free installation and minimizes the risk of leakage.<\/li>\n<li><strong>Reliable Connection:<\/strong> Ensures that the humidification system works efficiently and safely.<\/li>\n<\/ul>\n<\/div>\n<\/div>\n<\/div>\n<\/div>","protected":false},"excerpt":{"rendered":"<div class=\"flex max-w-full flex-col flex-grow\">\n<div class=\"min-h-8 text-message flex w-full flex-col items-end gap-2 whitespace-normal break-words text-start [.text-message+&amp;]:mt-5\" dir=\"auto\" data-message-author-role=\"assistant\" data-message-id=\"098a3c9c-f21b-4eb8-8be4-1ab960f0c5b6\" data-message-model-slug=\"gpt-4o\">\n<div class=\"flex w-full flex-col gap-1 empty:hidden first:pt-[3px]\">\n<div class=\"markdown prose w-full break-words dark:prose-invert light\">\n<p>DN45 compatible original hose adapter for Hygromatic C40 Compactline.<\/p>\n<\/div>\n<\/div>\n<\/div>\n<\/div>\n<ul>\n<li>In order for the spare parts to be fully compatible with the device, in order to avoid confusion during the ordering phase, we recommend that you share the product label photo with us.<\/li>\n<\/ul>","protected":false},"featured_media":11803,"template":"","meta":[],"product_cat":[130],"product_tag":[],"class_list":{"0":"post-11802","1":"product","2":"type-product","3":"status-publish","4":"has-post-thumbnail","6":"product_cat-hygromatik-yedek-parcalari","8":"first","9":"instock","10":"shipping-taxable","11":"product-type-simple"},"yoast_head":"<!-- This site is optimized with the Yoast SEO Premium plugin v23.2 (Yoast SEO v23.2) - https:\/\/yoast.com\/wordpress\/plugins\/seo\/ -->\n<title>Hygromatik Hortumu Adapt\u00f6r\u00fc E-2209006 | Barrsell End\u00fcstri<\/title>\n<meta name=\"description\" content=\"End\u00fcstriyel nemlendirme sistemlerinin verimlili\u011fi, her bile\u015fenin \u00f6rne\u011fin Hygromatik Hortum Adapt\u00f6r\u00fc E-2209006 sorunsuz bir \u015fekilde \u00e7al\u0131\u015fmas\u0131na ba\u011fl\u0131d\u0131r.\" \/>\n<meta name=\"robots\" content=\"index, follow, max-snippet:-1, max-image-preview:large, max-video-preview:-1\" \/>\n<link rel=\"canonical\" href=\"https:\/\/barrsell.com\/en\/product\/hygromatik-hose-adapter-e-2209006\/\" \/>\n<meta property=\"og:locale\" content=\"en_US\" \/>\n<meta property=\"og:type\" content=\"article\" \/>\n<meta property=\"og:title\" content=\"Hygromatik Hortumu Adapt\u00f6r\u00fc E-2209006\" \/>\n<meta property=\"og:description\" content=\"End\u00fcstriyel nemlendirme sistemlerinin verimlili\u011fi, her bile\u015fenin \u00f6rne\u011fin Hygromatik Hortum Adapt\u00f6r\u00fc E-2209006 sorunsuz bir \u015fekilde \u00e7al\u0131\u015fmas\u0131na ba\u011fl\u0131d\u0131r.\" \/>\n<meta property=\"og:url\" content=\"https:\/\/barrsell.com\/en\/product\/hygromatik-hose-adapter-e-2209006\/\" \/>\n<meta property=\"og:site_name\" content=\"Barrsell\" \/>\n<meta property=\"article:modified_time\" content=\"2025-01-08T23:13:25+00:00\" \/>\n<meta property=\"og:image\" content=\"https:\/\/barrsell.com\/wp-content\/uploads\/2024\/08\/adapter-compactline-c45-hygromat.png\" \/>\n\t<meta property=\"og:image:width\" content=\"1200\" \/>\n\t<meta property=\"og:image:height\" content=\"1200\" \/>\n\t<meta property=\"og:image:type\" content=\"image\/png\" \/>\n<meta name=\"twitter:card\" content=\"summary_large_image\" \/>\n<meta name=\"twitter:label1\" content=\"Est. reading time\" \/>\n\t<meta name=\"twitter:data1\" content=\"2 minutes\" \/>\n<script type=\"application\/ld+json\" class=\"yoast-schema-graph\">{\"@context\":\"https:\/\/schema.org\",\"@graph\":[{\"@type\":\"WebPage\",\"@id\":\"https:\/\/barrsell.com\/urun\/hygromatik-hortumu-adaptoru-e-2209006\/\",\"url\":\"https:\/\/barrsell.com\/urun\/hygromatik-hortumu-adaptoru-e-2209006\/\",\"name\":\"Hygromatik Hortumu Adapt\u00f6r\u00fc E-2209006 | Barrsell End\u00fcstri\",\"isPartOf\":{\"@id\":\"https:\/\/barrsell.com\/#website\"},\"primaryImageOfPage\":{\"@id\":\"https:\/\/barrsell.com\/urun\/hygromatik-hortumu-adaptoru-e-2209006\/#primaryimage\"},\"image\":{\"@id\":\"https:\/\/barrsell.com\/urun\/hygromatik-hortumu-adaptoru-e-2209006\/#primaryimage\"},\"thumbnailUrl\":\"https:\/\/barrsell.com\/wp-content\/uploads\/2024\/08\/adapter-compactline-c45-hygromat.png\",\"datePublished\":\"2024-08-14T13:36:54+00:00\",\"dateModified\":\"2025-01-08T23:13:25+00:00\",\"description\":\"End\u00fcstriyel nemlendirme sistemlerinin verimlili\u011fi, her bile\u015fenin \u00f6rne\u011fin Hygromatik Hortum Adapt\u00f6r\u00fc E-2209006 sorunsuz bir \u015fekilde \u00e7al\u0131\u015fmas\u0131na ba\u011fl\u0131d\u0131r.\",\"breadcrumb\":{\"@id\":\"https:\/\/barrsell.com\/urun\/hygromatik-hortumu-adaptoru-e-2209006\/#breadcrumb\"},\"inLanguage\":\"en-US\",\"potentialAction\":[{\"@type\":\"ReadAction\",\"target\":[\"https:\/\/barrsell.com\/urun\/hygromatik-hortumu-adaptoru-e-2209006\/\"]}]},{\"@type\":\"ImageObject\",\"inLanguage\":\"en-US\",\"@id\":\"https:\/\/barrsell.com\/urun\/hygromatik-hortumu-adaptoru-e-2209006\/#primaryimage\",\"url\":\"https:\/\/barrsell.com\/wp-content\/uploads\/2024\/08\/adapter-compactline-c45-hygromat.png\",\"contentUrl\":\"https:\/\/barrsell.com\/wp-content\/uploads\/2024\/08\/adapter-compactline-c45-hygromat.png\",\"width\":1200,\"height\":1200,\"caption\":\"adapter-compactline-c45-hygromat\"},{\"@type\":\"BreadcrumbList\",\"@id\":\"https:\/\/barrsell.com\/urun\/hygromatik-hortumu-adaptoru-e-2209006\/#breadcrumb\",\"itemListElement\":[{\"@type\":\"ListItem\",\"position\":1,\"name\":\"Home\",\"item\":\"https:\/\/barrsell.com\/\"},{\"@type\":\"ListItem\",\"position\":2,\"name\":\"\u00dcr\u00fcnler\",\"item\":\"https:\/\/barrsell.com\/en\/products\/\"},{\"@type\":\"ListItem\",\"position\":3,\"name\":\"Hygromatik Hortumu Adapt\u00f6r\u00fc E-2209006\"}]},{\"@type\":\"WebSite\",\"@id\":\"https:\/\/barrsell.com\/#website\",\"url\":\"https:\/\/barrsell.com\/\",\"name\":\"Barrsell End\u00fcstri Makine\",\"description\":\"Teknolojiyle G\u00fc\u00e7lenen End\u00fcstriyel \u00c7\u00f6z\u00fcmler!\",\"potentialAction\":[{\"@type\":\"SearchAction\",\"target\":{\"@type\":\"EntryPoint\",\"urlTemplate\":\"https:\/\/barrsell.com\/?s={search_term_string}\"},\"query-input\":\"required name=search_term_string\"}],\"inLanguage\":\"en-US\"}]}<\/script>\n<!-- \/ Yoast SEO Premium plugin. -->","yoast_head_json":{"title":"Hygromatik Hortumu Adapt\u00f6r\u00fc E-2209006 | Barrsell End\u00fcstri","description":"End\u00fcstriyel nemlendirme sistemlerinin verimlili\u011fi, her bile\u015fenin \u00f6rne\u011fin Hygromatik Hortum Adapt\u00f6r\u00fc E-2209006 sorunsuz bir \u015fekilde \u00e7al\u0131\u015fmas\u0131na ba\u011fl\u0131d\u0131r.","robots":{"index":"index","follow":"follow","max-snippet":"max-snippet:-1","max-image-preview":"max-image-preview:large","max-video-preview":"max-video-preview:-1"},"canonical":"https:\/\/barrsell.com\/en\/product\/hygromatik-hose-adapter-e-2209006\/","og_locale":"en_US","og_type":"article","og_title":"Hygromatik Hortumu Adapt\u00f6r\u00fc E-2209006","og_description":"End\u00fcstriyel nemlendirme sistemlerinin verimlili\u011fi, her bile\u015fenin \u00f6rne\u011fin Hygromatik Hortum Adapt\u00f6r\u00fc E-2209006 sorunsuz bir \u015fekilde \u00e7al\u0131\u015fmas\u0131na ba\u011fl\u0131d\u0131r.","og_url":"https:\/\/barrsell.com\/en\/product\/hygromatik-hose-adapter-e-2209006\/","og_site_name":"Barrsell","article_modified_time":"2025-01-08T23:13:25+00:00","og_image":[{"width":1200,"height":1200,"url":"https:\/\/barrsell.com\/wp-content\/uploads\/2024\/08\/adapter-compactline-c45-hygromat.png","type":"image\/png"}],"twitter_card":"summary_large_image","twitter_misc":{"Est. reading time":"2 minutes"},"schema":{"@context":"https:\/\/schema.org","@graph":[{"@type":"WebPage","@id":"https:\/\/barrsell.com\/urun\/hygromatik-hortumu-adaptoru-e-2209006\/","url":"https:\/\/barrsell.com\/urun\/hygromatik-hortumu-adaptoru-e-2209006\/","name":"Hygromatik Hortumu Adapt\u00f6r\u00fc E-2209006 | Barrsell End\u00fcstri","isPartOf":{"@id":"https:\/\/barrsell.com\/#website"},"primaryImageOfPage":{"@id":"https:\/\/barrsell.com\/urun\/hygromatik-hortumu-adaptoru-e-2209006\/#primaryimage"},"image":{"@id":"https:\/\/barrsell.com\/urun\/hygromatik-hortumu-adaptoru-e-2209006\/#primaryimage"},"thumbnailUrl":"https:\/\/barrsell.com\/wp-content\/uploads\/2024\/08\/adapter-compactline-c45-hygromat.png","datePublished":"2024-08-14T13:36:54+00:00","dateModified":"2025-01-08T23:13:25+00:00","description":"End\u00fcstriyel nemlendirme sistemlerinin verimlili\u011fi, her bile\u015fenin \u00f6rne\u011fin Hygromatik Hortum Adapt\u00f6r\u00fc E-2209006 sorunsuz bir \u015fekilde \u00e7al\u0131\u015fmas\u0131na ba\u011fl\u0131d\u0131r.","breadcrumb":{"@id":"https:\/\/barrsell.com\/urun\/hygromatik-hortumu-adaptoru-e-2209006\/#breadcrumb"},"inLanguage":"en-US","potentialAction":[{"@type":"ReadAction","target":["https:\/\/barrsell.com\/urun\/hygromatik-hortumu-adaptoru-e-2209006\/"]}]},{"@type":"ImageObject","inLanguage":"en-US","@id":"https:\/\/barrsell.com\/urun\/hygromatik-hortumu-adaptoru-e-2209006\/#primaryimage","url":"https:\/\/barrsell.com\/wp-content\/uploads\/2024\/08\/adapter-compactline-c45-hygromat.png","contentUrl":"https:\/\/barrsell.com\/wp-content\/uploads\/2024\/08\/adapter-compactline-c45-hygromat.png","width":1200,"height":1200,"caption":"adapter-compactline-c45-hygromat"},{"@type":"BreadcrumbList","@id":"https:\/\/barrsell.com\/urun\/hygromatik-hortumu-adaptoru-e-2209006\/#breadcrumb","itemListElement":[{"@type":"ListItem","position":1,"name":"Home","item":"https:\/\/barrsell.com\/"},{"@type":"ListItem","position":2,"name":"\u00dcr\u00fcnler","item":"https:\/\/barrsell.com\/en\/products\/"},{"@type":"ListItem","position":3,"name":"Hygromatik Hortumu Adapt\u00f6r\u00fc E-2209006"}]},{"@type":"WebSite","@id":"https:\/\/barrsell.com\/#website","url":"https:\/\/barrsell.com\/","name":"Barrsell End\u00fcstri Makine","description":"Teknolojiyle G\u00fc\u00e7lenen End\u00fcstriyel \u00c7\u00f6z\u00fcmler!","potentialAction":[{"@type":"SearchAction","target":{"@type":"EntryPoint","urlTemplate":"https:\/\/barrsell.com\/?s={search_term_string}"},"query-input":"required name=search_term_string"}],"inLanguage":"en-US"}]}},"_links":{"self":[{"href":"https:\/\/barrsell.com\/en\/wp-json\/wp\/v2\/product\/11802","targetHints":{"allow":["GET"]}}],"collection":[{"href":"https:\/\/barrsell.com\/en\/wp-json\/wp\/v2\/product"}],"about":[{"href":"https:\/\/barrsell.com\/en\/wp-json\/wp\/v2\/types\/product"}],"version-history":[{"count":7,"href":"https:\/\/barrsell.com\/en\/wp-json\/wp\/v2\/product\/11802\/revisions"}],"predecessor-version":[{"id":20034,"href":"https:\/\/barrsell.com\/en\/wp-json\/wp\/v2\/product\/11802\/revisions\/20034"}],"wp:featuredmedia":[{"embeddable":true,"href":"https:\/\/barrsell.com\/en\/wp-json\/wp\/v2\/media\/11803"}],"wp:attachment":[{"href":"https:\/\/barrsell.com\/en\/wp-json\/wp\/v2\/media?parent=11802"}],"wp:term":[{"taxonomy":"product_cat","embeddable":true,"href":"https:\/\/barrsell.com\/en\/wp-json\/wp\/v2\/product_cat?post=11802"},{"taxonomy":"product_tag","embeddable":true,"href":"https:\/\/barrsell.com\/en\/wp-json\/wp\/v2\/product_tag?post=11802"}],"curies":[{"name":"wp","href":"https:\/\/api.w.org\/{rel}","templated":true}]}}