{"id":11796,"date":"2024-08-14T13:26:29","date_gmt":"2024-08-14T13:26:29","guid":{"rendered":"https:\/\/barrsell.com\/?post_type=product&#038;p=11796"},"modified":"2025-01-08T23:22:47","modified_gmt":"2025-01-08T23:22:47","slug":"hygromatik-tahliye-hortumu-b-3401015","status":"publish","type":"product","link":"https:\/\/barrsell.com\/en\/product\/hygromatik-drain-hose-b-3401015\/","title":{"rendered":"Hygromatik Drain Hose B-3401015"},"content":{"rendered":"<div class=\"flex max-w-full flex-col flex-grow\">\n<div class=\"min-h-[20px] text-message flex w-full flex-col items-end gap-2 whitespace-pre-wrap break-words [.text-message+&amp;]:mt-5 overflow-x-auto\" dir=\"auto\" data-message-author-role=\"assistant\" data-message-id=\"ea26cc86-421d-44be-81e2-8888e664c027\">\n<div class=\"flex w-full flex-col gap-1 empty:hidden first:pt-[3px]\">\n<div class=\"markdown prose w-full break-words dark:prose-invert light\">\n<h2><strong>Hygromatik Drain Hose B-3401015<\/strong><\/h2>\n<div class=\"flex max-w-full flex-col flex-grow\">\n<div class=\"min-h-[20px] text-message flex w-full flex-col items-end gap-2 whitespace-pre-wrap break-words [.text-message+&amp;]:mt-5 overflow-x-auto\" dir=\"auto\" data-message-author-role=\"assistant\" data-message-id=\"ea26cc86-421d-44be-81e2-8888e664c027\">\n<div class=\"flex w-full flex-col gap-1 empty:hidden first:pt-[3px]\">\n<div class=\"markdown prose w-full break-words dark:prose-invert light\">\n<div class=\"flex max-w-full flex-col flex-grow\">\n<div class=\"min-h-8 text-message flex w-full flex-col items-end gap-2 whitespace-normal break-words text-start [.text-message+&amp;]:mt-5\" dir=\"auto\" data-message-author-role=\"assistant\" data-message-id=\"26e36228-0873-4aeb-88b7-923f9fc84a5b\" data-message-model-slug=\"gpt-4o\">\n<div class=\"flex w-full flex-col gap-1 empty:hidden first:pt-[3px]\">\n<div class=\"markdown prose w-full break-words dark:prose-invert light\">\n<p>Hygromatik specially designed the B-3401015 Drain Hose to be durable and long lasting for humidification systems. Used in industrial and commercial applications, this hose increases the efficiency of Hygromatik steam humidifiers by offering high performance and reliability. Here are the technical details and advantages of this product:<\/p>\n<\/div>\n<\/div>\n<\/div>\n<\/div>\n<table style=\"height: 83px;\" width=\"416\">\n<tbody>\n<tr>\n<td width=\"143\"><strong>CompactLine Elektrode\u00a0<\/strong><\/td>\n<td width=\"186\"><strong>MiniSteam MS 2005 Elektrode<\/strong><\/td>\n<\/tr>\n<tr>\n<td>C06<\/td>\n<td>\u00a0MS05<\/td>\n<\/tr>\n<\/tbody>\n<\/table>\n<\/div>\n<\/div>\n<\/div>\n<\/div>\n<h4><strong>Technical Specifications<\/strong><\/h4>\n<ol>\n<li><strong>Material Quality:<\/strong>\n<ul>\n<li>Made of high temperature resistant, high quality and eco-friendly material.<\/li>\n<li>Resistant to deformation in long-term use.<\/li>\n<\/ul>\n<\/li>\n<li><strong>Size and Compatibility:<\/strong>\n<ul>\n<li>100% compatible design with standard Hygromatik steam humidifiers.<\/li>\n<li>Built in ideal sizes for easy assembly.<\/li>\n<\/ul>\n<\/li>\n<li><strong>Temperature Resistance:<\/strong>\n<ul>\n<li>Thanks to its high temperature resistant structure, it ensures the safe evacuation of steam.<\/li>\n<li>Resistant to temperature changes, no thermal expansion problems.<\/li>\n<\/ul>\n<\/li>\n<li><strong>Flexibility and Ease of Use:<\/strong>\n<ul>\n<li>With its flexible structure, you can easily install it even in tight spaces.<\/li>\n<li>High pressure resistant design ensures safe evacuation.<\/li>\n<\/ul>\n<\/li>\n<\/ol>\n<\/div>\n<\/div>\n<\/div>\n<\/div>","protected":false},"excerpt":{"rendered":"<div class=\"flex max-w-full flex-col flex-grow\">\n<div class=\"min-h-8 text-message flex w-full flex-col items-end gap-2 whitespace-normal break-words text-start [.text-message+&amp;]:mt-5\" dir=\"auto\" data-message-author-role=\"assistant\" data-message-id=\"c171882b-103c-4600-a5b6-00bdf5d08f1e\" data-message-model-slug=\"gpt-4o\">\n<div class=\"flex w-full flex-col gap-1 empty:hidden first:pt-[3px]\">\n<div class=\"markdown prose w-full break-words dark:prose-invert light\">\n<p>Hygromatik C06 Compactline steam humidifier drain hose is original spare part compatible with Pos6, Pos14, Pos15, Pos30 and Pos31 for water drain.<\/p>\n<\/div>\n<\/div>\n<\/div>\n<\/div>\n<ul>\n<li>In order for the spare parts to be fully compatible with the device, in order to avoid confusion during the ordering phase, we recommend that you share the product label photo with us.<\/li>\n<\/ul>","protected":false},"featured_media":11797,"template":"","meta":[],"product_cat":[130],"product_tag":[],"class_list":{"0":"post-11796","1":"product","2":"type-product","3":"status-publish","4":"has-post-thumbnail","6":"product_cat-hygromatik-yedek-parcalari","8":"first","9":"instock","10":"shipping-taxable","11":"product-type-simple"},"yoast_head":"<!-- This site is optimized with the Yoast SEO Premium plugin v23.2 (Yoast SEO v23.2) - https:\/\/yoast.com\/wordpress\/plugins\/seo\/ -->\n<title>Hygromatik Tahliye Hortumu B-3401015 Barrsell End\u00fcstri<\/title>\n<meta name=\"description\" content=\"End\u00fcstriyel nemlendirme sistemlerinde kullan\u0131lan her bile\u015fenin \u00f6rne\u011fin Hygromatik Tahliye Hortumu B-3401015 , sistemin genel performans\u0131n\u0131\" \/>\n<meta name=\"robots\" content=\"index, follow, max-snippet:-1, max-image-preview:large, max-video-preview:-1\" \/>\n<link rel=\"canonical\" href=\"https:\/\/barrsell.com\/en\/product\/hygromatik-drain-hose-b-3401015\/\" \/>\n<meta property=\"og:locale\" content=\"en_US\" \/>\n<meta property=\"og:type\" content=\"article\" \/>\n<meta property=\"og:title\" content=\"Hygromatik Tahliye Hortumu B-3401015\" \/>\n<meta property=\"og:description\" content=\"End\u00fcstriyel nemlendirme sistemlerinde kullan\u0131lan her bile\u015fenin \u00f6rne\u011fin Hygromatik Tahliye Hortumu B-3401015 , sistemin genel performans\u0131n\u0131\" \/>\n<meta property=\"og:url\" content=\"https:\/\/barrsell.com\/en\/product\/hygromatik-drain-hose-b-3401015\/\" \/>\n<meta property=\"og:site_name\" content=\"Barrsell\" \/>\n<meta property=\"article:modified_time\" content=\"2025-01-08T23:22:47+00:00\" \/>\n<meta property=\"og:image\" content=\"https:\/\/barrsell.com\/wp-content\/uploads\/2024\/08\/Hygromatik-Tahliye-Hortumu-B-3401015.png\" \/>\n\t<meta property=\"og:image:width\" content=\"1200\" \/>\n\t<meta property=\"og:image:height\" content=\"1200\" \/>\n\t<meta property=\"og:image:type\" content=\"image\/png\" \/>\n<meta name=\"twitter:card\" content=\"summary_large_image\" \/>\n<meta name=\"twitter:label1\" content=\"Est. reading time\" \/>\n\t<meta name=\"twitter:data1\" content=\"1 minute\" \/>\n<script type=\"application\/ld+json\" class=\"yoast-schema-graph\">{\"@context\":\"https:\/\/schema.org\",\"@graph\":[{\"@type\":\"WebPage\",\"@id\":\"https:\/\/barrsell.com\/urun\/hygromatik-tahliye-hortumu-b-3401015\/\",\"url\":\"https:\/\/barrsell.com\/urun\/hygromatik-tahliye-hortumu-b-3401015\/\",\"name\":\"Hygromatik Tahliye Hortumu B-3401015 Barrsell End\u00fcstri\",\"isPartOf\":{\"@id\":\"https:\/\/barrsell.com\/#website\"},\"primaryImageOfPage\":{\"@id\":\"https:\/\/barrsell.com\/urun\/hygromatik-tahliye-hortumu-b-3401015\/#primaryimage\"},\"image\":{\"@id\":\"https:\/\/barrsell.com\/urun\/hygromatik-tahliye-hortumu-b-3401015\/#primaryimage\"},\"thumbnailUrl\":\"https:\/\/barrsell.com\/wp-content\/uploads\/2024\/08\/Hygromatik-Tahliye-Hortumu-B-3401015.png\",\"datePublished\":\"2024-08-14T13:26:29+00:00\",\"dateModified\":\"2025-01-08T23:22:47+00:00\",\"description\":\"End\u00fcstriyel nemlendirme sistemlerinde kullan\u0131lan her bile\u015fenin \u00f6rne\u011fin Hygromatik Tahliye Hortumu B-3401015 , sistemin genel performans\u0131n\u0131\",\"breadcrumb\":{\"@id\":\"https:\/\/barrsell.com\/urun\/hygromatik-tahliye-hortumu-b-3401015\/#breadcrumb\"},\"inLanguage\":\"en-US\",\"potentialAction\":[{\"@type\":\"ReadAction\",\"target\":[\"https:\/\/barrsell.com\/urun\/hygromatik-tahliye-hortumu-b-3401015\/\"]}]},{\"@type\":\"ImageObject\",\"inLanguage\":\"en-US\",\"@id\":\"https:\/\/barrsell.com\/urun\/hygromatik-tahliye-hortumu-b-3401015\/#primaryimage\",\"url\":\"https:\/\/barrsell.com\/wp-content\/uploads\/2024\/08\/Hygromatik-Tahliye-Hortumu-B-3401015.png\",\"contentUrl\":\"https:\/\/barrsell.com\/wp-content\/uploads\/2024\/08\/Hygromatik-Tahliye-Hortumu-B-3401015.png\",\"width\":1200,\"height\":1200,\"caption\":\"Hygromatik-Tahliye-Hortumu-B-3401015\"},{\"@type\":\"BreadcrumbList\",\"@id\":\"https:\/\/barrsell.com\/urun\/hygromatik-tahliye-hortumu-b-3401015\/#breadcrumb\",\"itemListElement\":[{\"@type\":\"ListItem\",\"position\":1,\"name\":\"Home\",\"item\":\"https:\/\/barrsell.com\/\"},{\"@type\":\"ListItem\",\"position\":2,\"name\":\"\u00dcr\u00fcnler\",\"item\":\"https:\/\/barrsell.com\/en\/products\/\"},{\"@type\":\"ListItem\",\"position\":3,\"name\":\"Hygromatik Tahliye Hortumu B-3401015\"}]},{\"@type\":\"WebSite\",\"@id\":\"https:\/\/barrsell.com\/#website\",\"url\":\"https:\/\/barrsell.com\/\",\"name\":\"Barrsell End\u00fcstri Makine\",\"description\":\"Teknolojiyle G\u00fc\u00e7lenen End\u00fcstriyel \u00c7\u00f6z\u00fcmler!\",\"potentialAction\":[{\"@type\":\"SearchAction\",\"target\":{\"@type\":\"EntryPoint\",\"urlTemplate\":\"https:\/\/barrsell.com\/?s={search_term_string}\"},\"query-input\":\"required name=search_term_string\"}],\"inLanguage\":\"en-US\"}]}<\/script>\n<!-- \/ Yoast SEO Premium plugin. -->","yoast_head_json":{"title":"Hygromatik Tahliye Hortumu B-3401015 Barrsell End\u00fcstri","description":"End\u00fcstriyel nemlendirme sistemlerinde kullan\u0131lan her bile\u015fenin \u00f6rne\u011fin Hygromatik Tahliye Hortumu B-3401015 , sistemin genel performans\u0131n\u0131","robots":{"index":"index","follow":"follow","max-snippet":"max-snippet:-1","max-image-preview":"max-image-preview:large","max-video-preview":"max-video-preview:-1"},"canonical":"https:\/\/barrsell.com\/en\/product\/hygromatik-drain-hose-b-3401015\/","og_locale":"en_US","og_type":"article","og_title":"Hygromatik Tahliye Hortumu B-3401015","og_description":"End\u00fcstriyel nemlendirme sistemlerinde kullan\u0131lan her bile\u015fenin \u00f6rne\u011fin Hygromatik Tahliye Hortumu B-3401015 , sistemin genel performans\u0131n\u0131","og_url":"https:\/\/barrsell.com\/en\/product\/hygromatik-drain-hose-b-3401015\/","og_site_name":"Barrsell","article_modified_time":"2025-01-08T23:22:47+00:00","og_image":[{"width":1200,"height":1200,"url":"https:\/\/barrsell.com\/wp-content\/uploads\/2024\/08\/Hygromatik-Tahliye-Hortumu-B-3401015.png","type":"image\/png"}],"twitter_card":"summary_large_image","twitter_misc":{"Est. reading time":"1 minute"},"schema":{"@context":"https:\/\/schema.org","@graph":[{"@type":"WebPage","@id":"https:\/\/barrsell.com\/urun\/hygromatik-tahliye-hortumu-b-3401015\/","url":"https:\/\/barrsell.com\/urun\/hygromatik-tahliye-hortumu-b-3401015\/","name":"Hygromatik Tahliye Hortumu B-3401015 Barrsell End\u00fcstri","isPartOf":{"@id":"https:\/\/barrsell.com\/#website"},"primaryImageOfPage":{"@id":"https:\/\/barrsell.com\/urun\/hygromatik-tahliye-hortumu-b-3401015\/#primaryimage"},"image":{"@id":"https:\/\/barrsell.com\/urun\/hygromatik-tahliye-hortumu-b-3401015\/#primaryimage"},"thumbnailUrl":"https:\/\/barrsell.com\/wp-content\/uploads\/2024\/08\/Hygromatik-Tahliye-Hortumu-B-3401015.png","datePublished":"2024-08-14T13:26:29+00:00","dateModified":"2025-01-08T23:22:47+00:00","description":"End\u00fcstriyel nemlendirme sistemlerinde kullan\u0131lan her bile\u015fenin \u00f6rne\u011fin Hygromatik Tahliye Hortumu B-3401015 , sistemin genel performans\u0131n\u0131","breadcrumb":{"@id":"https:\/\/barrsell.com\/urun\/hygromatik-tahliye-hortumu-b-3401015\/#breadcrumb"},"inLanguage":"en-US","potentialAction":[{"@type":"ReadAction","target":["https:\/\/barrsell.com\/urun\/hygromatik-tahliye-hortumu-b-3401015\/"]}]},{"@type":"ImageObject","inLanguage":"en-US","@id":"https:\/\/barrsell.com\/urun\/hygromatik-tahliye-hortumu-b-3401015\/#primaryimage","url":"https:\/\/barrsell.com\/wp-content\/uploads\/2024\/08\/Hygromatik-Tahliye-Hortumu-B-3401015.png","contentUrl":"https:\/\/barrsell.com\/wp-content\/uploads\/2024\/08\/Hygromatik-Tahliye-Hortumu-B-3401015.png","width":1200,"height":1200,"caption":"Hygromatik-Tahliye-Hortumu-B-3401015"},{"@type":"BreadcrumbList","@id":"https:\/\/barrsell.com\/urun\/hygromatik-tahliye-hortumu-b-3401015\/#breadcrumb","itemListElement":[{"@type":"ListItem","position":1,"name":"Home","item":"https:\/\/barrsell.com\/"},{"@type":"ListItem","position":2,"name":"\u00dcr\u00fcnler","item":"https:\/\/barrsell.com\/en\/products\/"},{"@type":"ListItem","position":3,"name":"Hygromatik Tahliye Hortumu B-3401015"}]},{"@type":"WebSite","@id":"https:\/\/barrsell.com\/#website","url":"https:\/\/barrsell.com\/","name":"Barrsell End\u00fcstri Makine","description":"Teknolojiyle G\u00fc\u00e7lenen End\u00fcstriyel \u00c7\u00f6z\u00fcmler!","potentialAction":[{"@type":"SearchAction","target":{"@type":"EntryPoint","urlTemplate":"https:\/\/barrsell.com\/?s={search_term_string}"},"query-input":"required name=search_term_string"}],"inLanguage":"en-US"}]}},"_links":{"self":[{"href":"https:\/\/barrsell.com\/en\/wp-json\/wp\/v2\/product\/11796","targetHints":{"allow":["GET"]}}],"collection":[{"href":"https:\/\/barrsell.com\/en\/wp-json\/wp\/v2\/product"}],"about":[{"href":"https:\/\/barrsell.com\/en\/wp-json\/wp\/v2\/types\/product"}],"version-history":[{"count":7,"href":"https:\/\/barrsell.com\/en\/wp-json\/wp\/v2\/product\/11796\/revisions"}],"predecessor-version":[{"id":20036,"href":"https:\/\/barrsell.com\/en\/wp-json\/wp\/v2\/product\/11796\/revisions\/20036"}],"wp:featuredmedia":[{"embeddable":true,"href":"https:\/\/barrsell.com\/en\/wp-json\/wp\/v2\/media\/11797"}],"wp:attachment":[{"href":"https:\/\/barrsell.com\/en\/wp-json\/wp\/v2\/media?parent=11796"}],"wp:term":[{"taxonomy":"product_cat","embeddable":true,"href":"https:\/\/barrsell.com\/en\/wp-json\/wp\/v2\/product_cat?post=11796"},{"taxonomy":"product_tag","embeddable":true,"href":"https:\/\/barrsell.com\/en\/wp-json\/wp\/v2\/product_tag?post=11796"}],"curies":[{"name":"wp","href":"https:\/\/api.w.org\/{rel}","templated":true}]}}