{"id":11772,"date":"2024-08-14T12:43:28","date_gmt":"2024-08-14T12:43:28","guid":{"rendered":"https:\/\/barrsell.com\/?post_type=product&#038;p=11772"},"modified":"2025-01-08T23:47:03","modified_gmt":"2025-01-08T23:47:03","slug":"hygromatik-tahliye-hortumu-b-3401007","status":"publish","type":"product","link":"https:\/\/barrsell.com\/en\/product\/hygromatik-drain-hose-b-3401007\/","title":{"rendered":"Hygromatik Drain Hose B-3401007"},"content":{"rendered":"<h2><strong>Hygromatik Drain Hose B-3401007: Superior Solution For Industrial Humidification<\/strong><\/h2>\n<p>Hygromatik Drain Hose B-3401007 Efficiency and reliability in industrial humidification systems are directly related to the quality of the components used. And it is a durable and long-lasting product that provides the high performance needed in this field. Proper discharge of accumulated water and steam in humidifier systems is vital for the smooth operation of the system. Coded B-3401007, this drain hose is designed to perform this function optimally.<\/p>\n<table style=\"height: 93px;\" width=\"481\">\n<tbody>\n<tr>\n<td width=\"155\"><strong>CompactLine Elektrode<\/strong><\/td>\n<td width=\"140\"><strong>HeaterSlim Heizk\u00f6rper<\/strong><\/td>\n<\/tr>\n<tr>\n<td>C02<\/td>\n<td>HS06 HS10<\/td>\n<\/tr>\n<\/tbody>\n<\/table>\n<h4><strong>Efficient and Reliable Evacuation<\/strong><\/h4>\n<p>This drain hose allows efficient discharge of water and condensate in Hygromatik humidifier systems. In this way, you prevent the system from facing problems such as overheating or clogging. The B-3401007 ensures uninterrupted and efficient operation of your system by offering reliable evacuation performance.<\/p>\n<h4><strong>Features<\/strong><\/h4>\n<ul>\n<li><strong>High Durability:<\/strong> High temperature and pressure resistant structure made with materials suitable for industrial conditions.<\/li>\n<li><strong>Esnek Kurulum:<\/strong> Easy installation thanks to its flexible design and adapting to different ports.<\/li>\n<li><strong>Safe Evacuation:<\/strong> The safe and efficient discharge of water and steam contributes to the longevity of the system.<\/li>\n<li><strong>Maintenance Needed:<\/strong> Thanks to its durable structure, it reduces maintenance requirements and reduces operating costs.<\/li>\n<\/ul>","protected":false},"excerpt":{"rendered":"<div class=\"flex max-w-full flex-col flex-grow\">\n<div class=\"min-h-8 text-message flex w-full flex-col items-end gap-2 whitespace-normal break-words text-start [.text-message+&amp;]:mt-5\" dir=\"auto\" data-message-author-role=\"assistant\" data-message-id=\"052d2e3f-aab3-4078-90ca-fd46fa4202e6\" data-message-model-slug=\"gpt-4o\">\n<div class=\"flex w-full flex-col gap-1 empty:hidden first:pt-[3px]\">\n<div class=\"markdown prose w-full break-words dark:prose-invert light\">\n<p>Hygromatik C02 Compactline steam humidifier drain hose is an original spare part compatible with Pos6, Pos14, Pos15, Pos30 and Pos31 for water discharge.<\/p>\n<\/div>\n<\/div>\n<\/div>\n<\/div>\n<ul>\n<li>In order for the spare parts to be fully compatible with the device, in order to avoid confusion during the ordering phase, we recommend that you share the product label photo with us.<\/li>\n<\/ul>","protected":false},"featured_media":11780,"template":"","meta":[],"product_cat":[130],"product_tag":[],"class_list":{"0":"post-11772","1":"product","2":"type-product","3":"status-publish","4":"has-post-thumbnail","6":"product_cat-hygromatik-yedek-parcalari","8":"first","9":"instock","10":"shipping-taxable","11":"product-type-simple"},"yoast_head":"<!-- This site is optimized with the Yoast SEO Premium plugin v23.2 (Yoast SEO v23.2) - https:\/\/yoast.com\/wordpress\/plugins\/seo\/ -->\n<title>Hygromatik Tahliye Hortumu B-3401007 | Barrsell End\u00fcstri<\/title>\n<meta name=\"description\" content=\"Hygromatik Tahliye Hortumu B-3401007 end\u00fcstriyel nemlendirme sistemlerinde verimlilik ve g\u00fcvenilirlik, kullan\u0131lan bile\u015fenlerin kalitesiyle do\u011frudan\" \/>\n<meta name=\"robots\" content=\"index, follow, max-snippet:-1, max-image-preview:large, max-video-preview:-1\" \/>\n<link rel=\"canonical\" href=\"https:\/\/barrsell.com\/en\/product\/hygromatik-drain-hose-b-3401007\/\" \/>\n<meta property=\"og:locale\" content=\"en_US\" \/>\n<meta property=\"og:type\" content=\"article\" \/>\n<meta property=\"og:title\" content=\"Hygromatik Tahliye Hortumu B-3401007\" \/>\n<meta property=\"og:description\" content=\"Hygromatik Tahliye Hortumu B-3401007 end\u00fcstriyel nemlendirme sistemlerinde verimlilik ve g\u00fcvenilirlik, kullan\u0131lan bile\u015fenlerin kalitesiyle do\u011frudan\" \/>\n<meta property=\"og:url\" content=\"https:\/\/barrsell.com\/en\/product\/hygromatik-drain-hose-b-3401007\/\" \/>\n<meta property=\"og:site_name\" content=\"Barrsell\" \/>\n<meta property=\"article:modified_time\" content=\"2025-01-08T23:47:03+00:00\" \/>\n<meta property=\"og:image\" content=\"https:\/\/barrsell.com\/wp-content\/uploads\/2024\/08\/CompactLine-tahliye-hortumu.png\" \/>\n\t<meta property=\"og:image:width\" content=\"1200\" \/>\n\t<meta property=\"og:image:height\" content=\"1200\" \/>\n\t<meta property=\"og:image:type\" content=\"image\/png\" \/>\n<meta name=\"twitter:card\" content=\"summary_large_image\" \/>\n<meta name=\"twitter:label1\" content=\"Est. reading time\" \/>\n\t<meta name=\"twitter:data1\" content=\"2 minutes\" \/>\n<script type=\"application\/ld+json\" class=\"yoast-schema-graph\">{\"@context\":\"https:\/\/schema.org\",\"@graph\":[{\"@type\":\"WebPage\",\"@id\":\"https:\/\/barrsell.com\/urun\/hygromatik-tahliye-hortumu-b-3401007\/\",\"url\":\"https:\/\/barrsell.com\/urun\/hygromatik-tahliye-hortumu-b-3401007\/\",\"name\":\"Hygromatik Tahliye Hortumu B-3401007 | Barrsell End\u00fcstri\",\"isPartOf\":{\"@id\":\"https:\/\/barrsell.com\/#website\"},\"primaryImageOfPage\":{\"@id\":\"https:\/\/barrsell.com\/urun\/hygromatik-tahliye-hortumu-b-3401007\/#primaryimage\"},\"image\":{\"@id\":\"https:\/\/barrsell.com\/urun\/hygromatik-tahliye-hortumu-b-3401007\/#primaryimage\"},\"thumbnailUrl\":\"https:\/\/barrsell.com\/wp-content\/uploads\/2024\/08\/CompactLine-tahliye-hortumu.png\",\"datePublished\":\"2024-08-14T12:43:28+00:00\",\"dateModified\":\"2025-01-08T23:47:03+00:00\",\"description\":\"Hygromatik Tahliye Hortumu B-3401007 end\u00fcstriyel nemlendirme sistemlerinde verimlilik ve g\u00fcvenilirlik, kullan\u0131lan bile\u015fenlerin kalitesiyle do\u011frudan\",\"breadcrumb\":{\"@id\":\"https:\/\/barrsell.com\/urun\/hygromatik-tahliye-hortumu-b-3401007\/#breadcrumb\"},\"inLanguage\":\"en-US\",\"potentialAction\":[{\"@type\":\"ReadAction\",\"target\":[\"https:\/\/barrsell.com\/urun\/hygromatik-tahliye-hortumu-b-3401007\/\"]}]},{\"@type\":\"ImageObject\",\"inLanguage\":\"en-US\",\"@id\":\"https:\/\/barrsell.com\/urun\/hygromatik-tahliye-hortumu-b-3401007\/#primaryimage\",\"url\":\"https:\/\/barrsell.com\/wp-content\/uploads\/2024\/08\/CompactLine-tahliye-hortumu.png\",\"contentUrl\":\"https:\/\/barrsell.com\/wp-content\/uploads\/2024\/08\/CompactLine-tahliye-hortumu.png\",\"width\":1200,\"height\":1200,\"caption\":\"CompactLine-tahliye hortumu\"},{\"@type\":\"BreadcrumbList\",\"@id\":\"https:\/\/barrsell.com\/urun\/hygromatik-tahliye-hortumu-b-3401007\/#breadcrumb\",\"itemListElement\":[{\"@type\":\"ListItem\",\"position\":1,\"name\":\"Home\",\"item\":\"https:\/\/barrsell.com\/\"},{\"@type\":\"ListItem\",\"position\":2,\"name\":\"\u00dcr\u00fcnler\",\"item\":\"https:\/\/barrsell.com\/en\/products\/\"},{\"@type\":\"ListItem\",\"position\":3,\"name\":\"Hygromatik Tahliye Hortumu B-3401007\"}]},{\"@type\":\"WebSite\",\"@id\":\"https:\/\/barrsell.com\/#website\",\"url\":\"https:\/\/barrsell.com\/\",\"name\":\"Barrsell End\u00fcstri Makine\",\"description\":\"Teknolojiyle G\u00fc\u00e7lenen End\u00fcstriyel \u00c7\u00f6z\u00fcmler!\",\"potentialAction\":[{\"@type\":\"SearchAction\",\"target\":{\"@type\":\"EntryPoint\",\"urlTemplate\":\"https:\/\/barrsell.com\/?s={search_term_string}\"},\"query-input\":\"required name=search_term_string\"}],\"inLanguage\":\"en-US\"}]}<\/script>\n<!-- \/ Yoast SEO Premium plugin. -->","yoast_head_json":{"title":"Hygromatik Tahliye Hortumu B-3401007 | Barrsell End\u00fcstri","description":"Hygromatik Tahliye Hortumu B-3401007 end\u00fcstriyel nemlendirme sistemlerinde verimlilik ve g\u00fcvenilirlik, kullan\u0131lan bile\u015fenlerin kalitesiyle do\u011frudan","robots":{"index":"index","follow":"follow","max-snippet":"max-snippet:-1","max-image-preview":"max-image-preview:large","max-video-preview":"max-video-preview:-1"},"canonical":"https:\/\/barrsell.com\/en\/product\/hygromatik-drain-hose-b-3401007\/","og_locale":"en_US","og_type":"article","og_title":"Hygromatik Tahliye Hortumu B-3401007","og_description":"Hygromatik Tahliye Hortumu B-3401007 end\u00fcstriyel nemlendirme sistemlerinde verimlilik ve g\u00fcvenilirlik, kullan\u0131lan bile\u015fenlerin kalitesiyle do\u011frudan","og_url":"https:\/\/barrsell.com\/en\/product\/hygromatik-drain-hose-b-3401007\/","og_site_name":"Barrsell","article_modified_time":"2025-01-08T23:47:03+00:00","og_image":[{"width":1200,"height":1200,"url":"https:\/\/barrsell.com\/wp-content\/uploads\/2024\/08\/CompactLine-tahliye-hortumu.png","type":"image\/png"}],"twitter_card":"summary_large_image","twitter_misc":{"Est. reading time":"2 minutes"},"schema":{"@context":"https:\/\/schema.org","@graph":[{"@type":"WebPage","@id":"https:\/\/barrsell.com\/urun\/hygromatik-tahliye-hortumu-b-3401007\/","url":"https:\/\/barrsell.com\/urun\/hygromatik-tahliye-hortumu-b-3401007\/","name":"Hygromatik Tahliye Hortumu B-3401007 | Barrsell End\u00fcstri","isPartOf":{"@id":"https:\/\/barrsell.com\/#website"},"primaryImageOfPage":{"@id":"https:\/\/barrsell.com\/urun\/hygromatik-tahliye-hortumu-b-3401007\/#primaryimage"},"image":{"@id":"https:\/\/barrsell.com\/urun\/hygromatik-tahliye-hortumu-b-3401007\/#primaryimage"},"thumbnailUrl":"https:\/\/barrsell.com\/wp-content\/uploads\/2024\/08\/CompactLine-tahliye-hortumu.png","datePublished":"2024-08-14T12:43:28+00:00","dateModified":"2025-01-08T23:47:03+00:00","description":"Hygromatik Tahliye Hortumu B-3401007 end\u00fcstriyel nemlendirme sistemlerinde verimlilik ve g\u00fcvenilirlik, kullan\u0131lan bile\u015fenlerin kalitesiyle do\u011frudan","breadcrumb":{"@id":"https:\/\/barrsell.com\/urun\/hygromatik-tahliye-hortumu-b-3401007\/#breadcrumb"},"inLanguage":"en-US","potentialAction":[{"@type":"ReadAction","target":["https:\/\/barrsell.com\/urun\/hygromatik-tahliye-hortumu-b-3401007\/"]}]},{"@type":"ImageObject","inLanguage":"en-US","@id":"https:\/\/barrsell.com\/urun\/hygromatik-tahliye-hortumu-b-3401007\/#primaryimage","url":"https:\/\/barrsell.com\/wp-content\/uploads\/2024\/08\/CompactLine-tahliye-hortumu.png","contentUrl":"https:\/\/barrsell.com\/wp-content\/uploads\/2024\/08\/CompactLine-tahliye-hortumu.png","width":1200,"height":1200,"caption":"CompactLine-tahliye hortumu"},{"@type":"BreadcrumbList","@id":"https:\/\/barrsell.com\/urun\/hygromatik-tahliye-hortumu-b-3401007\/#breadcrumb","itemListElement":[{"@type":"ListItem","position":1,"name":"Home","item":"https:\/\/barrsell.com\/"},{"@type":"ListItem","position":2,"name":"\u00dcr\u00fcnler","item":"https:\/\/barrsell.com\/en\/products\/"},{"@type":"ListItem","position":3,"name":"Hygromatik Tahliye Hortumu B-3401007"}]},{"@type":"WebSite","@id":"https:\/\/barrsell.com\/#website","url":"https:\/\/barrsell.com\/","name":"Barrsell End\u00fcstri Makine","description":"Teknolojiyle G\u00fc\u00e7lenen End\u00fcstriyel \u00c7\u00f6z\u00fcmler!","potentialAction":[{"@type":"SearchAction","target":{"@type":"EntryPoint","urlTemplate":"https:\/\/barrsell.com\/?s={search_term_string}"},"query-input":"required name=search_term_string"}],"inLanguage":"en-US"}]}},"_links":{"self":[{"href":"https:\/\/barrsell.com\/en\/wp-json\/wp\/v2\/product\/11772","targetHints":{"allow":["GET"]}}],"collection":[{"href":"https:\/\/barrsell.com\/en\/wp-json\/wp\/v2\/product"}],"about":[{"href":"https:\/\/barrsell.com\/en\/wp-json\/wp\/v2\/types\/product"}],"version-history":[{"count":9,"href":"https:\/\/barrsell.com\/en\/wp-json\/wp\/v2\/product\/11772\/revisions"}],"predecessor-version":[{"id":20042,"href":"https:\/\/barrsell.com\/en\/wp-json\/wp\/v2\/product\/11772\/revisions\/20042"}],"wp:featuredmedia":[{"embeddable":true,"href":"https:\/\/barrsell.com\/en\/wp-json\/wp\/v2\/media\/11780"}],"wp:attachment":[{"href":"https:\/\/barrsell.com\/en\/wp-json\/wp\/v2\/media?parent=11772"}],"wp:term":[{"taxonomy":"product_cat","embeddable":true,"href":"https:\/\/barrsell.com\/en\/wp-json\/wp\/v2\/product_cat?post=11772"},{"taxonomy":"product_tag","embeddable":true,"href":"https:\/\/barrsell.com\/en\/wp-json\/wp\/v2\/product_tag?post=11772"}],"curies":[{"name":"wp","href":"https:\/\/api.w.org\/{rel}","templated":true}]}}