{"id":11765,"date":"2024-08-14T12:06:44","date_gmt":"2024-08-14T12:06:44","guid":{"rendered":"https:\/\/barrsell.com\/?post_type=product&#038;p=11765"},"modified":"2025-01-08T23:53:25","modified_gmt":"2025-01-08T23:53:25","slug":"hygromatik-buhar-jeneratoru-tahliye-hortumu","status":"publish","type":"product","link":"https:\/\/barrsell.com\/en\/product\/hygromatik-steam-generator-drain-hose\/","title":{"rendered":"HygroMatik Drain Hose B-3401005"},"content":{"rendered":"<h2><strong>HygroMatik Drain Hose B3401005<\/strong><\/h2>\n<div class=\"flex max-w-full flex-col flex-grow\">\n<div class=\"min-h-8 text-message flex w-full flex-col items-end gap-2 whitespace-normal break-words text-start [.text-message+&amp;]:mt-5\" dir=\"auto\" data-message-author-role=\"assistant\" data-message-id=\"8311f27d-a275-449b-843c-8f7e199729a0\" data-message-model-slug=\"gpt-4o\">\n<div class=\"flex w-full flex-col gap-1 empty:hidden first:pt-[3px]\">\n<div class=\"markdown prose w-full break-words dark:prose-invert light\">\n<p>HygroMatik Drain Hose B-3401005 has a wide range of uses, from industrial facilities to commercial buildings. Proper discharge of water vapor and condensate is critical for the systems to work smoothly. The Drain Hose System (B-3401005), specially designed for steam generators, provides high performance by reliably draining water vapor and condensate.<\/p>\n<\/div>\n<\/div>\n<\/div>\n<\/div>\n<table style=\"height: 70px;\" width=\"250\">\n<tbody>\n<tr>\n<td width=\"143\"><strong>CompactLine Elektrode<\/strong><\/td>\n<\/tr>\n<tr>\n<td>C01<\/td>\n<\/tr>\n<\/tbody>\n<\/table>\n<p><strong>Featured Features<\/strong><\/p>\n<ul>\n<li><strong>High Temperature Durability:<\/strong> Designed to withstand high temperature and pressure conditions of industrial steam generators.<\/li>\n<li><strong>Flexible Design:<\/strong> It provides ease of installation and adapts to different ports.<\/li>\n<li><strong>Long Lasting Use:<\/strong> Durable material construction reduces the need for maintenance and prolongs the life of the system.<\/li>\n<li><strong>Reliable Performance:<\/strong> Optimized for safe evacuation of steam and condensate.<\/li>\n<\/ul>","protected":false},"excerpt":{"rendered":"<div class=\"flex max-w-full flex-col flex-grow\">\n<div class=\"min-h-8 text-message flex w-full flex-col items-end gap-2 whitespace-normal break-words text-start [.text-message+&amp;]:mt-5\" dir=\"auto\" data-message-author-role=\"assistant\" data-message-id=\"fc382fc0-b13a-44b0-9995-05e69ba52387\" data-message-model-slug=\"gpt-4o\">\n<div class=\"flex w-full flex-col gap-1 empty:hidden first:pt-[3px]\">\n<div class=\"markdown prose w-full break-words dark:prose-invert light\">\n<p>Hygromatik C01 Compactline steam humidifier drain hose is original spare part compatible with Pos6, Pos14, Pos15, Pos30 and Pos31 for water drain.<\/p>\n<\/div>\n<\/div>\n<\/div>\n<\/div>\n<ul>\n<li>In order for the spare parts to be fully compatible with the device, in order to avoid confusion during the ordering phase, we recommend that you share the product label photo with us.<\/li>\n<\/ul>","protected":false},"featured_media":11768,"template":"","meta":[],"product_cat":[130],"product_tag":[243,241,254],"class_list":{"0":"post-11765","1":"product","2":"type-product","3":"status-publish","4":"has-post-thumbnail","6":"product_cat-hygromatik-yedek-parcalari","7":"product_tag-buharlinemlendirici","8":"product_tag-hygromatik","9":"product_tag-hygromatikyedekparca","11":"first","12":"instock","13":"shipping-taxable","14":"product-type-simple"},"yoast_head":"<!-- This site is optimized with the Yoast SEO Premium plugin v23.2 (Yoast SEO v23.2) - https:\/\/yoast.com\/wordpress\/plugins\/seo\/ -->\n<title>HygroMatik Tahliye Hortumu B-3401005 | Barrsell End\u00fcstri<\/title>\n<meta name=\"description\" content=\"HygroMatik Tahliye Hortumu B-3401005 buhar jenerat\u00f6rleri, end\u00fcstriyel tesislerden ticari binalara kadar geni\u015f bir kullan\u0131m alan\u0131na sahiptir.\" \/>\n<meta name=\"robots\" content=\"index, follow, max-snippet:-1, max-image-preview:large, max-video-preview:-1\" \/>\n<link rel=\"canonical\" href=\"https:\/\/barrsell.com\/en\/product\/hygromatik-steam-generator-drain-hose\/\" \/>\n<meta property=\"og:locale\" content=\"en_US\" \/>\n<meta property=\"og:type\" content=\"article\" \/>\n<meta property=\"og:title\" content=\"HygroMatik Tahliye Hortumu B-3401005\" \/>\n<meta property=\"og:description\" content=\"HygroMatik Tahliye Hortumu B-3401005 buhar jenerat\u00f6rleri, end\u00fcstriyel tesislerden ticari binalara kadar geni\u015f bir kullan\u0131m alan\u0131na sahiptir.\" \/>\n<meta property=\"og:url\" content=\"https:\/\/barrsell.com\/en\/product\/hygromatik-steam-generator-drain-hose\/\" \/>\n<meta property=\"og:site_name\" content=\"Barrsell\" \/>\n<meta property=\"article:modified_time\" content=\"2025-01-08T23:53:25+00:00\" \/>\n<meta property=\"og:image\" content=\"https:\/\/barrsell.com\/wp-content\/uploads\/2024\/08\/HygroMatik-Buhar-Jeneratoru-Tahliye-Hortumu.png\" \/>\n\t<meta property=\"og:image:width\" content=\"1200\" \/>\n\t<meta property=\"og:image:height\" content=\"1200\" \/>\n\t<meta property=\"og:image:type\" content=\"image\/png\" \/>\n<meta name=\"twitter:card\" content=\"summary_large_image\" \/>\n<meta name=\"twitter:label1\" content=\"Est. reading time\" \/>\n\t<meta name=\"twitter:data1\" content=\"1 minute\" \/>\n<script type=\"application\/ld+json\" class=\"yoast-schema-graph\">{\"@context\":\"https:\/\/schema.org\",\"@graph\":[{\"@type\":\"WebPage\",\"@id\":\"https:\/\/barrsell.com\/urun\/hygromatik-buhar-jeneratoru-tahliye-hortumu\/\",\"url\":\"https:\/\/barrsell.com\/urun\/hygromatik-buhar-jeneratoru-tahliye-hortumu\/\",\"name\":\"HygroMatik Tahliye Hortumu B-3401005 | Barrsell End\u00fcstri\",\"isPartOf\":{\"@id\":\"https:\/\/barrsell.com\/#website\"},\"primaryImageOfPage\":{\"@id\":\"https:\/\/barrsell.com\/urun\/hygromatik-buhar-jeneratoru-tahliye-hortumu\/#primaryimage\"},\"image\":{\"@id\":\"https:\/\/barrsell.com\/urun\/hygromatik-buhar-jeneratoru-tahliye-hortumu\/#primaryimage\"},\"thumbnailUrl\":\"https:\/\/barrsell.com\/wp-content\/uploads\/2024\/08\/HygroMatik-Buhar-Jeneratoru-Tahliye-Hortumu.png\",\"datePublished\":\"2024-08-14T12:06:44+00:00\",\"dateModified\":\"2025-01-08T23:53:25+00:00\",\"description\":\"HygroMatik Tahliye Hortumu B-3401005 buhar jenerat\u00f6rleri, end\u00fcstriyel tesislerden ticari binalara kadar geni\u015f bir kullan\u0131m alan\u0131na sahiptir.\",\"breadcrumb\":{\"@id\":\"https:\/\/barrsell.com\/urun\/hygromatik-buhar-jeneratoru-tahliye-hortumu\/#breadcrumb\"},\"inLanguage\":\"en-US\",\"potentialAction\":[{\"@type\":\"ReadAction\",\"target\":[\"https:\/\/barrsell.com\/urun\/hygromatik-buhar-jeneratoru-tahliye-hortumu\/\"]}]},{\"@type\":\"ImageObject\",\"inLanguage\":\"en-US\",\"@id\":\"https:\/\/barrsell.com\/urun\/hygromatik-buhar-jeneratoru-tahliye-hortumu\/#primaryimage\",\"url\":\"https:\/\/barrsell.com\/wp-content\/uploads\/2024\/08\/HygroMatik-Buhar-Jeneratoru-Tahliye-Hortumu.png\",\"contentUrl\":\"https:\/\/barrsell.com\/wp-content\/uploads\/2024\/08\/HygroMatik-Buhar-Jeneratoru-Tahliye-Hortumu.png\",\"width\":1200,\"height\":1200,\"caption\":\"HygroMatik-Buhar Jenerat\u00f6r\u00fc-Tahliye-Hortumu\"},{\"@type\":\"BreadcrumbList\",\"@id\":\"https:\/\/barrsell.com\/urun\/hygromatik-buhar-jeneratoru-tahliye-hortumu\/#breadcrumb\",\"itemListElement\":[{\"@type\":\"ListItem\",\"position\":1,\"name\":\"Home\",\"item\":\"https:\/\/barrsell.com\/\"},{\"@type\":\"ListItem\",\"position\":2,\"name\":\"\u00dcr\u00fcnler\",\"item\":\"https:\/\/barrsell.com\/en\/products\/\"},{\"@type\":\"ListItem\",\"position\":3,\"name\":\"HygroMatik Tahliye Hortumu B-3401005\"}]},{\"@type\":\"WebSite\",\"@id\":\"https:\/\/barrsell.com\/#website\",\"url\":\"https:\/\/barrsell.com\/\",\"name\":\"Barrsell End\u00fcstri Makine\",\"description\":\"Teknolojiyle G\u00fc\u00e7lenen End\u00fcstriyel \u00c7\u00f6z\u00fcmler!\",\"potentialAction\":[{\"@type\":\"SearchAction\",\"target\":{\"@type\":\"EntryPoint\",\"urlTemplate\":\"https:\/\/barrsell.com\/?s={search_term_string}\"},\"query-input\":\"required name=search_term_string\"}],\"inLanguage\":\"en-US\"}]}<\/script>\n<!-- \/ Yoast SEO Premium plugin. -->","yoast_head_json":{"title":"HygroMatik Tahliye Hortumu B-3401005 | Barrsell End\u00fcstri","description":"HygroMatik Tahliye Hortumu B-3401005 buhar jenerat\u00f6rleri, end\u00fcstriyel tesislerden ticari binalara kadar geni\u015f bir kullan\u0131m alan\u0131na sahiptir.","robots":{"index":"index","follow":"follow","max-snippet":"max-snippet:-1","max-image-preview":"max-image-preview:large","max-video-preview":"max-video-preview:-1"},"canonical":"https:\/\/barrsell.com\/en\/product\/hygromatik-steam-generator-drain-hose\/","og_locale":"en_US","og_type":"article","og_title":"HygroMatik Tahliye Hortumu B-3401005","og_description":"HygroMatik Tahliye Hortumu B-3401005 buhar jenerat\u00f6rleri, end\u00fcstriyel tesislerden ticari binalara kadar geni\u015f bir kullan\u0131m alan\u0131na sahiptir.","og_url":"https:\/\/barrsell.com\/en\/product\/hygromatik-steam-generator-drain-hose\/","og_site_name":"Barrsell","article_modified_time":"2025-01-08T23:53:25+00:00","og_image":[{"width":1200,"height":1200,"url":"https:\/\/barrsell.com\/wp-content\/uploads\/2024\/08\/HygroMatik-Buhar-Jeneratoru-Tahliye-Hortumu.png","type":"image\/png"}],"twitter_card":"summary_large_image","twitter_misc":{"Est. reading time":"1 minute"},"schema":{"@context":"https:\/\/schema.org","@graph":[{"@type":"WebPage","@id":"https:\/\/barrsell.com\/urun\/hygromatik-buhar-jeneratoru-tahliye-hortumu\/","url":"https:\/\/barrsell.com\/urun\/hygromatik-buhar-jeneratoru-tahliye-hortumu\/","name":"HygroMatik Tahliye Hortumu B-3401005 | Barrsell End\u00fcstri","isPartOf":{"@id":"https:\/\/barrsell.com\/#website"},"primaryImageOfPage":{"@id":"https:\/\/barrsell.com\/urun\/hygromatik-buhar-jeneratoru-tahliye-hortumu\/#primaryimage"},"image":{"@id":"https:\/\/barrsell.com\/urun\/hygromatik-buhar-jeneratoru-tahliye-hortumu\/#primaryimage"},"thumbnailUrl":"https:\/\/barrsell.com\/wp-content\/uploads\/2024\/08\/HygroMatik-Buhar-Jeneratoru-Tahliye-Hortumu.png","datePublished":"2024-08-14T12:06:44+00:00","dateModified":"2025-01-08T23:53:25+00:00","description":"HygroMatik Tahliye Hortumu B-3401005 buhar jenerat\u00f6rleri, end\u00fcstriyel tesislerden ticari binalara kadar geni\u015f bir kullan\u0131m alan\u0131na sahiptir.","breadcrumb":{"@id":"https:\/\/barrsell.com\/urun\/hygromatik-buhar-jeneratoru-tahliye-hortumu\/#breadcrumb"},"inLanguage":"en-US","potentialAction":[{"@type":"ReadAction","target":["https:\/\/barrsell.com\/urun\/hygromatik-buhar-jeneratoru-tahliye-hortumu\/"]}]},{"@type":"ImageObject","inLanguage":"en-US","@id":"https:\/\/barrsell.com\/urun\/hygromatik-buhar-jeneratoru-tahliye-hortumu\/#primaryimage","url":"https:\/\/barrsell.com\/wp-content\/uploads\/2024\/08\/HygroMatik-Buhar-Jeneratoru-Tahliye-Hortumu.png","contentUrl":"https:\/\/barrsell.com\/wp-content\/uploads\/2024\/08\/HygroMatik-Buhar-Jeneratoru-Tahliye-Hortumu.png","width":1200,"height":1200,"caption":"HygroMatik-Buhar Jenerat\u00f6r\u00fc-Tahliye-Hortumu"},{"@type":"BreadcrumbList","@id":"https:\/\/barrsell.com\/urun\/hygromatik-buhar-jeneratoru-tahliye-hortumu\/#breadcrumb","itemListElement":[{"@type":"ListItem","position":1,"name":"Home","item":"https:\/\/barrsell.com\/"},{"@type":"ListItem","position":2,"name":"\u00dcr\u00fcnler","item":"https:\/\/barrsell.com\/en\/products\/"},{"@type":"ListItem","position":3,"name":"HygroMatik Tahliye Hortumu B-3401005"}]},{"@type":"WebSite","@id":"https:\/\/barrsell.com\/#website","url":"https:\/\/barrsell.com\/","name":"Barrsell End\u00fcstri Makine","description":"Teknolojiyle G\u00fc\u00e7lenen End\u00fcstriyel \u00c7\u00f6z\u00fcmler!","potentialAction":[{"@type":"SearchAction","target":{"@type":"EntryPoint","urlTemplate":"https:\/\/barrsell.com\/?s={search_term_string}"},"query-input":"required name=search_term_string"}],"inLanguage":"en-US"}]}},"_links":{"self":[{"href":"https:\/\/barrsell.com\/en\/wp-json\/wp\/v2\/product\/11765","targetHints":{"allow":["GET"]}}],"collection":[{"href":"https:\/\/barrsell.com\/en\/wp-json\/wp\/v2\/product"}],"about":[{"href":"https:\/\/barrsell.com\/en\/wp-json\/wp\/v2\/types\/product"}],"version-history":[{"count":6,"href":"https:\/\/barrsell.com\/en\/wp-json\/wp\/v2\/product\/11765\/revisions"}],"predecessor-version":[{"id":20043,"href":"https:\/\/barrsell.com\/en\/wp-json\/wp\/v2\/product\/11765\/revisions\/20043"}],"wp:featuredmedia":[{"embeddable":true,"href":"https:\/\/barrsell.com\/en\/wp-json\/wp\/v2\/media\/11768"}],"wp:attachment":[{"href":"https:\/\/barrsell.com\/en\/wp-json\/wp\/v2\/media?parent=11765"}],"wp:term":[{"taxonomy":"product_cat","embeddable":true,"href":"https:\/\/barrsell.com\/en\/wp-json\/wp\/v2\/product_cat?post=11765"},{"taxonomy":"product_tag","embeddable":true,"href":"https:\/\/barrsell.com\/en\/wp-json\/wp\/v2\/product_tag?post=11765"}],"curies":[{"name":"wp","href":"https:\/\/api.w.org\/{rel}","templated":true}]}}