{"id":11758,"date":"2024-08-14T11:21:10","date_gmt":"2024-08-14T11:21:10","guid":{"rendered":"https:\/\/barrsell.com\/?post_type=product&#038;p=11758"},"modified":"2025-01-09T00:03:53","modified_gmt":"2025-01-09T00:03:53","slug":"hygromatik-compactline-tahliye-hortumu","status":"publish","type":"product","link":"https:\/\/barrsell.com\/en\/product\/hygromatik-compactline-drain-hose\/","title":{"rendered":"Hygromatik Drain Hose E-2420423"},"content":{"rendered":"<div class=\"flex max-w-full flex-col flex-grow\">\n<div class=\"min-h-8 text-message flex w-full flex-col items-end gap-2 whitespace-normal break-words text-start [.text-message+&amp;]:mt-5\" dir=\"auto\" data-message-author-role=\"assistant\" data-message-id=\"12f043d2-eeb5-40e9-9362-eadf355ddfa3\" data-message-model-slug=\"gpt-4o-mini\">\n<div class=\"flex w-full flex-col gap-1 empty:hidden first:pt-[3px]\">\n<div class=\"markdown prose w-full break-words dark:prose-invert light\">\n<div class=\"flex max-w-full flex-col flex-grow\">\n<div class=\"min-h-8 text-message flex w-full flex-col items-end gap-2 whitespace-normal break-words text-start [.text-message+&amp;]:mt-5\" dir=\"auto\" data-message-author-role=\"assistant\" data-message-id=\"63479444-95f8-4d35-9e8c-874e79b071d6\" data-message-model-slug=\"gpt-4o-mini\">\n<div class=\"flex w-full flex-col gap-1 empty:hidden first:pt-[3px]\">\n<div class=\"markdown prose w-full break-words dark:prose-invert light\">\n<h2>Hygromatik Drain Hose E-2420423<\/h2>\n<p>Hygromatic Drain Hose E-2420423 provides safe evacuation of water vapor and condensate in industrial humidification systems. This high-quality product contributes to the efficient operation of systems. This high-quality product ensures efficient operation of systems. Perfectly matched with steam generators and humidifiers, improving efficiency.<\/p>\n<\/div>\n<\/div>\n<\/div>\n<\/div>\n<\/div>\n<\/div>\n<\/div>\n<\/div>\n<table style=\"height: 165px;\" width=\"872\">\n<tbody>\n<tr>\n<td width=\"143\"><strong>CompactLine Elektrode<\/strong><\/td>\n<td width=\"118\"><strong>FlexLine Elektrode<\/strong><\/td>\n<td width=\"98\"><strong>FlexLine Plus<\/strong><\/td>\n<td width=\"155\"><strong>StandardLine Elektrode<\/strong><\/td>\n<td width=\"140\"><strong>Hyline electrode<\/strong><\/td>\n<td width=\"149\"><strong>MiniSteam Electrode<\/strong><\/td>\n<\/tr>\n<tr>\n<td colspan=\"6\">C01 C02 C06 C10 C17 C22 C30 C45 C58 FLE05 FLE10 FLE15 FLE20 FLE25 FLE30 FLE40 FLE50 FLE65 FLE80 FLE100 FLE130 SLE02 SLE05<\/td>\n<\/tr>\n<tr>\n<td colspan=\"6\">SLE10 SLE15 SLE20 SLE30 SLE45 SLE65 HS06 HS10 HY05 HY08 HY13 HY17 HY23 HY30 HY45 HY60 HY90 HY116 MSE05 MSE10 MS05 MS10<\/td>\n<\/tr>\n<\/tbody>\n<\/table>\n<h4>Assurance of Industrial Humidification<\/h4>\n<p>This drainage hose of hygromatic  \u2047  provides easy installation with both durable material and flexible structure. And thus offers long-lasting use. Resistant to high temperatures and pressure, this hose minimizes the maintenance needs of your humidification system. This allows you to reduce maintenance costs while increasing the efficiency of your business. If you want your Hygromatic humidifier system to work with maximum efficiency, this device is the ideal choice for you.<\/p>","protected":false},"excerpt":{"rendered":"<div class=\"flex max-w-full flex-col flex-grow\">\n<div class=\"min-h-8 text-message flex w-full flex-col items-end gap-2 whitespace-normal break-words text-start [.text-message+&amp;]:mt-5\" dir=\"auto\" data-message-author-role=\"assistant\" data-message-id=\"c9f92dc0-d1e4-4bb4-923c-71435397e7bf\" data-message-model-slug=\"gpt-4o-mini\">\n<div class=\"flex w-full flex-col gap-1 empty:hidden first:pt-[3px]\">\n<div class=\"markdown prose w-full break-words dark:prose-invert light\">\n<p>Hygromatik C01 Compactline steam humidifier\/steam generator drain hose is the original spare part for 1 1\/4 inch water discharge, is C02, C06, C10, C17, C22, C30, etc, Compatible with C45 and C58 models.<\/p>\n<\/div>\n<\/div>\n<\/div>\n<\/div>\n<ul>\n<li>In order for the spare parts to be fully compatible with the device, in order to avoid confusion during the ordering phase, we recommend that you share the product label photo with us.<\/li>\n<\/ul>","protected":false},"featured_media":11762,"template":"","meta":[],"product_cat":[130],"product_tag":[241,254],"class_list":{"0":"post-11758","1":"product","2":"type-product","3":"status-publish","4":"has-post-thumbnail","6":"product_cat-hygromatik-yedek-parcalari","7":"product_tag-hygromatik","8":"product_tag-hygromatikyedekparca","10":"first","11":"instock","12":"shipping-taxable","13":"product-type-simple"},"yoast_head":"<!-- This site is optimized with the Yoast SEO Premium plugin v23.2 (Yoast SEO v23.2) - https:\/\/yoast.com\/wordpress\/plugins\/seo\/ -->\n<title>Hygromatik Tahliye Hortumu E-2420423 | Barrsell End\u00fcstri<\/title>\n<meta name=\"description\" content=\"Hygromatik Tahliye Hortumu E-2420423 end\u00fcstriyel nemlendirme sistemlerinde, her bir bile\u015fenin m\u00fckemmel \u00e7al\u0131\u015fmas\u0131 hayati \u00f6nem ta\u015f\u0131r.\" \/>\n<meta name=\"robots\" content=\"index, follow, max-snippet:-1, max-image-preview:large, max-video-preview:-1\" \/>\n<link rel=\"canonical\" href=\"https:\/\/barrsell.com\/en\/product\/hygromatik-compactline-drain-hose\/\" \/>\n<meta property=\"og:locale\" content=\"en_US\" \/>\n<meta property=\"og:type\" content=\"article\" \/>\n<meta property=\"og:title\" content=\"Hygromatik Tahliye Hortumu E-2420423\" \/>\n<meta property=\"og:description\" content=\"Hygromatik Tahliye Hortumu E-2420423 end\u00fcstriyel nemlendirme sistemlerinde, her bir bile\u015fenin m\u00fckemmel \u00e7al\u0131\u015fmas\u0131 hayati \u00f6nem ta\u015f\u0131r.\" \/>\n<meta property=\"og:url\" content=\"https:\/\/barrsell.com\/en\/product\/hygromatik-compactline-drain-hose\/\" \/>\n<meta property=\"og:site_name\" content=\"Barrsell\" \/>\n<meta property=\"article:modified_time\" content=\"2025-01-09T00:03:53+00:00\" \/>\n<meta property=\"og:image\" content=\"https:\/\/barrsell.com\/wp-content\/uploads\/2024\/08\/Hygromatik-Compactline-Tahliye-Hortumu.png\" \/>\n\t<meta property=\"og:image:width\" content=\"1200\" \/>\n\t<meta property=\"og:image:height\" content=\"1200\" \/>\n\t<meta property=\"og:image:type\" content=\"image\/png\" \/>\n<meta name=\"twitter:card\" content=\"summary_large_image\" \/>\n<meta name=\"twitter:label1\" content=\"Est. reading time\" \/>\n\t<meta name=\"twitter:data1\" content=\"2 minutes\" \/>\n<script type=\"application\/ld+json\" class=\"yoast-schema-graph\">{\"@context\":\"https:\/\/schema.org\",\"@graph\":[{\"@type\":\"WebPage\",\"@id\":\"https:\/\/barrsell.com\/urun\/hygromatik-compactline-tahliye-hortumu\/\",\"url\":\"https:\/\/barrsell.com\/urun\/hygromatik-compactline-tahliye-hortumu\/\",\"name\":\"Hygromatik Tahliye Hortumu E-2420423 | Barrsell End\u00fcstri\",\"isPartOf\":{\"@id\":\"https:\/\/barrsell.com\/#website\"},\"primaryImageOfPage\":{\"@id\":\"https:\/\/barrsell.com\/urun\/hygromatik-compactline-tahliye-hortumu\/#primaryimage\"},\"image\":{\"@id\":\"https:\/\/barrsell.com\/urun\/hygromatik-compactline-tahliye-hortumu\/#primaryimage\"},\"thumbnailUrl\":\"https:\/\/barrsell.com\/wp-content\/uploads\/2024\/08\/Hygromatik-Compactline-Tahliye-Hortumu.png\",\"datePublished\":\"2024-08-14T11:21:10+00:00\",\"dateModified\":\"2025-01-09T00:03:53+00:00\",\"description\":\"Hygromatik Tahliye Hortumu E-2420423 end\u00fcstriyel nemlendirme sistemlerinde, her bir bile\u015fenin m\u00fckemmel \u00e7al\u0131\u015fmas\u0131 hayati \u00f6nem ta\u015f\u0131r.\",\"breadcrumb\":{\"@id\":\"https:\/\/barrsell.com\/urun\/hygromatik-compactline-tahliye-hortumu\/#breadcrumb\"},\"inLanguage\":\"en-US\",\"potentialAction\":[{\"@type\":\"ReadAction\",\"target\":[\"https:\/\/barrsell.com\/urun\/hygromatik-compactline-tahliye-hortumu\/\"]}]},{\"@type\":\"ImageObject\",\"inLanguage\":\"en-US\",\"@id\":\"https:\/\/barrsell.com\/urun\/hygromatik-compactline-tahliye-hortumu\/#primaryimage\",\"url\":\"https:\/\/barrsell.com\/wp-content\/uploads\/2024\/08\/Hygromatik-Compactline-Tahliye-Hortumu.png\",\"contentUrl\":\"https:\/\/barrsell.com\/wp-content\/uploads\/2024\/08\/Hygromatik-Compactline-Tahliye-Hortumu.png\",\"width\":1200,\"height\":1200,\"caption\":\"Hygromatik- Compactline-Tahliye-Hortumu\"},{\"@type\":\"BreadcrumbList\",\"@id\":\"https:\/\/barrsell.com\/urun\/hygromatik-compactline-tahliye-hortumu\/#breadcrumb\",\"itemListElement\":[{\"@type\":\"ListItem\",\"position\":1,\"name\":\"Home\",\"item\":\"https:\/\/barrsell.com\/\"},{\"@type\":\"ListItem\",\"position\":2,\"name\":\"\u00dcr\u00fcnler\",\"item\":\"https:\/\/barrsell.com\/en\/products\/\"},{\"@type\":\"ListItem\",\"position\":3,\"name\":\"Hygromatik Tahliye Hortumu E-2420423\"}]},{\"@type\":\"WebSite\",\"@id\":\"https:\/\/barrsell.com\/#website\",\"url\":\"https:\/\/barrsell.com\/\",\"name\":\"Barrsell End\u00fcstri Makine\",\"description\":\"Teknolojiyle G\u00fc\u00e7lenen End\u00fcstriyel \u00c7\u00f6z\u00fcmler!\",\"potentialAction\":[{\"@type\":\"SearchAction\",\"target\":{\"@type\":\"EntryPoint\",\"urlTemplate\":\"https:\/\/barrsell.com\/?s={search_term_string}\"},\"query-input\":\"required name=search_term_string\"}],\"inLanguage\":\"en-US\"}]}<\/script>\n<!-- \/ Yoast SEO Premium plugin. -->","yoast_head_json":{"title":"Hygromatik Tahliye Hortumu E-2420423 | Barrsell End\u00fcstri","description":"Hygromatik Tahliye Hortumu E-2420423 end\u00fcstriyel nemlendirme sistemlerinde, her bir bile\u015fenin m\u00fckemmel \u00e7al\u0131\u015fmas\u0131 hayati \u00f6nem ta\u015f\u0131r.","robots":{"index":"index","follow":"follow","max-snippet":"max-snippet:-1","max-image-preview":"max-image-preview:large","max-video-preview":"max-video-preview:-1"},"canonical":"https:\/\/barrsell.com\/en\/product\/hygromatik-compactline-drain-hose\/","og_locale":"en_US","og_type":"article","og_title":"Hygromatik Tahliye Hortumu E-2420423","og_description":"Hygromatik Tahliye Hortumu E-2420423 end\u00fcstriyel nemlendirme sistemlerinde, her bir bile\u015fenin m\u00fckemmel \u00e7al\u0131\u015fmas\u0131 hayati \u00f6nem ta\u015f\u0131r.","og_url":"https:\/\/barrsell.com\/en\/product\/hygromatik-compactline-drain-hose\/","og_site_name":"Barrsell","article_modified_time":"2025-01-09T00:03:53+00:00","og_image":[{"width":1200,"height":1200,"url":"https:\/\/barrsell.com\/wp-content\/uploads\/2024\/08\/Hygromatik-Compactline-Tahliye-Hortumu.png","type":"image\/png"}],"twitter_card":"summary_large_image","twitter_misc":{"Est. reading time":"2 minutes"},"schema":{"@context":"https:\/\/schema.org","@graph":[{"@type":"WebPage","@id":"https:\/\/barrsell.com\/urun\/hygromatik-compactline-tahliye-hortumu\/","url":"https:\/\/barrsell.com\/urun\/hygromatik-compactline-tahliye-hortumu\/","name":"Hygromatik Tahliye Hortumu E-2420423 | Barrsell End\u00fcstri","isPartOf":{"@id":"https:\/\/barrsell.com\/#website"},"primaryImageOfPage":{"@id":"https:\/\/barrsell.com\/urun\/hygromatik-compactline-tahliye-hortumu\/#primaryimage"},"image":{"@id":"https:\/\/barrsell.com\/urun\/hygromatik-compactline-tahliye-hortumu\/#primaryimage"},"thumbnailUrl":"https:\/\/barrsell.com\/wp-content\/uploads\/2024\/08\/Hygromatik-Compactline-Tahliye-Hortumu.png","datePublished":"2024-08-14T11:21:10+00:00","dateModified":"2025-01-09T00:03:53+00:00","description":"Hygromatik Tahliye Hortumu E-2420423 end\u00fcstriyel nemlendirme sistemlerinde, her bir bile\u015fenin m\u00fckemmel \u00e7al\u0131\u015fmas\u0131 hayati \u00f6nem ta\u015f\u0131r.","breadcrumb":{"@id":"https:\/\/barrsell.com\/urun\/hygromatik-compactline-tahliye-hortumu\/#breadcrumb"},"inLanguage":"en-US","potentialAction":[{"@type":"ReadAction","target":["https:\/\/barrsell.com\/urun\/hygromatik-compactline-tahliye-hortumu\/"]}]},{"@type":"ImageObject","inLanguage":"en-US","@id":"https:\/\/barrsell.com\/urun\/hygromatik-compactline-tahliye-hortumu\/#primaryimage","url":"https:\/\/barrsell.com\/wp-content\/uploads\/2024\/08\/Hygromatik-Compactline-Tahliye-Hortumu.png","contentUrl":"https:\/\/barrsell.com\/wp-content\/uploads\/2024\/08\/Hygromatik-Compactline-Tahliye-Hortumu.png","width":1200,"height":1200,"caption":"Hygromatik- Compactline-Tahliye-Hortumu"},{"@type":"BreadcrumbList","@id":"https:\/\/barrsell.com\/urun\/hygromatik-compactline-tahliye-hortumu\/#breadcrumb","itemListElement":[{"@type":"ListItem","position":1,"name":"Home","item":"https:\/\/barrsell.com\/"},{"@type":"ListItem","position":2,"name":"\u00dcr\u00fcnler","item":"https:\/\/barrsell.com\/en\/products\/"},{"@type":"ListItem","position":3,"name":"Hygromatik Tahliye Hortumu E-2420423"}]},{"@type":"WebSite","@id":"https:\/\/barrsell.com\/#website","url":"https:\/\/barrsell.com\/","name":"Barrsell End\u00fcstri Makine","description":"Teknolojiyle G\u00fc\u00e7lenen End\u00fcstriyel \u00c7\u00f6z\u00fcmler!","potentialAction":[{"@type":"SearchAction","target":{"@type":"EntryPoint","urlTemplate":"https:\/\/barrsell.com\/?s={search_term_string}"},"query-input":"required name=search_term_string"}],"inLanguage":"en-US"}]}},"_links":{"self":[{"href":"https:\/\/barrsell.com\/en\/wp-json\/wp\/v2\/product\/11758","targetHints":{"allow":["GET"]}}],"collection":[{"href":"https:\/\/barrsell.com\/en\/wp-json\/wp\/v2\/product"}],"about":[{"href":"https:\/\/barrsell.com\/en\/wp-json\/wp\/v2\/types\/product"}],"version-history":[{"count":11,"href":"https:\/\/barrsell.com\/en\/wp-json\/wp\/v2\/product\/11758\/revisions"}],"predecessor-version":[{"id":20045,"href":"https:\/\/barrsell.com\/en\/wp-json\/wp\/v2\/product\/11758\/revisions\/20045"}],"wp:featuredmedia":[{"embeddable":true,"href":"https:\/\/barrsell.com\/en\/wp-json\/wp\/v2\/media\/11762"}],"wp:attachment":[{"href":"https:\/\/barrsell.com\/en\/wp-json\/wp\/v2\/media?parent=11758"}],"wp:term":[{"taxonomy":"product_cat","embeddable":true,"href":"https:\/\/barrsell.com\/en\/wp-json\/wp\/v2\/product_cat?post=11758"},{"taxonomy":"product_tag","embeddable":true,"href":"https:\/\/barrsell.com\/en\/wp-json\/wp\/v2\/product_tag?post=11758"}],"curies":[{"name":"wp","href":"https:\/\/api.w.org\/{rel}","templated":true}]}}