{"id":11570,"date":"2024-08-12T13:47:01","date_gmt":"2024-08-12T13:47:01","guid":{"rendered":"https:\/\/barrsell.com\/?post_type=product&#038;p=11570"},"modified":"2025-01-09T00:26:11","modified_gmt":"2025-01-09T00:26:11","slug":"pego-es-oem-serisi","status":"publish","type":"product","link":"https:\/\/barrsell.com\/en\/product\/pego-es-oem-serisi\/","title":{"rendered":"Pego ES-OEM Series"},"content":{"rendered":"<h2>PEGO ES-OEM Series Electrode Steam Humidifier<\/h2>\n<p>The Pego ES-OEM Series offers an excellent solution for industrial applications with its compact dimensions and flexible installation features. Steam humidifier technology with immersion electrode ensures reliable and efficient humidification.<\/p>\n<h4>Key features<\/h4>\n<p>Compact Design: With space-saving structure, you can integrate it into all kinds of air treatment units.<br \/>\nPaslanmaz \u00c7elik Yap\u0131: Dayan\u0131kl\u0131 ve uzun \u00f6m\u00fcrl\u00fc malzeme kullan\u0131m\u0131, bak\u0131m gereksinimlerini en aza indirir.<br \/>\nSilindir Kolay De\u011fi\u015fim: H\u0131zl\u0131 bak\u0131m ve de\u011fi\u015fim imkan\u0131 sunar.<\/p>\n<h4>Models &amp; Capacity<\/h4>\n<p>Single Phase Models: 3 kg\/h and 6 kg\/h steam production.<br \/>\nThree Phase Models: 6 kg\/h, 12 kg\/h and 24 kg\/h steam generation with wide range of applications.<br \/>\nMaster\/Slave Management: the ability to reach a total capacity of 6 kg\/h by connecting up to 144 units.<\/p>\n<h4>Control System<\/h4>\n<p>Easy installation on electrical panels in electronic control unit inside. And user-friendly experience with integrated display option.<br \/>\nVarious Operating Modes: Provides flexibility with different options such as on\/off, proportional control and BMS control.<\/p>","protected":false},"excerpt":{"rendered":"<p>PEGO ES-OEM Serisi Elektrotlu Buhar Nemlendirici Pego ES-OEM Serisi\u00a0, kompakt boyutlar\u0131 ve esnek kurulum \u00f6zellikleri ile end\u00fcstriyel uygulamalar i\u00e7in m\u00fckemmel<\/p>","protected":false},"featured_media":11577,"template":"","meta":[],"product_cat":[113,137],"product_tag":[],"class_list":{"0":"post-11570","1":"product","2":"type-product","3":"status-publish","4":"has-post-thumbnail","6":"product_cat-buhar-jeneratorleri-nemlendiriciler","7":"product_cat-pego-buharli-nemlendirici","9":"first","10":"instock","11":"shipping-taxable","12":"purchasable","13":"product-type-variable"},"yoast_head":"<!-- This site is optimized with the Yoast SEO Premium plugin v23.2 (Yoast SEO v23.2) - https:\/\/yoast.com\/wordpress\/plugins\/seo\/ -->\n<title>Pego ES-OEM Serisi | Barrsell End\u00fcstri<\/title>\n<meta name=\"description\" content=\"PEGO ES-OEM Serisi end\u00fcstriyel ve ticari uygulamalarda y\u00fcksek verimli nemlendirme \u00e7\u00f6z\u00fcmleri sunmak \u00fczere tasarlanm\u0131\u015f, \u00f6zelle\u015ftirilebilir bir buharl\u0131\" \/>\n<meta name=\"robots\" content=\"index, follow, max-snippet:-1, max-image-preview:large, max-video-preview:-1\" \/>\n<link rel=\"canonical\" href=\"https:\/\/barrsell.com\/en\/product\/pego-es-oem-serisi\/\" \/>\n<meta property=\"og:locale\" content=\"en_US\" \/>\n<meta property=\"og:type\" content=\"article\" \/>\n<meta property=\"og:title\" content=\"Pego ES-OEM Serisi\" \/>\n<meta property=\"og:description\" content=\"PEGO ES-OEM Serisi end\u00fcstriyel ve ticari uygulamalarda y\u00fcksek verimli nemlendirme \u00e7\u00f6z\u00fcmleri sunmak \u00fczere tasarlanm\u0131\u015f, \u00f6zelle\u015ftirilebilir bir buharl\u0131\" \/>\n<meta property=\"og:url\" content=\"https:\/\/barrsell.com\/en\/product\/pego-es-oem-serisi\/\" \/>\n<meta property=\"og:site_name\" content=\"Barrsell\" \/>\n<meta property=\"article:modified_time\" content=\"2025-01-09T00:26:11+00:00\" \/>\n<meta property=\"og:image\" content=\"https:\/\/barrsell.com\/wp-content\/uploads\/2024\/08\/ES-OEM-kompakt-Serisi.png\" \/>\n\t<meta property=\"og:image:width\" content=\"1200\" \/>\n\t<meta property=\"og:image:height\" content=\"1200\" \/>\n\t<meta property=\"og:image:type\" content=\"image\/png\" \/>\n<meta name=\"twitter:card\" content=\"summary_large_image\" \/>\n<meta name=\"twitter:label1\" content=\"Est. reading time\" \/>\n\t<meta name=\"twitter:data1\" content=\"2 minutes\" \/>\n<script type=\"application\/ld+json\" class=\"yoast-schema-graph\">{\"@context\":\"https:\/\/schema.org\",\"@graph\":[{\"@type\":\"WebPage\",\"@id\":\"https:\/\/barrsell.com\/urun\/pego-es-oem-serisi\/\",\"url\":\"https:\/\/barrsell.com\/urun\/pego-es-oem-serisi\/\",\"name\":\"Pego ES-OEM Serisi | Barrsell End\u00fcstri\",\"isPartOf\":{\"@id\":\"https:\/\/barrsell.com\/#website\"},\"primaryImageOfPage\":{\"@id\":\"https:\/\/barrsell.com\/urun\/pego-es-oem-serisi\/#primaryimage\"},\"image\":{\"@id\":\"https:\/\/barrsell.com\/urun\/pego-es-oem-serisi\/#primaryimage\"},\"thumbnailUrl\":\"https:\/\/barrsell.com\/wp-content\/uploads\/2024\/08\/ES-OEM-kompakt-Serisi.png\",\"datePublished\":\"2024-08-12T13:47:01+00:00\",\"dateModified\":\"2025-01-09T00:26:11+00:00\",\"description\":\"PEGO ES-OEM Serisi end\u00fcstriyel ve ticari uygulamalarda y\u00fcksek verimli nemlendirme \u00e7\u00f6z\u00fcmleri sunmak \u00fczere tasarlanm\u0131\u015f, \u00f6zelle\u015ftirilebilir bir buharl\u0131\",\"breadcrumb\":{\"@id\":\"https:\/\/barrsell.com\/urun\/pego-es-oem-serisi\/#breadcrumb\"},\"inLanguage\":\"en-US\",\"potentialAction\":[{\"@type\":\"ReadAction\",\"target\":[\"https:\/\/barrsell.com\/urun\/pego-es-oem-serisi\/\"]}]},{\"@type\":\"ImageObject\",\"inLanguage\":\"en-US\",\"@id\":\"https:\/\/barrsell.com\/urun\/pego-es-oem-serisi\/#primaryimage\",\"url\":\"https:\/\/barrsell.com\/wp-content\/uploads\/2024\/08\/ES-OEM-kompakt-Serisi.png\",\"contentUrl\":\"https:\/\/barrsell.com\/wp-content\/uploads\/2024\/08\/ES-OEM-kompakt-Serisi.png\",\"width\":1200,\"height\":1200,\"caption\":\"ES-OEM-kompakt- Serisi\"},{\"@type\":\"BreadcrumbList\",\"@id\":\"https:\/\/barrsell.com\/urun\/pego-es-oem-serisi\/#breadcrumb\",\"itemListElement\":[{\"@type\":\"ListItem\",\"position\":1,\"name\":\"Home\",\"item\":\"https:\/\/barrsell.com\/\"},{\"@type\":\"ListItem\",\"position\":2,\"name\":\"\u00dcr\u00fcnler\",\"item\":\"https:\/\/barrsell.com\/en\/products\/\"},{\"@type\":\"ListItem\",\"position\":3,\"name\":\"Pego ES-OEM Serisi\"}]},{\"@type\":\"WebSite\",\"@id\":\"https:\/\/barrsell.com\/#website\",\"url\":\"https:\/\/barrsell.com\/\",\"name\":\"Barrsell End\u00fcstri Makine\",\"description\":\"Teknolojiyle G\u00fc\u00e7lenen End\u00fcstriyel \u00c7\u00f6z\u00fcmler!\",\"potentialAction\":[{\"@type\":\"SearchAction\",\"target\":{\"@type\":\"EntryPoint\",\"urlTemplate\":\"https:\/\/barrsell.com\/?s={search_term_string}\"},\"query-input\":\"required name=search_term_string\"}],\"inLanguage\":\"en-US\"}]}<\/script>\n<!-- \/ Yoast SEO Premium plugin. -->","yoast_head_json":{"title":"Pego ES-OEM Serisi | Barrsell End\u00fcstri","description":"PEGO ES-OEM Serisi end\u00fcstriyel ve ticari uygulamalarda y\u00fcksek verimli nemlendirme \u00e7\u00f6z\u00fcmleri sunmak \u00fczere tasarlanm\u0131\u015f, \u00f6zelle\u015ftirilebilir bir buharl\u0131","robots":{"index":"index","follow":"follow","max-snippet":"max-snippet:-1","max-image-preview":"max-image-preview:large","max-video-preview":"max-video-preview:-1"},"canonical":"https:\/\/barrsell.com\/en\/product\/pego-es-oem-serisi\/","og_locale":"en_US","og_type":"article","og_title":"Pego ES-OEM Serisi","og_description":"PEGO ES-OEM Serisi end\u00fcstriyel ve ticari uygulamalarda y\u00fcksek verimli nemlendirme \u00e7\u00f6z\u00fcmleri sunmak \u00fczere tasarlanm\u0131\u015f, \u00f6zelle\u015ftirilebilir bir buharl\u0131","og_url":"https:\/\/barrsell.com\/en\/product\/pego-es-oem-serisi\/","og_site_name":"Barrsell","article_modified_time":"2025-01-09T00:26:11+00:00","og_image":[{"width":1200,"height":1200,"url":"https:\/\/barrsell.com\/wp-content\/uploads\/2024\/08\/ES-OEM-kompakt-Serisi.png","type":"image\/png"}],"twitter_card":"summary_large_image","twitter_misc":{"Est. reading time":"2 minutes"},"schema":{"@context":"https:\/\/schema.org","@graph":[{"@type":"WebPage","@id":"https:\/\/barrsell.com\/urun\/pego-es-oem-serisi\/","url":"https:\/\/barrsell.com\/urun\/pego-es-oem-serisi\/","name":"Pego ES-OEM Serisi | Barrsell End\u00fcstri","isPartOf":{"@id":"https:\/\/barrsell.com\/#website"},"primaryImageOfPage":{"@id":"https:\/\/barrsell.com\/urun\/pego-es-oem-serisi\/#primaryimage"},"image":{"@id":"https:\/\/barrsell.com\/urun\/pego-es-oem-serisi\/#primaryimage"},"thumbnailUrl":"https:\/\/barrsell.com\/wp-content\/uploads\/2024\/08\/ES-OEM-kompakt-Serisi.png","datePublished":"2024-08-12T13:47:01+00:00","dateModified":"2025-01-09T00:26:11+00:00","description":"PEGO ES-OEM Serisi end\u00fcstriyel ve ticari uygulamalarda y\u00fcksek verimli nemlendirme \u00e7\u00f6z\u00fcmleri sunmak \u00fczere tasarlanm\u0131\u015f, \u00f6zelle\u015ftirilebilir bir buharl\u0131","breadcrumb":{"@id":"https:\/\/barrsell.com\/urun\/pego-es-oem-serisi\/#breadcrumb"},"inLanguage":"en-US","potentialAction":[{"@type":"ReadAction","target":["https:\/\/barrsell.com\/urun\/pego-es-oem-serisi\/"]}]},{"@type":"ImageObject","inLanguage":"en-US","@id":"https:\/\/barrsell.com\/urun\/pego-es-oem-serisi\/#primaryimage","url":"https:\/\/barrsell.com\/wp-content\/uploads\/2024\/08\/ES-OEM-kompakt-Serisi.png","contentUrl":"https:\/\/barrsell.com\/wp-content\/uploads\/2024\/08\/ES-OEM-kompakt-Serisi.png","width":1200,"height":1200,"caption":"ES-OEM-kompakt- Serisi"},{"@type":"BreadcrumbList","@id":"https:\/\/barrsell.com\/urun\/pego-es-oem-serisi\/#breadcrumb","itemListElement":[{"@type":"ListItem","position":1,"name":"Home","item":"https:\/\/barrsell.com\/"},{"@type":"ListItem","position":2,"name":"\u00dcr\u00fcnler","item":"https:\/\/barrsell.com\/en\/products\/"},{"@type":"ListItem","position":3,"name":"Pego ES-OEM Serisi"}]},{"@type":"WebSite","@id":"https:\/\/barrsell.com\/#website","url":"https:\/\/barrsell.com\/","name":"Barrsell End\u00fcstri Makine","description":"Teknolojiyle G\u00fc\u00e7lenen End\u00fcstriyel \u00c7\u00f6z\u00fcmler!","potentialAction":[{"@type":"SearchAction","target":{"@type":"EntryPoint","urlTemplate":"https:\/\/barrsell.com\/?s={search_term_string}"},"query-input":"required name=search_term_string"}],"inLanguage":"en-US"}]}},"_links":{"self":[{"href":"https:\/\/barrsell.com\/en\/wp-json\/wp\/v2\/product\/11570","targetHints":{"allow":["GET"]}}],"collection":[{"href":"https:\/\/barrsell.com\/en\/wp-json\/wp\/v2\/product"}],"about":[{"href":"https:\/\/barrsell.com\/en\/wp-json\/wp\/v2\/types\/product"}],"version-history":[{"count":5,"href":"https:\/\/barrsell.com\/en\/wp-json\/wp\/v2\/product\/11570\/revisions"}],"predecessor-version":[{"id":20049,"href":"https:\/\/barrsell.com\/en\/wp-json\/wp\/v2\/product\/11570\/revisions\/20049"}],"wp:featuredmedia":[{"embeddable":true,"href":"https:\/\/barrsell.com\/en\/wp-json\/wp\/v2\/media\/11577"}],"wp:attachment":[{"href":"https:\/\/barrsell.com\/en\/wp-json\/wp\/v2\/media?parent=11570"}],"wp:term":[{"taxonomy":"product_cat","embeddable":true,"href":"https:\/\/barrsell.com\/en\/wp-json\/wp\/v2\/product_cat?post=11570"},{"taxonomy":"product_tag","embeddable":true,"href":"https:\/\/barrsell.com\/en\/wp-json\/wp\/v2\/product_tag?post=11570"}],"curies":[{"name":"wp","href":"https:\/\/api.w.org\/{rel}","templated":true}]}}