{"id":11559,"date":"2024-08-12T13:26:24","date_gmt":"2024-08-12T13:26:24","guid":{"rendered":"https:\/\/barrsell.com\/?post_type=product&#038;p=11559"},"modified":"2025-01-09T00:41:59","modified_gmt":"2025-01-09T00:41:59","slug":"pego-es-mini-serisi","status":"publish","type":"product","link":"https:\/\/barrsell.com\/en\/product\/pego-es-mini-series\/","title":{"rendered":"Pego ES Mini Series"},"content":{"rendered":"<h2><strong>\u00a0Pego ES Mini Series: Compact and Efficient Humidification Solution<\/strong><\/h2>\n<p>The Pego ES Mini-Series is designed specifically for small-scale applications. It also offers compact and highly efficient steam generator and humidifier solutions. This series, which is especially notable for its technological infrastructure and user-friendly interface, provides a wide range of uses from industrial environments to commercial spaces. Here are the highlights and advantages of the Pego ES Mini Series:<\/p>\n<h4><a href=\"https:\/\/barrsell.com\/wp-content\/uploads\/2024\/08\/Pego-ES-Mini-Serisi-barrsell.png\"><img fetchpriority=\"high\" decoding=\"async\" class=\"size-medium wp-image-15563 alignleft\" src=\"https:\/\/barrsell.com\/wp-content\/uploads\/2024\/08\/Pego-ES-Mini-Serisi-barrsell-300x300.png\" alt=\"\" width=\"300\" height=\"300\" srcset=\"https:\/\/barrsell.com\/wp-content\/uploads\/2024\/08\/Pego-ES-Mini-Serisi-barrsell-300x300.png 300w, https:\/\/barrsell.com\/wp-content\/uploads\/2024\/08\/Pego-ES-Mini-Serisi-barrsell-1024x1024.png 1024w, https:\/\/barrsell.com\/wp-content\/uploads\/2024\/08\/Pego-ES-Mini-Serisi-barrsell-150x150.png 150w, https:\/\/barrsell.com\/wp-content\/uploads\/2024\/08\/Pego-ES-Mini-Serisi-barrsell-768x768.png 768w, https:\/\/barrsell.com\/wp-content\/uploads\/2024\/08\/Pego-ES-Mini-Serisi-barrsell-12x12.png 12w, https:\/\/barrsell.com\/wp-content\/uploads\/2024\/08\/Pego-ES-Mini-Serisi-barrsell-600x600.png 600w, https:\/\/barrsell.com\/wp-content\/uploads\/2024\/08\/Pego-ES-Mini-Serisi-barrsell-50x50.png 50w, https:\/\/barrsell.com\/wp-content\/uploads\/2024\/08\/Pego-ES-Mini-Serisi-barrsell-100x100.png 100w, https:\/\/barrsell.com\/wp-content\/uploads\/2024\/08\/Pego-ES-Mini-Serisi-barrsell.png 1200w\" sizes=\"(max-width: 300px) 100vw, 300px\" \/><\/a>1. <strong>Compact and Space-Saving Design<\/strong><\/h4>\n<ul>\n<li>The Pego ES Mini Series has a compact structure that can be easily installed even in tight spaces. Thanks to their small size, they also offer an ideal solution in facilities with limited spaces.<\/li>\n<\/ul>\n<h4>2. <strong>High Precision Humidity Control<\/strong><\/h4>\n<ul>\n<li>This series performs superior in environments requiring precise humidity control. At the same time, the advanced control mechanism optimizes the ideal humidity level of the environment.<\/li>\n<\/ul>\n<h4>3. <strong>Low Energy Consumption<\/strong><\/h4>\n<ul>\n<li>Designed with energy efficiency focus, the ES Mini Series ensures maximum efficiency with low power consumption. This feature also provides an environmentally friendly use while creating a cost advantage for businesses.<\/li>\n<\/ul>\n<h4>5. <strong>Easy Assembly and Maintenance<\/strong><\/h4>\n<ul>\n<li>Provides a quick and effortless installation with user-friendly assembly structure. In addition, it can maintain operational continuity without interruption thanks to its easy maintenance features.<\/li>\n<\/ul>\n<h4>6. <strong>Advanced Control and Monitoring Options<\/strong><\/h4>\n<ul>\n<li>Integrated control panel and remote monitoring options allow users to easily monitor and control system performance. For example, you can also integrate the Modbus RTU protocol with building automation systems.<\/li>\n<\/ul>\n<h4>7. <strong>Durable and Reliable Structure<\/strong><\/h4>\n<ul>\n<li>Manufactured with high-quality materials, the product provides long-lasting and reliable operation. As a result, it performs smoothly even in difficult environmental conditions.<\/li>\n<\/ul>","protected":false},"excerpt":{"rendered":"<p>\u00a0Pego ES Mini Serisi: Kompakt ve Verimli Nemlendirme \u00c7\u00f6z\u00fcm\u00fc Pego ES Mini Serisi\u00a0 k\u00fc\u00e7\u00fck \u00f6l\u00e7ekli uygulamalar i\u00e7in \u00f6zel olarak tasarlanm\u0131\u015ft\u0131r.<\/p>","protected":false},"featured_media":11561,"template":"","meta":[],"product_cat":[113,137],"product_tag":[],"class_list":{"0":"post-11559","1":"product","2":"type-product","3":"status-publish","4":"has-post-thumbnail","6":"product_cat-buhar-jeneratorleri-nemlendiriciler","7":"product_cat-pego-buharli-nemlendirici","9":"first","10":"instock","11":"shipping-taxable","12":"purchasable","13":"product-type-variable"},"yoast_head":"<!-- This site is optimized with the Yoast SEO Premium plugin v23.2 (Yoast SEO v23.2) - https:\/\/yoast.com\/wordpress\/plugins\/seo\/ -->\n<title>Pego ES Mini Serisi | Barrsell End\u00fcstri<\/title>\n<meta name=\"description\" content=\"Pego ES Mini Serisi , k\u00fc\u00e7\u00fck \u00f6l\u00e7ekli uygulamalar i\u00e7in \u00f6zel olarak tasarlanm\u0131\u015f kompakt ve y\u00fcksek verimli buhar jenerat\u00f6r\u00fc ve nemlendirici \u00e7\u00f6z\u00fcmleri sunar.\" \/>\n<meta name=\"robots\" content=\"index, follow, max-snippet:-1, max-image-preview:large, max-video-preview:-1\" \/>\n<link rel=\"canonical\" href=\"https:\/\/barrsell.com\/en\/product\/pego-es-mini-series\/\" \/>\n<meta property=\"og:locale\" content=\"en_US\" \/>\n<meta property=\"og:type\" content=\"article\" \/>\n<meta property=\"og:title\" content=\"Pego ES Mini Serisi\" \/>\n<meta property=\"og:description\" content=\"Pego ES Mini Serisi , k\u00fc\u00e7\u00fck \u00f6l\u00e7ekli uygulamalar i\u00e7in \u00f6zel olarak tasarlanm\u0131\u015f kompakt ve y\u00fcksek verimli buhar jenerat\u00f6r\u00fc ve nemlendirici \u00e7\u00f6z\u00fcmleri sunar.\" \/>\n<meta property=\"og:url\" content=\"https:\/\/barrsell.com\/en\/product\/pego-es-mini-series\/\" \/>\n<meta property=\"og:site_name\" content=\"Barrsell\" \/>\n<meta property=\"article:modified_time\" content=\"2025-01-09T00:41:59+00:00\" \/>\n<meta property=\"og:image\" content=\"https:\/\/barrsell.com\/wp-content\/uploads\/2024\/08\/Pego-ES_MINI-3M.png\" \/>\n\t<meta property=\"og:image:width\" content=\"1200\" \/>\n\t<meta property=\"og:image:height\" content=\"1200\" \/>\n\t<meta property=\"og:image:type\" content=\"image\/png\" \/>\n<meta name=\"twitter:card\" content=\"summary_large_image\" \/>\n<meta name=\"twitter:label1\" content=\"Est. reading time\" \/>\n\t<meta name=\"twitter:data1\" content=\"2 minutes\" \/>\n<script type=\"application\/ld+json\" class=\"yoast-schema-graph\">{\"@context\":\"https:\/\/schema.org\",\"@graph\":[{\"@type\":\"WebPage\",\"@id\":\"https:\/\/barrsell.com\/urun\/pego-es-mini-serisi\/\",\"url\":\"https:\/\/barrsell.com\/urun\/pego-es-mini-serisi\/\",\"name\":\"Pego ES Mini Serisi | Barrsell End\u00fcstri\",\"isPartOf\":{\"@id\":\"https:\/\/barrsell.com\/#website\"},\"primaryImageOfPage\":{\"@id\":\"https:\/\/barrsell.com\/urun\/pego-es-mini-serisi\/#primaryimage\"},\"image\":{\"@id\":\"https:\/\/barrsell.com\/urun\/pego-es-mini-serisi\/#primaryimage\"},\"thumbnailUrl\":\"https:\/\/barrsell.com\/wp-content\/uploads\/2024\/08\/Pego-ES_MINI-3M.png\",\"datePublished\":\"2024-08-12T13:26:24+00:00\",\"dateModified\":\"2025-01-09T00:41:59+00:00\",\"description\":\"Pego ES Mini Serisi , k\u00fc\u00e7\u00fck \u00f6l\u00e7ekli uygulamalar i\u00e7in \u00f6zel olarak tasarlanm\u0131\u015f kompakt ve y\u00fcksek verimli buhar jenerat\u00f6r\u00fc ve nemlendirici \u00e7\u00f6z\u00fcmleri sunar.\",\"breadcrumb\":{\"@id\":\"https:\/\/barrsell.com\/urun\/pego-es-mini-serisi\/#breadcrumb\"},\"inLanguage\":\"en-US\",\"potentialAction\":[{\"@type\":\"ReadAction\",\"target\":[\"https:\/\/barrsell.com\/urun\/pego-es-mini-serisi\/\"]}]},{\"@type\":\"ImageObject\",\"inLanguage\":\"en-US\",\"@id\":\"https:\/\/barrsell.com\/urun\/pego-es-mini-serisi\/#primaryimage\",\"url\":\"https:\/\/barrsell.com\/wp-content\/uploads\/2024\/08\/Pego-ES_MINI-3M.png\",\"contentUrl\":\"https:\/\/barrsell.com\/wp-content\/uploads\/2024\/08\/Pego-ES_MINI-3M.png\",\"width\":1200,\"height\":1200,\"caption\":\"Pego-ES_MINI 3M\"},{\"@type\":\"BreadcrumbList\",\"@id\":\"https:\/\/barrsell.com\/urun\/pego-es-mini-serisi\/#breadcrumb\",\"itemListElement\":[{\"@type\":\"ListItem\",\"position\":1,\"name\":\"Home\",\"item\":\"https:\/\/barrsell.com\/\"},{\"@type\":\"ListItem\",\"position\":2,\"name\":\"\u00dcr\u00fcnler\",\"item\":\"https:\/\/barrsell.com\/en\/products\/\"},{\"@type\":\"ListItem\",\"position\":3,\"name\":\"Pego ES Mini Serisi\"}]},{\"@type\":\"WebSite\",\"@id\":\"https:\/\/barrsell.com\/#website\",\"url\":\"https:\/\/barrsell.com\/\",\"name\":\"Barrsell End\u00fcstri Makine\",\"description\":\"Teknolojiyle G\u00fc\u00e7lenen End\u00fcstriyel \u00c7\u00f6z\u00fcmler!\",\"potentialAction\":[{\"@type\":\"SearchAction\",\"target\":{\"@type\":\"EntryPoint\",\"urlTemplate\":\"https:\/\/barrsell.com\/?s={search_term_string}\"},\"query-input\":\"required name=search_term_string\"}],\"inLanguage\":\"en-US\"}]}<\/script>\n<!-- \/ Yoast SEO Premium plugin. -->","yoast_head_json":{"title":"Pego ES Mini Serisi | Barrsell End\u00fcstri","description":"Pego ES Mini Serisi , k\u00fc\u00e7\u00fck \u00f6l\u00e7ekli uygulamalar i\u00e7in \u00f6zel olarak tasarlanm\u0131\u015f kompakt ve y\u00fcksek verimli buhar jenerat\u00f6r\u00fc ve nemlendirici \u00e7\u00f6z\u00fcmleri sunar.","robots":{"index":"index","follow":"follow","max-snippet":"max-snippet:-1","max-image-preview":"max-image-preview:large","max-video-preview":"max-video-preview:-1"},"canonical":"https:\/\/barrsell.com\/en\/product\/pego-es-mini-series\/","og_locale":"en_US","og_type":"article","og_title":"Pego ES Mini Serisi","og_description":"Pego ES Mini Serisi , k\u00fc\u00e7\u00fck \u00f6l\u00e7ekli uygulamalar i\u00e7in \u00f6zel olarak tasarlanm\u0131\u015f kompakt ve y\u00fcksek verimli buhar jenerat\u00f6r\u00fc ve nemlendirici \u00e7\u00f6z\u00fcmleri sunar.","og_url":"https:\/\/barrsell.com\/en\/product\/pego-es-mini-series\/","og_site_name":"Barrsell","article_modified_time":"2025-01-09T00:41:59+00:00","og_image":[{"width":1200,"height":1200,"url":"https:\/\/barrsell.com\/wp-content\/uploads\/2024\/08\/Pego-ES_MINI-3M.png","type":"image\/png"}],"twitter_card":"summary_large_image","twitter_misc":{"Est. reading time":"2 minutes"},"schema":{"@context":"https:\/\/schema.org","@graph":[{"@type":"WebPage","@id":"https:\/\/barrsell.com\/urun\/pego-es-mini-serisi\/","url":"https:\/\/barrsell.com\/urun\/pego-es-mini-serisi\/","name":"Pego ES Mini Serisi | Barrsell End\u00fcstri","isPartOf":{"@id":"https:\/\/barrsell.com\/#website"},"primaryImageOfPage":{"@id":"https:\/\/barrsell.com\/urun\/pego-es-mini-serisi\/#primaryimage"},"image":{"@id":"https:\/\/barrsell.com\/urun\/pego-es-mini-serisi\/#primaryimage"},"thumbnailUrl":"https:\/\/barrsell.com\/wp-content\/uploads\/2024\/08\/Pego-ES_MINI-3M.png","datePublished":"2024-08-12T13:26:24+00:00","dateModified":"2025-01-09T00:41:59+00:00","description":"Pego ES Mini Serisi , k\u00fc\u00e7\u00fck \u00f6l\u00e7ekli uygulamalar i\u00e7in \u00f6zel olarak tasarlanm\u0131\u015f kompakt ve y\u00fcksek verimli buhar jenerat\u00f6r\u00fc ve nemlendirici \u00e7\u00f6z\u00fcmleri sunar.","breadcrumb":{"@id":"https:\/\/barrsell.com\/urun\/pego-es-mini-serisi\/#breadcrumb"},"inLanguage":"en-US","potentialAction":[{"@type":"ReadAction","target":["https:\/\/barrsell.com\/urun\/pego-es-mini-serisi\/"]}]},{"@type":"ImageObject","inLanguage":"en-US","@id":"https:\/\/barrsell.com\/urun\/pego-es-mini-serisi\/#primaryimage","url":"https:\/\/barrsell.com\/wp-content\/uploads\/2024\/08\/Pego-ES_MINI-3M.png","contentUrl":"https:\/\/barrsell.com\/wp-content\/uploads\/2024\/08\/Pego-ES_MINI-3M.png","width":1200,"height":1200,"caption":"Pego-ES_MINI 3M"},{"@type":"BreadcrumbList","@id":"https:\/\/barrsell.com\/urun\/pego-es-mini-serisi\/#breadcrumb","itemListElement":[{"@type":"ListItem","position":1,"name":"Home","item":"https:\/\/barrsell.com\/"},{"@type":"ListItem","position":2,"name":"\u00dcr\u00fcnler","item":"https:\/\/barrsell.com\/en\/products\/"},{"@type":"ListItem","position":3,"name":"Pego ES Mini Serisi"}]},{"@type":"WebSite","@id":"https:\/\/barrsell.com\/#website","url":"https:\/\/barrsell.com\/","name":"Barrsell End\u00fcstri Makine","description":"Teknolojiyle G\u00fc\u00e7lenen End\u00fcstriyel \u00c7\u00f6z\u00fcmler!","potentialAction":[{"@type":"SearchAction","target":{"@type":"EntryPoint","urlTemplate":"https:\/\/barrsell.com\/?s={search_term_string}"},"query-input":"required name=search_term_string"}],"inLanguage":"en-US"}]}},"_links":{"self":[{"href":"https:\/\/barrsell.com\/en\/wp-json\/wp\/v2\/product\/11559","targetHints":{"allow":["GET"]}}],"collection":[{"href":"https:\/\/barrsell.com\/en\/wp-json\/wp\/v2\/product"}],"about":[{"href":"https:\/\/barrsell.com\/en\/wp-json\/wp\/v2\/types\/product"}],"version-history":[{"count":11,"href":"https:\/\/barrsell.com\/en\/wp-json\/wp\/v2\/product\/11559\/revisions"}],"predecessor-version":[{"id":20053,"href":"https:\/\/barrsell.com\/en\/wp-json\/wp\/v2\/product\/11559\/revisions\/20053"}],"wp:featuredmedia":[{"embeddable":true,"href":"https:\/\/barrsell.com\/en\/wp-json\/wp\/v2\/media\/11561"}],"wp:attachment":[{"href":"https:\/\/barrsell.com\/en\/wp-json\/wp\/v2\/media?parent=11559"}],"wp:term":[{"taxonomy":"product_cat","embeddable":true,"href":"https:\/\/barrsell.com\/en\/wp-json\/wp\/v2\/product_cat?post=11559"},{"taxonomy":"product_tag","embeddable":true,"href":"https:\/\/barrsell.com\/en\/wp-json\/wp\/v2\/product_tag?post=11559"}],"curies":[{"name":"wp","href":"https:\/\/api.w.org\/{rel}","templated":true}]}}