{"id":11537,"date":"2024-08-12T12:41:56","date_gmt":"2024-08-12T12:41:56","guid":{"rendered":"https:\/\/barrsell.com\/?post_type=product&#038;p=11537"},"modified":"2025-01-09T00:56:09","modified_gmt":"2025-01-09T00:56:09","slug":"eos-steamrock-ii-basic","status":"publish","type":"product","link":"https:\/\/barrsell.com\/en\/product\/eos-steamrock-ii-basic\/","title":{"rendered":"EOS SteamRock II Basic"},"content":{"rendered":"<h2>EOS SteamRock II Basic<\/h2>\n<p>The EOS SteamRock II Basic stands out for its high efficiency and robust construction. This product offers a steam generator specifically designed for steam sauna systems. Ideal for a wide range of sauna applications, this device is also noted for its user-friendly design and performance-oriented features.<\/p>\n<h4>EOS SteamRock II Basic Teknik \u00d6zellikler:<\/h4>\n<ol>\n<li><strong>Steam Production Capacity:<\/strong>\n<ul>\n<li>Thanks to models ranging from 3 kW to 18 kW, it offers flexible solutions for different sauna sizes or needs.<\/li>\n<\/ul>\n<\/li>\n<li><strong>High Efficiency:<\/strong>\n<ul>\n<li>The advanced steam generation technology provides a high amount of steam in a short time and maximizes energy saving.<\/li>\n<\/ul>\n<\/li>\n<li><strong>Ak\u0131ll\u0131 Kontrol Sistemi:<\/strong>\n<ul>\n<li>Thanks to the built-in digital control unit, you can precisely adjust the temperature and humidity levels. Thus, the ideal sauna atmosphere is provided.<\/li>\n<\/ul>\n<\/li>\n<li><strong>Durable Material Structure:<\/strong>\n<ul>\n<li>High quality stainless steel housing offers long-lasting use and resistance to corrosion. Thus, it performs smoothly even in difficult working conditions.<\/li>\n<\/ul>\n<\/li>\n<li><strong>Compact Design:<\/strong>\n<ul>\n<li>Compact space-saving design, for example, you can easily mount it in tight spaces. Therefore, you can do the maintenance work quickly.<\/li>\n<\/ul>\n<\/li>\n<li><strong>Automatic Water Feeding System:<\/strong>\n<ul>\n<li>The steam generator automatically controls the water level, thus ensuring continuous and uninterrupted steam production.<\/li>\n<\/ul>\n<\/li>\n<li><strong>Safety Features:<\/strong>\n<ul>\n<li>Provides a safe use experience with advanced safety sensors against overheating and low water level.<\/li>\n<\/ul>\n<\/li>\n<li><strong>Eco-Friendly Design:<\/strong>\n<ul>\n<li>Low energy consumption and steam generation technology both improves energy efficiency and minimizes environmental impacts.<\/li>\n<\/ul>\n<\/li>\n<\/ol>","protected":false},"excerpt":{"rendered":"<p>Convenient control unit \u2013 EOS EmoTouch,LSG Steam for EOS Econ S2\u00a0.<\/p>","protected":false},"featured_media":11538,"template":"","meta":[],"product_cat":[113,149,151],"product_tag":[],"class_list":{"0":"post-11537","1":"product","2":"type-product","3":"status-publish","4":"has-post-thumbnail","6":"product_cat-buhar-jeneratorleri-nemlendiriciler","7":"product_cat-eos-buharli-nemlendirici","8":"product_cat-eos-isitici-elementli-sistemler","10":"first","11":"instock","12":"shipping-taxable","13":"purchasable","14":"product-type-variable"},"yoast_head":"<!-- This site is optimized with the Yoast SEO Premium plugin v23.2 (Yoast SEO v23.2) - https:\/\/yoast.com\/wordpress\/plugins\/seo\/ -->\n<title>EOS SteamRock II Basic | Barrsell End\u00fcstri<\/title>\n<meta name=\"description\" content=\"EOS SteamRock II Basic, y\u00fcksek verimlili\u011fi ve sa\u011flam yap\u0131s\u0131 ile buharl\u0131 sauna sistemleri i\u00e7in \u00f6zel olarak tasarlanm\u0131\u015f geli\u015fmi\u015f bir buhar jenerat\u00f6r\u00fcd\u00fcr.\" \/>\n<meta name=\"robots\" content=\"index, follow, max-snippet:-1, max-image-preview:large, max-video-preview:-1\" \/>\n<link rel=\"canonical\" href=\"https:\/\/barrsell.com\/en\/product\/eos-steamrock-ii-basic\/\" \/>\n<meta property=\"og:locale\" content=\"en_US\" \/>\n<meta property=\"og:type\" content=\"article\" \/>\n<meta property=\"og:title\" content=\"EOS SteamRock II Basic\" \/>\n<meta property=\"og:description\" content=\"EOS SteamRock II Basic, y\u00fcksek verimlili\u011fi ve sa\u011flam yap\u0131s\u0131 ile buharl\u0131 sauna sistemleri i\u00e7in \u00f6zel olarak tasarlanm\u0131\u015f geli\u015fmi\u015f bir buhar jenerat\u00f6r\u00fcd\u00fcr.\" \/>\n<meta property=\"og:url\" content=\"https:\/\/barrsell.com\/en\/product\/eos-steamrock-ii-basic\/\" \/>\n<meta property=\"og:site_name\" content=\"Barrsell\" \/>\n<meta property=\"article:modified_time\" content=\"2025-01-09T00:56:09+00:00\" \/>\n<meta property=\"og:image\" content=\"https:\/\/barrsell.com\/wp-content\/uploads\/2024\/08\/EOS-SteamRock-II-Basic.png\" \/>\n\t<meta property=\"og:image:width\" content=\"1200\" \/>\n\t<meta property=\"og:image:height\" content=\"1200\" \/>\n\t<meta property=\"og:image:type\" content=\"image\/png\" \/>\n<meta name=\"twitter:card\" content=\"summary_large_image\" \/>\n<meta name=\"twitter:label1\" content=\"Est. reading time\" \/>\n\t<meta name=\"twitter:data1\" content=\"2 minutes\" \/>\n<script type=\"application\/ld+json\" class=\"yoast-schema-graph\">{\"@context\":\"https:\/\/schema.org\",\"@graph\":[{\"@type\":\"WebPage\",\"@id\":\"https:\/\/barrsell.com\/urun\/eos-steamrock-ii-basic\/\",\"url\":\"https:\/\/barrsell.com\/urun\/eos-steamrock-ii-basic\/\",\"name\":\"EOS SteamRock II Basic | Barrsell End\u00fcstri\",\"isPartOf\":{\"@id\":\"https:\/\/barrsell.com\/#website\"},\"primaryImageOfPage\":{\"@id\":\"https:\/\/barrsell.com\/urun\/eos-steamrock-ii-basic\/#primaryimage\"},\"image\":{\"@id\":\"https:\/\/barrsell.com\/urun\/eos-steamrock-ii-basic\/#primaryimage\"},\"thumbnailUrl\":\"https:\/\/barrsell.com\/wp-content\/uploads\/2024\/08\/EOS-SteamRock-II-Basic.png\",\"datePublished\":\"2024-08-12T12:41:56+00:00\",\"dateModified\":\"2025-01-09T00:56:09+00:00\",\"description\":\"EOS SteamRock II Basic, y\u00fcksek verimlili\u011fi ve sa\u011flam yap\u0131s\u0131 ile buharl\u0131 sauna sistemleri i\u00e7in \u00f6zel olarak tasarlanm\u0131\u015f geli\u015fmi\u015f bir buhar jenerat\u00f6r\u00fcd\u00fcr.\",\"breadcrumb\":{\"@id\":\"https:\/\/barrsell.com\/urun\/eos-steamrock-ii-basic\/#breadcrumb\"},\"inLanguage\":\"en-US\",\"potentialAction\":[{\"@type\":\"ReadAction\",\"target\":[\"https:\/\/barrsell.com\/urun\/eos-steamrock-ii-basic\/\"]}]},{\"@type\":\"ImageObject\",\"inLanguage\":\"en-US\",\"@id\":\"https:\/\/barrsell.com\/urun\/eos-steamrock-ii-basic\/#primaryimage\",\"url\":\"https:\/\/barrsell.com\/wp-content\/uploads\/2024\/08\/EOS-SteamRock-II-Basic.png\",\"contentUrl\":\"https:\/\/barrsell.com\/wp-content\/uploads\/2024\/08\/EOS-SteamRock-II-Basic.png\",\"width\":1200,\"height\":1200,\"caption\":\"EOS-SteamRock-II-Basic\"},{\"@type\":\"BreadcrumbList\",\"@id\":\"https:\/\/barrsell.com\/urun\/eos-steamrock-ii-basic\/#breadcrumb\",\"itemListElement\":[{\"@type\":\"ListItem\",\"position\":1,\"name\":\"Home\",\"item\":\"https:\/\/barrsell.com\/\"},{\"@type\":\"ListItem\",\"position\":2,\"name\":\"\u00dcr\u00fcnler\",\"item\":\"https:\/\/barrsell.com\/en\/products\/\"},{\"@type\":\"ListItem\",\"position\":3,\"name\":\"EOS SteamRock II Basic\"}]},{\"@type\":\"WebSite\",\"@id\":\"https:\/\/barrsell.com\/#website\",\"url\":\"https:\/\/barrsell.com\/\",\"name\":\"Barrsell End\u00fcstri Makine\",\"description\":\"Teknolojiyle G\u00fc\u00e7lenen End\u00fcstriyel \u00c7\u00f6z\u00fcmler!\",\"potentialAction\":[{\"@type\":\"SearchAction\",\"target\":{\"@type\":\"EntryPoint\",\"urlTemplate\":\"https:\/\/barrsell.com\/?s={search_term_string}\"},\"query-input\":\"required name=search_term_string\"}],\"inLanguage\":\"en-US\"}]}<\/script>\n<!-- \/ Yoast SEO Premium plugin. -->","yoast_head_json":{"title":"EOS SteamRock II Basic | Barrsell End\u00fcstri","description":"EOS SteamRock II Basic, y\u00fcksek verimlili\u011fi ve sa\u011flam yap\u0131s\u0131 ile buharl\u0131 sauna sistemleri i\u00e7in \u00f6zel olarak tasarlanm\u0131\u015f geli\u015fmi\u015f bir buhar jenerat\u00f6r\u00fcd\u00fcr.","robots":{"index":"index","follow":"follow","max-snippet":"max-snippet:-1","max-image-preview":"max-image-preview:large","max-video-preview":"max-video-preview:-1"},"canonical":"https:\/\/barrsell.com\/en\/product\/eos-steamrock-ii-basic\/","og_locale":"en_US","og_type":"article","og_title":"EOS SteamRock II Basic","og_description":"EOS SteamRock II Basic, y\u00fcksek verimlili\u011fi ve sa\u011flam yap\u0131s\u0131 ile buharl\u0131 sauna sistemleri i\u00e7in \u00f6zel olarak tasarlanm\u0131\u015f geli\u015fmi\u015f bir buhar jenerat\u00f6r\u00fcd\u00fcr.","og_url":"https:\/\/barrsell.com\/en\/product\/eos-steamrock-ii-basic\/","og_site_name":"Barrsell","article_modified_time":"2025-01-09T00:56:09+00:00","og_image":[{"width":1200,"height":1200,"url":"https:\/\/barrsell.com\/wp-content\/uploads\/2024\/08\/EOS-SteamRock-II-Basic.png","type":"image\/png"}],"twitter_card":"summary_large_image","twitter_misc":{"Est. reading time":"2 minutes"},"schema":{"@context":"https:\/\/schema.org","@graph":[{"@type":"WebPage","@id":"https:\/\/barrsell.com\/urun\/eos-steamrock-ii-basic\/","url":"https:\/\/barrsell.com\/urun\/eos-steamrock-ii-basic\/","name":"EOS SteamRock II Basic | Barrsell End\u00fcstri","isPartOf":{"@id":"https:\/\/barrsell.com\/#website"},"primaryImageOfPage":{"@id":"https:\/\/barrsell.com\/urun\/eos-steamrock-ii-basic\/#primaryimage"},"image":{"@id":"https:\/\/barrsell.com\/urun\/eos-steamrock-ii-basic\/#primaryimage"},"thumbnailUrl":"https:\/\/barrsell.com\/wp-content\/uploads\/2024\/08\/EOS-SteamRock-II-Basic.png","datePublished":"2024-08-12T12:41:56+00:00","dateModified":"2025-01-09T00:56:09+00:00","description":"EOS SteamRock II Basic, y\u00fcksek verimlili\u011fi ve sa\u011flam yap\u0131s\u0131 ile buharl\u0131 sauna sistemleri i\u00e7in \u00f6zel olarak tasarlanm\u0131\u015f geli\u015fmi\u015f bir buhar jenerat\u00f6r\u00fcd\u00fcr.","breadcrumb":{"@id":"https:\/\/barrsell.com\/urun\/eos-steamrock-ii-basic\/#breadcrumb"},"inLanguage":"en-US","potentialAction":[{"@type":"ReadAction","target":["https:\/\/barrsell.com\/urun\/eos-steamrock-ii-basic\/"]}]},{"@type":"ImageObject","inLanguage":"en-US","@id":"https:\/\/barrsell.com\/urun\/eos-steamrock-ii-basic\/#primaryimage","url":"https:\/\/barrsell.com\/wp-content\/uploads\/2024\/08\/EOS-SteamRock-II-Basic.png","contentUrl":"https:\/\/barrsell.com\/wp-content\/uploads\/2024\/08\/EOS-SteamRock-II-Basic.png","width":1200,"height":1200,"caption":"EOS-SteamRock-II-Basic"},{"@type":"BreadcrumbList","@id":"https:\/\/barrsell.com\/urun\/eos-steamrock-ii-basic\/#breadcrumb","itemListElement":[{"@type":"ListItem","position":1,"name":"Home","item":"https:\/\/barrsell.com\/"},{"@type":"ListItem","position":2,"name":"\u00dcr\u00fcnler","item":"https:\/\/barrsell.com\/en\/products\/"},{"@type":"ListItem","position":3,"name":"EOS SteamRock II Basic"}]},{"@type":"WebSite","@id":"https:\/\/barrsell.com\/#website","url":"https:\/\/barrsell.com\/","name":"Barrsell End\u00fcstri Makine","description":"Teknolojiyle G\u00fc\u00e7lenen End\u00fcstriyel \u00c7\u00f6z\u00fcmler!","potentialAction":[{"@type":"SearchAction","target":{"@type":"EntryPoint","urlTemplate":"https:\/\/barrsell.com\/?s={search_term_string}"},"query-input":"required name=search_term_string"}],"inLanguage":"en-US"}]}},"_links":{"self":[{"href":"https:\/\/barrsell.com\/en\/wp-json\/wp\/v2\/product\/11537","targetHints":{"allow":["GET"]}}],"collection":[{"href":"https:\/\/barrsell.com\/en\/wp-json\/wp\/v2\/product"}],"about":[{"href":"https:\/\/barrsell.com\/en\/wp-json\/wp\/v2\/types\/product"}],"version-history":[{"count":7,"href":"https:\/\/barrsell.com\/en\/wp-json\/wp\/v2\/product\/11537\/revisions"}],"predecessor-version":[{"id":20058,"href":"https:\/\/barrsell.com\/en\/wp-json\/wp\/v2\/product\/11537\/revisions\/20058"}],"wp:featuredmedia":[{"embeddable":true,"href":"https:\/\/barrsell.com\/en\/wp-json\/wp\/v2\/media\/11538"}],"wp:attachment":[{"href":"https:\/\/barrsell.com\/en\/wp-json\/wp\/v2\/media?parent=11537"}],"wp:term":[{"taxonomy":"product_cat","embeddable":true,"href":"https:\/\/barrsell.com\/en\/wp-json\/wp\/v2\/product_cat?post=11537"},{"taxonomy":"product_tag","embeddable":true,"href":"https:\/\/barrsell.com\/en\/wp-json\/wp\/v2\/product_tag?post=11537"}],"curies":[{"name":"wp","href":"https:\/\/api.w.org\/{rel}","templated":true}]}}