{"id":11534,"date":"2024-08-12T12:35:50","date_gmt":"2024-08-12T12:35:50","guid":{"rendered":"https:\/\/barrsell.com\/?post_type=product&#038;p=11534"},"modified":"2025-01-09T01:09:35","modified_gmt":"2025-01-09T01:09:35","slug":"eos-steamroch-ii-premium","status":"publish","type":"product","link":"https:\/\/barrsell.com\/en\/product\/eos-steamroch-ii-premium\/","title":{"rendered":"EOS Steamrock II premium"},"content":{"rendered":"<h2>EOS SteamRock II Premium<\/h2>\n<p>The EOS SteamRock II Premium provides superior steam generation and precise humidity control in industrial and commercial areas. It is a high performance steam humidifier system. It gives reliability especially in large-scale areas and harsh environmental conditions. It also offers energy efficiency and longevity, making it an ideal solution to meet humidification needs.<\/p>\n<h4 style=\"text-align: left;\">Featured features of the EOS SteamRock II Premium<\/h4>\n<p>The device quickly and efficiently converts water into steam, uniformly distributing it to ambient air. This technology precisely maintains the desired level of humidity in the environment. It both increases employee comfort and maintains product quality. Therefore, the device offers a perfect solution in production facilities, hospitals, data centers and other environments that require precise humidity control.<\/p>\n<p>The fact that the device is in the premium class indicates that it is equipped with high-quality materials and superior technology. The EOS SteamRoch II Premium delivers long-lasting and reliable performance even in harsh industrial environments. This durability keeps the maintenance requirement of the device to a minimum, while providing a cost-effective solution in the long run.<\/p>","protected":false},"excerpt":{"rendered":"<p>EOS SteamRock II Premium EOS SteamRock II Premium end\u00fcstriyel ve ticari alanlarda \u00fcst\u00fcn buhar \u00fcretimi ve hassas nem kontrol\u00fc sa\u011flar.<\/p>","protected":false},"featured_media":11535,"template":"","meta":[],"product_cat":[113,151],"product_tag":[],"class_list":{"0":"post-11534","1":"product","2":"type-product","3":"status-publish","4":"has-post-thumbnail","6":"product_cat-buhar-jeneratorleri-nemlendiriciler","7":"product_cat-eos-isitici-elementli-sistemler","9":"first","10":"instock","11":"shipping-taxable","12":"purchasable","13":"product-type-variable"},"yoast_head":"<!-- This site is optimized with the Yoast SEO Premium plugin v23.2 (Yoast SEO v23.2) - https:\/\/yoast.com\/wordpress\/plugins\/seo\/ -->\n<title>EOS Steamrock II premium | Barrsel End\u00fcstri<\/title>\n<meta name=\"description\" content=\"EOS SteamRock II Premium end\u00fcstriyel ve ticari alanlarda \u00fcst\u00fcn buhar \u00fcretimi ve hassas nem kontrol\u00fc sa\u011flamak \u00fczere tasarlanm\u0131\u015f, y\u00fcksek performansl\u0131 bir\" \/>\n<meta name=\"robots\" content=\"index, follow, max-snippet:-1, max-image-preview:large, max-video-preview:-1\" \/>\n<link rel=\"canonical\" href=\"https:\/\/barrsell.com\/en\/product\/eos-steamroch-ii-premium\/\" \/>\n<meta property=\"og:locale\" content=\"en_US\" \/>\n<meta property=\"og:type\" content=\"article\" \/>\n<meta property=\"og:title\" content=\"EOS Steamrock II premium\" \/>\n<meta property=\"og:description\" content=\"EOS SteamRock II Premium end\u00fcstriyel ve ticari alanlarda \u00fcst\u00fcn buhar \u00fcretimi ve hassas nem kontrol\u00fc sa\u011flamak \u00fczere tasarlanm\u0131\u015f, y\u00fcksek performansl\u0131 bir\" \/>\n<meta property=\"og:url\" content=\"https:\/\/barrsell.com\/en\/product\/eos-steamroch-ii-premium\/\" \/>\n<meta property=\"og:site_name\" content=\"Barrsell\" \/>\n<meta property=\"article:modified_time\" content=\"2025-01-09T01:09:35+00:00\" \/>\n<meta property=\"og:image\" content=\"https:\/\/barrsell.com\/wp-content\/uploads\/2024\/08\/eos-steamroch-II-premium.png\" \/>\n\t<meta property=\"og:image:width\" content=\"1200\" \/>\n\t<meta property=\"og:image:height\" content=\"1200\" \/>\n\t<meta property=\"og:image:type\" content=\"image\/png\" \/>\n<meta name=\"twitter:card\" content=\"summary_large_image\" \/>\n<meta name=\"twitter:label1\" content=\"Est. reading time\" \/>\n\t<meta name=\"twitter:data1\" content=\"2 minutes\" \/>\n<script type=\"application\/ld+json\" class=\"yoast-schema-graph\">{\"@context\":\"https:\/\/schema.org\",\"@graph\":[{\"@type\":\"WebPage\",\"@id\":\"https:\/\/barrsell.com\/urun\/eos-steamroch-ii-premium\/\",\"url\":\"https:\/\/barrsell.com\/urun\/eos-steamroch-ii-premium\/\",\"name\":\"EOS Steamrock II premium | Barrsel End\u00fcstri\",\"isPartOf\":{\"@id\":\"https:\/\/barrsell.com\/#website\"},\"primaryImageOfPage\":{\"@id\":\"https:\/\/barrsell.com\/urun\/eos-steamroch-ii-premium\/#primaryimage\"},\"image\":{\"@id\":\"https:\/\/barrsell.com\/urun\/eos-steamroch-ii-premium\/#primaryimage\"},\"thumbnailUrl\":\"https:\/\/barrsell.com\/wp-content\/uploads\/2024\/08\/eos-steamroch-II-premium.png\",\"datePublished\":\"2024-08-12T12:35:50+00:00\",\"dateModified\":\"2025-01-09T01:09:35+00:00\",\"description\":\"EOS SteamRock II Premium end\u00fcstriyel ve ticari alanlarda \u00fcst\u00fcn buhar \u00fcretimi ve hassas nem kontrol\u00fc sa\u011flamak \u00fczere tasarlanm\u0131\u015f, y\u00fcksek performansl\u0131 bir\",\"breadcrumb\":{\"@id\":\"https:\/\/barrsell.com\/urun\/eos-steamroch-ii-premium\/#breadcrumb\"},\"inLanguage\":\"en-US\",\"potentialAction\":[{\"@type\":\"ReadAction\",\"target\":[\"https:\/\/barrsell.com\/urun\/eos-steamroch-ii-premium\/\"]}]},{\"@type\":\"ImageObject\",\"inLanguage\":\"en-US\",\"@id\":\"https:\/\/barrsell.com\/urun\/eos-steamroch-ii-premium\/#primaryimage\",\"url\":\"https:\/\/barrsell.com\/wp-content\/uploads\/2024\/08\/eos-steamroch-II-premium.png\",\"contentUrl\":\"https:\/\/barrsell.com\/wp-content\/uploads\/2024\/08\/eos-steamroch-II-premium.png\",\"width\":1200,\"height\":1200,\"caption\":\"eos-steamroch-II-premium\"},{\"@type\":\"BreadcrumbList\",\"@id\":\"https:\/\/barrsell.com\/urun\/eos-steamroch-ii-premium\/#breadcrumb\",\"itemListElement\":[{\"@type\":\"ListItem\",\"position\":1,\"name\":\"Home\",\"item\":\"https:\/\/barrsell.com\/\"},{\"@type\":\"ListItem\",\"position\":2,\"name\":\"\u00dcr\u00fcnler\",\"item\":\"https:\/\/barrsell.com\/en\/products\/\"},{\"@type\":\"ListItem\",\"position\":3,\"name\":\"EOS Steamrock II premium\"}]},{\"@type\":\"WebSite\",\"@id\":\"https:\/\/barrsell.com\/#website\",\"url\":\"https:\/\/barrsell.com\/\",\"name\":\"Barrsell End\u00fcstri Makine\",\"description\":\"Teknolojiyle G\u00fc\u00e7lenen End\u00fcstriyel \u00c7\u00f6z\u00fcmler!\",\"potentialAction\":[{\"@type\":\"SearchAction\",\"target\":{\"@type\":\"EntryPoint\",\"urlTemplate\":\"https:\/\/barrsell.com\/?s={search_term_string}\"},\"query-input\":\"required name=search_term_string\"}],\"inLanguage\":\"en-US\"}]}<\/script>\n<!-- \/ Yoast SEO Premium plugin. -->","yoast_head_json":{"title":"EOS Steamrock II premium | Barrsel End\u00fcstri","description":"EOS SteamRock II Premium end\u00fcstriyel ve ticari alanlarda \u00fcst\u00fcn buhar \u00fcretimi ve hassas nem kontrol\u00fc sa\u011flamak \u00fczere tasarlanm\u0131\u015f, y\u00fcksek performansl\u0131 bir","robots":{"index":"index","follow":"follow","max-snippet":"max-snippet:-1","max-image-preview":"max-image-preview:large","max-video-preview":"max-video-preview:-1"},"canonical":"https:\/\/barrsell.com\/en\/product\/eos-steamroch-ii-premium\/","og_locale":"en_US","og_type":"article","og_title":"EOS Steamrock II premium","og_description":"EOS SteamRock II Premium end\u00fcstriyel ve ticari alanlarda \u00fcst\u00fcn buhar \u00fcretimi ve hassas nem kontrol\u00fc sa\u011flamak \u00fczere tasarlanm\u0131\u015f, y\u00fcksek performansl\u0131 bir","og_url":"https:\/\/barrsell.com\/en\/product\/eos-steamroch-ii-premium\/","og_site_name":"Barrsell","article_modified_time":"2025-01-09T01:09:35+00:00","og_image":[{"width":1200,"height":1200,"url":"https:\/\/barrsell.com\/wp-content\/uploads\/2024\/08\/eos-steamroch-II-premium.png","type":"image\/png"}],"twitter_card":"summary_large_image","twitter_misc":{"Est. reading time":"2 minutes"},"schema":{"@context":"https:\/\/schema.org","@graph":[{"@type":"WebPage","@id":"https:\/\/barrsell.com\/urun\/eos-steamroch-ii-premium\/","url":"https:\/\/barrsell.com\/urun\/eos-steamroch-ii-premium\/","name":"EOS Steamrock II premium | Barrsel End\u00fcstri","isPartOf":{"@id":"https:\/\/barrsell.com\/#website"},"primaryImageOfPage":{"@id":"https:\/\/barrsell.com\/urun\/eos-steamroch-ii-premium\/#primaryimage"},"image":{"@id":"https:\/\/barrsell.com\/urun\/eos-steamroch-ii-premium\/#primaryimage"},"thumbnailUrl":"https:\/\/barrsell.com\/wp-content\/uploads\/2024\/08\/eos-steamroch-II-premium.png","datePublished":"2024-08-12T12:35:50+00:00","dateModified":"2025-01-09T01:09:35+00:00","description":"EOS SteamRock II Premium end\u00fcstriyel ve ticari alanlarda \u00fcst\u00fcn buhar \u00fcretimi ve hassas nem kontrol\u00fc sa\u011flamak \u00fczere tasarlanm\u0131\u015f, y\u00fcksek performansl\u0131 bir","breadcrumb":{"@id":"https:\/\/barrsell.com\/urun\/eos-steamroch-ii-premium\/#breadcrumb"},"inLanguage":"en-US","potentialAction":[{"@type":"ReadAction","target":["https:\/\/barrsell.com\/urun\/eos-steamroch-ii-premium\/"]}]},{"@type":"ImageObject","inLanguage":"en-US","@id":"https:\/\/barrsell.com\/urun\/eos-steamroch-ii-premium\/#primaryimage","url":"https:\/\/barrsell.com\/wp-content\/uploads\/2024\/08\/eos-steamroch-II-premium.png","contentUrl":"https:\/\/barrsell.com\/wp-content\/uploads\/2024\/08\/eos-steamroch-II-premium.png","width":1200,"height":1200,"caption":"eos-steamroch-II-premium"},{"@type":"BreadcrumbList","@id":"https:\/\/barrsell.com\/urun\/eos-steamroch-ii-premium\/#breadcrumb","itemListElement":[{"@type":"ListItem","position":1,"name":"Home","item":"https:\/\/barrsell.com\/"},{"@type":"ListItem","position":2,"name":"\u00dcr\u00fcnler","item":"https:\/\/barrsell.com\/en\/products\/"},{"@type":"ListItem","position":3,"name":"EOS Steamrock II premium"}]},{"@type":"WebSite","@id":"https:\/\/barrsell.com\/#website","url":"https:\/\/barrsell.com\/","name":"Barrsell End\u00fcstri Makine","description":"Teknolojiyle G\u00fc\u00e7lenen End\u00fcstriyel \u00c7\u00f6z\u00fcmler!","potentialAction":[{"@type":"SearchAction","target":{"@type":"EntryPoint","urlTemplate":"https:\/\/barrsell.com\/?s={search_term_string}"},"query-input":"required name=search_term_string"}],"inLanguage":"en-US"}]}},"_links":{"self":[{"href":"https:\/\/barrsell.com\/en\/wp-json\/wp\/v2\/product\/11534","targetHints":{"allow":["GET"]}}],"collection":[{"href":"https:\/\/barrsell.com\/en\/wp-json\/wp\/v2\/product"}],"about":[{"href":"https:\/\/barrsell.com\/en\/wp-json\/wp\/v2\/types\/product"}],"version-history":[{"count":9,"href":"https:\/\/barrsell.com\/en\/wp-json\/wp\/v2\/product\/11534\/revisions"}],"predecessor-version":[{"id":20063,"href":"https:\/\/barrsell.com\/en\/wp-json\/wp\/v2\/product\/11534\/revisions\/20063"}],"wp:featuredmedia":[{"embeddable":true,"href":"https:\/\/barrsell.com\/en\/wp-json\/wp\/v2\/media\/11535"}],"wp:attachment":[{"href":"https:\/\/barrsell.com\/en\/wp-json\/wp\/v2\/media?parent=11534"}],"wp:term":[{"taxonomy":"product_cat","embeddable":true,"href":"https:\/\/barrsell.com\/en\/wp-json\/wp\/v2\/product_cat?post=11534"},{"taxonomy":"product_tag","embeddable":true,"href":"https:\/\/barrsell.com\/en\/wp-json\/wp\/v2\/product_tag?post=11534"}],"curies":[{"name":"wp","href":"https:\/\/api.w.org\/{rel}","templated":true}]}}