{"id":11529,"date":"2024-08-12T12:26:11","date_gmt":"2024-08-12T12:26:11","guid":{"rendered":"https:\/\/barrsell.com\/?post_type=product&#038;p=11529"},"modified":"2025-01-09T01:20:35","modified_gmt":"2025-01-09T01:20:35","slug":"eos-steamattrac","status":"publish","type":"product","link":"https:\/\/barrsell.com\/en\/product\/eos-steamattrac\/","title":{"rendered":"EOS SteamAttrac Humidifier"},"content":{"rendered":"<h2>EOS SteamAttrac Humidifier<\/h2>\n<p>EOS SteamAttrac Humidifier is an innovative steam humidifier system designed to provide highly efficient humidification in industrial and commercial environments. This device offers superior performance, especially in large areas and environments where precise humidity control is critical. EOS SteamAttrac stands out with its advanced steam technology, energy efficiency and user-friendly design. Provides an innovative solution to humidification needs.<\/p>\n<h3>Features<\/h3>\n<p>One of the most notable features of the EOS SteamAttrac is its fast and efficient steam production. The device quickly converts water into steam, evenly and homogeneously distributing it to ambient air. Thanks to this, the device precisely maintains the balance of moisture. Provides the desired level of humidity in every corner of the environment. This feature offers an ideal humidification solution, especially for data centers, laboratories, museums and other sensitive areas. In addition to the high performance of the device, energy efficiency is also remarkable. EOS SteamAttrac keeps operating costs to a minimum with low energy consumption. And it provides a cost-effective solution in the long run. This feature, which increases energy efficiency, allows businesses to both save energy and adopt an environmentally friendly approach.<\/p>","protected":false},"excerpt":{"rendered":"<p>EOS SteamAttrac Nemlendirici EOS SteamAttrac Nemlendirici end\u00fcstriyel ve ticari ortamlarda y\u00fcksek verimli nemlendirme sa\u011flamak \u00fczere tasarlanm\u0131\u015f, yenilik\u00e7i bir buharl\u0131 nemlendirici<\/p>","protected":false},"featured_media":11531,"template":"","meta":[],"product_cat":[113,149,151],"product_tag":[],"class_list":{"0":"post-11529","1":"product","2":"type-product","3":"status-publish","4":"has-post-thumbnail","6":"product_cat-buhar-jeneratorleri-nemlendiriciler","7":"product_cat-eos-buharli-nemlendirici","8":"product_cat-eos-isitici-elementli-sistemler","10":"first","11":"instock","12":"shipping-taxable","13":"purchasable","14":"product-type-variable"},"yoast_head":"<!-- This site is optimized with the Yoast SEO Premium plugin v23.2 (Yoast SEO v23.2) - https:\/\/yoast.com\/wordpress\/plugins\/seo\/ -->\n<title>EOS SteamAttrac Nemlendirici | Barrsell End\u00fcstri<\/title>\n<meta name=\"description\" content=\"EOS SteamAttrac end\u00fcstriyel ve ticari ortamlarda y\u00fcksek verimli nemlendirme sa\u011flamak \u00fczere tasarlanm\u0131\u015f, yenilik\u00e7i bir buharl\u0131 nemlendirici sistemidir.\" \/>\n<meta name=\"robots\" content=\"index, follow, max-snippet:-1, max-image-preview:large, max-video-preview:-1\" \/>\n<link rel=\"canonical\" href=\"https:\/\/barrsell.com\/en\/product\/eos-steamattrac\/\" \/>\n<meta property=\"og:locale\" content=\"en_US\" \/>\n<meta property=\"og:type\" content=\"article\" \/>\n<meta property=\"og:title\" content=\"EOS SteamAttrac Nemlendirici\" \/>\n<meta property=\"og:description\" content=\"EOS SteamAttrac end\u00fcstriyel ve ticari ortamlarda y\u00fcksek verimli nemlendirme sa\u011flamak \u00fczere tasarlanm\u0131\u015f, yenilik\u00e7i bir buharl\u0131 nemlendirici sistemidir.\" \/>\n<meta property=\"og:url\" content=\"https:\/\/barrsell.com\/en\/product\/eos-steamattrac\/\" \/>\n<meta property=\"og:site_name\" content=\"Barrsell\" \/>\n<meta property=\"article:modified_time\" content=\"2025-01-09T01:20:35+00:00\" \/>\n<meta property=\"og:image\" content=\"https:\/\/barrsell.com\/wp-content\/uploads\/2024\/08\/eos-steamattrac.png\" \/>\n\t<meta property=\"og:image:width\" content=\"1200\" \/>\n\t<meta property=\"og:image:height\" content=\"1200\" \/>\n\t<meta property=\"og:image:type\" content=\"image\/png\" \/>\n<meta name=\"twitter:card\" content=\"summary_large_image\" \/>\n<meta name=\"twitter:label1\" content=\"Est. reading time\" \/>\n\t<meta name=\"twitter:data1\" content=\"2 minutes\" \/>\n<script type=\"application\/ld+json\" class=\"yoast-schema-graph\">{\"@context\":\"https:\/\/schema.org\",\"@graph\":[{\"@type\":\"WebPage\",\"@id\":\"https:\/\/barrsell.com\/urun\/eos-steamattrac\/\",\"url\":\"https:\/\/barrsell.com\/urun\/eos-steamattrac\/\",\"name\":\"EOS SteamAttrac Nemlendirici | Barrsell End\u00fcstri\",\"isPartOf\":{\"@id\":\"https:\/\/barrsell.com\/#website\"},\"primaryImageOfPage\":{\"@id\":\"https:\/\/barrsell.com\/urun\/eos-steamattrac\/#primaryimage\"},\"image\":{\"@id\":\"https:\/\/barrsell.com\/urun\/eos-steamattrac\/#primaryimage\"},\"thumbnailUrl\":\"https:\/\/barrsell.com\/wp-content\/uploads\/2024\/08\/eos-steamattrac.png\",\"datePublished\":\"2024-08-12T12:26:11+00:00\",\"dateModified\":\"2025-01-09T01:20:35+00:00\",\"description\":\"EOS SteamAttrac end\u00fcstriyel ve ticari ortamlarda y\u00fcksek verimli nemlendirme sa\u011flamak \u00fczere tasarlanm\u0131\u015f, yenilik\u00e7i bir buharl\u0131 nemlendirici sistemidir.\",\"breadcrumb\":{\"@id\":\"https:\/\/barrsell.com\/urun\/eos-steamattrac\/#breadcrumb\"},\"inLanguage\":\"en-US\",\"potentialAction\":[{\"@type\":\"ReadAction\",\"target\":[\"https:\/\/barrsell.com\/urun\/eos-steamattrac\/\"]}]},{\"@type\":\"ImageObject\",\"inLanguage\":\"en-US\",\"@id\":\"https:\/\/barrsell.com\/urun\/eos-steamattrac\/#primaryimage\",\"url\":\"https:\/\/barrsell.com\/wp-content\/uploads\/2024\/08\/eos-steamattrac.png\",\"contentUrl\":\"https:\/\/barrsell.com\/wp-content\/uploads\/2024\/08\/eos-steamattrac.png\",\"width\":1200,\"height\":1200,\"caption\":\"eos-steamattrac.\"},{\"@type\":\"BreadcrumbList\",\"@id\":\"https:\/\/barrsell.com\/urun\/eos-steamattrac\/#breadcrumb\",\"itemListElement\":[{\"@type\":\"ListItem\",\"position\":1,\"name\":\"Home\",\"item\":\"https:\/\/barrsell.com\/\"},{\"@type\":\"ListItem\",\"position\":2,\"name\":\"\u00dcr\u00fcnler\",\"item\":\"https:\/\/barrsell.com\/en\/products\/\"},{\"@type\":\"ListItem\",\"position\":3,\"name\":\"EOS SteamAttrac Nemlendirici\"}]},{\"@type\":\"WebSite\",\"@id\":\"https:\/\/barrsell.com\/#website\",\"url\":\"https:\/\/barrsell.com\/\",\"name\":\"Barrsell End\u00fcstri Makine\",\"description\":\"Teknolojiyle G\u00fc\u00e7lenen End\u00fcstriyel \u00c7\u00f6z\u00fcmler!\",\"potentialAction\":[{\"@type\":\"SearchAction\",\"target\":{\"@type\":\"EntryPoint\",\"urlTemplate\":\"https:\/\/barrsell.com\/?s={search_term_string}\"},\"query-input\":\"required name=search_term_string\"}],\"inLanguage\":\"en-US\"}]}<\/script>\n<!-- \/ Yoast SEO Premium plugin. -->","yoast_head_json":{"title":"EOS SteamAttrac Nemlendirici | Barrsell End\u00fcstri","description":"EOS SteamAttrac end\u00fcstriyel ve ticari ortamlarda y\u00fcksek verimli nemlendirme sa\u011flamak \u00fczere tasarlanm\u0131\u015f, yenilik\u00e7i bir buharl\u0131 nemlendirici sistemidir.","robots":{"index":"index","follow":"follow","max-snippet":"max-snippet:-1","max-image-preview":"max-image-preview:large","max-video-preview":"max-video-preview:-1"},"canonical":"https:\/\/barrsell.com\/en\/product\/eos-steamattrac\/","og_locale":"en_US","og_type":"article","og_title":"EOS SteamAttrac Nemlendirici","og_description":"EOS SteamAttrac end\u00fcstriyel ve ticari ortamlarda y\u00fcksek verimli nemlendirme sa\u011flamak \u00fczere tasarlanm\u0131\u015f, yenilik\u00e7i bir buharl\u0131 nemlendirici sistemidir.","og_url":"https:\/\/barrsell.com\/en\/product\/eos-steamattrac\/","og_site_name":"Barrsell","article_modified_time":"2025-01-09T01:20:35+00:00","og_image":[{"width":1200,"height":1200,"url":"https:\/\/barrsell.com\/wp-content\/uploads\/2024\/08\/eos-steamattrac.png","type":"image\/png"}],"twitter_card":"summary_large_image","twitter_misc":{"Est. reading time":"2 minutes"},"schema":{"@context":"https:\/\/schema.org","@graph":[{"@type":"WebPage","@id":"https:\/\/barrsell.com\/urun\/eos-steamattrac\/","url":"https:\/\/barrsell.com\/urun\/eos-steamattrac\/","name":"EOS SteamAttrac Nemlendirici | Barrsell End\u00fcstri","isPartOf":{"@id":"https:\/\/barrsell.com\/#website"},"primaryImageOfPage":{"@id":"https:\/\/barrsell.com\/urun\/eos-steamattrac\/#primaryimage"},"image":{"@id":"https:\/\/barrsell.com\/urun\/eos-steamattrac\/#primaryimage"},"thumbnailUrl":"https:\/\/barrsell.com\/wp-content\/uploads\/2024\/08\/eos-steamattrac.png","datePublished":"2024-08-12T12:26:11+00:00","dateModified":"2025-01-09T01:20:35+00:00","description":"EOS SteamAttrac end\u00fcstriyel ve ticari ortamlarda y\u00fcksek verimli nemlendirme sa\u011flamak \u00fczere tasarlanm\u0131\u015f, yenilik\u00e7i bir buharl\u0131 nemlendirici sistemidir.","breadcrumb":{"@id":"https:\/\/barrsell.com\/urun\/eos-steamattrac\/#breadcrumb"},"inLanguage":"en-US","potentialAction":[{"@type":"ReadAction","target":["https:\/\/barrsell.com\/urun\/eos-steamattrac\/"]}]},{"@type":"ImageObject","inLanguage":"en-US","@id":"https:\/\/barrsell.com\/urun\/eos-steamattrac\/#primaryimage","url":"https:\/\/barrsell.com\/wp-content\/uploads\/2024\/08\/eos-steamattrac.png","contentUrl":"https:\/\/barrsell.com\/wp-content\/uploads\/2024\/08\/eos-steamattrac.png","width":1200,"height":1200,"caption":"eos-steamattrac."},{"@type":"BreadcrumbList","@id":"https:\/\/barrsell.com\/urun\/eos-steamattrac\/#breadcrumb","itemListElement":[{"@type":"ListItem","position":1,"name":"Home","item":"https:\/\/barrsell.com\/"},{"@type":"ListItem","position":2,"name":"\u00dcr\u00fcnler","item":"https:\/\/barrsell.com\/en\/products\/"},{"@type":"ListItem","position":3,"name":"EOS SteamAttrac Nemlendirici"}]},{"@type":"WebSite","@id":"https:\/\/barrsell.com\/#website","url":"https:\/\/barrsell.com\/","name":"Barrsell End\u00fcstri Makine","description":"Teknolojiyle G\u00fc\u00e7lenen End\u00fcstriyel \u00c7\u00f6z\u00fcmler!","potentialAction":[{"@type":"SearchAction","target":{"@type":"EntryPoint","urlTemplate":"https:\/\/barrsell.com\/?s={search_term_string}"},"query-input":"required name=search_term_string"}],"inLanguage":"en-US"}]}},"_links":{"self":[{"href":"https:\/\/barrsell.com\/en\/wp-json\/wp\/v2\/product\/11529","targetHints":{"allow":["GET"]}}],"collection":[{"href":"https:\/\/barrsell.com\/en\/wp-json\/wp\/v2\/product"}],"about":[{"href":"https:\/\/barrsell.com\/en\/wp-json\/wp\/v2\/types\/product"}],"version-history":[{"count":5,"href":"https:\/\/barrsell.com\/en\/wp-json\/wp\/v2\/product\/11529\/revisions"}],"predecessor-version":[{"id":20066,"href":"https:\/\/barrsell.com\/en\/wp-json\/wp\/v2\/product\/11529\/revisions\/20066"}],"wp:featuredmedia":[{"embeddable":true,"href":"https:\/\/barrsell.com\/en\/wp-json\/wp\/v2\/media\/11531"}],"wp:attachment":[{"href":"https:\/\/barrsell.com\/en\/wp-json\/wp\/v2\/media?parent=11529"}],"wp:term":[{"taxonomy":"product_cat","embeddable":true,"href":"https:\/\/barrsell.com\/en\/wp-json\/wp\/v2\/product_cat?post=11529"},{"taxonomy":"product_tag","embeddable":true,"href":"https:\/\/barrsell.com\/en\/wp-json\/wp\/v2\/product_tag?post=11529"}],"curies":[{"name":"wp","href":"https:\/\/api.w.org\/{rel}","templated":true}]}}