{"id":11525,"date":"2024-08-12T12:14:57","date_gmt":"2024-08-12T12:14:57","guid":{"rendered":"https:\/\/barrsell.com\/?post_type=product&#038;p=11525"},"modified":"2025-01-09T01:27:21","modified_gmt":"2025-01-09T01:27:21","slug":"carel-humidisk-nemlendirici","status":"publish","type":"product","link":"https:\/\/barrsell.com\/en\/product\/carel-humidisk-humidifier\/","title":{"rendered":"Carel HumiDisk Humidifier"},"content":{"rendered":"<h2>Carel HumiDisk Humidifier<\/h2>\n<p>Carel HumiDisk Humidifier provides high performance humidification in industrial and commercial areas. It is a compact and efficient centrifugal humidifier. This device stands out with its low energy consumption and ease of maintenance. It is an ideal solution especially for businesses that want to maintain optimal humidity levels in small and medium-sized areas.<\/p>\n<h4>Carel HumiDisk kullan\u0131c\u0131 dostu<\/h4>\n<p>It attracts attention with its design and easy installation. Thanks to its compact structure, you can easily install it even in environments with limited space. In addition, the low energy consumption of the device minimizes operating costs. And it provides a cost-effective solution in the long run. These properties make HumiDiski ideal for a variety of applications such as small production plants, greenhouses, printing workshops and warehouses.<\/p>\n<p>Another important advantage of HumiDisk  \u2047  is its minimum maintenance requirement. The moving parts of the device are made of durable and long-lasting materials. This reduces the risk of failure of the device and minimizes the need for maintenance. In addition, the easy-to-clean structure of HumiDisk allows businesses to use the device with high efficiency for a long time.<\/p>\n<p>&nbsp;<\/p>","protected":false},"excerpt":{"rendered":"<p>Carel HumiDisk Nemlendirici Carel HumiDisk Nemlendirici end\u00fcstriyel ve ticari alanlarda y\u00fcksek performansl\u0131 nemlendirme sa\u011flar. Kompakt ve verimli bir santrif\u00fcjl\u00fc nemlendirici<\/p>","protected":false},"featured_media":11526,"template":"","meta":[],"product_cat":[113,134],"product_tag":[246,243,241],"class_list":{"0":"post-11525","1":"product","2":"type-product","3":"status-publish","4":"has-post-thumbnail","6":"product_cat-buhar-jeneratorleri-nemlendiriciler","7":"product_cat-carel-adbiyatik-nemlendiriciler","8":"product_tag-buhar-jeneratoru","9":"product_tag-buharlinemlendirici","10":"product_tag-hygromatik","12":"first","13":"instock","14":"shipping-taxable","15":"product-type-simple"},"yoast_head":"<!-- This site is optimized with the Yoast SEO Premium plugin v23.2 (Yoast SEO v23.2) - https:\/\/yoast.com\/wordpress\/plugins\/seo\/ -->\n<title>Carel HumiDisk Nemlendirici | Barrsell End\u00fcstri<\/title>\n<meta name=\"description\" content=\"Carel HumiDisk Nemlendirici end\u00fcstriyel ve ticari alanlarda y\u00fcksek performansl\u0131 nemlendirme sa\u011flamak i\u00e7in tasarlanm\u0131\u015ft\u0131r.\" \/>\n<meta name=\"robots\" content=\"index, follow, max-snippet:-1, max-image-preview:large, max-video-preview:-1\" \/>\n<link rel=\"canonical\" href=\"https:\/\/barrsell.com\/en\/product\/carel-humidisk-humidifier\/\" \/>\n<meta property=\"og:locale\" content=\"en_US\" \/>\n<meta property=\"og:type\" content=\"article\" \/>\n<meta property=\"og:title\" content=\"Carel HumiDisk Nemlendirici\" \/>\n<meta property=\"og:description\" content=\"Carel HumiDisk Nemlendirici end\u00fcstriyel ve ticari alanlarda y\u00fcksek performansl\u0131 nemlendirme sa\u011flamak i\u00e7in tasarlanm\u0131\u015ft\u0131r.\" \/>\n<meta property=\"og:url\" content=\"https:\/\/barrsell.com\/en\/product\/carel-humidisk-humidifier\/\" \/>\n<meta property=\"og:site_name\" content=\"Barrsell\" \/>\n<meta property=\"article:modified_time\" content=\"2025-01-09T01:27:21+00:00\" \/>\n<meta property=\"og:image\" content=\"https:\/\/barrsell.com\/wp-content\/uploads\/2024\/08\/Carel-HumiDisk.png\" \/>\n\t<meta property=\"og:image:width\" content=\"1200\" \/>\n\t<meta property=\"og:image:height\" content=\"1200\" \/>\n\t<meta property=\"og:image:type\" content=\"image\/png\" \/>\n<meta name=\"twitter:card\" content=\"summary_large_image\" \/>\n<meta name=\"twitter:label1\" content=\"Est. reading time\" \/>\n\t<meta name=\"twitter:data1\" content=\"2 minutes\" \/>\n<script type=\"application\/ld+json\" class=\"yoast-schema-graph\">{\"@context\":\"https:\/\/schema.org\",\"@graph\":[{\"@type\":\"WebPage\",\"@id\":\"https:\/\/barrsell.com\/urun\/carel-humidisk-nemlendirici\/\",\"url\":\"https:\/\/barrsell.com\/urun\/carel-humidisk-nemlendirici\/\",\"name\":\"Carel HumiDisk Nemlendirici | Barrsell End\u00fcstri\",\"isPartOf\":{\"@id\":\"https:\/\/barrsell.com\/#website\"},\"primaryImageOfPage\":{\"@id\":\"https:\/\/barrsell.com\/urun\/carel-humidisk-nemlendirici\/#primaryimage\"},\"image\":{\"@id\":\"https:\/\/barrsell.com\/urun\/carel-humidisk-nemlendirici\/#primaryimage\"},\"thumbnailUrl\":\"https:\/\/barrsell.com\/wp-content\/uploads\/2024\/08\/Carel-HumiDisk.png\",\"datePublished\":\"2024-08-12T12:14:57+00:00\",\"dateModified\":\"2025-01-09T01:27:21+00:00\",\"description\":\"Carel HumiDisk Nemlendirici end\u00fcstriyel ve ticari alanlarda y\u00fcksek performansl\u0131 nemlendirme sa\u011flamak i\u00e7in tasarlanm\u0131\u015ft\u0131r.\",\"breadcrumb\":{\"@id\":\"https:\/\/barrsell.com\/urun\/carel-humidisk-nemlendirici\/#breadcrumb\"},\"inLanguage\":\"en-US\",\"potentialAction\":[{\"@type\":\"ReadAction\",\"target\":[\"https:\/\/barrsell.com\/urun\/carel-humidisk-nemlendirici\/\"]}]},{\"@type\":\"ImageObject\",\"inLanguage\":\"en-US\",\"@id\":\"https:\/\/barrsell.com\/urun\/carel-humidisk-nemlendirici\/#primaryimage\",\"url\":\"https:\/\/barrsell.com\/wp-content\/uploads\/2024\/08\/Carel-HumiDisk.png\",\"contentUrl\":\"https:\/\/barrsell.com\/wp-content\/uploads\/2024\/08\/Carel-HumiDisk.png\",\"width\":1200,\"height\":1200,\"caption\":\"Carel-HumiDisk\"},{\"@type\":\"BreadcrumbList\",\"@id\":\"https:\/\/barrsell.com\/urun\/carel-humidisk-nemlendirici\/#breadcrumb\",\"itemListElement\":[{\"@type\":\"ListItem\",\"position\":1,\"name\":\"Home\",\"item\":\"https:\/\/barrsell.com\/\"},{\"@type\":\"ListItem\",\"position\":2,\"name\":\"\u00dcr\u00fcnler\",\"item\":\"https:\/\/barrsell.com\/en\/products\/\"},{\"@type\":\"ListItem\",\"position\":3,\"name\":\"Carel HumiDisk Nemlendirici\"}]},{\"@type\":\"WebSite\",\"@id\":\"https:\/\/barrsell.com\/#website\",\"url\":\"https:\/\/barrsell.com\/\",\"name\":\"Barrsell End\u00fcstri Makine\",\"description\":\"Teknolojiyle G\u00fc\u00e7lenen End\u00fcstriyel \u00c7\u00f6z\u00fcmler!\",\"potentialAction\":[{\"@type\":\"SearchAction\",\"target\":{\"@type\":\"EntryPoint\",\"urlTemplate\":\"https:\/\/barrsell.com\/?s={search_term_string}\"},\"query-input\":\"required name=search_term_string\"}],\"inLanguage\":\"en-US\"}]}<\/script>\n<!-- \/ Yoast SEO Premium plugin. -->","yoast_head_json":{"title":"Carel HumiDisk Nemlendirici | Barrsell End\u00fcstri","description":"Carel HumiDisk Nemlendirici end\u00fcstriyel ve ticari alanlarda y\u00fcksek performansl\u0131 nemlendirme sa\u011flamak i\u00e7in tasarlanm\u0131\u015ft\u0131r.","robots":{"index":"index","follow":"follow","max-snippet":"max-snippet:-1","max-image-preview":"max-image-preview:large","max-video-preview":"max-video-preview:-1"},"canonical":"https:\/\/barrsell.com\/en\/product\/carel-humidisk-humidifier\/","og_locale":"en_US","og_type":"article","og_title":"Carel HumiDisk Nemlendirici","og_description":"Carel HumiDisk Nemlendirici end\u00fcstriyel ve ticari alanlarda y\u00fcksek performansl\u0131 nemlendirme sa\u011flamak i\u00e7in tasarlanm\u0131\u015ft\u0131r.","og_url":"https:\/\/barrsell.com\/en\/product\/carel-humidisk-humidifier\/","og_site_name":"Barrsell","article_modified_time":"2025-01-09T01:27:21+00:00","og_image":[{"width":1200,"height":1200,"url":"https:\/\/barrsell.com\/wp-content\/uploads\/2024\/08\/Carel-HumiDisk.png","type":"image\/png"}],"twitter_card":"summary_large_image","twitter_misc":{"Est. reading time":"2 minutes"},"schema":{"@context":"https:\/\/schema.org","@graph":[{"@type":"WebPage","@id":"https:\/\/barrsell.com\/urun\/carel-humidisk-nemlendirici\/","url":"https:\/\/barrsell.com\/urun\/carel-humidisk-nemlendirici\/","name":"Carel HumiDisk Nemlendirici | Barrsell End\u00fcstri","isPartOf":{"@id":"https:\/\/barrsell.com\/#website"},"primaryImageOfPage":{"@id":"https:\/\/barrsell.com\/urun\/carel-humidisk-nemlendirici\/#primaryimage"},"image":{"@id":"https:\/\/barrsell.com\/urun\/carel-humidisk-nemlendirici\/#primaryimage"},"thumbnailUrl":"https:\/\/barrsell.com\/wp-content\/uploads\/2024\/08\/Carel-HumiDisk.png","datePublished":"2024-08-12T12:14:57+00:00","dateModified":"2025-01-09T01:27:21+00:00","description":"Carel HumiDisk Nemlendirici end\u00fcstriyel ve ticari alanlarda y\u00fcksek performansl\u0131 nemlendirme sa\u011flamak i\u00e7in tasarlanm\u0131\u015ft\u0131r.","breadcrumb":{"@id":"https:\/\/barrsell.com\/urun\/carel-humidisk-nemlendirici\/#breadcrumb"},"inLanguage":"en-US","potentialAction":[{"@type":"ReadAction","target":["https:\/\/barrsell.com\/urun\/carel-humidisk-nemlendirici\/"]}]},{"@type":"ImageObject","inLanguage":"en-US","@id":"https:\/\/barrsell.com\/urun\/carel-humidisk-nemlendirici\/#primaryimage","url":"https:\/\/barrsell.com\/wp-content\/uploads\/2024\/08\/Carel-HumiDisk.png","contentUrl":"https:\/\/barrsell.com\/wp-content\/uploads\/2024\/08\/Carel-HumiDisk.png","width":1200,"height":1200,"caption":"Carel-HumiDisk"},{"@type":"BreadcrumbList","@id":"https:\/\/barrsell.com\/urun\/carel-humidisk-nemlendirici\/#breadcrumb","itemListElement":[{"@type":"ListItem","position":1,"name":"Home","item":"https:\/\/barrsell.com\/"},{"@type":"ListItem","position":2,"name":"\u00dcr\u00fcnler","item":"https:\/\/barrsell.com\/en\/products\/"},{"@type":"ListItem","position":3,"name":"Carel HumiDisk Nemlendirici"}]},{"@type":"WebSite","@id":"https:\/\/barrsell.com\/#website","url":"https:\/\/barrsell.com\/","name":"Barrsell End\u00fcstri Makine","description":"Teknolojiyle G\u00fc\u00e7lenen End\u00fcstriyel \u00c7\u00f6z\u00fcmler!","potentialAction":[{"@type":"SearchAction","target":{"@type":"EntryPoint","urlTemplate":"https:\/\/barrsell.com\/?s={search_term_string}"},"query-input":"required name=search_term_string"}],"inLanguage":"en-US"}]}},"_links":{"self":[{"href":"https:\/\/barrsell.com\/en\/wp-json\/wp\/v2\/product\/11525","targetHints":{"allow":["GET"]}}],"collection":[{"href":"https:\/\/barrsell.com\/en\/wp-json\/wp\/v2\/product"}],"about":[{"href":"https:\/\/barrsell.com\/en\/wp-json\/wp\/v2\/types\/product"}],"version-history":[{"count":4,"href":"https:\/\/barrsell.com\/en\/wp-json\/wp\/v2\/product\/11525\/revisions"}],"predecessor-version":[{"id":20069,"href":"https:\/\/barrsell.com\/en\/wp-json\/wp\/v2\/product\/11525\/revisions\/20069"}],"wp:featuredmedia":[{"embeddable":true,"href":"https:\/\/barrsell.com\/en\/wp-json\/wp\/v2\/media\/11526"}],"wp:attachment":[{"href":"https:\/\/barrsell.com\/en\/wp-json\/wp\/v2\/media?parent=11525"}],"wp:term":[{"taxonomy":"product_cat","embeddable":true,"href":"https:\/\/barrsell.com\/en\/wp-json\/wp\/v2\/product_cat?post=11525"},{"taxonomy":"product_tag","embeddable":true,"href":"https:\/\/barrsell.com\/en\/wp-json\/wp\/v2\/product_tag?post=11525"}],"curies":[{"name":"wp","href":"https:\/\/api.w.org\/{rel}","templated":true}]}}