{"id":11521,"date":"2024-08-12T12:03:49","date_gmt":"2024-08-12T12:03:49","guid":{"rendered":"https:\/\/barrsell.com\/?post_type=product&#038;p=11521"},"modified":"2025-01-09T01:33:40","modified_gmt":"2025-01-09T01:33:40","slug":"carel-santrifujlu-nemlendiriciler","status":"publish","type":"product","link":"https:\/\/barrsell.com\/en\/product\/carel-centrifuge-humidifier\/","title":{"rendered":"Carel Centrifugal Humidifiers"},"content":{"rendered":"<div class=\"flex max-w-full flex-col flex-grow\">\n<div class=\"min-h-[20px] text-message flex w-full flex-col items-end gap-2 whitespace-pre-wrap break-words [.text-message+&amp;]:mt-5 overflow-x-auto\" dir=\"auto\" data-message-author-role=\"assistant\" data-message-id=\"22a4fcef-8507-4e50-9b59-df2081fb5abc\">\n<div class=\"flex w-full flex-col gap-1 empty:hidden first:pt-[3px]\">\n<div class=\"markdown prose w-full break-words dark:prose-invert light\">\n<h2>Carel centrifugal humidifiers<\/h2>\n<p>Carel centrifugal humidifiers are high-tech devices that offer an effective humidification solution in commercial and industrial areas. These humidifiers provide high performance with low energy consumption, especially in large areas. Designed to optimize the humidity level of the environment. Caramelin centrifugal humidification technology is a fast, efficient and economical humidification solution.<\/p>\n<h4>Centrifugal humidifiers<\/h4>\n<p>It atomizes the water into a fine mist, and thus distributes it homogeneously to the ambient air. This is accomplished with the help of a high-speed rotating disk or turbine. And as a result, a low-pressure system is created that provides energy efficiency. This technology provides maximum steam generation with minimal energy. And thus significantly reduces operating costs.<\/p>\n<p>Carel centrifugal humidifiers adapt to a variety of applications with a wide capacity range and flexible installation options. Food processing plants offer an ideal solution in environments where humidity level is critical, such as greenhouses, textile factories, warehouses and printing plants. Thanks to its quiet operation, it is also suitable for areas such as office buildings, museums and hotels.<\/p>\n<h4>Carel centrifugal humidifier Features<\/h4>\n<p>It stands out not only in terms of performance and efficiency, but also in terms of its eco-friendly properties. Low energy consumption helps reduce the carbon footprint of your business.\u00a0 The efficient use of water contributes to the conservation of natural resources. These features make Carel centrifugal humidifiers an ideal option for businesses looking to achieve their sustainability goals.<\/p>\n<\/div>\n<\/div>\n<\/div>\n<\/div>","protected":false},"excerpt":{"rendered":"<ul>\n<li>Very small water tank, only 55 ml<\/li>\n<li>Washing procedure at unit start<\/li>\n<li>Discharge at the end of the humidification cycle<\/li>\n<\/ul>","protected":false},"featured_media":11523,"template":"","meta":[],"product_cat":[113,131,134],"product_tag":[],"class_list":{"0":"post-11521","1":"product","2":"type-product","3":"status-publish","4":"has-post-thumbnail","6":"product_cat-buhar-jeneratorleri-nemlendiriciler","7":"product_cat-carel-buharli-nemlendirici","8":"product_cat-carel-adbiyatik-nemlendiriciler","10":"first","11":"instock","12":"shipping-taxable","13":"product-type-simple"},"yoast_head":"<!-- This site is optimized with the Yoast SEO Premium plugin v23.2 (Yoast SEO v23.2) - https:\/\/yoast.com\/wordpress\/plugins\/seo\/ -->\n<title>Carel Santrif\u00fcjl\u00fc Nemlendiriciler | Barrsell End\u00fcstri<\/title>\n<meta name=\"description\" content=\"Carel santrif\u00fcjl\u00fc nemlendiriciler ticari ve end\u00fcstriyel alanlarda etkili bir nemlendirme \u00e7\u00f6z\u00fcm\u00fc sunan ileri teknoloji cihazlard\u0131r.\" \/>\n<meta name=\"robots\" content=\"index, follow, max-snippet:-1, max-image-preview:large, max-video-preview:-1\" \/>\n<link rel=\"canonical\" href=\"https:\/\/barrsell.com\/en\/product\/carel-centrifuge-humidifier\/\" \/>\n<meta property=\"og:locale\" content=\"en_US\" \/>\n<meta property=\"og:type\" content=\"article\" \/>\n<meta property=\"og:title\" content=\"Carel Santrif\u00fcjl\u00fc Nemlendiriciler\" \/>\n<meta property=\"og:description\" content=\"Carel santrif\u00fcjl\u00fc nemlendiriciler ticari ve end\u00fcstriyel alanlarda etkili bir nemlendirme \u00e7\u00f6z\u00fcm\u00fc sunan ileri teknoloji cihazlard\u0131r.\" \/>\n<meta property=\"og:url\" content=\"https:\/\/barrsell.com\/en\/product\/carel-centrifuge-humidifier\/\" \/>\n<meta property=\"og:site_name\" content=\"Barrsell\" \/>\n<meta property=\"article:modified_time\" content=\"2025-01-09T01:33:40+00:00\" \/>\n<meta property=\"og:image\" content=\"https:\/\/barrsell.com\/wp-content\/uploads\/2024\/08\/Centrifugal-Humidifiers.png\" \/>\n\t<meta property=\"og:image:width\" content=\"1200\" \/>\n\t<meta property=\"og:image:height\" content=\"1200\" \/>\n\t<meta property=\"og:image:type\" content=\"image\/png\" \/>\n<meta name=\"twitter:card\" content=\"summary_large_image\" \/>\n<meta name=\"twitter:label1\" content=\"Est. reading time\" \/>\n\t<meta name=\"twitter:data1\" content=\"2 minutes\" \/>\n<script type=\"application\/ld+json\" class=\"yoast-schema-graph\">{\"@context\":\"https:\/\/schema.org\",\"@graph\":[{\"@type\":\"WebPage\",\"@id\":\"https:\/\/barrsell.com\/urun\/carel-santrifujlu-nemlendiriciler\/\",\"url\":\"https:\/\/barrsell.com\/urun\/carel-santrifujlu-nemlendiriciler\/\",\"name\":\"Carel Santrif\u00fcjl\u00fc Nemlendiriciler | Barrsell End\u00fcstri\",\"isPartOf\":{\"@id\":\"https:\/\/barrsell.com\/#website\"},\"primaryImageOfPage\":{\"@id\":\"https:\/\/barrsell.com\/urun\/carel-santrifujlu-nemlendiriciler\/#primaryimage\"},\"image\":{\"@id\":\"https:\/\/barrsell.com\/urun\/carel-santrifujlu-nemlendiriciler\/#primaryimage\"},\"thumbnailUrl\":\"https:\/\/barrsell.com\/wp-content\/uploads\/2024\/08\/Centrifugal-Humidifiers.png\",\"datePublished\":\"2024-08-12T12:03:49+00:00\",\"dateModified\":\"2025-01-09T01:33:40+00:00\",\"description\":\"Carel santrif\u00fcjl\u00fc nemlendiriciler ticari ve end\u00fcstriyel alanlarda etkili bir nemlendirme \u00e7\u00f6z\u00fcm\u00fc sunan ileri teknoloji cihazlard\u0131r.\",\"breadcrumb\":{\"@id\":\"https:\/\/barrsell.com\/urun\/carel-santrifujlu-nemlendiriciler\/#breadcrumb\"},\"inLanguage\":\"en-US\",\"potentialAction\":[{\"@type\":\"ReadAction\",\"target\":[\"https:\/\/barrsell.com\/urun\/carel-santrifujlu-nemlendiriciler\/\"]}]},{\"@type\":\"ImageObject\",\"inLanguage\":\"en-US\",\"@id\":\"https:\/\/barrsell.com\/urun\/carel-santrifujlu-nemlendiriciler\/#primaryimage\",\"url\":\"https:\/\/barrsell.com\/wp-content\/uploads\/2024\/08\/Centrifugal-Humidifiers.png\",\"contentUrl\":\"https:\/\/barrsell.com\/wp-content\/uploads\/2024\/08\/Centrifugal-Humidifiers.png\",\"width\":1200,\"height\":1200,\"caption\":\"Centrifugal Humidifiers\"},{\"@type\":\"BreadcrumbList\",\"@id\":\"https:\/\/barrsell.com\/urun\/carel-santrifujlu-nemlendiriciler\/#breadcrumb\",\"itemListElement\":[{\"@type\":\"ListItem\",\"position\":1,\"name\":\"Home\",\"item\":\"https:\/\/barrsell.com\/\"},{\"@type\":\"ListItem\",\"position\":2,\"name\":\"\u00dcr\u00fcnler\",\"item\":\"https:\/\/barrsell.com\/en\/products\/\"},{\"@type\":\"ListItem\",\"position\":3,\"name\":\"Carel Santrif\u00fcjl\u00fc Nemlendiriciler\"}]},{\"@type\":\"WebSite\",\"@id\":\"https:\/\/barrsell.com\/#website\",\"url\":\"https:\/\/barrsell.com\/\",\"name\":\"Barrsell End\u00fcstri Makine\",\"description\":\"Teknolojiyle G\u00fc\u00e7lenen End\u00fcstriyel \u00c7\u00f6z\u00fcmler!\",\"potentialAction\":[{\"@type\":\"SearchAction\",\"target\":{\"@type\":\"EntryPoint\",\"urlTemplate\":\"https:\/\/barrsell.com\/?s={search_term_string}\"},\"query-input\":\"required name=search_term_string\"}],\"inLanguage\":\"en-US\"}]}<\/script>\n<!-- \/ Yoast SEO Premium plugin. -->","yoast_head_json":{"title":"Carel Santrif\u00fcjl\u00fc Nemlendiriciler | Barrsell End\u00fcstri","description":"Carel santrif\u00fcjl\u00fc nemlendiriciler ticari ve end\u00fcstriyel alanlarda etkili bir nemlendirme \u00e7\u00f6z\u00fcm\u00fc sunan ileri teknoloji cihazlard\u0131r.","robots":{"index":"index","follow":"follow","max-snippet":"max-snippet:-1","max-image-preview":"max-image-preview:large","max-video-preview":"max-video-preview:-1"},"canonical":"https:\/\/barrsell.com\/en\/product\/carel-centrifuge-humidifier\/","og_locale":"en_US","og_type":"article","og_title":"Carel Santrif\u00fcjl\u00fc Nemlendiriciler","og_description":"Carel santrif\u00fcjl\u00fc nemlendiriciler ticari ve end\u00fcstriyel alanlarda etkili bir nemlendirme \u00e7\u00f6z\u00fcm\u00fc sunan ileri teknoloji cihazlard\u0131r.","og_url":"https:\/\/barrsell.com\/en\/product\/carel-centrifuge-humidifier\/","og_site_name":"Barrsell","article_modified_time":"2025-01-09T01:33:40+00:00","og_image":[{"width":1200,"height":1200,"url":"https:\/\/barrsell.com\/wp-content\/uploads\/2024\/08\/Centrifugal-Humidifiers.png","type":"image\/png"}],"twitter_card":"summary_large_image","twitter_misc":{"Est. reading time":"2 minutes"},"schema":{"@context":"https:\/\/schema.org","@graph":[{"@type":"WebPage","@id":"https:\/\/barrsell.com\/urun\/carel-santrifujlu-nemlendiriciler\/","url":"https:\/\/barrsell.com\/urun\/carel-santrifujlu-nemlendiriciler\/","name":"Carel Santrif\u00fcjl\u00fc Nemlendiriciler | Barrsell End\u00fcstri","isPartOf":{"@id":"https:\/\/barrsell.com\/#website"},"primaryImageOfPage":{"@id":"https:\/\/barrsell.com\/urun\/carel-santrifujlu-nemlendiriciler\/#primaryimage"},"image":{"@id":"https:\/\/barrsell.com\/urun\/carel-santrifujlu-nemlendiriciler\/#primaryimage"},"thumbnailUrl":"https:\/\/barrsell.com\/wp-content\/uploads\/2024\/08\/Centrifugal-Humidifiers.png","datePublished":"2024-08-12T12:03:49+00:00","dateModified":"2025-01-09T01:33:40+00:00","description":"Carel santrif\u00fcjl\u00fc nemlendiriciler ticari ve end\u00fcstriyel alanlarda etkili bir nemlendirme \u00e7\u00f6z\u00fcm\u00fc sunan ileri teknoloji cihazlard\u0131r.","breadcrumb":{"@id":"https:\/\/barrsell.com\/urun\/carel-santrifujlu-nemlendiriciler\/#breadcrumb"},"inLanguage":"en-US","potentialAction":[{"@type":"ReadAction","target":["https:\/\/barrsell.com\/urun\/carel-santrifujlu-nemlendiriciler\/"]}]},{"@type":"ImageObject","inLanguage":"en-US","@id":"https:\/\/barrsell.com\/urun\/carel-santrifujlu-nemlendiriciler\/#primaryimage","url":"https:\/\/barrsell.com\/wp-content\/uploads\/2024\/08\/Centrifugal-Humidifiers.png","contentUrl":"https:\/\/barrsell.com\/wp-content\/uploads\/2024\/08\/Centrifugal-Humidifiers.png","width":1200,"height":1200,"caption":"Centrifugal Humidifiers"},{"@type":"BreadcrumbList","@id":"https:\/\/barrsell.com\/urun\/carel-santrifujlu-nemlendiriciler\/#breadcrumb","itemListElement":[{"@type":"ListItem","position":1,"name":"Home","item":"https:\/\/barrsell.com\/"},{"@type":"ListItem","position":2,"name":"\u00dcr\u00fcnler","item":"https:\/\/barrsell.com\/en\/products\/"},{"@type":"ListItem","position":3,"name":"Carel Santrif\u00fcjl\u00fc Nemlendiriciler"}]},{"@type":"WebSite","@id":"https:\/\/barrsell.com\/#website","url":"https:\/\/barrsell.com\/","name":"Barrsell End\u00fcstri Makine","description":"Teknolojiyle G\u00fc\u00e7lenen End\u00fcstriyel \u00c7\u00f6z\u00fcmler!","potentialAction":[{"@type":"SearchAction","target":{"@type":"EntryPoint","urlTemplate":"https:\/\/barrsell.com\/?s={search_term_string}"},"query-input":"required name=search_term_string"}],"inLanguage":"en-US"}]}},"_links":{"self":[{"href":"https:\/\/barrsell.com\/en\/wp-json\/wp\/v2\/product\/11521","targetHints":{"allow":["GET"]}}],"collection":[{"href":"https:\/\/barrsell.com\/en\/wp-json\/wp\/v2\/product"}],"about":[{"href":"https:\/\/barrsell.com\/en\/wp-json\/wp\/v2\/types\/product"}],"version-history":[{"count":5,"href":"https:\/\/barrsell.com\/en\/wp-json\/wp\/v2\/product\/11521\/revisions"}],"predecessor-version":[{"id":20070,"href":"https:\/\/barrsell.com\/en\/wp-json\/wp\/v2\/product\/11521\/revisions\/20070"}],"wp:featuredmedia":[{"embeddable":true,"href":"https:\/\/barrsell.com\/en\/wp-json\/wp\/v2\/media\/11523"}],"wp:attachment":[{"href":"https:\/\/barrsell.com\/en\/wp-json\/wp\/v2\/media?parent=11521"}],"wp:term":[{"taxonomy":"product_cat","embeddable":true,"href":"https:\/\/barrsell.com\/en\/wp-json\/wp\/v2\/product_cat?post=11521"},{"taxonomy":"product_tag","embeddable":true,"href":"https:\/\/barrsell.com\/en\/wp-json\/wp\/v2\/product_tag?post=11521"}],"curies":[{"name":"wp","href":"https:\/\/api.w.org\/{rel}","templated":true}]}}