{"id":11519,"date":"2024-08-12T11:53:01","date_gmt":"2024-08-12T11:53:01","guid":{"rendered":"https:\/\/barrsell.com\/?post_type=product&#038;p=11519"},"modified":"2025-01-09T01:38:38","modified_gmt":"2025-01-09T01:38:38","slug":"carel-heatersteam-titanium","status":"publish","type":"product","link":"https:\/\/barrsell.com\/en\/product\/carel-heatersteam-titanium\/","title":{"rendered":"The Carel HeaterSteam Titanium"},"content":{"rendered":"<h2>The Carel HeaterSteam Titanium<\/h2>\n<p>Carel HeaterSteam Titanium is a high-performance steam humidifier used in industrial and commercial areas. This device offers maximum durability and long life, especially in harsh and corrosive environments. As the name suggests, it is equipped with heating elements made of titanium.\u00a0 The HeaterSteam Titanium combines reliability and durability in moisture control.<\/p>\n<h4>Titanium Feature<\/h4>\n<p>It is a material with exceptional resistance to corrosion, so the HeaterSteam Titanium delivers superior performance even in harsh water conditions and corrosive environments. Unlike traditional heating elements, titanium heaters are more resistant to mineral deposits. And this greatly reduces the need for maintenance of the device. This feature makes the HeaterSteam Titanium a cost-effective solution for long-term use.<\/p>","protected":false},"excerpt":{"rendered":"<ul>\n<li>Compact Design<\/li>\n<li>Safe Steam Production<\/li>\n<li>User friendly interface<\/li>\n<\/ul>","protected":false},"featured_media":11517,"template":"","meta":[],"product_cat":[113,133],"product_tag":[],"class_list":{"0":"post-11519","1":"product","2":"type-product","3":"status-publish","4":"has-post-thumbnail","6":"product_cat-buhar-jeneratorleri-nemlendiriciler","7":"product_cat-carel-isitici-elementli-sistemler","9":"first","10":"instock","11":"shipping-taxable","12":"product-type-simple"},"yoast_head":"<!-- This site is optimized with the Yoast SEO Premium plugin v23.2 (Yoast SEO v23.2) - https:\/\/yoast.com\/wordpress\/plugins\/seo\/ -->\n<title>Carel HeaterSteam Titanium | Barrsell End\u00fcstri<\/title>\n<meta name=\"description\" content=\"Carel HeaterSteam Titanium end\u00fcstriyel ve ticari alanlarda kullan\u0131lan, y\u00fcksek performansl\u0131 bir buharl\u0131 nemlendirici sistemdir.\" \/>\n<meta name=\"robots\" content=\"index, follow, max-snippet:-1, max-image-preview:large, max-video-preview:-1\" \/>\n<link rel=\"canonical\" href=\"https:\/\/barrsell.com\/en\/product\/carel-heatersteam-titanium\/\" \/>\n<meta property=\"og:locale\" content=\"en_US\" \/>\n<meta property=\"og:type\" content=\"article\" \/>\n<meta property=\"og:title\" content=\"Carel HeaterSteam Titanium\" \/>\n<meta property=\"og:description\" content=\"Carel HeaterSteam Titanium end\u00fcstriyel ve ticari alanlarda kullan\u0131lan, y\u00fcksek performansl\u0131 bir buharl\u0131 nemlendirici sistemdir.\" \/>\n<meta property=\"og:url\" content=\"https:\/\/barrsell.com\/en\/product\/carel-heatersteam-titanium\/\" \/>\n<meta property=\"og:site_name\" content=\"Barrsell\" \/>\n<meta property=\"article:modified_time\" content=\"2025-01-09T01:38:38+00:00\" \/>\n<meta property=\"og:image\" content=\"https:\/\/barrsell.com\/wp-content\/uploads\/2024\/08\/Carel-HeatSteam-Process.png\" \/>\n\t<meta property=\"og:image:width\" content=\"1200\" \/>\n\t<meta property=\"og:image:height\" content=\"1200\" \/>\n\t<meta property=\"og:image:type\" content=\"image\/png\" \/>\n<meta name=\"twitter:card\" content=\"summary_large_image\" \/>\n<meta name=\"twitter:label1\" content=\"Est. reading time\" \/>\n\t<meta name=\"twitter:data1\" content=\"1 minute\" \/>\n<script type=\"application\/ld+json\" class=\"yoast-schema-graph\">{\"@context\":\"https:\/\/schema.org\",\"@graph\":[{\"@type\":\"WebPage\",\"@id\":\"https:\/\/barrsell.com\/urun\/carel-heatersteam-titanium\/\",\"url\":\"https:\/\/barrsell.com\/urun\/carel-heatersteam-titanium\/\",\"name\":\"Carel HeaterSteam Titanium | Barrsell End\u00fcstri\",\"isPartOf\":{\"@id\":\"https:\/\/barrsell.com\/#website\"},\"primaryImageOfPage\":{\"@id\":\"https:\/\/barrsell.com\/urun\/carel-heatersteam-titanium\/#primaryimage\"},\"image\":{\"@id\":\"https:\/\/barrsell.com\/urun\/carel-heatersteam-titanium\/#primaryimage\"},\"thumbnailUrl\":\"https:\/\/barrsell.com\/wp-content\/uploads\/2024\/08\/Carel-HeatSteam-Process.png\",\"datePublished\":\"2024-08-12T11:53:01+00:00\",\"dateModified\":\"2025-01-09T01:38:38+00:00\",\"description\":\"Carel HeaterSteam Titanium end\u00fcstriyel ve ticari alanlarda kullan\u0131lan, y\u00fcksek performansl\u0131 bir buharl\u0131 nemlendirici sistemdir.\",\"breadcrumb\":{\"@id\":\"https:\/\/barrsell.com\/urun\/carel-heatersteam-titanium\/#breadcrumb\"},\"inLanguage\":\"en-US\",\"potentialAction\":[{\"@type\":\"ReadAction\",\"target\":[\"https:\/\/barrsell.com\/urun\/carel-heatersteam-titanium\/\"]}]},{\"@type\":\"ImageObject\",\"inLanguage\":\"en-US\",\"@id\":\"https:\/\/barrsell.com\/urun\/carel-heatersteam-titanium\/#primaryimage\",\"url\":\"https:\/\/barrsell.com\/wp-content\/uploads\/2024\/08\/Carel-HeatSteam-Process.png\",\"contentUrl\":\"https:\/\/barrsell.com\/wp-content\/uploads\/2024\/08\/Carel-HeatSteam-Process.png\",\"width\":1200,\"height\":1200,\"caption\":\"Carel-HeatSteam Process\"},{\"@type\":\"BreadcrumbList\",\"@id\":\"https:\/\/barrsell.com\/urun\/carel-heatersteam-titanium\/#breadcrumb\",\"itemListElement\":[{\"@type\":\"ListItem\",\"position\":1,\"name\":\"Home\",\"item\":\"https:\/\/barrsell.com\/\"},{\"@type\":\"ListItem\",\"position\":2,\"name\":\"\u00dcr\u00fcnler\",\"item\":\"https:\/\/barrsell.com\/en\/products\/\"},{\"@type\":\"ListItem\",\"position\":3,\"name\":\"Carel HeaterSteam Titanium\"}]},{\"@type\":\"WebSite\",\"@id\":\"https:\/\/barrsell.com\/#website\",\"url\":\"https:\/\/barrsell.com\/\",\"name\":\"Barrsell End\u00fcstri Makine\",\"description\":\"Teknolojiyle G\u00fc\u00e7lenen End\u00fcstriyel \u00c7\u00f6z\u00fcmler!\",\"potentialAction\":[{\"@type\":\"SearchAction\",\"target\":{\"@type\":\"EntryPoint\",\"urlTemplate\":\"https:\/\/barrsell.com\/?s={search_term_string}\"},\"query-input\":\"required name=search_term_string\"}],\"inLanguage\":\"en-US\"}]}<\/script>\n<!-- \/ Yoast SEO Premium plugin. -->","yoast_head_json":{"title":"Carel HeaterSteam Titanium | Barrsell End\u00fcstri","description":"Carel HeaterSteam Titanium end\u00fcstriyel ve ticari alanlarda kullan\u0131lan, y\u00fcksek performansl\u0131 bir buharl\u0131 nemlendirici sistemdir.","robots":{"index":"index","follow":"follow","max-snippet":"max-snippet:-1","max-image-preview":"max-image-preview:large","max-video-preview":"max-video-preview:-1"},"canonical":"https:\/\/barrsell.com\/en\/product\/carel-heatersteam-titanium\/","og_locale":"en_US","og_type":"article","og_title":"Carel HeaterSteam Titanium","og_description":"Carel HeaterSteam Titanium end\u00fcstriyel ve ticari alanlarda kullan\u0131lan, y\u00fcksek performansl\u0131 bir buharl\u0131 nemlendirici sistemdir.","og_url":"https:\/\/barrsell.com\/en\/product\/carel-heatersteam-titanium\/","og_site_name":"Barrsell","article_modified_time":"2025-01-09T01:38:38+00:00","og_image":[{"width":1200,"height":1200,"url":"https:\/\/barrsell.com\/wp-content\/uploads\/2024\/08\/Carel-HeatSteam-Process.png","type":"image\/png"}],"twitter_card":"summary_large_image","twitter_misc":{"Est. reading time":"1 minute"},"schema":{"@context":"https:\/\/schema.org","@graph":[{"@type":"WebPage","@id":"https:\/\/barrsell.com\/urun\/carel-heatersteam-titanium\/","url":"https:\/\/barrsell.com\/urun\/carel-heatersteam-titanium\/","name":"Carel HeaterSteam Titanium | Barrsell End\u00fcstri","isPartOf":{"@id":"https:\/\/barrsell.com\/#website"},"primaryImageOfPage":{"@id":"https:\/\/barrsell.com\/urun\/carel-heatersteam-titanium\/#primaryimage"},"image":{"@id":"https:\/\/barrsell.com\/urun\/carel-heatersteam-titanium\/#primaryimage"},"thumbnailUrl":"https:\/\/barrsell.com\/wp-content\/uploads\/2024\/08\/Carel-HeatSteam-Process.png","datePublished":"2024-08-12T11:53:01+00:00","dateModified":"2025-01-09T01:38:38+00:00","description":"Carel HeaterSteam Titanium end\u00fcstriyel ve ticari alanlarda kullan\u0131lan, y\u00fcksek performansl\u0131 bir buharl\u0131 nemlendirici sistemdir.","breadcrumb":{"@id":"https:\/\/barrsell.com\/urun\/carel-heatersteam-titanium\/#breadcrumb"},"inLanguage":"en-US","potentialAction":[{"@type":"ReadAction","target":["https:\/\/barrsell.com\/urun\/carel-heatersteam-titanium\/"]}]},{"@type":"ImageObject","inLanguage":"en-US","@id":"https:\/\/barrsell.com\/urun\/carel-heatersteam-titanium\/#primaryimage","url":"https:\/\/barrsell.com\/wp-content\/uploads\/2024\/08\/Carel-HeatSteam-Process.png","contentUrl":"https:\/\/barrsell.com\/wp-content\/uploads\/2024\/08\/Carel-HeatSteam-Process.png","width":1200,"height":1200,"caption":"Carel-HeatSteam Process"},{"@type":"BreadcrumbList","@id":"https:\/\/barrsell.com\/urun\/carel-heatersteam-titanium\/#breadcrumb","itemListElement":[{"@type":"ListItem","position":1,"name":"Home","item":"https:\/\/barrsell.com\/"},{"@type":"ListItem","position":2,"name":"\u00dcr\u00fcnler","item":"https:\/\/barrsell.com\/en\/products\/"},{"@type":"ListItem","position":3,"name":"Carel HeaterSteam Titanium"}]},{"@type":"WebSite","@id":"https:\/\/barrsell.com\/#website","url":"https:\/\/barrsell.com\/","name":"Barrsell End\u00fcstri Makine","description":"Teknolojiyle G\u00fc\u00e7lenen End\u00fcstriyel \u00c7\u00f6z\u00fcmler!","potentialAction":[{"@type":"SearchAction","target":{"@type":"EntryPoint","urlTemplate":"https:\/\/barrsell.com\/?s={search_term_string}"},"query-input":"required name=search_term_string"}],"inLanguage":"en-US"}]}},"_links":{"self":[{"href":"https:\/\/barrsell.com\/en\/wp-json\/wp\/v2\/product\/11519","targetHints":{"allow":["GET"]}}],"collection":[{"href":"https:\/\/barrsell.com\/en\/wp-json\/wp\/v2\/product"}],"about":[{"href":"https:\/\/barrsell.com\/en\/wp-json\/wp\/v2\/types\/product"}],"version-history":[{"count":4,"href":"https:\/\/barrsell.com\/en\/wp-json\/wp\/v2\/product\/11519\/revisions"}],"predecessor-version":[{"id":20071,"href":"https:\/\/barrsell.com\/en\/wp-json\/wp\/v2\/product\/11519\/revisions\/20071"}],"wp:featuredmedia":[{"embeddable":true,"href":"https:\/\/barrsell.com\/en\/wp-json\/wp\/v2\/media\/11517"}],"wp:attachment":[{"href":"https:\/\/barrsell.com\/en\/wp-json\/wp\/v2\/media?parent=11519"}],"wp:term":[{"taxonomy":"product_cat","embeddable":true,"href":"https:\/\/barrsell.com\/en\/wp-json\/wp\/v2\/product_cat?post=11519"},{"taxonomy":"product_tag","embeddable":true,"href":"https:\/\/barrsell.com\/en\/wp-json\/wp\/v2\/product_tag?post=11519"}],"curies":[{"name":"wp","href":"https:\/\/api.w.org\/{rel}","templated":true}]}}