{"id":11516,"date":"2024-08-12T11:38:52","date_gmt":"2024-08-12T11:38:52","guid":{"rendered":"https:\/\/barrsell.com\/?post_type=product&#038;p=11516"},"modified":"2025-01-09T01:43:50","modified_gmt":"2025-01-09T01:43:50","slug":"carel-heatsteam-process-nemlendirici","status":"publish","type":"product","link":"https:\/\/barrsell.com\/en\/product\/carel-heatsteam-process-nemlendirici-humidifier\/","title":{"rendered":"Carel HeatSteam Process Humidifier"},"content":{"rendered":"<div class=\"flex max-w-full flex-col flex-grow\">\n<div class=\"min-h-[20px] text-message flex w-full flex-col items-end gap-2 whitespace-pre-wrap break-words [.text-message+&amp;]:mt-5 overflow-x-auto\" dir=\"auto\" data-message-author-role=\"assistant\" data-message-id=\"8f96ece0-ac9c-4dde-a6d0-7e3af54d7e08\">\n<div class=\"flex w-full flex-col gap-1 empty:hidden first:pt-[3px]\">\n<div class=\"markdown prose w-full break-words dark:prose-invert light\">\n<h2>Carel HeatSteam Process Humidifier<\/h2>\n<p>Carel HeatSteam Process Humidifier is a state-of-the-art steam humidifier system used in industrial and commercial environments. This system is designed to provide superior performance, especially in applications where precise humidity control is critical. HeaterSteam Process is equipped with patented heating technology, offering high efficiency with low energy consumption.<\/p>\n<p>One of the most important advantages of this system is the reliable humidity control that it provides during the production of water vapor. The HeaterSteam Process uses electric heaters to steam water directly. This technology ensures that the water is turned into pure and hygienic steam. It also keeps unwanted mineral deposits to a minimum. In this way, the maintenance needs of the device are reduced and a long-lasting use is provided.<\/p>\n<h3>Carel HeaterSteam Process Features<\/h3>\n<p>It has a wide capacity range. And this makes it suitable for a variety of industrial and commercial applications. Maintain ideal humidity level in hospitals, laboratories, museums, data centers and other sensitive areas. In addition, the rapid and even distribution of steam ensures that the environment has a homogeneous level of moisture. The system has a user-friendly interface. And this also allows users to easily monitor and control the device. Remote access allows users to monitor the performance of the device in real time and make adjustments as needed. This ensures that the device always works at optimal performance and improves energy efficiency.<\/p>\n<\/div>\n<\/div>\n<\/div>\n<\/div>","protected":false},"excerpt":{"rendered":"<ul>\n<li>Compact Design<\/li>\n<li>Safe Steam Production<\/li>\n<li>User friendly interface<\/li>\n<\/ul>","protected":false},"featured_media":11517,"template":"","meta":[],"product_cat":[113,133],"product_tag":[246,243,241],"class_list":{"0":"post-11516","1":"product","2":"type-product","3":"status-publish","4":"has-post-thumbnail","6":"product_cat-buhar-jeneratorleri-nemlendiriciler","7":"product_cat-carel-isitici-elementli-sistemler","8":"product_tag-buhar-jeneratoru","9":"product_tag-buharlinemlendirici","10":"product_tag-hygromatik","12":"first","13":"instock","14":"shipping-taxable","15":"product-type-simple"},"yoast_head":"<!-- This site is optimized with the Yoast SEO Premium plugin v23.2 (Yoast SEO v23.2) - https:\/\/yoast.com\/wordpress\/plugins\/seo\/ -->\n<title>Carel HeatSteam Process Nemlendirici | Barrsell End\u00fcstri<\/title>\n<meta name=\"description\" content=\"Carel HeatSteam Process Nemlendirici,\u00a0 end\u00fcstriyel ve ticari ortamlarda kullan\u0131lan ileri teknolojiye sahip bir buharl\u0131 nemlendirici sistemidir.\" \/>\n<meta name=\"robots\" content=\"index, follow, max-snippet:-1, max-image-preview:large, max-video-preview:-1\" \/>\n<link rel=\"canonical\" href=\"https:\/\/barrsell.com\/en\/product\/carel-heatsteam-process-nemlendirici-humidifier\/\" \/>\n<meta property=\"og:locale\" content=\"en_US\" \/>\n<meta property=\"og:type\" content=\"article\" \/>\n<meta property=\"og:title\" content=\"Carel HeatSteam Process Nemlendirici\" \/>\n<meta property=\"og:description\" content=\"Carel HeatSteam Process Nemlendirici,\u00a0 end\u00fcstriyel ve ticari ortamlarda kullan\u0131lan ileri teknolojiye sahip bir buharl\u0131 nemlendirici sistemidir.\" \/>\n<meta property=\"og:url\" content=\"https:\/\/barrsell.com\/en\/product\/carel-heatsteam-process-nemlendirici-humidifier\/\" \/>\n<meta property=\"og:site_name\" content=\"Barrsell\" \/>\n<meta property=\"article:modified_time\" content=\"2025-01-09T01:43:50+00:00\" \/>\n<meta property=\"og:image\" content=\"https:\/\/barrsell.com\/wp-content\/uploads\/2024\/08\/Carel-HeatSteam-Process.png\" \/>\n\t<meta property=\"og:image:width\" content=\"1200\" \/>\n\t<meta property=\"og:image:height\" content=\"1200\" \/>\n\t<meta property=\"og:image:type\" content=\"image\/png\" \/>\n<meta name=\"twitter:card\" content=\"summary_large_image\" \/>\n<meta name=\"twitter:label1\" content=\"Est. reading time\" \/>\n\t<meta name=\"twitter:data1\" content=\"2 minutes\" \/>\n<script type=\"application\/ld+json\" class=\"yoast-schema-graph\">{\"@context\":\"https:\/\/schema.org\",\"@graph\":[{\"@type\":\"WebPage\",\"@id\":\"https:\/\/barrsell.com\/urun\/carel-heatsteam-process-nemlendirici\/\",\"url\":\"https:\/\/barrsell.com\/urun\/carel-heatsteam-process-nemlendirici\/\",\"name\":\"Carel HeatSteam Process Nemlendirici | Barrsell End\u00fcstri\",\"isPartOf\":{\"@id\":\"https:\/\/barrsell.com\/#website\"},\"primaryImageOfPage\":{\"@id\":\"https:\/\/barrsell.com\/urun\/carel-heatsteam-process-nemlendirici\/#primaryimage\"},\"image\":{\"@id\":\"https:\/\/barrsell.com\/urun\/carel-heatsteam-process-nemlendirici\/#primaryimage\"},\"thumbnailUrl\":\"https:\/\/barrsell.com\/wp-content\/uploads\/2024\/08\/Carel-HeatSteam-Process.png\",\"datePublished\":\"2024-08-12T11:38:52+00:00\",\"dateModified\":\"2025-01-09T01:43:50+00:00\",\"description\":\"Carel HeatSteam Process Nemlendirici,\u00a0 end\u00fcstriyel ve ticari ortamlarda kullan\u0131lan ileri teknolojiye sahip bir buharl\u0131 nemlendirici sistemidir.\",\"breadcrumb\":{\"@id\":\"https:\/\/barrsell.com\/urun\/carel-heatsteam-process-nemlendirici\/#breadcrumb\"},\"inLanguage\":\"en-US\",\"potentialAction\":[{\"@type\":\"ReadAction\",\"target\":[\"https:\/\/barrsell.com\/urun\/carel-heatsteam-process-nemlendirici\/\"]}]},{\"@type\":\"ImageObject\",\"inLanguage\":\"en-US\",\"@id\":\"https:\/\/barrsell.com\/urun\/carel-heatsteam-process-nemlendirici\/#primaryimage\",\"url\":\"https:\/\/barrsell.com\/wp-content\/uploads\/2024\/08\/Carel-HeatSteam-Process.png\",\"contentUrl\":\"https:\/\/barrsell.com\/wp-content\/uploads\/2024\/08\/Carel-HeatSteam-Process.png\",\"width\":1200,\"height\":1200,\"caption\":\"Carel-HeatSteam Process\"},{\"@type\":\"BreadcrumbList\",\"@id\":\"https:\/\/barrsell.com\/urun\/carel-heatsteam-process-nemlendirici\/#breadcrumb\",\"itemListElement\":[{\"@type\":\"ListItem\",\"position\":1,\"name\":\"Home\",\"item\":\"https:\/\/barrsell.com\/\"},{\"@type\":\"ListItem\",\"position\":2,\"name\":\"\u00dcr\u00fcnler\",\"item\":\"https:\/\/barrsell.com\/en\/products\/\"},{\"@type\":\"ListItem\",\"position\":3,\"name\":\"Carel HeatSteam Process Nemlendirici\"}]},{\"@type\":\"WebSite\",\"@id\":\"https:\/\/barrsell.com\/#website\",\"url\":\"https:\/\/barrsell.com\/\",\"name\":\"Barrsell End\u00fcstri Makine\",\"description\":\"Teknolojiyle G\u00fc\u00e7lenen End\u00fcstriyel \u00c7\u00f6z\u00fcmler!\",\"potentialAction\":[{\"@type\":\"SearchAction\",\"target\":{\"@type\":\"EntryPoint\",\"urlTemplate\":\"https:\/\/barrsell.com\/?s={search_term_string}\"},\"query-input\":\"required name=search_term_string\"}],\"inLanguage\":\"en-US\"}]}<\/script>\n<!-- \/ Yoast SEO Premium plugin. -->","yoast_head_json":{"title":"Carel HeatSteam Process Nemlendirici | Barrsell End\u00fcstri","description":"Carel HeatSteam Process Nemlendirici,\u00a0 end\u00fcstriyel ve ticari ortamlarda kullan\u0131lan ileri teknolojiye sahip bir buharl\u0131 nemlendirici sistemidir.","robots":{"index":"index","follow":"follow","max-snippet":"max-snippet:-1","max-image-preview":"max-image-preview:large","max-video-preview":"max-video-preview:-1"},"canonical":"https:\/\/barrsell.com\/en\/product\/carel-heatsteam-process-nemlendirici-humidifier\/","og_locale":"en_US","og_type":"article","og_title":"Carel HeatSteam Process Nemlendirici","og_description":"Carel HeatSteam Process Nemlendirici,\u00a0 end\u00fcstriyel ve ticari ortamlarda kullan\u0131lan ileri teknolojiye sahip bir buharl\u0131 nemlendirici sistemidir.","og_url":"https:\/\/barrsell.com\/en\/product\/carel-heatsteam-process-nemlendirici-humidifier\/","og_site_name":"Barrsell","article_modified_time":"2025-01-09T01:43:50+00:00","og_image":[{"width":1200,"height":1200,"url":"https:\/\/barrsell.com\/wp-content\/uploads\/2024\/08\/Carel-HeatSteam-Process.png","type":"image\/png"}],"twitter_card":"summary_large_image","twitter_misc":{"Est. reading time":"2 minutes"},"schema":{"@context":"https:\/\/schema.org","@graph":[{"@type":"WebPage","@id":"https:\/\/barrsell.com\/urun\/carel-heatsteam-process-nemlendirici\/","url":"https:\/\/barrsell.com\/urun\/carel-heatsteam-process-nemlendirici\/","name":"Carel HeatSteam Process Nemlendirici | Barrsell End\u00fcstri","isPartOf":{"@id":"https:\/\/barrsell.com\/#website"},"primaryImageOfPage":{"@id":"https:\/\/barrsell.com\/urun\/carel-heatsteam-process-nemlendirici\/#primaryimage"},"image":{"@id":"https:\/\/barrsell.com\/urun\/carel-heatsteam-process-nemlendirici\/#primaryimage"},"thumbnailUrl":"https:\/\/barrsell.com\/wp-content\/uploads\/2024\/08\/Carel-HeatSteam-Process.png","datePublished":"2024-08-12T11:38:52+00:00","dateModified":"2025-01-09T01:43:50+00:00","description":"Carel HeatSteam Process Nemlendirici,\u00a0 end\u00fcstriyel ve ticari ortamlarda kullan\u0131lan ileri teknolojiye sahip bir buharl\u0131 nemlendirici sistemidir.","breadcrumb":{"@id":"https:\/\/barrsell.com\/urun\/carel-heatsteam-process-nemlendirici\/#breadcrumb"},"inLanguage":"en-US","potentialAction":[{"@type":"ReadAction","target":["https:\/\/barrsell.com\/urun\/carel-heatsteam-process-nemlendirici\/"]}]},{"@type":"ImageObject","inLanguage":"en-US","@id":"https:\/\/barrsell.com\/urun\/carel-heatsteam-process-nemlendirici\/#primaryimage","url":"https:\/\/barrsell.com\/wp-content\/uploads\/2024\/08\/Carel-HeatSteam-Process.png","contentUrl":"https:\/\/barrsell.com\/wp-content\/uploads\/2024\/08\/Carel-HeatSteam-Process.png","width":1200,"height":1200,"caption":"Carel-HeatSteam Process"},{"@type":"BreadcrumbList","@id":"https:\/\/barrsell.com\/urun\/carel-heatsteam-process-nemlendirici\/#breadcrumb","itemListElement":[{"@type":"ListItem","position":1,"name":"Home","item":"https:\/\/barrsell.com\/"},{"@type":"ListItem","position":2,"name":"\u00dcr\u00fcnler","item":"https:\/\/barrsell.com\/en\/products\/"},{"@type":"ListItem","position":3,"name":"Carel HeatSteam Process Nemlendirici"}]},{"@type":"WebSite","@id":"https:\/\/barrsell.com\/#website","url":"https:\/\/barrsell.com\/","name":"Barrsell End\u00fcstri Makine","description":"Teknolojiyle G\u00fc\u00e7lenen End\u00fcstriyel \u00c7\u00f6z\u00fcmler!","potentialAction":[{"@type":"SearchAction","target":{"@type":"EntryPoint","urlTemplate":"https:\/\/barrsell.com\/?s={search_term_string}"},"query-input":"required name=search_term_string"}],"inLanguage":"en-US"}]}},"_links":{"self":[{"href":"https:\/\/barrsell.com\/en\/wp-json\/wp\/v2\/product\/11516","targetHints":{"allow":["GET"]}}],"collection":[{"href":"https:\/\/barrsell.com\/en\/wp-json\/wp\/v2\/product"}],"about":[{"href":"https:\/\/barrsell.com\/en\/wp-json\/wp\/v2\/types\/product"}],"version-history":[{"count":4,"href":"https:\/\/barrsell.com\/en\/wp-json\/wp\/v2\/product\/11516\/revisions"}],"predecessor-version":[{"id":20073,"href":"https:\/\/barrsell.com\/en\/wp-json\/wp\/v2\/product\/11516\/revisions\/20073"}],"wp:featuredmedia":[{"embeddable":true,"href":"https:\/\/barrsell.com\/en\/wp-json\/wp\/v2\/media\/11517"}],"wp:attachment":[{"href":"https:\/\/barrsell.com\/en\/wp-json\/wp\/v2\/media?parent=11516"}],"wp:term":[{"taxonomy":"product_cat","embeddable":true,"href":"https:\/\/barrsell.com\/en\/wp-json\/wp\/v2\/product_cat?post=11516"},{"taxonomy":"product_tag","embeddable":true,"href":"https:\/\/barrsell.com\/en\/wp-json\/wp\/v2\/product_tag?post=11516"}],"curies":[{"name":"wp","href":"https:\/\/api.w.org\/{rel}","templated":true}]}}