{"id":11506,"date":"2024-08-12T11:18:06","date_gmt":"2024-08-12T11:18:06","guid":{"rendered":"https:\/\/barrsell.com\/?post_type=product&#038;p=11506"},"modified":"2025-06-23T13:34:08","modified_gmt":"2025-06-23T13:34:08","slug":"humifog-multizone-dokunmatik","status":"publish","type":"product","link":"https:\/\/barrsell.com\/en\/product\/humifog-multizone-touch\/","title":{"rendered":"HumiFog Multizone Touch"},"content":{"rendered":"<h2><strong>Carel humiFog Touch<\/strong><\/h2>\n<p>HumiFog Multizone Touch is an adiabatic spray humidifier that works by transmitting pressurized water through a pump to the nozzles installed on the rack, where it is atomized into micrometric droplets in the air treatment channel or directly humidified room.<\/p>\n<p>Due to the technology used, humiFog is a highly effective and accurate product. Effectiveness is due to high pressure. The volumetric piston pump can reach a pressure of 70 bar, which means that, together with special nozzles, the water is atomized into droplets about 15 millimeters in diameter.<\/p>\n<h4>Accuracy depends on several factors:<\/h4>\n<p>HumiFog Multizone Touch is the new solution of CARElin to fully adiabatic humidification of the environment. The HumiFog direct is a high-pressure atomizer that produces a constant water pressure of 70 bar. Thanks to the new air distribution heads, water will form into very fine droplets. The strong air flow of fans ensures that atomized water is easily absorbed. In this way, the relative humidity level will spread to every desired point.<\/p>\n<p>&nbsp;<\/p>","protected":false},"excerpt":{"rendered":"<ul>\n<li>Ease of installation<\/li>\n<li>Low energy consumption<\/li>\n<li>High-level hygiene<\/li>\n<\/ul>\n<p>&nbsp;<\/p>","protected":false},"featured_media":11507,"template":"","meta":[],"product_cat":[113,131,135],"product_tag":[],"class_list":{"0":"post-11506","1":"product","2":"type-product","3":"status-publish","4":"has-post-thumbnail","6":"product_cat-buhar-jeneratorleri-nemlendiriciler","7":"product_cat-carel-buharli-nemlendirici","8":"product_cat-carel-basincli-buharli-nemlendirme-sistemi","10":"first","11":"instock","12":"shipping-taxable","13":"product-type-simple"},"yoast_head":"<!-- This site is optimized with the Yoast SEO Premium plugin v23.2 (Yoast SEO v23.2) - https:\/\/yoast.com\/wordpress\/plugins\/seo\/ -->\n<title>HumiFog Multizone Dokunmatik | Barrsell End\u00fcstri<\/title>\n<meta name=\"description\" content=\"HumiFog Multizone Dokunmatik bir pompa arac\u0131l\u0131\u011f\u0131yla bas\u0131n\u00e7l\u0131 suyu rafa monte edilen nozullara ileterek \u00e7al\u0131\u015fan, burada hava i\u015fleme kanal\u0131nda.\" \/>\n<meta name=\"robots\" content=\"index, follow, max-snippet:-1, max-image-preview:large, max-video-preview:-1\" \/>\n<link rel=\"canonical\" href=\"https:\/\/barrsell.com\/en\/product\/humifog-multizone-touch\/\" \/>\n<meta property=\"og:locale\" content=\"en_US\" \/>\n<meta property=\"og:type\" content=\"article\" \/>\n<meta property=\"og:title\" content=\"HumiFog Multizone Dokunmatik\" \/>\n<meta property=\"og:description\" content=\"HumiFog Multizone Dokunmatik bir pompa arac\u0131l\u0131\u011f\u0131yla bas\u0131n\u00e7l\u0131 suyu rafa monte edilen nozullara ileterek \u00e7al\u0131\u015fan, burada hava i\u015fleme kanal\u0131nda.\" \/>\n<meta property=\"og:url\" content=\"https:\/\/barrsell.com\/en\/product\/humifog-multizone-touch\/\" \/>\n<meta property=\"og:site_name\" content=\"Barrsell\" \/>\n<meta property=\"article:modified_time\" content=\"2025-06-23T13:34:08+00:00\" \/>\n<meta property=\"og:image\" content=\"https:\/\/barrsell.com\/wp-content\/uploads\/2024\/08\/HumiFog-Multizone-Touch.png\" \/>\n\t<meta property=\"og:image:width\" content=\"1200\" \/>\n\t<meta property=\"og:image:height\" content=\"1200\" \/>\n\t<meta property=\"og:image:type\" content=\"image\/png\" \/>\n<meta name=\"twitter:card\" content=\"summary_large_image\" \/>\n<meta name=\"twitter:label1\" content=\"Est. reading time\" \/>\n\t<meta name=\"twitter:data1\" content=\"1 minute\" \/>\n<script type=\"application\/ld+json\" class=\"yoast-schema-graph\">{\"@context\":\"https:\/\/schema.org\",\"@graph\":[{\"@type\":\"WebPage\",\"@id\":\"https:\/\/barrsell.com\/urun\/humifog-multizone-dokunmatik\/\",\"url\":\"https:\/\/barrsell.com\/urun\/humifog-multizone-dokunmatik\/\",\"name\":\"HumiFog Multizone Dokunmatik | Barrsell End\u00fcstri\",\"isPartOf\":{\"@id\":\"https:\/\/barrsell.com\/#website\"},\"primaryImageOfPage\":{\"@id\":\"https:\/\/barrsell.com\/urun\/humifog-multizone-dokunmatik\/#primaryimage\"},\"image\":{\"@id\":\"https:\/\/barrsell.com\/urun\/humifog-multizone-dokunmatik\/#primaryimage\"},\"thumbnailUrl\":\"https:\/\/barrsell.com\/wp-content\/uploads\/2024\/08\/HumiFog-Multizone-Touch.png\",\"datePublished\":\"2024-08-12T11:18:06+00:00\",\"dateModified\":\"2025-06-23T13:34:08+00:00\",\"description\":\"HumiFog Multizone Dokunmatik bir pompa arac\u0131l\u0131\u011f\u0131yla bas\u0131n\u00e7l\u0131 suyu rafa monte edilen nozullara ileterek \u00e7al\u0131\u015fan, burada hava i\u015fleme kanal\u0131nda.\",\"breadcrumb\":{\"@id\":\"https:\/\/barrsell.com\/urun\/humifog-multizone-dokunmatik\/#breadcrumb\"},\"inLanguage\":\"en-US\",\"potentialAction\":[{\"@type\":\"ReadAction\",\"target\":[\"https:\/\/barrsell.com\/urun\/humifog-multizone-dokunmatik\/\"]}]},{\"@type\":\"ImageObject\",\"inLanguage\":\"en-US\",\"@id\":\"https:\/\/barrsell.com\/urun\/humifog-multizone-dokunmatik\/#primaryimage\",\"url\":\"https:\/\/barrsell.com\/wp-content\/uploads\/2024\/08\/HumiFog-Multizone-Touch.png\",\"contentUrl\":\"https:\/\/barrsell.com\/wp-content\/uploads\/2024\/08\/HumiFog-Multizone-Touch.png\",\"width\":1200,\"height\":1200,\"caption\":\"HumiFog-Multizone-Touch\"},{\"@type\":\"BreadcrumbList\",\"@id\":\"https:\/\/barrsell.com\/urun\/humifog-multizone-dokunmatik\/#breadcrumb\",\"itemListElement\":[{\"@type\":\"ListItem\",\"position\":1,\"name\":\"Home\",\"item\":\"https:\/\/barrsell.com\/\"},{\"@type\":\"ListItem\",\"position\":2,\"name\":\"\u00dcr\u00fcnler\",\"item\":\"https:\/\/barrsell.com\/en\/products\/\"},{\"@type\":\"ListItem\",\"position\":3,\"name\":\"HumiFog Multizone Dokunmatik\"}]},{\"@type\":\"WebSite\",\"@id\":\"https:\/\/barrsell.com\/#website\",\"url\":\"https:\/\/barrsell.com\/\",\"name\":\"Barrsell End\u00fcstri Makine\",\"description\":\"Teknolojiyle G\u00fc\u00e7lenen End\u00fcstriyel \u00c7\u00f6z\u00fcmler!\",\"potentialAction\":[{\"@type\":\"SearchAction\",\"target\":{\"@type\":\"EntryPoint\",\"urlTemplate\":\"https:\/\/barrsell.com\/?s={search_term_string}\"},\"query-input\":\"required name=search_term_string\"}],\"inLanguage\":\"en-US\"}]}<\/script>\n<!-- \/ Yoast SEO Premium plugin. -->","yoast_head_json":{"title":"HumiFog Multizone Dokunmatik | Barrsell End\u00fcstri","description":"HumiFog Multizone Dokunmatik bir pompa arac\u0131l\u0131\u011f\u0131yla bas\u0131n\u00e7l\u0131 suyu rafa monte edilen nozullara ileterek \u00e7al\u0131\u015fan, burada hava i\u015fleme kanal\u0131nda.","robots":{"index":"index","follow":"follow","max-snippet":"max-snippet:-1","max-image-preview":"max-image-preview:large","max-video-preview":"max-video-preview:-1"},"canonical":"https:\/\/barrsell.com\/en\/product\/humifog-multizone-touch\/","og_locale":"en_US","og_type":"article","og_title":"HumiFog Multizone Dokunmatik","og_description":"HumiFog Multizone Dokunmatik bir pompa arac\u0131l\u0131\u011f\u0131yla bas\u0131n\u00e7l\u0131 suyu rafa monte edilen nozullara ileterek \u00e7al\u0131\u015fan, burada hava i\u015fleme kanal\u0131nda.","og_url":"https:\/\/barrsell.com\/en\/product\/humifog-multizone-touch\/","og_site_name":"Barrsell","article_modified_time":"2025-06-23T13:34:08+00:00","og_image":[{"width":1200,"height":1200,"url":"https:\/\/barrsell.com\/wp-content\/uploads\/2024\/08\/HumiFog-Multizone-Touch.png","type":"image\/png"}],"twitter_card":"summary_large_image","twitter_misc":{"Est. reading time":"1 minute"},"schema":{"@context":"https:\/\/schema.org","@graph":[{"@type":"WebPage","@id":"https:\/\/barrsell.com\/urun\/humifog-multizone-dokunmatik\/","url":"https:\/\/barrsell.com\/urun\/humifog-multizone-dokunmatik\/","name":"HumiFog Multizone Dokunmatik | Barrsell End\u00fcstri","isPartOf":{"@id":"https:\/\/barrsell.com\/#website"},"primaryImageOfPage":{"@id":"https:\/\/barrsell.com\/urun\/humifog-multizone-dokunmatik\/#primaryimage"},"image":{"@id":"https:\/\/barrsell.com\/urun\/humifog-multizone-dokunmatik\/#primaryimage"},"thumbnailUrl":"https:\/\/barrsell.com\/wp-content\/uploads\/2024\/08\/HumiFog-Multizone-Touch.png","datePublished":"2024-08-12T11:18:06+00:00","dateModified":"2025-06-23T13:34:08+00:00","description":"HumiFog Multizone Dokunmatik bir pompa arac\u0131l\u0131\u011f\u0131yla bas\u0131n\u00e7l\u0131 suyu rafa monte edilen nozullara ileterek \u00e7al\u0131\u015fan, burada hava i\u015fleme kanal\u0131nda.","breadcrumb":{"@id":"https:\/\/barrsell.com\/urun\/humifog-multizone-dokunmatik\/#breadcrumb"},"inLanguage":"en-US","potentialAction":[{"@type":"ReadAction","target":["https:\/\/barrsell.com\/urun\/humifog-multizone-dokunmatik\/"]}]},{"@type":"ImageObject","inLanguage":"en-US","@id":"https:\/\/barrsell.com\/urun\/humifog-multizone-dokunmatik\/#primaryimage","url":"https:\/\/barrsell.com\/wp-content\/uploads\/2024\/08\/HumiFog-Multizone-Touch.png","contentUrl":"https:\/\/barrsell.com\/wp-content\/uploads\/2024\/08\/HumiFog-Multizone-Touch.png","width":1200,"height":1200,"caption":"HumiFog-Multizone-Touch"},{"@type":"BreadcrumbList","@id":"https:\/\/barrsell.com\/urun\/humifog-multizone-dokunmatik\/#breadcrumb","itemListElement":[{"@type":"ListItem","position":1,"name":"Home","item":"https:\/\/barrsell.com\/"},{"@type":"ListItem","position":2,"name":"\u00dcr\u00fcnler","item":"https:\/\/barrsell.com\/en\/products\/"},{"@type":"ListItem","position":3,"name":"HumiFog Multizone Dokunmatik"}]},{"@type":"WebSite","@id":"https:\/\/barrsell.com\/#website","url":"https:\/\/barrsell.com\/","name":"Barrsell End\u00fcstri Makine","description":"Teknolojiyle G\u00fc\u00e7lenen End\u00fcstriyel \u00c7\u00f6z\u00fcmler!","potentialAction":[{"@type":"SearchAction","target":{"@type":"EntryPoint","urlTemplate":"https:\/\/barrsell.com\/?s={search_term_string}"},"query-input":"required name=search_term_string"}],"inLanguage":"en-US"}]}},"_links":{"self":[{"href":"https:\/\/barrsell.com\/en\/wp-json\/wp\/v2\/product\/11506","targetHints":{"allow":["GET"]}}],"collection":[{"href":"https:\/\/barrsell.com\/en\/wp-json\/wp\/v2\/product"}],"about":[{"href":"https:\/\/barrsell.com\/en\/wp-json\/wp\/v2\/types\/product"}],"version-history":[{"count":3,"href":"https:\/\/barrsell.com\/en\/wp-json\/wp\/v2\/product\/11506\/revisions"}],"predecessor-version":[{"id":20079,"href":"https:\/\/barrsell.com\/en\/wp-json\/wp\/v2\/product\/11506\/revisions\/20079"}],"wp:featuredmedia":[{"embeddable":true,"href":"https:\/\/barrsell.com\/en\/wp-json\/wp\/v2\/media\/11507"}],"wp:attachment":[{"href":"https:\/\/barrsell.com\/en\/wp-json\/wp\/v2\/media?parent=11506"}],"wp:term":[{"taxonomy":"product_cat","embeddable":true,"href":"https:\/\/barrsell.com\/en\/wp-json\/wp\/v2\/product_cat?post=11506"},{"taxonomy":"product_tag","embeddable":true,"href":"https:\/\/barrsell.com\/en\/wp-json\/wp\/v2\/product_tag?post=11506"}],"curies":[{"name":"wp","href":"https:\/\/api.w.org\/{rel}","templated":true}]}}