{"id":11502,"date":"2024-08-12T10:59:32","date_gmt":"2024-08-12T10:59:32","guid":{"rendered":"https:\/\/barrsell.com\/?post_type=product&#038;p=11502"},"modified":"2025-01-09T02:12:15","modified_gmt":"2025-01-09T02:12:15","slug":"carel-humifog-direct","status":"publish","type":"product","link":"https:\/\/barrsell.com\/en\/product\/carel-humifog-direct\/","title":{"rendered":"Carel humiFog"},"content":{"rendered":"<h2>Carel humiFog<\/h2>\n<p>Carel humiFog direct is a high-performance humidification system developed to provide excellent humidity control in industrial and commercial areas. This system provides an efficient and reliable solution, especially in environments that require precise humidity control. With its superior technology, HumiFog Direct optimizes the needs of users by offering energy efficiency, low maintenance requirements and long-lasting performance.<\/p>\n<h4><strong>Technical Specifications<\/strong><\/h4>\n<ol>\n<li><strong>High Efficiency Humidification Technology:<\/strong>\n<ul>\n<li>HumiFog Direct works with micro droplet technology to precisely adjust the humidity level in the air.<\/li>\n<li>High efficiency with low energy consumption, thus reducing operating costs.<\/li>\n<\/ul>\n<\/li>\n<li><strong>Fast and Precise Response Time:<\/strong>\n<ul>\n<li>The system responds quickly to the humidity level of the environment and provides the desired humidity rate quickly.<\/li>\n<li>Humidity control is maintained continuously and steadily.<\/li>\n<\/ul>\n<\/li>\n<li><strong>Durable and Long Lasting Design:<\/strong>\n<ul>\n<li>Made from high-quality materials, HumiFog Direct is based on harsh industrial conditions.<\/li>\n<li>It offers long-lasting operation, thus ensuring an efficient use with low maintenance requirement.<\/li>\n<\/ul>\n<\/li>\n<li><strong>Easy Installation and Maintenance:<\/strong>\n<ul>\n<li>Thanks to its user-friendly design, it offers fast installation and easy maintenance.<\/li>\n<li>Simple maintenance procedures ensure that the system works efficiently.<\/li>\n<\/ul>\n<\/li>\n<\/ol>","protected":false},"excerpt":{"rendered":"<ul>\n<li>Ease of installation<\/li>\n<li>Low energy consumption<\/li>\n<li>High-level hygiene<\/li>\n<\/ul>","protected":false},"featured_media":11503,"template":"","meta":[],"product_cat":[113,131,135],"product_tag":[],"class_list":{"0":"post-11502","1":"product","2":"type-product","3":"status-publish","4":"has-post-thumbnail","6":"product_cat-buhar-jeneratorleri-nemlendiriciler","7":"product_cat-carel-buharli-nemlendirici","8":"product_cat-carel-basincli-buharli-nemlendirme-sistemi","10":"first","11":"instock","12":"shipping-taxable","13":"product-type-simple"},"yoast_head":"<!-- This site is optimized with the Yoast SEO Premium plugin v23.2 (Yoast SEO v23.2) - https:\/\/yoast.com\/wordpress\/plugins\/seo\/ -->\n<title>Carel humiFog direct | Barrsell End\u00fcstri<\/title>\n<meta name=\"description\" content=\"Carel humiFog direct , tamamen ortam\u0131n adyabatik nemlendirilmesine odaklanm\u0131\u015f CAREL&#039;in yeni \u00fcr\u00fcn\u00fcd\u00fcr. Y\u00fcksek bas\u0131n\u00e7l\u0131 bir atomiz\u00f6r olup\" \/>\n<meta name=\"robots\" content=\"index, follow, max-snippet:-1, max-image-preview:large, max-video-preview:-1\" \/>\n<link rel=\"canonical\" href=\"https:\/\/barrsell.com\/en\/product\/carel-humifog-direct\/\" \/>\n<meta property=\"og:locale\" content=\"en_US\" \/>\n<meta property=\"og:type\" content=\"article\" \/>\n<meta property=\"og:title\" content=\"Carel humiFog direct\" \/>\n<meta property=\"og:description\" content=\"Carel humiFog direct , tamamen ortam\u0131n adyabatik nemlendirilmesine odaklanm\u0131\u015f CAREL&#039;in yeni \u00fcr\u00fcn\u00fcd\u00fcr. Y\u00fcksek bas\u0131n\u00e7l\u0131 bir atomiz\u00f6r olup\" \/>\n<meta property=\"og:url\" content=\"https:\/\/barrsell.com\/en\/product\/carel-humifog-direct\/\" \/>\n<meta property=\"og:site_name\" content=\"Barrsell\" \/>\n<meta property=\"article:modified_time\" content=\"2025-01-09T02:12:15+00:00\" \/>\n<meta property=\"og:image\" content=\"https:\/\/barrsell.com\/wp-content\/uploads\/2024\/08\/carel-humiFog-direkt.png\" \/>\n\t<meta property=\"og:image:width\" content=\"1200\" \/>\n\t<meta property=\"og:image:height\" content=\"1200\" \/>\n\t<meta property=\"og:image:type\" content=\"image\/png\" \/>\n<meta name=\"twitter:card\" content=\"summary_large_image\" \/>\n<meta name=\"twitter:label1\" content=\"Est. reading time\" \/>\n\t<meta name=\"twitter:data1\" content=\"2 minutes\" \/>\n<script type=\"application\/ld+json\" class=\"yoast-schema-graph\">{\"@context\":\"https:\/\/schema.org\",\"@graph\":[{\"@type\":\"WebPage\",\"@id\":\"https:\/\/barrsell.com\/urun\/carel-humifog-direct\/\",\"url\":\"https:\/\/barrsell.com\/urun\/carel-humifog-direct\/\",\"name\":\"Carel humiFog direct | Barrsell End\u00fcstri\",\"isPartOf\":{\"@id\":\"https:\/\/barrsell.com\/#website\"},\"primaryImageOfPage\":{\"@id\":\"https:\/\/barrsell.com\/urun\/carel-humifog-direct\/#primaryimage\"},\"image\":{\"@id\":\"https:\/\/barrsell.com\/urun\/carel-humifog-direct\/#primaryimage\"},\"thumbnailUrl\":\"https:\/\/barrsell.com\/wp-content\/uploads\/2024\/08\/carel-humiFog-direkt.png\",\"datePublished\":\"2024-08-12T10:59:32+00:00\",\"dateModified\":\"2025-01-09T02:12:15+00:00\",\"description\":\"Carel humiFog direct , tamamen ortam\u0131n adyabatik nemlendirilmesine odaklanm\u0131\u015f CAREL'in yeni \u00fcr\u00fcn\u00fcd\u00fcr. Y\u00fcksek bas\u0131n\u00e7l\u0131 bir atomiz\u00f6r olup\",\"breadcrumb\":{\"@id\":\"https:\/\/barrsell.com\/urun\/carel-humifog-direct\/#breadcrumb\"},\"inLanguage\":\"en-US\",\"potentialAction\":[{\"@type\":\"ReadAction\",\"target\":[\"https:\/\/barrsell.com\/urun\/carel-humifog-direct\/\"]}]},{\"@type\":\"ImageObject\",\"inLanguage\":\"en-US\",\"@id\":\"https:\/\/barrsell.com\/urun\/carel-humifog-direct\/#primaryimage\",\"url\":\"https:\/\/barrsell.com\/wp-content\/uploads\/2024\/08\/carel-humiFog-direkt.png\",\"contentUrl\":\"https:\/\/barrsell.com\/wp-content\/uploads\/2024\/08\/carel-humiFog-direkt.png\",\"width\":1200,\"height\":1200,\"caption\":\"carel-humiFog-direkt\"},{\"@type\":\"BreadcrumbList\",\"@id\":\"https:\/\/barrsell.com\/urun\/carel-humifog-direct\/#breadcrumb\",\"itemListElement\":[{\"@type\":\"ListItem\",\"position\":1,\"name\":\"Home\",\"item\":\"https:\/\/barrsell.com\/\"},{\"@type\":\"ListItem\",\"position\":2,\"name\":\"\u00dcr\u00fcnler\",\"item\":\"https:\/\/barrsell.com\/en\/products\/\"},{\"@type\":\"ListItem\",\"position\":3,\"name\":\"Carel humiFog direct\"}]},{\"@type\":\"WebSite\",\"@id\":\"https:\/\/barrsell.com\/#website\",\"url\":\"https:\/\/barrsell.com\/\",\"name\":\"Barrsell End\u00fcstri Makine\",\"description\":\"Teknolojiyle G\u00fc\u00e7lenen End\u00fcstriyel \u00c7\u00f6z\u00fcmler!\",\"potentialAction\":[{\"@type\":\"SearchAction\",\"target\":{\"@type\":\"EntryPoint\",\"urlTemplate\":\"https:\/\/barrsell.com\/?s={search_term_string}\"},\"query-input\":\"required name=search_term_string\"}],\"inLanguage\":\"en-US\"}]}<\/script>\n<!-- \/ Yoast SEO Premium plugin. -->","yoast_head_json":{"title":"Carel humiFog direct | Barrsell End\u00fcstri","description":"Carel humiFog direct , tamamen ortam\u0131n adyabatik nemlendirilmesine odaklanm\u0131\u015f CAREL'in yeni \u00fcr\u00fcn\u00fcd\u00fcr. Y\u00fcksek bas\u0131n\u00e7l\u0131 bir atomiz\u00f6r olup","robots":{"index":"index","follow":"follow","max-snippet":"max-snippet:-1","max-image-preview":"max-image-preview:large","max-video-preview":"max-video-preview:-1"},"canonical":"https:\/\/barrsell.com\/en\/product\/carel-humifog-direct\/","og_locale":"en_US","og_type":"article","og_title":"Carel humiFog direct","og_description":"Carel humiFog direct , tamamen ortam\u0131n adyabatik nemlendirilmesine odaklanm\u0131\u015f CAREL'in yeni \u00fcr\u00fcn\u00fcd\u00fcr. Y\u00fcksek bas\u0131n\u00e7l\u0131 bir atomiz\u00f6r olup","og_url":"https:\/\/barrsell.com\/en\/product\/carel-humifog-direct\/","og_site_name":"Barrsell","article_modified_time":"2025-01-09T02:12:15+00:00","og_image":[{"width":1200,"height":1200,"url":"https:\/\/barrsell.com\/wp-content\/uploads\/2024\/08\/carel-humiFog-direkt.png","type":"image\/png"}],"twitter_card":"summary_large_image","twitter_misc":{"Est. reading time":"2 minutes"},"schema":{"@context":"https:\/\/schema.org","@graph":[{"@type":"WebPage","@id":"https:\/\/barrsell.com\/urun\/carel-humifog-direct\/","url":"https:\/\/barrsell.com\/urun\/carel-humifog-direct\/","name":"Carel humiFog direct | Barrsell End\u00fcstri","isPartOf":{"@id":"https:\/\/barrsell.com\/#website"},"primaryImageOfPage":{"@id":"https:\/\/barrsell.com\/urun\/carel-humifog-direct\/#primaryimage"},"image":{"@id":"https:\/\/barrsell.com\/urun\/carel-humifog-direct\/#primaryimage"},"thumbnailUrl":"https:\/\/barrsell.com\/wp-content\/uploads\/2024\/08\/carel-humiFog-direkt.png","datePublished":"2024-08-12T10:59:32+00:00","dateModified":"2025-01-09T02:12:15+00:00","description":"Carel humiFog direct , tamamen ortam\u0131n adyabatik nemlendirilmesine odaklanm\u0131\u015f CAREL'in yeni \u00fcr\u00fcn\u00fcd\u00fcr. Y\u00fcksek bas\u0131n\u00e7l\u0131 bir atomiz\u00f6r olup","breadcrumb":{"@id":"https:\/\/barrsell.com\/urun\/carel-humifog-direct\/#breadcrumb"},"inLanguage":"en-US","potentialAction":[{"@type":"ReadAction","target":["https:\/\/barrsell.com\/urun\/carel-humifog-direct\/"]}]},{"@type":"ImageObject","inLanguage":"en-US","@id":"https:\/\/barrsell.com\/urun\/carel-humifog-direct\/#primaryimage","url":"https:\/\/barrsell.com\/wp-content\/uploads\/2024\/08\/carel-humiFog-direkt.png","contentUrl":"https:\/\/barrsell.com\/wp-content\/uploads\/2024\/08\/carel-humiFog-direkt.png","width":1200,"height":1200,"caption":"carel-humiFog-direkt"},{"@type":"BreadcrumbList","@id":"https:\/\/barrsell.com\/urun\/carel-humifog-direct\/#breadcrumb","itemListElement":[{"@type":"ListItem","position":1,"name":"Home","item":"https:\/\/barrsell.com\/"},{"@type":"ListItem","position":2,"name":"\u00dcr\u00fcnler","item":"https:\/\/barrsell.com\/en\/products\/"},{"@type":"ListItem","position":3,"name":"Carel humiFog direct"}]},{"@type":"WebSite","@id":"https:\/\/barrsell.com\/#website","url":"https:\/\/barrsell.com\/","name":"Barrsell End\u00fcstri Makine","description":"Teknolojiyle G\u00fc\u00e7lenen End\u00fcstriyel \u00c7\u00f6z\u00fcmler!","potentialAction":[{"@type":"SearchAction","target":{"@type":"EntryPoint","urlTemplate":"https:\/\/barrsell.com\/?s={search_term_string}"},"query-input":"required name=search_term_string"}],"inLanguage":"en-US"}]}},"_links":{"self":[{"href":"https:\/\/barrsell.com\/en\/wp-json\/wp\/v2\/product\/11502","targetHints":{"allow":["GET"]}}],"collection":[{"href":"https:\/\/barrsell.com\/en\/wp-json\/wp\/v2\/product"}],"about":[{"href":"https:\/\/barrsell.com\/en\/wp-json\/wp\/v2\/types\/product"}],"version-history":[{"count":4,"href":"https:\/\/barrsell.com\/en\/wp-json\/wp\/v2\/product\/11502\/revisions"}],"predecessor-version":[{"id":20084,"href":"https:\/\/barrsell.com\/en\/wp-json\/wp\/v2\/product\/11502\/revisions\/20084"}],"wp:featuredmedia":[{"embeddable":true,"href":"https:\/\/barrsell.com\/en\/wp-json\/wp\/v2\/media\/11503"}],"wp:attachment":[{"href":"https:\/\/barrsell.com\/en\/wp-json\/wp\/v2\/media?parent=11502"}],"wp:term":[{"taxonomy":"product_cat","embeddable":true,"href":"https:\/\/barrsell.com\/en\/wp-json\/wp\/v2\/product_cat?post=11502"},{"taxonomy":"product_tag","embeddable":true,"href":"https:\/\/barrsell.com\/en\/wp-json\/wp\/v2\/product_tag?post=11502"}],"curies":[{"name":"wp","href":"https:\/\/api.w.org\/{rel}","templated":true}]}}