{"id":11497,"date":"2024-08-12T08:08:47","date_gmt":"2024-08-12T08:08:47","guid":{"rendered":"https:\/\/barrsell.com\/?post_type=product&#038;p=11497"},"modified":"2025-01-09T02:19:39","modified_gmt":"2025-01-09T02:19:39","slug":"carel-humisteam-xplus","status":"publish","type":"product","link":"https:\/\/barrsell.com\/en\/product\/carel-humisteam-xplus\/","title":{"rendered":"Carel Humisteam XPlus Humidifier"},"content":{"rendered":"<h2>Carel Humisteam XPlus Humidifier<\/h2>\n<p>Carel Humisteam XPlus Humidifier is a high-tech steam humidifier used in industrial and commercial areas. This device is designed to provide effective humidity control, especially in large capacity areas. Energy efficiency stands out with its precise humidity control and user-friendly interface. Humisteam XPlus is unique in maintaining a constant level of humidity in large areas.<\/p>\n<p>&nbsp;<\/p>\n<p><a href=\"https:\/\/barrsell.com\/wp-content\/uploads\/2024\/08\/carel-barrsell.jpeg\"><img fetchpriority=\"high\" decoding=\"async\" class=\"aligncenter wp-image-15521 size-full\" src=\"https:\/\/barrsell.com\/wp-content\/uploads\/2024\/08\/carel-barrsell.jpeg\" alt=\"\" width=\"800\" height=\"400\" srcset=\"https:\/\/barrsell.com\/wp-content\/uploads\/2024\/08\/carel-barrsell.jpeg 800w, https:\/\/barrsell.com\/wp-content\/uploads\/2024\/08\/carel-barrsell-300x150.jpeg 300w, https:\/\/barrsell.com\/wp-content\/uploads\/2024\/08\/carel-barrsell-768x384.jpeg 768w, https:\/\/barrsell.com\/wp-content\/uploads\/2024\/08\/carel-barrsell-18x9.jpeg 18w, https:\/\/barrsell.com\/wp-content\/uploads\/2024\/08\/carel-barrsell-150x75.jpeg 150w\" sizes=\"(max-width: 800px) 100vw, 800px\" \/><\/a><\/p>\n<h4>Humisteam XPlus<\/h4>\n<p>Equipped with patented technology of carelin, it offers maximum performance with minimum energy consumption. This device reduces the operating costs of users with energy-saving ECO modes. In addition, thanks to advanced control systems, it allows users to precisely adjust their humidity levels. And in this way, it guarantees that the ambient air remains at the desired humidity level.<\/p>\n<p>The device's high capacity water tank supports long-term continuous operation. Automatic maintenance and cleaning functions keep the performance of the device at the highest level. And keeps the maintenance requirement to a minimum. These features provide a great advantage, especially in environments that require precise humidity control, such as industrial facilities, large office buildings, hospitals and data centers.<\/p>\n<p>As a result, the Carel Humisteam XPlus provides high-precision humidity control in large areas. With its advanced technology, energy efficiency and user-friendly features, Carel Humisteam XPlus stands out among the industrial humidification solutions.<\/p>","protected":false},"excerpt":{"rendered":"<ul>\n<li>OPEN\/CLOSED with external hygrostat;<\/li>\n<li>Proportional to external signal.<\/li>\n<\/ul>","protected":false},"featured_media":11498,"template":"","meta":[],"product_cat":[113,131,132],"product_tag":[],"class_list":{"0":"post-11497","1":"product","2":"type-product","3":"status-publish","4":"has-post-thumbnail","6":"product_cat-buhar-jeneratorleri-nemlendiriciler","7":"product_cat-carel-buharli-nemlendirici","8":"product_cat-carel-elektrotlu-nemlendiriciler","10":"first","11":"instock","12":"shipping-taxable","13":"product-type-simple"},"yoast_head":"<!-- This site is optimized with the Yoast SEO Premium plugin v23.2 (Yoast SEO v23.2) - https:\/\/yoast.com\/wordpress\/plugins\/seo\/ -->\n<title>Carel Humisteam XPlus Nemlendirici | Barrsell End\u00fcstri<\/title>\n<meta name=\"description\" content=\"Carel Humisteam XPlus Nemlendirici end\u00fcstriyel ve ticari alanlarda kullan\u0131lan ileri teknolojiye sahip bir buharl\u0131 nemlendirici cihazd\u0131r.\" \/>\n<meta name=\"robots\" content=\"index, follow, max-snippet:-1, max-image-preview:large, max-video-preview:-1\" \/>\n<link rel=\"canonical\" href=\"https:\/\/barrsell.com\/en\/product\/carel-humisteam-xplus\/\" \/>\n<meta property=\"og:locale\" content=\"en_US\" \/>\n<meta property=\"og:type\" content=\"article\" \/>\n<meta property=\"og:title\" content=\"Carel Humisteam XPlus Nemlendirici\" \/>\n<meta property=\"og:description\" content=\"Carel Humisteam XPlus Nemlendirici end\u00fcstriyel ve ticari alanlarda kullan\u0131lan ileri teknolojiye sahip bir buharl\u0131 nemlendirici cihazd\u0131r.\" \/>\n<meta property=\"og:url\" content=\"https:\/\/barrsell.com\/en\/product\/carel-humisteam-xplus\/\" \/>\n<meta property=\"og:site_name\" content=\"Barrsell\" \/>\n<meta property=\"article:modified_time\" content=\"2025-01-09T02:19:39+00:00\" \/>\n<meta property=\"og:image\" content=\"https:\/\/barrsell.com\/wp-content\/uploads\/2024\/08\/Carel-Humisteam-XPlus.png\" \/>\n\t<meta property=\"og:image:width\" content=\"1200\" \/>\n\t<meta property=\"og:image:height\" content=\"1200\" \/>\n\t<meta property=\"og:image:type\" content=\"image\/png\" \/>\n<meta name=\"twitter:card\" content=\"summary_large_image\" \/>\n<meta name=\"twitter:label1\" content=\"Est. reading time\" \/>\n\t<meta name=\"twitter:data1\" content=\"2 minutes\" \/>\n<script type=\"application\/ld+json\" class=\"yoast-schema-graph\">{\"@context\":\"https:\/\/schema.org\",\"@graph\":[{\"@type\":\"WebPage\",\"@id\":\"https:\/\/barrsell.com\/urun\/carel-humisteam-xplus\/\",\"url\":\"https:\/\/barrsell.com\/urun\/carel-humisteam-xplus\/\",\"name\":\"Carel Humisteam XPlus Nemlendirici | Barrsell End\u00fcstri\",\"isPartOf\":{\"@id\":\"https:\/\/barrsell.com\/#website\"},\"primaryImageOfPage\":{\"@id\":\"https:\/\/barrsell.com\/urun\/carel-humisteam-xplus\/#primaryimage\"},\"image\":{\"@id\":\"https:\/\/barrsell.com\/urun\/carel-humisteam-xplus\/#primaryimage\"},\"thumbnailUrl\":\"https:\/\/barrsell.com\/wp-content\/uploads\/2024\/08\/Carel-Humisteam-XPlus.png\",\"datePublished\":\"2024-08-12T08:08:47+00:00\",\"dateModified\":\"2025-01-09T02:19:39+00:00\",\"description\":\"Carel Humisteam XPlus Nemlendirici end\u00fcstriyel ve ticari alanlarda kullan\u0131lan ileri teknolojiye sahip bir buharl\u0131 nemlendirici cihazd\u0131r.\",\"breadcrumb\":{\"@id\":\"https:\/\/barrsell.com\/urun\/carel-humisteam-xplus\/#breadcrumb\"},\"inLanguage\":\"en-US\",\"potentialAction\":[{\"@type\":\"ReadAction\",\"target\":[\"https:\/\/barrsell.com\/urun\/carel-humisteam-xplus\/\"]}]},{\"@type\":\"ImageObject\",\"inLanguage\":\"en-US\",\"@id\":\"https:\/\/barrsell.com\/urun\/carel-humisteam-xplus\/#primaryimage\",\"url\":\"https:\/\/barrsell.com\/wp-content\/uploads\/2024\/08\/Carel-Humisteam-XPlus.png\",\"contentUrl\":\"https:\/\/barrsell.com\/wp-content\/uploads\/2024\/08\/Carel-Humisteam-XPlus.png\",\"width\":1200,\"height\":1200,\"caption\":\"Carel-Humisteam-XPlus\"},{\"@type\":\"BreadcrumbList\",\"@id\":\"https:\/\/barrsell.com\/urun\/carel-humisteam-xplus\/#breadcrumb\",\"itemListElement\":[{\"@type\":\"ListItem\",\"position\":1,\"name\":\"Home\",\"item\":\"https:\/\/barrsell.com\/\"},{\"@type\":\"ListItem\",\"position\":2,\"name\":\"\u00dcr\u00fcnler\",\"item\":\"https:\/\/barrsell.com\/en\/products\/\"},{\"@type\":\"ListItem\",\"position\":3,\"name\":\"Carel Humisteam XPlus Nemlendirici\"}]},{\"@type\":\"WebSite\",\"@id\":\"https:\/\/barrsell.com\/#website\",\"url\":\"https:\/\/barrsell.com\/\",\"name\":\"Barrsell End\u00fcstri Makine\",\"description\":\"Teknolojiyle G\u00fc\u00e7lenen End\u00fcstriyel \u00c7\u00f6z\u00fcmler!\",\"potentialAction\":[{\"@type\":\"SearchAction\",\"target\":{\"@type\":\"EntryPoint\",\"urlTemplate\":\"https:\/\/barrsell.com\/?s={search_term_string}\"},\"query-input\":\"required name=search_term_string\"}],\"inLanguage\":\"en-US\"}]}<\/script>\n<!-- \/ Yoast SEO Premium plugin. -->","yoast_head_json":{"title":"Carel Humisteam XPlus Nemlendirici | Barrsell End\u00fcstri","description":"Carel Humisteam XPlus Nemlendirici end\u00fcstriyel ve ticari alanlarda kullan\u0131lan ileri teknolojiye sahip bir buharl\u0131 nemlendirici cihazd\u0131r.","robots":{"index":"index","follow":"follow","max-snippet":"max-snippet:-1","max-image-preview":"max-image-preview:large","max-video-preview":"max-video-preview:-1"},"canonical":"https:\/\/barrsell.com\/en\/product\/carel-humisteam-xplus\/","og_locale":"en_US","og_type":"article","og_title":"Carel Humisteam XPlus Nemlendirici","og_description":"Carel Humisteam XPlus Nemlendirici end\u00fcstriyel ve ticari alanlarda kullan\u0131lan ileri teknolojiye sahip bir buharl\u0131 nemlendirici cihazd\u0131r.","og_url":"https:\/\/barrsell.com\/en\/product\/carel-humisteam-xplus\/","og_site_name":"Barrsell","article_modified_time":"2025-01-09T02:19:39+00:00","og_image":[{"width":1200,"height":1200,"url":"https:\/\/barrsell.com\/wp-content\/uploads\/2024\/08\/Carel-Humisteam-XPlus.png","type":"image\/png"}],"twitter_card":"summary_large_image","twitter_misc":{"Est. reading time":"2 minutes"},"schema":{"@context":"https:\/\/schema.org","@graph":[{"@type":"WebPage","@id":"https:\/\/barrsell.com\/urun\/carel-humisteam-xplus\/","url":"https:\/\/barrsell.com\/urun\/carel-humisteam-xplus\/","name":"Carel Humisteam XPlus Nemlendirici | Barrsell End\u00fcstri","isPartOf":{"@id":"https:\/\/barrsell.com\/#website"},"primaryImageOfPage":{"@id":"https:\/\/barrsell.com\/urun\/carel-humisteam-xplus\/#primaryimage"},"image":{"@id":"https:\/\/barrsell.com\/urun\/carel-humisteam-xplus\/#primaryimage"},"thumbnailUrl":"https:\/\/barrsell.com\/wp-content\/uploads\/2024\/08\/Carel-Humisteam-XPlus.png","datePublished":"2024-08-12T08:08:47+00:00","dateModified":"2025-01-09T02:19:39+00:00","description":"Carel Humisteam XPlus Nemlendirici end\u00fcstriyel ve ticari alanlarda kullan\u0131lan ileri teknolojiye sahip bir buharl\u0131 nemlendirici cihazd\u0131r.","breadcrumb":{"@id":"https:\/\/barrsell.com\/urun\/carel-humisteam-xplus\/#breadcrumb"},"inLanguage":"en-US","potentialAction":[{"@type":"ReadAction","target":["https:\/\/barrsell.com\/urun\/carel-humisteam-xplus\/"]}]},{"@type":"ImageObject","inLanguage":"en-US","@id":"https:\/\/barrsell.com\/urun\/carel-humisteam-xplus\/#primaryimage","url":"https:\/\/barrsell.com\/wp-content\/uploads\/2024\/08\/Carel-Humisteam-XPlus.png","contentUrl":"https:\/\/barrsell.com\/wp-content\/uploads\/2024\/08\/Carel-Humisteam-XPlus.png","width":1200,"height":1200,"caption":"Carel-Humisteam-XPlus"},{"@type":"BreadcrumbList","@id":"https:\/\/barrsell.com\/urun\/carel-humisteam-xplus\/#breadcrumb","itemListElement":[{"@type":"ListItem","position":1,"name":"Home","item":"https:\/\/barrsell.com\/"},{"@type":"ListItem","position":2,"name":"\u00dcr\u00fcnler","item":"https:\/\/barrsell.com\/en\/products\/"},{"@type":"ListItem","position":3,"name":"Carel Humisteam XPlus Nemlendirici"}]},{"@type":"WebSite","@id":"https:\/\/barrsell.com\/#website","url":"https:\/\/barrsell.com\/","name":"Barrsell End\u00fcstri Makine","description":"Teknolojiyle G\u00fc\u00e7lenen End\u00fcstriyel \u00c7\u00f6z\u00fcmler!","potentialAction":[{"@type":"SearchAction","target":{"@type":"EntryPoint","urlTemplate":"https:\/\/barrsell.com\/?s={search_term_string}"},"query-input":"required name=search_term_string"}],"inLanguage":"en-US"}]}},"_links":{"self":[{"href":"https:\/\/barrsell.com\/en\/wp-json\/wp\/v2\/product\/11497","targetHints":{"allow":["GET"]}}],"collection":[{"href":"https:\/\/barrsell.com\/en\/wp-json\/wp\/v2\/product"}],"about":[{"href":"https:\/\/barrsell.com\/en\/wp-json\/wp\/v2\/types\/product"}],"version-history":[{"count":7,"href":"https:\/\/barrsell.com\/en\/wp-json\/wp\/v2\/product\/11497\/revisions"}],"predecessor-version":[{"id":20085,"href":"https:\/\/barrsell.com\/en\/wp-json\/wp\/v2\/product\/11497\/revisions\/20085"}],"wp:featuredmedia":[{"embeddable":true,"href":"https:\/\/barrsell.com\/en\/wp-json\/wp\/v2\/media\/11498"}],"wp:attachment":[{"href":"https:\/\/barrsell.com\/en\/wp-json\/wp\/v2\/media?parent=11497"}],"wp:term":[{"taxonomy":"product_cat","embeddable":true,"href":"https:\/\/barrsell.com\/en\/wp-json\/wp\/v2\/product_cat?post=11497"},{"taxonomy":"product_tag","embeddable":true,"href":"https:\/\/barrsell.com\/en\/wp-json\/wp\/v2\/product_tag?post=11497"}],"curies":[{"name":"wp","href":"https:\/\/api.w.org\/{rel}","templated":true}]}}