{"id":11490,"date":"2024-08-12T07:58:02","date_gmt":"2024-08-12T07:58:02","guid":{"rendered":"https:\/\/barrsell.com\/?post_type=product&#038;p=11490"},"modified":"2025-01-09T02:38:42","modified_gmt":"2025-01-09T02:38:42","slug":"carel-humisteam-basic-nemlendirici","status":"publish","type":"product","link":"https:\/\/barrsell.com\/en\/product\/carel-humisteam-basic-humidifier\/","title":{"rendered":"Carel Humisteam Basic Humidifier"},"content":{"rendered":"<h2><strong>Carel HumiSteam Basic Humidifier<\/strong><\/h2>\n<p>Carel humiSteam Basic humiSteam basic is suitable for installation in public areas, workplaces, health facilities and industrial facilities. And they can be installed in rooms or air ducts using linear steam distributors using a steam generator. Suitable for applications where steam generation is managed by an external signal, such as BMS or humidity controller. And has a capacity in the range of 1.5 to 65 kg\/h.<\/p>\n<h4><strong>Steam Generation<\/strong><\/h4>\n<p>Steam production is controlled by the following modes:<\/p>\n<p>ON\/OFF mode: a simple sensor (for example, a humidity meter) initiates\/stops steam production. Proportional mode: humidifier, with the signal provided by the external controller (0-10 V, 2-10 V, 0-20 mA, 4-20 mA) in direct proportion to always 20% with %Produces steam between 100. For example, the percentage of maximum capacity; proportional mode: based on set point and humidity sensor reading. \u201cY\u201d type humidifiers have a display of numbers and symbols that clearly show operating conditions and all kinds of diagnostic information.<\/p>\n<p><a href=\"https:\/\/barrsell.com\/wp-content\/uploads\/2024\/08\/carel-barrsell.jpeg\"><img fetchpriority=\"high\" decoding=\"async\" class=\"aligncenter wp-image-15521 size-full\" src=\"https:\/\/barrsell.com\/wp-content\/uploads\/2024\/08\/carel-barrsell.jpeg\" alt=\"\" width=\"800\" height=\"400\" srcset=\"https:\/\/barrsell.com\/wp-content\/uploads\/2024\/08\/carel-barrsell.jpeg 800w, https:\/\/barrsell.com\/wp-content\/uploads\/2024\/08\/carel-barrsell-300x150.jpeg 300w, https:\/\/barrsell.com\/wp-content\/uploads\/2024\/08\/carel-barrsell-768x384.jpeg 768w, https:\/\/barrsell.com\/wp-content\/uploads\/2024\/08\/carel-barrsell-18x9.jpeg 18w, https:\/\/barrsell.com\/wp-content\/uploads\/2024\/08\/carel-barrsell-150x75.jpeg 150w\" sizes=\"(max-width: 800px) 100vw, 800px\" \/><\/a><\/p>\n<h4><strong>Technical Specifications<\/strong><\/h4>\n<p>Carel HumiSteam Basic is equipped with advanced technology and stands out for its high performance and user-friendly structure. Here are some important technical features of the device:<\/p>\n<ul>\n<li><strong>Various Power Options:<\/strong> Models of different capacities (2 to 65 kW) are available. You can also choose the right capacity according to the size and needs of the environment.<\/li>\n<li><strong>Electrode Technology:<\/strong> The electrode steam humidification system quickly converts water into steam, providing efficient and at the same time effective humidification.<\/li>\n<li><strong>Automatic Operation:<\/strong> Thanks to the intelligent automation system, the operation and steam production time of the device is adjusted automatically. While this saves energy, it provides a particularly continuous humidification.<\/li>\n<li><strong>Easy Maintenance:<\/strong> Its modular structure makes it easy to maintain the device. Thanks to its anti-lime system, it offers a long-lasting and low-maintenance solution.<\/li>\n<li><strong>Integration with Smart Building Systems:<\/strong> Carel HumiSteam Basic supports integration into modern building management systems (BMS). This allows the device to be remotely monitored and managed.<\/li>\n<\/ul>","protected":false},"excerpt":{"rendered":"<ul>\n<li>ON\/OFF mode: a simple contact (for example, a moisture meter) initiates\/stops steam production.<\/li>\n<li>Remote control RS interface<\/li>\n<\/ul>","protected":false},"featured_media":11491,"template":"","meta":[],"product_cat":[113,131,132],"product_tag":[246,243,241],"class_list":{"0":"post-11490","1":"product","2":"type-product","3":"status-publish","4":"has-post-thumbnail","6":"product_cat-buhar-jeneratorleri-nemlendiriciler","7":"product_cat-carel-buharli-nemlendirici","8":"product_cat-carel-elektrotlu-nemlendiriciler","9":"product_tag-buhar-jeneratoru","10":"product_tag-buharlinemlendirici","11":"product_tag-hygromatik","13":"first","14":"instock","15":"shipping-taxable","16":"product-type-simple"},"yoast_head":"<!-- This site is optimized with the Yoast SEO Premium plugin v23.2 (Yoast SEO v23.2) - https:\/\/yoast.com\/wordpress\/plugins\/seo\/ -->\n<title>Carel Humisteam Basic Nemlendirici | Barrsell<\/title>\n<meta name=\"description\" content=\"Carel humiSteam Basic Nemlendirici kamu alanlar\u0131nda, i\u015fyerlerinde, sa\u011fl\u0131k kurulu\u015flar\u0131nda ve end\u00fcstriyel tesislerde montaj i\u00e7in uygundur.\" \/>\n<meta name=\"robots\" content=\"index, follow, max-snippet:-1, max-image-preview:large, max-video-preview:-1\" \/>\n<link rel=\"canonical\" href=\"https:\/\/barrsell.com\/en\/product\/carel-humisteam-basic-humidifier\/\" \/>\n<meta property=\"og:locale\" content=\"en_US\" \/>\n<meta property=\"og:type\" content=\"article\" \/>\n<meta property=\"og:title\" content=\"Carel Humisteam Basic Nemlendirici\" \/>\n<meta property=\"og:description\" content=\"Carel humiSteam Basic Nemlendirici kamu alanlar\u0131nda, i\u015fyerlerinde, sa\u011fl\u0131k kurulu\u015flar\u0131nda ve end\u00fcstriyel tesislerde montaj i\u00e7in uygundur.\" \/>\n<meta property=\"og:url\" content=\"https:\/\/barrsell.com\/en\/product\/carel-humisteam-basic-humidifier\/\" \/>\n<meta property=\"og:site_name\" content=\"Barrsell\" \/>\n<meta property=\"article:modified_time\" content=\"2025-01-09T02:38:42+00:00\" \/>\n<meta property=\"og:image\" content=\"https:\/\/barrsell.com\/wp-content\/uploads\/2024\/08\/carel-humisteam-basic.png\" \/>\n\t<meta property=\"og:image:width\" content=\"1200\" \/>\n\t<meta property=\"og:image:height\" content=\"1200\" \/>\n\t<meta property=\"og:image:type\" content=\"image\/png\" \/>\n<meta name=\"twitter:card\" content=\"summary_large_image\" \/>\n<meta name=\"twitter:label1\" content=\"Est. reading time\" \/>\n\t<meta name=\"twitter:data1\" content=\"3 minutes\" \/>\n<script type=\"application\/ld+json\" class=\"yoast-schema-graph\">{\"@context\":\"https:\/\/schema.org\",\"@graph\":[{\"@type\":\"WebPage\",\"@id\":\"https:\/\/barrsell.com\/urun\/carel-humisteam-basic-nemlendirici\/\",\"url\":\"https:\/\/barrsell.com\/urun\/carel-humisteam-basic-nemlendirici\/\",\"name\":\"Carel Humisteam Basic Nemlendirici | Barrsell\",\"isPartOf\":{\"@id\":\"https:\/\/barrsell.com\/#website\"},\"primaryImageOfPage\":{\"@id\":\"https:\/\/barrsell.com\/urun\/carel-humisteam-basic-nemlendirici\/#primaryimage\"},\"image\":{\"@id\":\"https:\/\/barrsell.com\/urun\/carel-humisteam-basic-nemlendirici\/#primaryimage\"},\"thumbnailUrl\":\"https:\/\/barrsell.com\/wp-content\/uploads\/2024\/08\/carel-humisteam-basic.png\",\"datePublished\":\"2024-08-12T07:58:02+00:00\",\"dateModified\":\"2025-01-09T02:38:42+00:00\",\"description\":\"Carel humiSteam Basic Nemlendirici kamu alanlar\u0131nda, i\u015fyerlerinde, sa\u011fl\u0131k kurulu\u015flar\u0131nda ve end\u00fcstriyel tesislerde montaj i\u00e7in uygundur.\",\"breadcrumb\":{\"@id\":\"https:\/\/barrsell.com\/urun\/carel-humisteam-basic-nemlendirici\/#breadcrumb\"},\"inLanguage\":\"en-US\",\"potentialAction\":[{\"@type\":\"ReadAction\",\"target\":[\"https:\/\/barrsell.com\/urun\/carel-humisteam-basic-nemlendirici\/\"]}]},{\"@type\":\"ImageObject\",\"inLanguage\":\"en-US\",\"@id\":\"https:\/\/barrsell.com\/urun\/carel-humisteam-basic-nemlendirici\/#primaryimage\",\"url\":\"https:\/\/barrsell.com\/wp-content\/uploads\/2024\/08\/carel-humisteam-basic.png\",\"contentUrl\":\"https:\/\/barrsell.com\/wp-content\/uploads\/2024\/08\/carel-humisteam-basic.png\",\"width\":1200,\"height\":1200,\"caption\":\"carel-humisteam-basic\"},{\"@type\":\"BreadcrumbList\",\"@id\":\"https:\/\/barrsell.com\/urun\/carel-humisteam-basic-nemlendirici\/#breadcrumb\",\"itemListElement\":[{\"@type\":\"ListItem\",\"position\":1,\"name\":\"Home\",\"item\":\"https:\/\/barrsell.com\/\"},{\"@type\":\"ListItem\",\"position\":2,\"name\":\"\u00dcr\u00fcnler\",\"item\":\"https:\/\/barrsell.com\/en\/products\/\"},{\"@type\":\"ListItem\",\"position\":3,\"name\":\"Carel Humisteam Basic Nemlendirici\"}]},{\"@type\":\"WebSite\",\"@id\":\"https:\/\/barrsell.com\/#website\",\"url\":\"https:\/\/barrsell.com\/\",\"name\":\"Barrsell End\u00fcstri Makine\",\"description\":\"Teknolojiyle G\u00fc\u00e7lenen End\u00fcstriyel \u00c7\u00f6z\u00fcmler!\",\"potentialAction\":[{\"@type\":\"SearchAction\",\"target\":{\"@type\":\"EntryPoint\",\"urlTemplate\":\"https:\/\/barrsell.com\/?s={search_term_string}\"},\"query-input\":\"required name=search_term_string\"}],\"inLanguage\":\"en-US\"}]}<\/script>\n<!-- \/ Yoast SEO Premium plugin. -->","yoast_head_json":{"title":"Carel Humisteam Basic Nemlendirici | Barrsell","description":"Carel humiSteam Basic Nemlendirici kamu alanlar\u0131nda, i\u015fyerlerinde, sa\u011fl\u0131k kurulu\u015flar\u0131nda ve end\u00fcstriyel tesislerde montaj i\u00e7in uygundur.","robots":{"index":"index","follow":"follow","max-snippet":"max-snippet:-1","max-image-preview":"max-image-preview:large","max-video-preview":"max-video-preview:-1"},"canonical":"https:\/\/barrsell.com\/en\/product\/carel-humisteam-basic-humidifier\/","og_locale":"en_US","og_type":"article","og_title":"Carel Humisteam Basic Nemlendirici","og_description":"Carel humiSteam Basic Nemlendirici kamu alanlar\u0131nda, i\u015fyerlerinde, sa\u011fl\u0131k kurulu\u015flar\u0131nda ve end\u00fcstriyel tesislerde montaj i\u00e7in uygundur.","og_url":"https:\/\/barrsell.com\/en\/product\/carel-humisteam-basic-humidifier\/","og_site_name":"Barrsell","article_modified_time":"2025-01-09T02:38:42+00:00","og_image":[{"width":1200,"height":1200,"url":"https:\/\/barrsell.com\/wp-content\/uploads\/2024\/08\/carel-humisteam-basic.png","type":"image\/png"}],"twitter_card":"summary_large_image","twitter_misc":{"Est. reading time":"3 minutes"},"schema":{"@context":"https:\/\/schema.org","@graph":[{"@type":"WebPage","@id":"https:\/\/barrsell.com\/urun\/carel-humisteam-basic-nemlendirici\/","url":"https:\/\/barrsell.com\/urun\/carel-humisteam-basic-nemlendirici\/","name":"Carel Humisteam Basic Nemlendirici | Barrsell","isPartOf":{"@id":"https:\/\/barrsell.com\/#website"},"primaryImageOfPage":{"@id":"https:\/\/barrsell.com\/urun\/carel-humisteam-basic-nemlendirici\/#primaryimage"},"image":{"@id":"https:\/\/barrsell.com\/urun\/carel-humisteam-basic-nemlendirici\/#primaryimage"},"thumbnailUrl":"https:\/\/barrsell.com\/wp-content\/uploads\/2024\/08\/carel-humisteam-basic.png","datePublished":"2024-08-12T07:58:02+00:00","dateModified":"2025-01-09T02:38:42+00:00","description":"Carel humiSteam Basic Nemlendirici kamu alanlar\u0131nda, i\u015fyerlerinde, sa\u011fl\u0131k kurulu\u015flar\u0131nda ve end\u00fcstriyel tesislerde montaj i\u00e7in uygundur.","breadcrumb":{"@id":"https:\/\/barrsell.com\/urun\/carel-humisteam-basic-nemlendirici\/#breadcrumb"},"inLanguage":"en-US","potentialAction":[{"@type":"ReadAction","target":["https:\/\/barrsell.com\/urun\/carel-humisteam-basic-nemlendirici\/"]}]},{"@type":"ImageObject","inLanguage":"en-US","@id":"https:\/\/barrsell.com\/urun\/carel-humisteam-basic-nemlendirici\/#primaryimage","url":"https:\/\/barrsell.com\/wp-content\/uploads\/2024\/08\/carel-humisteam-basic.png","contentUrl":"https:\/\/barrsell.com\/wp-content\/uploads\/2024\/08\/carel-humisteam-basic.png","width":1200,"height":1200,"caption":"carel-humisteam-basic"},{"@type":"BreadcrumbList","@id":"https:\/\/barrsell.com\/urun\/carel-humisteam-basic-nemlendirici\/#breadcrumb","itemListElement":[{"@type":"ListItem","position":1,"name":"Home","item":"https:\/\/barrsell.com\/"},{"@type":"ListItem","position":2,"name":"\u00dcr\u00fcnler","item":"https:\/\/barrsell.com\/en\/products\/"},{"@type":"ListItem","position":3,"name":"Carel Humisteam Basic Nemlendirici"}]},{"@type":"WebSite","@id":"https:\/\/barrsell.com\/#website","url":"https:\/\/barrsell.com\/","name":"Barrsell End\u00fcstri Makine","description":"Teknolojiyle G\u00fc\u00e7lenen End\u00fcstriyel \u00c7\u00f6z\u00fcmler!","potentialAction":[{"@type":"SearchAction","target":{"@type":"EntryPoint","urlTemplate":"https:\/\/barrsell.com\/?s={search_term_string}"},"query-input":"required name=search_term_string"}],"inLanguage":"en-US"}]}},"_links":{"self":[{"href":"https:\/\/barrsell.com\/en\/wp-json\/wp\/v2\/product\/11490","targetHints":{"allow":["GET"]}}],"collection":[{"href":"https:\/\/barrsell.com\/en\/wp-json\/wp\/v2\/product"}],"about":[{"href":"https:\/\/barrsell.com\/en\/wp-json\/wp\/v2\/types\/product"}],"version-history":[{"count":4,"href":"https:\/\/barrsell.com\/en\/wp-json\/wp\/v2\/product\/11490\/revisions"}],"predecessor-version":[{"id":20087,"href":"https:\/\/barrsell.com\/en\/wp-json\/wp\/v2\/product\/11490\/revisions\/20087"}],"wp:featuredmedia":[{"embeddable":true,"href":"https:\/\/barrsell.com\/en\/wp-json\/wp\/v2\/media\/11491"}],"wp:attachment":[{"href":"https:\/\/barrsell.com\/en\/wp-json\/wp\/v2\/media?parent=11490"}],"wp:term":[{"taxonomy":"product_cat","embeddable":true,"href":"https:\/\/barrsell.com\/en\/wp-json\/wp\/v2\/product_cat?post=11490"},{"taxonomy":"product_tag","embeddable":true,"href":"https:\/\/barrsell.com\/en\/wp-json\/wp\/v2\/product_tag?post=11490"}],"curies":[{"name":"wp","href":"https:\/\/api.w.org\/{rel}","templated":true}]}}