{"id":11459,"date":"2024-08-09T14:28:05","date_gmt":"2024-08-09T14:28:05","guid":{"rendered":"https:\/\/barrsell.com\/?post_type=product&#038;p=11459"},"modified":"2025-01-09T03:05:45","modified_gmt":"2025-01-09T03:05:45","slug":"hygromatik-atomizor-hv","status":"publish","type":"product","link":"https:\/\/barrsell.com\/en\/product\/hygromatik-atomizor-hv\/","title":{"rendered":"Hygromatik Atomizer HV Nebulizer"},"content":{"rendered":"<h2>Hygromatik Atomizer HV Nebulizer<\/h2>\n<p>Hygromatik Atomizer HV Nebulizer is designed to provide the ideal level of humidity in high volume areas. It is an innovative cold steam humidifying device. This advanced system offers precise humidity control while at the same time being featured by energy efficiency and ease of maintenance. HV, which performs outstandingly especially for industrial, commercial and sensitive environments, offers an advanced solution in modern humidification technology.<\/p>\n<h4><strong>Technical Specifications:<\/strong><\/h4>\n<ul>\n<li class=\" translation-block\"><strong>Moisturizing Capacity<\/strong>: High volume cold steam capacity for large areas.<\/li>\n<li class=\" translation-block\"><strong>Energy Consumption<\/strong>: High efficiency thanks to low energy consumption.<\/li>\n<li class=\" translation-block\"><strong>Operating Pressure<\/strong>: High performance at low pressure.<\/li>\n<li class=\" translation-block\"><strong>Sound Level<\/strong>: Quiet operation with low noise level.<\/li>\n<li class=\" translation-block\"><strong>Water Quality<\/strong>: Clean and hygienic water requirement, optional UV sterilization system.<\/li>\n<\/ul>\n<p><a href=\"https:\/\/barrsell.com\/wp-content\/uploads\/2024\/08\/Hygromatik-Atomizor-HV-Nebulizator-barrsell.png\"><img fetchpriority=\"high\" decoding=\"async\" class=\"alignnone wp-image-15410\" src=\"https:\/\/barrsell.com\/wp-content\/uploads\/2024\/08\/Hygromatik-Atomizor-HV-Nebulizator-barrsell-1024x798.png\" alt=\"\" width=\"800\" height=\"623\" srcset=\"https:\/\/barrsell.com\/wp-content\/uploads\/2024\/08\/Hygromatik-Atomizor-HV-Nebulizator-barrsell-1024x798.png 1024w, https:\/\/barrsell.com\/wp-content\/uploads\/2024\/08\/Hygromatik-Atomizor-HV-Nebulizator-barrsell-300x234.png 300w, https:\/\/barrsell.com\/wp-content\/uploads\/2024\/08\/Hygromatik-Atomizor-HV-Nebulizator-barrsell-768x598.png 768w, https:\/\/barrsell.com\/wp-content\/uploads\/2024\/08\/Hygromatik-Atomizor-HV-Nebulizator-barrsell-15x12.png 15w, https:\/\/barrsell.com\/wp-content\/uploads\/2024\/08\/Hygromatik-Atomizor-HV-Nebulizator-barrsell-150x117.png 150w, https:\/\/barrsell.com\/wp-content\/uploads\/2024\/08\/Hygromatik-Atomizor-HV-Nebulizator-barrsell.png 1200w\" sizes=\"(max-width: 800px) 100vw, 800px\" \/><\/a><\/p>\n<h4><strong>2 Bar Compressed Air Source<\/strong>:<\/h4>\n<p>The system requires an air supply that provides a constant and reliable pressure of 2 bar. This low pressure is critical for the correct operation of vacuum nozzles and other components. At the same time, an uninterrupted and sufficient supply of air directly affects the performance of the system.<\/p>\n<h4><strong>Air Filter and Dryer<\/strong>:<\/h4>\n<p>The air filter and dryer to be installed in the compressed air line are used to provide clean and dry air to the system. In addition, the filter removes airborne particles and impurities, extending the life of sensitive components such as nozzles and valves. The dryer removes moisture and protects the system from moisture-related failures.<\/p>\n<h4><strong>Water Filtered Drinking Water Supply<\/strong>:<\/h4>\n<p class=\" translation-block\">You should purify the water for humidification with a <strong>water filter<\/strong>. Clean water of drinking water quality ensures a healthy and hygienic supply of steam or moisture to the environment. The water filter is necessary to prevent clogging of the system and limescale deposits.<\/p>","protected":false},"excerpt":{"rendered":"<ul>\n<li>2 bar compressed air supply<\/li>\n<li>Air pressure control<\/li>\n<li>HV Vacuum nozzles<\/li>\n<\/ul>","protected":false},"featured_media":15407,"template":"","meta":[],"product_cat":[113,125,128],"product_tag":[246,243,241],"class_list":{"0":"post-11459","1":"product","2":"type-product","3":"status-publish","4":"has-post-thumbnail","6":"product_cat-buhar-jeneratorleri-nemlendiriciler","7":"product_cat-hygromatik-buharli-nemlendirici","8":"product_cat-hygromatik-adbiyatik-nemlendiriciler","9":"product_tag-buhar-jeneratoru","10":"product_tag-buharlinemlendirici","11":"product_tag-hygromatik","13":"first","14":"instock","15":"shipping-taxable","16":"product-type-simple"},"yoast_head":"<!-- This site is optimized with the Yoast SEO Premium plugin v23.2 (Yoast SEO v23.2) - https:\/\/yoast.com\/wordpress\/plugins\/seo\/ -->\n<title>Hygromatik Atomiz\u00f6r HV Nebulizat\u00f6r | Barrsell End\u00fcstri<\/title>\n<meta name=\"description\" content=\"Hygromatik Atomiz\u00f6r HV Nebulizat\u00f6r, y\u00fcksek hacimli alanlarda ideal nem seviyesini sa\u011flamak i\u00e7in tasarlanm\u0131\u015f bir so\u011fuk buharl\u0131 nemlendirme cihaz\u0131d\u0131r.\" \/>\n<meta name=\"robots\" content=\"index, follow, max-snippet:-1, max-image-preview:large, max-video-preview:-1\" \/>\n<link rel=\"canonical\" href=\"https:\/\/barrsell.com\/en\/product\/hygromatik-atomizor-hv\/\" \/>\n<meta property=\"og:locale\" content=\"en_US\" \/>\n<meta property=\"og:type\" content=\"article\" \/>\n<meta property=\"og:title\" content=\"Hygromatik Atomiz\u00f6r HV Nebulizat\u00f6r\" \/>\n<meta property=\"og:description\" content=\"Hygromatik Atomiz\u00f6r HV Nebulizat\u00f6r, y\u00fcksek hacimli alanlarda ideal nem seviyesini sa\u011flamak i\u00e7in tasarlanm\u0131\u015f bir so\u011fuk buharl\u0131 nemlendirme cihaz\u0131d\u0131r.\" \/>\n<meta property=\"og:url\" content=\"https:\/\/barrsell.com\/en\/product\/hygromatik-atomizor-hv\/\" \/>\n<meta property=\"og:site_name\" content=\"Barrsell\" \/>\n<meta property=\"article:modified_time\" content=\"2025-01-09T03:05:45+00:00\" \/>\n<meta property=\"og:image\" content=\"https:\/\/barrsell.com\/wp-content\/uploads\/2024\/08\/Hygromatik-Atomizor-HV-Nebulizator.png\" \/>\n\t<meta property=\"og:image:width\" content=\"1200\" \/>\n\t<meta property=\"og:image:height\" content=\"1200\" \/>\n\t<meta property=\"og:image:type\" content=\"image\/png\" \/>\n<meta name=\"twitter:card\" content=\"summary_large_image\" \/>\n<meta name=\"twitter:label1\" content=\"Est. reading time\" \/>\n\t<meta name=\"twitter:data1\" content=\"2 minutes\" \/>\n<script type=\"application\/ld+json\" class=\"yoast-schema-graph\">{\"@context\":\"https:\/\/schema.org\",\"@graph\":[{\"@type\":\"WebPage\",\"@id\":\"https:\/\/barrsell.com\/urun\/hygromatik-atomizor-hv\/\",\"url\":\"https:\/\/barrsell.com\/urun\/hygromatik-atomizor-hv\/\",\"name\":\"Hygromatik Atomiz\u00f6r HV Nebulizat\u00f6r | Barrsell End\u00fcstri\",\"isPartOf\":{\"@id\":\"https:\/\/barrsell.com\/#website\"},\"primaryImageOfPage\":{\"@id\":\"https:\/\/barrsell.com\/urun\/hygromatik-atomizor-hv\/#primaryimage\"},\"image\":{\"@id\":\"https:\/\/barrsell.com\/urun\/hygromatik-atomizor-hv\/#primaryimage\"},\"thumbnailUrl\":\"https:\/\/barrsell.com\/wp-content\/uploads\/2024\/08\/Hygromatik-Atomizor-HV-Nebulizator.png\",\"datePublished\":\"2024-08-09T14:28:05+00:00\",\"dateModified\":\"2025-01-09T03:05:45+00:00\",\"description\":\"Hygromatik Atomiz\u00f6r HV Nebulizat\u00f6r, y\u00fcksek hacimli alanlarda ideal nem seviyesini sa\u011flamak i\u00e7in tasarlanm\u0131\u015f bir so\u011fuk buharl\u0131 nemlendirme cihaz\u0131d\u0131r.\",\"breadcrumb\":{\"@id\":\"https:\/\/barrsell.com\/urun\/hygromatik-atomizor-hv\/#breadcrumb\"},\"inLanguage\":\"en-US\",\"potentialAction\":[{\"@type\":\"ReadAction\",\"target\":[\"https:\/\/barrsell.com\/urun\/hygromatik-atomizor-hv\/\"]}]},{\"@type\":\"ImageObject\",\"inLanguage\":\"en-US\",\"@id\":\"https:\/\/barrsell.com\/urun\/hygromatik-atomizor-hv\/#primaryimage\",\"url\":\"https:\/\/barrsell.com\/wp-content\/uploads\/2024\/08\/Hygromatik-Atomizor-HV-Nebulizator.png\",\"contentUrl\":\"https:\/\/barrsell.com\/wp-content\/uploads\/2024\/08\/Hygromatik-Atomizor-HV-Nebulizator.png\",\"width\":1200,\"height\":1200,\"caption\":\"Hygromatik Atomiz\u00f6r HV Nebulizat\u00f6r\"},{\"@type\":\"BreadcrumbList\",\"@id\":\"https:\/\/barrsell.com\/urun\/hygromatik-atomizor-hv\/#breadcrumb\",\"itemListElement\":[{\"@type\":\"ListItem\",\"position\":1,\"name\":\"Home\",\"item\":\"https:\/\/barrsell.com\/\"},{\"@type\":\"ListItem\",\"position\":2,\"name\":\"\u00dcr\u00fcnler\",\"item\":\"https:\/\/barrsell.com\/en\/products\/\"},{\"@type\":\"ListItem\",\"position\":3,\"name\":\"Hygromatik Atomiz\u00f6r HV Nebulizat\u00f6r\"}]},{\"@type\":\"WebSite\",\"@id\":\"https:\/\/barrsell.com\/#website\",\"url\":\"https:\/\/barrsell.com\/\",\"name\":\"Barrsell End\u00fcstri Makine\",\"description\":\"Teknolojiyle G\u00fc\u00e7lenen End\u00fcstriyel \u00c7\u00f6z\u00fcmler!\",\"potentialAction\":[{\"@type\":\"SearchAction\",\"target\":{\"@type\":\"EntryPoint\",\"urlTemplate\":\"https:\/\/barrsell.com\/?s={search_term_string}\"},\"query-input\":\"required name=search_term_string\"}],\"inLanguage\":\"en-US\"}]}<\/script>\n<!-- \/ Yoast SEO Premium plugin. -->","yoast_head_json":{"title":"Hygromatik Atomiz\u00f6r HV Nebulizat\u00f6r | Barrsell End\u00fcstri","description":"Hygromatik Atomiz\u00f6r HV Nebulizat\u00f6r, y\u00fcksek hacimli alanlarda ideal nem seviyesini sa\u011flamak i\u00e7in tasarlanm\u0131\u015f bir so\u011fuk buharl\u0131 nemlendirme cihaz\u0131d\u0131r.","robots":{"index":"index","follow":"follow","max-snippet":"max-snippet:-1","max-image-preview":"max-image-preview:large","max-video-preview":"max-video-preview:-1"},"canonical":"https:\/\/barrsell.com\/en\/product\/hygromatik-atomizor-hv\/","og_locale":"en_US","og_type":"article","og_title":"Hygromatik Atomiz\u00f6r HV Nebulizat\u00f6r","og_description":"Hygromatik Atomiz\u00f6r HV Nebulizat\u00f6r, y\u00fcksek hacimli alanlarda ideal nem seviyesini sa\u011flamak i\u00e7in tasarlanm\u0131\u015f bir so\u011fuk buharl\u0131 nemlendirme cihaz\u0131d\u0131r.","og_url":"https:\/\/barrsell.com\/en\/product\/hygromatik-atomizor-hv\/","og_site_name":"Barrsell","article_modified_time":"2025-01-09T03:05:45+00:00","og_image":[{"width":1200,"height":1200,"url":"https:\/\/barrsell.com\/wp-content\/uploads\/2024\/08\/Hygromatik-Atomizor-HV-Nebulizator.png","type":"image\/png"}],"twitter_card":"summary_large_image","twitter_misc":{"Est. reading time":"2 minutes"},"schema":{"@context":"https:\/\/schema.org","@graph":[{"@type":"WebPage","@id":"https:\/\/barrsell.com\/urun\/hygromatik-atomizor-hv\/","url":"https:\/\/barrsell.com\/urun\/hygromatik-atomizor-hv\/","name":"Hygromatik Atomiz\u00f6r HV Nebulizat\u00f6r | Barrsell End\u00fcstri","isPartOf":{"@id":"https:\/\/barrsell.com\/#website"},"primaryImageOfPage":{"@id":"https:\/\/barrsell.com\/urun\/hygromatik-atomizor-hv\/#primaryimage"},"image":{"@id":"https:\/\/barrsell.com\/urun\/hygromatik-atomizor-hv\/#primaryimage"},"thumbnailUrl":"https:\/\/barrsell.com\/wp-content\/uploads\/2024\/08\/Hygromatik-Atomizor-HV-Nebulizator.png","datePublished":"2024-08-09T14:28:05+00:00","dateModified":"2025-01-09T03:05:45+00:00","description":"Hygromatik Atomiz\u00f6r HV Nebulizat\u00f6r, y\u00fcksek hacimli alanlarda ideal nem seviyesini sa\u011flamak i\u00e7in tasarlanm\u0131\u015f bir so\u011fuk buharl\u0131 nemlendirme cihaz\u0131d\u0131r.","breadcrumb":{"@id":"https:\/\/barrsell.com\/urun\/hygromatik-atomizor-hv\/#breadcrumb"},"inLanguage":"en-US","potentialAction":[{"@type":"ReadAction","target":["https:\/\/barrsell.com\/urun\/hygromatik-atomizor-hv\/"]}]},{"@type":"ImageObject","inLanguage":"en-US","@id":"https:\/\/barrsell.com\/urun\/hygromatik-atomizor-hv\/#primaryimage","url":"https:\/\/barrsell.com\/wp-content\/uploads\/2024\/08\/Hygromatik-Atomizor-HV-Nebulizator.png","contentUrl":"https:\/\/barrsell.com\/wp-content\/uploads\/2024\/08\/Hygromatik-Atomizor-HV-Nebulizator.png","width":1200,"height":1200,"caption":"Hygromatik Atomiz\u00f6r HV Nebulizat\u00f6r"},{"@type":"BreadcrumbList","@id":"https:\/\/barrsell.com\/urun\/hygromatik-atomizor-hv\/#breadcrumb","itemListElement":[{"@type":"ListItem","position":1,"name":"Home","item":"https:\/\/barrsell.com\/"},{"@type":"ListItem","position":2,"name":"\u00dcr\u00fcnler","item":"https:\/\/barrsell.com\/en\/products\/"},{"@type":"ListItem","position":3,"name":"Hygromatik Atomiz\u00f6r HV Nebulizat\u00f6r"}]},{"@type":"WebSite","@id":"https:\/\/barrsell.com\/#website","url":"https:\/\/barrsell.com\/","name":"Barrsell End\u00fcstri Makine","description":"Teknolojiyle G\u00fc\u00e7lenen End\u00fcstriyel \u00c7\u00f6z\u00fcmler!","potentialAction":[{"@type":"SearchAction","target":{"@type":"EntryPoint","urlTemplate":"https:\/\/barrsell.com\/?s={search_term_string}"},"query-input":"required name=search_term_string"}],"inLanguage":"en-US"}]}},"_links":{"self":[{"href":"https:\/\/barrsell.com\/en\/wp-json\/wp\/v2\/product\/11459","targetHints":{"allow":["GET"]}}],"collection":[{"href":"https:\/\/barrsell.com\/en\/wp-json\/wp\/v2\/product"}],"about":[{"href":"https:\/\/barrsell.com\/en\/wp-json\/wp\/v2\/types\/product"}],"version-history":[{"count":9,"href":"https:\/\/barrsell.com\/en\/wp-json\/wp\/v2\/product\/11459\/revisions"}],"predecessor-version":[{"id":20093,"href":"https:\/\/barrsell.com\/en\/wp-json\/wp\/v2\/product\/11459\/revisions\/20093"}],"wp:featuredmedia":[{"embeddable":true,"href":"https:\/\/barrsell.com\/en\/wp-json\/wp\/v2\/media\/15407"}],"wp:attachment":[{"href":"https:\/\/barrsell.com\/en\/wp-json\/wp\/v2\/media?parent=11459"}],"wp:term":[{"taxonomy":"product_cat","embeddable":true,"href":"https:\/\/barrsell.com\/en\/wp-json\/wp\/v2\/product_cat?post=11459"},{"taxonomy":"product_tag","embeddable":true,"href":"https:\/\/barrsell.com\/en\/wp-json\/wp\/v2\/product_tag?post=11459"}],"curies":[{"name":"wp","href":"https:\/\/api.w.org\/{rel}","templated":true}]}}