{"id":22697,"date":"2025-08-29T10:27:30","date_gmt":"2025-08-29T10:27:30","guid":{"rendered":"https:\/\/barrsell.com\/?page_id=22697"},"modified":"2025-08-29T11:42:21","modified_gmt":"2025-08-29T11:42:21","slug":"bio-sauna","status":"publish","type":"page","link":"https:\/\/barrsell.com\/en\/bio-sauna\/","title":{"rendered":"Bio Sauna"},"content":{"rendered":"<div data-elementor-type=\"wp-page\" data-elementor-id=\"22697\" class=\"elementor elementor-22697\" data-elementor-post-type=\"page\">\n\t\t\t\t\t\t<section class=\"wd-negative-gap elementor-section elementor-top-section elementor-element elementor-element-c4ac354 elementor-section-boxed elementor-section-height-default elementor-section-height-default\" data-id=\"c4ac354\" data-element_type=\"section\">\n\t\t\t\t\t\t<div class=\"elementor-container elementor-column-gap-default\">\n\t\t\t\t\t<div class=\"elementor-column elementor-col-100 elementor-top-column elementor-element elementor-element-57069e9 wd_scroll_x_0 wd_scroll_y_-1 wd_scroll_z_-120 wd-parallax-on-scroll wd_scroll_smoothness_30\" data-id=\"57069e9\" data-element_type=\"column\">\n\t\t\t<div class=\"elementor-widget-wrap elementor-element-populated\">\n\t\t\t\t\t\t<div class=\"elementor-element elementor-element-30b8e14 elementor-hidden-mobile elementor-widget elementor-widget-wd_text_block\" data-id=\"30b8e14\" data-element_type=\"widget\" data-widget_type=\"wd_text_block.default\">\n\t\t\t\t<div class=\"elementor-widget-container\">\n\t\t\t\t\t\t\t<div class=\"wd-text-block reset-last-child text-left\">\n\t\t\t\n\t\t\t<p><strong>BRS<\/strong><\/p>\n\t\t\t\t\t<\/div>\n\t\t\t\t\t\t<\/div>\n\t\t\t\t<\/div>\n\t\t\t\t<div class=\"elementor-element elementor-element-a11d238 wd-width-100 elementor-widget elementor-widget-wd_title\" data-id=\"a11d238\" data-element_type=\"widget\" data-widget_type=\"wd_title.default\">\n\t\t\t\t<div class=\"elementor-widget-container\">\n\t\t\t\t\t\t\t<div class=\"title-wrapper set-mb-s reset-last-child wd-title-color-default wd-title-style-default wd-title-size-extra-large text-center\">\n\n\t\t\t\n\t\t\t<div class=\"liner-continer\">\n\t\t\t\t<h4 class=\"woodmart-title-container title wd-fontsize-xxxl wd-underline-colored\">Bio Sauna \u2013 Turnkey Solutions from Manufacturing to Installation.<br \/>\n<\/h4> \n\t\t\t\t\t\t\t<\/div>\n\n\t\t\t\t\t<\/div>\n\t\t\t\t\t\t<\/div>\n\t\t\t\t<\/div>\n\t\t\t\t<div class=\"elementor-element elementor-element-e14bcee elementor-widget elementor-widget-wd_text_block\" data-id=\"e14bcee\" data-element_type=\"widget\" data-widget_type=\"wd_text_block.default\">\n\t\t\t\t<div class=\"elementor-widget-container\">\n\t\t\t\t\t\t\t<div class=\"wd-text-block reset-last-child text-center\">\n\t\t\t\n\t\t\t<article class=\"text-token-text-primary w-full focus:outline-none scroll-mt-[calc(var(--header-height)+min(200px,max(70px,20svh)))]\" dir=\"auto\" tabindex=\"-1\" data-testid=\"conversation-turn-62\" data-scroll-anchor=\"true\" data-turn=\"assistant\"><div class=\"text-base my-auto mx-auto pb-10 [--thread-content-margin:--spacing(4)] @[37rem]:[--thread-content-margin:--spacing(6)] @[72rem]:[--thread-content-margin:--spacing(16)] px-(--thread-content-margin)\"><div class=\"[--thread-content-max-width:32rem] @[34rem]:[--thread-content-max-width:40rem] @[64rem]:[--thread-content-max-width:48rem] mx-auto max-w-(--thread-content-max-width) flex-1 group\/turn-messages focus-visible:outline-hidden relative flex w-full min-w-0 flex-col agent-turn\" tabindex=\"-1\"><div class=\"flex max-w-full flex-col grow\"><div class=\"min-h-8 text-message relative flex w-full flex-col items-end gap-2 text-start break-words whitespace-normal [.text-message+&amp;]:mt-5\" dir=\"auto\" data-message-author-role=\"assistant\" data-message-id=\"5595b25e-6147-4be6-834a-24ae68c30c99\" data-message-model-slug=\"o4-mini-high\"><div class=\"flex w-full flex-col gap-1 empty:hidden first:pt-[3px]\"><div class=\"markdown prose dark:prose-invert w-full break-words light\"><p data-start=\"309\" data-end=\"605\"><strong data-start=\"150\" data-end=\"163\">Bio Sauna<\/strong>, klasik Fin saunas\u0131n\u0131n yo\u011fun s\u0131cakl\u0131\u011f\u0131n\u0131 yumu\u015fatarak daha d\u00fc\u015f\u00fck \u0131s\u0131da ve daha y\u00fcksek nem oran\u0131nda \u00e7al\u0131\u015fan modern bir sauna t\u00fcr\u00fcd\u00fcr. Ortalama <strong data-start=\"305\" data-end=\"326\">45\u201360 \u00b0C s\u0131cakl\u0131k<\/strong> ve <strong data-start=\"330\" data-end=\"350\">%40\u201360 nem oran\u0131<\/strong> ile sauna ve buhar banyosunun birle\u015fimi gibidir. Bu \u00f6zelli\u011fi sayesinde, hem rahatlat\u0131c\u0131 hem de sa\u011fl\u0131k dostu bir deneyim sunar.<\/p><\/div><\/div><\/div><\/div><\/div><\/div><\/article>\n\t\t\t\t\t<\/div>\n\t\t\t\t\t\t<\/div>\n\t\t\t\t<\/div>\n\t\t\t\t\t<\/div>\n\t\t<\/div>\n\t\t\t\t\t<\/div>\n\t\t<\/section>\n\t\t\t\t<section class=\"wd-negative-gap elementor-section elementor-top-section elementor-element elementor-element-e17f122 wd-section-stretch_row_content elementor-section-boxed elementor-section-height-default elementor-section-height-default\" data-id=\"e17f122\" data-element_type=\"section\" data-settings=\"{&quot;background_background&quot;:&quot;classic&quot;}\">\n\t\t\t\t\t\t<div class=\"elementor-container elementor-column-gap-default\">\n\t\t\t\t\t<div class=\"elementor-column elementor-col-33 elementor-top-column elementor-element elementor-element-3fd82a0\" data-id=\"3fd82a0\" data-element_type=\"column\">\n\t\t\t<div class=\"elementor-widget-wrap elementor-element-populated\">\n\t\t\t\t\t\t<div class=\"elementor-element elementor-element-eaedfe6 elementor-widget elementor-widget-wd_image_or_svg\" data-id=\"eaedfe6\" data-element_type=\"widget\" data-widget_type=\"wd_image_or_svg.default\">\n\t\t\t\t<div class=\"elementor-widget-container\">\n\t\t\t\t\t\n\t\t<div class=\"wd-image text-left\">\n\t\t\t\t\t\t\t\t<img fetchpriority=\"high\" decoding=\"async\" width=\"400\" height=\"350\" src=\"https:\/\/barrsell.com\/wp-content\/uploads\/2025\/07\/Infrared-Saunalar-Imalat-Sureci-05-400x350.png\" class=\"attachment-400x350 size-400x350\" alt=\"\" \/>\t\t\t\t\t<\/div>\n\n\t\t\t\t\t\t<\/div>\n\t\t\t\t<\/div>\n\t\t\t\t\t<\/div>\n\t\t<\/div>\n\t\t\t\t<div class=\"elementor-column elementor-col-33 elementor-top-column elementor-element elementor-element-9562fc8 color-scheme-light\" data-id=\"9562fc8\" data-element_type=\"column\" data-settings=\"{&quot;background_background&quot;:&quot;classic&quot;}\">\n\t\t\t<div class=\"elementor-widget-wrap elementor-element-populated\">\n\t\t\t\t\t\t<div class=\"elementor-element elementor-element-676dce6 wd-width-100 elementor-widget elementor-widget-wd_title\" data-id=\"676dce6\" data-element_type=\"widget\" data-widget_type=\"wd_title.default\">\n\t\t\t\t<div class=\"elementor-widget-container\">\n\t\t\t\t\t\t\t<div class=\"title-wrapper set-mb-s reset-last-child wd-title-color-default wd-title-style-default wd-title-size-extra-large text-center\">\n\n\t\t\t\n\t\t\t<div class=\"liner-continer\">\n\t\t\t\t<h4 class=\"woodmart-title-container title wd-fontsize-xxxl\">Bio Suanas<\/h4> \n\t\t\t\t\t\t\t<\/div>\n\n\t\t\t\t\t<\/div>\n\t\t\t\t\t\t<\/div>\n\t\t\t\t<\/div>\n\t\t\t\t<div class=\"elementor-element elementor-element-ea85569 elementor-widget elementor-widget-wd_text_block\" data-id=\"ea85569\" data-element_type=\"widget\" data-widget_type=\"wd_text_block.default\">\n\t\t\t\t<div class=\"elementor-widget-container\">\n\t\t\t\t\t\t\t<div class=\"wd-text-block reset-last-child text-center\">\n\t\t\t\n\t\t\t<p>Mild climate<br \/>Aromatherapy and light therapy<br \/>Health-conscious<br \/>Flexible design<br \/>Modern control system<\/p>\n\t\t\t\t\t<\/div>\n\t\t\t\t\t\t<\/div>\n\t\t\t\t<\/div>\n\t\t\t\t<div class=\"elementor-element elementor-element-41e4eb9 elementor-widget__width-auto elementor-widget elementor-widget-wd_button\" data-id=\"41e4eb9\" data-element_type=\"widget\" data-widget_type=\"wd_button.default\">\n\t\t\t\t<div class=\"elementor-widget-container\">\n\t\t\t\t\t\t\t<div class=\"wd-button-wrapper text-center\" >\n\t\t\t<a class=\"btn btn-style-default btn-style-rectangle btn-size-default btn-color-default btn-icon-pos-right\"  href=\"https:\/\/barrsell.com\/en\/sauna-applications\/\">\n\t\t\t\t<span class=\"wd-btn-text\" data-elementor-setting-key=\"text\">\n\t\t\t\t\tSauna Applications\t\t\t\t<\/span>\n\n\t\t\t\t\t\t\t<\/a>\n\t\t<\/div>\n\t\t\t\t\t\t<\/div>\n\t\t\t\t<\/div>\n\t\t\t\t<div class=\"elementor-element elementor-element-e8bee88 elementor-widget__width-auto elementor-widget elementor-widget-wd_button\" data-id=\"e8bee88\" data-element_type=\"widget\" data-widget_type=\"wd_button.default\">\n\t\t\t\t<div class=\"elementor-widget-container\">\n\t\t\t\t\t\t\t<div class=\"wd-button-wrapper text-center\" >\n\t\t\t<a class=\"btn btn-style-bordered btn-style-rectangle btn-size-default btn-color-white btn-icon-pos-right\"  href=\"https:\/\/barrsell.com\/en\/kategoriler\/infrared-saunalar\/ozel-tasarim-infrared-saunalar\/\">\n\t\t\t\t<span class=\"wd-btn-text\" data-elementor-setting-key=\"text\">\n\t\t\t\t\tCustom Design\t\t\t\t<\/span>\n\n\t\t\t\t\t\t\t<\/a>\n\t\t<\/div>\n\t\t\t\t\t\t<\/div>\n\t\t\t\t<\/div>\n\t\t\t\t\t<\/div>\n\t\t<\/div>\n\t\t\t\t<div class=\"elementor-column elementor-col-33 elementor-top-column elementor-element elementor-element-304fdd3\" data-id=\"304fdd3\" data-element_type=\"column\">\n\t\t\t<div class=\"elementor-widget-wrap elementor-element-populated\">\n\t\t\t\t\t\t<div class=\"elementor-element elementor-element-86b318b elementor-widget elementor-widget-wd_image_or_svg\" data-id=\"86b318b\" data-element_type=\"widget\" data-widget_type=\"wd_image_or_svg.default\">\n\t\t\t\t<div class=\"elementor-widget-container\">\n\t\t\t\t\t\n\t\t<div class=\"wd-image text-left\">\n\t\t\t\t\t\t\t\t<img decoding=\"async\" width=\"400\" height=\"350\" src=\"https:\/\/barrsell.com\/wp-content\/uploads\/2024\/09\/bio-sauna-1-1-400x350.png\" class=\"attachment-400x350 size-400x350\" alt=\"\" srcset=\"https:\/\/barrsell.com\/wp-content\/uploads\/2024\/09\/bio-sauna-1-1-400x350.png 400w, https:\/\/barrsell.com\/wp-content\/uploads\/2024\/09\/bio-sauna-1-1-12x12.png 12w\" sizes=\"(max-width: 400px) 100vw, 400px\" \/>\t\t\t\t\t<\/div>\n\n\t\t\t\t\t\t<\/div>\n\t\t\t\t<\/div>\n\t\t\t\t\t<\/div>\n\t\t<\/div>\n\t\t\t\t\t<\/div>\n\t\t<\/section>\n\t\t<div class=\"wd-negative-gap elementor-element elementor-element-ca8fa67 wd-section-stretch e-flex e-con-boxed e-con e-parent\" data-id=\"ca8fa67\" data-element_type=\"container\" data-settings=\"{&quot;background_background&quot;:&quot;classic&quot;}\">\n\t\t\t\t\t<div class=\"e-con-inner\">\n\t\t<div class=\"elementor-element elementor-element-fd6eaca e-con-full e-flex e-con e-child\" data-id=\"fd6eaca\" data-element_type=\"container\">\n\t\t\t\t<div class=\"elementor-element elementor-element-9e2dfa6 elementor-widget elementor-widget-image\" data-id=\"9e2dfa6\" data-element_type=\"widget\" data-widget_type=\"image.default\">\n\t\t\t\t<div class=\"elementor-widget-container\">\n\t\t\t\t\t\t\t\t\t\t\t\t\t\t\t<img decoding=\"async\" width=\"1536\" height=\"1024\" src=\"https:\/\/barrsell.com\/wp-content\/uploads\/2025\/08\/bio-sauna-1.png\" class=\"attachment-2048x2048 size-2048x2048 wp-image-22707\" alt=\"\" srcset=\"https:\/\/barrsell.com\/wp-content\/uploads\/2025\/08\/bio-sauna-1.png 1536w, https:\/\/barrsell.com\/wp-content\/uploads\/2025\/08\/bio-sauna-1-300x200.png 300w, https:\/\/barrsell.com\/wp-content\/uploads\/2025\/08\/bio-sauna-1-1024x683.png 1024w, https:\/\/barrsell.com\/wp-content\/uploads\/2025\/08\/bio-sauna-1-768x512.png 768w, https:\/\/barrsell.com\/wp-content\/uploads\/2025\/08\/bio-sauna-1-18x12.png 18w, https:\/\/barrsell.com\/wp-content\/uploads\/2025\/08\/bio-sauna-1-1200x800.png 1200w, https:\/\/barrsell.com\/wp-content\/uploads\/2025\/08\/bio-sauna-1-150x100.png 150w\" sizes=\"(max-width: 1536px) 100vw, 1536px\" \/>\t\t\t\t\t\t\t\t\t\t\t\t\t\t\t<\/div>\n\t\t\t\t<\/div>\n\t\t\t\t<\/div>\n\t\t<div class=\"elementor-element elementor-element-a25870d e-con-full e-flex e-con e-child\" data-id=\"a25870d\" data-element_type=\"container\" data-settings=\"{&quot;motion_fx_motion_fx_scrolling&quot;:&quot;yes&quot;,&quot;motion_fx_translateY_effect&quot;:&quot;yes&quot;,&quot;motion_fx_translateY_affectedRange&quot;:{&quot;unit&quot;:&quot;%&quot;,&quot;size&quot;:&quot;&quot;,&quot;sizes&quot;:{&quot;start&quot;:57,&quot;end&quot;:100}},&quot;motion_fx_translateY_speed&quot;:{&quot;unit&quot;:&quot;px&quot;,&quot;size&quot;:4,&quot;sizes&quot;:[]},&quot;motion_fx_devices&quot;:[&quot;desktop&quot;,&quot;tablet&quot;,&quot;mobile&quot;]}\">\n\t\t\t\t<div class=\"elementor-element elementor-element-15a75c5 wd-width-100 elementor-widget elementor-widget-wd_title\" data-id=\"15a75c5\" data-element_type=\"widget\" data-widget_type=\"wd_title.default\">\n\t\t\t\t<div class=\"elementor-widget-container\">\n\t\t\t\t\t\t\t<div class=\"title-wrapper set-mb-s reset-last-child wd-title-color-default wd-title-style-default wd-title-size-default text-center\">\n\n\t\t\t\n\t\t\t<div class=\"liner-continer\">\n\t\t\t\t<h4 class=\"woodmart-title-container title wd-fontsize-l wd-underline-bordered\">Advantages <strong><u><\/u><\/strong> <\/h4> \n\t\t\t\t\t\t\t<\/div>\n\n\t\t\t\t\t<\/div>\n\t\t\t\t\t\t<\/div>\n\t\t\t\t<\/div>\n\t\t\t\t<div class=\"elementor-element elementor-element-2630912 elementor-widget elementor-widget-wd_text_block\" data-id=\"2630912\" data-element_type=\"widget\" data-widget_type=\"wd_text_block.default\">\n\t\t\t\t<div class=\"elementor-widget-container\">\n\t\t\t\t\t\t\t<div class=\"wd-text-block reset-last-child text-center\">\n\t\t\t\n\t\t\t<p data-start=\"1719\" data-end=\"1790\" class=\" translation-block\">Lower temperature, higher humidity \u2192 a gentle sauna experience<\/p><p data-start=\"1793\" data-end=\"1867\">Sauna type that is gentler on the cardiovascular system \u2192 suitable for everyone<\/p><p data-start=\"1870\" data-end=\"1924\">Moisturizes the skin, soothes, supports immunity<\/p><p data-start=\"1927\" data-end=\"1972\">Easy operation with modern control systems<\/p><p data-start=\"1975\" data-end=\"2021\">Aesthetic, natural, and durable material selection<\/p>\n\t\t\t\t\t<\/div>\n\t\t\t\t\t\t<\/div>\n\t\t\t\t<\/div>\n\t\t\t\t<\/div>\n\t\t\t\t\t<\/div>\n\t\t\t\t<\/div>\n\t\t\t\t<section class=\"wd-negative-gap elementor-section elementor-top-section elementor-element elementor-element-262f151 wd-section-stretch elementor-section-content-middle elementor-section-boxed elementor-section-height-default elementor-section-height-default\" data-id=\"262f151\" data-element_type=\"section\" data-settings=\"{&quot;background_background&quot;:&quot;classic&quot;}\">\n\t\t\t\t\t\t<div class=\"elementor-container elementor-column-gap-extended\">\n\t\t\t\t\t<div class=\"elementor-column elementor-col-100 elementor-top-column elementor-element elementor-element-ed392fb\" data-id=\"ed392fb\" data-element_type=\"column\">\n\t\t\t<div class=\"elementor-widget-wrap\">\n\t\t\t\t\t\t\t<\/div>\n\t\t<\/div>\n\t\t\t\t\t<\/div>\n\t\t<\/section>\n\t\t\t\t<section class=\"wd-negative-gap elementor-section elementor-top-section elementor-element elementor-element-92326fd wd-section-stretch-content elementor-section-content-middle elementor-section-boxed elementor-section-height-default elementor-section-height-default\" data-id=\"92326fd\" data-element_type=\"section\">\n\t\t\t\t\t\t<div class=\"elementor-container elementor-column-gap-default\">\n\t\t\t\t\t<div class=\"elementor-column elementor-col-50 elementor-top-column elementor-element elementor-element-b0c7f71\" data-id=\"b0c7f71\" data-element_type=\"column\" data-settings=\"{&quot;background_background&quot;:&quot;classic&quot;}\">\n\t\t\t<div class=\"elementor-widget-wrap\">\n\t\t\t\t\t\t\t<\/div>\n\t\t<\/div>\n\t\t\t\t<div class=\"elementor-column elementor-col-50 elementor-top-column elementor-element elementor-element-3442cae wd_scroll_x_0 wd_scroll_y_80 wd_scroll_z_0 wd-parallax-on-scroll wd_scroll_smoothness_30\" data-id=\"3442cae\" data-element_type=\"column\">\n\t\t\t<div class=\"elementor-widget-wrap elementor-element-populated\">\n\t\t\t\t\t\t<div class=\"elementor-element elementor-element-488cb51 elementor-hidden-mobile elementor-widget elementor-widget-wd_text_block\" data-id=\"488cb51\" data-element_type=\"widget\" data-widget_type=\"wd_text_block.default\">\n\t\t\t\t<div class=\"elementor-widget-container\">\n\t\t\t\t\t\t\t<div class=\"wd-text-block reset-last-child text-right\">\n\t\t\t\n\t\t\t<p>Barrsell<\/p><p>\u00a0<\/p>\n\t\t\t\t\t<\/div>\n\t\t\t\t\t\t<\/div>\n\t\t\t\t<\/div>\n\t\t\t\t<div class=\"elementor-element elementor-element-6205363 wd-width-100 elementor-widget elementor-widget-wd_title\" data-id=\"6205363\" data-element_type=\"widget\" data-widget_type=\"wd_title.default\">\n\t\t\t\t<div class=\"elementor-widget-container\">\n\t\t\t\t\t\t\t<div class=\"title-wrapper set-mb-s reset-last-child wd-title-color-default wd-title-style-default wd-title-size-extra-large text-left\">\n\n\t\t\t\t\t\t\t<div class=\"title-subtitle subtitle-color-default subtitle-style-default wd-fontsize-m\">\n\t\t\t\t\tBio Saunas\t\t\t\t<\/div>\n\t\t\t\n\t\t\t<div class=\"liner-continer\">\n\t\t\t\t<h4 class=\"woodmart-title-container title wd-fontsize-xxxl wd-underline-colored\">Bio Sauna: Health, aesthetics, and professional installation all in one. <u><\/u> <\/h4> \n\t\t\t\t\t\t\t<\/div>\n\n\t\t\t\t\t<\/div>\n\t\t\t\t\t\t<\/div>\n\t\t\t\t<\/div>\n\t\t\t\t<div class=\"elementor-element elementor-element-9df9ab6 elementor-widget elementor-widget-wd_text_block\" data-id=\"9df9ab6\" data-element_type=\"widget\" data-widget_type=\"wd_text_block.default\">\n\t\t\t\t<div class=\"elementor-widget-container\">\n\t\t\t\t\t\t\t<div class=\"wd-text-block reset-last-child text-left\">\n\t\t\t\n\t\t\t<p data-start=\"49\" data-end=\"231\">\ud83d\udc49 <em data-start=\"120\" data-end=\"229\">We add value to your living spaces with turnkey bio sauna solutions, meticulously planned at every stage.<\/em><\/p><p data-start=\"233\" data-end=\"345\">\ud83d\udc49 <em data-start=\"236\" data-end=\"343\">We offer you a unique bio sauna experience with natural woodwork, modern technology, and our expert installation team.<\/em><\/p><p data-start=\"347\" data-end=\"463\">\ud83d\udc49 <em data-start=\"350\" data-end=\"461\">We manufacture reliable and aesthetically pleasing bio saunas suitable for every project, from homes to spa centers.<\/em><\/p>\n\t\t\t\t\t<\/div>\n\t\t\t\t\t\t<\/div>\n\t\t\t\t<\/div>\n\t\t\t\t\t<\/div>\n\t\t<\/div>\n\t\t\t\t\t<\/div>\n\t\t<\/section>\n\t\t\t\t<section class=\"wd-negative-gap elementor-section elementor-top-section elementor-element elementor-element-7341d9a wd-section-stretch elementor-section-content-middle elementor-section-boxed elementor-section-height-default elementor-section-height-default\" data-id=\"7341d9a\" data-element_type=\"section\" data-settings=\"{&quot;background_background&quot;:&quot;classic&quot;}\">\n\t\t\t\t\t\t<div class=\"elementor-container elementor-column-gap-extended\">\n\t\t\t\t\t<div class=\"elementor-column elementor-col-100 elementor-top-column elementor-element elementor-element-1c28f7b\" data-id=\"1c28f7b\" data-element_type=\"column\">\n\t\t\t<div class=\"elementor-widget-wrap\">\n\t\t\t\t\t\t\t<\/div>\n\t\t<\/div>\n\t\t\t\t\t<\/div>\n\t\t<\/section>\n\t\t\t\t<\/div>","protected":false},"excerpt":{"rendered":"<p>BRS Bio Sauna \u2013 \u0130malattan Montaja Anahtar Teslim \u00c7\u00f6z\u00fcmler.\u201d Bio Sauna, klasik Fin saunas\u0131n\u0131n yo\u011fun s\u0131cakl\u0131\u011f\u0131n\u0131 yumu\u015fatarak daha d\u00fc\u015f\u00fck \u0131s\u0131da<\/p>","protected":false},"author":1,"featured_media":14251,"parent":0,"menu_order":0,"comment_status":"closed","ping_status":"closed","template":"","meta":{"footnotes":""},"class_list":["post-22697","page","type-page","status-publish","has-post-thumbnail","hentry"],"yoast_head":"<!-- This site is optimized with the Yoast SEO Premium plugin v23.2 (Yoast SEO v23.2) - https:\/\/yoast.com\/wordpress\/plugins\/seo\/ -->\n<title>Bio Sauna | Barrsell End\u00fcstri<\/title>\n<meta name=\"robots\" content=\"index, follow, max-snippet:-1, max-image-preview:large, max-video-preview:-1\" \/>\n<link rel=\"canonical\" href=\"https:\/\/barrsell.com\/en\/bio-sauna\/\" \/>\n<meta property=\"og:locale\" content=\"en_US\" \/>\n<meta property=\"og:type\" content=\"article\" \/>\n<meta property=\"og:title\" content=\"Bio Sauna\" \/>\n<meta property=\"og:description\" content=\"BRS Bio Sauna \u2013 \u0130malattan Montaja Anahtar Teslim \u00c7\u00f6z\u00fcmler.\u201d Bio Sauna, klasik Fin saunas\u0131n\u0131n yo\u011fun s\u0131cakl\u0131\u011f\u0131n\u0131 yumu\u015fatarak daha d\u00fc\u015f\u00fck \u0131s\u0131da\" \/>\n<meta property=\"og:url\" content=\"https:\/\/barrsell.com\/en\/bio-sauna\/\" \/>\n<meta property=\"og:site_name\" content=\"Barrsell\" \/>\n<meta property=\"article:modified_time\" content=\"2025-08-29T11:42:21+00:00\" \/>\n<meta property=\"og:image\" content=\"https:\/\/barrsell.com\/wp-content\/uploads\/2024\/09\/3-kisilik-infrared-sauna.png\" \/>\n\t<meta property=\"og:image:width\" content=\"1200\" \/>\n\t<meta property=\"og:image:height\" content=\"1200\" \/>\n\t<meta property=\"og:image:type\" content=\"image\/png\" \/>\n<meta name=\"twitter:card\" content=\"summary_large_image\" \/>\n<meta name=\"twitter:label1\" content=\"Est. reading time\" \/>\n\t<meta name=\"twitter:data1\" content=\"2 minutes\" \/>\n<script type=\"application\/ld+json\" class=\"yoast-schema-graph\">{\"@context\":\"https:\/\/schema.org\",\"@graph\":[{\"@type\":\"WebPage\",\"@id\":\"https:\/\/barrsell.com\/bio-sauna\/\",\"url\":\"https:\/\/barrsell.com\/bio-sauna\/\",\"name\":\"Bio Sauna | Barrsell End\u00fcstri\",\"isPartOf\":{\"@id\":\"https:\/\/barrsell.com\/#website\"},\"primaryImageOfPage\":{\"@id\":\"https:\/\/barrsell.com\/bio-sauna\/#primaryimage\"},\"image\":{\"@id\":\"https:\/\/barrsell.com\/bio-sauna\/#primaryimage\"},\"thumbnailUrl\":\"https:\/\/barrsell.com\/wp-content\/uploads\/2024\/09\/3-kisilik-infrared-sauna.png\",\"datePublished\":\"2025-08-29T10:27:30+00:00\",\"dateModified\":\"2025-08-29T11:42:21+00:00\",\"breadcrumb\":{\"@id\":\"https:\/\/barrsell.com\/bio-sauna\/#breadcrumb\"},\"inLanguage\":\"en-US\",\"potentialAction\":[{\"@type\":\"ReadAction\",\"target\":[\"https:\/\/barrsell.com\/bio-sauna\/\"]}]},{\"@type\":\"ImageObject\",\"inLanguage\":\"en-US\",\"@id\":\"https:\/\/barrsell.com\/bio-sauna\/#primaryimage\",\"url\":\"https:\/\/barrsell.com\/wp-content\/uploads\/2024\/09\/3-kisilik-infrared-sauna.png\",\"contentUrl\":\"https:\/\/barrsell.com\/wp-content\/uploads\/2024\/09\/3-kisilik-infrared-sauna.png\",\"width\":1200,\"height\":1200,\"caption\":\"3 ki\u015filik infrared sauna\"},{\"@type\":\"BreadcrumbList\",\"@id\":\"https:\/\/barrsell.com\/bio-sauna\/#breadcrumb\",\"itemListElement\":[{\"@type\":\"ListItem\",\"position\":1,\"name\":\"Home\",\"item\":\"https:\/\/barrsell.com\/\"},{\"@type\":\"ListItem\",\"position\":2,\"name\":\"Bio Sauna\"}]},{\"@type\":\"WebSite\",\"@id\":\"https:\/\/barrsell.com\/#website\",\"url\":\"https:\/\/barrsell.com\/\",\"name\":\"Barrsell End\u00fcstri Makine\",\"description\":\"Teknolojiyle G\u00fc\u00e7lenen End\u00fcstriyel \u00c7\u00f6z\u00fcmler!\",\"potentialAction\":[{\"@type\":\"SearchAction\",\"target\":{\"@type\":\"EntryPoint\",\"urlTemplate\":\"https:\/\/barrsell.com\/?s={search_term_string}\"},\"query-input\":\"required name=search_term_string\"}],\"inLanguage\":\"en-US\"}]}<\/script>\n<!-- \/ Yoast SEO Premium plugin. -->","yoast_head_json":{"title":"Bio Sauna | Barrsell End\u00fcstri","robots":{"index":"index","follow":"follow","max-snippet":"max-snippet:-1","max-image-preview":"max-image-preview:large","max-video-preview":"max-video-preview:-1"},"canonical":"https:\/\/barrsell.com\/en\/bio-sauna\/","og_locale":"en_US","og_type":"article","og_title":"Bio Sauna","og_description":"BRS Bio Sauna \u2013 \u0130malattan Montaja Anahtar Teslim \u00c7\u00f6z\u00fcmler.\u201d Bio Sauna, klasik Fin saunas\u0131n\u0131n yo\u011fun s\u0131cakl\u0131\u011f\u0131n\u0131 yumu\u015fatarak daha d\u00fc\u015f\u00fck \u0131s\u0131da","og_url":"https:\/\/barrsell.com\/en\/bio-sauna\/","og_site_name":"Barrsell","article_modified_time":"2025-08-29T11:42:21+00:00","og_image":[{"width":1200,"height":1200,"url":"https:\/\/barrsell.com\/wp-content\/uploads\/2024\/09\/3-kisilik-infrared-sauna.png","type":"image\/png"}],"twitter_card":"summary_large_image","twitter_misc":{"Est. reading time":"2 minutes"},"schema":{"@context":"https:\/\/schema.org","@graph":[{"@type":"WebPage","@id":"https:\/\/barrsell.com\/bio-sauna\/","url":"https:\/\/barrsell.com\/bio-sauna\/","name":"Bio Sauna | Barrsell End\u00fcstri","isPartOf":{"@id":"https:\/\/barrsell.com\/#website"},"primaryImageOfPage":{"@id":"https:\/\/barrsell.com\/bio-sauna\/#primaryimage"},"image":{"@id":"https:\/\/barrsell.com\/bio-sauna\/#primaryimage"},"thumbnailUrl":"https:\/\/barrsell.com\/wp-content\/uploads\/2024\/09\/3-kisilik-infrared-sauna.png","datePublished":"2025-08-29T10:27:30+00:00","dateModified":"2025-08-29T11:42:21+00:00","breadcrumb":{"@id":"https:\/\/barrsell.com\/bio-sauna\/#breadcrumb"},"inLanguage":"en-US","potentialAction":[{"@type":"ReadAction","target":["https:\/\/barrsell.com\/bio-sauna\/"]}]},{"@type":"ImageObject","inLanguage":"en-US","@id":"https:\/\/barrsell.com\/bio-sauna\/#primaryimage","url":"https:\/\/barrsell.com\/wp-content\/uploads\/2024\/09\/3-kisilik-infrared-sauna.png","contentUrl":"https:\/\/barrsell.com\/wp-content\/uploads\/2024\/09\/3-kisilik-infrared-sauna.png","width":1200,"height":1200,"caption":"3 ki\u015filik infrared sauna"},{"@type":"BreadcrumbList","@id":"https:\/\/barrsell.com\/bio-sauna\/#breadcrumb","itemListElement":[{"@type":"ListItem","position":1,"name":"Home","item":"https:\/\/barrsell.com\/"},{"@type":"ListItem","position":2,"name":"Bio Sauna"}]},{"@type":"WebSite","@id":"https:\/\/barrsell.com\/#website","url":"https:\/\/barrsell.com\/","name":"Barrsell End\u00fcstri Makine","description":"Teknolojiyle G\u00fc\u00e7lenen End\u00fcstriyel \u00c7\u00f6z\u00fcmler!","potentialAction":[{"@type":"SearchAction","target":{"@type":"EntryPoint","urlTemplate":"https:\/\/barrsell.com\/?s={search_term_string}"},"query-input":"required name=search_term_string"}],"inLanguage":"en-US"}]}},"_links":{"self":[{"href":"https:\/\/barrsell.com\/en\/wp-json\/wp\/v2\/pages\/22697","targetHints":{"allow":["GET"]}}],"collection":[{"href":"https:\/\/barrsell.com\/en\/wp-json\/wp\/v2\/pages"}],"about":[{"href":"https:\/\/barrsell.com\/en\/wp-json\/wp\/v2\/types\/page"}],"author":[{"embeddable":true,"href":"https:\/\/barrsell.com\/en\/wp-json\/wp\/v2\/users\/1"}],"replies":[{"embeddable":true,"href":"https:\/\/barrsell.com\/en\/wp-json\/wp\/v2\/comments?post=22697"}],"version-history":[{"count":25,"href":"https:\/\/barrsell.com\/en\/wp-json\/wp\/v2\/pages\/22697\/revisions"}],"predecessor-version":[{"id":22736,"href":"https:\/\/barrsell.com\/en\/wp-json\/wp\/v2\/pages\/22697\/revisions\/22736"}],"wp:featuredmedia":[{"embeddable":true,"href":"https:\/\/barrsell.com\/en\/wp-json\/wp\/v2\/media\/14251"}],"wp:attachment":[{"href":"https:\/\/barrsell.com\/en\/wp-json\/wp\/v2\/media?parent=22697"}],"curies":[{"name":"wp","href":"https:\/\/api.w.org\/{rel}","templated":true}]}}